{"id":2680,"date":"2024-11-06T09:47:09","date_gmt":"2024-11-06T09:47:09","guid":{"rendered":"https:\/\/rmvapesale.com\/?post_type=product&#038;p=2680"},"modified":"2024-11-07T08:24:43","modified_gmt":"2024-11-07T08:24:43","slug":"vopk-ultra-30000-puffs-double-flavor-digital-screen-rechargeable-disposable-vapes","status":"publish","type":"product","link":"https:\/\/rmvapesale.com\/lv\/product\/vopk-ultra-30000-puffs-double-flavor-digital-screen-rechargeable-disposable-vapes\/","title":{"rendered":"VOPK ULTRA 30000 dvesmas, divk\u0101r\u0161s arom\u0101ts, digit\u0101lais ekr\u0101ns, atk\u0101rtoti uzl\u0101d\u0113jami vienreiz\u0113j\u0101s lieto\u0161anas vape"},"content":{"rendered":"<div class=\"B2VR9 CJHX3e\">\n<div class=\"wyccme\">\n<h1 class=\"LC20lb MBeuO DKV0Md\">VOPK ULTRA 30000 dvesmas, divk\u0101r\u0161s arom\u0101ts, digit\u0101lais ekr\u0101ns, atk\u0101rtoti uzl\u0101d\u0113jami vienreiz\u0113j\u0101s lieto\u0161anas vape<\/h1>\n<div class=\"flex-shrink-0 flex flex-col relative items-end\">\n<div class=\"pt-0\">\n<div class=\"gizmo-bot-avatar flex h-8 w-8 items-center justify-center overflow-hidden rounded-full\">\n<div class=\"relative p-1 rounded-sm flex items-center justify-center bg-token-main-surface-primary text-token-text-primary h-8 w-8\">\n<p>\u0160is <strong>VOPK ULTRA 30000 dvesmas, divk\u0101r\u0161s arom\u0101ts, digit\u0101lais ekr\u0101ns, atk\u0101rtoti uzl\u0101d\u0113jami vienreiz\u0113j\u0101s lieto\u0161anas vape<\/strong> ir augstas kvalit\u0101tes vaping ier\u012bce, kas paredz\u0113ta tiem, kas mekl\u0113 jaud\u012bgu, ilgsto\u0161u lieto\u0161anas iesp\u0113ju. Ar milz\u012bgu <strong>30 000 uzp\u016btienu<\/strong> un iev\u0113rojamu <strong>36ml e-\u0161\u0137idruma ietilp\u012bba<\/strong>, \u0161\u012b ier\u012bce nodro\u0161ina gludu un ilgu vaping pieredzi. Ide\u0101li piem\u0113rota gan entuziastiem, gan ies\u0101c\u0113jiem, \u0161\u012b <strong>vienreizlietojam\u0101 vape pildspalva<\/strong> ir izstr\u0101d\u0101ta, lai nodro\u0161in\u0101tu maksim\u0101lu \u0113rt\u012bbu un stilu.<\/p>\n<p>Apr\u012bkots ar <strong>divu re\u017e\u0123a spir\u0101les<\/strong> sp\u0113c\u012bgas gar\u0161as nodro\u0161in\u0101\u0161anai, <strong>VOPK Ultra 30000<\/strong> ra\u017eo biezas, apmierino\u0161as m\u0101ko\u0146us, kas uzlabo katru p\u016btienu. Integr\u0113tais <strong>viedais displejs ar sk\u0101rienekr\u0101nu<\/strong> sniedz lietot\u0101jiem vieglu piek\u013cuvi b\u016btiskai ier\u012bces inform\u0101cijai, \u013caujot \u0101tri piel\u0101got divus pieejamos vaping re\u017e\u012bmus, lai ieg\u016btu piln\u012bb\u0101 personaliz\u0113tu pieredzi.<\/p>\n<p>Uzl\u0101d\u0113\u0161ana ir \u0101tra un efekt\u012bva pateicoties t\u0101s <strong>C tipa uzl\u0101d\u0113jama<\/strong> izstr\u0101dei, un ar <strong>5% nikot\u012bna<\/strong> saturs, katrs p\u016btiens sniedz gludu un apmierino\u0161u triecienu, ko nov\u0113rt\u0113 vapers. \u0160\u012b ier\u012bce ir ar\u012b lieliska izv\u0113le tiem, kas v\u0113las <strong>vairumtirdzniec\u012bba<\/strong> vai izp\u0113t\u012bt <strong>veipu vairumtirdzniec\u012bbai<\/strong> iesp\u0113jas, apmierinot ikvienu, kur\u0161 v\u0113rt\u0113 kvalit\u0101ti un pieejam\u012bbu vaping ier\u012bc\u0113s.<\/p>\n<p>Neatkar\u012bgi no t\u0101, vai j\u016bs interes\u0113 <strong>popul\u0101ri vienreiz\u0113j\u0101s lieto\u0161anas iztvaic\u0113t\u0101ju z\u012bmoli<\/strong> vai uzticams <strong>vienreiz\u0113j\u0101s lieto\u0161anas e-cigarete ar zemu nikot\u012bna saturu<\/strong> izv\u0113le, tas <strong>VOPK Ultra 30000<\/strong> pied\u0101v\u0101 jaud\u012bgu jaudas, gar\u0161as un \u0113rt\u012bbas kombin\u0101ciju, padarot to par popul\u0101ru izv\u0113li vaperiem vis\u0101 tirg\u016b.<\/p>\n<p>&nbsp;<\/p>\n<\/div>\n<\/div>\n<\/div>\n<\/div>\n<\/div>\n<\/div>\n<p><strong>Sazinieties ar Eimiju, lai ieg\u016btu pareizo atbildi un veipu kuponu!<\/strong><\/p>\n<p><img loading=\"lazy\" decoding=\"async\" class=\"size-full wp-image-1978\" src=\"https:\/\/rmvapesale.com\/wp-content\/uploads\/2024\/09\/Disposable-Vape-Wholesale.jpg\" alt=\"Vienreiz\u0113jais vape vairumtirdzniec\u012bba\" width=\"229\" height=\"300\" \/><\/p>\n<h3><a href=\"https:\/\/wa.me\/8617776015835\" target=\"_blank\" rel=\"noopener\"><span style=\"color: #ff0000\"><strong>WhatsApp: +86 17776015835<\/strong><\/span><\/a><\/h3>\n<p>&nbsp;<\/p>\n<h2><\/h2>\n<h2><strong>VOPK ULTRA 30000 Digit\u0101lais ekr\u0101ns Uzl\u0101d\u0113jamas Vienreizlietojam\u0101s Vape <\/strong><strong>Galven\u0101s iez\u012bmes<\/strong><\/h2>\n<p>Z\u012bmols: Vopk<br \/>\nMode\u013ca nosaukums: Vopk Ultra 30000<br \/>\n30 000 p\u016btienu ilg\u0101kai lieto\u0161anai<br \/>\n36ML E-\u0161\u0137idruma ietilp\u012bba maz\u0101k\u0101m uzpild\u0113m un ilg\u0101kai baud\u012b\u0161anai<br \/>\nDubult\u0101 re\u017e\u0123a sild\u012bt\u0101js intens\u012bvai gar\u0161ai un biez\u0101m m\u0101ko\u0146iem<br \/>\nGudrs displejs ar sk\u0101rienekr\u0101nu \u0113rtai iestat\u012bjumu p\u0101rvald\u012bbai<br \/>\nDivi re\u017e\u012bmi, lai piel\u0101gotu savu vaping pieredzi<br \/>\nType-C Uzl\u0101d\u0113jams \u0101trai un efekt\u012bvai uzl\u0101dei<br \/>\n5% Nikot\u012bns, lai katr\u0101 p\u016btien\u0101 sniegtu apmierino\u0161u efektu<\/p>\n<p>&nbsp;<\/p>\n<h2><strong>Augst\u0101k\u0101 gar\u0161a VOPK ULTRA 30000 Digit\u0101lais ekr\u0101ns Uzl\u0101d\u0113jamas Vienreizlietojam\u0101s Vape<\/strong><\/h2>\n<p>1. Zemenes Arb\u016bzs + Kivi Passion Fruit Guava <span style=\"color: #ff0000\"><strong>&gt;&gt;&gt;&gt; Karsti!<\/strong><\/span><br \/>\n2. Mellenes Rabarbers + Persiks Mango Arb\u016bzs<br \/>\n3. Zilais Razz Gummy Bear + Zeme\u0146u Kivi <span style=\"color: #ff0000\"><strong>&gt;&gt;&gt;&gt; Karsti!<\/strong><\/span><br \/>\n4. Zilais Razz \u0137irsis + Zeme\u0146u Rabarbers<br \/>\n5. G\u0101z\u0113ta Citronu &amp; Laima + Arb\u016bzs svaiga piparm\u0113tra<br \/>\n6. Arb\u016bza ledus + Zilais Razz ledus <span style=\"color: #ff0000\"><strong>&gt;&gt;&gt;&gt; Viss lab\u0101kais!<\/strong><\/span><br \/>\n7. Zilais Razz Anan\u0101s + Tr\u012bsk\u0101r\u0161ais Mango<br \/>\n8. V\u012bnogu ogu spr\u0101dziens + bumbieris \u0100bols Rabarbers<br \/>\n9. Zeme\u0146u Cranberry \u010cerry + Anan\u0101su Passion Limon\u0101de<br \/>\n10. Mellenes Zeme\u0146u Mentols + Melle\u0146u Rabarberu Mentols<\/p>\n<p>&nbsp;<\/p>\n<figure id=\"attachment_2687\" aria-describedby=\"caption-attachment-2687\" style=\"width: 1000px\" class=\"wp-caption alignnone\"><img loading=\"lazy\" decoding=\"async\" class=\"wp-image-2687 size-full\" src=\"https:\/\/rmvapesale.com\/wp-content\/uploads\/2024\/11\/VOPK-ULTRA-30000-Puffs-Digital-ScreenRechargeable-Disposable-Vapes.jpg\" alt=\"VOPK ULTRA 30000 P\u016b\u0161\u013ci Digit\u0101lais ekr\u0101ns Uzl\u0101d\u0113jamas Vienreiz\u0113j\u0101s Vape\" width=\"1000\" height=\"1000\" srcset=\"https:\/\/rmvapesale.com\/wp-content\/uploads\/2024\/11\/VOPK-ULTRA-30000-Puffs-Digital-ScreenRechargeable-Disposable-Vapes.jpg 1000w, https:\/\/rmvapesale.com\/wp-content\/uploads\/2024\/11\/VOPK-ULTRA-30000-Puffs-Digital-ScreenRechargeable-Disposable-Vapes-300x300.jpg 300w, https:\/\/rmvapesale.com\/wp-content\/uploads\/2024\/11\/VOPK-ULTRA-30000-Puffs-Digital-ScreenRechargeable-Disposable-Vapes-150x150.jpg 150w, https:\/\/rmvapesale.com\/wp-content\/uploads\/2024\/11\/VOPK-ULTRA-30000-Puffs-Digital-ScreenRechargeable-Disposable-Vapes-768x768.jpg 768w, https:\/\/rmvapesale.com\/wp-content\/uploads\/2024\/11\/VOPK-ULTRA-30000-Puffs-Digital-ScreenRechargeable-Disposable-Vapes-600x600.jpg 600w, https:\/\/rmvapesale.com\/wp-content\/uploads\/2024\/11\/VOPK-ULTRA-30000-Puffs-Digital-ScreenRechargeable-Disposable-Vapes-100x100.jpg 100w\" sizes=\"auto, (max-width: 1000px) 100vw, 1000px\" \/><figcaption id=\"caption-attachment-2687\" class=\"wp-caption-text\">VOPK ULTRA 30000 P\u016b\u0161\u013ci Digit\u0101lais ekr\u0101ns Uzl\u0101d\u0113jamas Vienreiz\u0113j\u0101s Vape<\/figcaption><\/figure>\n<h3><strong>K\u0101p\u0113c izv\u0113l\u0113ties Rmvapesale priek\u0161 VOPK <\/strong><strong>cURL Too many subrequests.<\/strong><strong>ape Vairumtirdzniec\u012bba<\/strong><strong>?<\/strong><\/h3>\n<div class=\"flex-shrink-0 flex flex-col relative items-end\">\n<div class=\"pt-0\">\n<div class=\"gizmo-bot-avatar flex h-8 w-8 items-center justify-center overflow-hidden rounded-full\">\n<div class=\"relative p-1 rounded-sm flex items-center justify-center bg-token-main-surface-primary text-token-text-primary h-8 w-8\">\n<p>Laipni l\u016bdzam Rmvapesale, j\u016bsu uzticamaj\u0101 tvaiku veikal\u0101, kur\u0101 ir pieejami augst\u0101k\u0101s kvalit\u0101tes vienreizlietojamie tvaiki. Ar vair\u0101k nek\u0101 5 gadu pieredzi m\u0113s pied\u0101v\u0101jam jums t\u0101dus popul\u0101rus vienreizlietojamo tvaiku z\u012bmolus k\u0101 Al Fakher, <a href=\"https:\/\/rmvapesale.com\/lv\/product\/vapme-crystal-7000-puffs-rechargeable-disposable-vape-price\/\">Vapme<\/a>, <a href=\"https:\/\/rmvapesale.com\/lv\/product-category\/bang-vapes\/\">Bang Vape<\/a>, Waspe, <a href=\"https:\/\/rmvapesale.com\/lv\/product\/wga-crystal-pro-max-extra-15k-puffs-disposable-vape-wholesale\/\">WGA<\/a> Vape un<a href=\"https:\/\/rmvapesale.com\/lv\/product-category\/randm-fumot-vape\/\"> RandM Vape<\/a>.<\/p>\n<p>M\u016bsu kl\u0101st\u0101 ir t\u0101di popul\u0101ri tvaiki k\u0101 <a href=\"https:\/\/rmvapesale.com\/lv\/product\/fumot-digital-box-12000-disposable-vape-pink-lemonade-flavor\/\">RandM 12k<\/a> un gar\u0161\u0101m bag\u0101tas izv\u0113les, piem\u0113ram, <a href=\"https:\/\/rmvapesale.com\/lv\/product\/elfbar-combo-25000-puffs-rechargeable-disposable-vape-wholesale\/\">ELFBAR Kombin\u0101cija 25000 Dvesmas<\/a>. Katrs produkts tiek izv\u0113l\u0113ts, piev\u0113r\u0161ot uzman\u012bbu kvalit\u0101tei, v\u0113rt\u012bbai un daudzveid\u012bbai, nodro\u0161inot, ka j\u016bs atrad\u012bsiet sev piem\u0113rot\u0101ko. Atkl\u0101jiet izcilu servisu un pla\u0161u augst\u0101k\u0101s klases produktu kl\u0101stu Rmvapesale.<\/p>\n<\/div>\n<h3><\/h3>\n<div class=\"relative p-1 rounded-sm flex items-center justify-center bg-token-main-surface-primary text-token-text-primary h-8 w-8\">\n<h3><b>VOPK 30000 Digit\u0101lais ekr\u0101ns Uzl\u0101d\u0113jamas Vienreiz\u0113j\u0101s Vape BUJ<\/b><\/h3>\n<\/div>\n<p><strong>J: K\u0101 es zinu, kad mana VOPK ULTRA 30000 Digit\u0101lais ekr\u0101ns Uzl\u0101d\u0113jamas Vienreiz\u0113j\u0101s Vape ir tuk\u0161a?<\/strong><br \/>\nVOPK ULTRA 30000 ir apr\u012bkots ar gudru digit\u0101lo ekr\u0101nu, kas r\u0101da e-\u0161\u0137idruma l\u012bmeni, \u013caujot viegli redz\u0113t, kad vape ir gandr\u012bz tuk\u0161a. Kad e-\u0161\u0137idruma displejs r\u0101da, ka tas ir tuvu beig\u0101m vai j\u016bs paman\u0101t samazin\u0101tu tvaika un gar\u0161as kvalit\u0101ti, ir laiks nomain\u012bt ier\u012bci.<\/p>\n<p><strong>J: Cik ilgi ir nepiecie\u0161ams uzl\u0101d\u0113t VOPK ULTRA 30000 P\u016b\u0161\u013cus?<\/strong><br \/>\nVOPK ULTRA 30000 ir izstr\u0101d\u0101ts ar Type-C \u0101tr\u0101s uzl\u0101des funkciju, kas \u013cauj piln\u012bb\u0101 uzl\u0101d\u0113t to aptuveni 1-1,5 stund\u0101s.<\/p>\n<p><strong>J: Cik nikot\u012bna ir VOPK ULTRA 30000 Puffs vienreiz\u0113j\u0101 vape?<\/strong><br \/>\n\u0160is vape satur 5% (50 mg) nikot\u012bna stipr\u012bbu, nodro\u0161inot gludu un apmierino\u0161u ieelpu katr\u0101 p\u016bsl\u012b.<\/p>\n<p><strong>J: Kur es varu ieg\u0101d\u0101ties VOPK ULTRA 30000 Puffs uzl\u0101d\u0113jamas vienreiz\u0113j\u0101s vape par vairumtirdzniec\u012bbas cenu?<\/strong><br \/>\nLai veiktu lielapjoma pirkumus un sa\u0146emtu vairumtirdzniec\u012bbas cenas, daudzi vape pieg\u0101d\u0101t\u0101ji pied\u0101v\u0101 VOPK ULTRA 30000. J\u016bs varat apskat\u012bt tie\u0161saistes vairumtirdzniec\u012bbas vape veikalus vai sazin\u0101ties ar <strong>vape vairumtirdzniec\u012bbas izplat\u012bt\u0101jiem<\/strong> lai ieg\u016btu lab\u0101k\u0101s cenas.<\/p>\n<p><strong>Q: Vai es varu l\u012bdzi pa\u0146emt uzl\u0101d\u0113jamu vienreizlietojamu vape lidma\u0161\u012bn\u0101?<\/strong><br \/>\nJ\u0101, j\u016bs varat \u0146emt l\u012bdzi uzl\u0101d\u0113jamas vienreiz\u0113j\u0101s vape, piem\u0113ram, VOPK ULTRA 30000, lidma\u0161\u012bn\u0101, ta\u010du t\u0101s ir j\u0101iepako j\u016bsu rokas bag\u0101\u017e\u0101, jo litija akumulatori parasti nav at\u013cauti re\u0123istr\u0113taj\u0101 bag\u0101\u017e\u0101. P\u0101rliecinieties, ka p\u0101rbaud\u0101t konkr\u0113tas aviokomp\u0101nijas politiku, jo t\u0101 var at\u0161\u0137irties.<\/p>\n<p><strong>J: Cik p\u016b\u0161u nodro\u0161ina VOPK 30000 Digit\u0101l\u0101 Ekr\u0101na Uzl\u0101d\u0113jama Vienreiz\u0113j\u0101 Vape?<\/strong><br \/>\nVOPK 30000 pied\u0101v\u0101 ilgu darb\u012bbas laiku l\u012bdz <strong>30 000 uzp\u016btienu<\/strong>.<\/p>\n<p><strong>J: Cik ilgi ir nepiecie\u0161ams uzl\u0101d\u0113t VOPK 30000 vape piln\u012bb\u0101?<\/strong><br \/>\nAr Type-C uzl\u0101di VOPK 30000 parasti sasniedz pilnu uzl\u0101di aptuveni <strong>1-1,5 stund\u0101s<\/strong>.<\/p>\n<\/div>\n<\/div>\n<\/div>\n<h3>Par s\u016bt\u012bjumu<\/h3>\n<div class=\"flex-shrink-0 flex flex-col relative items-end\">\n<div>\n<div class=\"pt-0\">\n<div class=\"gizmo-bot-avatar flex h-8 w-8 items-center justify-center overflow-hidden rounded-full\">\n<div><\/div>\n<div class=\"relative p-1 rounded-sm flex items-center justify-center bg-token-main-surface-primary text-token-text-primary h-8 w-8\"><strong>1. K\u0101das pieg\u0101des metodes tiek izmantotas?<\/strong><\/div>\n<\/div>\n<\/div>\n<\/div>\n<\/div>\n<div class=\"group\/conversation-turn relative flex w-full min-w-0 flex-col agent-turn\">\n<div class=\"flex-col gap-1 md:gap-3\">\n<div class=\"flex max-w-full flex-col flex-grow\">\n<div class=\"min-h-[20px] text-message flex w-full flex-col items-end gap-2 whitespace-normal break-words [.text-message+&amp;]:mt-5 overflow-x-auto\" dir=\"auto\" data-message-author-role=\"assistant\" data-message-id=\"22f8283b-3233-46ff-89a5-c7a41b33abda\">\n<div class=\"flex w-full flex-col gap-1 empty:hidden first:pt-[3px]\">\n<div class=\"markdown prose w-full break-words dark:prose-invert light\">\n<p>M\u0113s sadarbojamies ar UPS, DHL, FedEx, DPD un citiem vado\u0161ajiem p\u0101rvad\u0101t\u0101jiem. M\u0113s izv\u0113l\u0113simies lab\u0101ko pieg\u0101des veidu, pamatojoties uz j\u016bsu pieg\u0101des vietu, lai nodro\u0161in\u0101tu, ka j\u016bs sa\u0146emat savus produktus p\u0113c iesp\u0113jas \u0101tr\u0101k.<\/p>\n<\/div>\n<p><strong>2. Cik ilgs laiks paiet, l\u012bdz tas pien\u0101k?<\/strong><\/p>\n<p>Pieg\u0101des uz Latviju parasti ierodas 10 darba dienu laik\u0101. Pieg\u0101de uz Eiropas valst\u012bm parasti aiz\u0146em apm\u0113ram 12-15 darba dienas. M\u0113s nodro\u0161in\u0101sim re\u0101llaika atjaunin\u0101jumus par j\u016bsu pieg\u0101des statusu.<\/p>\n<\/div>\n<\/div>\n<\/div>\n<\/div>\n<\/div>\n<p>&nbsp;<\/p>\n<p>Atrodiet vair\u0101k Vape produktu, kas jums var\u0113tu patikt:<strong><em><a href=\"https:\/\/rmvapesale.com\/lv\/shop-2\/\">iepirkties tagad &gt;&gt;&gt;<\/a><\/em><\/strong><\/p>","protected":false},"excerpt":{"rendered":"<p>VOPK ULTRA 30000 Puffs Dubult\u0101 Gar\u0161a Digit\u0101lais Ekr\u0101ns Zema Nikot\u012bna Vienreizlietojami Vape<br \/>\nVOPK 30000 Puffs Partijas Pirkums Vairumtirdzniec\u012bba Uzl\u0101d\u0113jams Vienreizlietojams Vape Pods<br \/>\nVOPK ULTRA 30000 Puffs Dubult\u0101 Gar\u0161a Vienreizlietojams Vape Pildspalva<\/p>\n<p><img loading=\"lazy\" decoding=\"async\" class=\"size-full wp-image-2375\" src=\"https:\/\/rmvapesale.com\/wp-content\/uploads\/2024\/10\/image.png\" alt=\"Lab\u0101kais vienreiz\u0113jais vape\" width=\"229\" height=\"300\" \/><\/p>\n<h3><a href=\"https:\/\/wa.me\/8617776015835\"><span style=\"color: #ff0000\"><strong>WhatsApp: +86 17776015835<\/strong><\/span><\/a><\/h3>\n<p>&nbsp;<\/p>","protected":false},"featured_media":2682,"comment_status":"open","ping_status":"closed","template":"","meta":{"_uag_custom_page_level_css":"","_lmt_disableupdate":"no","_lmt_disable":"","site-sidebar-layout":"default","site-content-layout":"content-boxed-container","ast-site-content-layout":"normal-width-container","site-content-style":"boxed","site-sidebar-style":"unboxed","ast-global-header-display":"","ast-banner-title-visibility":"","ast-main-header-display":"","ast-hfb-above-header-display":"","ast-hfb-below-header-display":"","ast-hfb-mobile-header-display":"","site-post-title":"","ast-breadcrumbs-content":"","ast-featured-img":"","footer-sml-layout":"","theme-transparent-header-meta":"default","adv-header-id-meta":"","stick-header-meta":"","header-above-stick-meta":"","header-main-stick-meta":"","header-below-stick-meta":"","astra-migrate-meta-layouts":"set","ast-page-background-enabled":"default","ast-page-background-meta":{"desktop":{"background-color":"var(--ast-global-color-4)","background-image":"","background-repeat":"repeat","background-position":"center center","background-size":"auto","background-attachment":"scroll","background-type":"","background-media":"","overlay-type":"","overlay-color":"","overlay-opacity":"","overlay-gradient":""},"tablet":{"background-color":"","background-image":"","background-repeat":"repeat","background-position":"center center","background-size":"auto","background-attachment":"scroll","background-type":"","background-media":"","overlay-type":"","overlay-color":"","overlay-opacity":"","overlay-gradient":""},"mobile":{"background-color":"","background-image":"","background-repeat":"repeat","background-position":"center center","background-size":"auto","background-attachment":"scroll","background-type":"","background-media":"","overlay-type":"","overlay-color":"","overlay-opacity":"","overlay-gradient":""}},"ast-content-background-meta":{"desktop":{"background-color":"var(--ast-global-color-5)","background-image":"","background-repeat":"repeat","background-position":"center center","background-size":"auto","background-attachment":"scroll","background-type":"","background-media":"","overlay-type":"","overlay-color":"","overlay-opacity":"","overlay-gradient":""},"tablet":{"background-color":"var(--ast-global-color-5)","background-image":"","background-repeat":"repeat","background-position":"center center","background-size":"auto","background-attachment":"scroll","background-type":"","background-media":"","overlay-type":"","overlay-color":"","overlay-opacity":"","overlay-gradient":""},"mobile":{"background-color":"var(--ast-global-color-5)","background-image":"","background-repeat":"repeat","background-position":"center center","background-size":"auto","background-attachment":"scroll","background-type":"","background-media":"","overlay-type":"","overlay-color":"","overlay-opacity":"","overlay-gradient":""}},"_joinchat":[]},"product_brand":[],"product_cat":[15,25,123,26,28,135,27,137,136,30],"product_tag":[146,188,200,167,127,180,120],"class_list":{"0":"post-2680","1":"product","2":"type-product","3":"status-publish","4":"has-post-thumbnail","6":"product_cat-new-vape-this-week","7":"product_cat-germany-best-selling-vape","8":"product_cat-italy-wholesale-vape","9":"product_cat-netherlands-hot-sale-vape","10":"product_cat-poland-hot-sale-vape","11":"product_cat-spain-best-hot-sale-vape","12":"product_cat-fance-hot-sale-vape","13":"product_cat-rechargeable-vapes","14":"product_cat-smart-screen-vapes","15":"product_cat-minimum-order-quantity-50pcs","16":"product_tag-best-hot-sale-vape","17":"product_tag-buy-vapes-online","18":"product_tag-disposable-hookah-wholesale","19":"product_tag-disposable-vape-with-screen","20":"product_tag-puff-30k","21":"product_tag-shisha-bar","22":"product_tag-vape-wholesale","23":"desktop-align-left","24":"tablet-align-left","25":"mobile-align-left","27":"first","28":"instock","29":"sale","30":"shipping-taxable","31":"purchasable","32":"product-type-simple"},"uagb_featured_image_src":{"full":["https:\/\/rmvapesale.com\/wp-content\/uploads\/2024\/11\/VOPK-ULTRA-30000-Double-Flavor-Digital-Disposable-Vapes-Pen-Wholesale.jpg",800,800,false],"thumbnail":["https:\/\/rmvapesale.com\/wp-content\/uploads\/2024\/11\/VOPK-ULTRA-30000-Double-Flavor-Digital-Disposable-Vapes-Pen-Wholesale-150x150.jpg",150,150,true],"medium":["https:\/\/rmvapesale.com\/wp-content\/uploads\/2024\/11\/VOPK-ULTRA-30000-Double-Flavor-Digital-Disposable-Vapes-Pen-Wholesale-300x300.jpg",300,300,true],"medium_large":["https:\/\/rmvapesale.com\/wp-content\/uploads\/2024\/11\/VOPK-ULTRA-30000-Double-Flavor-Digital-Disposable-Vapes-Pen-Wholesale-768x768.jpg",768,768,true],"large":["https:\/\/rmvapesale.com\/wp-content\/uploads\/2024\/11\/VOPK-ULTRA-30000-Double-Flavor-Digital-Disposable-Vapes-Pen-Wholesale.jpg",800,800,false],"1536x1536":["https:\/\/rmvapesale.com\/wp-content\/uploads\/2024\/11\/VOPK-ULTRA-30000-Double-Flavor-Digital-Disposable-Vapes-Pen-Wholesale.jpg",800,800,false],"2048x2048":["https:\/\/rmvapesale.com\/wp-content\/uploads\/2024\/11\/VOPK-ULTRA-30000-Double-Flavor-Digital-Disposable-Vapes-Pen-Wholesale.jpg",800,800,false],"trp-custom-language-flag":["https:\/\/rmvapesale.com\/wp-content\/uploads\/2024\/11\/VOPK-ULTRA-30000-Double-Flavor-Digital-Disposable-Vapes-Pen-Wholesale.jpg",12,12,false],"woocommerce_thumbnail":["https:\/\/rmvapesale.com\/wp-content\/uploads\/2024\/11\/VOPK-ULTRA-30000-Double-Flavor-Digital-Disposable-Vapes-Pen-Wholesale-300x300.jpg",300,300,true],"woocommerce_single":["https:\/\/rmvapesale.com\/wp-content\/uploads\/2024\/11\/VOPK-ULTRA-30000-Double-Flavor-Digital-Disposable-Vapes-Pen-Wholesale-600x600.jpg",600,600,true],"woocommerce_gallery_thumbnail":["https:\/\/rmvapesale.com\/wp-content\/uploads\/2024\/11\/VOPK-ULTRA-30000-Double-Flavor-Digital-Disposable-Vapes-Pen-Wholesale-100x100.jpg",100,100,true],"wcpr-photo-reviews":["https:\/\/rmvapesale.com\/wp-content\/uploads\/2024\/11\/VOPK-ULTRA-30000-Double-Flavor-Digital-Disposable-Vapes-Pen-Wholesale.jpg",500,500,false]},"uagb_author_info":{"display_name":"AMY","author_link":"https:\/\/rmvapesale.com\/lv\/author\/"},"uagb_comment_info":0,"uagb_excerpt":"VOPK ULTRA 30000 Puffs Double Flavor Digital Screen Low Nicotine Disposable Vapes VOPK 30000 Puffs Bulk Buy Wholesale Rechargeable Disposable Vapes Pod VOPK ULTRA 30000 Puffs Double Flavor Disposable Vapes Pen WhatsApp: +86 17776015835 &nbsp;","_links":{"self":[{"href":"https:\/\/rmvapesale.com\/lv\/wp-json\/wp\/v2\/product\/2680","targetHints":{"allow":["GET"]}}],"collection":[{"href":"https:\/\/rmvapesale.com\/lv\/wp-json\/wp\/v2\/product"}],"about":[{"href":"https:\/\/rmvapesale.com\/lv\/wp-json\/wp\/v2\/types\/product"}],"replies":[{"embeddable":true,"href":"https:\/\/rmvapesale.com\/lv\/wp-json\/wp\/v2\/comments?post=2680"}],"wp:featuredmedia":[{"embeddable":true,"href":"https:\/\/rmvapesale.com\/lv\/wp-json\/wp\/v2\/media\/2682"}],"wp:attachment":[{"href":"https:\/\/rmvapesale.com\/lv\/wp-json\/wp\/v2\/media?parent=2680"}],"wp:term":[{"taxonomy":"product_brand","embeddable":true,"href":"https:\/\/rmvapesale.com\/lv\/wp-json\/wp\/v2\/product_brand?post=2680"},{"taxonomy":"product_cat","embeddable":true,"href":"https:\/\/rmvapesale.com\/lv\/wp-json\/wp\/v2\/product_cat?post=2680"},{"taxonomy":"product_tag","embeddable":true,"href":"https:\/\/rmvapesale.com\/lv\/wp-json\/wp\/v2\/product_tag?post=2680"}],"curies":[{"name":"wp","href":"https:\/\/api.w.org\/{rel}","templated":true}]}}