{"id":2702,"date":"2024-11-08T07:20:19","date_gmt":"2024-11-08T07:20:19","guid":{"rendered":"https:\/\/rmvapesale.com\/?post_type=product&#038;p=2702"},"modified":"2024-11-08T07:51:08","modified_gmt":"2024-11-08T07:51:08","slug":"bang-king-shisha-25000-crown-bar-rechargeable-disposable-vape","status":"publish","type":"product","link":"https:\/\/rmvapesale.com\/lv\/product\/bang-king-shisha-25000-crown-bar-rechargeable-disposable-vape\/","title":{"rendered":"Bang King Shisha 25000 Crown Bar uzl\u0101d\u0113jams vienreiz\u0113j\u0101s lieto\u0161anas vape"},"content":{"rendered":"<div class=\"B2VR9 CJHX3e\">\n<div class=\"wyccme\">\n<h1 class=\"LC20lb MBeuO DKV0Md\">Bang King Shisha 25000 Crown Bar uzl\u0101d\u0113jams vienreiz\u0113j\u0101s lieto\u0161anas vape<\/h1>\n<div class=\"flex-shrink-0 flex flex-col relative items-end\">\n<div class=\"pt-0\">\n<div class=\"gizmo-bot-avatar flex h-8 w-8 items-center justify-center overflow-hidden rounded-full\">\n<div class=\"relative p-1 rounded-sm flex items-center justify-center bg-token-main-surface-primary text-token-text-primary h-8 w-8\">\n<p>Gatavojieties pacelt savu vape sp\u0113li ar <strong>Bang King Shisha 25000 Kronu B\u0101rs<\/strong>\u2014gal\u012bgais uzl\u0101d\u0113jams vienreiz\u0113jais vape no <strong>popul\u0101ri vienreiz\u0113j\u0101s lieto\u0161anas iztvaic\u0113t\u0101ju z\u012bmoli <\/strong><strong>Bang Vape<\/strong>. \u0160is ier\u012bce nav tikai priek\u0161 vape; tas ir priek\u0161 katras p\u016btes pacel\u0161anas uz n\u0101kamo l\u012bmeni. Ar l\u012bdz pat <strong>25 000 dvesm\u0101m<\/strong>, j\u016bs aizmirs\u012bsiet par past\u0101v\u012bg\u0101m nomai\u0146\u0101m un baud\u012bsiet stund\u0101m ilgas gludas, apmierino\u0161as m\u0101ko\u0146u pilnas p\u016btes.<\/p>\n<h3><\/h3>\n<ul>\n<li><strong>Liels P\u016b\u0161u Skaits<\/strong>: Esi piln\u012bb\u0101 gatavs ar <strong>l\u012bdz 25 000 p\u016b\u0161ieniem<\/strong>! Tas ir vair\u0101k nek\u0101 pietiekami ilgam baud\u012bjumam.<\/li>\n<li><strong>\u012apa\u0161i Liela E-Juices Jauda<\/strong>: Pild\u012bta ar <strong>30ml e-juices<\/strong>, t\u0101p\u0113c j\u016bs varat vape bez p\u0101rtraukuma.<\/li>\n<li><strong>Uzl\u0101d\u0113jams akumulators<\/strong>: Apr\u012bkots ar jaud\u012bgu <strong>650 mAh akumulators<\/strong> un <strong>C tipa uzl\u0101des<\/strong> uz \u0101triem, bezr\u016bp\u012bgiem uzpildes veidiem.<\/li>\n<li><strong>Kompakta un p\u0101rn\u0113s\u0101jama dizaina<\/strong>: Ide\u0101li gluds, <strong>Bang King Shisha B\u0101rs<\/strong> \u0113rti ietilpst j\u016bsu rok\u0101 vai kabat\u0101. \u0145em to l\u012bdzi jebkur, no kluba l\u012bdz d\u012bv\u0101nam!<\/li>\n<li><strong>Gar\u0161u ekstravaganza<\/strong>: Ar <strong>12 satrieco\u0161\u0101m gar\u0161\u0101m<\/strong> k\u0101 Vimto Bull E Shisha Lemon Mint un Ghiaccio Di Anguria, j\u016bs noteikti atrad\u012bsiet piem\u0113rotu jebkurai noska\u0146ai.<\/li>\n<li><strong>LED displeja gudrs ekr\u0101ns:<\/strong> Ar digit\u0101lo displeju, kas r\u0101da akumulatora un e\u013c\u013cas l\u012bmeni, lai b\u016btu viegli lietojams.<\/li>\n<\/ul>\n<p>Neatkar\u012bgi no t\u0101, vai j\u016bs mekl\u0113jat <strong>Lielapjoma pirkums<\/strong> izv\u0113les, nepiecie\u0161ama uzticama <strong>Vienreizlietojamais vape pildspalva<\/strong>, vai vienk\u0101r\u0161i v\u0113laties izceltu <strong>vienreiz\u0113j\u0101s lieto\u0161anas e-cigarete ar zemu nikot\u012bna saturu<\/strong>, tad <strong>Bang King Shisha 25000<\/strong> ir dom\u0101ts jums. Ide\u0101li piem\u0113rots ventilatoriem <strong>atk\u0101rtoti uzl\u0101d\u0113jamas e-cigaretes<\/strong>, <strong>veipu vairumtirdzniec\u012bbai<\/strong>. Ieg\u016bstiet savu tagad un izbaudiet neparastu vape pieredzi!<\/p>\n<p>Ja esat gatavs augstas kvalit\u0101tes<strong> \u016bdensp\u012bpes b\u0101rs<\/strong> pieredzei, kas nodro\u0161ina gar\u0161u, p\u0101rn\u0113s\u0101jam\u012bbu un jaudu, <strong>Bang King 25000 Krona B\u0101rs<\/strong> gaida.<\/p>\n<p>&nbsp;<\/p>\n<\/div>\n<\/div>\n<\/div>\n<\/div>\n<\/div>\n<\/div>\n<p><strong>Sazinieties ar Eimiju, lai ieg\u016btu pareizo atbildi un veipu kuponu!<\/strong><\/p>\n<p><img loading=\"lazy\" decoding=\"async\" class=\"size-full wp-image-1978\" src=\"https:\/\/rmvapesale.com\/wp-content\/uploads\/2024\/09\/Disposable-Vape-Wholesale.jpg\" alt=\"Vienreiz\u0113jais vape vairumtirdzniec\u012bba\" width=\"229\" height=\"300\" \/><\/p>\n<h3><a href=\"https:\/\/wa.me\/8617776015835\" target=\"_blank\" rel=\"noopener\"><span style=\"color: #ff0000\"><strong>WhatsApp: +86 17776015835<\/strong><\/span><\/a><\/h3>\n<p>&nbsp;<\/p>\n<h2><\/h2>\n<h2><strong>Bang King Shisha 25000 Kronu B\u0101rs Uzl\u0101d\u0113jamas Vienreiz\u0113j\u0101s Vape ier\u012bces <\/strong><strong>Galven\u0101s iez\u012bmes<\/strong><\/h2>\n<p>Z\u012bmols: Bang Vape<br \/>\nPuff: 25000 puffs<br \/>\nE\u013c\u013ca: 30ml iepild\u012bta e-\u0161\u0137idruma<br \/>\nNikot\u012bns: 0% 2% 5% Nikot\u012bna stiprums<br \/>\nAkumulators: 650mAh Uzl\u0101d\u0113jams akumulators<\/p>\n<p>&nbsp;<\/p>\n<h2><strong>Popul\u0101r\u0101k\u0101 gar\u0161a Bang King Shisha 25000 Kronu B\u0101rs Vienreiz\u0113j\u0101s Vape ier\u012bc\u0113m<\/strong><\/h2>\n<p>1. Zil\u0101 Rabarberu Limon\u0101de <span style=\"color: #ff0000\"><strong>&gt;&gt;&gt;&gt; Karsti!<\/strong><\/span><br \/>\n2. Zeme\u0146u Sk\u0101b\u0101 Rabarberu <span style=\"color: #ff0000\"><strong>&gt;&gt;&gt;&gt; Viss lab\u0101kais!<\/strong><\/span><br \/>\n3. Slikta Asins<br \/>\n4.CUSH V\u012aRS<br \/>\n5.Dubult\u0101 \u0101bols<br \/>\n6. Arb\u016bzu ledus<br \/>\n7.Vimto Bulls <span style=\"color: #ff0000\"><strong>&gt;&gt;&gt;&gt; Karsti!<\/strong><\/span><br \/>\n8.Melle\u0146u v\u012bnoga<br \/>\n9.Citrus \u0137irsis<br \/>\n10.Avenes arb\u016bzs medus, pasijas auglis<br \/>\n11.Shisha Citronu piparm\u0113tra<br \/>\n12.Pek\u0161ice<\/p>\n<figure id=\"attachment_2696\" aria-describedby=\"caption-attachment-2696\" style=\"width: 800px\" class=\"wp-caption alignnone\"><img loading=\"lazy\" decoding=\"async\" class=\"wp-image-2696 size-full\" src=\"https:\/\/rmvapesale.com\/wp-content\/uploads\/2024\/11\/Bang-King-25000-EShisha-Disposable-Vape.png\" alt=\"Bang King 25000 EShisha Vienreiz\u0113j\u0101s lieto\u0161anas vape\" width=\"800\" height=\"800\" srcset=\"https:\/\/rmvapesale.com\/wp-content\/uploads\/2024\/11\/Bang-King-25000-EShisha-Disposable-Vape.png 800w, https:\/\/rmvapesale.com\/wp-content\/uploads\/2024\/11\/Bang-King-25000-EShisha-Disposable-Vape-300x300.png 300w, https:\/\/rmvapesale.com\/wp-content\/uploads\/2024\/11\/Bang-King-25000-EShisha-Disposable-Vape-150x150.png 150w, https:\/\/rmvapesale.com\/wp-content\/uploads\/2024\/11\/Bang-King-25000-EShisha-Disposable-Vape-768x768.png 768w, https:\/\/rmvapesale.com\/wp-content\/uploads\/2024\/11\/Bang-King-25000-EShisha-Disposable-Vape-600x600.png 600w, https:\/\/rmvapesale.com\/wp-content\/uploads\/2024\/11\/Bang-King-25000-EShisha-Disposable-Vape-100x100.png 100w\" sizes=\"auto, (max-width: 800px) 100vw, 800px\" \/><figcaption id=\"caption-attachment-2696\" class=\"wp-caption-text\">Bang King 25000 EShisha Vienreiz\u0113j\u0101s lieto\u0161anas vape<\/figcaption><\/figure>\n<h3><\/h3>\n<h3><strong>K\u0101p\u0113c izv\u0113l\u0113ties Rmvapesale Bang Shisha 25000 <\/strong><strong>V<\/strong><strong>ape Vairumtirdzniec\u012bba<\/strong><strong>?<\/strong><\/h3>\n<div class=\"flex-shrink-0 flex flex-col relative items-end\">\n<div class=\"pt-0\">\n<div class=\"gizmo-bot-avatar flex h-8 w-8 items-center justify-center overflow-hidden rounded-full\">\n<div class=\"relative p-1 rounded-sm flex items-center justify-center bg-token-main-surface-primary text-token-text-primary h-8 w-8\">\n<p>Laipni l\u016bdzam Rmvapesale, j\u016bsu uzticamaj\u0101 tvaiku veikal\u0101, kur\u0101 ir pieejami augst\u0101k\u0101s kvalit\u0101tes vienreizlietojamie tvaiki. Ar vair\u0101k nek\u0101 5 gadu pieredzi m\u0113s pied\u0101v\u0101jam jums t\u0101dus popul\u0101rus vienreizlietojamo tvaiku z\u012bmolus k\u0101 Al Fakher, <a href=\"https:\/\/rmvapesale.com\/lv\/product\/vapme-crystal-7000-puffs-rechargeable-disposable-vape-price\/\">Vapme<\/a>, <a href=\"https:\/\/rmvapesale.com\/lv\/product-category\/bang-vapes\/\">Bang Vape<\/a>, Waspe, <a href=\"https:\/\/rmvapesale.com\/lv\/product\/wga-crystal-pro-max-extra-15k-puffs-disposable-vape-wholesale\/\">WGA<\/a> Vape un<a href=\"https:\/\/rmvapesale.com\/lv\/product-category\/randm-fumot-vape\/\"> RandM Vape<\/a>.<\/p>\n<p>M\u016bsu kl\u0101st\u0101 ir t\u0101di popul\u0101ri tvaiki k\u0101 <a href=\"https:\/\/rmvapesale.com\/lv\/product\/fumot-digital-box-12000-disposable-vape-pink-lemonade-flavor\/\">RandM 12k<\/a> un gar\u0161\u0101m bag\u0101tas izv\u0113les, piem\u0113ram, <a href=\"https:\/\/rmvapesale.com\/lv\/product\/elfbar-combo-25000-puffs-rechargeable-disposable-vape-wholesale\/\">ELFBAR Kombin\u0101cija 25000 Dvesmas<\/a>. Katrs produkts tiek izv\u0113l\u0113ts, piev\u0113r\u0161ot uzman\u012bbu kvalit\u0101tei, v\u0113rt\u012bbai un daudzveid\u012bbai, nodro\u0161inot, ka j\u016bs atrad\u012bsiet sev piem\u0113rot\u0101ko. Atkl\u0101jiet izcilu servisu un pla\u0161u augst\u0101k\u0101s klases produktu kl\u0101stu Rmvapesale.<\/p>\n<\/div>\n<h3><\/h3>\n<div class=\"relative p-1 rounded-sm flex items-center justify-center bg-token-main-surface-primary text-token-text-primary h-8 w-8\">\n<h3><b>Bang King Shisha 25000 Krona B\u0101ra ekr\u0101na Uzl\u0101d\u0113jama Vienreiz\u0113j\u0101s lieto\u0161anas Vape Bie\u017e\u0101k Uzdotie Jaut\u0101jumi<\/b><\/h3>\n<p><strong>J: K\u0101di ir popul\u0101rie arom\u0101ti Bang King Shisha 25000 vienreiz\u0113j\u0101s lieto\u0161anas vape pildspalvai?<\/strong><br \/>\nA: The <strong>Bang King Shisha 25000<\/strong> pied\u0101v\u0101 da\u017e\u0101dus popul\u0101rus arom\u0101tus, tostarp <strong>Vimto Bulls E Shisha, Citronu Piparm\u0113tra un Ghiaccio Di Anguria<\/strong>. \u0160ie arom\u0101ti apmierina da\u017e\u0101das gaumes, nodro\u0161inot bag\u0101t\u012bgu un apmierino\u0161u vaping pieredzi.<\/p>\n<p><strong>J: K\u0101 es zinu, kad mana Bang Shisha 25000 vied\u0101 vape ir tuk\u0161a?<\/strong><br \/>\nAtbilde: J\u016bs zin\u0101siet, ka ir laiks uzl\u0101d\u0113t vai nomain\u012bt vape, kad <strong>tvaika ra\u017eo\u0161ana iev\u0113rojami samazin\u0101s<\/strong>, un <strong>ar\u012b arom\u0101ts var k\u013c\u016bt v\u0101j\u0101ks vai sadedzis<\/strong>. Da\u017ei vape mode\u013ci var ar\u012b b\u016bt ar LED indikatoru, kas br\u012bdina j\u016bs.<\/p>\n<p><strong>Q: Cik ilgs laiks nepiecie\u0161ams, lai uzl\u0101d\u0113tu Bang 25000 Rechargeable Vape?<\/strong><br \/>\nA: The <strong>Bang 25000<\/strong> uzl\u0101d\u0113jams vape funkcijas ir <strong>650 mAh akumulators<\/strong> un atbalsta <strong>C tipa uzl\u0101des<\/strong>, parasti aiz\u0146em apm\u0113ram <strong>1\u20132 stundas piln\u012bgai uzl\u0101dei<\/strong>.<\/p>\n<p><strong>Q: Kur ieg\u0101d\u0101ties Bang Shisha 25000 Puff Vape par vairumtirdzniec\u012bbas cenu?<\/strong><br \/>\nA: J\u016bs varat ieg\u0101d\u0101ties <strong>Bang Shisha 25000<\/strong> par vairumtirdzniec\u012bbas cen\u0101m tie\u0161saist\u0113 <strong>cURL Too many subrequests.<\/strong>. Mekl\u0113jiet uzticamus <strong>veikalu veipos<\/strong> kas pied\u0101v\u0101 lielapjoma pirkumus <strong>Bang vienreizlietojamo veipu kl\u0101stu<\/strong> par lab\u0101kaj\u0101m cen\u0101m.<\/p>\n<p><strong>Q: Vai es varu l\u012bdzi pa\u0146emt uzl\u0101d\u0113jamu vienreizlietojamu vape lidma\u0161\u012bn\u0101?<\/strong><br \/>\nA: J\u0101, j\u016bs varat \u0146emt l\u012bdzi uzl\u0101d\u0113jamas vienreizlietojam\u0101s vape lidma\u0161\u012bn\u0101, bet t\u0101s b\u016btu <strong>nes\u0101t j\u016bsu rokas bag\u0101\u017e\u0101<\/strong>, jo aviokomp\u0101nijas politik\u0101 parasti ir noteikts, ka vape j\u0101b\u016bt rokas bag\u0101\u017e\u0101, \u0146emot v\u0113r\u0101 akumulatoru noteikumus.<\/p>\n<p><strong>Q: Cik daudz pufa sniedz Bang Shisha 25000 Vape?<\/strong><br \/>\nA: The <strong>Bang Shisha 25000<\/strong> sniedz <strong>l\u012bdz 25 000 p\u016b\u0161ieniem<\/strong>, nodro\u0161inot ilgsto\u0161u, \u0113rtu vaping pieredzi.<\/p>\n<p><strong>J: Cik ilgs laiks nepiecie\u0161ams, lai piln\u012bb\u0101 uzl\u0101d\u0113tu Bang 25000 vape?<\/strong><br \/>\nA: Piln\u012bga uzl\u0101de uz <strong>Bang 25000 vape<\/strong> aiz\u0146em aptuveni <strong>1\u20132 stundas<\/strong> pateicoties t\u0101 <strong>Type-C \u0101tr\u0101s uzl\u0101des iesp\u0113jas<\/strong> ar <strong>650 mAh akumulators<\/strong>.<\/p>\n<\/div>\n<div class=\"mb-2 flex gap-3 empty:hidden -ml-2\"><\/div>\n<p>&nbsp;<\/p>\n<\/div>\n<\/div>\n<\/div>\n<h3>Par s\u016bt\u012bjumu<\/h3>\n<div class=\"flex-shrink-0 flex flex-col relative items-end\">\n<div>\n<div class=\"pt-0\">\n<div class=\"gizmo-bot-avatar flex h-8 w-8 items-center justify-center overflow-hidden rounded-full\">\n<div><\/div>\n<div class=\"relative p-1 rounded-sm flex items-center justify-center bg-token-main-surface-primary text-token-text-primary h-8 w-8\"><strong>1. K\u0101das pieg\u0101des metodes tiek izmantotas?<\/strong><\/div>\n<\/div>\n<\/div>\n<\/div>\n<\/div>\n<div class=\"group\/conversation-turn relative flex w-full min-w-0 flex-col agent-turn\">\n<div class=\"flex-col gap-1 md:gap-3\">\n<div class=\"flex max-w-full flex-col flex-grow\">\n<div class=\"min-h-[20px] text-message flex w-full flex-col items-end gap-2 whitespace-normal break-words [.text-message+&amp;]:mt-5 overflow-x-auto\" dir=\"auto\" data-message-author-role=\"assistant\" data-message-id=\"22f8283b-3233-46ff-89a5-c7a41b33abda\">\n<div class=\"flex w-full flex-col gap-1 empty:hidden first:pt-[3px]\">\n<div class=\"markdown prose w-full break-words dark:prose-invert light\">\n<p>M\u0113s sadarbojamies ar UPS, DHL, FedEx, DPD un citiem vado\u0161ajiem p\u0101rvad\u0101t\u0101jiem. M\u0113s izv\u0113l\u0113simies lab\u0101ko pieg\u0101des veidu, pamatojoties uz j\u016bsu pieg\u0101des vietu, lai nodro\u0161in\u0101tu, ka j\u016bs sa\u0146emat savus produktus p\u0113c iesp\u0113jas \u0101tr\u0101k.<\/p>\n<\/div>\n<p><strong>2. Cik ilgs laiks paiet, l\u012bdz tas pien\u0101k?<\/strong><\/p>\n<p>Pieg\u0101des uz Latviju parasti ierodas 10 darba dienu laik\u0101. Pieg\u0101de uz Eiropas valst\u012bm parasti aiz\u0146em apm\u0113ram 12-15 darba dienas. M\u0113s nodro\u0161in\u0101sim re\u0101llaika atjaunin\u0101jumus par j\u016bsu pieg\u0101des statusu.<\/p>\n<\/div>\n<\/div>\n<\/div>\n<\/div>\n<\/div>\n<p>&nbsp;<\/p>\n<p>Atrodiet vair\u0101k Vape produktu, kas jums var\u0113tu patikt:<strong><em><a href=\"https:\/\/rmvapesale.com\/lv\/shop-2\/\">iepirkties tagad &gt;&gt;&gt;<\/a><\/em><\/strong><\/p>","protected":false},"excerpt":{"rendered":"<p>Bang King 25000 P\u016b\u0161ieni 0% 2% 5% Zema Nikot\u012bna Vienreiz\u0113js Vape<br \/>\nBang King 25000 Vienreiz\u0113js Vape Vairumtirdzniec\u012bbas Pieg\u0101d\u0101t\u0101ja Cena<br \/>\nBang King Shisha 25000 Lielas G\u0101zes Displeja Ekr\u0101ns Vienreiz\u0113js Vape<\/p>\n<p><img loading=\"lazy\" decoding=\"async\" class=\"size-full wp-image-2375\" src=\"https:\/\/rmvapesale.com\/wp-content\/uploads\/2024\/10\/image.png\" alt=\"Lab\u0101kais vienreiz\u0113jais vape\" width=\"229\" height=\"300\" \/><\/p>\n<h3><a href=\"https:\/\/wa.me\/8617776015835\"><span style=\"color: #ff0000\"><strong>WhatsApp: +86 17776015835<\/strong><\/span><\/a><\/h3>\n<p>&nbsp;<\/p>","protected":false},"featured_media":2698,"comment_status":"open","ping_status":"closed","template":"","meta":{"_uag_custom_page_level_css":"","_lmt_disableupdate":"no","_lmt_disable":"","site-sidebar-layout":"default","site-content-layout":"content-boxed-container","ast-site-content-layout":"normal-width-container","site-content-style":"boxed","site-sidebar-style":"unboxed","ast-global-header-display":"","ast-banner-title-visibility":"","ast-main-header-display":"","ast-hfb-above-header-display":"","ast-hfb-below-header-display":"","ast-hfb-mobile-header-display":"","site-post-title":"","ast-breadcrumbs-content":"","ast-featured-img":"","footer-sml-layout":"","ast-disable-related-posts":"","theme-transparent-header-meta":"default","adv-header-id-meta":"","stick-header-meta":"","header-above-stick-meta":"","header-main-stick-meta":"","header-below-stick-meta":"","astra-migrate-meta-layouts":"set","ast-page-background-enabled":"default","ast-page-background-meta":{"desktop":{"background-color":"var(--ast-global-color-4)","background-image":"","background-repeat":"repeat","background-position":"center center","background-size":"auto","background-attachment":"scroll","background-type":"","background-media":"","overlay-type":"","overlay-color":"","overlay-opacity":"","overlay-gradient":""},"tablet":{"background-color":"","background-image":"","background-repeat":"repeat","background-position":"center center","background-size":"auto","background-attachment":"scroll","background-type":"","background-media":"","overlay-type":"","overlay-color":"","overlay-opacity":"","overlay-gradient":""},"mobile":{"background-color":"","background-image":"","background-repeat":"repeat","background-position":"center center","background-size":"auto","background-attachment":"scroll","background-type":"","background-media":"","overlay-type":"","overlay-color":"","overlay-opacity":"","overlay-gradient":""}},"ast-content-background-meta":{"desktop":{"background-color":"var(--ast-global-color-5)","background-image":"","background-repeat":"repeat","background-position":"center center","background-size":"auto","background-attachment":"scroll","background-type":"","background-media":"","overlay-type":"","overlay-color":"","overlay-opacity":"","overlay-gradient":""},"tablet":{"background-color":"var(--ast-global-color-5)","background-image":"","background-repeat":"repeat","background-position":"center center","background-size":"auto","background-attachment":"scroll","background-type":"","background-media":"","overlay-type":"","overlay-color":"","overlay-opacity":"","overlay-gradient":""},"mobile":{"background-color":"var(--ast-global-color-5)","background-image":"","background-repeat":"repeat","background-position":"center center","background-size":"auto","background-attachment":"scroll","background-type":"","background-media":"","overlay-type":"","overlay-color":"","overlay-opacity":"","overlay-gradient":""}},"_joinchat":[]},"product_brand":[],"product_cat":[15,27,25,123,30,26,28,137,136,135],"product_tag":[169,188,208,167,207,206,120],"class_list":{"0":"post-2702","1":"product","2":"type-product","3":"status-publish","4":"has-post-thumbnail","6":"product_cat-new-vape-this-week","7":"product_cat-fance-hot-sale-vape","8":"product_cat-germany-best-selling-vape","9":"product_cat-italy-wholesale-vape","10":"product_cat-minimum-order-quantity-50pcs","11":"product_cat-netherlands-hot-sale-vape","12":"product_cat-poland-hot-sale-vape","13":"product_cat-rechargeable-vapes","14":"product_cat-smart-screen-vapes","15":"product_cat-spain-best-hot-sale-vape","16":"product_tag-best-disposable-vape-2024","17":"product_tag-buy-vapes-online","18":"product_tag-crown-bar","19":"product_tag-disposable-vape-with-screen","20":"product_tag-puff-vape","21":"product_tag-smart-phone-vape","22":"product_tag-vape-wholesale","23":"desktop-align-left","24":"tablet-align-left","25":"mobile-align-left","27":"first","28":"instock","29":"sale","30":"shipping-taxable","31":"purchasable","32":"product-type-simple"},"uagb_featured_image_src":{"full":["https:\/\/rmvapesale.com\/wp-content\/uploads\/2024\/11\/BangKing-25000-Puffs-Crown-Bar-Disposable-Vape.png",800,800,false],"thumbnail":["https:\/\/rmvapesale.com\/wp-content\/uploads\/2024\/11\/BangKing-25000-Puffs-Crown-Bar-Disposable-Vape-150x150.png",150,150,true],"medium":["https:\/\/rmvapesale.com\/wp-content\/uploads\/2024\/11\/BangKing-25000-Puffs-Crown-Bar-Disposable-Vape-300x300.png",300,300,true],"medium_large":["https:\/\/rmvapesale.com\/wp-content\/uploads\/2024\/11\/BangKing-25000-Puffs-Crown-Bar-Disposable-Vape-768x768.png",768,768,true],"large":["https:\/\/rmvapesale.com\/wp-content\/uploads\/2024\/11\/BangKing-25000-Puffs-Crown-Bar-Disposable-Vape.png",800,800,false],"1536x1536":["https:\/\/rmvapesale.com\/wp-content\/uploads\/2024\/11\/BangKing-25000-Puffs-Crown-Bar-Disposable-Vape.png",800,800,false],"2048x2048":["https:\/\/rmvapesale.com\/wp-content\/uploads\/2024\/11\/BangKing-25000-Puffs-Crown-Bar-Disposable-Vape.png",800,800,false],"trp-custom-language-flag":["https:\/\/rmvapesale.com\/wp-content\/uploads\/2024\/11\/BangKing-25000-Puffs-Crown-Bar-Disposable-Vape.png",12,12,false],"woocommerce_thumbnail":["https:\/\/rmvapesale.com\/wp-content\/uploads\/2024\/11\/BangKing-25000-Puffs-Crown-Bar-Disposable-Vape-300x300.png",300,300,true],"woocommerce_single":["https:\/\/rmvapesale.com\/wp-content\/uploads\/2024\/11\/BangKing-25000-Puffs-Crown-Bar-Disposable-Vape-600x600.png",600,600,true],"woocommerce_gallery_thumbnail":["https:\/\/rmvapesale.com\/wp-content\/uploads\/2024\/11\/BangKing-25000-Puffs-Crown-Bar-Disposable-Vape-100x100.png",100,100,true],"wcpr-photo-reviews":["https:\/\/rmvapesale.com\/wp-content\/uploads\/2024\/11\/BangKing-25000-Puffs-Crown-Bar-Disposable-Vape.png",500,500,false]},"uagb_author_info":{"display_name":"AMY","author_link":"https:\/\/rmvapesale.com\/lv\/author\/"},"uagb_comment_info":0,"uagb_excerpt":"Bang King 25000 Puffs 0% 2% 5% Low Nicotine Disposable Vape Bang King 25000 Disposable Vape Wholesale Supplier Price Bang King Shisha 25000 Big Clouds Display Screen Disposable Vape WhatsApp: +86 17776015835 &nbsp;","_links":{"self":[{"href":"https:\/\/rmvapesale.com\/lv\/wp-json\/wp\/v2\/product\/2702","targetHints":{"allow":["GET"]}}],"collection":[{"href":"https:\/\/rmvapesale.com\/lv\/wp-json\/wp\/v2\/product"}],"about":[{"href":"https:\/\/rmvapesale.com\/lv\/wp-json\/wp\/v2\/types\/product"}],"replies":[{"embeddable":true,"href":"https:\/\/rmvapesale.com\/lv\/wp-json\/wp\/v2\/comments?post=2702"}],"wp:featuredmedia":[{"embeddable":true,"href":"https:\/\/rmvapesale.com\/lv\/wp-json\/wp\/v2\/media\/2698"}],"wp:attachment":[{"href":"https:\/\/rmvapesale.com\/lv\/wp-json\/wp\/v2\/media?parent=2702"}],"wp:term":[{"taxonomy":"product_brand","embeddable":true,"href":"https:\/\/rmvapesale.com\/lv\/wp-json\/wp\/v2\/product_brand?post=2702"},{"taxonomy":"product_cat","embeddable":true,"href":"https:\/\/rmvapesale.com\/lv\/wp-json\/wp\/v2\/product_cat?post=2702"},{"taxonomy":"product_tag","embeddable":true,"href":"https:\/\/rmvapesale.com\/lv\/wp-json\/wp\/v2\/product_tag?post=2702"}],"curies":[{"name":"wp","href":"https:\/\/api.w.org\/{rel}","templated":true}]}}