{"id":2728,"date":"2024-11-12T09:27:46","date_gmt":"2024-11-12T09:27:46","guid":{"rendered":"https:\/\/rmvapesale.com\/?post_type=product&#038;p=2728"},"modified":"2024-11-12T09:34:14","modified_gmt":"2024-11-12T09:34:14","slug":"randm-tornado-9000-puff-rechargeable-diposable-vape-wholesale-blueberry-raspberry-flavor","status":"publish","type":"product","link":"https:\/\/rmvapesale.com\/lv\/product\/randm-tornado-9000-puff-rechargeable-diposable-vape-wholesale-blueberry-raspberry-flavor\/","title":{"rendered":"RandM Tornado 9000 dvesienu uzl\u0101d\u0113jams vienreiz\u0113j\u0101s lieto\u0161anas vape vairumtirdzniec\u012bba melle\u0146u ave\u0146u gar\u0161a"},"content":{"rendered":"<div class=\"B2VR9 CJHX3e\">\n<div class=\"wyccme\">\n<h1 class=\"LC20lb MBeuO DKV0Md\">RandM Tornado 9000 dvesienu uzl\u0101d\u0113jams vienreiz\u0113j\u0101s lieto\u0161anas vape vairumtirdzniec\u012bba melle\u0146u ave\u0146u gar\u0161a<\/h1>\n<div class=\"flex-shrink-0 flex flex-col relative items-end\">\n<div class=\"pt-0\">\n<div class=\"gizmo-bot-avatar flex h-8 w-8 items-center justify-center overflow-hidden rounded-full\">\n<div class=\"relative p-1 rounded-sm flex items-center justify-center bg-token-main-surface-primary text-token-text-primary h-8 w-8\">\n<p>The RandM Tornado 9000 Puff Uzl\u0101d\u0113jams Vienreiz\u0113j\u0101s lieto\u0161anas Vape ar Zeme\u0146u Melle\u0146u Gar\u0161u ir izstr\u0101d\u0101ts, lai sniegtu vaperiem augstas kvalit\u0101tes un ilgtsp\u0113j\u012bgu pieredzi. Ar iespaid\u012bgiem vair\u0101k nek\u0101 9000 p\u012bp\u0113m \u0161is ier\u012bces ir ide\u0101las tiem, kas mekl\u0113 \u0113rt\u012bbas, nezaud\u0113jot kvalit\u0101ti. 18 ml e-\u0161\u0137idruma ietilp\u012bba nodro\u0161ina gludu zeme\u0146u un melle\u0146u mais\u012bjumu, apvienojot saldas un sk\u0101bas notis katr\u0101 p\u012bp\u0113. Papildin\u0101ts ar nikot\u012bna s\u0101li, \u0161is vape nodro\u0161ina apmierino\u0161u un vienm\u0113r\u012bgu nikot\u012bna devu, padarot to par ide\u0101lu izv\u0113li vaperiem, kuri nov\u0113rt\u0113 bag\u0101t\u012bgas gar\u0161as ar sp\u0113ku.<\/p>\n<p>\u0160ai ier\u012bcei ir 850mAh uzl\u0101d\u0113jama akumulators, kas \u013cauj \u0101tri un vienk\u0101r\u0161i uzl\u0101d\u0113t, izmantojot Type-C portu, nodro\u0161inot nep\u0101rtrauktu vaping pieredzi. RandM Tornado 9000 vilk\u0161anas aktiviz\u0113jamais meh\u0101nisms padara to vienk\u0101r\u0161i lietojamu \u2014 vienk\u0101r\u0161i ieelpo, lai baud\u012btu arom\u0101tisko tvaiku. Dz\u012bvs RGB gaismas efekts pie\u0161\u0137ir stil\u012bgu akcentu vape, padarot to izce\u013camu jebkur\u0101 vid\u0113. Neatkar\u012bgi no t\u0101, vai esi pieredz\u0113jis vapers vai jauns lietot\u0101js, RandM Tornado 9K ar Zeme\u0146u Melle\u0146u gar\u0161u pied\u0101v\u0101 augstas kvalit\u0101tes pieredzi, kas paredz\u0113ta baud\u012bjumam un uzticam\u012bbai.<\/p>\n<p>&nbsp;<\/p>\n<\/div>\n<\/div>\n<\/div>\n<\/div>\n<\/div>\n<\/div>\n<p><strong>Sazinieties ar Eimiju, lai ieg\u016btu pareizo atbildi un veipu kuponu!<\/strong><\/p>\n<p><img loading=\"lazy\" decoding=\"async\" class=\"size-full wp-image-1978\" src=\"https:\/\/rmvapesale.com\/wp-content\/uploads\/2024\/09\/Disposable-Vape-Wholesale.jpg\" alt=\"Vienreiz\u0113jais vape vairumtirdzniec\u012bba\" width=\"229\" height=\"300\" \/><\/p>\n<h3><a href=\"https:\/\/wa.me\/8617776015835\" target=\"_blank\" rel=\"noopener\"><span style=\"color: #ff0000\"><strong>WhatsApp: +86 17776015835<\/strong><\/span><\/a><\/h3>\n<p>&nbsp;<\/p>\n<h2><\/h2>\n<h2><strong>RandM Tornado 9000 <\/strong><strong>Galven\u0101s iez\u012bmes<\/strong><\/h2>\n<ul>\n<li>Vair\u0101k nek\u0101 9000 dvesmu ilgsto\u0161ai lieto\u0161anai un apmierin\u0101t\u012bbai<\/li>\n<li>18 ml melle\u0146u ave\u0146u s\u0101ls nikot\u012bna e-\u0161\u0137idrums l\u012bdzsvarotai gar\u0161ai<\/li>\n<li>850 mAh atk\u0101rtoti uzl\u0101d\u0113jams akumulators ar \u0101tru Type-C uzl\u0101di<\/li>\n<li>Aktiviz\u0113jas ar dvesmu \u0113rtai lieto\u0161anai, nav nepiecie\u0161amas pogas<\/li>\n<li>Stil\u012bgs RGB apgaismojums pie\u0161\u0137ir kr\u0101sainu vizu\u0101lo pievilc\u012bbu<\/li>\n<\/ul>\n<p>&nbsp;<\/p>\n<h2><strong>Augst\u0101k\u0101 gar\u0161a RandM Tornado 9000<\/strong><\/h2>\n<p>1 Zeme\u0146u mellenes <span style=\"color: #ff0000\"><strong>&gt;&gt;&gt;&gt; Karsti!<\/strong><\/span><br \/>\n2 Mr Blue <span style=\"color: #ff0000\"><strong>&gt;&gt;&gt;&gt; Karsti!<\/strong><\/span><br \/>\n3 Zeme\u0146u arb\u016bzs<br \/>\n4 Apels\u012bnu soda<br \/>\n5 Arb\u016bza burbu\u013cgumija<br \/>\n6 Varav\u012bksnes konfektes<br \/>\n7 Roz\u0101 limon\u0101de <span style=\"color: #ff0000\"><strong>&gt;&gt;&gt;&gt; Karsti!<\/strong><\/span><br \/>\n8 Persiku mango anan\u0101sis<br \/>\n9 Zeme\u0146u ban\u0101ns<br \/>\n10 Lush Ice<br \/>\n11 Melno \u0100dmi\u0146u Ledus<br \/>\n12 Alvejas V\u012bnogu<br \/>\n13 Zilais Razz Ledus<br \/>\n14 Kivi, Passion Fruit, Guava<br \/>\n15 Gumi\u0146\u0161 L\u0101cis<br \/>\n16 Sajauktas ogas <span style=\"color: #ff0000\"><strong>&gt;&gt;&gt;&gt; Karsti!<\/strong><\/span><br \/>\n17 Auksts Piparm\u0113tru<br \/>\n18 \u0136ir\u0161u Arb\u016bzs<br \/>\n19 Persiku Limon\u0101de<br \/>\n20 Guava Ledus<br \/>\n21 Zeme\u0146u Limona<br \/>\n22 Arb\u016bza Brazz Ledus<br \/>\n23 Ban\u0101nu Kr\u0113ms<br \/>\n24 Persiku ogas<br \/>\n25 Zeme\u0146u Kr\u0113ms<br \/>\n26 Sk\u0101b\u0101 Konfekte<br \/>\n27 Citrons &amp; Laima<br \/>\n28 \u0136irsis<br \/>\n29 G\u0101z\u0113ta \u0136ir\u0161u <span style=\"color: #ff0000\"><strong>&gt;&gt;&gt;&gt; Karsti!<\/strong><\/span><br \/>\n30 Mellenes \u0137ir\u0161u kr\u016bmmellenes<br \/>\n31 Vimto<br \/>\n32 Skittles<br \/>\n33 Melns ledus <span style=\"color: #ff0000\"><strong>&gt;&gt;&gt;&gt; Viss lab\u0101kais!<\/strong><\/span><br \/>\n34 V\u012bnogas<br \/>\n35 Bluelicious ledus<br \/>\n36 Zeme\u0146u ledus<br \/>\n37 Zilais Razz Kush<br \/>\n38 Ledus sald\u0113jums<br \/>\n39 Mellenes sk\u0101b\u0101 avele<br \/>\n40 Anan\u0101s<br \/>\n41 \u0136ir\u0161u persiku limon\u0101de<br \/>\n42 Avenes \u0136ir\u0161u Zeme\u0146u Ledus<br \/>\n43 Tr\u012bsk\u0101r\u0161\u0101 Mango<br \/>\n44 Avenes \u0136ir\u0161u Ledus<br \/>\n45 Avenes \u016adensmelones Burbul\u012b\u0161i<br \/>\n46 Prime Avenes \u016adensmelones<br \/>\n47 \u016adensmelones Ledus<br \/>\n48 Mellenes Ledus <span style=\"color: #ff0000\"><strong>&gt;&gt;&gt;&gt; Karsti!<\/strong><\/span><br \/>\n49 \u016adensmelones Skittles<br \/>\n50 Zeme\u0146u Mango<br \/>\n51 Avenes Pomp\uff08Gran\u0101t\u0101bols\uff09<br \/>\n52 Vasaras Persiku Ledus<br \/>\n53 \u0136ir\u0161u ogu<br \/>\n54 \u0136ir\u0161u Kolas<br \/>\n55 Prime \u016adensmelone<br \/>\n56 Zeme\u0146u V\u012bnogas<br \/>\n57 T\u012b\u0123era Asinis <span style=\"color: #ff0000\"><strong>&gt;&gt;&gt;&gt; Karsti!<\/strong><\/span><br \/>\n58 Miner\u0101lvandens<\/p>\n<p>&nbsp;<\/p>\n<h3><\/h3>\n<h3><strong>K\u0101p\u0113c izv\u0113l\u0113ties Rmvapesale RandM Tornado 9000 <\/strong><strong>V<\/strong><strong>ape Vairumtirdzniec\u012bba<\/strong><strong>?<\/strong><\/h3>\n<div class=\"flex-shrink-0 flex flex-col relative items-end\">\n<div class=\"pt-0\">\n<div class=\"gizmo-bot-avatar flex h-8 w-8 items-center justify-center overflow-hidden rounded-full\">\n<div class=\"relative p-1 rounded-sm flex items-center justify-center bg-token-main-surface-primary text-token-text-primary h-8 w-8\">\n<p>Laipni l\u016bdzam Rmvapesale, j\u016bsu uzticamaj\u0101 tvaiku veikal\u0101, kur\u0101 ir pieejami augst\u0101k\u0101s kvalit\u0101tes vienreizlietojamie tvaiki. Ar vair\u0101k nek\u0101 5 gadu pieredzi m\u0113s pied\u0101v\u0101jam jums t\u0101dus popul\u0101rus vienreizlietojamo tvaiku z\u012bmolus k\u0101 Al Fakher, <a href=\"https:\/\/rmvapesale.com\/lv\/product\/vapme-crystal-7000-puffs-rechargeable-disposable-vape-price\/\">Vapme<\/a>, <a href=\"https:\/\/rmvapesale.com\/lv\/product-category\/bang-vapes\/\">Bang Vape<\/a>, Waspe, <a href=\"https:\/\/rmvapesale.com\/lv\/product\/wga-crystal-pro-max-extra-15k-puffs-disposable-vape-wholesale\/\">WGA<\/a> Vape un<a href=\"https:\/\/rmvapesale.com\/lv\/product-category\/randm-fumot-vape\/\"> RandM Vape<\/a>.<\/p>\n<p>M\u016bsu kl\u0101st\u0101 ir t\u0101di popul\u0101ri tvaiki k\u0101 <a href=\"https:\/\/rmvapesale.com\/lv\/product\/fumot-digital-box-12000-disposable-vape-pink-lemonade-flavor\/\">RandM 12k<\/a> un gar\u0161\u0101m bag\u0101tas izv\u0113les, piem\u0113ram, <a href=\"https:\/\/rmvapesale.com\/lv\/product\/elfbar-combo-25000-puffs-rechargeable-disposable-vape-wholesale\/\">ELFBAR Kombin\u0101cija 25000 Dvesmas<\/a>. Katrs produkts tiek izv\u0113l\u0113ts, piev\u0113r\u0161ot uzman\u012bbu kvalit\u0101tei, v\u0113rt\u012bbai un daudzveid\u012bbai, nodro\u0161inot, ka j\u016bs atrad\u012bsiet sev piem\u0113rot\u0101ko. Atkl\u0101jiet izcilu servisu un pla\u0161u augst\u0101k\u0101s klases produktu kl\u0101stu Rmvapesale.<\/p>\n<\/div>\n<h3><\/h3>\n<div class=\"relative p-1 rounded-sm flex items-center justify-center bg-token-main-surface-primary text-token-text-primary h-8 w-8\">\n<h3><b>RandM 9000 Uzl\u0101d\u0113jams Vienreizlietojams Vape Bie\u017e\u0101k UZDOTIE JAUT\u0100JUMI<\/b><\/h3>\n<ol>\n<li><strong>K\u0101di ir popul\u0101rie arom\u0101ti RandM 9000 izsmidzin\u0101majam vienreizlietojamajam vape pildspalvai?<\/strong><br \/>\nPopul\u0101rie arom\u0101ti RandM 9000 vienreizlietojamajam vape pildspalvai ietver Blue Razz Ice, kas apvieno saldu ave\u0146u gar\u0161u ar v\u0113su, ledus pabeigumu. Citi arom\u0101ti var at\u0161\u0137irties atkar\u012bb\u0101 no pieejam\u012bbas un re\u0123ion\u0101laj\u0101m preferenc\u0113m.<\/li>\n<li><strong>K\u0101 es varu zin\u0101t, kad mana RandM Tornado 9000 ir tuk\u0161a?<\/strong><br \/>\nKad j\u016bsu RandM Tornado 9000 ir tuk\u0161a, j\u016bs paman\u012bsiet tvaika ra\u017eo\u0161anas un gar\u0161as samazin\u0101\u0161anos. Turkl\u0101t, vilk\u0161anas saj\u016bta var b\u016bt v\u0101j\u0101ka vai rad\u012bt maz tvaika, kas nor\u0101da, ka e-\u0161\u0137idrums ir izsmelts.<\/li>\n<li><strong>Cik ilgs laiks nepiecie\u0161ams, lai uzl\u0101d\u0113tu RandM 9000 pufa Vape?<\/strong><br \/>\nUzl\u0101d\u0113\u0161anas laiks RandM Tornado 9000 var at\u0161\u0137irties, bet parasti tas aiz\u0146em apm\u0113ram 1-2 stundas, lai piln\u012bb\u0101 uzl\u0101d\u0113tu 850mAh akumulatoru, izmantojot Type-C portu.<\/li>\n<li><strong>Cik daudz nikot\u012bna ir RandM Tornado 9k pufa Vienreiz\u0113j\u0101 Vape?<\/strong><br \/>\nRandM Tornado 9000 satur nikot\u012bna s\u0101li, bet prec\u012bza nikot\u012bna koncentr\u0101cija var at\u0161\u0137irties atkar\u012bb\u0101 no re\u0123iona un produkta versijas. Vislab\u0101k p\u0101rbaud\u012bt iepakojumu vai produkta specifik\u0101cijas, lai uzzin\u0101tu prec\u012bzu nikot\u012bna l\u012bmeni.<\/li>\n<li><strong>Kur ieg\u0101d\u0101ties Fumot Tornado 9000 pufa Vape par vairumtirdzniec\u012bbas cenu?<\/strong><br \/>\nJ\u016bs varat ieg\u0101d\u0101ties Fumot Tornado 9000 pufa Vape par vairumtirdzniec\u012bbas cen\u0101m no autoriz\u0113tiem vape izplat\u012bt\u0101jiem vai tie\u0161saistes vairumtirdzniec\u012bbas vape veikaliem. Daudzas vietnes pied\u0101v\u0101 vairumtirdzniec\u012bbas iesp\u0113jas \u012bpa\u0161i RandM un Fumot z\u012bmoliem.<\/li>\n<li><strong>Vai es dr\u012bkstu lidma\u0161\u012bn\u0101 \u0146emt vienreizlietojamu vape?<\/strong><br \/>\nJ\u0101, j\u016bs varat \u0146emt vienreiz\u0113j\u0101s lieto\u0161anas vape lidma\u0161\u012bn\u0101 l\u012bdzi rokas bag\u0101\u017e\u0101, bet t\u0101s nedr\u012bkst b\u016bt re\u0123istr\u0113taj\u0101 bag\u0101\u017e\u0101, \u0146emot v\u0113r\u0101 akumulatora noteikumus. Vienm\u0113r p\u0101rbaudiet aviokomp\u0101nijas un TSA vadl\u012bnijas pirms ce\u013cojuma.<\/li>\n<li><strong>Cik pufa sniedz RandM Vape 9000 pufa?<\/strong><br \/>\nRandM Tornado 9000 vienreiz\u0113j\u0101 vape nodro\u0161ina vair\u0101k nek\u0101 9000 pufa, padarot to par ilgm\u016b\u017e\u012bgu izv\u0113li sal\u012bdzin\u0101jum\u0101 ar cit\u0101m vienreiz\u0113j\u0101m vape.<\/li>\n<\/ol>\n<\/div>\n<div class=\"mb-2 flex gap-3 empty:hidden -ml-2\"><\/div>\n<p>&nbsp;<\/p>\n<\/div>\n<\/div>\n<\/div>\n<h3>Par s\u016bt\u012bjumu<\/h3>\n<div class=\"flex-shrink-0 flex flex-col relative items-end\">\n<div>\n<div class=\"pt-0\">\n<div class=\"gizmo-bot-avatar flex h-8 w-8 items-center justify-center overflow-hidden rounded-full\">\n<div><\/div>\n<div class=\"relative p-1 rounded-sm flex items-center justify-center bg-token-main-surface-primary text-token-text-primary h-8 w-8\"><strong>1. K\u0101das pieg\u0101des metodes tiek izmantotas?<\/strong><\/div>\n<\/div>\n<\/div>\n<\/div>\n<\/div>\n<div class=\"group\/conversation-turn relative flex w-full min-w-0 flex-col agent-turn\">\n<div class=\"flex-col gap-1 md:gap-3\">\n<div class=\"flex max-w-full flex-col flex-grow\">\n<div class=\"min-h-[20px] text-message flex w-full flex-col items-end gap-2 whitespace-normal break-words [.text-message+&amp;]:mt-5 overflow-x-auto\" dir=\"auto\" data-message-author-role=\"assistant\" data-message-id=\"22f8283b-3233-46ff-89a5-c7a41b33abda\">\n<div class=\"flex w-full flex-col gap-1 empty:hidden first:pt-[3px]\">\n<div class=\"markdown prose w-full break-words dark:prose-invert light\">\n<p>M\u0113s sadarbojamies ar UPS, DHL, FedEx, DPD un citiem vado\u0161ajiem p\u0101rvad\u0101t\u0101jiem. M\u0113s izv\u0113l\u0113simies lab\u0101ko pieg\u0101des veidu, pamatojoties uz j\u016bsu pieg\u0101des vietu, lai nodro\u0161in\u0101tu, ka j\u016bs sa\u0146emat savus produktus p\u0113c iesp\u0113jas \u0101tr\u0101k.<\/p>\n<\/div>\n<p><strong>2. Cik ilgs laiks paiet, l\u012bdz tas pien\u0101k?<\/strong><\/p>\n<p>Pieg\u0101des uz Latviju parasti ierodas 10 darba dienu laik\u0101. Pieg\u0101de uz Eiropas valst\u012bm parasti aiz\u0146em apm\u0113ram 12-15 darba dienas. M\u0113s nodro\u0161in\u0101sim re\u0101llaika atjaunin\u0101jumus par j\u016bsu pieg\u0101des statusu.<\/p>\n<\/div>\n<\/div>\n<\/div>\n<\/div>\n<\/div>\n<p>&nbsp;<\/p>\n<p>Atrodiet vair\u0101k Vape produktu, kas jums var\u0113tu patikt:<strong><em><a href=\"https:\/\/rmvapesale.com\/lv\/shop-2\/\">iepirkties tagad &gt;&gt;&gt;<\/a><\/em><\/strong><\/p>","protected":false},"excerpt":{"rendered":"<p>RandM Tornado 9000 P\u016btieni Vienreiz\u0113j\u0101s lieto\u0161anas Vape Ier\u012bce<br \/>\nRandM 9000 p\u016btieni Vienreiz\u0113j\u0101s lieto\u0161anas Vape Visas Gar\u0161as Noliktav\u0101<br \/>\nRandM Tornado 9000 P\u016b\u0161 9K Vienreiz\u0113j\u0101s lieto\u0161anas B\u0101rs<\/p>\n<p><img loading=\"lazy\" decoding=\"async\" class=\"size-full wp-image-2375\" src=\"https:\/\/rmvapesale.com\/wp-content\/uploads\/2024\/10\/image.png\" alt=\"Lab\u0101kais vienreiz\u0113jais vape\" width=\"229\" height=\"300\" \/><\/p>\n<h3><a href=\"https:\/\/wa.me\/8617776015835\"><span style=\"color: #ff0000\"><strong>WhatsApp: +86 17776015835<\/strong><\/span><\/a><\/h3>\n<p>&nbsp;<\/p>","protected":false},"featured_media":2723,"comment_status":"open","ping_status":"closed","template":"","meta":{"_uag_custom_page_level_css":"","_lmt_disableupdate":"no","_lmt_disable":"","site-sidebar-layout":"default","site-content-layout":"content-boxed-container","ast-site-content-layout":"normal-width-container","site-content-style":"boxed","site-sidebar-style":"unboxed","ast-global-header-display":"","ast-banner-title-visibility":"","ast-main-header-display":"","ast-hfb-above-header-display":"","ast-hfb-below-header-display":"","ast-hfb-mobile-header-display":"","site-post-title":"","ast-breadcrumbs-content":"","ast-featured-img":"","footer-sml-layout":"","theme-transparent-header-meta":"default","adv-header-id-meta":"","stick-header-meta":"","header-above-stick-meta":"","header-main-stick-meta":"","header-below-stick-meta":"","astra-migrate-meta-layouts":"set","ast-page-background-enabled":"default","ast-page-background-meta":{"desktop":{"background-color":"var(--ast-global-color-4)","background-image":"","background-repeat":"repeat","background-position":"center center","background-size":"auto","background-attachment":"scroll","background-type":"","background-media":"","overlay-type":"","overlay-color":"","overlay-opacity":"","overlay-gradient":""},"tablet":{"background-color":"","background-image":"","background-repeat":"repeat","background-position":"center center","background-size":"auto","background-attachment":"scroll","background-type":"","background-media":"","overlay-type":"","overlay-color":"","overlay-opacity":"","overlay-gradient":""},"mobile":{"background-color":"","background-image":"","background-repeat":"repeat","background-position":"center center","background-size":"auto","background-attachment":"scroll","background-type":"","background-media":"","overlay-type":"","overlay-color":"","overlay-opacity":"","overlay-gradient":""}},"ast-content-background-meta":{"desktop":{"background-color":"var(--ast-global-color-5)","background-image":"","background-repeat":"repeat","background-position":"center center","background-size":"auto","background-attachment":"scroll","background-type":"","background-media":"","overlay-type":"","overlay-color":"","overlay-opacity":"","overlay-gradient":""},"tablet":{"background-color":"var(--ast-global-color-5)","background-image":"","background-repeat":"repeat","background-position":"center center","background-size":"auto","background-attachment":"scroll","background-type":"","background-media":"","overlay-type":"","overlay-color":"","overlay-opacity":"","overlay-gradient":""},"mobile":{"background-color":"var(--ast-global-color-5)","background-image":"","background-repeat":"repeat","background-position":"center center","background-size":"auto","background-attachment":"scroll","background-type":"","background-media":"","overlay-type":"","overlay-color":"","overlay-opacity":"","overlay-gradient":""}},"_joinchat":[]},"product_brand":[],"product_cat":[15,25,123,26,28,135,27,137,136,30],"product_tag":[169,207,181,120],"class_list":{"0":"post-2728","1":"product","2":"type-product","3":"status-publish","4":"has-post-thumbnail","6":"product_cat-new-vape-this-week","7":"product_cat-germany-best-selling-vape","8":"product_cat-italy-wholesale-vape","9":"product_cat-netherlands-hot-sale-vape","10":"product_cat-poland-hot-sale-vape","11":"product_cat-spain-best-hot-sale-vape","12":"product_cat-fance-hot-sale-vape","13":"product_cat-rechargeable-vapes","14":"product_cat-smart-screen-vapes","15":"product_cat-minimum-order-quantity-50pcs","16":"product_tag-best-disposable-vape-2024","17":"product_tag-puff-vape","18":"product_tag-randm-tornado-9000","19":"product_tag-vape-wholesale","20":"desktop-align-left","21":"tablet-align-left","22":"mobile-align-left","24":"first","25":"instock","26":"sale","27":"shipping-taxable","28":"purchasable","29":"product-type-simple"},"uagb_featured_image_src":{"full":["https:\/\/rmvapesale.com\/wp-content\/uploads\/2024\/11\/RandM-Tornado-9000-Blueberry-raspberry.png",800,800,false],"thumbnail":["https:\/\/rmvapesale.com\/wp-content\/uploads\/2024\/11\/RandM-Tornado-9000-Blueberry-raspberry-150x150.png",150,150,true],"medium":["https:\/\/rmvapesale.com\/wp-content\/uploads\/2024\/11\/RandM-Tornado-9000-Blueberry-raspberry-300x300.png",300,300,true],"medium_large":["https:\/\/rmvapesale.com\/wp-content\/uploads\/2024\/11\/RandM-Tornado-9000-Blueberry-raspberry-768x768.png",768,768,true],"large":["https:\/\/rmvapesale.com\/wp-content\/uploads\/2024\/11\/RandM-Tornado-9000-Blueberry-raspberry.png",800,800,false],"1536x1536":["https:\/\/rmvapesale.com\/wp-content\/uploads\/2024\/11\/RandM-Tornado-9000-Blueberry-raspberry.png",800,800,false],"2048x2048":["https:\/\/rmvapesale.com\/wp-content\/uploads\/2024\/11\/RandM-Tornado-9000-Blueberry-raspberry.png",800,800,false],"trp-custom-language-flag":["https:\/\/rmvapesale.com\/wp-content\/uploads\/2024\/11\/RandM-Tornado-9000-Blueberry-raspberry.png",12,12,false],"woocommerce_thumbnail":["https:\/\/rmvapesale.com\/wp-content\/uploads\/2024\/11\/RandM-Tornado-9000-Blueberry-raspberry-300x300.png",300,300,true],"woocommerce_single":["https:\/\/rmvapesale.com\/wp-content\/uploads\/2024\/11\/RandM-Tornado-9000-Blueberry-raspberry-600x600.png",600,600,true],"woocommerce_gallery_thumbnail":["https:\/\/rmvapesale.com\/wp-content\/uploads\/2024\/11\/RandM-Tornado-9000-Blueberry-raspberry-100x100.png",100,100,true],"wcpr-photo-reviews":["https:\/\/rmvapesale.com\/wp-content\/uploads\/2024\/11\/RandM-Tornado-9000-Blueberry-raspberry.png",500,500,false]},"uagb_author_info":{"display_name":"AMY","author_link":"https:\/\/rmvapesale.com\/lv\/author\/"},"uagb_comment_info":0,"uagb_excerpt":"RandM Tornado 9000 Puffs Disposable Vape Device RandM 9000 puffs Disposable Vape All Flavor in Stock RandM Tornado 9000 Puff 9K Disposable Bar WhatsApp: +86 17776015835 &nbsp;","_links":{"self":[{"href":"https:\/\/rmvapesale.com\/lv\/wp-json\/wp\/v2\/product\/2728","targetHints":{"allow":["GET"]}}],"collection":[{"href":"https:\/\/rmvapesale.com\/lv\/wp-json\/wp\/v2\/product"}],"about":[{"href":"https:\/\/rmvapesale.com\/lv\/wp-json\/wp\/v2\/types\/product"}],"replies":[{"embeddable":true,"href":"https:\/\/rmvapesale.com\/lv\/wp-json\/wp\/v2\/comments?post=2728"}],"wp:featuredmedia":[{"embeddable":true,"href":"https:\/\/rmvapesale.com\/lv\/wp-json\/wp\/v2\/media\/2723"}],"wp:attachment":[{"href":"https:\/\/rmvapesale.com\/lv\/wp-json\/wp\/v2\/media?parent=2728"}],"wp:term":[{"taxonomy":"product_brand","embeddable":true,"href":"https:\/\/rmvapesale.com\/lv\/wp-json\/wp\/v2\/product_brand?post=2728"},{"taxonomy":"product_cat","embeddable":true,"href":"https:\/\/rmvapesale.com\/lv\/wp-json\/wp\/v2\/product_cat?post=2728"},{"taxonomy":"product_tag","embeddable":true,"href":"https:\/\/rmvapesale.com\/lv\/wp-json\/wp\/v2\/product_tag?post=2728"}],"curies":[{"name":"wp","href":"https:\/\/api.w.org\/{rel}","templated":true}]}}