{"id":2729,"date":"2024-11-14T06:19:37","date_gmt":"2024-11-14T06:19:37","guid":{"rendered":"https:\/\/rmvapesale.com\/?post_type=product&#038;p=2729"},"modified":"2024-11-14T06:57:21","modified_gmt":"2024-11-14T06:57:21","slug":"fumot-12000-puffs-randm-rechargeable-disposable-vape-watermelon-bubblegum-flavour-germany-wholesale-price","status":"publish","type":"product","link":"https:\/\/rmvapesale.com\/lv\/product\/fumot-12000-puffs-randm-rechargeable-disposable-vape-watermelon-bubblegum-flavour-germany-wholesale-price\/","title":{"rendered":"Fumot 12000 dvesmu RandM atk\u0101rtoti uzl\u0101d\u0113jams vienreizlietojamais tvaic\u0113t\u0101js arb\u016bzu ko\u0161\u013c\u0101jam\u0101s gumijas gar\u0161a Latvijas vairumtirdzniec\u012bbas cena"},"content":{"rendered":"<div class=\"B2VR9 CJHX3e\">\n<div class=\"wyccme\">\n<h1 class=\"LC20lb MBeuO DKV0Md\">Fumot 12000 dvesmu RandM atk\u0101rtoti uzl\u0101d\u0113jams vienreizlietojamais tvaic\u0113t\u0101js arb\u016bzu ko\u0161\u013c\u0101jam\u0101s gumijas gar\u0161a Latvijas vairumtirdzniec\u012bbas cena<\/h1>\n<p>&nbsp;<\/p>\n<div class=\"flex-shrink-0 flex flex-col relative items-end\">\n<div class=\"pt-0\">\n<div class=\"gizmo-bot-avatar flex h-8 w-8 items-center justify-center overflow-hidden rounded-full\">\n<div class=\"relative p-1 rounded-sm flex items-center justify-center bg-token-main-surface-primary text-token-text-primary h-8 w-8\">\n<p>Fumot 12000 Puffs RandM atk\u0101rtoti uzl\u0101d\u0113jamais vienreizlietojamais veips arb\u016bzu ko\u0161\u013c\u0101jam\u0101s gumijas gar\u0161\u0101 pied\u0101v\u0101 unik\u0101lu, saldu un aug\u013cainu tvaic\u0113\u0161anas pieredzi. Apvienojot sul\u012bgo arb\u016bza gar\u0161u ar nostal\u0123isko ko\u0161\u013c\u0101jam\u0101s gumijas saldumu, \u0161is Randm veips ir lieliski piem\u0113rots tiem, kam pat\u012bk gar\u0161as pav\u0113rsiens ar katru dvesmu. Ar augstu e-\u0161\u0137idruma ietilp\u012bbu - 20 ml - \u0161\u012b ier\u012bce nodro\u0161ina iespaid\u012bgas 12 000 dvesmas, garant\u0113jot ilgsto\u0161u baud\u012bjumu. \u0160is Fumot 12000 produkts, kas ir piel\u0101gots Latvijas vairumtirdzniec\u012bbas tirgum, ir ide\u0101ls risin\u0101jums mazumtirgot\u0101jiem, kuri v\u0113las pied\u0101v\u0101t piepras\u012btu, augst\u0101k\u0101s kvalit\u0101tes gar\u0161u.<\/p>\n<p>Fumot 12000 ir apr\u012bkots ar atk\u0101rtoti uzl\u0101d\u0113jamu 550 mAh akumulatoru un USB Type-C uzl\u0101des portu, kas lietot\u0101jiem \u013cauj viegli uzl\u0101d\u0113t un uztur\u0113t savu veipu gatavu lieto\u0161anai, kad vien tas nepiecie\u0161ams. Integr\u0113tais LED displejs \u0113rti par\u0101da akumulatora un e-\u0161\u0137idruma l\u012bmeni, lai lietot\u0101ji vienm\u0113r b\u016btu inform\u0113ti. Uzlabot\u0101 t\u012bkla spoles (mesh coil) tehnolo\u0123ija uzlabo tvaiku konsistenci, nodro\u0161inot vienm\u0113r\u012bgu un apmierino\u0161u tvaic\u0113\u0161anas pieredzi ar katru lieto\u0161anas reizi. \u0160\u012b ier\u012bce ir pieejama da\u017e\u0101dos nikot\u012bna l\u012bme\u0146os, tostarp 2% un 5%, un t\u0101 atbilst pla\u0161am v\u0113lmju lokam, padarot to par daudzpus\u012bgu izv\u0113li gan ies\u0101c\u0113jiem, gan pieredz\u0113ju\u0161iem tvaic\u0113t\u0101jiem.<\/p>\n<p>&nbsp;<\/p>\n<\/div>\n<\/div>\n<\/div>\n<\/div>\n<\/div>\n<\/div>\n<p><strong>Sazinieties ar Eimiju, lai ieg\u016btu pareizo atbildi un veipu kuponu!<\/strong><\/p>\n<p><img loading=\"lazy\" decoding=\"async\" class=\"size-full wp-image-1978\" src=\"https:\/\/rmvapesale.com\/wp-content\/uploads\/2024\/09\/Disposable-Vape-Wholesale.jpg\" alt=\"Vienreiz\u0113jais vape vairumtirdzniec\u012bba\" width=\"229\" height=\"300\" \/><\/p>\n<h3><a href=\"https:\/\/wa.me\/8617776015835\" target=\"_blank\" rel=\"noopener\"><span style=\"color: #ff0000\"><strong>WhatsApp: +86 17776015835<\/strong><\/span><\/a><\/h3>\n<p>&nbsp;<\/p>\n<h2><\/h2>\n<h2><strong>Fumot 12000 Puffs galven\u0101s iez\u012bmes<\/strong><\/h2>\n<ul>\n<li>Vair\u0101k nek\u0101 9000 dvesmu ilgsto\u0161ai lieto\u0161anai un apmierin\u0101t\u012bbai<\/li>\n<li>18 ml melle\u0146u ave\u0146u s\u0101ls nikot\u012bna e-\u0161\u0137idrums l\u012bdzsvarotai gar\u0161ai<\/li>\n<li>850 mAh atk\u0101rtoti uzl\u0101d\u0113jams akumulators ar \u0101tru Type-C uzl\u0101di<\/li>\n<li>Aktiviz\u0113jas ar dvesmu \u0113rtai lieto\u0161anai, nav nepiecie\u0161amas pogas<\/li>\n<li>Stil\u012bgs RGB apgaismojums pie\u0161\u0137ir kr\u0101sainu vizu\u0101lo pievilc\u012bbu<\/li>\n<\/ul>\n<p>&nbsp;<\/p>\n<h2><strong>Popul\u0101r\u0101k\u0101s gar\u0161as Fumot 12000 Puffs<\/strong><\/h2>\n<p>1 V\u0113s\u0101 piparm\u0113tra <span style=\"color: #ff0000\"><strong>&gt;&gt;&gt;&gt; Karsti!<\/strong><\/span><br \/>\n2 Arb\u016bzu ledus<br \/>\n3 V\u012bnogu ledus<br \/>\n4 Mellenes un avenes <span style=\"color: #ff0000\"><strong>&gt;&gt;&gt;&gt; Karsti!<\/strong><\/span><br \/>\n5 Zemenes un arb\u016bzs<br \/>\n6 Zemenes un ban\u0101ns<br \/>\n7 Sul\u012bgs ledus<br \/>\n8 \u0136ir\u0161u<br \/>\n9 Zeme\u0146u ledus<br \/>\n10 Ledus sald\u0113jums<br \/>\n11 Roz\u0101 limon\u0101de <span style=\"color: #ff0000\"><strong>&gt;&gt;&gt;&gt; Karsti!<\/strong><\/span><br \/>\n12 Mango uz ledus<br \/>\n13 Jauktas ogas<br \/>\n14 Zeme\u0146u virtulis<br \/>\n15 Zeme\u0146u v\u012bnogu<br \/>\n16 \u0136ir\u0161u kola<br \/>\n17 Dr zils<br \/>\n18 Melle\u0146u uz ledus <span style=\"color: #ff0000\"><strong>&gt;&gt;&gt;&gt; Karsti!<\/strong><\/span><br \/>\n19 Kivi pasifloru aug\u013cu gvajava<br \/>\n20 Zeme\u0146u kivi<br \/>\n21 Persiku mango<br \/>\n22 Persiku ledus<br \/>\n23 Sarkano \u0101bolu ledus<br \/>\n24 Melle\u0146u ko\u0161\u013c\u0101jam\u0101 gumija <span style=\"color: #ff0000\"><strong>&gt;&gt;&gt;&gt; Viss lab\u0101kais!<\/strong><\/span><br \/>\n25 Ogu limon\u0101de<br \/>\n26 Zilo ave\u0146u limon\u0101de<br \/>\n27 Melle\u0146u ave\u0146u<br \/>\n28 Zeme\u0146u sarkanais bullis<br \/>\n29 \u0100bolu ogu spr\u0101dziens<br \/>\n30 Arb\u016bzu ko\u0161\u013c\u0101jam\u0101 gumija<br \/>\n31 Ave\u0146u arb\u016bzs<br \/>\n32 Melnais ledus<br \/>\n33 Melle\u0146u \u0137ir\u0161u dz\u0113rve\u0146u<br \/>\n34 Zeme\u0146u pomp (gran\u0101t\u0101bols)<br \/>\n35 Vimto<br \/>\n36 \u0136ir\u0161u oga<br \/>\n37 Citrons<br \/>\n38 Bingo Drupin\u0101t<br \/>\n39 Mellenes kivi<br \/>\n40 \u0100bolu Kan\u0113lis<\/p>\n<h3><\/h3>\n<h3><strong>K\u0101p\u0113c izv\u0113l\u0113ties Rmvapesale RandM Tornado 9000 <\/strong><strong>V<\/strong><strong>ape Vairumtirdzniec\u012bba<\/strong><strong>?<\/strong><\/h3>\n<div class=\"flex-shrink-0 flex flex-col relative items-end\">\n<div class=\"pt-0\">\n<div class=\"gizmo-bot-avatar flex h-8 w-8 items-center justify-center overflow-hidden rounded-full\">\n<div class=\"relative p-1 rounded-sm flex items-center justify-center bg-token-main-surface-primary text-token-text-primary h-8 w-8\">\n<p>Laipni l\u016bdzam Rmvapesale, j\u016bsu uzticamaj\u0101 tvaiku veikal\u0101, kur\u0101 ir pieejami augst\u0101k\u0101s kvalit\u0101tes vienreizlietojamie tvaiki. Ar vair\u0101k nek\u0101 5 gadu pieredzi m\u0113s pied\u0101v\u0101jam jums t\u0101dus popul\u0101rus vienreizlietojamo tvaiku z\u012bmolus k\u0101 Al Fakher, <a href=\"https:\/\/rmvapesale.com\/lv\/product\/vapme-crystal-7000-puffs-rechargeable-disposable-vape-price\/\">Vapme<\/a>, <a href=\"https:\/\/rmvapesale.com\/lv\/product-category\/bang-vapes\/\">Bang Vape<\/a>, Waspe, <a href=\"https:\/\/rmvapesale.com\/lv\/product\/wga-crystal-pro-max-extra-15k-puffs-disposable-vape-wholesale\/\">WGA<\/a> Vape un<a href=\"https:\/\/rmvapesale.com\/lv\/product-category\/randm-fumot-vape\/\"> RandM Vape<\/a>.<\/p>\n<p>M\u016bsu kl\u0101st\u0101 ir t\u0101di popul\u0101ri tvaiki k\u0101 <a href=\"https:\/\/rmvapesale.com\/lv\/product\/fumot-digital-box-12000-disposable-vape-pink-lemonade-flavor\/\">RandM 12000<\/a> un gar\u0161\u0101m bag\u0101tas izv\u0113les, piem\u0113ram, <a href=\"https:\/\/rmvapesale.com\/lv\/product\/elfbar-combo-25000-puffs-rechargeable-disposable-vape-wholesale\/\">ELFBAR Kombin\u0101cija 25000 Dvesmas<\/a>. Katrs produkts tiek izv\u0113l\u0113ts, piev\u0113r\u0161ot uzman\u012bbu kvalit\u0101tei, v\u0113rt\u012bbai un daudzveid\u012bbai, nodro\u0161inot, ka j\u016bs atrad\u012bsiet sev piem\u0113rot\u0101ko. Atkl\u0101jiet izcilu servisu un pla\u0161u augst\u0101k\u0101s klases produktu kl\u0101stu Rmvapesale.<\/p>\n<\/div>\n<h3><\/h3>\n<div class=\"relative p-1 rounded-sm flex items-center justify-center bg-token-main-surface-primary text-token-text-primary h-8 w-8\">\n<h3><b>Fumot 12000 Dvesmas Uzl\u0101d\u0113jams Vienreiz\u0113j\u0101s lieto\u0161anas Tvaic\u0113t\u0101js FAQ<\/b><\/h3>\n<p><strong>Kur nopirkt Fumot 12000 digit\u0101l\u0101s kastes tvaic\u0113t\u0101ju?<\/strong><br \/>\nLai ieg\u016btu lab\u0101kos pied\u0101v\u0101jumus Fumot 12000 Dvesmas RandM Vienreiz\u0113j\u0101s lieto\u0161anas Tvaic\u0113t\u0101jam, tostarp vairumtirdzniec\u012bbas cenas, apmekl\u0113jiet Rmvapesale tie\u0161saistes tvaic\u0113t\u0101ju veikalu.<\/p>\n<p><strong>K\u0101das ir popul\u0101r\u0101s gar\u0161as Fumot 12000 vienreiz\u0113j\u0101s lieto\u0161anas tvaic\u0113t\u0101jam?<\/strong><br \/>\nPopul\u0101r\u0101k\u0101s gar\u0161as ir Melle\u0146u ko\u0161\u013c\u0101jam\u0101 gumija, Zeme\u0146u arb\u016bzs, Sul\u012bgs ledus, V\u012bnogu ledus un V\u0113s\u0101 piparm\u0113tra.<\/p>\n<p><strong>K\u0101 es varu zin\u0101t, kad mans Fumot Vape 12000 Dvesmas Viedais Tvaic\u0113t\u0101js ir tuk\u0161s?<\/strong><br \/>\nLED displejs par\u0101d\u012bs zemu e-\u0161\u0137idruma un akumulatora l\u012bmeni, nor\u0101dot, kad ir laiks uzl\u0101d\u0113t vai nomain\u012bt tvaic\u0113t\u0101ju.<\/p>\n<p><strong>Cik ilgs laiks nepiecie\u0161ams, lai uzl\u0101d\u0113tu RandM 12000 Uzl\u0101d\u0113jamo Tvaic\u0113t\u0101ju?<\/strong><br \/>\nPiln\u012bga uzl\u0101de, izmantojot Type-C l\u0101d\u0113t\u0101ju, parasti aiz\u0146em apm\u0113ram 1-2 stundas.<\/p>\n<p><strong>Cik daudz nikot\u012bna ir Fumot RandM 12000 Vienreiz\u0113j\u0101s lieto\u0161anas Tvaic\u0113t\u0101j\u0101?<\/strong><br \/>\nIer\u012bce ir pieejama ar 2% (20 mg) un 5% (50 mg) nikot\u012bna opcij\u0101m.<\/p>\n<p><strong>Kur ieg\u0101d\u0101ties RandM 12k dvesmu Tvaic\u0113t\u0101jus par vairumtirdzniec\u012bbas cenu?<\/strong><br \/>\nRmvapesale tie\u0161saistes tvaic\u0113t\u0101ju veikals pied\u0101v\u0101 vairumtirdzniec\u012bbas cenas RandM 12000 Dvesmu tvaic\u0113t\u0101jiem.<\/p>\n<p><strong>Vai es dr\u012bkstu lidma\u0161\u012bn\u0101 \u0146emt vienreizlietojamu vape?<\/strong><br \/>\nJ\u0101, vienreiz\u0113j\u0101s lieto\u0161anas e-cigaretes ir at\u013cauts \u0146emt rokas bag\u0101\u017e\u0101, ta\u010du t\u0101m j\u0101atbilst aviokomp\u0101niju noteikumiem par litija baterij\u0101m.<\/p>\n<p><strong>Cik uzp\u016btienus nodro\u0161ina RandM Fumot 12k E-cigarete?<\/strong><br \/>\nRandM Fumot 12000 nodro\u0161ina l\u012bdz pat 12 000 uzp\u016btieniem uz vienu ier\u012bci.<\/p>\n<p><strong>Cik ilgs laiks nepiecie\u0161ams, lai piln\u012bb\u0101 uzl\u0101d\u0113tu RandM Tornado 12000 e-cigareti?<\/strong><br \/>\nPiln\u012bga RandM Tornado 12000 e-cigaretes uzl\u0101de, izmantojot C tipa USB l\u0101d\u0113t\u0101ju, aiz\u0146em apm\u0113ram 1-2 stundas.<\/p>\n<\/div>\n<div class=\"mb-2 flex gap-3 empty:hidden -ml-2\"><\/div>\n<p>&nbsp;<\/p>\n<\/div>\n<\/div>\n<\/div>\n<h3>Par s\u016bt\u012bjumu<\/h3>\n<div class=\"flex-shrink-0 flex flex-col relative items-end\">\n<div>\n<div class=\"pt-0\">\n<div class=\"gizmo-bot-avatar flex h-8 w-8 items-center justify-center overflow-hidden rounded-full\">\n<div><\/div>\n<div class=\"relative p-1 rounded-sm flex items-center justify-center bg-token-main-surface-primary text-token-text-primary h-8 w-8\"><strong>1. K\u0101das pieg\u0101des metodes tiek izmantotas?<\/strong><\/div>\n<\/div>\n<\/div>\n<\/div>\n<\/div>\n<div class=\"group\/conversation-turn relative flex w-full min-w-0 flex-col agent-turn\">\n<div class=\"flex-col gap-1 md:gap-3\">\n<div class=\"flex max-w-full flex-col flex-grow\">\n<div class=\"min-h-[20px] text-message flex w-full flex-col items-end gap-2 whitespace-normal break-words [.text-message+&amp;]:mt-5 overflow-x-auto\" dir=\"auto\" data-message-author-role=\"assistant\" data-message-id=\"22f8283b-3233-46ff-89a5-c7a41b33abda\">\n<div class=\"flex w-full flex-col gap-1 empty:hidden first:pt-[3px]\">\n<div class=\"markdown prose w-full break-words dark:prose-invert light\">\n<p>M\u0113s sadarbojamies ar UPS, DHL, FedEx, DPD un citiem vado\u0161ajiem p\u0101rvad\u0101t\u0101jiem. M\u0113s izv\u0113l\u0113simies lab\u0101ko pieg\u0101des veidu, pamatojoties uz j\u016bsu pieg\u0101des vietu, lai nodro\u0161in\u0101tu, ka j\u016bs sa\u0146emat savus produktus p\u0113c iesp\u0113jas \u0101tr\u0101k.<\/p>\n<\/div>\n<p><strong>2. Cik ilgs laiks paiet, l\u012bdz tas pien\u0101k?<\/strong><\/p>\n<p>Pieg\u0101des uz Latviju parasti ierodas 10 darba dienu laik\u0101. Pieg\u0101de uz Eiropas valst\u012bm parasti aiz\u0146em apm\u0113ram 12-15 darba dienas. M\u0113s nodro\u0161in\u0101sim re\u0101llaika atjaunin\u0101jumus par j\u016bsu pieg\u0101des statusu.<\/p>\n<\/div>\n<\/div>\n<\/div>\n<\/div>\n<\/div>\n<p>&nbsp;<\/p>\n<p>Atrodiet vair\u0101k Vape produktu, kas jums var\u0113tu patikt:<strong><em><a href=\"https:\/\/rmvapesale.com\/lv\/shop-2\/\">iepirkties tagad &gt;&gt;&gt;<\/a><\/em><\/strong><\/p>","protected":false},"excerpt":{"rendered":"<p>Fumot RandM 12000 Puffs Digital Box vienreizlietojamais veips<br \/>\nFumot 12000 atk\u0101rtoti uzl\u0101d\u0113jams vienreizlietojamais veips, vairumtirdzniec\u012bbas cena<br \/>\nRandM Vape Fumot 12000 vienreizlietojamais veips ar zemu nikot\u012bna saturu 2%<\/p>\n<p><img loading=\"lazy\" decoding=\"async\" class=\"size-full wp-image-2375\" src=\"https:\/\/rmvapesale.com\/wp-content\/uploads\/2024\/10\/image.png\" alt=\"Lab\u0101kais vienreiz\u0113jais vape\" width=\"229\" height=\"300\" \/><\/p>\n<h3><a href=\"https:\/\/wa.me\/8617776015835\"><span style=\"color: #ff0000\"><strong>WhatsApp: +86 17776015835<\/strong><\/span><\/a><\/h3>\n<p>&nbsp;<\/p>","protected":false},"featured_media":2733,"comment_status":"open","ping_status":"closed","template":"","meta":{"_uag_custom_page_level_css":"","_lmt_disableupdate":"no","_lmt_disable":"","site-sidebar-layout":"default","site-content-layout":"content-boxed-container","ast-site-content-layout":"normal-width-container","site-content-style":"boxed","site-sidebar-style":"unboxed","ast-global-header-display":"","ast-banner-title-visibility":"","ast-main-header-display":"","ast-hfb-above-header-display":"","ast-hfb-below-header-display":"","ast-hfb-mobile-header-display":"","site-post-title":"","ast-breadcrumbs-content":"","ast-featured-img":"","footer-sml-layout":"","ast-disable-related-posts":"","theme-transparent-header-meta":"default","adv-header-id-meta":"","stick-header-meta":"","header-above-stick-meta":"","header-main-stick-meta":"","header-below-stick-meta":"","astra-migrate-meta-layouts":"set","ast-page-background-enabled":"default","ast-page-background-meta":{"desktop":{"background-color":"var(--ast-global-color-4)","background-image":"","background-repeat":"repeat","background-position":"center center","background-size":"auto","background-attachment":"scroll","background-type":"","background-media":"","overlay-type":"","overlay-color":"","overlay-opacity":"","overlay-gradient":""},"tablet":{"background-color":"","background-image":"","background-repeat":"repeat","background-position":"center center","background-size":"auto","background-attachment":"scroll","background-type":"","background-media":"","overlay-type":"","overlay-color":"","overlay-opacity":"","overlay-gradient":""},"mobile":{"background-color":"","background-image":"","background-repeat":"repeat","background-position":"center center","background-size":"auto","background-attachment":"scroll","background-type":"","background-media":"","overlay-type":"","overlay-color":"","overlay-opacity":"","overlay-gradient":""}},"ast-content-background-meta":{"desktop":{"background-color":"var(--ast-global-color-5)","background-image":"","background-repeat":"repeat","background-position":"center center","background-size":"auto","background-attachment":"scroll","background-type":"","background-media":"","overlay-type":"","overlay-color":"","overlay-opacity":"","overlay-gradient":""},"tablet":{"background-color":"var(--ast-global-color-5)","background-image":"","background-repeat":"repeat","background-position":"center center","background-size":"auto","background-attachment":"scroll","background-type":"","background-media":"","overlay-type":"","overlay-color":"","overlay-opacity":"","overlay-gradient":""},"mobile":{"background-color":"var(--ast-global-color-5)","background-image":"","background-repeat":"repeat","background-position":"center center","background-size":"auto","background-attachment":"scroll","background-type":"","background-media":"","overlay-type":"","overlay-color":"","overlay-opacity":"","overlay-gradient":""}},"_joinchat":[]},"product_brand":[],"product_cat":[15,27,51,25,123,30,26,28,31,137,136,135],"product_tag":[212,214,39,213,38],"class_list":{"0":"post-2729","1":"product","2":"type-product","3":"status-publish","4":"has-post-thumbnail","6":"product_cat-new-vape-this-week","7":"product_cat-fance-hot-sale-vape","8":"product_cat-fumot-vape","9":"product_cat-germany-best-selling-vape","10":"product_cat-italy-wholesale-vape","11":"product_cat-minimum-order-quantity-50pcs","12":"product_cat-netherlands-hot-sale-vape","13":"product_cat-poland-hot-sale-vape","14":"product_cat-randm-fumot-vape","15":"product_cat-rechargeable-vapes","16":"product_cat-smart-screen-vapes","17":"product_cat-spain-best-hot-sale-vape","18":"product_tag-fumot-12000","19":"product_tag-fumot-12k","20":"product_tag-fumot-vape","21":"product_tag-randm-12000","22":"product_tag-randm-vape","23":"desktop-align-left","24":"tablet-align-left","25":"mobile-align-left","27":"first","28":"instock","29":"sale","30":"shipping-taxable","31":"purchasable","32":"product-type-simple"},"uagb_featured_image_src":{"full":["https:\/\/rmvapesale.com\/wp-content\/uploads\/2024\/11\/RandM-Vape-12000-Puffs-Disposable-Vape-Cheap-Price.jpg",800,800,false],"thumbnail":["https:\/\/rmvapesale.com\/wp-content\/uploads\/2024\/11\/RandM-Vape-12000-Puffs-Disposable-Vape-Cheap-Price-150x150.jpg",150,150,true],"medium":["https:\/\/rmvapesale.com\/wp-content\/uploads\/2024\/11\/RandM-Vape-12000-Puffs-Disposable-Vape-Cheap-Price-300x300.jpg",300,300,true],"medium_large":["https:\/\/rmvapesale.com\/wp-content\/uploads\/2024\/11\/RandM-Vape-12000-Puffs-Disposable-Vape-Cheap-Price-768x768.jpg",768,768,true],"large":["https:\/\/rmvapesale.com\/wp-content\/uploads\/2024\/11\/RandM-Vape-12000-Puffs-Disposable-Vape-Cheap-Price.jpg",800,800,false],"1536x1536":["https:\/\/rmvapesale.com\/wp-content\/uploads\/2024\/11\/RandM-Vape-12000-Puffs-Disposable-Vape-Cheap-Price.jpg",800,800,false],"2048x2048":["https:\/\/rmvapesale.com\/wp-content\/uploads\/2024\/11\/RandM-Vape-12000-Puffs-Disposable-Vape-Cheap-Price.jpg",800,800,false],"trp-custom-language-flag":["https:\/\/rmvapesale.com\/wp-content\/uploads\/2024\/11\/RandM-Vape-12000-Puffs-Disposable-Vape-Cheap-Price.jpg",12,12,false],"woocommerce_thumbnail":["https:\/\/rmvapesale.com\/wp-content\/uploads\/2024\/11\/RandM-Vape-12000-Puffs-Disposable-Vape-Cheap-Price-300x300.jpg",300,300,true],"woocommerce_single":["https:\/\/rmvapesale.com\/wp-content\/uploads\/2024\/11\/RandM-Vape-12000-Puffs-Disposable-Vape-Cheap-Price-600x600.jpg",600,600,true],"woocommerce_gallery_thumbnail":["https:\/\/rmvapesale.com\/wp-content\/uploads\/2024\/11\/RandM-Vape-12000-Puffs-Disposable-Vape-Cheap-Price-100x100.jpg",100,100,true],"wcpr-photo-reviews":["https:\/\/rmvapesale.com\/wp-content\/uploads\/2024\/11\/RandM-Vape-12000-Puffs-Disposable-Vape-Cheap-Price.jpg",500,500,false]},"uagb_author_info":{"display_name":"AMY","author_link":"https:\/\/rmvapesale.com\/lv\/author\/"},"uagb_comment_info":0,"uagb_excerpt":"Fumot RandM 12000 Puffs Digital Box Disposable Vape Fumot 12000 Rechargeable Disposable Vape Wholesale Price RandM Vape Fumot 12000 Low Nicotine Disposable Vape 2% WhatsApp: +86 17776015835 &nbsp;","_links":{"self":[{"href":"https:\/\/rmvapesale.com\/lv\/wp-json\/wp\/v2\/product\/2729","targetHints":{"allow":["GET"]}}],"collection":[{"href":"https:\/\/rmvapesale.com\/lv\/wp-json\/wp\/v2\/product"}],"about":[{"href":"https:\/\/rmvapesale.com\/lv\/wp-json\/wp\/v2\/types\/product"}],"replies":[{"embeddable":true,"href":"https:\/\/rmvapesale.com\/lv\/wp-json\/wp\/v2\/comments?post=2729"}],"wp:featuredmedia":[{"embeddable":true,"href":"https:\/\/rmvapesale.com\/lv\/wp-json\/wp\/v2\/media\/2733"}],"wp:attachment":[{"href":"https:\/\/rmvapesale.com\/lv\/wp-json\/wp\/v2\/media?parent=2729"}],"wp:term":[{"taxonomy":"product_brand","embeddable":true,"href":"https:\/\/rmvapesale.com\/lv\/wp-json\/wp\/v2\/product_brand?post=2729"},{"taxonomy":"product_cat","embeddable":true,"href":"https:\/\/rmvapesale.com\/lv\/wp-json\/wp\/v2\/product_cat?post=2729"},{"taxonomy":"product_tag","embeddable":true,"href":"https:\/\/rmvapesale.com\/lv\/wp-json\/wp\/v2\/product_tag?post=2729"}],"curies":[{"name":"wp","href":"https:\/\/api.w.org\/{rel}","templated":true}]}}