{"id":2736,"date":"2024-11-15T03:15:27","date_gmt":"2024-11-15T03:15:27","guid":{"rendered":"https:\/\/rmvapesale.com\/?post_type=product&#038;p=2736"},"modified":"2024-11-15T06:57:59","modified_gmt":"2024-11-15T06:57:59","slug":"fumot-randm-digital-box-12000-puffs-disposable-vape-vimot-flavor-bulk-buy-2-5-nicotine","status":"publish","type":"product","link":"https:\/\/rmvapesale.com\/lv\/product\/fumot-randm-digital-box-12000-puffs-disposable-vape-vimot-flavor-bulk-buy-2-5-nicotine\/","title":{"rendered":"Fumot RandM Digital Box 12000 Puffs Vienreiz\u0113j\u0101s lieto\u0161anas Vape Vimot Gar\u0161as Lielapjoma pirkums 2% 5% Nikot\u012bns"},"content":{"rendered":"<div class=\"B2VR9 CJHX3e\">\n<div class=\"wyccme\">\n<h1 class=\"LC20lb MBeuO DKV0Md\">Fumot RandM Digital Box 12000 Puffs Vienreiz\u0113j\u0101s lieto\u0161anas Vape Vimot Gar\u0161as Lielapjoma pirkums 2% 5% Nikot\u012bns<\/h1>\n<div class=\"flex-shrink-0 flex flex-col relative items-end\">\n<div class=\"pt-0\">\n<div class=\"gizmo-bot-avatar flex h-8 w-8 items-center justify-center overflow-hidden rounded-full\">\n<div class=\"relative p-1 rounded-sm flex items-center justify-center bg-token-main-surface-primary text-token-text-primary h-8 w-8\">\n<p>Fumot Randm Digital Box 12000 Puffs vienreiz\u0113j\u0101s lieto\u0161anas vape ir paredz\u0113ts tiem, kas mekl\u0113 ilgsto\u0161u veiktsp\u0113ju un spilgtu iztvaiko\u0161anas pieredzi. \u0160im RandM vape ir iespaid\u012bga 20 ml e-\u0161\u0137idruma ietilp\u012bba, kas nodro\u0161ina l\u012bdz pat 12 000 uzp\u016btienu vien\u0101 ier\u012bc\u0113, padarot to ide\u0101li piem\u0113rotu ilgsto\u0161ai lieto\u0161anai. Pieejams 2% un 5% nikot\u012bna stiprum\u0101, tas atbilst da\u017e\u0101d\u0101m v\u0113lm\u0113m neatkar\u012bgi no t\u0101, vai mekl\u0113jat sp\u0113c\u012bgu triecienu vai maig\u0101ku variantu. \u0160is Fumot 12000, kas apr\u012bkots ar digit\u0101lo displeju, \u013cauj uzraudz\u012bt gan e-\u0161\u0137idruma, gan akumulatora l\u012bmeni, lai j\u016bs nekad netiktu pie\u0137erts nesagatavots. \u0112rt\u0101 C tipa uzl\u0101des ligzda apvienojum\u0101 ar 850 mAh uzl\u0101d\u0113jamu akumulatoru nodro\u0161ina \u0101tru un efekt\u012bvu uzl\u0101di, lai j\u016bs var\u0113tu turpin\u0101t darbu.<\/p>\n<p>Randm Digital Box 12000 Puffs vienreiz\u0113j\u0101s lieto\u0161anas vape Vimot gar\u0161\u0101 nodro\u0161ina izteiksm\u012bgu gar\u0161u un sp\u0113c\u012bgus m\u0101ko\u0146us, kas ir lieliski piem\u0113roti visas dienas vape pieredzei. Ar savu iztur\u012bgo konstrukciju un gludo dizainu \u0161is RandM 12000 vape \u0113rti iegulst j\u016bsu rok\u0101 un kabat\u0101. Neatkar\u012bgi no t\u0101, vai esat ikdieni\u0161\u0137s veipot\u0101js vai k\u0101ds, kuram pat\u012bk vienreiz\u0113j\u0101s lieto\u0161anas ier\u012b\u010du \u0113rt\u012bbas, Fumot 12k pied\u0101v\u0101 apmierino\u0161u, viegli lietojamu iesp\u0113ju augstas kvalit\u0101tes veipo\u0161anai. Lielapjoma pirkumu iesp\u0113jas ir pieejamas Rmvapesale, padarot to par lielisku izv\u0113li vairumtirgot\u0101jiem, kuri v\u0113las apmierin\u0101t lielu piepras\u012bjumu ar uzticamu, gar\u0161\u012bgu un efekt\u012bvu vape produktu par vairumtirdzniec\u012bbas cenu.<\/p>\n<p>&nbsp;<\/p>\n<\/div>\n<\/div>\n<\/div>\n<\/div>\n<\/div>\n<\/div>\n<p><strong>Sazinieties ar Eimiju, lai ieg\u016btu pareizo atbildi un veipu kuponu!<\/strong><\/p>\n<p><img loading=\"lazy\" decoding=\"async\" class=\"size-full wp-image-1978\" src=\"https:\/\/rmvapesale.com\/wp-content\/uploads\/2024\/09\/Disposable-Vape-Wholesale.jpg\" alt=\"Vienreiz\u0113jais vape vairumtirdzniec\u012bba\" width=\"229\" height=\"300\" \/><\/p>\n<h3><a href=\"https:\/\/wa.me\/8617776015835\" target=\"_blank\" rel=\"noopener\"><span style=\"color: #ff0000\"><strong>WhatsApp: +86 17776015835<\/strong><\/span><\/a><\/h3>\n<p>&nbsp;<\/p>\n<h2><\/h2>\n<h2><strong>Randm 12000 uzp\u016btienu galven\u0101s iez\u012bmes<\/strong><\/h2>\n<ul>\n<li>Ilgsto\u0161i 12 000 uzp\u016btienu ar 20 ml e-\u0161\u0137idruma<\/li>\n<li>Uzl\u0101d\u0113jams 850 mAh akumulators ar C tipa portu<\/li>\n<li>Digit\u0101lais displejs e-\u0161\u0137idruma un akumulatora statusam<\/li>\n<li>Pieejams 0%, 2%, 3% un 5% nikot\u012bna variantos<\/li>\n<li>Lielapjoma pirkumu iesp\u0113jas vairumtirdzniec\u012bbai<\/li>\n<\/ul>\n<p>&nbsp;<\/p>\n<h2><strong>Popul\u0101r\u0101k\u0101s gar\u0161as Fumot 12000 Puffs<\/strong><\/h2>\n<p>1 V\u0113s\u0101 piparm\u0113tra <span style=\"color: #ff0000\"><strong>&gt;&gt;&gt;&gt; Karsti!<\/strong><\/span><br \/>\n2 Arb\u016bzu ledus<br \/>\n3 V\u012bnogu ledus<br \/>\n4 Mellenes un avenes <span style=\"color: #ff0000\"><strong>&gt;&gt;&gt;&gt; Karsti!<\/strong><\/span><br \/>\n5 Zemenes un arb\u016bzs<br \/>\n6 Zemenes un ban\u0101ns<br \/>\n7 Sul\u012bgs ledus<br \/>\n8 \u0136ir\u0161u<br \/>\n9 Zeme\u0146u ledus<br \/>\n10 Ledus sald\u0113jums<br \/>\n11 Roz\u0101 limon\u0101de <span style=\"color: #ff0000\"><strong>&gt;&gt;&gt;&gt; Karsti!<\/strong><\/span><br \/>\n12 Mango uz ledus<br \/>\n13 Jauktas ogas<br \/>\n14 Zeme\u0146u virtulis<br \/>\n15 Zeme\u0146u v\u012bnogu<br \/>\n16 \u0136ir\u0161u kola<br \/>\n17 Dr zils<br \/>\n18 Melle\u0146u uz ledus <span style=\"color: #ff0000\"><strong>&gt;&gt;&gt;&gt; Karsti!<\/strong><\/span><br \/>\n19 Kivi pasifloru aug\u013cu gvajava<br \/>\n20 Zeme\u0146u kivi<br \/>\n21 Persiku mango<br \/>\n22 Persiku ledus<br \/>\n23 Sarkano \u0101bolu ledus<br \/>\n24 Melle\u0146u ko\u0161\u013c\u0101jam\u0101 gumija <span style=\"color: #ff0000\"><strong>&gt;&gt;&gt;&gt; Viss lab\u0101kais!<\/strong><\/span><br \/>\n25 Ogu limon\u0101de<br \/>\n26 Zilo ave\u0146u limon\u0101de<br \/>\n27 Melle\u0146u ave\u0146u<br \/>\n28 Zeme\u0146u sarkanais bullis<br \/>\n29 \u0100bolu ogu spr\u0101dziens<br \/>\n30 Arb\u016bzu ko\u0161\u013c\u0101jam\u0101 gumija<br \/>\n31 Ave\u0146u arb\u016bzs<br \/>\n32 Melnais ledus<br \/>\n33 Melle\u0146u \u0137ir\u0161u dz\u0113rve\u0146u<br \/>\n34 Zeme\u0146u pomp (gran\u0101t\u0101bols)<br \/>\n35 Vimto<br \/>\n36 \u0136ir\u0161u oga<br \/>\n37 Citrons<br \/>\n38 Bingo Drupin\u0101t<br \/>\n39 Mellenes kivi<br \/>\n40 \u0100bolu Kan\u0113lis<\/p>\n<h3><\/h3>\n<h3><strong>K\u0101p\u0113c izv\u0113l\u0113ties Rmvapesale RandM Digital Box 12000 ieg\u0101dei <\/strong><strong>V<\/strong><strong>ape Vairumtirdzniec\u012bba<\/strong><strong>?<\/strong><\/h3>\n<div class=\"flex-shrink-0 flex flex-col relative items-end\">\n<div class=\"pt-0\">\n<div class=\"gizmo-bot-avatar flex h-8 w-8 items-center justify-center overflow-hidden rounded-full\">\n<div class=\"relative p-1 rounded-sm flex items-center justify-center bg-token-main-surface-primary text-token-text-primary h-8 w-8\">\n<p>Laipni l\u016bdzam Rmvapesale, j\u016bsu uzticamaj\u0101 tvaiku veikal\u0101, kur\u0101 ir pieejami augst\u0101k\u0101s kvalit\u0101tes vienreizlietojamie tvaiki. Ar vair\u0101k nek\u0101 5 gadu pieredzi m\u0113s pied\u0101v\u0101jam jums t\u0101dus popul\u0101rus vienreizlietojamo tvaiku z\u012bmolus k\u0101 Al Fakher, <a href=\"https:\/\/rmvapesale.com\/lv\/product\/vapme-crystal-7000-puffs-rechargeable-disposable-vape-price\/\">Vapme<\/a>, <a href=\"https:\/\/rmvapesale.com\/lv\/product-category\/bang-vapes\/\">Bang Vape<\/a>, Waspe, <a href=\"https:\/\/rmvapesale.com\/lv\/product\/wga-crystal-pro-max-extra-15k-puffs-disposable-vape-wholesale\/\">WGA<\/a> Vape un<a href=\"https:\/\/rmvapesale.com\/lv\/product-category\/randm-fumot-vape\/\"> RandM Vape<\/a>.<\/p>\n<p>M\u016bsu kl\u0101st\u0101 ir t\u0101di popul\u0101ri tvaiki k\u0101 <a href=\"https:\/\/rmvapesale.com\/lv\/product\/fumot-digital-box-12000-disposable-vape-pink-lemonade-flavor\/\">RandM 12000<\/a> un gar\u0161\u0101m bag\u0101tas izv\u0113les, piem\u0113ram, <a href=\"https:\/\/rmvapesale.com\/lv\/product\/wga-crystal-pro-max-extra-15k-puffs-disposable-vape-wholesale\/\">WGA 15K<\/a>. Katrs produkts tiek izv\u0113l\u0113ts, piev\u0113r\u0161ot uzman\u012bbu kvalit\u0101tei, v\u0113rt\u012bbai un daudzveid\u012bbai, nodro\u0161inot, ka j\u016bs atrad\u012bsiet sev piem\u0113rot\u0101ko. Atkl\u0101jiet izcilu servisu un pla\u0161u augst\u0101k\u0101s klases produktu kl\u0101stu Rmvapesale.<\/p>\n<\/div>\n<h3><\/h3>\n<div class=\"relative p-1 rounded-sm flex items-center justify-center bg-token-main-surface-primary text-token-text-primary h-8 w-8\">\n<h3><b>Fumot 12000 Dvesmas Uzl\u0101d\u0113jams Vienreiz\u0113j\u0101s lieto\u0161anas Tvaic\u0113t\u0101js FAQ<\/b><\/h3>\n<div class=\"flex-shrink-0 flex flex-col relative items-end\">\n<div>\n<div class=\"pt-0\">\n<div class=\"gizmo-bot-avatar flex h-8 w-8 items-center justify-center overflow-hidden rounded-full\">\n<div class=\"relative p-1 rounded-sm flex items-center justify-center bg-token-main-surface-primary text-token-text-primary h-8 w-8\"><\/div>\n<\/div>\n<\/div>\n<\/div>\n<\/div>\n<div class=\"group\/conversation-turn relative flex w-full min-w-0 flex-col agent-turn\">\n<div class=\"flex-col gap-1 md:gap-3\">\n<div class=\"flex max-w-full flex-col flex-grow\">\n<div class=\"min-h-8 text-message flex w-full flex-col items-end gap-2 whitespace-normal break-words [.text-message+&amp;]:mt-5\" dir=\"auto\" data-message-author-role=\"assistant\" data-message-id=\"00c9b302-bc9c-4550-94ba-5a295efa2be3\" data-message-model-slug=\"gpt-4o\">\n<div class=\"flex w-full flex-col gap-1 empty:hidden first:pt-[3px]\">\n<div class=\"markdown prose w-full break-words dark:prose-invert light\">\n<ol>\n<li><strong>Cik daudz uzp\u016b\u0161u nodro\u0161ina Fumot 12000 Digital Box Vape?<\/strong><br \/>\nFumot 12000 Digital Box Vape nodro\u0161ina l\u012bdz pat 12 000 uzp\u016btieniem.<\/li>\n<li><strong>K\u0101da ir popul\u0101r\u0101k\u0101 gar\u0161a RandM 12000 vienreiz\u0113j\u0101s lieto\u0161anas vape?<\/strong><br \/>\nPopul\u0101r\u0101k\u0101s RandM 12000 vienreiz\u0113j\u0101s lieto\u0161anas vape gar\u0161as ir \u013coti da\u017e\u0101das, bet aug\u013cu mais\u012bjumi, piparm\u0113tra un desertu iedvesmotas gar\u0161as bie\u017ei vien ir lietot\u0101ju iecien\u012bt\u0101k\u0101s.<\/li>\n<li><strong>K\u0101 es varu zin\u0101t, kad mans Fumot Vape 12000 Puffs uzl\u0101d\u0113jamais vape ir tuk\u0161s?<\/strong><br \/>\nFumot 12000 Digital Box Vape ier\u012bcei ir digit\u0101ls displejs, kas par\u0101da e-\u0161\u0137idruma l\u012bmeni. Kad e-\u0161\u0137idruma l\u012bme\u0146a indikators ir zems vai tuk\u0161s, ir laiks nomain\u012bt ier\u012bci vai uzpild\u012bt, ja tas ir uzpild\u0101ms modelis.<\/li>\n<li><strong>Cik daudz nikot\u012bna ir Fumot Digital Box 12000 vienreiz\u0113j\u0101s lieto\u0161anas e-cigaret\u0113?<\/strong><br \/>\nFumot Digital Box 12000 vienreiz\u0113j\u0101s lieto\u0161anas vape pied\u0101v\u0101 nikot\u012bna stiprumu 0%, 2%, 3% un 5%, \u013caujot lietot\u0101jiem izv\u0113l\u0113ties atbilsto\u0161i sav\u0101m v\u0113lm\u0113m.<\/li>\n<li><strong>Cik ilgs laiks nepiecie\u0161ams, lai piln\u012bb\u0101 uzl\u0101d\u0113tu Fumot 12000 vape?<\/strong><br \/>\nAr savu 850 mAh uzl\u0101d\u0113jamo akumulatoru un C tipa uzl\u0101des portu, Fumot 12000 vape parasti piln\u012bb\u0101 uzl\u0101d\u0113jas aptuveni 1\u20132 stundu laik\u0101, atkar\u012bb\u0101 no baro\u0161anas avota.<\/li>\n<li><strong>Kur ieg\u0101d\u0101ties RandM Digital Box 12000 uzp\u016btienu tvaikus par vairumtirdzniec\u012bbas cenu?<\/strong><br \/>\nRandM Digital Box 12000 uzp\u016btienu veipus var ieg\u0101d\u0101ties par vairumtirdzniec\u012bbas cen\u0101m vietn\u0113 <a href=\"https:\/\/rmvapesale.com\/lv\/\" target=\"_new\" rel=\"noopener\">Rmvapesale<\/a>, tie\u0161saistes veipu veikal\u0101, kas paz\u012bstams ar veipu vairumtirdzniec\u012bbas pieg\u0101d\u0113m.<\/li>\n<li><strong>Vai es dr\u012bkstu lidma\u0161\u012bn\u0101 \u0146emt vienreizlietojamu vape?<\/strong><br \/>\nJ\u0101, vienreiz\u0113j\u0101s lieto\u0161anas veipu var \u0146emt l\u012bdzi lidma\u0161\u012bn\u0101, bet tas j\u0101p\u0101rvad\u0101 rokas bag\u0101\u017e\u0101. Tom\u0113r p\u0101rbaudiet aviokomp\u0101nijas politiku, jo ierobe\u017eojumi var at\u0161\u0137irties.<\/li>\n<\/ol>\n<\/div>\n<\/div>\n<\/div>\n<\/div>\n<\/div>\n<\/div>\n<\/div>\n<div class=\"mb-2 flex gap-3 empty:hidden -ml-2\"><\/div>\n<p>&nbsp;<\/p>\n<\/div>\n<\/div>\n<\/div>\n<h3>Par s\u016bt\u012bjumu<\/h3>\n<div class=\"flex-shrink-0 flex flex-col relative items-end\">\n<div>\n<div class=\"pt-0\">\n<div class=\"gizmo-bot-avatar flex h-8 w-8 items-center justify-center overflow-hidden rounded-full\">\n<div><\/div>\n<div class=\"relative p-1 rounded-sm flex items-center justify-center bg-token-main-surface-primary text-token-text-primary h-8 w-8\"><strong>1. K\u0101das pieg\u0101des metodes tiek izmantotas?<\/strong><\/div>\n<\/div>\n<\/div>\n<\/div>\n<\/div>\n<div class=\"group\/conversation-turn relative flex w-full min-w-0 flex-col agent-turn\">\n<div class=\"flex-col gap-1 md:gap-3\">\n<div class=\"flex max-w-full flex-col flex-grow\">\n<div class=\"min-h-[20px] text-message flex w-full flex-col items-end gap-2 whitespace-normal break-words [.text-message+&amp;]:mt-5 overflow-x-auto\" dir=\"auto\" data-message-author-role=\"assistant\" data-message-id=\"22f8283b-3233-46ff-89a5-c7a41b33abda\">\n<div class=\"flex w-full flex-col gap-1 empty:hidden first:pt-[3px]\">\n<div class=\"markdown prose w-full break-words dark:prose-invert light\">\n<p>M\u0113s sadarbojamies ar UPS, DHL, FedEx, DPD un citiem vado\u0161ajiem p\u0101rvad\u0101t\u0101jiem. M\u0113s izv\u0113l\u0113simies lab\u0101ko pieg\u0101des veidu, pamatojoties uz j\u016bsu pieg\u0101des vietu, lai nodro\u0161in\u0101tu, ka j\u016bs sa\u0146emat savus produktus p\u0113c iesp\u0113jas \u0101tr\u0101k.<\/p>\n<\/div>\n<p><strong>2. Cik ilgs laiks paiet, l\u012bdz tas pien\u0101k?<\/strong><\/p>\n<p>Pieg\u0101des uz Latviju parasti ierodas 10 darba dienu laik\u0101. Pieg\u0101de uz Eiropas valst\u012bm parasti aiz\u0146em apm\u0113ram 12-15 darba dienas. M\u0113s nodro\u0161in\u0101sim re\u0101llaika atjaunin\u0101jumus par j\u016bsu pieg\u0101des statusu.<\/p>\n<\/div>\n<\/div>\n<\/div>\n<\/div>\n<\/div>\n<p>&nbsp;<\/p>\n<p>Atrodiet vair\u0101k Vape produktu, kas jums var\u0113tu patikt:<strong><em><a href=\"https:\/\/rmvapesale.com\/lv\/shop-2\/\">iepirkties tagad &gt;&gt;&gt;<\/a><\/em><\/strong><\/p>","protected":false},"excerpt":{"rendered":"<p>Fumot RandM 12000 Puffs Digital Box vienreizlietojamais veips<br \/>\nFumot 12000 atk\u0101rtoti uzl\u0101d\u0113jams vienreizlietojamais veips, vairumtirdzniec\u012bbas cena<br \/>\nRandM Vape Fumot 12000 vienreizlietojamais veips ar zemu nikot\u012bna saturu 2%<\/p>\n<p><img loading=\"lazy\" decoding=\"async\" class=\"size-full wp-image-2375\" src=\"https:\/\/rmvapesale.com\/wp-content\/uploads\/2024\/10\/image.png\" alt=\"Lab\u0101kais vienreiz\u0113jais vape\" width=\"229\" height=\"300\" \/><\/p>\n<h3><a href=\"https:\/\/wa.me\/8617776015835\"><span style=\"color: #ff0000\"><strong>WhatsApp: +86 17776015835<\/strong><\/span><\/a><\/h3>\n<p>&nbsp;<\/p>","protected":false},"featured_media":2732,"comment_status":"open","ping_status":"closed","template":"","meta":{"_uag_custom_page_level_css":"","_lmt_disableupdate":"no","_lmt_disable":"","site-sidebar-layout":"default","site-content-layout":"content-boxed-container","ast-site-content-layout":"normal-width-container","site-content-style":"boxed","site-sidebar-style":"unboxed","ast-global-header-display":"","ast-banner-title-visibility":"","ast-main-header-display":"","ast-hfb-above-header-display":"","ast-hfb-below-header-display":"","ast-hfb-mobile-header-display":"","site-post-title":"","ast-breadcrumbs-content":"","ast-featured-img":"","footer-sml-layout":"","ast-disable-related-posts":"","theme-transparent-header-meta":"default","adv-header-id-meta":"","stick-header-meta":"","header-above-stick-meta":"","header-main-stick-meta":"","header-below-stick-meta":"","astra-migrate-meta-layouts":"set","ast-page-background-enabled":"default","ast-page-background-meta":{"desktop":{"background-color":"var(--ast-global-color-4)","background-image":"","background-repeat":"repeat","background-position":"center center","background-size":"auto","background-attachment":"scroll","background-type":"","background-media":"","overlay-type":"","overlay-color":"","overlay-opacity":"","overlay-gradient":""},"tablet":{"background-color":"","background-image":"","background-repeat":"repeat","background-position":"center center","background-size":"auto","background-attachment":"scroll","background-type":"","background-media":"","overlay-type":"","overlay-color":"","overlay-opacity":"","overlay-gradient":""},"mobile":{"background-color":"","background-image":"","background-repeat":"repeat","background-position":"center center","background-size":"auto","background-attachment":"scroll","background-type":"","background-media":"","overlay-type":"","overlay-color":"","overlay-opacity":"","overlay-gradient":""}},"ast-content-background-meta":{"desktop":{"background-color":"var(--ast-global-color-5)","background-image":"","background-repeat":"repeat","background-position":"center center","background-size":"auto","background-attachment":"scroll","background-type":"","background-media":"","overlay-type":"","overlay-color":"","overlay-opacity":"","overlay-gradient":""},"tablet":{"background-color":"var(--ast-global-color-5)","background-image":"","background-repeat":"repeat","background-position":"center center","background-size":"auto","background-attachment":"scroll","background-type":"","background-media":"","overlay-type":"","overlay-color":"","overlay-opacity":"","overlay-gradient":""},"mobile":{"background-color":"var(--ast-global-color-5)","background-image":"","background-repeat":"repeat","background-position":"center center","background-size":"auto","background-attachment":"scroll","background-type":"","background-media":"","overlay-type":"","overlay-color":"","overlay-opacity":"","overlay-gradient":""}},"_joinchat":[]},"product_brand":[],"product_cat":[15,27,51,25,123,30,26,28,31,137,136,135],"product_tag":[212,214,39,213,38],"class_list":{"0":"post-2736","1":"product","2":"type-product","3":"status-publish","4":"has-post-thumbnail","6":"product_cat-new-vape-this-week","7":"product_cat-fance-hot-sale-vape","8":"product_cat-fumot-vape","9":"product_cat-germany-best-selling-vape","10":"product_cat-italy-wholesale-vape","11":"product_cat-minimum-order-quantity-50pcs","12":"product_cat-netherlands-hot-sale-vape","13":"product_cat-poland-hot-sale-vape","14":"product_cat-randm-fumot-vape","15":"product_cat-rechargeable-vapes","16":"product_cat-smart-screen-vapes","17":"product_cat-spain-best-hot-sale-vape","18":"product_tag-fumot-12000","19":"product_tag-fumot-12k","20":"product_tag-fumot-vape","21":"product_tag-randm-12000","22":"product_tag-randm-vape","23":"desktop-align-left","24":"tablet-align-left","25":"mobile-align-left","27":"first","28":"instock","29":"sale","30":"shipping-taxable","31":"purchasable","32":"product-type-simple"},"uagb_featured_image_src":{"full":["https:\/\/rmvapesale.com\/wp-content\/uploads\/2024\/11\/RandM-Digital-12000-Puffs-Disposable-Vape-Wholesale.jpg",800,800,false],"thumbnail":["https:\/\/rmvapesale.com\/wp-content\/uploads\/2024\/11\/RandM-Digital-12000-Puffs-Disposable-Vape-Wholesale-150x150.jpg",150,150,true],"medium":["https:\/\/rmvapesale.com\/wp-content\/uploads\/2024\/11\/RandM-Digital-12000-Puffs-Disposable-Vape-Wholesale-300x300.jpg",300,300,true],"medium_large":["https:\/\/rmvapesale.com\/wp-content\/uploads\/2024\/11\/RandM-Digital-12000-Puffs-Disposable-Vape-Wholesale-768x768.jpg",768,768,true],"large":["https:\/\/rmvapesale.com\/wp-content\/uploads\/2024\/11\/RandM-Digital-12000-Puffs-Disposable-Vape-Wholesale.jpg",800,800,false],"1536x1536":["https:\/\/rmvapesale.com\/wp-content\/uploads\/2024\/11\/RandM-Digital-12000-Puffs-Disposable-Vape-Wholesale.jpg",800,800,false],"2048x2048":["https:\/\/rmvapesale.com\/wp-content\/uploads\/2024\/11\/RandM-Digital-12000-Puffs-Disposable-Vape-Wholesale.jpg",800,800,false],"trp-custom-language-flag":["https:\/\/rmvapesale.com\/wp-content\/uploads\/2024\/11\/RandM-Digital-12000-Puffs-Disposable-Vape-Wholesale.jpg",12,12,false],"woocommerce_thumbnail":["https:\/\/rmvapesale.com\/wp-content\/uploads\/2024\/11\/RandM-Digital-12000-Puffs-Disposable-Vape-Wholesale-300x300.jpg",300,300,true],"woocommerce_single":["https:\/\/rmvapesale.com\/wp-content\/uploads\/2024\/11\/RandM-Digital-12000-Puffs-Disposable-Vape-Wholesale-600x600.jpg",600,600,true],"woocommerce_gallery_thumbnail":["https:\/\/rmvapesale.com\/wp-content\/uploads\/2024\/11\/RandM-Digital-12000-Puffs-Disposable-Vape-Wholesale-100x100.jpg",100,100,true],"wcpr-photo-reviews":["https:\/\/rmvapesale.com\/wp-content\/uploads\/2024\/11\/RandM-Digital-12000-Puffs-Disposable-Vape-Wholesale.jpg",500,500,false]},"uagb_author_info":{"display_name":"AMY","author_link":"https:\/\/rmvapesale.com\/lv\/author\/"},"uagb_comment_info":0,"uagb_excerpt":"Fumot RandM 12000 Puffs Digital Box Disposable Vape Fumot 12000 Rechargeable Disposable Vape Wholesale Price RandM Vape Fumot 12000 Low Nicotine Disposable Vape 2% WhatsApp: +86 17776015835 &nbsp;","_links":{"self":[{"href":"https:\/\/rmvapesale.com\/lv\/wp-json\/wp\/v2\/product\/2736","targetHints":{"allow":["GET"]}}],"collection":[{"href":"https:\/\/rmvapesale.com\/lv\/wp-json\/wp\/v2\/product"}],"about":[{"href":"https:\/\/rmvapesale.com\/lv\/wp-json\/wp\/v2\/types\/product"}],"replies":[{"embeddable":true,"href":"https:\/\/rmvapesale.com\/lv\/wp-json\/wp\/v2\/comments?post=2736"}],"wp:featuredmedia":[{"embeddable":true,"href":"https:\/\/rmvapesale.com\/lv\/wp-json\/wp\/v2\/media\/2732"}],"wp:attachment":[{"href":"https:\/\/rmvapesale.com\/lv\/wp-json\/wp\/v2\/media?parent=2736"}],"wp:term":[{"taxonomy":"product_brand","embeddable":true,"href":"https:\/\/rmvapesale.com\/lv\/wp-json\/wp\/v2\/product_brand?post=2736"},{"taxonomy":"product_cat","embeddable":true,"href":"https:\/\/rmvapesale.com\/lv\/wp-json\/wp\/v2\/product_cat?post=2736"},{"taxonomy":"product_tag","embeddable":true,"href":"https:\/\/rmvapesale.com\/lv\/wp-json\/wp\/v2\/product_tag?post=2736"}],"curies":[{"name":"wp","href":"https:\/\/api.w.org\/{rel}","templated":true}]}}