{"id":2751,"date":"2024-11-18T03:50:24","date_gmt":"2024-11-18T03:50:24","guid":{"rendered":"https:\/\/rmvapesale.com\/?post_type=product&#038;p=2751"},"modified":"2024-11-18T07:14:21","modified_gmt":"2024-11-18T07:14:21","slug":"jnr-falcon-x-18000-puffs-rechargeable-disposable-vape-wholesale-cheap-price","status":"publish","type":"product","link":"https:\/\/rmvapesale.com\/lv\/product\/jnr-falcon-x-18000-puffs-rechargeable-disposable-vape-wholesale-cheap-price\/","title":{"rendered":"JNR Falcon X 18000 Puffs Uzl\u0101d\u0113jams vienreiz\u0113j\u0101s lieto\u0161anas Vape Vairumtirdzniec\u012bba L\u0113ta cena"},"content":{"rendered":"<div class=\"B2VR9 CJHX3e\">\n<div class=\"wyccme\">\n<h1 class=\"LC20lb MBeuO DKV0Md\">JNR Falcon X 18000 Puffs Uzl\u0101d\u0113jams vienreiz\u0113j\u0101s lieto\u0161anas Vape Vairumtirdzniec\u012bba L\u0113ta cena<\/h1>\n<div class=\"flex-shrink-0 flex flex-col relative items-end\">\n<div class=\"pt-0\">\n<div class=\"gizmo-bot-avatar flex h-8 w-8 items-center justify-center overflow-hidden rounded-full\">\n<div class=\"relative p-1 rounded-sm flex items-center justify-center bg-token-main-surface-primary text-token-text-primary h-8 w-8\">\n<p>\u0160is <strong>JNR Falcon X 18000 Puffs Uzl\u0101d\u0113jams Vienreiz\u0113j\u0101s lieto\u0161anas Vape <\/strong>ir moderns ier\u012bces dizains, kas paredz\u0113ts nodro\u0161in\u0101t l\u012bdz pat neticamai <strong>18 000 uzp\u016btienu<\/strong> apmierino\u0161as, arom\u0101tiskas vaping pieredzes. Pild\u012bts ar <strong>24ml augstas kvalit\u0101tes e-\u0161\u0137idruma<\/strong>, \u0161\u012b ier\u012bce ir pieejama da\u017e\u0101d\u0101s 2% <strong>zema nikot\u012bna opcij\u0101s<\/strong> kas apmierina katru gaumi. Elegants, skaidrs dizains ir tikpat stil\u012bgs, cik funkcion\u0101ls, \u013caujot viegli uzraudz\u012bt atliku\u0161\u0101 e-\u0161\u0137idruma l\u012bmeni. Izv\u0113lies no <strong>28 augstas kvalit\u0101tes arom\u0101tiem<\/strong>, tostarp klientu iecien\u012bt\u0101kajiem, piem\u0113ram <strong>Zeme\u0146u Kivi<\/strong>, <strong>Zil\u0101 Avene Ledus<\/strong>, un <strong>\u0136ir\u0161u kola<\/strong>, lai nodro\u0161in\u0101tu neaizmirstamu vaping pieredzi, kas piel\u0101gota tavai gaumei.<\/p>\n<p>\u0160is <strong>JNR 18000 Vienreiz\u0113j\u0101s lieto\u0161anas Vape<\/strong> ir apr\u012bkots ar ilgtsp\u0113j\u012bgu <strong>950mAh uzl\u0101d\u0113jamu akumulatoru<\/strong>, kas nodro\u0161ina vienm\u0113r\u012bgu darb\u012bbu no pirm\u0101s l\u012bdz p\u0113d\u0113jai ieelpo\u0161anai. Ieb\u016bv\u0113ts displejs inform\u0113 par akumulatora un e-\u0161\u0137idruma l\u012bmeni, t\u0101d\u0113j\u0101di nekad neesi p\u0101rsteigts. Ide\u0101li vairumtirdzniec\u012bbas pirc\u0113jiem, \u0161\u012b JNR 18000 vape ier\u012bce ir popul\u0101ra izv\u0113le klientiem, kas mekl\u0113 augstas jaudas, uzticamu vape, kas apvieno \u0113rt\u012bbas, stilu un izcilu v\u0113rt\u012bbu.<\/p>\n<\/div>\n<\/div>\n<\/div>\n<\/div>\n<\/div>\n<\/div>\n<p><strong>Sazinieties ar Eimiju, lai ieg\u016btu pareizo atbildi un veipu kuponu!<\/strong><\/p>\n<p><img loading=\"lazy\" decoding=\"async\" class=\"size-full wp-image-1978\" src=\"https:\/\/rmvapesale.com\/wp-content\/uploads\/2024\/09\/Disposable-Vape-Wholesale.jpg\" alt=\"Vienreiz\u0113jais vape vairumtirdzniec\u012bba\" width=\"229\" height=\"300\" \/><\/p>\n<h3><a href=\"https:\/\/wa.me\/8617776015835\" target=\"_blank\" rel=\"noopener\"><span style=\"color: #ff0000\"><strong>WhatsApp: +86 17776015835<\/strong><\/span><\/a><\/h3>\n<p>&nbsp;<\/p>\n<h2><\/h2>\n<h2><strong>JNR Falcon X 18000 Puffs Galven\u0101s \u012bpa\u0161\u012bbas<\/strong><\/h2>\n<ul>\n<li>L\u012bdz <strong>18 000 uzp\u016btienu<\/strong> ar katru ier\u012bci<\/li>\n<li><strong>950mAh uzl\u0101d\u0113jamu akumulatoru<\/strong> ilgtsp\u0113j\u012bgai darb\u012bbai<\/li>\n<li>Iepriek\u0161 uzpild\u012bts ar <strong>24ml premium e-\u0161\u0137idrums<\/strong><\/li>\n<li>Displeja ekr\u0101ns akumulatora un e-\u0161\u0137idruma l\u012bme\u0146u r\u0101d\u012b\u0161anai<\/li>\n<li>Pieejams k\u0101 <strong>28 unik\u0101li zema nikot\u012bna arom\u0101ti<\/strong><\/li>\n<\/ul>\n<figure id=\"attachment_2745\" aria-describedby=\"caption-attachment-2745\" style=\"width: 800px\" class=\"wp-caption alignnone\"><img loading=\"lazy\" decoding=\"async\" class=\"wp-image-2745 size-full\" src=\"https:\/\/rmvapesale.com\/wp-content\/uploads\/2024\/11\/JNR-18000-Puff-Disposable-Vape.jpg\" alt=\"JNR 18000 P\u016b\u0161amo Vape vienreizlietojams\" width=\"800\" height=\"800\" srcset=\"https:\/\/rmvapesale.com\/wp-content\/uploads\/2024\/11\/JNR-18000-Puff-Disposable-Vape.jpg 800w, https:\/\/rmvapesale.com\/wp-content\/uploads\/2024\/11\/JNR-18000-Puff-Disposable-Vape-300x300.jpg 300w, https:\/\/rmvapesale.com\/wp-content\/uploads\/2024\/11\/JNR-18000-Puff-Disposable-Vape-150x150.jpg 150w, https:\/\/rmvapesale.com\/wp-content\/uploads\/2024\/11\/JNR-18000-Puff-Disposable-Vape-768x768.jpg 768w, https:\/\/rmvapesale.com\/wp-content\/uploads\/2024\/11\/JNR-18000-Puff-Disposable-Vape-600x600.jpg 600w, https:\/\/rmvapesale.com\/wp-content\/uploads\/2024\/11\/JNR-18000-Puff-Disposable-Vape-100x100.jpg 100w\" sizes=\"auto, (max-width: 800px) 100vw, 800px\" \/><figcaption id=\"caption-attachment-2745\" class=\"wp-caption-text\">JNR 18000 P\u016b\u0161amo Vape vienreizlietojams<\/figcaption><\/figure>\n<h2><strong>Galvenais arom\u0101ts JNR JNR Falcon X 18000 P\u016b\u0161iem<\/strong><\/h2>\n<p>1. Zilo ave\u0146u ledus <span style=\"color: #ff0000\"><strong>&gt;&gt;&gt;&gt; Karsti!<\/strong><\/span><br \/>\n2. Mellenes Riekstu <span style=\"color: #ff0000\"><strong>&gt;&gt;&gt;&gt; Karsti!<\/strong><\/span><br \/>\n3. Auksts piparm\u0113tra<br \/>\n4. Kiwija arb\u016bza ledus<br \/>\n5.V\u012bnogu ledus<br \/>\n6. Zeme\u0146u Kiwija<br \/>\n7. Zeme\u0146u arb\u016bza ledus<br \/>\n8. Arb\u016bza ledus<br \/>\n9.Zeme\u0146u ledus<br \/>\n10. Sajaukts ogas <span style=\"color: #ff0000\"><strong>&gt;&gt;&gt;&gt; Viss lab\u0101kais!<\/strong><\/span><br \/>\n11. Arb\u016bzu ko\u0161\u013c\u0101jam\u0101 gumija <span style=\"color: #ff0000\"><strong>&gt;&gt;&gt;&gt; Karsti!<\/strong><\/span><br \/>\n12.Sk\u0101b\u0101 \u0101bolu ledus<br \/>\n13. Persiku Ledus<br \/>\n14. Ogu spr\u0101dziens<br \/>\n15. Mellenes Riekstu \u0137ir\u0161i<br \/>\n16. \u0136ir\u0161u ogas<br \/>\n17. Zeme\u0146u ban\u0101ns<br \/>\n18. Mellenes Kiwija<br \/>\n19. Passion Fruit Kiwi<br \/>\n20. Baltais persiks Razz<br \/>\n21. Zilais Razz \u0137ir\u0161i<br \/>\n22. \u010cerri Arb\u016bza Ledus<br \/>\n23. \u010cerri Kolas<br \/>\n24. Ban\u0101nu Ledus<br \/>\n25. Skittles<br \/>\n26. Tr\u012bsk\u0101r\u0161ais Melone<br \/>\n27. Mr. Blue <span style=\"color: #ff0000\"><strong>&gt;&gt;&gt;&gt; Karsti!<\/strong><\/span><br \/>\n28. \u010cerri Ledus<br \/>\n29. Arb\u016bza L\u012b\u010di<\/p>\n<p>&nbsp;<\/p>\n<h3><strong>K\u0101p\u0113c izv\u0113l\u0113ties Rmvapesale JNR 18000 Puffs <\/strong><strong>V<\/strong><strong>ape Vairumtirdzniec\u012bba<\/strong><strong>?<\/strong><\/h3>\n<div class=\"flex-shrink-0 flex flex-col relative items-end\">\n<div class=\"pt-0\">\n<div class=\"gizmo-bot-avatar flex h-8 w-8 items-center justify-center overflow-hidden rounded-full\">\n<div class=\"relative p-1 rounded-sm flex items-center justify-center bg-token-main-surface-primary text-token-text-primary h-8 w-8\">\n<p>Laipni l\u016bdzam Rmvapesale, j\u016bsu uzticamaj\u0101 tvaiku veikal\u0101, kur\u0101 ir pieejami augst\u0101k\u0101s kvalit\u0101tes vienreizlietojamie tvaiki. Ar vair\u0101k nek\u0101 5 gadu pieredzi m\u0113s pied\u0101v\u0101jam jums t\u0101dus popul\u0101rus vienreizlietojamo tvaiku z\u012bmolus k\u0101 Al Fakher, <a href=\"https:\/\/rmvapesale.com\/lv\/product\/vapme-crystal-7000-puffs-rechargeable-disposable-vape-price\/\">Vapme<\/a>, <a href=\"https:\/\/rmvapesale.com\/lv\/product-category\/bang-vapes\/\">Bang Vape<\/a>, Waspe, <a href=\"https:\/\/rmvapesale.com\/lv\/product\/wga-crystal-pro-max-extra-15k-puffs-disposable-vape-wholesale\/\">WGA<\/a> Vape un<a href=\"https:\/\/rmvapesale.com\/lv\/product-category\/randm-fumot-vape\/\"> RandM Vape<\/a>.<\/p>\n<p>M\u016bsu kl\u0101st\u0101 ir t\u0101di popul\u0101ri tvaiki k\u0101 <a href=\"https:\/\/rmvapesale.com\/lv\/product\/fumot-randm-12000-strawberry-kiwi-flavor-disposable-vape-wholesale-netherlands\/\">RandM 12000 Dvesieni<\/a> un gar\u0161\u0101m bag\u0101tas izv\u0113les, piem\u0113ram, <a href=\"https:\/\/rmvapesale.com\/lv\/product\/wga-crystal-pro-max-extra-15k-puffs-disposable-vape-wholesale\/\">WGA 15K<\/a>. Katrs produkts tiek izv\u0113l\u0113ts, piev\u0113r\u0161ot uzman\u012bbu kvalit\u0101tei, v\u0113rt\u012bbai un daudzveid\u012bbai, nodro\u0161inot, ka j\u016bs atrad\u012bsiet sev piem\u0113rot\u0101ko. Atkl\u0101jiet izcilu servisu un pla\u0161u augst\u0101k\u0101s klases produktu kl\u0101stu Rmvapesale.<\/p>\n<\/div>\n<h3><\/h3>\n<div class=\"relative p-1 rounded-sm flex items-center justify-center bg-token-main-surface-primary text-token-text-primary h-8 w-8\">\n<h3><b>JNR 18000 Puffs Uzl\u0101d\u0113jams Vienreizlietojams Vape Bie\u017e\u0101k Uzdotie Jaut\u0101jumi<\/b><\/h3>\n<div class=\"group\/conversation-turn relative flex w-full min-w-0 flex-col agent-turn\">\n<div class=\"flex-col gap-1 md:gap-3\">\n<div class=\"flex max-w-full flex-col flex-grow\">\n<div class=\"min-h-8 text-message flex w-full flex-col items-end gap-2 whitespace-normal break-words [.text-message+&amp;]:mt-5\" dir=\"auto\" data-message-author-role=\"assistant\" data-message-id=\"00c9b302-bc9c-4550-94ba-5a295efa2be3\" data-message-model-slug=\"gpt-4o\">\n<div class=\"flex w-full flex-col gap-1 empty:hidden first:pt-[3px]\">\n<div class=\"markdown prose w-full break-words dark:prose-invert light\">\n<div class=\"flex-shrink-0 flex flex-col relative items-end\">\n<div>\n<div class=\"pt-0\">\n<div class=\"gizmo-bot-avatar flex h-8 w-8 items-center justify-center overflow-hidden rounded-full\">\n<div class=\"relative p-1 rounded-sm flex items-center justify-center bg-token-main-surface-primary text-token-text-primary h-8 w-8\">\n<div class=\"flex-shrink-0 flex flex-col relative items-end\">\n<div>\n<div class=\"pt-0\">\n<div class=\"gizmo-bot-avatar flex h-8 w-8 items-center justify-center overflow-hidden rounded-full\">\n<div class=\"relative p-1 rounded-sm flex items-center justify-center bg-token-main-surface-primary text-token-text-primary h-8 w-8\">\n<ul>\n<li><strong>Cik p\u016btienu nodro\u0161ina JNR Falcon X 18000 Puffs uzl\u0101d\u0113jama vape?<\/strong><br \/>\nJNR Falcon X pied\u0101v\u0101 l\u012bdz <strong>18 000 uzp\u016btienu<\/strong>, padarot to par vienu no ilg\u0101k darbojo\u0161aj\u0101m vienreiz\u0113j\u0101m vape ier\u012bc\u0113m pieejamaj\u0101m.<\/li>\n<li><strong>K\u0101di ir popul\u0101rie JNR Falcon X 18000 Digit\u0101l\u0101 kaste vape arom\u0101ti?<\/strong><br \/>\nPopul\u0101rie arom\u0101ti ir <strong>Zeme\u0146u arb\u016bza ledus<\/strong>, <strong>Zil\u0101 Avene Ledus<\/strong>, <strong>\u0136ir\u0161u kola<\/strong>, <strong>Persiku ledus<\/strong>, un <strong>Jauktas ogas<\/strong>.<\/li>\n<li><strong>K\u0101 es zinu, kad mana JNR Vape JNR18000 Puffs ir tuk\u0161a?<\/strong><br \/>\nJNR Falcon X ir apr\u012bkots ar <strong>digit\u0101lo displeju<\/strong> kas r\u0101da atliku\u0161\u0101 e-\u0161\u0137idruma un akumulatora l\u012bme\u0146a indikatoru, pal\u012bdzot uzraudz\u012bt, kad tas ir gandr\u012bz beidzies vai tuk\u0161s.<\/li>\n<li><strong>Cik daudz nikot\u012bna ir JNR 18000 Puffs vienreiz\u0113j\u0101 vape?<\/strong><br \/>\nJNR 18000 Puffs vienreiz\u0113j\u0101 vape ir pieejama ar <strong>2% (20mg)<\/strong> or <strong>5% (50mg)<\/strong> nikot\u012bna s\u0101li, apmierinot da\u017e\u0101das preferences.<\/li>\n<li><strong>Cik ilgi ir nepiecie\u0161ams piln\u012bb\u0101 uzl\u0101d\u0113t JNR 18000 vienreiz\u0113jo vape?<\/strong><br \/>\nIzmantojot t\u0101s <strong>Type-C \u0101tr\u0101s uzl\u0101des portu<\/strong>, JNR 18000 parasti uzl\u0101d\u0113jas piln\u012bb\u0101 l\u012bdz <strong>1 l\u012bdz 1.5 stund\u0101s<\/strong>.<\/li>\n<li><strong>Kur ieg\u0101d\u0101ties JNR Falcon X 18000 vape vairumtirdzniec\u012bbas cen\u0101s?<\/strong><br \/>\nLai ieg\u016btu lab\u0101k\u0101s vairumtirdzniec\u012bbas cenas, ieteicams apmekl\u0113t <strong>Rmvapesale<\/strong>, tie\u0161saistes vape veikalu, kas pied\u0101v\u0101 konkur\u0113tsp\u0113j\u012bgas cenas lielapjoma pirkumiem.<\/li>\n<\/ul>\n<\/div>\n<\/div>\n<\/div>\n<\/div>\n<\/div>\n<\/div>\n<\/div>\n<\/div>\n<\/div>\n<\/div>\n<div class=\"group\/conversation-turn relative flex w-full min-w-0 flex-col agent-turn\">\n<div class=\"flex-col gap-1 md:gap-3\">\n<div class=\"flex max-w-full flex-col flex-grow\">\n<div class=\"min-h-8 text-message flex w-full flex-col items-end gap-2 whitespace-normal break-words [.text-message+&amp;]:mt-5\" dir=\"auto\" data-message-author-role=\"assistant\" data-message-id=\"a3dc01bd-23b0-4fd7-bb9a-7827522cefd8\" data-message-model-slug=\"gpt-4o\">\n<div class=\"flex w-full flex-col gap-1 empty:hidden first:pt-[3px]\">\n<div class=\"markdown prose w-full break-words dark:prose-invert light\">\n<p>&nbsp;<\/p>\n<\/div>\n<\/div>\n<\/div>\n<\/div>\n<\/div>\n<\/div>\n<\/div>\n<\/div>\n<\/div>\n<\/div>\n<\/div>\n<\/div>\n<\/div>\n<div class=\"mb-2 flex gap-3 empty:hidden -ml-2\"><\/div>\n<p>&nbsp;<\/p>\n<\/div>\n<\/div>\n<\/div>\n<h3>Par s\u016bt\u012bjumu<\/h3>\n<div class=\"flex-shrink-0 flex flex-col relative items-end\">\n<div>\n<div class=\"pt-0\">\n<div class=\"gizmo-bot-avatar flex h-8 w-8 items-center justify-center overflow-hidden rounded-full\">\n<div><\/div>\n<div class=\"relative p-1 rounded-sm flex items-center justify-center bg-token-main-surface-primary text-token-text-primary h-8 w-8\"><strong>1. K\u0101das pieg\u0101des metodes tiek izmantotas?<\/strong><\/div>\n<\/div>\n<\/div>\n<\/div>\n<\/div>\n<div class=\"group\/conversation-turn relative flex w-full min-w-0 flex-col agent-turn\">\n<div class=\"flex-col gap-1 md:gap-3\">\n<div class=\"flex max-w-full flex-col flex-grow\">\n<div class=\"min-h-[20px] text-message flex w-full flex-col items-end gap-2 whitespace-normal break-words [.text-message+&amp;]:mt-5 overflow-x-auto\" dir=\"auto\" data-message-author-role=\"assistant\" data-message-id=\"22f8283b-3233-46ff-89a5-c7a41b33abda\">\n<div class=\"flex w-full flex-col gap-1 empty:hidden first:pt-[3px]\">\n<div class=\"markdown prose w-full break-words dark:prose-invert light\">\n<p>M\u0113s sadarbojamies ar UPS, DHL, FedEx, DPD un citiem vado\u0161ajiem p\u0101rvad\u0101t\u0101jiem. M\u0113s izv\u0113l\u0113simies lab\u0101ko pieg\u0101des veidu, pamatojoties uz j\u016bsu pieg\u0101des vietu, lai nodro\u0161in\u0101tu, ka j\u016bs sa\u0146emat savus produktus p\u0113c iesp\u0113jas \u0101tr\u0101k.<\/p>\n<\/div>\n<p><strong>2. Cik ilgs laiks paiet, l\u012bdz tas pien\u0101k?<\/strong><\/p>\n<p>Pieg\u0101des uz Latviju parasti ierodas 10 darba dienu laik\u0101. Pieg\u0101de uz Eiropas valst\u012bm parasti aiz\u0146em apm\u0113ram 12-15 darba dienas. M\u0113s nodro\u0161in\u0101sim re\u0101llaika atjaunin\u0101jumus par j\u016bsu pieg\u0101des statusu.<\/p>\n<\/div>\n<\/div>\n<\/div>\n<\/div>\n<\/div>\n<p>&nbsp;<\/p>\n<p>Atrodiet vair\u0101k Vape produktu, kas jums var\u0113tu patikt:<strong><em><a href=\"https:\/\/rmvapesale.com\/lv\/shop-2\/\">iepirkties tagad &gt;&gt;&gt;<\/a><\/em><\/strong><\/p>","protected":false},"excerpt":{"rendered":"<p>\u0160is <strong>JNR Falcon X 18000 Puffs Uzl\u0101d\u0113jams Vienreiz\u0113j\u0101s lieto\u0161anas Vape <\/strong>ir moderns ier\u012bces dizains, kas paredz\u0113ts nodro\u0161in\u0101t l\u012bdz pat neticamai <strong>18 000 uzp\u016btienu<\/strong> apmierino\u0161as, arom\u0101tiskas vaping pieredzes. Pild\u012bts ar <strong>24ml augstas kvalit\u0101tes e-\u0161\u0137idruma<\/strong>, \u0161\u012b ier\u012bce ir pieejama da\u017e\u0101d\u0101s 2% <strong>zema nikot\u012bna opcij\u0101s<\/strong> kas apmierina katru gaumi.<\/p>\n<p><img loading=\"lazy\" decoding=\"async\" class=\"size-full wp-image-2375\" src=\"https:\/\/rmvapesale.com\/wp-content\/uploads\/2024\/10\/image.png\" alt=\"Lab\u0101kais vienreiz\u0113jais vape\" width=\"229\" height=\"300\" \/><\/p>\n<h3><a href=\"https:\/\/wa.me\/8617776015835\"><span style=\"color: #ff0000\"><strong>WhatsApp: +86 17776015835<\/strong><\/span><\/a><\/h3>\n<p>&nbsp;<\/p>","protected":false},"featured_media":2748,"comment_status":"open","ping_status":"closed","template":"","meta":{"_uag_custom_page_level_css":"","_lmt_disableupdate":"no","_lmt_disable":"","site-sidebar-layout":"default","site-content-layout":"content-boxed-container","ast-site-content-layout":"normal-width-container","site-content-style":"boxed","site-sidebar-style":"unboxed","ast-global-header-display":"","ast-banner-title-visibility":"","ast-main-header-display":"","ast-hfb-above-header-display":"","ast-hfb-below-header-display":"","ast-hfb-mobile-header-display":"","site-post-title":"","ast-breadcrumbs-content":"","ast-featured-img":"","footer-sml-layout":"","theme-transparent-header-meta":"default","adv-header-id-meta":"","stick-header-meta":"","header-above-stick-meta":"","header-main-stick-meta":"","header-below-stick-meta":"","astra-migrate-meta-layouts":"set","ast-page-background-enabled":"default","ast-page-background-meta":{"desktop":{"background-color":"var(--ast-global-color-4)","background-image":"","background-repeat":"repeat","background-position":"center center","background-size":"auto","background-attachment":"scroll","background-type":"","background-media":"","overlay-type":"","overlay-color":"","overlay-opacity":"","overlay-gradient":""},"tablet":{"background-color":"","background-image":"","background-repeat":"repeat","background-position":"center center","background-size":"auto","background-attachment":"scroll","background-type":"","background-media":"","overlay-type":"","overlay-color":"","overlay-opacity":"","overlay-gradient":""},"mobile":{"background-color":"","background-image":"","background-repeat":"repeat","background-position":"center center","background-size":"auto","background-attachment":"scroll","background-type":"","background-media":"","overlay-type":"","overlay-color":"","overlay-opacity":"","overlay-gradient":""}},"ast-content-background-meta":{"desktop":{"background-color":"var(--ast-global-color-5)","background-image":"","background-repeat":"repeat","background-position":"center center","background-size":"auto","background-attachment":"scroll","background-type":"","background-media":"","overlay-type":"","overlay-color":"","overlay-opacity":"","overlay-gradient":""},"tablet":{"background-color":"var(--ast-global-color-5)","background-image":"","background-repeat":"repeat","background-position":"center center","background-size":"auto","background-attachment":"scroll","background-type":"","background-media":"","overlay-type":"","overlay-color":"","overlay-opacity":"","overlay-gradient":""},"mobile":{"background-color":"var(--ast-global-color-5)","background-image":"","background-repeat":"repeat","background-position":"center center","background-size":"auto","background-attachment":"scroll","background-type":"","background-media":"","overlay-type":"","overlay-color":"","overlay-opacity":"","overlay-gradient":""}},"_joinchat":[]},"product_brand":[],"product_cat":[15,25,123,26,28,135,27,137,30],"product_tag":[218,217,205],"class_list":{"0":"post-2751","1":"product","2":"type-product","3":"status-publish","4":"has-post-thumbnail","6":"product_cat-new-vape-this-week","7":"product_cat-germany-best-selling-vape","8":"product_cat-italy-wholesale-vape","9":"product_cat-netherlands-hot-sale-vape","10":"product_cat-poland-hot-sale-vape","11":"product_cat-spain-best-hot-sale-vape","12":"product_cat-fance-hot-sale-vape","13":"product_cat-rechargeable-vapes","14":"product_cat-minimum-order-quantity-50pcs","15":"product_tag-jnr-18000-puffs","16":"product_tag-jnr-falcon-x-18000","17":"product_tag-jnr-vape","18":"desktop-align-left","19":"tablet-align-left","20":"mobile-align-left","22":"first","23":"instock","24":"sale","25":"shipping-taxable","26":"purchasable","27":"product-type-simple"},"uagb_featured_image_src":{"full":["https:\/\/rmvapesale.com\/wp-content\/uploads\/2024\/11\/JNR-Falcon-X-18000-Disposable-Vape-Box.jpg",800,800,false],"thumbnail":["https:\/\/rmvapesale.com\/wp-content\/uploads\/2024\/11\/JNR-Falcon-X-18000-Disposable-Vape-Box-150x150.jpg",150,150,true],"medium":["https:\/\/rmvapesale.com\/wp-content\/uploads\/2024\/11\/JNR-Falcon-X-18000-Disposable-Vape-Box-300x300.jpg",300,300,true],"medium_large":["https:\/\/rmvapesale.com\/wp-content\/uploads\/2024\/11\/JNR-Falcon-X-18000-Disposable-Vape-Box-768x768.jpg",768,768,true],"large":["https:\/\/rmvapesale.com\/wp-content\/uploads\/2024\/11\/JNR-Falcon-X-18000-Disposable-Vape-Box.jpg",800,800,false],"1536x1536":["https:\/\/rmvapesale.com\/wp-content\/uploads\/2024\/11\/JNR-Falcon-X-18000-Disposable-Vape-Box.jpg",800,800,false],"2048x2048":["https:\/\/rmvapesale.com\/wp-content\/uploads\/2024\/11\/JNR-Falcon-X-18000-Disposable-Vape-Box.jpg",800,800,false],"trp-custom-language-flag":["https:\/\/rmvapesale.com\/wp-content\/uploads\/2024\/11\/JNR-Falcon-X-18000-Disposable-Vape-Box.jpg",12,12,false],"woocommerce_thumbnail":["https:\/\/rmvapesale.com\/wp-content\/uploads\/2024\/11\/JNR-Falcon-X-18000-Disposable-Vape-Box-300x300.jpg",300,300,true],"woocommerce_single":["https:\/\/rmvapesale.com\/wp-content\/uploads\/2024\/11\/JNR-Falcon-X-18000-Disposable-Vape-Box-600x600.jpg",600,600,true],"woocommerce_gallery_thumbnail":["https:\/\/rmvapesale.com\/wp-content\/uploads\/2024\/11\/JNR-Falcon-X-18000-Disposable-Vape-Box-100x100.jpg",100,100,true],"wcpr-photo-reviews":["https:\/\/rmvapesale.com\/wp-content\/uploads\/2024\/11\/JNR-Falcon-X-18000-Disposable-Vape-Box.jpg",500,500,false]},"uagb_author_info":{"display_name":"AMY","author_link":"https:\/\/rmvapesale.com\/lv\/author\/"},"uagb_comment_info":0,"uagb_excerpt":"The JNR Falcon X 18000 Puffs Rechargeable Disposable Vape is a cutting-edge device designed to deliver up to an incredible 18,000 puffs of satisfying, flavorful vaping. Pre-filled with 24ml of premium e-liquid, this device is available in an array of 2% low nicotine options that cater to every preference. WhatsApp: +86 17776015835 &nbsp;","_links":{"self":[{"href":"https:\/\/rmvapesale.com\/lv\/wp-json\/wp\/v2\/product\/2751","targetHints":{"allow":["GET"]}}],"collection":[{"href":"https:\/\/rmvapesale.com\/lv\/wp-json\/wp\/v2\/product"}],"about":[{"href":"https:\/\/rmvapesale.com\/lv\/wp-json\/wp\/v2\/types\/product"}],"replies":[{"embeddable":true,"href":"https:\/\/rmvapesale.com\/lv\/wp-json\/wp\/v2\/comments?post=2751"}],"wp:featuredmedia":[{"embeddable":true,"href":"https:\/\/rmvapesale.com\/lv\/wp-json\/wp\/v2\/media\/2748"}],"wp:attachment":[{"href":"https:\/\/rmvapesale.com\/lv\/wp-json\/wp\/v2\/media?parent=2751"}],"wp:term":[{"taxonomy":"product_brand","embeddable":true,"href":"https:\/\/rmvapesale.com\/lv\/wp-json\/wp\/v2\/product_brand?post=2751"},{"taxonomy":"product_cat","embeddable":true,"href":"https:\/\/rmvapesale.com\/lv\/wp-json\/wp\/v2\/product_cat?post=2751"},{"taxonomy":"product_tag","embeddable":true,"href":"https:\/\/rmvapesale.com\/lv\/wp-json\/wp\/v2\/product_tag?post=2751"}],"curies":[{"name":"wp","href":"https:\/\/api.w.org\/{rel}","templated":true}]}}