{"id":2761,"date":"2024-11-20T07:54:06","date_gmt":"2024-11-20T07:54:06","guid":{"rendered":"https:\/\/rmvapesale.com\/?post_type=product&#038;p=2761"},"modified":"2024-11-20T08:51:16","modified_gmt":"2024-11-20T08:51:16","slug":"waspe-vape-40000-puffs-double-flavor-led-screen-disposable-vape-wholesale-price","status":"publish","type":"product","link":"https:\/\/rmvapesale.com\/lv\/product\/waspe-vape-40000-puffs-double-flavor-led-screen-disposable-vape-wholesale-price\/","title":{"rendered":"WASPE Vape 40000 Puffs Dubult\u0101 gar\u0161a LED ekr\u0101na vienreiz\u0113j\u0101s lieto\u0161anas Vape Vairumtirdzniec\u012bbas cena"},"content":{"rendered":"<div class=\"B2VR9 CJHX3e\">\n<div class=\"wyccme\">\n<h1 class=\"LC20lb MBeuO DKV0Md\">WASPE Vape 40000 Puffs Dubult\u0101 gar\u0161a LED ekr\u0101na vienreiz\u0113j\u0101s lieto\u0161anas Vape Vairumtirdzniec\u012bbas cena<\/h1>\n<div class=\"flex-shrink-0 flex flex-col relative items-end\">\n<div class=\"pt-0\">\n<div class=\"gizmo-bot-avatar flex h-8 w-8 items-center justify-center overflow-hidden rounded-full\">\n<div class=\"relative p-1 rounded-sm flex items-center justify-center bg-token-main-surface-primary text-token-text-primary h-8 w-8\">\n<p>\u0160is <strong>WASPE Vape 40000 uzp\u016btienu divk\u0101r\u0161a arom\u0101ta vienreiz\u0113j\u0101s lieto\u0161anas vape<\/strong>ir novatoriska ier\u012bce, kas paredz\u0113ta veipot\u0101jiem, kuri mekl\u0113 ilgsto\u0161u darb\u012bbu, \u0113rt\u012bbas un spilgtu gar\u0161u pieredzi. \u0160is inovat\u012bvais vape apvieno <strong>divk\u0101r\u0161u arom\u0101tu tehnolo\u0123iju<\/strong> ar jaud\u012bgu uzl\u0101d\u0113jamu akumulatoru, nodro\u0161inot, ka katrs uzp\u016btiens ir apmierino\u0161s un vienm\u0113r\u012bgs. \u0160\u012b ier\u012bce izce\u013cas ar savu <strong>divk\u0101r\u0161u arom\u0101tu tehnolo\u0123iju<\/strong> un <strong>40 000 uzp\u016btienu ietilp\u012bbu<\/strong>, padarot to par lab\u0101ko izv\u0113li ikvienam, kas v\u0113las apvienot \u0113rt\u012bbas ar izcilu veipo\u0161anas pieredzi. T\u0101s <strong>p\u0101rn\u0113s\u0101jamais un apkopes zi\u0146\u0101 vienk\u0101r\u0161ais dizains<\/strong> ir lieliski piem\u0113rots ikdienas lieto\u0161anai, savuk\u0101rt viedais LED ekr\u0101ns nodro\u0161ina, ka j\u016bs vienm\u0113r kontrol\u0113jat savu ier\u012bci.<\/p>\n<\/div>\n<p>\u0160is <strong>WASPE Vape vienreiz\u0113j\u0101s lieto\u0161anas vape<\/strong> ir ide\u0101li piem\u0113rots tiem, kas atrodas <strong>vape vairumtirdzniec\u012bbas tirg\u016b<\/strong>. Ar sav\u0101m <strong>inovat\u012bvaj\u0101m funkcij\u0101m<\/strong>, iztur\u012bgo dizainu un lielo uzp\u016btienu ietilp\u012bbu \u0161is produkts ir oblig\u0101ts j\u016bsu invent\u0101r\u0101. T\u0101 <strong>vairumtirdzniec\u012bbas cena<\/strong> un popularit\u0101te <strong>vienreiz\u0113j\u0101s lieto\u0161anas veipu z\u012bmoliem<\/strong> kategorij\u0101 padara to par izcilu izv\u0113li. Uzlabojiet savu veipo\u0161anas pieredzi ar <strong>WASPE 40K dubult\u0101s gar\u0161as vape<\/strong>\u2014kur progres\u012bvas tehnolo\u0123ijas satiekas ar drosm\u012bg\u0101m, apmierino\u0161\u0101m gar\u0161\u0101m. Lieliski piem\u0113rots person\u012bgai lieto\u0161anai vai vairumtirdzniec\u012bbas ieg\u0101dei!<\/p>\n<\/div>\n<\/div>\n<\/div>\n<\/div>\n<\/div>\n<p><strong>Sazinieties ar Eimiju, lai ieg\u016btu pareizo atbildi un veipu kuponu!<\/strong><\/p>\n<p><img loading=\"lazy\" decoding=\"async\" class=\"size-full wp-image-1978\" src=\"https:\/\/rmvapesale.com\/wp-content\/uploads\/2024\/09\/Disposable-Vape-Wholesale.jpg\" alt=\"Vienreiz\u0113jais vape vairumtirdzniec\u012bba\" width=\"229\" height=\"300\" \/><\/p>\n<h3><a href=\"https:\/\/wa.me\/8617776015835\" target=\"_blank\" rel=\"noopener\"><span style=\"color: #ff0000\"><strong>WhatsApp: +86 17776015835<\/strong><\/span><\/a><\/h3>\n<p>&nbsp;<\/p>\n<h2><\/h2>\n<h2><strong>WASPE Vape 40000 uzp\u016btienu galven\u0101s iez\u012bmes<\/strong><\/h2>\n<ul>\n<li><strong>Nep\u0101rsp\u0113jama uzp\u016btienu ietilp\u012bba<\/strong>: Ar neticamu <strong>40 000 dvesmu<\/strong>40 000 uzp\u016btienu<\/li>\n<li><strong>, \u0161\u012b ier\u012bce pied\u0101v\u0101 nep\u0101rsp\u0113jamu ilgm\u016b\u017e\u012bbu, nov\u0113r\u0161ot bie\u017eas nomai\u0146as probl\u0113mas.<\/strong>D\u0101sns e-\u0161\u0137idruma tilpums <strong>: Iepriek\u0161 piepild\u012bts ar<\/strong>36 ml augst\u0101k\u0101s kvalit\u0101tes e-\u0161\u0137idruma<\/li>\n<li><strong>, nodro\u0161inot ilgsto\u0161u tvaic\u0113\u0161anas sesiju ar maz\u0101kiem p\u0101rtraukumiem.<\/strong>: Apr\u012bkots ar <strong>Uzl\u0101d\u0113jams 850 mAh akumulators<\/strong>C tipa \u0101tr\u0101s uzl\u0101des ports <strong>uzl\u0101d\u0113jamais veips<\/strong> , akumulators nodro\u0161ina \u0101tru uzl\u0101di un past\u0101v\u012bgu jaudu, padarot to par ide\u0101lu<\/li>\n<li><strong>tvaic\u0113t\u0101jiem, kas atrodas ce\u013c\u0101.<\/strong>Dubult\u0101s sieta spoles<\/li>\n<li><strong>Nikot\u012bna opcijas<\/strong>: Pieejams <strong>: Uzlabota spoles tehnolo\u0123ija uzlabo gar\u0161as pieg\u0101di un rada gludus, bl\u012bvus m\u0101ko\u0146us, kas ir lieliski piem\u0113roti gar\u0161as entuziastiem.<\/strong>0%, 2% vai 5% nikot\u012bna stiprums<\/li>\n<li><strong>, kas atbilst da\u017e\u0101d\u0101m v\u0113lm\u0113m piel\u0101gojamai pieredzei.<\/strong>Dubult\u0101s gar\u0161as inov\u0101cija <strong>divas at\u0161\u0137ir\u012bgas gar\u0161as<\/strong> vien\u0101 ier\u012bc\u0113, piem\u0113ram, <em>Zeme\u0146u ban\u0101ns<\/em> savienots p\u0101r\u012b ar <em>Anan\u0101su kokosriekstu ledu<\/em>, lai ieg\u016btu atsvaidzino\u0161u un unik\u0101lu tvaic\u0113\u0161anas ce\u013cojumu.<\/li>\n<li><strong>LED ekr\u0101na displejs<\/strong>: Esiet inform\u0113ts ar <strong>inteli\u0123ento LED ekr\u0101nu<\/strong>, kas nodro\u0161ina re\u0101llaika datus par uzp\u016btienu skaitu, akumulatora darb\u012bbas laiku un akt\u012bvo gar\u0161u.<\/li>\n<li>&nbsp;\n<p><figure id=\"attachment_2757\" aria-describedby=\"caption-attachment-2757\" style=\"width: 800px\" class=\"wp-caption alignnone\"><img loading=\"lazy\" decoding=\"async\" class=\"wp-image-2757 size-full\" src=\"https:\/\/rmvapesale.com\/wp-content\/uploads\/2024\/11\/Waspe-40000-Puffs-Dispsoable-Vape-Wholesale.jpg\" alt=\"Waspe 40000 Dvesienu Vienreiz\u0113j\u0101s Lieto\u0161anas Vape Vairumtirdzniec\u012bba\" width=\"800\" height=\"800\" srcset=\"https:\/\/rmvapesale.com\/wp-content\/uploads\/2024\/11\/Waspe-40000-Puffs-Dispsoable-Vape-Wholesale.jpg 800w, https:\/\/rmvapesale.com\/wp-content\/uploads\/2024\/11\/Waspe-40000-Puffs-Dispsoable-Vape-Wholesale-300x300.jpg 300w, https:\/\/rmvapesale.com\/wp-content\/uploads\/2024\/11\/Waspe-40000-Puffs-Dispsoable-Vape-Wholesale-150x150.jpg 150w, https:\/\/rmvapesale.com\/wp-content\/uploads\/2024\/11\/Waspe-40000-Puffs-Dispsoable-Vape-Wholesale-768x768.jpg 768w, https:\/\/rmvapesale.com\/wp-content\/uploads\/2024\/11\/Waspe-40000-Puffs-Dispsoable-Vape-Wholesale-600x600.jpg 600w, https:\/\/rmvapesale.com\/wp-content\/uploads\/2024\/11\/Waspe-40000-Puffs-Dispsoable-Vape-Wholesale-100x100.jpg 100w\" sizes=\"auto, (max-width: 800px) 100vw, 800px\" \/><figcaption id=\"caption-attachment-2757\" class=\"wp-caption-text\">Waspe 40000 Dvesienu Vienreiz\u0113j\u0101s Lieto\u0161anas Vape Vairumtirdzniec\u012bba<\/figcaption><\/figure><\/li>\n<\/ul>\n<h2><strong>Lab\u0101k\u0101 Gar\u0161a WASPE Vape 40k Dvesieniem<\/strong><\/h2>\n<p>1 arb\u016bzu ledus \/ citronu laims <span style=\"color: #ff0000\"><strong>&gt;&gt;&gt;&gt; Karsti!<\/strong><\/span><br \/>\n2 dzirksto\u0161s \u0137ir\u0161u ledus \/ melle\u0146u vates konfektes<br \/>\n3 zeme\u0146u arb\u016bzs \/ melle\u0146u ave\u0146u <span style=\"color: #ff0000\"><strong>&gt;&gt;&gt;&gt; Karsti!<\/strong><\/span><br \/>\n4 red bull ledus \/ zeme\u0146u mango<br \/>\n5 persiku ledus \/ anan\u0101su mango persiks<br \/>\n6 v\u012bnogu ledus \/ zeme\u0146u kivi<br \/>\n7 jauktas ogas \/ dubult\u0101 \u0101bolu ledus<br \/>\n8 zilo ave\u0146u limon\u0101de \/ arb\u016bzu ko\u0161\u013c\u0101jam\u0101 gumija<br \/>\n9 zeme\u0146u ave\u0146u \u0137irsis \/ love 666<br \/>\n10 zeme\u0146u ban\u0101ns \/ anan\u0101su kokosriekstu ledus<br \/>\n11 zeme\u0146u arb\u016bzu ko\u0161\u013c\u0101jam\u0101 gumija \/ jaukti aug\u013ci<br \/>\n12 \u0137ir\u0161u kolas ledus \/ zeme\u0146u ave\u0146u konfektes <span style=\"color: #ff0000\"><strong>&gt;&gt;&gt;&gt; Viss lab\u0101kais!<\/strong><\/span><br \/>\n13 sk\u0101bu \u0101bolu ave\u0146u \/ zeme\u0146u lielais spr\u0101dziens<br \/>\n14 persiku oga \/ arb\u016bzu mango persiks<br \/>\n15 melle\u0146u ledus \/ meln\u0101 p\u016b\u0137a ledus<br \/>\n16 zeme\u0146u \u0137irsis \/ kivi pasifloru gvajava<\/p>\n<p>&nbsp;<\/p>\n<h3><strong>K\u0101p\u0113c Izv\u0113l\u0113ties Rmvapesale Waspe 40000 Dvesieniem <\/strong><strong>V<\/strong><strong>ape Vairumtirdzniec\u012bba<\/strong><strong>?<\/strong><\/h3>\n<div class=\"flex-shrink-0 flex flex-col relative items-end\">\n<div class=\"pt-0\">\n<div class=\"gizmo-bot-avatar flex h-8 w-8 items-center justify-center overflow-hidden rounded-full\">\n<div class=\"relative p-1 rounded-sm flex items-center justify-center bg-token-main-surface-primary text-token-text-primary h-8 w-8\">\n<p>Laipni l\u016bdzam Rmvapesale, j\u016bsu uzticamaj\u0101 tvaiku veikal\u0101, kur\u0101 ir pieejami augst\u0101k\u0101s kvalit\u0101tes vienreizlietojamie tvaiki. Ar vair\u0101k nek\u0101 5 gadu pieredzi m\u0113s pied\u0101v\u0101jam jums t\u0101dus popul\u0101rus vienreizlietojamo tvaiku z\u012bmolus k\u0101 Al Fakher, <a href=\"https:\/\/rmvapesale.com\/lv\/product\/vapme-crystal-7000-puffs-rechargeable-disposable-vape-price\/\">Vapme<\/a>, <a href=\"https:\/\/rmvapesale.com\/lv\/product-category\/bang-vapes\/\">Bang Vape<\/a>, Waspe, <a href=\"https:\/\/rmvapesale.com\/lv\/product\/wga-crystal-pro-max-extra-15k-puffs-disposable-vape-wholesale\/\">WGA<\/a> Vape un<a href=\"https:\/\/rmvapesale.com\/lv\/product-category\/randm-fumot-vape\/\"> RandM Vape<\/a>.<\/p>\n<p>M\u016bsu kl\u0101st\u0101 ir t\u0101di popul\u0101ri tvaiki k\u0101 <a href=\"https:\/\/rmvapesale.com\/lv\/product\/fumot-randm-12000-strawberry-kiwi-flavor-disposable-vape-wholesale-netherlands\/\">RandM 12000 Dvesieni<\/a> un gar\u0161\u0101m bag\u0101tas izv\u0113les, piem\u0113ram, <a href=\"https:\/\/rmvapesale.com\/lv\/product\/wga-crystal-pro-max-extra-15k-puffs-disposable-vape-wholesale\/\">WGA 15K<\/a>. Katrs produkts tiek izv\u0113l\u0113ts, piev\u0113r\u0161ot uzman\u012bbu kvalit\u0101tei, v\u0113rt\u012bbai un daudzveid\u012bbai, nodro\u0161inot, ka j\u016bs atrad\u012bsiet sev piem\u0113rot\u0101ko. Atkl\u0101jiet izcilu servisu un pla\u0161u augst\u0101k\u0101s klases produktu kl\u0101stu Rmvapesale.<\/p>\n<\/div>\n<h3><\/h3>\n<div class=\"relative p-1 rounded-sm flex items-center justify-center bg-token-main-surface-primary text-token-text-primary h-8 w-8\">\n<h3><b>Waspe 40000 Puffs Uzl\u0101d\u0113jam\u0101 Vienreiz\u0113j\u0101s Lieto\u0161anas Vape Bie\u017e\u0101k Uzdotie Jaut\u0101jumi<\/b><\/h3>\n<div class=\"group\/conversation-turn relative flex w-full min-w-0 flex-col agent-turn\">\n<div class=\"flex-col gap-1 md:gap-3\">\n<div class=\"flex max-w-full flex-col flex-grow\">\n<div class=\"min-h-8 text-message flex w-full flex-col items-end gap-2 whitespace-normal break-words [.text-message+&amp;]:mt-5\" dir=\"auto\" data-message-author-role=\"assistant\" data-message-id=\"00c9b302-bc9c-4550-94ba-5a295efa2be3\" data-message-model-slug=\"gpt-4o\">\n<div class=\"flex w-full flex-col gap-1 empty:hidden first:pt-[3px]\">\n<div class=\"markdown prose w-full break-words dark:prose-invert light\">\n<div class=\"flex-shrink-0 flex flex-col relative items-end\">\n<div>\n<div class=\"pt-0\">\n<div class=\"gizmo-bot-avatar flex h-8 w-8 items-center justify-center overflow-hidden rounded-full\">\n<div class=\"relative p-1 rounded-sm flex items-center justify-center bg-token-main-surface-primary text-token-text-primary h-8 w-8\">\n<div class=\"flex-shrink-0 flex flex-col relative items-end\">\n<div>\n<div class=\"pt-0\">\n<div class=\"gizmo-bot-avatar flex h-8 w-8 items-center justify-center overflow-hidden rounded-full\">\n<div class=\"relative p-1 rounded-sm flex items-center justify-center bg-token-main-surface-primary text-token-text-primary h-8 w-8\">\n<p><strong>J: K\u0101di ir popul\u0101rie arom\u0101ti Waspe 40000 Puffs vienreiz\u0113j\u0101s lieto\u0161anas vape pildspalvai?<\/strong><br \/>\nA: The <strong>Waspe Vape 40000 Puffs<\/strong> pied\u0101v\u0101 divu arom\u0101tu kombin\u0101cijas, piem\u0113ram, <em>Zeme\u0146u ban\u0101ns<\/em> un <em>Anan\u0101su kokosriekstu ledu<\/em>, padarot to par lab\u0101ko izv\u0113li tiem, kas mekl\u0113 atsvaidzino\u0161u un unik\u0101lu gar\u0161as pieredzi.<\/p>\n<p><strong>J: K\u0101 es varu zin\u0101t, kad mans Waspe 40000 Smart Vape ir tuk\u0161s?<\/strong><br \/>\nA: The <strong>LED ekr\u0101na displejs<\/strong> uz Waspe 40000 Smart Vape par\u0101da e-\u0161\u0137idruma l\u012bmeni. Kad tas nor\u0101da, ka e-\u0161\u0137idrums ir tuk\u0161s, ir pien\u0101cis laiks nomain\u012bt ier\u012bci.<\/p>\n<p><strong>J: Cik ilgs laiks nepiecie\u0161ams, lai uzl\u0101d\u0113tu Waspe 40000 uzl\u0101d\u0113jamu vape?<\/strong><br \/>\nA: Waspe 40000 izmanto <strong>Uzl\u0101d\u0113jams 850 mAh akumulators<\/strong>, kas \u013cauj to piln\u012bb\u0101 uzl\u0101d\u0113t apm\u0113ram <strong>45-60 min\u016btes<\/strong>.<\/p>\n<p><strong>J: Cik daudz nikot\u012bna ir Waspe 40000 vienreiz\u0113j\u0101s lieto\u0161anas vape?<\/strong><br \/>\nA: Waspe 40000 ir pieejams <strong>: Uzlabota spoles tehnolo\u0123ija uzlabo gar\u0161as pieg\u0101di un rada gludus, bl\u012bvus m\u0101ko\u0146us, kas ir lieliski piem\u0113roti gar\u0161as entuziastiem.<\/strong> (ekvivalents 50 mg 5% opcijai), kas atbilst da\u017e\u0101d\u0101m v\u0113lm\u0113m.<\/p>\n<p><strong>J: Kur es varu ieg\u0101d\u0101ties Waspe 40000 Puff Vapes par vairumtirdzniec\u012bbas cen\u0101m?<\/strong><br \/>\nA: The <strong>Waspe 40000 Puffs Vienreiz\u0113j\u0101s Lieto\u0161anas Vape<\/strong> ir pieejams caur <strong>veipu vairumtirdzniec\u012bbai<\/strong> izplat\u012bt\u0101jiem un tie\u0161saistes mazumtirgot\u0101jiem, kas specializ\u0113jas <strong>vairumtirdzniec\u012bba<\/strong> un <strong>popul\u0101ri vienreiz\u0113j\u0101s lieto\u0161anas iztvaic\u0113t\u0101ju z\u012bmoli<\/strong>.<\/p>\n<p><strong>J: Cik daudz uzp\u016b\u0161u nodro\u0161ina Waspe Vape 40000 Puffs?<\/strong><br \/>\nA: Waspe Vape pied\u0101v\u0101 iespaid\u012bgu <strong>40 000 dvesmu<\/strong>, nodro\u0161inot ilgsto\u0161u apmierin\u0101jumu un \u0113rt\u012bbas.<\/p>\n<p><strong>J: Cik ilgs laiks nepiecie\u0161ams, lai piln\u012bb\u0101 uzl\u0101d\u0113tu Waspe 40000 vienreiz\u0113j\u0101s lieto\u0161anas iztvaic\u0113t\u0101ju?<\/strong><br \/>\nA: Lai piln\u012bb\u0101 uzl\u0101d\u0113tu Waspe 40000, nepiecie\u0161ams aptuveni <strong>45-60 min\u016btes<\/strong>, pateicoties t\u0101 efekt\u012bvajai <strong>C tipa uzl\u0101des sist\u0113mai<\/strong>.<\/p>\n<\/div>\n<\/div>\n<\/div>\n<\/div>\n<\/div>\n<\/div>\n<\/div>\n<\/div>\n<\/div>\n<\/div>\n<div class=\"group\/conversation-turn relative flex w-full min-w-0 flex-col agent-turn\">\n<div class=\"flex-col gap-1 md:gap-3\">\n<div class=\"flex max-w-full flex-col flex-grow\">\n<div class=\"min-h-8 text-message flex w-full flex-col items-end gap-2 whitespace-normal break-words [.text-message+&amp;]:mt-5\" dir=\"auto\" data-message-author-role=\"assistant\" data-message-id=\"a3dc01bd-23b0-4fd7-bb9a-7827522cefd8\" data-message-model-slug=\"gpt-4o\">\n<div class=\"flex w-full flex-col gap-1 empty:hidden first:pt-[3px]\"><\/div>\n<\/div>\n<\/div>\n<\/div>\n<\/div>\n<\/div>\n<\/div>\n<\/div>\n<\/div>\n<\/div>\n<\/div>\n<\/div>\n<\/div>\n<\/div>\n<\/div>\n<h3>Par s\u016bt\u012bjumu<\/h3>\n<div class=\"flex-shrink-0 flex flex-col relative items-end\">\n<div>\n<div class=\"pt-0\">\n<div class=\"gizmo-bot-avatar flex h-8 w-8 items-center justify-center overflow-hidden rounded-full\">\n<div><\/div>\n<div class=\"relative p-1 rounded-sm flex items-center justify-center bg-token-main-surface-primary text-token-text-primary h-8 w-8\"><strong>1. K\u0101das pieg\u0101des metodes tiek izmantotas?<\/strong><\/div>\n<\/div>\n<\/div>\n<\/div>\n<\/div>\n<div class=\"group\/conversation-turn relative flex w-full min-w-0 flex-col agent-turn\">\n<div class=\"flex-col gap-1 md:gap-3\">\n<div class=\"flex max-w-full flex-col flex-grow\">\n<div class=\"min-h-[20px] text-message flex w-full flex-col items-end gap-2 whitespace-normal break-words [.text-message+&amp;]:mt-5 overflow-x-auto\" dir=\"auto\" data-message-author-role=\"assistant\" data-message-id=\"22f8283b-3233-46ff-89a5-c7a41b33abda\">\n<div class=\"flex w-full flex-col gap-1 empty:hidden first:pt-[3px]\">\n<div class=\"markdown prose w-full break-words dark:prose-invert light\">\n<p>M\u0113s sadarbojamies ar UPS, DHL, FedEx, DPD un citiem vado\u0161ajiem p\u0101rvad\u0101t\u0101jiem. M\u0113s izv\u0113l\u0113simies lab\u0101ko pieg\u0101des veidu, pamatojoties uz j\u016bsu pieg\u0101des vietu, lai nodro\u0161in\u0101tu, ka j\u016bs sa\u0146emat savus produktus p\u0113c iesp\u0113jas \u0101tr\u0101k.<\/p>\n<\/div>\n<p><strong>2. Cik ilgs laiks paiet, l\u012bdz tas pien\u0101k?<\/strong><\/p>\n<p>Pieg\u0101des uz Latviju parasti ierodas 10 darba dienu laik\u0101. Pieg\u0101de uz Eiropas valst\u012bm parasti aiz\u0146em apm\u0113ram 12-15 darba dienas. M\u0113s nodro\u0161in\u0101sim re\u0101llaika atjaunin\u0101jumus par j\u016bsu pieg\u0101des statusu.<\/p>\n<\/div>\n<\/div>\n<\/div>\n<\/div>\n<\/div>\n<p>&nbsp;<\/p>\n<p>Atrodiet vair\u0101k Vape produktu, kas jums var\u0113tu patikt:<strong><em><a href=\"https:\/\/rmvapesale.com\/lv\/shop-2\/\">iepirkties tagad &gt;&gt;&gt;<\/a><\/em><\/strong><\/p>","protected":false},"excerpt":{"rendered":"<p>WASPE Vape 40000 uzp\u016btienu ier\u012bce izce\u013cas ar savu divu gar\u0161u tehnolo\u0123iju un 40 000 uzp\u016btienu ietilp\u012bbu, padarot to par lab\u0101ko izv\u0113li ikvienam, kas v\u0113las apvienot \u0113rt\u012bbas ar izcilu tvaic\u0113\u0161anas pieredzi.<\/p>\n<p><img loading=\"lazy\" decoding=\"async\" class=\"size-full wp-image-2375\" src=\"https:\/\/rmvapesale.com\/wp-content\/uploads\/2024\/10\/image.png\" alt=\"Lab\u0101kais vienreiz\u0113jais vape\" width=\"229\" height=\"300\" \/><\/p>\n<h3><a href=\"https:\/\/wa.me\/8617776015835\"><span style=\"color: #ff0000\"><strong>WhatsApp: +86 17776015835<\/strong><\/span><\/a><\/h3>\n<p>&nbsp;<\/p>","protected":false},"featured_media":2759,"comment_status":"open","ping_status":"closed","template":"","meta":{"_uag_custom_page_level_css":"","_lmt_disableupdate":"no","_lmt_disable":"","site-sidebar-layout":"default","site-content-layout":"content-boxed-container","ast-site-content-layout":"normal-width-container","site-content-style":"boxed","site-sidebar-style":"unboxed","ast-global-header-display":"","ast-banner-title-visibility":"","ast-main-header-display":"","ast-hfb-above-header-display":"","ast-hfb-below-header-display":"","ast-hfb-mobile-header-display":"","site-post-title":"","ast-breadcrumbs-content":"","ast-featured-img":"","footer-sml-layout":"","theme-transparent-header-meta":"default","adv-header-id-meta":"","stick-header-meta":"","header-above-stick-meta":"","header-main-stick-meta":"","header-below-stick-meta":"","astra-migrate-meta-layouts":"set","ast-page-background-enabled":"default","ast-page-background-meta":{"desktop":{"background-color":"var(--ast-global-color-4)","background-image":"","background-repeat":"repeat","background-position":"center center","background-size":"auto","background-attachment":"scroll","background-type":"","background-media":"","overlay-type":"","overlay-color":"","overlay-opacity":"","overlay-gradient":""},"tablet":{"background-color":"","background-image":"","background-repeat":"repeat","background-position":"center center","background-size":"auto","background-attachment":"scroll","background-type":"","background-media":"","overlay-type":"","overlay-color":"","overlay-opacity":"","overlay-gradient":""},"mobile":{"background-color":"","background-image":"","background-repeat":"repeat","background-position":"center center","background-size":"auto","background-attachment":"scroll","background-type":"","background-media":"","overlay-type":"","overlay-color":"","overlay-opacity":"","overlay-gradient":""}},"ast-content-background-meta":{"desktop":{"background-color":"var(--ast-global-color-5)","background-image":"","background-repeat":"repeat","background-position":"center center","background-size":"auto","background-attachment":"scroll","background-type":"","background-media":"","overlay-type":"","overlay-color":"","overlay-opacity":"","overlay-gradient":""},"tablet":{"background-color":"var(--ast-global-color-5)","background-image":"","background-repeat":"repeat","background-position":"center center","background-size":"auto","background-attachment":"scroll","background-type":"","background-media":"","overlay-type":"","overlay-color":"","overlay-opacity":"","overlay-gradient":""},"mobile":{"background-color":"var(--ast-global-color-5)","background-image":"","background-repeat":"repeat","background-position":"center center","background-size":"auto","background-attachment":"scroll","background-type":"","background-media":"","overlay-type":"","overlay-color":"","overlay-opacity":"","overlay-gradient":""}},"_joinchat":[]},"product_brand":[],"product_cat":[15,25,123,26,28,135,27,137,136,30],"product_tag":[222,220,221],"class_list":{"0":"post-2761","1":"product","2":"type-product","3":"status-publish","4":"has-post-thumbnail","6":"product_cat-new-vape-this-week","7":"product_cat-germany-best-selling-vape","8":"product_cat-italy-wholesale-vape","9":"product_cat-netherlands-hot-sale-vape","10":"product_cat-poland-hot-sale-vape","11":"product_cat-spain-best-hot-sale-vape","12":"product_cat-fance-hot-sale-vape","13":"product_cat-rechargeable-vapes","14":"product_cat-smart-screen-vapes","15":"product_cat-minimum-order-quantity-50pcs","16":"product_tag-double-flavor-vape","17":"product_tag-waspe-40000","18":"product_tag-waspe-vape","19":"desktop-align-left","20":"tablet-align-left","21":"mobile-align-left","23":"first","24":"instock","25":"sale","26":"shipping-taxable","27":"purchasable","28":"product-type-simple"},"uagb_featured_image_src":{"full":["https:\/\/rmvapesale.com\/wp-content\/uploads\/2024\/11\/WASPE-40000-Rechargeable-Disposable-Vape.jpg",1000,1000,false],"thumbnail":["https:\/\/rmvapesale.com\/wp-content\/uploads\/2024\/11\/WASPE-40000-Rechargeable-Disposable-Vape-150x150.jpg",150,150,true],"medium":["https:\/\/rmvapesale.com\/wp-content\/uploads\/2024\/11\/WASPE-40000-Rechargeable-Disposable-Vape-300x300.jpg",300,300,true],"medium_large":["https:\/\/rmvapesale.com\/wp-content\/uploads\/2024\/11\/WASPE-40000-Rechargeable-Disposable-Vape-768x768.jpg",768,768,true],"large":["https:\/\/rmvapesale.com\/wp-content\/uploads\/2024\/11\/WASPE-40000-Rechargeable-Disposable-Vape.jpg",1000,1000,false],"1536x1536":["https:\/\/rmvapesale.com\/wp-content\/uploads\/2024\/11\/WASPE-40000-Rechargeable-Disposable-Vape.jpg",1000,1000,false],"2048x2048":["https:\/\/rmvapesale.com\/wp-content\/uploads\/2024\/11\/WASPE-40000-Rechargeable-Disposable-Vape.jpg",1000,1000,false],"trp-custom-language-flag":["https:\/\/rmvapesale.com\/wp-content\/uploads\/2024\/11\/WASPE-40000-Rechargeable-Disposable-Vape.jpg",12,12,false],"woocommerce_thumbnail":["https:\/\/rmvapesale.com\/wp-content\/uploads\/2024\/11\/WASPE-40000-Rechargeable-Disposable-Vape-300x300.jpg",300,300,true],"woocommerce_single":["https:\/\/rmvapesale.com\/wp-content\/uploads\/2024\/11\/WASPE-40000-Rechargeable-Disposable-Vape-600x600.jpg",600,600,true],"woocommerce_gallery_thumbnail":["https:\/\/rmvapesale.com\/wp-content\/uploads\/2024\/11\/WASPE-40000-Rechargeable-Disposable-Vape-100x100.jpg",100,100,true],"wcpr-photo-reviews":["https:\/\/rmvapesale.com\/wp-content\/uploads\/2024\/11\/WASPE-40000-Rechargeable-Disposable-Vape.jpg",500,500,false]},"uagb_author_info":{"display_name":"AMY","author_link":"https:\/\/rmvapesale.com\/lv\/author\/"},"uagb_comment_info":0,"uagb_excerpt":"WASPE Vape 40000 Puffs device stands out with its dual-flavor technology and 40,000-puff capacity, making it a top choice for anyone looking to combine convenience with an exceptional vaping experience. WhatsApp: +86 17776015835 &nbsp;","_links":{"self":[{"href":"https:\/\/rmvapesale.com\/lv\/wp-json\/wp\/v2\/product\/2761","targetHints":{"allow":["GET"]}}],"collection":[{"href":"https:\/\/rmvapesale.com\/lv\/wp-json\/wp\/v2\/product"}],"about":[{"href":"https:\/\/rmvapesale.com\/lv\/wp-json\/wp\/v2\/types\/product"}],"replies":[{"embeddable":true,"href":"https:\/\/rmvapesale.com\/lv\/wp-json\/wp\/v2\/comments?post=2761"}],"wp:featuredmedia":[{"embeddable":true,"href":"https:\/\/rmvapesale.com\/lv\/wp-json\/wp\/v2\/media\/2759"}],"wp:attachment":[{"href":"https:\/\/rmvapesale.com\/lv\/wp-json\/wp\/v2\/media?parent=2761"}],"wp:term":[{"taxonomy":"product_brand","embeddable":true,"href":"https:\/\/rmvapesale.com\/lv\/wp-json\/wp\/v2\/product_brand?post=2761"},{"taxonomy":"product_cat","embeddable":true,"href":"https:\/\/rmvapesale.com\/lv\/wp-json\/wp\/v2\/product_cat?post=2761"},{"taxonomy":"product_tag","embeddable":true,"href":"https:\/\/rmvapesale.com\/lv\/wp-json\/wp\/v2\/product_tag?post=2761"}],"curies":[{"name":"wp","href":"https:\/\/api.w.org\/{rel}","templated":true}]}}