{"id":2776,"date":"2024-11-22T08:14:08","date_gmt":"2024-11-22T08:14:08","guid":{"rendered":"https:\/\/rmvapesale.com\/?post_type=product&#038;p=2776"},"modified":"2024-11-27T02:39:49","modified_gmt":"2024-11-27T02:39:49","slug":"jnr-vapewatch-30000-smart-phone-vapes-wholesale-cheap-price","status":"publish","type":"product","link":"https:\/\/rmvapesale.com\/lv\/product\/jnr-vapewatch-30000-smart-phone-vapes-wholesale-cheap-price\/","title":{"rendered":"JNR Vapewatch 30000 viedt\u0101lru\u0146u tvaic\u0113t\u0101ji vairumtirdzniec\u012bbas l\u0113ta cena"},"content":{"rendered":"<div class=\"B2VR9 CJHX3e\">\n<div class=\"wyccme\">\n<h1 class=\"LC20lb MBeuO DKV0Md\">JNR Vapewatch 30000 viedt\u0101lru\u0146u tvaic\u0113t\u0101ji vairumtirdzniec\u012bbas l\u0113ta cena<\/h1>\n<div class=\"flex-shrink-0 flex flex-col relative items-end\">\n<div class=\"pt-0\">\n<div class=\"gizmo-bot-avatar flex h-8 w-8 items-center justify-center overflow-hidden rounded-full\">\n<div class=\"relative p-1 rounded-sm flex items-center justify-center bg-token-main-surface-primary text-token-text-primary h-8 w-8\">\n<p>Uzlabojiet savu iztvaic\u0113\u0161anas pieredzi ar <strong>JNR VapeWatch 30000 viedt\u0101lru\u0146a vapes<\/strong>, ide\u0101ls modernu dizainu un uzlabotu funkcionalit\u0101ti apvienojums. Ar <strong>no\u0146emamu digit\u0101lu sk\u0101rienekr\u0101nu<\/strong>, \u0161is vape kalpo k\u0101 viedpulkstenis, pied\u0101v\u0101jot <strong>zvanu un \u012bszi\u0146u pazi\u0146ojumus<\/strong>, <strong>blo\u0137\u0113\u0161anas re\u017e\u012bms<\/strong>, un <strong>atrodiet savu vape funkciju<\/strong>. <strong>Parastais re\u017e\u012bms<\/strong> nodro\u0161ina neticamu <strong>30 000 uzp\u016btienu<\/strong>, kam\u0113r <strong>Pulsa re\u017e\u012bms<\/strong> pied\u0101v\u0101 <strong>18 000 uzp\u016btienu<\/strong>, padarot to ide\u0101lu ilgsto\u0161ai lieto\u0161anai. Izgatavots ar <strong>5% nikot\u012bna e-\u0161\u0137idrumu<\/strong>, tas nodro\u0161ina apmierino\u0161u un gar\u0161\u012bgu pieredzi katr\u0101 dvesm\u0101. Neatkar\u012bgi no t\u0101, vai esat ies\u0101c\u0113js vai pieredz\u0113jis vaperis, \u0161\u012b inovat\u012bv\u0101 ier\u012bce ir piel\u0101gota vienm\u0113r\u012bgai un pat\u012bkamai <strong>MTL tvaic\u0113\u0161anai<\/strong>.<\/p>\n<p>Vairumtirdzniec\u012bbas pirc\u0113jiem patiks <strong>JNR VapeWatch 30000<\/strong>daudzpus\u012bba un augst\u0101k\u0101s klases funkcijas. Izmantojot vied\u0101s lietotnes vad\u012bbu, varat p\u0101rraudz\u012bt savu lietojumu, piel\u0101got iestat\u012bjumus un atkl\u0101t patiesi personaliz\u0113tu tvaic\u0113\u0161anas pieredzi. T\u0101 <strong>att\u0101l\u0101s kameras vad\u012bbu<\/strong> pie\u0161\u0137ir ier\u012bcei jautru, unik\u0101lu funkcionalit\u0101ti, savuk\u0101rt t\u0101s gludais dizains padara to par sarunu ierosin\u0101t\u0101ju. \u0160is vape ir pieejams vairum\u0101, un t\u0101 ir lieliska izv\u0113le mazumtirgot\u0101jiem un izplat\u012bt\u0101jiem, kuri mekl\u0113 jaun\u0101k\u0101s vienreiz\u0113j\u0101s lieto\u0161anas vape tehnolo\u0123ijas. Esiet priek\u0161\u0101 tirgum ar \u0161o revolucion\u0101ro ier\u012bci.<\/p>\n<\/div>\n<\/div>\n<\/div>\n<\/div>\n<\/div>\n<\/div>\n<p><strong>Sazinieties ar Eimiju, lai ieg\u016btu pareizo atbildi un veipu kuponu!<\/strong><\/p>\n<p><img loading=\"lazy\" decoding=\"async\" class=\"size-full wp-image-1978\" src=\"https:\/\/rmvapesale.com\/wp-content\/uploads\/2024\/09\/Disposable-Vape-Wholesale.jpg\" alt=\"Vienreiz\u0113jais vape vairumtirdzniec\u012bba\" width=\"229\" height=\"300\" \/><\/p>\n<h3><a href=\"https:\/\/wa.me\/8617776015835\" target=\"_blank\" rel=\"noopener\"><span style=\"color: #ff0000\"><strong>WhatsApp: +86 17776015835<\/strong><\/span><\/a><\/h3>\n<p>&nbsp;<\/p>\n<h2><\/h2>\n<h2><strong>JNR Vapewatch 30000 Puffs galven\u0101s iez\u012bmes<\/strong><\/h2>\n<ul>\n<li><strong>30 000 uzp\u016btienu parastaj\u0101 re\u017e\u012bm\u0101<\/strong>, 18 000 impulsu re\u017e\u012bm\u0101.<\/li>\n<li><strong>Viedpulkste\u0146a funkcijas<\/strong>, tostarp br\u012bdin\u0101jumi par zvaniem un zi\u0146\u0101m.<\/li>\n<li><strong>5% nikot\u012bna e-\u0161\u0137idrumu<\/strong>, ide\u0101li piem\u0113rots vienm\u0113r\u012bgai MTL tvaic\u0113\u0161anai.<\/li>\n<li><strong>atrodiet savu vape funkciju<\/strong> papildu \u0113rt\u012bb\u0101m.<\/li>\n<li><strong>Lietotnes kontrol\u0113ti iestat\u012bjumi<\/strong> personaliz\u0113tai pieredzei.<\/li>\n<\/ul>\n<h2><strong>Popul\u0101r\u0101k\u0101 gar\u0161a JNR Vapewatch 30000<\/strong><\/h2>\n<p>1. Zilo ave\u0146u ledus <span style=\"color: #ff0000\"><strong>&gt;&gt;&gt;&gt; Karsti!<\/strong><\/span><br \/>\n2. Zeme\u0146u ledus<br \/>\n3. Arb\u016bzu ledus<br \/>\n4. Maiami piparm\u0113tra <span style=\"color: #ff0000\"><strong>&gt;&gt;&gt;&gt; Karsti!<\/strong><\/span><br \/>\n5.Zeme\u0146u ban\u0101ns<br \/>\n6.Tr\u012bsk\u0101r\u0161\u0101 Oga <span style=\"color: #ff0000\"><strong>&gt;&gt;&gt;&gt; Viss lab\u0101kais!<\/strong><\/span><br \/>\n7. Sk\u0101bo \u0101bolu ledus<br \/>\n8. Melle\u0146u arb\u016bzs<br \/>\n9.D\u017eord\u017eijas persiks<br \/>\n10.Apels\u012bnu mango<\/p>\n<h3><strong>K\u0101p\u0113c izv\u0113l\u0113ties Rmvapesale JNR Vapewatch 30000 d\u016bmiem <\/strong><strong>V<\/strong><strong>ape Vairumtirdzniec\u012bba<\/strong><strong>?<\/strong><\/h3>\n<div class=\"flex-shrink-0 flex flex-col relative items-end\">\n<div class=\"pt-0\">\n<div class=\"gizmo-bot-avatar flex h-8 w-8 items-center justify-center overflow-hidden rounded-full\">\n<div class=\"relative p-1 rounded-sm flex items-center justify-center bg-token-main-surface-primary text-token-text-primary h-8 w-8\">\n<p>Laipni l\u016bdzam Rmvapesale, j\u016bsu uzticamaj\u0101 tvaiku veikal\u0101, kur\u0101 ir pieejami augst\u0101k\u0101s kvalit\u0101tes vienreizlietojamie tvaiki. Ar vair\u0101k nek\u0101 5 gadu pieredzi m\u0113s pied\u0101v\u0101jam jums t\u0101dus popul\u0101rus vienreizlietojamo tvaiku z\u012bmolus k\u0101 Al Fakher, <a href=\"https:\/\/rmvapesale.com\/lv\/product-category\/bang-vapes\/\">Bang Vape<\/a>, Waspe, WGA Vape un<a href=\"https:\/\/rmvapesale.com\/lv\/product-category\/randm-fumot-vape\/\"> RandM Vape<\/a>.<\/p>\n<p>M\u016bsu kl\u0101st\u0101 ir t\u0101di popul\u0101ri tvaiki k\u0101 <a href=\"https:\/\/rmvapesale.com\/lv\/product\/randm-tornado-15000-puffs-vape-wholesale\/\">RandM Tornado 15000<\/a> un ar gar\u0161\u0101m bag\u0101tas izv\u0113les iesp\u0113jas, piem\u0113ram, Vapme 70000. Katrs produkts ir izv\u0113l\u0113ts, koncentr\u0113joties uz kvalit\u0101ti, v\u0113rt\u012bbu un daudzveid\u012bbu, nodro\u0161inot, ka j\u016bs atrad\u012bsiet sav\u0101m vajadz\u012bb\u0101m ide\u0101li piem\u0113rotu. Atkl\u0101jiet izcilu servisu un pla\u0161u lab\u0101ko produktu kl\u0101stu Rmvapesale.<\/p>\n<\/div>\n<h3><\/h3>\n<div class=\"relative p-1 rounded-sm flex items-center justify-center bg-token-main-surface-primary text-token-text-primary h-8 w-8\">\n<h3><b> BUJ par <\/b><b>Alien JNR Vapewatch 30000 atk\u0101rtoti uzl\u0101d\u0113jams vienreiz\u0113j\u0101s lieto\u0161anas tvaiks<\/b><\/h3>\n<div class=\"group\/conversation-turn relative flex w-full min-w-0 flex-col agent-turn\">\n<div class=\"flex-col gap-1 md:gap-3\">\n<div class=\"flex max-w-full flex-col flex-grow\">\n<div class=\"min-h-8 text-message flex w-full flex-col items-end gap-2 whitespace-normal break-words [.text-message+&amp;]:mt-5\" dir=\"auto\" data-message-author-role=\"assistant\" data-message-id=\"00c9b302-bc9c-4550-94ba-5a295efa2be3\" data-message-model-slug=\"gpt-4o\">\n<div class=\"flex w-full flex-col gap-1 empty:hidden first:pt-[3px]\">\n<div class=\"markdown prose w-full break-words dark:prose-invert light\">\n<div class=\"flex-shrink-0 flex flex-col relative items-end\">\n<div>\n<div class=\"pt-0\">\n<div class=\"gizmo-bot-avatar flex h-8 w-8 items-center justify-center overflow-hidden rounded-full\">\n<div class=\"relative p-1 rounded-sm flex items-center justify-center bg-token-main-surface-primary text-token-text-primary h-8 w-8\">\n<div class=\"flex-shrink-0 flex flex-col relative items-end\">\n<div>\n<div class=\"pt-0\">\n<div class=\"gizmo-bot-avatar flex h-8 w-8 items-center justify-center overflow-hidden rounded-full\">\n<div class=\"relative p-1 rounded-sm flex items-center justify-center bg-token-main-surface-primary text-token-text-primary h-8 w-8\">\n<ul>\n<li><strong>Kur Latvij\u0101 tie\u0161saist\u0113 var ieg\u0101d\u0101ties JNR VapeWatch 30000 viedt\u0101lru\u0146a tvaiku?<\/strong><br \/>\nJ\u016bs varat ieg\u0101d\u0101ties <strong>JNR VapeWatch 30000<\/strong> Viedt\u0101lru\u0146a tvaiks no da\u017e\u0101diem tie\u0161saistes mazumtirgot\u0101jiem, kas specializ\u0113jas <strong>veipu vairumtirdzniec\u012bbai<\/strong> vai vienreiz\u0113j\u0101s lieto\u0161anas tvaika produktiem. P\u0101rliecinieties, vai pieejam\u012bbu p\u0101rbaudiet viet\u0113jos tie\u0161saistes tvaika veikalos vai platform\u0101s, kas paredz\u0113tas Latvijas tirgum.<\/li>\n<li><strong>K\u0101ds ir JNR VapeWatch 33K vienreiz\u0113j\u0101s lieto\u0161anas tvaiku liel\u0101kais d\u016bmu daudzums?<\/strong><br \/>\nJNR VapeWatch nodro\u0161ina l\u012bdz <strong>30 000 uzp\u016btienu<\/strong> in <strong>Parastais re\u017e\u012bms<\/strong>, kas ir augst\u0101kais d\u016bmu skaits \u0161ai ier\u012bcei. (Piez\u012bme: 33K var b\u016bt p\u0101rrakst\u012b\u0161an\u0101s vai nepareiza inform\u0101cija, jo ier\u012bces maksim\u0101lais skaits ir 30K d\u016bmu.)<\/li>\n<li><strong>K\u0101da ir popul\u0101r\u0101 gar\u0161a JNR VapeWatch 30000 d\u016bmu vienreiz\u0113j\u0101s lieto\u0161anas tvaika pildspalvai?<\/strong><br \/>\nPopul\u0101r\u0101k\u0101s gar\u0161as JNR VapeWatch 30000 ietver <strong>Zil\u0101 Avene Ledus<\/strong>, <strong>Zeme\u0146u ledus<\/strong>, un <strong>V\u012bnogu Ledus<\/strong>, kas ir paz\u012bstami ar savu drosm\u012bgo, atsvaidzino\u0161o gar\u0161u un vienm\u0113r\u012bgu nikot\u012bna pieg\u0101di.<\/li>\n<li><strong>Cik ilgs laiks nepiecie\u0161ams, lai uzl\u0101d\u0113tu JNR 30000 Puffs atk\u0101rtoti uzl\u0101d\u0113jamo tvaiku?<\/strong><br \/>\nUzl\u0101des laiks <strong>JNR VapeWatch 30000<\/strong> parasti ir atkar\u012bgs no t\u0101 <strong>C tipa uzl\u0101d\u0113jama baterija<\/strong> un l\u0101d\u0113t\u0101ja jaudas. Pilna uzl\u0101de parasti aiz\u0146em apm\u0113ram <strong>1,5 l\u012bdz 2 stund\u0101s<\/strong> lai piln\u012bb\u0101 uzl\u0101d\u0113tu.<\/li>\n<li><strong>Cik daudz nikot\u012bna ir JNR 30K vienreiz\u0113j\u0101s lieto\u0161anas tvaik\u0101?<\/strong><br \/>\nJNR 30K vienreiz\u0113j\u0101s lieto\u0161anas tvaiks satur <strong>5% nikot\u012bna stiprums (50mg\/ml)<\/strong>, nodro\u0161inot sp\u0113c\u012bgu un apmierino\u0161u tvaic\u0113\u0161anas pieredzi lietot\u0101jiem.<\/li>\n<\/ul>\n<\/div>\n<\/div>\n<\/div>\n<\/div>\n<\/div>\n<\/div>\n<\/div>\n<\/div>\n<\/div>\n<\/div>\n<div class=\"group\/conversation-turn relative flex w-full min-w-0 flex-col agent-turn\">\n<div class=\"flex-col gap-1 md:gap-3\">\n<div class=\"flex max-w-full flex-col flex-grow\">\n<div class=\"min-h-8 text-message flex w-full flex-col items-end gap-2 whitespace-normal break-words [.text-message+&amp;]:mt-5\" dir=\"auto\" data-message-author-role=\"assistant\" data-message-id=\"a3dc01bd-23b0-4fd7-bb9a-7827522cefd8\" data-message-model-slug=\"gpt-4o\">\n<div class=\"flex w-full flex-col gap-1 empty:hidden first:pt-[3px]\"><\/div>\n<\/div>\n<\/div>\n<\/div>\n<\/div>\n<\/div>\n<\/div>\n<\/div>\n<\/div>\n<\/div>\n<\/div>\n<\/div>\n<\/div>\n<\/div>\n<\/div>\n<h3>Par s\u016bt\u012bjumu<\/h3>\n<div class=\"flex-shrink-0 flex flex-col relative items-end\">\n<div>\n<div class=\"pt-0\">\n<div class=\"gizmo-bot-avatar flex h-8 w-8 items-center justify-center overflow-hidden rounded-full\">\n<div><\/div>\n<div class=\"relative p-1 rounded-sm flex items-center justify-center bg-token-main-surface-primary text-token-text-primary h-8 w-8\"><strong>1. K\u0101das pieg\u0101des metodes tiek izmantotas?<\/strong><\/div>\n<\/div>\n<\/div>\n<\/div>\n<\/div>\n<div class=\"group\/conversation-turn relative flex w-full min-w-0 flex-col agent-turn\">\n<div class=\"flex-col gap-1 md:gap-3\">\n<div class=\"flex max-w-full flex-col flex-grow\">\n<div class=\"min-h-[20px] text-message flex w-full flex-col items-end gap-2 whitespace-normal break-words [.text-message+&amp;]:mt-5 overflow-x-auto\" dir=\"auto\" data-message-author-role=\"assistant\" data-message-id=\"22f8283b-3233-46ff-89a5-c7a41b33abda\">\n<div class=\"flex w-full flex-col gap-1 empty:hidden first:pt-[3px]\">\n<div class=\"markdown prose w-full break-words dark:prose-invert light\">\n<p>M\u0113s sadarbojamies ar UPS, DHL, FedEx, DPD un citiem vado\u0161ajiem p\u0101rvad\u0101t\u0101jiem. M\u0113s izv\u0113l\u0113simies lab\u0101ko pieg\u0101des veidu, pamatojoties uz j\u016bsu pieg\u0101des vietu, lai nodro\u0161in\u0101tu, ka j\u016bs sa\u0146emat savus produktus p\u0113c iesp\u0113jas \u0101tr\u0101k.<\/p>\n<\/div>\n<p><strong>2. Cik ilgs laiks paiet, l\u012bdz tas pien\u0101k?<\/strong><\/p>\n<p>Pieg\u0101des uz Latviju parasti ierodas 10 darba dienu laik\u0101. Pieg\u0101de uz Eiropas valst\u012bm parasti aiz\u0146em apm\u0113ram 12-15 darba dienas. M\u0113s nodro\u0161in\u0101sim re\u0101llaika atjaunin\u0101jumus par j\u016bsu pieg\u0101des statusu.<\/p>\n<\/div>\n<\/div>\n<\/div>\n<\/div>\n<\/div>\n<p>&nbsp;<\/p>\n<p>Atrodiet vair\u0101k Vape produktu, kas jums var\u0113tu patikt:<strong><em><a href=\"https:\/\/rmvapesale.com\/lv\/shop-2\/\">iepirkties tagad &gt;&gt;&gt;<\/a><\/em><\/strong><\/p>","protected":false},"excerpt":{"rendered":"<p>\u0160is <strong>JNR Alien 10000 Puffs atk\u0101rtoti uzl\u0101d\u0113jams vienreiz\u0113j\u0101s lieto\u0161anas vape<\/strong> ir izstr\u0101d\u0101ts tiem, kas par priorit\u0101ti uzskata gan \u0113rt\u012bbu, gan veiktsp\u0113ju. Ar iepriek\u0161 piepild\u012btu <strong>20 ml e-\u0161\u0137idruma ietilp\u012bba<\/strong>, \u0161\u012b ier\u012bce pied\u0101v\u0101 l\u012bdz pat <strong>10 000 uzp\u016btieniem<\/strong>, nodro\u0161inot ilgsto\u0161as iztvaiko\u0161anas sesijas bez bie\u017eas nomai\u0146as.<\/p>\n<p><img loading=\"lazy\" decoding=\"async\" class=\"size-full wp-image-2375\" src=\"https:\/\/rmvapesale.com\/wp-content\/uploads\/2024\/10\/image.png\" alt=\"Lab\u0101kais vienreiz\u0113jais vape\" width=\"229\" height=\"300\" \/><\/p>\n<h3><a href=\"https:\/\/wa.me\/8617776015835\"><span style=\"color: #ff0000\"><strong>WhatsApp: +86 17776015835<\/strong><\/span><\/a><\/h3>\n<p>&nbsp;<\/p>","protected":false},"featured_media":2793,"comment_status":"open","ping_status":"closed","template":"","meta":{"_uag_custom_page_level_css":"","_lmt_disableupdate":"no","_lmt_disable":"","site-sidebar-layout":"default","site-content-layout":"content-boxed-container","ast-site-content-layout":"normal-width-container","site-content-style":"boxed","site-sidebar-style":"unboxed","ast-global-header-display":"","ast-banner-title-visibility":"","ast-main-header-display":"","ast-hfb-above-header-display":"","ast-hfb-below-header-display":"","ast-hfb-mobile-header-display":"","site-post-title":"","ast-breadcrumbs-content":"","ast-featured-img":"","footer-sml-layout":"","ast-disable-related-posts":"","theme-transparent-header-meta":"default","adv-header-id-meta":"","stick-header-meta":"","header-above-stick-meta":"","header-main-stick-meta":"","header-below-stick-meta":"","astra-migrate-meta-layouts":"set","ast-page-background-enabled":"default","ast-page-background-meta":{"desktop":{"background-color":"var(--ast-global-color-4)","background-image":"","background-repeat":"repeat","background-position":"center center","background-size":"auto","background-attachment":"scroll","background-type":"","background-media":"","overlay-type":"","overlay-color":"","overlay-opacity":"","overlay-gradient":""},"tablet":{"background-color":"","background-image":"","background-repeat":"repeat","background-position":"center center","background-size":"auto","background-attachment":"scroll","background-type":"","background-media":"","overlay-type":"","overlay-color":"","overlay-opacity":"","overlay-gradient":""},"mobile":{"background-color":"","background-image":"","background-repeat":"repeat","background-position":"center center","background-size":"auto","background-attachment":"scroll","background-type":"","background-media":"","overlay-type":"","overlay-color":"","overlay-opacity":"","overlay-gradient":""}},"ast-content-background-meta":{"desktop":{"background-color":"var(--ast-global-color-5)","background-image":"","background-repeat":"repeat","background-position":"center center","background-size":"auto","background-attachment":"scroll","background-type":"","background-media":"","overlay-type":"","overlay-color":"","overlay-opacity":"","overlay-gradient":""},"tablet":{"background-color":"var(--ast-global-color-5)","background-image":"","background-repeat":"repeat","background-position":"center center","background-size":"auto","background-attachment":"scroll","background-type":"","background-media":"","overlay-type":"","overlay-color":"","overlay-opacity":"","overlay-gradient":""},"mobile":{"background-color":"var(--ast-global-color-5)","background-image":"","background-repeat":"repeat","background-position":"center center","background-size":"auto","background-attachment":"scroll","background-type":"","background-media":"","overlay-type":"","overlay-color":"","overlay-opacity":"","overlay-gradient":""}},"_joinchat":[]},"product_brand":[],"product_cat":[15,27,25,123,30,26,28,137,136,135],"product_tag":[223,227,205,229,228],"class_list":{"0":"post-2776","1":"product","2":"type-product","3":"status-publish","4":"has-post-thumbnail","6":"product_cat-new-vape-this-week","7":"product_cat-fance-hot-sale-vape","8":"product_cat-germany-best-selling-vape","9":"product_cat-italy-wholesale-vape","10":"product_cat-minimum-order-quantity-50pcs","11":"product_cat-netherlands-hot-sale-vape","12":"product_cat-poland-hot-sale-vape","13":"product_cat-rechargeable-vapes","14":"product_cat-smart-screen-vapes","15":"product_cat-spain-best-hot-sale-vape","16":"product_tag-jnr","17":"product_tag-jnr-30000","18":"product_tag-jnr-vape","19":"product_tag-smart-disposable-vapes","20":"product_tag-touch-screen-vape","21":"desktop-align-left","22":"tablet-align-left","23":"mobile-align-left","25":"first","26":"instock","27":"sale","28":"shipping-taxable","29":"purchasable","30":"product-type-simple"},"uagb_featured_image_src":{"full":["https:\/\/rmvapesale.com\/wp-content\/uploads\/2024\/11\/JNR-VapeWatch-Removable-Screen-30K-Disposable-Vape.png",1126,1126,false],"thumbnail":["https:\/\/rmvapesale.com\/wp-content\/uploads\/2024\/11\/JNR-VapeWatch-Removable-Screen-30K-Disposable-Vape-150x150.png",150,150,true],"medium":["https:\/\/rmvapesale.com\/wp-content\/uploads\/2024\/11\/JNR-VapeWatch-Removable-Screen-30K-Disposable-Vape-300x300.png",300,300,true],"medium_large":["https:\/\/rmvapesale.com\/wp-content\/uploads\/2024\/11\/JNR-VapeWatch-Removable-Screen-30K-Disposable-Vape-768x768.png",768,768,true],"large":["https:\/\/rmvapesale.com\/wp-content\/uploads\/2024\/11\/JNR-VapeWatch-Removable-Screen-30K-Disposable-Vape-1024x1024.png",1024,1024,true],"1536x1536":["https:\/\/rmvapesale.com\/wp-content\/uploads\/2024\/11\/JNR-VapeWatch-Removable-Screen-30K-Disposable-Vape.png",1126,1126,false],"2048x2048":["https:\/\/rmvapesale.com\/wp-content\/uploads\/2024\/11\/JNR-VapeWatch-Removable-Screen-30K-Disposable-Vape.png",1126,1126,false],"trp-custom-language-flag":["https:\/\/rmvapesale.com\/wp-content\/uploads\/2024\/11\/JNR-VapeWatch-Removable-Screen-30K-Disposable-Vape.png",12,12,false],"woocommerce_thumbnail":["https:\/\/rmvapesale.com\/wp-content\/uploads\/2024\/11\/JNR-VapeWatch-Removable-Screen-30K-Disposable-Vape-300x300.png",300,300,true],"woocommerce_single":["https:\/\/rmvapesale.com\/wp-content\/uploads\/2024\/11\/JNR-VapeWatch-Removable-Screen-30K-Disposable-Vape-600x600.png",600,600,true],"woocommerce_gallery_thumbnail":["https:\/\/rmvapesale.com\/wp-content\/uploads\/2024\/11\/JNR-VapeWatch-Removable-Screen-30K-Disposable-Vape-100x100.png",100,100,true],"wcpr-photo-reviews":["https:\/\/rmvapesale.com\/wp-content\/uploads\/2024\/11\/JNR-VapeWatch-Removable-Screen-30K-Disposable-Vape.png",500,500,false]},"uagb_author_info":{"display_name":"AMY","author_link":"https:\/\/rmvapesale.com\/lv\/author\/"},"uagb_comment_info":0,"uagb_excerpt":"The JNR Alien 10000 Puffs Rechargeable Disposable Vape is engineered for those who prioritize both convenience and performance. With a pre-filled 20ml e-liquid capacity, this device offers up to 10,000 puffs, ensuring extended vaping sessions without frequent replacements. WhatsApp: +86 17776015835 &nbsp;","_links":{"self":[{"href":"https:\/\/rmvapesale.com\/lv\/wp-json\/wp\/v2\/product\/2776","targetHints":{"allow":["GET"]}}],"collection":[{"href":"https:\/\/rmvapesale.com\/lv\/wp-json\/wp\/v2\/product"}],"about":[{"href":"https:\/\/rmvapesale.com\/lv\/wp-json\/wp\/v2\/types\/product"}],"replies":[{"embeddable":true,"href":"https:\/\/rmvapesale.com\/lv\/wp-json\/wp\/v2\/comments?post=2776"}],"wp:featuredmedia":[{"embeddable":true,"href":"https:\/\/rmvapesale.com\/lv\/wp-json\/wp\/v2\/media\/2793"}],"wp:attachment":[{"href":"https:\/\/rmvapesale.com\/lv\/wp-json\/wp\/v2\/media?parent=2776"}],"wp:term":[{"taxonomy":"product_brand","embeddable":true,"href":"https:\/\/rmvapesale.com\/lv\/wp-json\/wp\/v2\/product_brand?post=2776"},{"taxonomy":"product_cat","embeddable":true,"href":"https:\/\/rmvapesale.com\/lv\/wp-json\/wp\/v2\/product_cat?post=2776"},{"taxonomy":"product_tag","embeddable":true,"href":"https:\/\/rmvapesale.com\/lv\/wp-json\/wp\/v2\/product_tag?post=2776"}],"curies":[{"name":"wp","href":"https:\/\/api.w.org\/{rel}","templated":true}]}}