{"id":2782,"date":"2024-11-26T06:22:12","date_gmt":"2024-11-26T06:22:12","guid":{"rendered":"https:\/\/rmvapesale.com\/?post_type=product&#038;p=2782"},"modified":"2024-11-26T06:36:14","modified_gmt":"2024-11-26T06:36:14","slug":"jnr-phonevape-30000-30k-smart-disposable-vape-wholesale","status":"publish","type":"product","link":"https:\/\/rmvapesale.com\/lv\/product\/jnr-phonevape-30000-30k-smart-disposable-vape-wholesale\/","title":{"rendered":"JNR PhoneVape 30000 30K vied\u0101 vienreiz\u0113j\u0101s lieto\u0161anas tvaic\u0113t\u0101ju vairumtirdzniec\u012bba"},"content":{"rendered":"<div class=\"B2VR9 CJHX3e\">\n<div class=\"wyccme\">\n<h1 class=\"LC20lb MBeuO DKV0Md\">JNR PhoneVape 30000 30K vied\u0101 vienreiz\u0113j\u0101s lieto\u0161anas tvaic\u0113t\u0101ju vairumtirdzniec\u012bba<\/h1>\n<div class=\"flex-shrink-0 flex flex-col relative items-end\">\n<div class=\"pt-0\">\n<div class=\"gizmo-bot-avatar flex h-8 w-8 items-center justify-center overflow-hidden rounded-full\">\n<div class=\"relative p-1 rounded-sm flex items-center justify-center bg-token-main-surface-primary text-token-text-primary h-8 w-8\">\n<p>\u0160is <strong>JNR PhoneVape 30000 vied\u0101 vienreiz\u0113j\u0101s lieto\u0161anas vape<\/strong>, revolucion\u0101ra ier\u012bce, kas apvieno jaun\u0101k\u0101s tehnolo\u0123ijas ar izcilu veiktsp\u0113ju. \u0160is viedais vienreiz\u0113j\u0101s lieto\u0161anas vape ir paredz\u0113ts m\u016bsdienu veipot\u0101jiem un pied\u0101v\u0101 milz\u012bgu <strong>30 000 uzp\u016btienu<\/strong> in <strong>Parastais re\u017e\u012bms<\/strong> un <strong>18 000 uzp\u016btienu<\/strong> in <strong>Pulsa re\u017e\u012bms<\/strong>, padarot to lieliski piem\u0113rotu ilgsto\u0161ai lieto\u0161anai. T\u0101 <strong>pilns displeja ekr\u0101ns<\/strong> nodro\u0161ina re\u0101llaika datus, tostarp akumulatora darb\u012bbas laiku, e-\u0161\u0137idruma l\u012bmeni, laiku un pat kalend\u0101ra funkcijas, past\u0101v\u012bgi inform\u0113jot j\u016bs. Ar savu <strong>regul\u0113jamu gaisa pl\u016bsmas sist\u0113mu<\/strong>, j\u016bs varat piel\u0101got savas ieelpas intensit\u0101ti atbilsto\u0161i sav\u0101m v\u0113lm\u0113m. Lieliski piem\u0113rots gan ikdienas, gan pieredz\u0113ju\u0161iem lietot\u0101jiem, <strong>JNR PhoneVape<\/strong> pace\u013c veipo\u0161anas \u0113rt\u012bbas jaun\u0101 l\u012bmen\u012b.<\/p>\n<p>Kas at\u0161\u0137ir <strong>JNR PhoneVape 30K<\/strong> ir t\u0101s <strong>vied\u0101s funkcijas<\/strong>. \u0160\u012b ier\u012bce atbalsta <strong>zvanu un \u012bszi\u0146u pazi\u0146ojumus<\/strong>, a <strong>att\u0101l\u0101s kameras vad\u012bbu<\/strong> funkciju un unik\u0101lo <strong>Atrodi savu veipu<\/strong> funkciju, izmantojot t\u0101s <strong>WearinOS lietotnes integr\u0101ciju<\/strong>. T\u0101s <strong>blo\u0137\u0113\u0161anas re\u017e\u012bms<\/strong> nodro\u0161ina dro\u0161\u012bbu, kad to nelieto, savuk\u0101rt <strong>Type-C uzl\u0101d\u0113jams akumulators<\/strong> piln\u012bb\u0101 uzl\u0101d\u0113jas tikai <strong>1,5 l\u012bdz 2 stund\u0101s<\/strong>, nodro\u0161inot vienm\u0113r\u012bgu jaudu ilgsto\u0161\u0101m veipo\u0161anas sesij\u0101m. Pieejams da\u017e\u0101d\u0101s gar\u0161\u0101s, tostarp <strong>Zil\u0101 Avene Ledus<\/strong> un <strong>Zeme\u0146u ledus<\/strong>, \u0161is uzl\u0101d\u0113jamais vienreiz\u0113j\u0101s lieto\u0161anas veips garant\u0113 gan apmierin\u0101t\u012bbu, gan stilu. Vairumtirgot\u0101ji var izmantot konkur\u0113tsp\u0113j\u012bgas cenas, padarot <strong>JNR PhoneVape 30000<\/strong> par nep\u0101rsp\u0113jamu izv\u0113li vairumtirdzniec\u012bbas pirkumiem.<\/p>\n<\/div>\n<\/div>\n<\/div>\n<\/div>\n<\/div>\n<\/div>\n<p><strong>Sazinieties ar Eimiju, lai ieg\u016btu pareizo atbildi un veipu kuponu!<\/strong><\/p>\n<p><img loading=\"lazy\" decoding=\"async\" class=\"size-full wp-image-1978\" src=\"https:\/\/rmvapesale.com\/wp-content\/uploads\/2024\/09\/Disposable-Vape-Wholesale.jpg\" alt=\"Vienreiz\u0113jais vape vairumtirdzniec\u012bba\" width=\"229\" height=\"300\" \/><\/p>\n<h3><a href=\"https:\/\/wa.me\/8617776015835\" target=\"_blank\" rel=\"noopener\"><span style=\"color: #ff0000\"><strong>WhatsApp: +86 17776015835<\/strong><\/span><\/a><\/h3>\n<p>&nbsp;<\/p>\n<h2><\/h2>\n<h2><strong>JNR PhoneVape 30000 Uzp\u016b\u0161u Galven\u0101s \u012apa\u0161\u012bbas<\/strong><\/h2>\n<ul>\n<li><strong>Milz\u012bgs Uzp\u016b\u0161u Skaits<\/strong>: L\u012bdz 30 000 uzp\u016btieniem parastaj\u0101 re\u017e\u012bm\u0101, 18 000 impulsu re\u017e\u012bm\u0101.<\/li>\n<li><strong>Viedais Displeja Ekr\u0101ns<\/strong>: Re\u0101llaika dati par laiku, akumulatoru un e-\u0161\u0137idruma l\u012bmeni.<\/li>\n<li><strong>Papildu Funkcijas<\/strong>: Zvan\u012bt<\/li>\n<li><strong>Uzl\u0101d\u0113jams akumulators<\/strong>: C tipa \u0101tr\u0101 uzl\u0101de 1,5 l\u012bdz 2 stundu laik\u0101.<\/li>\n<li><strong>Piel\u0101gojama Gaisa Pl\u016bsma<\/strong>: Regul\u0113jama gaisa pl\u016bsma personaliz\u0113tai tvaic\u0113\u0161anas pieredzei.<\/li>\n<\/ul>\n<h2><strong>JNR Phone Vape 30000 lab\u0101k\u0101 gar\u0161a<\/strong><\/h2>\n<p>1. Zilo ave\u0146u ledus <span style=\"color: #ff0000\"><strong>&gt;&gt;&gt;&gt; Karsti!<\/strong><\/span><br \/>\n2. Zeme\u0146u ledus<br \/>\n3. Arb\u016bzu ledus<br \/>\n4. Maiami piparm\u0113tra <span style=\"color: #ff0000\"><strong>&gt;&gt;&gt;&gt; Karsti!<\/strong><\/span><br \/>\n5. Ban\u0101nu ledus<br \/>\n6. \u0136ir\u0161u zeme\u0146u ave\u0146u <span style=\"color: #ff0000\"><strong>&gt;&gt;&gt;&gt; Viss lab\u0101kais!<\/strong><\/span><br \/>\n7. Sk\u0101bo \u0101bolu ledus<br \/>\n8. Melle\u0146u arb\u016bzs<br \/>\n9. Persiku mango arb\u016bzs<br \/>\n10. Fcuking Fab<\/p>\n<p>&nbsp;<\/p>\n<h3><strong>K\u0101p\u0113c izv\u0113l\u0113ties Rmvapesale JNR PhoneVape 30K uzp\u016btieniem <\/strong><strong>V<\/strong><strong>ape Vairumtirdzniec\u012bba<\/strong><strong>?<\/strong><\/h3>\n<div class=\"flex-shrink-0 flex flex-col relative items-end\">\n<div class=\"pt-0\">\n<div class=\"gizmo-bot-avatar flex h-8 w-8 items-center justify-center overflow-hidden rounded-full\">\n<div class=\"relative p-1 rounded-sm flex items-center justify-center bg-token-main-surface-primary text-token-text-primary h-8 w-8\">\n<p>Laipni l\u016bdzam Rmvapesale, j\u016bsu uzticamaj\u0101 tvaiku veikal\u0101, kur\u0101 ir pieejami augst\u0101k\u0101s kvalit\u0101tes vienreizlietojamie tvaiki. Ar vair\u0101k nek\u0101 5 gadu pieredzi m\u0113s pied\u0101v\u0101jam jums t\u0101dus popul\u0101rus vienreizlietojamo tvaiku z\u012bmolus k\u0101 Al Fakher, <a href=\"https:\/\/rmvapesale.com\/lv\/product-category\/bang-vapes\/\">Bang Vape<\/a>, Waspe, WGA Vape un<a href=\"https:\/\/rmvapesale.com\/lv\/product-category\/randm-fumot-vape\/\"> RandM Vape<\/a>.<\/p>\n<p>M\u016bsu kl\u0101st\u0101 ir t\u0101di popul\u0101ri tvaiki k\u0101 <a href=\"https:\/\/rmvapesale.com\/lv\/product\/randm-tornado-15000-puffs-vape-wholesale\/\">RandM Tornado 15000<\/a> un ar gar\u0161\u0101m bag\u0101tas izv\u0113les iesp\u0113jas, piem\u0113ram, Vapme 70000. Katrs produkts ir izv\u0113l\u0113ts, koncentr\u0113joties uz kvalit\u0101ti, v\u0113rt\u012bbu un daudzveid\u012bbu, nodro\u0161inot, ka j\u016bs atrad\u012bsiet sav\u0101m vajadz\u012bb\u0101m ide\u0101li piem\u0113rotu. Atkl\u0101jiet izcilu servisu un pla\u0161u lab\u0101ko produktu kl\u0101stu Rmvapesale.<\/p>\n<\/div>\n<h3><\/h3>\n<div class=\"relative p-1 rounded-sm flex items-center justify-center bg-token-main-surface-primary text-token-text-primary h-8 w-8\">\n<h3><b> BUJ par JNR Phone Vape 30K<\/b><b>\u00a0Uzl\u0101d\u0113jams vienreiz\u0113j\u0101s lieto\u0161anas vape<\/b><\/h3>\n<div class=\"group\/conversation-turn relative flex w-full min-w-0 flex-col agent-turn\">\n<div class=\"flex-col gap-1 md:gap-3\">\n<div class=\"flex max-w-full flex-col flex-grow\">\n<div class=\"min-h-8 text-message flex w-full flex-col items-end gap-2 whitespace-normal break-words [.text-message+&amp;]:mt-5\" dir=\"auto\" data-message-author-role=\"assistant\" data-message-id=\"00c9b302-bc9c-4550-94ba-5a295efa2be3\" data-message-model-slug=\"gpt-4o\">\n<div class=\"flex w-full flex-col gap-1 empty:hidden first:pt-[3px]\">\n<div class=\"markdown prose w-full break-words dark:prose-invert light\">\n<div class=\"flex-shrink-0 flex flex-col relative items-end\">\n<div>\n<div class=\"pt-0\">\n<div class=\"gizmo-bot-avatar flex h-8 w-8 items-center justify-center overflow-hidden rounded-full\">\n<div class=\"relative p-1 rounded-sm flex items-center justify-center bg-token-main-surface-primary text-token-text-primary h-8 w-8\">\n<div class=\"flex-shrink-0 flex flex-col relative items-end\">\n<div>\n<div class=\"pt-0\">\n<div class=\"gizmo-bot-avatar flex h-8 w-8 items-center justify-center overflow-hidden rounded-full\">\n<div class=\"relative p-1 rounded-sm flex items-center justify-center bg-token-main-surface-primary text-token-text-primary h-8 w-8\">\n<ul>\n<li><strong>Kur ieg\u0101d\u0101ties JNR PhoneVape 30000 uzp\u016btienus par vairumtirdzniec\u012bbas cenu Latvij\u0101<\/strong><br \/>\nJ\u016bs varat ieg\u0101d\u0101ties <strong>JNR PhoneVape 30000 uzp\u016btienus<\/strong> par vairumtirdzniec\u012bbas cen\u0101m tie\u0161saist\u0113, izmantojot uzticamas Latvijas vap\u0113\u0161anas vairumtirdzniec\u012bbas platformas vai izplat\u012bt\u0101jus, kas pied\u0101v\u0101 starptautiskus s\u016bt\u012bjumus uz Latviju. Noteikti mekl\u0113jiet vairumtirdzniec\u012bbas atlaides vai pilnvarotus p\u0101rdev\u0113jus, lai ieg\u016btu konkur\u0113tsp\u0113j\u012bgas cenas.<\/li>\n<li><strong>Cik uzp\u016btienu nodro\u0161ina JNR PhoneVape 30000 Vape?<\/strong><br \/>\n\u0160is <strong>JNR PhoneVape 30000 Vape<\/strong> nodro\u0161ina l\u012bdz pat <strong>30 000 uzp\u016btienu parastaj\u0101 re\u017e\u012bm\u0101<\/strong> un <strong>18 000 uzp\u016btienu impulsu re\u017e\u012bm\u0101<\/strong>, padarot to ide\u0101lu ilgsto\u0161ai lieto\u0161anai.<\/li>\n<li><strong>Cik ilgi kalpo popul\u0101r\u0101s JNR Phone Vape 30000 vienreiz\u0113j\u0101s lieto\u0161anas vape pildspalvas?<\/strong><br \/>\nPopul\u0101ro gar\u0161u kalpo\u0161anas ilgums, piem\u0113ram, <strong>Zil\u0101 Avene Ledus<\/strong> or <strong>Persiku ledus<\/strong> ir atkar\u012bgs no lieto\u0161anas paradumiem. Parasti, ar l\u012bdz pat <strong>30 000 uzp\u016btienu<\/strong>, tas var ilgt ned\u0113\u013cas vai pat m\u0113ne\u0161us vid\u0113jiem lietot\u0101jiem.<\/li>\n<li><strong>K\u0101das ir popul\u0101r\u0101k\u0101s JNR PhoneVape 30k Puffs vienreiz\u0113j\u0101s lieto\u0161anas vape pildspalvas gar\u0161as?<\/strong><br \/>\nPopul\u0101ras gar\u0161as <strong>JNR PhoneVape 30k Puffs<\/strong> ietver <strong>Zil\u0101 Avene Ledus<\/strong>, <strong>Persiku ledus<\/strong>, un citi aug\u013cu, ledaini mais\u012bjumi, kas nodro\u0161ina atsvaidzino\u0161u un notur\u012bgu gar\u0161u.<\/li>\n<li><strong>Cik ilgs laiks nepiecie\u0161ams, lai uzl\u0101d\u0113tu JNR PhoneVape 30k Puffs uzl\u0101d\u0113jamu vape?<\/strong><br \/>\n\u0160is <strong>JNR PhoneVape 30k Puffs uzl\u0101d\u0113jams vape<\/strong> aiz\u0146em aptuveni <strong>1,5 l\u012bdz 2 stund\u0101s<\/strong> piln\u012bb\u0101 uzl\u0101d\u0113jas, izmantojot savu <strong>C tipa uzl\u0101des ports<\/strong>.<\/li>\n<li><strong>Cik daudz nikot\u012bna ir JNR Phone Vape 30000 vienreiz\u0113j\u0101s lieto\u0161anas vape?<\/strong><br \/>\n\u0160is <strong>JNR Phone Vape 30000 vienreiz\u0113j\u0101s lieto\u0161anas vape<\/strong> satur <strong>2% (20mg\/ml) nikot\u012bna stiprumu<\/strong>, pied\u0101v\u0101jot vienm\u0113r\u012bg\u0101ku un maig\u0101ku iztvaic\u0113\u0161anas pieredzi, kas ir ide\u0101li piem\u0113rota lietot\u0101jiem ar zemu nikot\u012bna l\u012bmeni.<\/li>\n<\/ul>\n<\/div>\n<\/div>\n<\/div>\n<\/div>\n<\/div>\n<\/div>\n<\/div>\n<\/div>\n<\/div>\n<\/div>\n<div class=\"group\/conversation-turn relative flex w-full min-w-0 flex-col agent-turn\">\n<div class=\"flex-col gap-1 md:gap-3\">\n<div class=\"flex max-w-full flex-col flex-grow\">\n<div class=\"min-h-8 text-message flex w-full flex-col items-end gap-2 whitespace-normal break-words [.text-message+&amp;]:mt-5\" dir=\"auto\" data-message-author-role=\"assistant\" data-message-id=\"a3dc01bd-23b0-4fd7-bb9a-7827522cefd8\" data-message-model-slug=\"gpt-4o\">\n<div class=\"flex w-full flex-col gap-1 empty:hidden first:pt-[3px]\"><\/div>\n<\/div>\n<\/div>\n<\/div>\n<\/div>\n<\/div>\n<\/div>\n<\/div>\n<\/div>\n<\/div>\n<\/div>\n<\/div>\n<\/div>\n<\/div>\n<\/div>\n<h3>Par s\u016bt\u012bjumu<\/h3>\n<div class=\"flex-shrink-0 flex flex-col relative items-end\">\n<div>\n<div class=\"pt-0\">\n<div class=\"gizmo-bot-avatar flex h-8 w-8 items-center justify-center overflow-hidden rounded-full\">\n<div><\/div>\n<div class=\"relative p-1 rounded-sm flex items-center justify-center bg-token-main-surface-primary text-token-text-primary h-8 w-8\"><strong>1. K\u0101das pieg\u0101des metodes tiek izmantotas?<\/strong><\/div>\n<\/div>\n<\/div>\n<\/div>\n<\/div>\n<div class=\"group\/conversation-turn relative flex w-full min-w-0 flex-col agent-turn\">\n<div class=\"flex-col gap-1 md:gap-3\">\n<div class=\"flex max-w-full flex-col flex-grow\">\n<div class=\"min-h-[20px] text-message flex w-full flex-col items-end gap-2 whitespace-normal break-words [.text-message+&amp;]:mt-5 overflow-x-auto\" dir=\"auto\" data-message-author-role=\"assistant\" data-message-id=\"22f8283b-3233-46ff-89a5-c7a41b33abda\">\n<div class=\"flex w-full flex-col gap-1 empty:hidden first:pt-[3px]\">\n<div class=\"markdown prose w-full break-words dark:prose-invert light\">\n<p>M\u0113s sadarbojamies ar UPS, DHL, FedEx, DPD un citiem vado\u0161ajiem p\u0101rvad\u0101t\u0101jiem. M\u0113s izv\u0113l\u0113simies lab\u0101ko pieg\u0101des veidu, pamatojoties uz j\u016bsu pieg\u0101des vietu, lai nodro\u0161in\u0101tu, ka j\u016bs sa\u0146emat savus produktus p\u0113c iesp\u0113jas \u0101tr\u0101k.<\/p>\n<\/div>\n<p><strong>2. Cik ilgs laiks paiet, l\u012bdz tas pien\u0101k?<\/strong><\/p>\n<p>Pieg\u0101des uz Latviju parasti ierodas 10 darba dienu laik\u0101. Pieg\u0101de uz Eiropas valst\u012bm parasti aiz\u0146em apm\u0113ram 12-15 darba dienas. M\u0113s nodro\u0161in\u0101sim re\u0101llaika atjaunin\u0101jumus par j\u016bsu pieg\u0101des statusu.<\/p>\n<\/div>\n<\/div>\n<\/div>\n<\/div>\n<\/div>\n<p>&nbsp;<\/p>\n<p>Atrodiet vair\u0101k Vape produktu, kas jums var\u0113tu patikt:<strong><em><a href=\"https:\/\/rmvapesale.com\/lv\/shop-2\/\">iepirkties tagad &gt;&gt;&gt;<\/a><\/em><\/strong><\/p>","protected":false},"excerpt":{"rendered":"<p>\u0160is <strong>JNR PhoneVape 30000 vied\u0101 vienreiz\u0113j\u0101s lieto\u0161anas vape <\/strong>ir paredz\u0113ts m\u016bsdienu veipot\u0101jiem un pied\u0101v\u0101 milz\u012bgu <strong>30 000 uzp\u016btienu<\/strong> in <strong>Parastais re\u017e\u012bms<\/strong> un <strong>18 000 uzp\u016btienu<\/strong> in <strong>Pulsa re\u017e\u012bms<\/strong>, padarot to lieliski piem\u0113rotu ilgsto\u0161ai lieto\u0161anai.<\/p>\n<p><img loading=\"lazy\" decoding=\"async\" class=\"size-full wp-image-2375\" src=\"https:\/\/rmvapesale.com\/wp-content\/uploads\/2024\/10\/image.png\" alt=\"Lab\u0101kais vienreiz\u0113jais vape\" width=\"229\" height=\"300\" \/><\/p>\n<h3><a href=\"https:\/\/wa.me\/8617776015835\"><span style=\"color: #ff0000\"><strong>WhatsApp: +86 17776015835<\/strong><\/span><\/a><\/h3>\n<p>&nbsp;<\/p>","protected":false},"featured_media":2778,"comment_status":"open","ping_status":"closed","template":"","meta":{"_uag_custom_page_level_css":"","_lmt_disableupdate":"no","_lmt_disable":"","site-sidebar-layout":"default","site-content-layout":"content-boxed-container","ast-site-content-layout":"normal-width-container","site-content-style":"boxed","site-sidebar-style":"unboxed","ast-global-header-display":"","ast-banner-title-visibility":"","ast-main-header-display":"","ast-hfb-above-header-display":"","ast-hfb-below-header-display":"","ast-hfb-mobile-header-display":"","site-post-title":"","ast-breadcrumbs-content":"","ast-featured-img":"","footer-sml-layout":"","ast-disable-related-posts":"","theme-transparent-header-meta":"default","adv-header-id-meta":"","stick-header-meta":"","header-above-stick-meta":"","header-main-stick-meta":"","header-below-stick-meta":"","astra-migrate-meta-layouts":"set","ast-page-background-enabled":"default","ast-page-background-meta":{"desktop":{"background-color":"var(--ast-global-color-4)","background-image":"","background-repeat":"repeat","background-position":"center center","background-size":"auto","background-attachment":"scroll","background-type":"","background-media":"","overlay-type":"","overlay-color":"","overlay-opacity":"","overlay-gradient":""},"tablet":{"background-color":"","background-image":"","background-repeat":"repeat","background-position":"center center","background-size":"auto","background-attachment":"scroll","background-type":"","background-media":"","overlay-type":"","overlay-color":"","overlay-opacity":"","overlay-gradient":""},"mobile":{"background-color":"","background-image":"","background-repeat":"repeat","background-position":"center center","background-size":"auto","background-attachment":"scroll","background-type":"","background-media":"","overlay-type":"","overlay-color":"","overlay-opacity":"","overlay-gradient":""}},"ast-content-background-meta":{"desktop":{"background-color":"var(--ast-global-color-5)","background-image":"","background-repeat":"repeat","background-position":"center center","background-size":"auto","background-attachment":"scroll","background-type":"","background-media":"","overlay-type":"","overlay-color":"","overlay-opacity":"","overlay-gradient":""},"tablet":{"background-color":"var(--ast-global-color-5)","background-image":"","background-repeat":"repeat","background-position":"center center","background-size":"auto","background-attachment":"scroll","background-type":"","background-media":"","overlay-type":"","overlay-color":"","overlay-opacity":"","overlay-gradient":""},"mobile":{"background-color":"var(--ast-global-color-5)","background-image":"","background-repeat":"repeat","background-position":"center center","background-size":"auto","background-attachment":"scroll","background-type":"","background-media":"","overlay-type":"","overlay-color":"","overlay-opacity":"","overlay-gradient":""}},"_joinchat":[]},"product_brand":[],"product_cat":[15,27,25,123,30,26,28,137,136,135],"product_tag":[223,230,231,205,229,228],"class_list":{"0":"post-2782","1":"product","2":"type-product","3":"status-publish","4":"has-post-thumbnail","6":"product_cat-new-vape-this-week","7":"product_cat-fance-hot-sale-vape","8":"product_cat-germany-best-selling-vape","9":"product_cat-italy-wholesale-vape","10":"product_cat-minimum-order-quantity-50pcs","11":"product_cat-netherlands-hot-sale-vape","12":"product_cat-poland-hot-sale-vape","13":"product_cat-rechargeable-vapes","14":"product_cat-smart-screen-vapes","15":"product_cat-spain-best-hot-sale-vape","16":"product_tag-jnr","17":"product_tag-jnr-phonevape-30000","18":"product_tag-jnr-phonevape-30k","19":"product_tag-jnr-vape","20":"product_tag-smart-disposable-vapes","21":"product_tag-touch-screen-vape","22":"desktop-align-left","23":"tablet-align-left","24":"mobile-align-left","26":"first","27":"instock","28":"sale","29":"shipping-taxable","30":"purchasable","31":"product-type-simple"},"uagb_featured_image_src":{"full":["https:\/\/rmvapesale.com\/wp-content\/uploads\/2024\/11\/JNR-Phone-Vape-30000-Disposable-Vape-Wholeale.png",1126,1126,false],"thumbnail":["https:\/\/rmvapesale.com\/wp-content\/uploads\/2024\/11\/JNR-Phone-Vape-30000-Disposable-Vape-Wholeale-150x150.png",150,150,true],"medium":["https:\/\/rmvapesale.com\/wp-content\/uploads\/2024\/11\/JNR-Phone-Vape-30000-Disposable-Vape-Wholeale-300x300.png",300,300,true],"medium_large":["https:\/\/rmvapesale.com\/wp-content\/uploads\/2024\/11\/JNR-Phone-Vape-30000-Disposable-Vape-Wholeale-768x768.png",768,768,true],"large":["https:\/\/rmvapesale.com\/wp-content\/uploads\/2024\/11\/JNR-Phone-Vape-30000-Disposable-Vape-Wholeale-1024x1024.png",1024,1024,true],"1536x1536":["https:\/\/rmvapesale.com\/wp-content\/uploads\/2024\/11\/JNR-Phone-Vape-30000-Disposable-Vape-Wholeale.png",1126,1126,false],"2048x2048":["https:\/\/rmvapesale.com\/wp-content\/uploads\/2024\/11\/JNR-Phone-Vape-30000-Disposable-Vape-Wholeale.png",1126,1126,false],"trp-custom-language-flag":["https:\/\/rmvapesale.com\/wp-content\/uploads\/2024\/11\/JNR-Phone-Vape-30000-Disposable-Vape-Wholeale.png",12,12,false],"woocommerce_thumbnail":["https:\/\/rmvapesale.com\/wp-content\/uploads\/2024\/11\/JNR-Phone-Vape-30000-Disposable-Vape-Wholeale-300x300.png",300,300,true],"woocommerce_single":["https:\/\/rmvapesale.com\/wp-content\/uploads\/2024\/11\/JNR-Phone-Vape-30000-Disposable-Vape-Wholeale-600x600.png",600,600,true],"woocommerce_gallery_thumbnail":["https:\/\/rmvapesale.com\/wp-content\/uploads\/2024\/11\/JNR-Phone-Vape-30000-Disposable-Vape-Wholeale-100x100.png",100,100,true],"wcpr-photo-reviews":["https:\/\/rmvapesale.com\/wp-content\/uploads\/2024\/11\/JNR-Phone-Vape-30000-Disposable-Vape-Wholeale.png",500,500,false]},"uagb_author_info":{"display_name":"AMY","author_link":"https:\/\/rmvapesale.com\/lv\/author\/"},"uagb_comment_info":0,"uagb_excerpt":"The JNR PhoneVape 30000 Smart Disposable Vape designed for modern vapers, offers a massive 30,000 puffs in Regular Mode and 18,000 puffs in Pulse Mode, making it perfect for long-lasting use. WhatsApp: +86 17776015835 &nbsp;","_links":{"self":[{"href":"https:\/\/rmvapesale.com\/lv\/wp-json\/wp\/v2\/product\/2782","targetHints":{"allow":["GET"]}}],"collection":[{"href":"https:\/\/rmvapesale.com\/lv\/wp-json\/wp\/v2\/product"}],"about":[{"href":"https:\/\/rmvapesale.com\/lv\/wp-json\/wp\/v2\/types\/product"}],"replies":[{"embeddable":true,"href":"https:\/\/rmvapesale.com\/lv\/wp-json\/wp\/v2\/comments?post=2782"}],"wp:featuredmedia":[{"embeddable":true,"href":"https:\/\/rmvapesale.com\/lv\/wp-json\/wp\/v2\/media\/2778"}],"wp:attachment":[{"href":"https:\/\/rmvapesale.com\/lv\/wp-json\/wp\/v2\/media?parent=2782"}],"wp:term":[{"taxonomy":"product_brand","embeddable":true,"href":"https:\/\/rmvapesale.com\/lv\/wp-json\/wp\/v2\/product_brand?post=2782"},{"taxonomy":"product_cat","embeddable":true,"href":"https:\/\/rmvapesale.com\/lv\/wp-json\/wp\/v2\/product_cat?post=2782"},{"taxonomy":"product_tag","embeddable":true,"href":"https:\/\/rmvapesale.com\/lv\/wp-json\/wp\/v2\/product_tag?post=2782"}],"curies":[{"name":"wp","href":"https:\/\/api.w.org\/{rel}","templated":true}]}}