{"id":2799,"date":"2024-11-28T03:16:57","date_gmt":"2024-11-28T03:16:57","guid":{"rendered":"https:\/\/rmvapesale.com\/?post_type=product&#038;p=2799"},"modified":"2024-11-28T03:38:01","modified_gmt":"2024-11-28T03:38:01","slug":"wga-30000-puffs-double-flavors-refillable-disposable-vape-bulk-price","status":"publish","type":"product","link":"https:\/\/rmvapesale.com\/lv\/product\/wga-30000-puffs-double-flavors-refillable-disposable-vape-bulk-price\/","title":{"rendered":"WGA 30000 P\u016b\u0161\u013ca Dubultu Arom\u0101tu Pild\u0101ma Vienreiz\u0113j\u0101s lieto\u0161anas Vape Partiju Cena"},"content":{"rendered":"<div class=\"B2VR9 CJHX3e\">\n<div class=\"wyccme\">\n<h1 class=\"LC20lb MBeuO DKV0Md\">WGA 30000 Uzp\u016btienu Dubultu Gar\u0161u Uzpild\u0101ma Vienreiz\u0113j\u0101 Vape Vairumtirdzniec\u012bbas Cena<\/h1>\n<div class=\"flex-shrink-0 flex flex-col relative items-end\">\n<div class=\"pt-0\">\n<div class=\"gizmo-bot-avatar flex h-8 w-8 items-center justify-center overflow-hidden rounded-full\">\n<div class=\"relative p-1 rounded-sm flex items-center justify-center bg-token-main-surface-primary text-token-text-primary h-8 w-8\">\n<p>\u0160is <strong>WGA 30000 Uzp\u016btienu Dubultu Gar\u0161u Uzpild\u0101ma Vienreiz\u0113j\u0101 Vape<\/strong>, revolucion\u0101ra ier\u012bce, kas paredz\u0113ta veipot\u0101jiem, kuri mekl\u0113 nep\u0101rsp\u0113jamu daudzpus\u012bbu un veiktsp\u0113ju. Ar ietilp\u012bbu <strong>30 000 uzp\u016btienu<\/strong>, \u0161is vape pied\u0101v\u0101 neticami ilgsto\u0161u pieredzi, kas ir lieliski piem\u0113rota ilgsto\u0161ai lieto\u0161anai vai vairumtirdzniec\u012bbas pirkumiem. The <strong>divu gar\u0161u sist\u0113ma<\/strong> \u013cauj lietot\u0101jiem neman\u0101mi p\u0101rsl\u0113gties starp div\u0101m gar\u0161\u0101m, nodro\u0161inot dinamisku veipo\u0161anas pieredzi, kas nekad nav vienmu\u013ca. Katrai ier\u012bcei ir <strong>2 ml iepriek\u0161 piepild\u012bts e-\u0161\u0137idrums<\/strong> ietilp\u012bba, k\u0101 ar\u012b papildu <strong>20 ml uzpild\u0101ms nodal\u012bjums<\/strong>, nodro\u0161inot elast\u012bbu un uzlabotu gar\u0161as kontroli. Darbojas ar <strong>650 mAh Type-C uzl\u0101d\u0113jamu akumulatoru<\/strong> un apr\u012bkots ar <strong>t\u012bkla spir\u0101li<\/strong>, \u0161\u012b ier\u012bce nodro\u0161ina konsekventus, vienm\u0113r\u012bgus tvaikus ar optim\u0101lu gar\u0161u.<\/p>\n<p>\u0160is <strong>WGA 30k vape<\/strong> ir izstr\u0101d\u0101ts \u0113rt\u012bbai un funkcionalit\u0101tei, lepojoties ar <strong>LED digit\u0101lais displejs<\/strong> kas inform\u0113 par akumulatora un e-\u0161\u0137idruma l\u012bmeni. Ar <strong>2% nikot\u012bna stiprumu<\/strong>, tas ir paredz\u0113ts tiem, kas mekl\u0113 zema nikot\u012bna, apmierino\u0161u veipo\u0161anas iesp\u0113ju. Izv\u0113lieties no <strong>15+ premium gar\u0161\u0101m<\/strong>, katra no t\u0101m ir izstr\u0101d\u0101ta, lai nodro\u0161in\u0101tu izcilu gar\u0161as pieredzi. Lieliski piem\u0113rots vairumtirdzniec\u012bbas pirc\u0113jiem vai individu\u0101liem lietot\u0101jiem, \u0161is wga 30k <strong>vieda vienreiz lietojam\u0101 vape<\/strong> apvieno stilu, inov\u0101cijas un veiktsp\u0113ju, lai nodro\u0161in\u0101tu paaugstin\u0101tu vaping pieredzi.<\/p>\n<\/div>\n<\/div>\n<\/div>\n<\/div>\n<\/div>\n<\/div>\n<p><strong>Sazinieties ar Eimiju, lai ieg\u016btu pareizo atbildi un veipu kuponu!<\/strong><\/p>\n<p><img loading=\"lazy\" decoding=\"async\" class=\"size-full wp-image-1978\" src=\"https:\/\/rmvapesale.com\/wp-content\/uploads\/2024\/09\/Disposable-Vape-Wholesale.jpg\" alt=\"Vienreiz\u0113jais vape vairumtirdzniec\u012bba\" width=\"229\" height=\"300\" \/><\/p>\n<h3><a href=\"https:\/\/wa.me\/8617776015835\" target=\"_blank\" rel=\"noopener\"><span style=\"color: #ff0000\"><strong>WhatsApp: +86 17776015835<\/strong><\/span><\/a><\/h3>\n<p>&nbsp;<\/p>\n<h2><\/h2>\n<h2><strong>WGA 30000 Puffs galven\u0101s \u012bpa\u0161\u012bbas<\/strong><\/h2>\n<ul>\n<li>L\u012bdz <strong>30 000 uzp\u016btienu<\/strong> ilgsto\u0161ai lieto\u0161anai<\/li>\n<li><strong>Divu gar\u0161u sist\u0113ma<\/strong> dinamiskai un piel\u0101gojamas pieredzes nodro\u0161in\u0101\u0161anai<\/li>\n<li><strong>650 mAh Type-C uzl\u0101d\u0113jamu akumulatoru<\/strong> nodro\u0161ina \u0101tru uzl\u0101di<\/li>\n<li><strong>LED displejs<\/strong> r\u0101da akumulatora un e-\u0161\u0137idruma l\u012bmeni<\/li>\n<li>Ietver <strong>2ml+20ml uzpild\u0101ma e-\u0161\u0137idruma ietilp\u012bba<\/strong> papildu elast\u012bbai<\/li>\n<\/ul>\n<h2><strong>Top gar\u0161a WGA 30K<\/strong><\/h2>\n<p>1. Glacier Mint + Triple Menthol<br \/>\n2. Limon Lime + Lemon Slush<br \/>\n3. Fizzzy Cherry + \u010c\u0113r\u012b zeme\u0146u <span style=\"color: #ff0000\"><strong>&gt;&gt;&gt;&gt; Karsti!<\/strong><\/span><br \/>\n4. Arb\u016bza ledus + Dubult\u0101 \u0101bols<br \/>\n5. Prie\u017eu \u0101bols ledus + Juicy Mango<br \/>\n6. Gummy Bear + Skittles<br \/>\n7. Zilais Razz \u010c\u0113r\u012b + Skittles<br \/>\n8. Mr Blue + Zilais sk\u0101bais zeme\u0146u <span style=\"color: #ff0000\"><strong>&gt;&gt;&gt;&gt; Karsti!<\/strong><\/span><br \/>\n9. Sakura Grape + V\u012bnogu Gumy Bears<br \/>\n10. Mellenes Riekstu \u0136irsis + Mellenes Zeme\u0146u \u0136ir\u0161is Cranberry<br \/>\n11. Svaigs Persiks + Mango Persiks Arb\u016bzs<br \/>\n12. Zeme\u0146u Riekstu Ledus + Zeme\u0146u Skittles <span style=\"color: #ff0000\"><strong>&gt;&gt;&gt;&gt; Viss lab\u0101kais!<\/strong><\/span><br \/>\n13. Mellenes Ledus + Zeme\u0146u Ledus<br \/>\n14. Persiks Guava Zeme\u0146u + Svaigs Persiks<br \/>\n15. Zila Slush + Roz\u0101 Slush<\/p>\n<p>&nbsp;<\/p>\n<h3><strong>K\u0101p\u0113c izv\u0113l\u0113ties Rmvapesale WGA 30000 puffs <\/strong><strong>V<\/strong><strong>ape Vairumtirdzniec\u012bba<\/strong><strong>?<\/strong><\/h3>\n<div class=\"flex-shrink-0 flex flex-col relative items-end\">\n<div class=\"pt-0\">\n<div class=\"gizmo-bot-avatar flex h-8 w-8 items-center justify-center overflow-hidden rounded-full\">\n<div class=\"relative p-1 rounded-sm flex items-center justify-center bg-token-main-surface-primary text-token-text-primary h-8 w-8\">\n<p>Laipni l\u016bdzam Rmvapesale, j\u016bsu uzticamaj\u0101 tvaiku veikal\u0101, kur\u0101 ir pieejami augst\u0101k\u0101s kvalit\u0101tes vienreizlietojamie tvaiki. Ar vair\u0101k nek\u0101 5 gadu pieredzi m\u0113s pied\u0101v\u0101jam jums t\u0101dus popul\u0101rus vienreizlietojamo tvaiku z\u012bmolus k\u0101 Al Fakher, <a href=\"https:\/\/rmvapesale.com\/lv\/product-category\/bang-vapes\/\">Bang Vape<\/a>, Waspe, WGA Vape un<a href=\"https:\/\/rmvapesale.com\/lv\/product-category\/randm-fumot-vape\/\"> RandM Vape<\/a>.<\/p>\n<p>M\u016bsu kl\u0101st\u0101 ir t\u0101di popul\u0101ri tvaiki k\u0101 <a href=\"https:\/\/rmvapesale.com\/lv\/product\/randm-tornado-15000-puffs-vape-wholesale\/\">RandM Tornado 15000<\/a> un ar gar\u0161\u0101m bag\u0101tas izv\u0113les iesp\u0113jas, piem\u0113ram, Vapme 70000. Katrs produkts ir izv\u0113l\u0113ts, koncentr\u0113joties uz kvalit\u0101ti, v\u0113rt\u012bbu un daudzveid\u012bbu, nodro\u0161inot, ka j\u016bs atrad\u012bsiet sav\u0101m vajadz\u012bb\u0101m ide\u0101li piem\u0113rotu. Atkl\u0101jiet izcilu servisu un pla\u0161u lab\u0101ko produktu kl\u0101stu Rmvapesale.<\/p>\n<\/div>\n<h3><\/h3>\n<div class=\"relative p-1 rounded-sm flex items-center justify-center bg-token-main-surface-primary text-token-text-primary h-8 w-8\">\n<h3><b> BUJ par <\/b><b>WGA 30K Uzl\u0101d\u0113jams Vienreiz\u0113j\u0101s lieto\u0161anas Vape<\/b><\/h3>\n<div class=\"group\/conversation-turn relative flex w-full min-w-0 flex-col agent-turn\">\n<div class=\"flex-col gap-1 md:gap-3\">\n<div class=\"flex max-w-full flex-col flex-grow\">\n<div class=\"min-h-8 text-message flex w-full flex-col items-end gap-2 whitespace-normal break-words [.text-message+&amp;]:mt-5\" dir=\"auto\" data-message-author-role=\"assistant\" data-message-id=\"00c9b302-bc9c-4550-94ba-5a295efa2be3\" data-message-model-slug=\"gpt-4o\">\n<div class=\"flex w-full flex-col gap-1 empty:hidden first:pt-[3px]\">\n<div class=\"markdown prose w-full break-words dark:prose-invert light\">\n<div class=\"flex-shrink-0 flex flex-col relative items-end\">\n<div>\n<div class=\"pt-0\">\n<div class=\"gizmo-bot-avatar flex h-8 w-8 items-center justify-center overflow-hidden rounded-full\">\n<div class=\"relative p-1 rounded-sm flex items-center justify-center bg-token-main-surface-primary text-token-text-primary h-8 w-8\">\n<div class=\"flex-shrink-0 flex flex-col relative items-end\">\n<div>\n<div class=\"pt-0\">\n<div class=\"gizmo-bot-avatar flex h-8 w-8 items-center justify-center overflow-hidden rounded-full\">\n<div class=\"relative p-1 rounded-sm flex items-center justify-center bg-token-main-surface-primary text-token-text-primary h-8 w-8\">\n<ul>\n<li><strong>Kur ieg\u0101d\u0101ties WGA 30k vape vairumtirdzniec\u012bbas cen\u0101 Latvij\u0101<\/strong><br \/>\nJ\u016bs varat ieg\u0101d\u0101ties <strong>WGA 30k vape<\/strong> pirkt vairumtirdzniec\u012bbas cen\u0101s caur uzticamiem tie\u0161saistes mazumtirgot\u0101jiem un vape izplat\u012bt\u0101jiem, kas pieg\u0101d\u0101 uz Latviju. P\u0101rliecinieties, ka izv\u0113laties uzticamus pieg\u0101d\u0101t\u0101jus, kas specializ\u0113jas <strong>veipu vairumtirdzniec\u012bbai<\/strong> lai ieg\u016btu autentiskus produktus.<\/li>\n<li><strong>Cik daudz ieelpu sniedz WGA 30k iepakojuma vape?<\/strong><br \/>\n\u0160is <strong>WGA 30k vape<\/strong> nodro\u0161ina iespaid\u012bgus <strong>30 000 uzp\u016btienu<\/strong>, padarot to ide\u0101lu ilgsto\u0161ai lieto\u0161anai un lielapjoma pirc\u0113jiem.<\/li>\n<li><strong>Cik ilgi kalpo popul\u0101rais WGA 30000 vienreiz\u0113j\u0101s lieto\u0161anas vape pildspalva?<\/strong><br \/>\nDz\u012bves ilgums <strong>WGA 30000 vape pildspalvai<\/strong> atkar\u012bgs no individu\u0101laj\u0101m lieto\u0161anas ieradumiem. Vid\u0113ji regul\u0101ri lietot\u0101ji var atrast, ka t\u0101 kalpo no <strong>2 l\u012bdz 4 ned\u0113\u013c\u0101m<\/strong>.<\/li>\n<li><strong>K\u0101di ir popul\u0101rie arom\u0101ti WGA 30k Puff vienreiz\u0113j\u0101s lieto\u0161anas vape kast\u012btei?<\/strong><br \/>\nPopul\u0101ras gar\u0161as <strong>WGA 30k vape<\/strong> ietver <strong>Zil\u0101 Avene Ledus<\/strong>, <strong>Zeme\u0146u ban\u0101ns<\/strong>, <strong>V\u0113s\u0101 piparm\u0113tra<\/strong>, un citi izv\u0113les varianti no <strong>15+ premium gar\u0161\u0101m<\/strong> pieejamiem.<\/li>\n<li><strong>Cik ilgs laiks nepiecie\u0161ams, lai uzl\u0101d\u0113tu WGA LEGEND ULTRA 30K Puffs Uzl\u0101d\u0113jamu Vape?<\/strong><br \/>\n\u0160is <strong>WGA LEGEND ULTRA 30k<\/strong> vape ir apr\u012bkots ar <strong>650 mAh Type-C uzl\u0101d\u0113jamu akumulatoru<\/strong>, kas parasti aiz\u0146em apm\u0113ram <strong>45 min\u016btes l\u012bdz 1 stundai<\/strong> piln\u012bgai uzl\u0101dei.<\/li>\n<li><strong>Cik daudz nikot\u012bna ir WGA LEGEND ULTRA 30000 vienreiz\u0113j\u0101s lieto\u0161anas vape?<\/strong><br \/>\n\u0160is <strong>WGA LEGEND ULTRA 30000 vape<\/strong> satur <strong>2% nikot\u012bna stiprumu<\/strong>, pied\u0101v\u0101jot apmierino\u0161u, bet ar zemu nikot\u012bna l\u012bmeni.<\/li>\n<\/ul>\n<\/div>\n<\/div>\n<\/div>\n<\/div>\n<\/div>\n<\/div>\n<\/div>\n<\/div>\n<\/div>\n<\/div>\n<div class=\"group\/conversation-turn relative flex w-full min-w-0 flex-col agent-turn\">\n<div class=\"flex-col gap-1 md:gap-3\">\n<div class=\"flex max-w-full flex-col flex-grow\">\n<div class=\"min-h-8 text-message flex w-full flex-col items-end gap-2 whitespace-normal break-words [.text-message+&amp;]:mt-5\" dir=\"auto\" data-message-author-role=\"assistant\" data-message-id=\"a3dc01bd-23b0-4fd7-bb9a-7827522cefd8\" data-message-model-slug=\"gpt-4o\">\n<div class=\"flex w-full flex-col gap-1 empty:hidden first:pt-[3px]\"><\/div>\n<\/div>\n<\/div>\n<\/div>\n<\/div>\n<\/div>\n<\/div>\n<\/div>\n<\/div>\n<\/div>\n<\/div>\n<\/div>\n<\/div>\n<\/div>\n<\/div>\n<h3>Par s\u016bt\u012bjumu<\/h3>\n<div class=\"flex-shrink-0 flex flex-col relative items-end\">\n<div>\n<div class=\"pt-0\">\n<div class=\"gizmo-bot-avatar flex h-8 w-8 items-center justify-center overflow-hidden rounded-full\">\n<div><\/div>\n<div class=\"relative p-1 rounded-sm flex items-center justify-center bg-token-main-surface-primary text-token-text-primary h-8 w-8\"><strong>1. K\u0101das pieg\u0101des metodes tiek izmantotas?<\/strong><\/div>\n<\/div>\n<\/div>\n<\/div>\n<\/div>\n<div class=\"group\/conversation-turn relative flex w-full min-w-0 flex-col agent-turn\">\n<div class=\"flex-col gap-1 md:gap-3\">\n<div class=\"flex max-w-full flex-col flex-grow\">\n<div class=\"min-h-[20px] text-message flex w-full flex-col items-end gap-2 whitespace-normal break-words [.text-message+&amp;]:mt-5 overflow-x-auto\" dir=\"auto\" data-message-author-role=\"assistant\" data-message-id=\"22f8283b-3233-46ff-89a5-c7a41b33abda\">\n<div class=\"flex w-full flex-col gap-1 empty:hidden first:pt-[3px]\">\n<div class=\"markdown prose w-full break-words dark:prose-invert light\">\n<p>M\u0113s sadarbojamies ar UPS, DHL, FedEx, DPD un citiem vado\u0161ajiem p\u0101rvad\u0101t\u0101jiem. M\u0113s izv\u0113l\u0113simies lab\u0101ko pieg\u0101des veidu, pamatojoties uz j\u016bsu pieg\u0101des vietu, lai nodro\u0161in\u0101tu, ka j\u016bs sa\u0146emat savus produktus p\u0113c iesp\u0113jas \u0101tr\u0101k.<\/p>\n<\/div>\n<p><strong>2. Cik ilgs laiks paiet, l\u012bdz tas pien\u0101k?<\/strong><\/p>\n<p>Pieg\u0101des uz Latviju parasti ierodas 10 darba dienu laik\u0101. Pieg\u0101de uz Eiropas valst\u012bm parasti aiz\u0146em apm\u0113ram 12-15 darba dienas. M\u0113s nodro\u0161in\u0101sim re\u0101llaika atjaunin\u0101jumus par j\u016bsu pieg\u0101des statusu.<\/p>\n<\/div>\n<\/div>\n<\/div>\n<\/div>\n<\/div>\n<p>&nbsp;<\/p>\n<p>Atrodiet vair\u0101k Vape produktu, kas jums var\u0113tu patikt:<strong><em><a href=\"https:\/\/rmvapesale.com\/lv\/shop-2\/\">iepirkties tagad &gt;&gt;&gt;<\/a><\/em><\/strong><\/p>","protected":false},"excerpt":{"rendered":"<p>\u0160is <strong>WGA 30000 Uzp\u016btienu Dubultu Gar\u0161u Uzpild\u0101ma Vienreiz\u0113j\u0101 Vape<\/strong>, revolucion\u0101ra ier\u012bce, kas paredz\u0113ta veipot\u0101jiem, kuri mekl\u0113 nep\u0101rsp\u0113jamu daudzpus\u012bbu un veiktsp\u0113ju. Ar ietilp\u012bbu <strong>30 000 uzp\u016btienu.<\/strong><\/p>\n<p><img loading=\"lazy\" decoding=\"async\" class=\"size-full wp-image-2375\" src=\"https:\/\/rmvapesale.com\/wp-content\/uploads\/2024\/10\/image.png\" alt=\"Lab\u0101kais vienreiz\u0113jais vape\" width=\"229\" height=\"300\" \/><\/p>\n<h3><a href=\"https:\/\/wa.me\/8617776015835\"><span style=\"color: #ff0000\"><strong>WhatsApp: +86 17776015835<\/strong><\/span><\/a><\/h3>\n<p>&nbsp;<\/p>","protected":false},"featured_media":2796,"comment_status":"open","ping_status":"closed","template":"","meta":{"_uag_custom_page_level_css":"","_lmt_disableupdate":"no","_lmt_disable":"","site-sidebar-layout":"default","site-content-layout":"content-boxed-container","ast-site-content-layout":"normal-width-container","site-content-style":"boxed","site-sidebar-style":"unboxed","ast-global-header-display":"","ast-banner-title-visibility":"","ast-main-header-display":"","ast-hfb-above-header-display":"","ast-hfb-below-header-display":"","ast-hfb-mobile-header-display":"","site-post-title":"","ast-breadcrumbs-content":"","ast-featured-img":"","footer-sml-layout":"","ast-disable-related-posts":"","theme-transparent-header-meta":"default","adv-header-id-meta":"","stick-header-meta":"","header-above-stick-meta":"","header-main-stick-meta":"","header-below-stick-meta":"","astra-migrate-meta-layouts":"set","ast-page-background-enabled":"default","ast-page-background-meta":{"desktop":{"background-color":"var(--ast-global-color-4)","background-image":"","background-repeat":"repeat","background-position":"center center","background-size":"auto","background-attachment":"scroll","background-type":"","background-media":"","overlay-type":"","overlay-color":"","overlay-opacity":"","overlay-gradient":""},"tablet":{"background-color":"","background-image":"","background-repeat":"repeat","background-position":"center center","background-size":"auto","background-attachment":"scroll","background-type":"","background-media":"","overlay-type":"","overlay-color":"","overlay-opacity":"","overlay-gradient":""},"mobile":{"background-color":"","background-image":"","background-repeat":"repeat","background-position":"center center","background-size":"auto","background-attachment":"scroll","background-type":"","background-media":"","overlay-type":"","overlay-color":"","overlay-opacity":"","overlay-gradient":""}},"ast-content-background-meta":{"desktop":{"background-color":"var(--ast-global-color-5)","background-image":"","background-repeat":"repeat","background-position":"center center","background-size":"auto","background-attachment":"scroll","background-type":"","background-media":"","overlay-type":"","overlay-color":"","overlay-opacity":"","overlay-gradient":""},"tablet":{"background-color":"var(--ast-global-color-5)","background-image":"","background-repeat":"repeat","background-position":"center center","background-size":"auto","background-attachment":"scroll","background-type":"","background-media":"","overlay-type":"","overlay-color":"","overlay-opacity":"","overlay-gradient":""},"mobile":{"background-color":"var(--ast-global-color-5)","background-image":"","background-repeat":"repeat","background-position":"center center","background-size":"auto","background-attachment":"scroll","background-type":"","background-media":"","overlay-type":"","overlay-color":"","overlay-opacity":"","overlay-gradient":""}},"_joinchat":[]},"product_brand":[],"product_cat":[15,27,25,123,30,26,28,137,136,135],"product_tag":[229,232,69],"class_list":{"0":"post-2799","1":"product","2":"type-product","3":"status-publish","4":"has-post-thumbnail","6":"product_cat-new-vape-this-week","7":"product_cat-fance-hot-sale-vape","8":"product_cat-germany-best-selling-vape","9":"product_cat-italy-wholesale-vape","10":"product_cat-minimum-order-quantity-50pcs","11":"product_cat-netherlands-hot-sale-vape","12":"product_cat-poland-hot-sale-vape","13":"product_cat-rechargeable-vapes","14":"product_cat-smart-screen-vapes","15":"product_cat-spain-best-hot-sale-vape","16":"product_tag-smart-disposable-vapes","17":"product_tag-wga-30k","18":"product_tag-wga-vape","19":"desktop-align-left","20":"tablet-align-left","21":"mobile-align-left","23":"first","24":"instock","25":"sale","26":"shipping-taxable","27":"purchasable","28":"product-type-simple"},"uagb_featured_image_src":{"full":["https:\/\/rmvapesale.com\/wp-content\/uploads\/2024\/11\/WGA-Legend-Ultra-30000-Disposable-Vape.jpg",1126,1126,false],"thumbnail":["https:\/\/rmvapesale.com\/wp-content\/uploads\/2024\/11\/WGA-Legend-Ultra-30000-Disposable-Vape-150x150.jpg",150,150,true],"medium":["https:\/\/rmvapesale.com\/wp-content\/uploads\/2024\/11\/WGA-Legend-Ultra-30000-Disposable-Vape-300x300.jpg",300,300,true],"medium_large":["https:\/\/rmvapesale.com\/wp-content\/uploads\/2024\/11\/WGA-Legend-Ultra-30000-Disposable-Vape-768x768.jpg",768,768,true],"large":["https:\/\/rmvapesale.com\/wp-content\/uploads\/2024\/11\/WGA-Legend-Ultra-30000-Disposable-Vape-1024x1024.jpg",1024,1024,true],"1536x1536":["https:\/\/rmvapesale.com\/wp-content\/uploads\/2024\/11\/WGA-Legend-Ultra-30000-Disposable-Vape.jpg",1126,1126,false],"2048x2048":["https:\/\/rmvapesale.com\/wp-content\/uploads\/2024\/11\/WGA-Legend-Ultra-30000-Disposable-Vape.jpg",1126,1126,false],"trp-custom-language-flag":["https:\/\/rmvapesale.com\/wp-content\/uploads\/2024\/11\/WGA-Legend-Ultra-30000-Disposable-Vape.jpg",12,12,false],"woocommerce_thumbnail":["https:\/\/rmvapesale.com\/wp-content\/uploads\/2024\/11\/WGA-Legend-Ultra-30000-Disposable-Vape-300x300.jpg",300,300,true],"woocommerce_single":["https:\/\/rmvapesale.com\/wp-content\/uploads\/2024\/11\/WGA-Legend-Ultra-30000-Disposable-Vape-600x600.jpg",600,600,true],"woocommerce_gallery_thumbnail":["https:\/\/rmvapesale.com\/wp-content\/uploads\/2024\/11\/WGA-Legend-Ultra-30000-Disposable-Vape-100x100.jpg",100,100,true],"wcpr-photo-reviews":["https:\/\/rmvapesale.com\/wp-content\/uploads\/2024\/11\/WGA-Legend-Ultra-30000-Disposable-Vape.jpg",500,500,false]},"uagb_author_info":{"display_name":"AMY","author_link":"https:\/\/rmvapesale.com\/lv\/author\/"},"uagb_comment_info":0,"uagb_excerpt":"The WGA 30000 Puffs Double Flavors Refillable Disposable Vape, a revolutionary device designed for vapers seeking unmatched versatility and performance. With a capacity of 30,000 puffs. WhatsApp: +86 17776015835 &nbsp;","_links":{"self":[{"href":"https:\/\/rmvapesale.com\/lv\/wp-json\/wp\/v2\/product\/2799","targetHints":{"allow":["GET"]}}],"collection":[{"href":"https:\/\/rmvapesale.com\/lv\/wp-json\/wp\/v2\/product"}],"about":[{"href":"https:\/\/rmvapesale.com\/lv\/wp-json\/wp\/v2\/types\/product"}],"replies":[{"embeddable":true,"href":"https:\/\/rmvapesale.com\/lv\/wp-json\/wp\/v2\/comments?post=2799"}],"wp:featuredmedia":[{"embeddable":true,"href":"https:\/\/rmvapesale.com\/lv\/wp-json\/wp\/v2\/media\/2796"}],"wp:attachment":[{"href":"https:\/\/rmvapesale.com\/lv\/wp-json\/wp\/v2\/media?parent=2799"}],"wp:term":[{"taxonomy":"product_brand","embeddable":true,"href":"https:\/\/rmvapesale.com\/lv\/wp-json\/wp\/v2\/product_brand?post=2799"},{"taxonomy":"product_cat","embeddable":true,"href":"https:\/\/rmvapesale.com\/lv\/wp-json\/wp\/v2\/product_cat?post=2799"},{"taxonomy":"product_tag","embeddable":true,"href":"https:\/\/rmvapesale.com\/lv\/wp-json\/wp\/v2\/product_tag?post=2799"}],"curies":[{"name":"wp","href":"https:\/\/api.w.org\/{rel}","templated":true}]}}