{"id":2831,"date":"2024-12-02T03:50:09","date_gmt":"2024-12-02T03:50:09","guid":{"rendered":"https:\/\/rmvapesale.com\/?post_type=product&#038;p=2831"},"modified":"2024-12-03T09:57:39","modified_gmt":"2024-12-03T09:57:39","slug":"randm-tornado-15000-puff-fumot-vape-bulk-buy-price","status":"publish","type":"product","link":"https:\/\/rmvapesale.com\/lv\/product\/randm-tornado-15000-puff-fumot-vape-bulk-buy-price\/","title":{"rendered":"RandM Tornado 15000 Dvesienu Fumot Vape Vairumtirdzniec\u012bbas Cena"},"content":{"rendered":"<div class=\"B2VR9 CJHX3e\">\n<div class=\"wyccme\">\n<h1 class=\"LC20lb MBeuO DKV0Md\">RandM Tornado 15000 Dvesienu Fumot Vape Vairumtirdzniec\u012bbas Cena<\/h1>\n<div class=\"flex-shrink-0 flex flex-col relative items-end\">\n<div class=\"pt-0\">\n<div class=\"gizmo-bot-avatar flex h-8 w-8 items-center justify-center overflow-hidden rounded-full\">\n<div class=\"relative p-1 rounded-sm flex items-center justify-center bg-token-main-surface-primary text-token-text-primary h-8 w-8\">\n<p>\u0160is <strong>RandM Tornado 15000 Puff Fumot Vape<\/strong> ir ide\u0101ls snieguma un stila apvienojums, padarot to par lab\u0101ko izv\u0113li tvaic\u0113t\u0101jiem, kuri mekl\u0113 augst\u0101k\u0101s kvalit\u0101tes vienreiz\u0113j\u0101s lieto\u0161anas ier\u012bci. Pied\u0101v\u0101jot iespaid\u012bgu <strong>15 000 uzp\u016btienu<\/strong>, \u0161is <strong>uzl\u0101d\u0113jams vienreiz\u0113j\u0101s lieto\u0161anas vape<\/strong> darbojas ar <strong>850 mAh akumulatoru<\/strong> ar \u0101tru un \u0113rtu <strong>USB Type-C uzl\u0101di<\/strong>.<\/p>\n<p>Viena no izcil\u0101kaj\u0101m iez\u012bm\u0113m ir t\u0101 spilgtais <strong>LED displejs<\/strong>, kas nodro\u0161ina re\u0101llaika atjaunin\u0101jumus par akumulatora darb\u012bbas laiku un e\u013c\u013cas l\u012bmeni. Tas nodro\u0161ina, ka jums nekad negaid\u012bti nebeigsies ener\u0123ija vai e-\u0161\u0137idrums, pievienojot j\u016bsu tvaic\u0113\u0161anas pieredzei \u0113rt\u012bbas. Savienots p\u0101r\u012b ar modernu <strong>t\u012bkla spoles tehnolo\u0123ija<\/strong>, vape nodro\u0161ina vienm\u0113r\u012bgi gludu tvaiku un bag\u0101t\u012bgu gar\u0161u no s\u0101kuma l\u012bdz beig\u0101m.<\/p>\n<p>Ar <strong>41 neatvair\u0101mas gar\u0161as<\/strong> no kuriem izv\u0113l\u0113ties, tostarp aug\u013cu, mentola un desertu iedvesmotus profilus, ir kaut kas, kas atbilstu ikvienai gaumei. T\u0101di popul\u0101ri varianti k\u0101 Mango Ice, Strawberry Watermelon un Blueberry Raspberry ir izstr\u0101d\u0101ti, lai nodro\u0161in\u0101tu apmierino\u0161u un atsvaidzino\u0161u pieredzi. Neatkar\u012bgi no t\u0101, vai esat ies\u0101c\u0113js vai pieredz\u0113jis tvaic\u0113t\u0101js, tad <strong>RandM 15000<\/strong> pied\u0101v\u0101 piel\u0101gojamu nikot\u012bna stiprumu <strong>2% vai 5%<\/strong>, kas atbilst da\u017e\u0101d\u0101m v\u0113lm\u0113m.<\/p>\n<p>Kompakts, p\u0101rn\u0113s\u0101jams un stil\u012bgs, <strong>RandM Vape 15000<\/strong> ir ide\u0101li piem\u0113rots person\u012bgai lieto\u0161anai vai vairumtirdzniec\u012bbas pirkumiem <strong>veipu vairumtirdzniec\u012bbai<\/strong>. Uzlabojiet savu tvaic\u0113\u0161anas pieredzi ar \u0161o novatorisko, augstas veiktsp\u0113jas ier\u012bci, kas apvieno modern\u0101k\u0101s funkcijas ar elegantu, lietot\u0101jam draudz\u012bgu dizainu.<\/p>\n<\/div>\n<\/div>\n<\/div>\n<\/div>\n<\/div>\n<\/div>\n<p><strong>Sazinieties ar Eimiju, lai ieg\u016btu pareizo atbildi un veipu kuponu!<\/strong><\/p>\n<p><img loading=\"lazy\" decoding=\"async\" class=\"size-full wp-image-1978\" src=\"https:\/\/rmvapesale.com\/wp-content\/uploads\/2024\/09\/Disposable-Vape-Wholesale.jpg\" alt=\"Vienreiz\u0113jais vape vairumtirdzniec\u012bba\" width=\"229\" height=\"300\" \/><\/p>\n<h3><a href=\"https:\/\/wa.me\/8617776015835\" target=\"_blank\" rel=\"noopener\"><span style=\"color: #ff0000\"><strong>WhatsApp: +86 17776015835<\/strong><\/span><\/a><\/h3>\n<p>&nbsp;<\/p>\n<h2><\/h2>\n<h2><strong>RandM Tornado 15000 galven\u0101s iez\u012bmes<\/strong><\/h2>\n<ul>\n<li>L\u012bdz 32 000 uzp\u016btieniem ar diviem 26 ml podiem.<\/li>\n<li>Dubulta gar\u0161as p\u0101rsl\u0113g\u0161ana da\u017e\u0101d\u012bbai.<\/li>\n<li>Piel\u0101gojami nikot\u012bna l\u012bme\u0146i (0%-5%).<\/li>\n<li>Uzl\u0101d\u0113jams 650 mAh akumulators ar C tipa portu.<\/li>\n<li>Uzlabota gar\u0161a, izmantojot 1,0 omu Mesh Coil.<\/li>\n<\/ul>\n<h2><strong>Popul\u0101r\u0101k\u0101s RandM Tornado 15k gar\u0161as<\/strong><\/h2>\n<p>&nbsp;<\/p>\n<p>1.Zilo ave\u0146u limon\u0101de<br \/>\n2.Persiku ledus<br \/>\n3.Sk\u0101bais \u0101bols<br \/>\n4.Arb\u016bzu ledus<br \/>\n5.Melle\u0146u ledus<br \/>\n6.Melle\u0146u avenes<br \/>\n7.Anan\u0101su ledus<br \/>\n8.\u0136irsis<br \/>\n9.Zeme\u0146u ledus<br \/>\n10.Vimto<br \/>\n11.V\u012bnogu ledus<br \/>\n12.Kol\u0101 ledus<br \/>\n13.Zeme\u0146u arb\u016bzs<br \/>\n14.Roz\u0101 limon\u0101de<br \/>\n15.Jaukti ogu<br \/>\n16.Persiku mango<br \/>\n17.P\u016b\u0137a aug\u013ci<br \/>\n18. Zeme\u0146u v\u012bnogas<br \/>\n19. Mr. Blue<br \/>\n20. Sul\u012bgs ledus<br \/>\n21. Ledus pops<br \/>\n22. Zeme\u0146u kivi<br \/>\n23. Kivi pasifloras gvajava<br \/>\n24. Tr\u012bsk\u0101r\u0161\u0101s ogas<br \/>\n25. Ban\u0101nu ledus<br \/>\n26. Persiku melle\u0146u konfektes<br \/>\n27. \u0100bolu persiku bumbieris<br \/>\n28. Ogu limon\u0101de<br \/>\n29. Zilo ave\u0146u \u0137irsis<br \/>\n30. Melle\u0146u ko\u0161\u013c\u0101jam\u0101 gumija<br \/>\n31. Melle\u0146u \u0137ir\u0161u dz\u0113rvenes<br \/>\n32. Melle\u0146u gran\u0101t\u0101bols<br \/>\n33. Zili sk\u0101ba ave\u0146u<br \/>\n34. \u0136ir\u0161u kola<br \/>\n35. L\u0101c\u012btis<br \/>\n36. Citrons<br \/>\n37. Mango uz ledus<br \/>\n38. Sarkana ener\u0123ija ar ledu<br \/>\n39. Zeme\u0146u ban\u0101ns<br \/>\n40. Zeme\u0146u Red Bull<br \/>\n41. Zeme\u0146u arb\u016bzu limon\u0101de<br \/>\n42. Ledus t\u0113jas citrona ledus<br \/>\n43. Ledus t\u0113jas persiku ledus<br \/>\n44. G\u0101z\u0113ts \u0137irsis<br \/>\n45. Skittles<\/p>\n<p>&nbsp;<\/p>\n<h3><strong>K\u0101p\u0113c izv\u0113l\u0113ties Rmvapesale Fumot Vape 15k ieg\u0101dei\u00a0<\/strong><strong>V<\/strong><strong>ape Vairumtirdzniec\u012bba<\/strong><strong>?<\/strong><\/h3>\n<div class=\"flex-shrink-0 flex flex-col relative items-end\">\n<div class=\"pt-0\">\n<div class=\"gizmo-bot-avatar flex h-8 w-8 items-center justify-center overflow-hidden rounded-full\">\n<div class=\"relative p-1 rounded-sm flex items-center justify-center bg-token-main-surface-primary text-token-text-primary h-8 w-8\">\n<p>Laipni l\u016bdzam Rmvapesale, j\u016bsu uzticamaj\u0101 tvaiku veikal\u0101, kur\u0101 ir pieejami augst\u0101k\u0101s kvalit\u0101tes vienreizlietojamie tvaiki. Ar vair\u0101k nek\u0101 5 gadu pieredzi m\u0113s pied\u0101v\u0101jam jums t\u0101dus popul\u0101rus vienreizlietojamo tvaiku z\u012bmolus k\u0101 Al Fakher, <a href=\"https:\/\/rmvapesale.com\/lv\/product-category\/bang-vapes\/\">Bang Vape<\/a>, Waspe, WGA Vape un<a href=\"https:\/\/rmvapesale.com\/lv\/product-category\/randm-fumot-vape\/\"> RandM Vape<\/a>.<\/p>\n<p>M\u016bsu kl\u0101st\u0101 ir t\u0101di popul\u0101ri tvaiki k\u0101 <a href=\"https:\/\/rmvapesale.com\/lv\/product\/randm-tornado-15000-puffs-vape-wholesale\/\">RandM Tornado 15000<\/a> un ar gar\u0161\u0101m bag\u0101tas izv\u0113les iesp\u0113jas, piem\u0113ram, Vapme 70000. Katrs produkts ir izv\u0113l\u0113ts, koncentr\u0113joties uz kvalit\u0101ti, v\u0113rt\u012bbu un daudzveid\u012bbu, nodro\u0161inot, ka j\u016bs atrad\u012bsiet sav\u0101m vajadz\u012bb\u0101m ide\u0101li piem\u0113rotu. Atkl\u0101jiet izcilu servisu un pla\u0161u lab\u0101ko produktu kl\u0101stu Rmvapesale.<\/p>\n<\/div>\n<h3><\/h3>\n<div class=\"relative p-1 rounded-sm flex items-center justify-center bg-token-main-surface-primary text-token-text-primary h-8 w-8\">\n<h3><b> BUJ par RandM Vape 15000 <\/b><b>Uzl\u0101d\u0113jams vienreiz\u0113j\u0101s lieto\u0161anas vape<\/b><\/h3>\n<div class=\"group\/conversation-turn relative flex w-full min-w-0 flex-col agent-turn\">\n<div class=\"flex-col gap-1 md:gap-3\">\n<div class=\"flex max-w-full flex-col flex-grow\">\n<div class=\"min-h-8 text-message flex w-full flex-col items-end gap-2 whitespace-normal break-words [.text-message+&amp;]:mt-5\" dir=\"auto\" data-message-author-role=\"assistant\" data-message-id=\"00c9b302-bc9c-4550-94ba-5a295efa2be3\" data-message-model-slug=\"gpt-4o\">\n<div class=\"flex w-full flex-col gap-1 empty:hidden first:pt-[3px]\">\n<div class=\"markdown prose w-full break-words dark:prose-invert light\">\n<div class=\"flex-shrink-0 flex flex-col relative items-end\">\n<div>\n<div class=\"pt-0\">\n<div class=\"gizmo-bot-avatar flex h-8 w-8 items-center justify-center overflow-hidden rounded-full\">\n<div class=\"relative p-1 rounded-sm flex items-center justify-center bg-token-main-surface-primary text-token-text-primary h-8 w-8\">\n<div class=\"flex-shrink-0 flex flex-col relative items-end\">\n<div>\n<div class=\"pt-0\">\n<div class=\"gizmo-bot-avatar flex h-8 w-8 items-center justify-center overflow-hidden rounded-full\">\n<div class=\"relative p-1 rounded-sm flex items-center justify-center bg-token-main-surface-primary text-token-text-primary h-8 w-8\">\n<p>&nbsp;<\/p>\n<p><strong>Kur ieg\u0101d\u0101ties RandM Tornado 15000 Puffs vape par vairumtirdzniec\u012bbas cenu V\u0101cij\u0101<\/strong><br \/>\nLai ieg\u0101d\u0101tos RandM Tornado 15000 Puffs vape par vairumtirdzniec\u012bbas cen\u0101m V\u0101cij\u0101, sazinieties ar pilnvarotiem izplat\u012bt\u0101jiem vai tie\u0161saistes vape vairumtirdzniec\u012bbas pieg\u0101d\u0101t\u0101jiem, kas specializ\u0113jas RandM Vape produktos. P\u0101rliecinieties, vai pieg\u0101d\u0101t\u0101js nodro\u0161ina ori\u0123in\u0101lus produktus un atbilst ES noteikumiem.<\/p>\n<p><strong>Cik daudz uzp\u016btienu nodro\u0161ina Fumot Vape 15000?<\/strong><br \/>\nFumot Vape 15000 nodro\u0161ina l\u012bdz 15 000 uzp\u016btieniem, pied\u0101v\u0101jot lietot\u0101jiem izcilu ilgm\u016b\u017e\u012bbu un v\u0113rt\u012bbu.<\/p>\n<p><strong>Cik ilgi kalpo popul\u0101r\u0101 RandM Tornado 15k vienreiz\u0113j\u0101s lieto\u0161anas vape pildspalva?<\/strong><br \/>\nRandM Tornado 15k vienreiz\u0113j\u0101s lieto\u0161anas vape pildspalva var kalpot divas l\u012bdz tr\u012bs ned\u0113\u013cas m\u0113reniem lietot\u0101jiem, atkar\u012bb\u0101 no lieto\u0161anas paradumiem un bie\u017euma.<\/p>\n<p><strong>K\u0101das ir popul\u0101r\u0101k\u0101s gar\u0161as Fumot 15000 Puffs vienreiz\u0113j\u0101s lieto\u0161anas kast\u012bt\u0113?<\/strong><br \/>\nPopul\u0101r\u0101k\u0101s Fumot 15000 Puffs gar\u0161as ir Mango Ice, Strawberry Watermelon un Blueberry Raspberry, k\u0101 ar\u012b citas aug\u013cu, mentola un desertu iedvesmotas iesp\u0113jas no t\u0101 pla\u0161\u0101 gar\u0161u kl\u0101sta.<\/p>\n<p><strong>Cik ilgs laiks nepiecie\u0161ams, lai uzl\u0101d\u0113tu RandM 15k uzl\u0101d\u0113jamu Vape?<\/strong><br \/>\nRandM 15k uzl\u0101d\u0113jamam Vape ir nepiecie\u0161amas aptuveni 1-2 stundas, lai piln\u012bb\u0101 uzl\u0101d\u0113tos, pateicoties t\u0101 USB Type-C \u0101tr\u0101s uzl\u0101des tehnolo\u0123ijai.<\/p>\n<p><strong>Cik daudz nikot\u012bna ir RandM Tornado 15000 vienreiz\u0113j\u0101s lieto\u0161anas e-cigaret\u0113?<\/strong><br \/>\nRandM Tornado 15000 vienreiz\u0113j\u0101s lieto\u0161anas e-cigarete pied\u0101v\u0101 nikot\u012bna stiprumu 2% (20 mg) un 5% (50 mg), nodro\u0161inot iesp\u0113jas da\u017e\u0101d\u0101m lietot\u0101ju v\u0113lm\u0113m.<\/p>\n<\/div>\n<\/div>\n<\/div>\n<\/div>\n<\/div>\n<\/div>\n<\/div>\n<\/div>\n<\/div>\n<\/div>\n<div class=\"group\/conversation-turn relative flex w-full min-w-0 flex-col agent-turn\">\n<div class=\"flex-col gap-1 md:gap-3\">\n<div class=\"flex max-w-full flex-col flex-grow\">\n<div class=\"min-h-8 text-message flex w-full flex-col items-end gap-2 whitespace-normal break-words [.text-message+&amp;]:mt-5\" dir=\"auto\" data-message-author-role=\"assistant\" data-message-id=\"a3dc01bd-23b0-4fd7-bb9a-7827522cefd8\" data-message-model-slug=\"gpt-4o\">\n<div class=\"flex w-full flex-col gap-1 empty:hidden first:pt-[3px]\"><\/div>\n<\/div>\n<\/div>\n<\/div>\n<\/div>\n<\/div>\n<\/div>\n<\/div>\n<\/div>\n<\/div>\n<\/div>\n<\/div>\n<\/div>\n<\/div>\n<\/div>\n<h3>Par s\u016bt\u012bjumu<\/h3>\n<div class=\"flex-shrink-0 flex flex-col relative items-end\">\n<div>\n<div class=\"pt-0\">\n<div class=\"gizmo-bot-avatar flex h-8 w-8 items-center justify-center overflow-hidden rounded-full\">\n<div><\/div>\n<div class=\"relative p-1 rounded-sm flex items-center justify-center bg-token-main-surface-primary text-token-text-primary h-8 w-8\"><strong>1. K\u0101das pieg\u0101des metodes tiek izmantotas?<\/strong><\/div>\n<\/div>\n<\/div>\n<\/div>\n<\/div>\n<div class=\"group\/conversation-turn relative flex w-full min-w-0 flex-col agent-turn\">\n<div class=\"flex-col gap-1 md:gap-3\">\n<div class=\"flex max-w-full flex-col flex-grow\">\n<div class=\"min-h-[20px] text-message flex w-full flex-col items-end gap-2 whitespace-normal break-words [.text-message+&amp;]:mt-5 overflow-x-auto\" dir=\"auto\" data-message-author-role=\"assistant\" data-message-id=\"22f8283b-3233-46ff-89a5-c7a41b33abda\">\n<div class=\"flex w-full flex-col gap-1 empty:hidden first:pt-[3px]\">\n<div class=\"markdown prose w-full break-words dark:prose-invert light\">\n<p>M\u0113s sadarbojamies ar UPS, DHL, FedEx, DPD un citiem vado\u0161ajiem p\u0101rvad\u0101t\u0101jiem. M\u0113s izv\u0113l\u0113simies lab\u0101ko pieg\u0101des veidu, pamatojoties uz j\u016bsu pieg\u0101des vietu, lai nodro\u0161in\u0101tu, ka j\u016bs sa\u0146emat savus produktus p\u0113c iesp\u0113jas \u0101tr\u0101k.<\/p>\n<\/div>\n<p><strong>2. Cik ilgs laiks paiet, l\u012bdz tas pien\u0101k?<\/strong><\/p>\n<p>Pieg\u0101des uz Latviju parasti ierodas 10 darba dienu laik\u0101. Pieg\u0101de uz Eiropas valst\u012bm parasti aiz\u0146em apm\u0113ram 12-15 darba dienas. M\u0113s nodro\u0161in\u0101sim re\u0101llaika atjaunin\u0101jumus par j\u016bsu pieg\u0101des statusu.<\/p>\n<\/div>\n<\/div>\n<\/div>\n<\/div>\n<\/div>\n<p>&nbsp;<\/p>\n<p>Atrodiet vair\u0101k Vape produktu, kas jums var\u0113tu patikt:<strong><em><a href=\"https:\/\/rmvapesale.com\/lv\/shop-2\/\">iepirkties tagad &gt;&gt;&gt;<\/a><\/em><\/strong><\/p>","protected":false},"excerpt":{"rendered":"<p>Randm Tornado 15000 Puffs Fumot digit\u0101l\u0101 vienreiz\u0113j\u0101s lieto\u0161anas vape<br \/>\nRandm 15000 Fumot Tornado Vape vairumtirdzniec\u012bba<br \/>\nFumot RandM 15k vienreiz\u0113j\u0101s lieto\u0161anas Vape vairumtirdzniec\u012bbas cena<\/p>\n<p><img loading=\"lazy\" decoding=\"async\" class=\"size-full wp-image-2375\" src=\"https:\/\/rmvapesale.com\/wp-content\/uploads\/2024\/10\/image.png\" alt=\"Lab\u0101kais vienreiz\u0113jais vape\" width=\"229\" height=\"300\" \/><\/p>\n<h3><a href=\"https:\/\/wa.me\/8617776015835\"><span style=\"color: #ff0000\"><strong>WhatsApp: +86 17776015835<\/strong><\/span><\/a><\/h3>\n<p>&nbsp;<\/p>","protected":false},"featured_media":2826,"comment_status":"open","ping_status":"closed","template":"","meta":{"_uag_custom_page_level_css":"","_lmt_disableupdate":"no","_lmt_disable":"","site-sidebar-layout":"default","site-content-layout":"content-boxed-container","ast-site-content-layout":"normal-width-container","site-content-style":"boxed","site-sidebar-style":"unboxed","ast-global-header-display":"","ast-banner-title-visibility":"","ast-main-header-display":"","ast-hfb-above-header-display":"","ast-hfb-below-header-display":"","ast-hfb-mobile-header-display":"","site-post-title":"","ast-breadcrumbs-content":"","ast-featured-img":"","footer-sml-layout":"","theme-transparent-header-meta":"default","adv-header-id-meta":"","stick-header-meta":"","header-above-stick-meta":"","header-main-stick-meta":"","header-below-stick-meta":"","astra-migrate-meta-layouts":"set","ast-page-background-enabled":"default","ast-page-background-meta":{"desktop":{"background-color":"var(--ast-global-color-4)","background-image":"","background-repeat":"repeat","background-position":"center center","background-size":"auto","background-attachment":"scroll","background-type":"","background-media":"","overlay-type":"","overlay-color":"","overlay-opacity":"","overlay-gradient":""},"tablet":{"background-color":"","background-image":"","background-repeat":"repeat","background-position":"center center","background-size":"auto","background-attachment":"scroll","background-type":"","background-media":"","overlay-type":"","overlay-color":"","overlay-opacity":"","overlay-gradient":""},"mobile":{"background-color":"","background-image":"","background-repeat":"repeat","background-position":"center center","background-size":"auto","background-attachment":"scroll","background-type":"","background-media":"","overlay-type":"","overlay-color":"","overlay-opacity":"","overlay-gradient":""}},"ast-content-background-meta":{"desktop":{"background-color":"var(--ast-global-color-5)","background-image":"","background-repeat":"repeat","background-position":"center center","background-size":"auto","background-attachment":"scroll","background-type":"","background-media":"","overlay-type":"","overlay-color":"","overlay-opacity":"","overlay-gradient":""},"tablet":{"background-color":"var(--ast-global-color-5)","background-image":"","background-repeat":"repeat","background-position":"center center","background-size":"auto","background-attachment":"scroll","background-type":"","background-media":"","overlay-type":"","overlay-color":"","overlay-opacity":"","overlay-gradient":""},"mobile":{"background-color":"var(--ast-global-color-5)","background-image":"","background-repeat":"repeat","background-position":"center center","background-size":"auto","background-attachment":"scroll","background-type":"","background-media":"","overlay-type":"","overlay-color":"","overlay-opacity":"","overlay-gradient":""}},"_joinchat":[]},"product_brand":[],"product_cat":[15,51,25,123,26,28,135,27,31,137,136,30],"product_tag":[235,39,171,236,234,38],"class_list":{"0":"post-2831","1":"product","2":"type-product","3":"status-publish","4":"has-post-thumbnail","6":"product_cat-new-vape-this-week","7":"product_cat-fumot-vape","8":"product_cat-germany-best-selling-vape","9":"product_cat-italy-wholesale-vape","10":"product_cat-netherlands-hot-sale-vape","11":"product_cat-poland-hot-sale-vape","12":"product_cat-spain-best-hot-sale-vape","13":"product_cat-fance-hot-sale-vape","14":"product_cat-randm-fumot-vape","15":"product_cat-rechargeable-vapes","16":"product_cat-smart-screen-vapes","17":"product_cat-minimum-order-quantity-50pcs","18":"product_tag-fumot-15k","19":"product_tag-fumot-vape","20":"product_tag-randm-15000","21":"product_tag-randm-15k","22":"product_tag-randm-tornado-15000","23":"product_tag-randm-vape","24":"desktop-align-left","25":"tablet-align-left","26":"mobile-align-left","28":"first","29":"instock","30":"sale","31":"shipping-taxable","32":"purchasable","33":"product-type-simple"},"uagb_featured_image_src":{"full":["https:\/\/rmvapesale.com\/wp-content\/uploads\/2024\/12\/Fumot-RandM-15000-Puffs-Disposable-Vape.jpg",1130,1126,false],"thumbnail":["https:\/\/rmvapesale.com\/wp-content\/uploads\/2024\/12\/Fumot-RandM-15000-Puffs-Disposable-Vape-150x150.jpg",150,150,true],"medium":["https:\/\/rmvapesale.com\/wp-content\/uploads\/2024\/12\/Fumot-RandM-15000-Puffs-Disposable-Vape-300x300.jpg",300,300,true],"medium_large":["https:\/\/rmvapesale.com\/wp-content\/uploads\/2024\/12\/Fumot-RandM-15000-Puffs-Disposable-Vape-768x765.jpg",768,765,true],"large":["https:\/\/rmvapesale.com\/wp-content\/uploads\/2024\/12\/Fumot-RandM-15000-Puffs-Disposable-Vape-1024x1020.jpg",1024,1020,true],"1536x1536":["https:\/\/rmvapesale.com\/wp-content\/uploads\/2024\/12\/Fumot-RandM-15000-Puffs-Disposable-Vape.jpg",1130,1126,false],"2048x2048":["https:\/\/rmvapesale.com\/wp-content\/uploads\/2024\/12\/Fumot-RandM-15000-Puffs-Disposable-Vape.jpg",1130,1126,false],"trp-custom-language-flag":["https:\/\/rmvapesale.com\/wp-content\/uploads\/2024\/12\/Fumot-RandM-15000-Puffs-Disposable-Vape.jpg",12,12,false],"woocommerce_thumbnail":["https:\/\/rmvapesale.com\/wp-content\/uploads\/2024\/12\/Fumot-RandM-15000-Puffs-Disposable-Vape-300x300.jpg",300,300,true],"woocommerce_single":["https:\/\/rmvapesale.com\/wp-content\/uploads\/2024\/12\/Fumot-RandM-15000-Puffs-Disposable-Vape-600x598.jpg",600,598,true],"woocommerce_gallery_thumbnail":["https:\/\/rmvapesale.com\/wp-content\/uploads\/2024\/12\/Fumot-RandM-15000-Puffs-Disposable-Vape-100x100.jpg",100,100,true],"wcpr-photo-reviews":["https:\/\/rmvapesale.com\/wp-content\/uploads\/2024\/12\/Fumot-RandM-15000-Puffs-Disposable-Vape.jpg",500,498,false]},"uagb_author_info":{"display_name":"AMY","author_link":"https:\/\/rmvapesale.com\/lv\/author\/"},"uagb_comment_info":0,"uagb_excerpt":"Randm Tornado 15000 Puffs Fumot Digital Disposable Vape Randm 15000 Fumot Tornado Vape Wholesale Fumot RandM 15k Disposable Vape Bulk Price WhatsApp: +86 17776015835 &nbsp;","_links":{"self":[{"href":"https:\/\/rmvapesale.com\/lv\/wp-json\/wp\/v2\/product\/2831","targetHints":{"allow":["GET"]}}],"collection":[{"href":"https:\/\/rmvapesale.com\/lv\/wp-json\/wp\/v2\/product"}],"about":[{"href":"https:\/\/rmvapesale.com\/lv\/wp-json\/wp\/v2\/types\/product"}],"replies":[{"embeddable":true,"href":"https:\/\/rmvapesale.com\/lv\/wp-json\/wp\/v2\/comments?post=2831"}],"wp:featuredmedia":[{"embeddable":true,"href":"https:\/\/rmvapesale.com\/lv\/wp-json\/wp\/v2\/media\/2826"}],"wp:attachment":[{"href":"https:\/\/rmvapesale.com\/lv\/wp-json\/wp\/v2\/media?parent=2831"}],"wp:term":[{"taxonomy":"product_brand","embeddable":true,"href":"https:\/\/rmvapesale.com\/lv\/wp-json\/wp\/v2\/product_brand?post=2831"},{"taxonomy":"product_cat","embeddable":true,"href":"https:\/\/rmvapesale.com\/lv\/wp-json\/wp\/v2\/product_cat?post=2831"},{"taxonomy":"product_tag","embeddable":true,"href":"https:\/\/rmvapesale.com\/lv\/wp-json\/wp\/v2\/product_tag?post=2831"}],"curies":[{"name":"wp","href":"https:\/\/api.w.org\/{rel}","templated":true}]}}