{"id":2844,"date":"2024-12-05T03:09:35","date_gmt":"2024-12-05T03:09:35","guid":{"rendered":"https:\/\/rmvapesale.com\/?post_type=product&#038;p=2844"},"modified":"2024-12-05T03:34:03","modified_gmt":"2024-12-05T03:34:03","slug":"vopk-ultra-40000-puffs-double-taste-digital-screen-spaceman-disposable-vape-wholesale","status":"publish","type":"product","link":"https:\/\/rmvapesale.com\/lv\/product\/vopk-ultra-40000-puffs-double-taste-digital-screen-spaceman-disposable-vape-wholesale\/","title":{"rendered":"VOPK ULTRA 40000 Puffs Divk\u0101r\u0161a gar\u0161a, digit\u0101lais ekr\u0101ns, kosmosa t\u0113mu vienreiz\u0113j\u0101s lieto\u0161anas vape, vairumtirdzniec\u012bba"},"content":{"rendered":"<div class=\"B2VR9 CJHX3e\">\n<div class=\"wyccme\">\n<h1 class=\"LC20lb MBeuO DKV0Md\">VOPK ULTRA 40000 Puffs Divk\u0101r\u0161a gar\u0161a, digit\u0101lais ekr\u0101ns, kosmosa t\u0113mu vienreiz\u0113j\u0101s lieto\u0161anas vape, vairumtirdzniec\u012bba<\/h1>\n<div class=\"flex-shrink-0 flex flex-col relative items-end\">\n<div class=\"pt-0\">\n<div class=\"gizmo-bot-avatar flex h-8 w-8 items-center justify-center overflow-hidden rounded-full\">\n<div class=\"relative p-1 rounded-sm flex items-center justify-center bg-token-main-surface-primary text-token-text-primary h-8 w-8\">\n<p>\u0160is <strong>VOPK ULTRA 40000 dvesmas divk\u0101r\u0161as gar\u0161as digit\u0101lais ekr\u0101ns, Spaceman vienreiz\u0113j\u0101s lieto\u0161anas vape<\/strong>\u00a0 ir moderna tvaic\u0113\u0161anas pieredze, kas ilgst ilg\u0101k, pied\u0101v\u0101 vair\u0101k gar\u0161as un sniedz jums inform\u0101ciju. \u0160\u012b augst\u0101k\u0101s klases vienreiz\u0113j\u0101s lieto\u0161anas vape ir paredz\u0113ta entuziastiem, kuri prasa gan veiktsp\u0113ju, gan \u0113rt\u012bbas, un t\u0101 ir pieejama par nep\u0101rsp\u0113jam\u0101m <strong>vairumtirdzniec\u012bbas cen\u0101m<\/strong>, padarot to par lielisku izv\u0113li person\u012bgai lieto\u0161anai vai lielapjoma pirkumiem.<\/p>\n<p>Ar neticamu <strong>40 000 dvesmu<\/strong>, tad <strong>VOPK ULTRA 40000<\/strong> nodro\u0161ina ilgsto\u0161u apmierin\u0101t\u012bbu, krietni p\u0101rsp\u0113jot liel\u0101ko da\u013cu tirg\u016b pieejamo vienreiz\u0113j\u0101s lieto\u0161anas ier\u012b\u010du. T\u0101 <strong>36 ml e-\u0161\u0137idruma ietilp\u012bba<\/strong> nodro\u0161ina pietiekamu tvaiku, ko baud\u012bt visas dienas garum\u0101. Novatorisk\u0101 <strong>dubult\u0101s gar\u0161as<\/strong> funkcija \u013cauj \u0113rti p\u0101rsl\u0113gties starp div\u0101m aizraujo\u0161\u0101m gar\u0161\u0101m, pied\u0101v\u0101jot daudzveid\u012bgu tvaic\u0113\u0161anas pieredzi ar katru dvesmu.<\/p>\n<p>Apr\u012bkots ar <strong>gudru LED displeju<\/strong>, \u0161is <strong>LED ekr\u0101na vienreiz\u0113j\u0101s lieto\u0161anas e-cigarete<\/strong> re\u0101llaik\u0101 seko l\u012bdzi j\u016bsu akumulatora uzl\u0101des l\u012bmenim un e-\u0161\u0137idruma l\u012bmenim, atvieglojot lieto\u0161anas p\u0101rvald\u012bbu. Ier\u012bces <strong>C tipa uzl\u0101d\u0113jama<\/strong> funkcionalit\u0101te nodro\u0161ina \u0101tru un efekt\u012bvu uzl\u0101di, lai jums nekad neb\u016btu ilgi j\u0101gaida n\u0101kam\u0101 sesija.<\/p>\n<p>Neatkar\u012bgi no t\u0101, vai v\u0113laties <strong>2%<\/strong> or <strong>5% nikot\u012bna<\/strong>, tad <strong>VOPK 40K<\/strong> nodro\u0161ina perfektu l\u012bdzsvaru ikvienam lietot\u0101jam. Turkl\u0101t ar 10 gard\u0101m gar\u0161\u0101m, s\u0101kot no aug\u013cu mais\u012bjumiem l\u012bdz atsvaidzino\u0161\u0101m piparm\u0113tru iesp\u0113j\u0101m, katram atrad\u012bsies piem\u0113rots gar\u0161as profils.<\/p>\n<p>Ide\u0101li piem\u0113rots mazumtirgot\u0101jiem vai tiem, kas mekl\u0113 <strong>vienreiz\u0113j\u0101s lieto\u0161anas e-cigarete ar zemu nikot\u012bna saturu<\/strong>, tad <strong>VOPK ULTRA 40000<\/strong> pied\u0101v\u0101 visu nepiecie\u0161amo \u2013 ilg\u0101ku dvesmu skaitu, divas gar\u0161as un modernu tehnolo\u0123iju \u2013 tas viss elegant\u0101, p\u0101rn\u0113s\u0101jam\u0101 dizain\u0101. Izv\u0113lieties <strong>VOPK ULTRA 40000<\/strong> lai ieg\u016btu progres\u012bvu tvaic\u0113\u0161anas pieredzi, kas apvieno inov\u0101cijas un pieejam\u012bbu vien\u0101 ier\u012bc\u0113.<\/p>\n<\/div>\n<\/div>\n<\/div>\n<\/div>\n<\/div>\n<\/div>\n<p><strong>Sazinieties ar Eimiju, lai ieg\u016btu pareizo atbildi un veipu kuponu!<\/strong><\/p>\n<p><img loading=\"lazy\" decoding=\"async\" class=\"size-full wp-image-1978\" src=\"https:\/\/rmvapesale.com\/wp-content\/uploads\/2024\/09\/Disposable-Vape-Wholesale.jpg\" alt=\"Vienreiz\u0113jais vape vairumtirdzniec\u012bba\" width=\"229\" height=\"300\" \/><\/p>\n<h3><a href=\"https:\/\/wa.me\/8617776015835\" target=\"_blank\" rel=\"noopener\"><span style=\"color: #ff0000\"><strong>WhatsApp: +86 17776015835<\/strong><\/span><\/a><\/h3>\n<h2><\/h2>\n<h2><strong>VOPK 40000 Galven\u0101s iez\u012bmes<\/strong><\/h2>\n<p>Dvesmas: 40000 dvesmas<br \/>\nE-\u0161\u0137idrums: 36 ml<br \/>\nNikot\u012bns: 2%\/5%<br \/>\nC tipa uzl\u0101de \u0101trai uzl\u0101dei<br \/>\nViedais LED ekr\u0101ns par\u0101da akumulatora un e-\u0161\u0137idruma l\u012bmeni<br \/>\nIzbaudiet dubultu gar\u0161u ar vienu e-cigare\u0161u ier\u012bci<br \/>\n10 gar\u0161as, no kur\u0101m izv\u0113l\u0113ties<\/p>\n<h2><\/h2>\n<h2><strong>VOPK 40K Gar\u0161u saraksts<\/strong><\/h2>\n<p>1.Zeme\u0146u arb\u016bzs\/\u00a0Kivi marakujas gvajava<br \/>\n2.Melle\u0146u Ave\u0146u \/Persiku Mango Arb\u016bzs<br \/>\n3.Zil\u0101 avenes l\u0101c\u012b\u0161i \/Zeme\u0146u Kivi<br \/>\n4.Zil\u0101 Avenes \u0136ir\u0161u \/Zeme\u0146u Ave\u0146u<br \/>\n5.Dzirksto\u0161ais citrons<br \/>\n6.Arb\u016bza ledus \/Zil\u0101 avenes ledus<br \/>\n7.Zil\u0101 Avenes Anan\u0101su \/Tr\u012bsk\u0101r\u0161ais Mango<br \/>\n8.V\u012bnogu Ogu P\u0101rspr\u0101gums \/Bumbieru \u0100bolu Ave\u0146u<br \/>\n9.Zeme\u0146u Dz\u0113rve\u0146u \u0136ir\u0161u\/Anan\u0101su Marakujas Laimu<br \/>\n10.Melle\u0146u Zeme\u0146u Mentols\/Melle\u0146u Ave\u0146u Mentols<\/p>\n<p>&nbsp;<\/p>\n<p>&nbsp;<\/p>\n<h3><strong>K\u0101p\u0113c izv\u0113l\u0113ties Rmvapesale VOPK ULTRA 40000 d\u016bmiem <\/strong><strong>V<\/strong><strong>ape Vairumtirdzniec\u012bba<\/strong><strong>?<\/strong><\/h3>\n<div class=\"flex-shrink-0 flex flex-col relative items-end\">\n<div class=\"pt-0\">\n<div class=\"gizmo-bot-avatar flex h-8 w-8 items-center justify-center overflow-hidden rounded-full\">\n<div class=\"relative p-1 rounded-sm flex items-center justify-center bg-token-main-surface-primary text-token-text-primary h-8 w-8\">\n<p>Laipni l\u016bdzam Rmvapesale, j\u016bsu uzticamaj\u0101 tvaiku veikal\u0101, kur\u0101 ir pieejami augst\u0101k\u0101s kvalit\u0101tes vienreizlietojamie tvaiki. Ar vair\u0101k nek\u0101 5 gadu pieredzi m\u0113s pied\u0101v\u0101jam jums t\u0101dus popul\u0101rus vienreizlietojamo tvaiku z\u012bmolus k\u0101 Al Fakher, <a href=\"https:\/\/rmvapesale.com\/lv\/product-category\/bang-vapes\/\">Bang Vape<\/a>, Waspe, WGA Vape un<a href=\"https:\/\/rmvapesale.com\/lv\/product-category\/randm-fumot-vape\/\"> RandM Vape<\/a>.<\/p>\n<p>M\u016bsu kl\u0101st\u0101 ir t\u0101di popul\u0101ri tvaiki k\u0101 <a href=\"https:\/\/rmvapesale.com\/lv\/product\/randm-tornado-15000-puffs-vape-wholesale\/\">RandM Tornado 15000<\/a> un ar gar\u0161\u0101m bag\u0101tas izv\u0113les iesp\u0113jas, piem\u0113ram, Vapme 70000. Katrs produkts ir izv\u0113l\u0113ts, koncentr\u0113joties uz kvalit\u0101ti, v\u0113rt\u012bbu un daudzveid\u012bbu, nodro\u0161inot, ka j\u016bs atrad\u012bsiet sav\u0101m vajadz\u012bb\u0101m ide\u0101li piem\u0113rotu. Atkl\u0101jiet izcilu servisu un pla\u0161u lab\u0101ko produktu kl\u0101stu Rmvapesale.<\/p>\n<\/div>\n<h3><\/h3>\n<div class=\"relative p-1 rounded-sm flex items-center justify-center bg-token-main-surface-primary text-token-text-primary h-8 w-8\">\n<h3><b> Bie\u017ei uzdotie jaut\u0101jumi par VOPK 40000 Puffs <\/b><b>Uzl\u0101d\u0113jams vienreiz\u0113j\u0101s lieto\u0161anas vape<\/b><\/h3>\n<div class=\"group\/conversation-turn relative flex w-full min-w-0 flex-col agent-turn\">\n<div class=\"flex-col gap-1 md:gap-3\">\n<div class=\"flex max-w-full flex-col flex-grow\">\n<div class=\"min-h-8 text-message flex w-full flex-col items-end gap-2 whitespace-normal break-words [.text-message+&amp;]:mt-5\" dir=\"auto\" data-message-author-role=\"assistant\" data-message-id=\"00c9b302-bc9c-4550-94ba-5a295efa2be3\" data-message-model-slug=\"gpt-4o\">\n<div class=\"flex w-full flex-col gap-1 empty:hidden first:pt-[3px]\">\n<div class=\"markdown prose w-full break-words dark:prose-invert light\">\n<div class=\"flex-shrink-0 flex flex-col relative items-end\">\n<div>\n<div class=\"pt-0\">\n<div class=\"gizmo-bot-avatar flex h-8 w-8 items-center justify-center overflow-hidden rounded-full\">\n<div class=\"relative p-1 rounded-sm flex items-center justify-center bg-token-main-surface-primary text-token-text-primary h-8 w-8\">\n<div class=\"flex-shrink-0 flex flex-col relative items-end\">\n<div>\n<div class=\"pt-0\">\n<div class=\"gizmo-bot-avatar flex h-8 w-8 items-center justify-center overflow-hidden rounded-full\">\n<div class=\"relative p-1 rounded-sm flex items-center justify-center bg-token-main-surface-primary text-token-text-primary h-8 w-8\">\n<p><strong>1. Kur ieg\u0101d\u0101ties VOPK 40000 Puffs par vairumtirdzniec\u012bbas cenu Latvij\u0101<\/strong><br \/>\nJ\u016bs varat ieg\u0101d\u0101ties <strong>VOPK 40000 Puffs<\/strong> par vairumtirdzniec\u012bbas cen\u0101m, izmantojot pilnvarotus izplat\u012bt\u0101jus vai cien\u012bjamus tie\u0161saistes vape mazumtirgot\u0101jus, kas specializ\u0113jas <strong>veipu vairumtirdzniec\u012bbai<\/strong> Latvij\u0101. Mekl\u0113jiet veikalus, kas pied\u0101v\u0101 lielapjoma cenas un tie\u0161\u0101s pieg\u0101des.<\/p>\n<p><strong>2. Cik uzp\u016btienus nodro\u0161ina VOPK 40k Puffs?<\/strong><br \/>\n\u0160is <strong>VOPK 40k<\/strong> nodro\u0161ina iespaid\u012bgus <strong>40 000 dvesmu<\/strong>, padarot to par vienu no ilgm\u016b\u017e\u012bg\u0101kajiem vienreizlietojamiem veipiem, kas pieejami tirg\u016b.<\/p>\n<p><strong>3. Cik ilgi darbojas popul\u0101r\u0101 VOPK 40000 Ultra vienreizlietojam\u0101 veipa kaste?<\/strong><br \/>\n\u0160is <strong>VOPK 40000 Ultra vienreizlietojam\u0101 veipa kaste<\/strong> var darboties 2-4 ned\u0113\u013cas, atkar\u012bb\u0101 no lieto\u0161anas. Parastiem lietot\u0101jiem tas parasti noz\u012bm\u0113tu vair\u0101kas dienas nep\u0101rtrauktas veipo\u0161anas baud\u012b\u0161anas.<\/p>\n<p><strong>4. K\u0101das ir popul\u0101r\u0101k\u0101s gar\u0161as VOPK 40k Puffs digit\u0101lajai kastei?<\/strong><br \/>\n\u0160is <strong>VOPK 40k Puffs digit\u0101l\u0101 kaste<\/strong> pied\u0101v\u0101 da\u017e\u0101das popul\u0101ras gar\u0161as, tostarp aug\u013cu opcijas, piem\u0113ram, mango, zeme\u0146u un arb\u016bzu, k\u0101 ar\u012b mentola un deserta iedvesmotus mais\u012bjumus. \u0160\u012bs gar\u0161as atbilst pla\u0161am veipo\u0161anas preferen\u010du kl\u0101stam.<\/p>\n<p><strong>5. Cik ilgs laiks nepiecie\u0161ams, lai uzl\u0101d\u0113tu VOPK 40k Puffs Spaceman vienreizlietojamo veipu?<\/strong><br \/>\n\u0160is <strong>VOPK 40k Puffs Spaceman Vienreiz\u0113j\u0101s lieto\u0161anas Vapes<\/strong> aiz\u0146em aptuveni <strong>1-2 stundas<\/strong> lai piln\u012bb\u0101 uzl\u0101d\u0113tu, izmantojot t\u0101s <strong>Type-C \u0101tr\u0101s uzl\u0101des<\/strong> piesl\u0113gvietu.<\/p>\n<p><strong>6. Cik daudz nikot\u012bna ir VOPK 40k Digital box vienreiz\u0113j\u0101s lieto\u0161anas Vape?<\/strong><br \/>\n\u0160is <strong>VOPK 40k Digital box vienreiz\u0113j\u0101s lieto\u0161anas Vape<\/strong> ir pieejams <strong>2%<\/strong> un <strong>5% nikot\u012bna<\/strong> opcijas, kas \u013cauj lietot\u0101jiem izv\u0113l\u0113ties, pamatojoties uz vi\u0146u v\u0113lamo stiprumu.<\/p>\n<p>&nbsp;<\/p>\n<\/div>\n<\/div>\n<\/div>\n<\/div>\n<\/div>\n<\/div>\n<\/div>\n<\/div>\n<\/div>\n<\/div>\n<div class=\"group\/conversation-turn relative flex w-full min-w-0 flex-col agent-turn\">\n<div class=\"flex-col gap-1 md:gap-3\">\n<div class=\"flex max-w-full flex-col flex-grow\">\n<div class=\"min-h-8 text-message flex w-full flex-col items-end gap-2 whitespace-normal break-words [.text-message+&amp;]:mt-5\" dir=\"auto\" data-message-author-role=\"assistant\" data-message-id=\"a3dc01bd-23b0-4fd7-bb9a-7827522cefd8\" data-message-model-slug=\"gpt-4o\">\n<div class=\"flex w-full flex-col gap-1 empty:hidden first:pt-[3px]\"><\/div>\n<\/div>\n<\/div>\n<\/div>\n<\/div>\n<\/div>\n<\/div>\n<\/div>\n<\/div>\n<\/div>\n<\/div>\n<\/div>\n<\/div>\n<\/div>\n<\/div>\n<h3>Par s\u016bt\u012bjumu<\/h3>\n<div class=\"flex-shrink-0 flex flex-col relative items-end\">\n<div>\n<div class=\"pt-0\">\n<div class=\"gizmo-bot-avatar flex h-8 w-8 items-center justify-center overflow-hidden rounded-full\">\n<div><\/div>\n<div class=\"relative p-1 rounded-sm flex items-center justify-center bg-token-main-surface-primary text-token-text-primary h-8 w-8\"><strong>1. K\u0101das pieg\u0101des metodes tiek izmantotas?<\/strong><\/div>\n<\/div>\n<\/div>\n<\/div>\n<\/div>\n<div class=\"group\/conversation-turn relative flex w-full min-w-0 flex-col agent-turn\">\n<div class=\"flex-col gap-1 md:gap-3\">\n<div class=\"flex max-w-full flex-col flex-grow\">\n<div class=\"min-h-[20px] text-message flex w-full flex-col items-end gap-2 whitespace-normal break-words [.text-message+&amp;]:mt-5 overflow-x-auto\" dir=\"auto\" data-message-author-role=\"assistant\" data-message-id=\"22f8283b-3233-46ff-89a5-c7a41b33abda\">\n<div class=\"flex w-full flex-col gap-1 empty:hidden first:pt-[3px]\">\n<div class=\"markdown prose w-full break-words dark:prose-invert light\">\n<p>M\u0113s sadarbojamies ar UPS, DHL, FedEx, DPD un citiem vado\u0161ajiem p\u0101rvad\u0101t\u0101jiem. M\u0113s izv\u0113l\u0113simies lab\u0101ko pieg\u0101des veidu, pamatojoties uz j\u016bsu pieg\u0101des vietu, lai nodro\u0161in\u0101tu, ka j\u016bs sa\u0146emat savus produktus p\u0113c iesp\u0113jas \u0101tr\u0101k.<\/p>\n<\/div>\n<p><strong>2. Cik ilgs laiks paiet, l\u012bdz tas pien\u0101k?<\/strong><\/p>\n<p>Pieg\u0101des uz Latviju parasti ierodas 10 darba dienu laik\u0101. Pieg\u0101de uz Eiropas valst\u012bm parasti aiz\u0146em apm\u0113ram 12-15 darba dienas. M\u0113s nodro\u0161in\u0101sim re\u0101llaika atjaunin\u0101jumus par j\u016bsu pieg\u0101des statusu.<\/p>\n<\/div>\n<\/div>\n<\/div>\n<\/div>\n<\/div>\n<p>&nbsp;<\/p>\n<p>Atrodiet vair\u0101k Vape produktu, kas jums var\u0113tu patikt:<strong><em><a href=\"https:\/\/rmvapesale.com\/lv\/shop-2\/\">iepirkties tagad &gt;&gt;&gt;<\/a><\/em><\/strong><\/p>","protected":false},"excerpt":{"rendered":"<p>VOPK 40000 dvesmas Spaceman vienreiz\u0113j\u0101s lieto\u0161anas vape vairumtirdzniec\u012bba<br \/>\nVOPK 40000 40K dvesmas atk\u0101rtoti uzl\u0101d\u0113jama vienreiz\u0113j\u0101s lieto\u0161anas vape vairumtirdzniec\u012bbas cena<br \/>\nKarsti p\u0101rdodam\u0101 vienreiz\u0113j\u0101s lieto\u0161anas vape pildspalva 40000 VOPK Ultra<\/p>\n<p><strong>Sazinieties ar Eimiju, lai ieg\u016btu pareizo atbildi un veipu kuponu!<\/strong><\/p>\n<p><img loading=\"lazy\" decoding=\"async\" class=\"size-full wp-image-2375\" src=\"https:\/\/rmvapesale.com\/wp-content\/uploads\/2024\/10\/image.png\" alt=\"Lab\u0101kais vienreiz\u0113jais vape\" width=\"229\" height=\"300\" \/><\/p>\n<h3><a href=\"https:\/\/wa.me\/8617776015835\"><span style=\"color: #ff0000\"><strong>WhatsApp: +86 17776015835<\/strong><\/span><\/a><\/h3>\n<p>&nbsp;<\/p>","protected":false},"featured_media":2840,"comment_status":"open","ping_status":"closed","template":"","meta":{"_uag_custom_page_level_css":"","_lmt_disableupdate":"no","_lmt_disable":"","site-sidebar-layout":"default","site-content-layout":"content-boxed-container","ast-site-content-layout":"normal-width-container","site-content-style":"boxed","site-sidebar-style":"unboxed","ast-global-header-display":"","ast-banner-title-visibility":"","ast-main-header-display":"","ast-hfb-above-header-display":"","ast-hfb-below-header-display":"","ast-hfb-mobile-header-display":"","site-post-title":"","ast-breadcrumbs-content":"","ast-featured-img":"","footer-sml-layout":"","ast-disable-related-posts":"","theme-transparent-header-meta":"default","adv-header-id-meta":"","stick-header-meta":"","header-above-stick-meta":"","header-main-stick-meta":"","header-below-stick-meta":"","astra-migrate-meta-layouts":"set","ast-page-background-enabled":"default","ast-page-background-meta":{"desktop":{"background-color":"var(--ast-global-color-4)","background-image":"","background-repeat":"repeat","background-position":"center center","background-size":"auto","background-attachment":"scroll","background-type":"","background-media":"","overlay-type":"","overlay-color":"","overlay-opacity":"","overlay-gradient":""},"tablet":{"background-color":"","background-image":"","background-repeat":"repeat","background-position":"center center","background-size":"auto","background-attachment":"scroll","background-type":"","background-media":"","overlay-type":"","overlay-color":"","overlay-opacity":"","overlay-gradient":""},"mobile":{"background-color":"","background-image":"","background-repeat":"repeat","background-position":"center center","background-size":"auto","background-attachment":"scroll","background-type":"","background-media":"","overlay-type":"","overlay-color":"","overlay-opacity":"","overlay-gradient":""}},"ast-content-background-meta":{"desktop":{"background-color":"var(--ast-global-color-5)","background-image":"","background-repeat":"repeat","background-position":"center center","background-size":"auto","background-attachment":"scroll","background-type":"","background-media":"","overlay-type":"","overlay-color":"","overlay-opacity":"","overlay-gradient":""},"tablet":{"background-color":"var(--ast-global-color-5)","background-image":"","background-repeat":"repeat","background-position":"center center","background-size":"auto","background-attachment":"scroll","background-type":"","background-media":"","overlay-type":"","overlay-color":"","overlay-opacity":"","overlay-gradient":""},"mobile":{"background-color":"var(--ast-global-color-5)","background-image":"","background-repeat":"repeat","background-position":"center center","background-size":"auto","background-attachment":"scroll","background-type":"","background-media":"","overlay-type":"","overlay-color":"","overlay-opacity":"","overlay-gradient":""}},"_joinchat":[]},"product_brand":[],"product_cat":[15,27,25,123,30,26,28,137,136,135],"product_tag":[111,120,238,42],"class_list":{"0":"post-2844","1":"product","2":"type-product","3":"status-publish","4":"has-post-thumbnail","6":"product_cat-new-vape-this-week","7":"product_cat-fance-hot-sale-vape","8":"product_cat-germany-best-selling-vape","9":"product_cat-italy-wholesale-vape","10":"product_cat-minimum-order-quantity-50pcs","11":"product_cat-netherlands-hot-sale-vape","12":"product_cat-poland-hot-sale-vape","13":"product_cat-rechargeable-vapes","14":"product_cat-smart-screen-vapes","15":"product_cat-spain-best-hot-sale-vape","16":"product_tag-low-nicotine-disposable-vape","17":"product_tag-vape-wholesale","18":"product_tag-vopk-40000","19":"product_tag-vopk-vape","20":"desktop-align-left","21":"tablet-align-left","22":"mobile-align-left","24":"first","25":"instock","26":"sale","27":"shipping-taxable","28":"purchasable","29":"product-type-simple"},"uagb_featured_image_src":{"full":["https:\/\/rmvapesale.com\/wp-content\/uploads\/2024\/12\/VOPK-40000-Rechargeable-Disposable-Vape.jpg",1126,1126,false],"thumbnail":["https:\/\/rmvapesale.com\/wp-content\/uploads\/2024\/12\/VOPK-40000-Rechargeable-Disposable-Vape-150x150.jpg",150,150,true],"medium":["https:\/\/rmvapesale.com\/wp-content\/uploads\/2024\/12\/VOPK-40000-Rechargeable-Disposable-Vape-300x300.jpg",300,300,true],"medium_large":["https:\/\/rmvapesale.com\/wp-content\/uploads\/2024\/12\/VOPK-40000-Rechargeable-Disposable-Vape-768x768.jpg",768,768,true],"large":["https:\/\/rmvapesale.com\/wp-content\/uploads\/2024\/12\/VOPK-40000-Rechargeable-Disposable-Vape-1024x1024.jpg",1024,1024,true],"1536x1536":["https:\/\/rmvapesale.com\/wp-content\/uploads\/2024\/12\/VOPK-40000-Rechargeable-Disposable-Vape.jpg",1126,1126,false],"2048x2048":["https:\/\/rmvapesale.com\/wp-content\/uploads\/2024\/12\/VOPK-40000-Rechargeable-Disposable-Vape.jpg",1126,1126,false],"trp-custom-language-flag":["https:\/\/rmvapesale.com\/wp-content\/uploads\/2024\/12\/VOPK-40000-Rechargeable-Disposable-Vape.jpg",12,12,false],"woocommerce_thumbnail":["https:\/\/rmvapesale.com\/wp-content\/uploads\/2024\/12\/VOPK-40000-Rechargeable-Disposable-Vape-300x300.jpg",300,300,true],"woocommerce_single":["https:\/\/rmvapesale.com\/wp-content\/uploads\/2024\/12\/VOPK-40000-Rechargeable-Disposable-Vape-600x600.jpg",600,600,true],"woocommerce_gallery_thumbnail":["https:\/\/rmvapesale.com\/wp-content\/uploads\/2024\/12\/VOPK-40000-Rechargeable-Disposable-Vape-100x100.jpg",100,100,true],"wcpr-photo-reviews":["https:\/\/rmvapesale.com\/wp-content\/uploads\/2024\/12\/VOPK-40000-Rechargeable-Disposable-Vape.jpg",500,500,false]},"uagb_author_info":{"display_name":"AMY","author_link":"https:\/\/rmvapesale.com\/lv\/author\/"},"uagb_comment_info":0,"uagb_excerpt":"VOPK 40000 Puffs Spaceman Disposable Vape Wholesale VOPK 40000 40K Puffs Rechargeable Disposable Vape Wholesale Price Hot Sell Disposable Vape Pen 40000 VOPK Ultra Contact Amy to get right reply and vape coupon! WhatsApp: +86 17776015835 &nbsp;","_links":{"self":[{"href":"https:\/\/rmvapesale.com\/lv\/wp-json\/wp\/v2\/product\/2844","targetHints":{"allow":["GET"]}}],"collection":[{"href":"https:\/\/rmvapesale.com\/lv\/wp-json\/wp\/v2\/product"}],"about":[{"href":"https:\/\/rmvapesale.com\/lv\/wp-json\/wp\/v2\/types\/product"}],"replies":[{"embeddable":true,"href":"https:\/\/rmvapesale.com\/lv\/wp-json\/wp\/v2\/comments?post=2844"}],"wp:featuredmedia":[{"embeddable":true,"href":"https:\/\/rmvapesale.com\/lv\/wp-json\/wp\/v2\/media\/2840"}],"wp:attachment":[{"href":"https:\/\/rmvapesale.com\/lv\/wp-json\/wp\/v2\/media?parent=2844"}],"wp:term":[{"taxonomy":"product_brand","embeddable":true,"href":"https:\/\/rmvapesale.com\/lv\/wp-json\/wp\/v2\/product_brand?post=2844"},{"taxonomy":"product_cat","embeddable":true,"href":"https:\/\/rmvapesale.com\/lv\/wp-json\/wp\/v2\/product_cat?post=2844"},{"taxonomy":"product_tag","embeddable":true,"href":"https:\/\/rmvapesale.com\/lv\/wp-json\/wp\/v2\/product_tag?post=2844"}],"curies":[{"name":"wp","href":"https:\/\/api.w.org\/{rel}","templated":true}]}}