{"id":2854,"date":"2024-12-09T09:37:36","date_gmt":"2024-12-09T09:37:36","guid":{"rendered":"https:\/\/rmvapesale.com\/?post_type=product&#038;p=2854"},"modified":"2024-12-09T09:52:38","modified_gmt":"2024-12-09T09:52:38","slug":"bang-vape-36000-puffs-rechargeable-disposable-vape-wholesale-price","status":"publish","type":"product","link":"https:\/\/rmvapesale.com\/lv\/product\/bang-vape-36000-puffs-rechargeable-disposable-vape-wholesale-price\/","title":{"rendered":"Bang Vape 36000 dvesienu uzl\u0101d\u0113jams vienreiz\u0113j\u0101s lieto\u0161anas vape vairumtirdzniec\u012bbas cena"},"content":{"rendered":"<div class=\"B2VR9 CJHX3e\">\n<div class=\"wyccme\">\n<div class=\"flex-shrink-0 flex flex-col relative items-end\">\n<div class=\"pt-0\">\n<div class=\"gizmo-bot-avatar flex h-8 w-8 items-center justify-center overflow-hidden rounded-full\">\n<div class=\"relative p-1 rounded-sm flex items-center justify-center bg-token-main-surface-primary text-token-text-primary h-8 w-8\">\n<div class=\"flex-shrink-0 flex flex-col relative items-end\">\n<div>\n<div class=\"pt-0\">\n<div class=\"gizmo-bot-avatar flex h-8 w-8 items-center justify-center overflow-hidden rounded-full\">\n<h1 class=\"relative p-1 rounded-sm flex items-center justify-center bg-token-main-surface-primary text-token-text-primary h-8 w-8\"><strong style=\"font-size: 1.5em\">Bang Vape 36000 dvesienu uzl\u0101d\u0113jams vienreiz\u0113j\u0101s lieto\u0161anas vape vairumtirdzniec\u012bbas cena<\/strong><\/h1>\n<\/div>\n<\/div>\n<\/div>\n<\/div>\n<\/div>\n<\/div>\n<\/div>\n<\/div>\n<div class=\"group\/conversation-turn relative flex w-full min-w-0 flex-col agent-turn\">\n<div class=\"flex-col gap-1 md:gap-3\">\n<div class=\"flex max-w-full flex-col flex-grow\">\n<div class=\"min-h-8 text-message flex w-full flex-col items-end gap-2 whitespace-normal break-words text-start [.text-message+&amp;]:mt-5\" dir=\"auto\" data-message-author-role=\"assistant\" data-message-id=\"80ece0c4-ead1-4ed9-a9f0-ddc22582b4f4\" data-message-model-slug=\"gpt-4o\">\n<div class=\"flex w-full flex-col gap-1 empty:hidden first:pt-[3px]\">\n<div class=\"markdown prose w-full break-words dark:prose-invert light\">\n<h3><\/h3>\n<\/div>\n<\/div>\n<\/div>\n<\/div>\n<\/div>\n<\/div>\n<div class=\"flex-shrink-0 flex flex-col relative items-end\">\n<div class=\"pt-0\">\n<div class=\"gizmo-bot-avatar flex h-8 w-8 items-center justify-center overflow-hidden rounded-full\">\n<div class=\"relative p-1 rounded-sm flex items-center justify-center bg-token-main-surface-primary text-token-text-primary h-8 w-8\">\n<p>Bang Vape 36000 Puffs atk\u0101rtoti uzl\u0101d\u0113jamais vienreiz\u0113j\u0101s lieto\u0161anas tvaiks ir augst\u0101k\u0101s klases ier\u012bce, kas paredz\u0113ta, lai nodro\u0161in\u0101tu nep\u0101rsp\u0113jamu veiktsp\u0113ju, izcilu gar\u0161u un izcilu ilgm\u016b\u017e\u012bbu. Ar 36 000 uzp\u016btieniem tas ir paredz\u0113ts lietot\u0101jiem, kuri pieprasa ilgsto\u0161u lieto\u0161anu un augst\u0101k\u0101s kvalit\u0101tes apmierin\u0101jumu, bez past\u0101v\u012bgas nomai\u0146as gr\u016bt\u012bb\u0101m.<\/p>\n<p>Bang Vape 36000 ir apr\u012bkots ar\u012b ar viedu LED displeju, kas par\u0101da gan akumulatora darb\u012bbas laiku, gan e-\u0161\u0137idruma l\u012bmeni, lai j\u016bs vienm\u0113r prec\u012bzi zin\u0101tu, kad ir pien\u0101cis laiks uzl\u0101d\u0113t vai uzpild\u012bt. Ar 0%, 2%, 3% un 5% nikot\u012bna opcij\u0101m \u0161o ier\u012bci var piel\u0101got j\u016bsu v\u0113lamajai nikot\u012bna stiprumam, padarot to ide\u0101li piem\u0113rotu gan ikdienas, gan intens\u012bv\u0101kiem tvaiku lietot\u0101jiem.<\/p>\n<p>Par vairumtirdzniec\u012bbas cen\u0101m Bang Vape 36000 Puffs atk\u0101rtoti uzl\u0101d\u0113jamais vienreiz\u0113j\u0101s lieto\u0161anas tvaiks pied\u0101v\u0101 neticamu v\u0113rt\u012bbu mazumtirgot\u0101jiem un tvaiku lieto\u0161anas uz\u0146\u0113mumiem. Ar savu ilgsto\u0161o veiktsp\u0113ju, daudzpus\u012bgaj\u0101m gar\u0161u iesp\u0113j\u0101m un piel\u0101gojam\u0101m nikot\u012bna stiprum\u0101m, tas ir ide\u0101ls produkts tiem, kas mekl\u0113 augstas kvalit\u0101tes vienreiz\u0113j\u0101s lieto\u0161anas tvaikus par pie\u0146emam\u0101m vairumtirdzniec\u012bbas cen\u0101m.<\/p>\n<p>Neatkar\u012bgi no t\u0101, vai j\u016bs veidojat kr\u0101jumus savam veikalam vai vienk\u0101r\u0161i mekl\u0113jat augstas veiktsp\u0113jas tvaika lieto\u0161anas pieredzi, Bang 36000 nodro\u0161ina visu. Izbaudiet izcilu tvaiku lieto\u0161anas pieredzi, kas ilgst ilg\u0101k, gar\u0161o lab\u0101k un sniedz liel\u0101ku v\u0113rt\u012bbu \u2014 ieg\u0101d\u0101jieties savu Bang 36000 Puffs jau \u0161odien!<\/p>\n<\/div>\n<\/div>\n<\/div>\n<\/div>\n<\/div>\n<\/div>\n<p><strong>Sazinieties ar Eimiju, lai ieg\u016btu pareizo atbildi un veipu kuponu!<\/strong><\/p>\n<p><img loading=\"lazy\" decoding=\"async\" class=\"size-full wp-image-1978\" src=\"https:\/\/rmvapesale.com\/wp-content\/uploads\/2024\/09\/Disposable-Vape-Wholesale.jpg\" alt=\"Vienreiz\u0113jais vape vairumtirdzniec\u012bba\" width=\"229\" height=\"300\" \/><\/p>\n<h3><a href=\"https:\/\/wa.me\/8617776015835\" target=\"_blank\" rel=\"noopener\"><span style=\"color: #ff0000\"><strong>WhatsApp: +86 17776015835<\/strong><\/span><\/a><\/h3>\n<h2><\/h2>\n<h2><strong>Bang Vape 36000 Galven\u0101s iez\u012bmes<\/strong><\/h2>\n<p>Preces nosaukums: Bang King Puffs E-cigarete<br \/>\nUzp\u016btieni: 36000<br \/>\nE\u013c\u013cas tilpums: 30 ml<br \/>\nSpole: 0,6 omu t\u012bkla spole<br \/>\nNikot\u012bns: 0%, 2%, 3%, 5%<br \/>\nAkumulators: 650mah akumulators Type C<br \/>\nGar\u0161u daudzums: 12 gar\u0161as<br \/>\nFunkcija: T\u012aKLA SPOLE + Gaisa pl\u016bsma regul\u0113jama + Uzticama jauda + LED indikators<\/p>\n<h2><\/h2>\n<h2><strong>\u00a0Bang 36000 Gar\u0161u saraksts<\/strong><\/h2>\n<p>1. Zilo ave\u0146u ledus<br \/>\n2. Sul\u012bgs persiku ledus<br \/>\n3. Zeme\u0146u arb\u016bzs<br \/>\n4. Zeme\u0146u kivi<br \/>\n5. Arb\u016bzu ledus<br \/>\n6. Persiku mango arb\u016bzs<br \/>\n7. Zeme\u0146u ban\u0101ns<br \/>\n8. Kivi, pasifloras aug\u013ci, gvajava<br \/>\n9. Tropu aug\u013ci<br \/>\n10. V\u012bnogu \u0101bols<br \/>\n11. Tr\u012bsk\u0101r\u0161\u0101 oga ar ledu<br \/>\n12. Mr. Blue<\/p>\n<p>&nbsp;<\/p>\n<p>&nbsp;<\/p>\n<h3><strong>K\u0101p\u0113c izv\u0113l\u0113ties Rmvapesale Bang Vape 36000 Puffs <\/strong><strong>V<\/strong><strong>ape Vairumtirdzniec\u012bba<\/strong><strong>?<\/strong><\/h3>\n<div class=\"flex-shrink-0 flex flex-col relative items-end\">\n<div class=\"pt-0\">\n<div class=\"gizmo-bot-avatar flex h-8 w-8 items-center justify-center overflow-hidden rounded-full\">\n<div class=\"relative p-1 rounded-sm flex items-center justify-center bg-token-main-surface-primary text-token-text-primary h-8 w-8\">\n<p>Laipni l\u016bdzam Rmvapesale, j\u016bsu uzticamaj\u0101 tvaiku veikal\u0101, kur\u0101 ir pieejami augst\u0101k\u0101s kvalit\u0101tes vienreizlietojamie tvaiki. Ar vair\u0101k nek\u0101 5 gadu pieredzi m\u0113s pied\u0101v\u0101jam jums t\u0101dus popul\u0101rus vienreizlietojamo tvaiku z\u012bmolus k\u0101 Al Fakher, <a href=\"https:\/\/rmvapesale.com\/lv\/product-category\/bang-vapes\/\">Bang Vape<\/a>, Waspe, WGA Vape un<a href=\"https:\/\/rmvapesale.com\/lv\/product-category\/randm-fumot-vape\/\"> RandM Vape<\/a>.<\/p>\n<p>M\u016bsu kl\u0101st\u0101 ir t\u0101di popul\u0101ri tvaiki k\u0101 <a href=\"https:\/\/rmvapesale.com\/lv\/product\/randm-tornado-15000-puffs-vape-wholesale\/\">RandM Tornado 15000<\/a> un ar gar\u0161\u0101m bag\u0101tas izv\u0113les iesp\u0113jas, piem\u0113ram, Vapme 70000. Katrs produkts ir izv\u0113l\u0113ts, koncentr\u0113joties uz kvalit\u0101ti, v\u0113rt\u012bbu un daudzveid\u012bbu, nodro\u0161inot, ka j\u016bs atrad\u012bsiet sav\u0101m vajadz\u012bb\u0101m ide\u0101li piem\u0113rotu. Atkl\u0101jiet izcilu servisu un pla\u0161u lab\u0101ko produktu kl\u0101stu Rmvapesale.<\/p>\n<\/div>\n<h3><\/h3>\n<div class=\"relative p-1 rounded-sm flex items-center justify-center bg-token-main-surface-primary text-token-text-primary h-8 w-8\">\n<h3><b> Bie\u017e\u0101k uzdotie jaut\u0101jumi par Bang 36000 <\/b><b>Uzl\u0101d\u0113jams vienreiz\u0113j\u0101s lieto\u0161anas vape<\/b><\/h3>\n<div class=\"group\/conversation-turn relative flex w-full min-w-0 flex-col agent-turn\">\n<div class=\"flex-col gap-1 md:gap-3\">\n<div class=\"flex max-w-full flex-col flex-grow\">\n<div class=\"min-h-8 text-message flex w-full flex-col items-end gap-2 whitespace-normal break-words [.text-message+&amp;]:mt-5\" dir=\"auto\" data-message-author-role=\"assistant\" data-message-id=\"00c9b302-bc9c-4550-94ba-5a295efa2be3\" data-message-model-slug=\"gpt-4o\">\n<div class=\"flex w-full flex-col gap-1 empty:hidden first:pt-[3px]\">\n<div class=\"markdown prose w-full break-words dark:prose-invert light\">\n<div class=\"flex-shrink-0 flex flex-col relative items-end\">\n<div>\n<div class=\"pt-0\">\n<div class=\"gizmo-bot-avatar flex h-8 w-8 items-center justify-center overflow-hidden rounded-full\">\n<div class=\"relative p-1 rounded-sm flex items-center justify-center bg-token-main-surface-primary text-token-text-primary h-8 w-8\">\n<div class=\"flex-shrink-0 flex flex-col relative items-end\">\n<div>\n<div class=\"pt-0\">\n<div class=\"gizmo-bot-avatar flex h-8 w-8 items-center justify-center overflow-hidden rounded-full\">\n<div class=\"relative p-1 rounded-sm flex items-center justify-center bg-token-main-surface-primary text-token-text-primary h-8 w-8\">\n<p>&nbsp;<\/p>\n<p><strong>1. Cik dvesmu nodro\u0161ina Bang Vape 36000 vienreizlietojamais?<\/strong><\/p>\n<p>\u0160is <strong>Bang Vape 36000<\/strong> Vienreizlietojamais pied\u0101v\u0101 iespaid\u012bgus <strong>36 000 dvesmu<\/strong> uz vienu ier\u012bci. \u0160is lielais dvesmu skaits nodro\u0161ina ilgsto\u0161u tvaic\u0113\u0161anas pieredzi, kas ir ide\u0101li piem\u0113rota ikdienas lieto\u0161anai bez bie\u017eas nomai\u0146as nepiecie\u0161am\u012bbas.<\/p>\n<hr \/>\n<p><strong>2. K\u0101ds nikot\u012bna stiprums ir pieejams Bang Vape 36000?<\/strong><\/p>\n<p>\u0160is <strong>Bang Vape 36000<\/strong> ir piel\u0101gojamas nikot\u012bna opcijas, kas atbilst da\u017e\u0101d\u0101m v\u0113lm\u0113m. J\u016bs varat izv\u0113l\u0113ties <strong>0%, 2%, 3% un 5%<\/strong> nikot\u012bna stiprums, kas \u013cauj atrast ide\u0101lu l\u012bmeni j\u016bsu tvaic\u0113\u0161anas pieredzei.<\/p>\n<hr \/>\n<p><strong>3. Cik ilgi Bang box 36000 darbojas ar pilnu uzl\u0101di?<\/strong><\/p>\n<p>Ar savu <strong>650 mAh uzl\u0101d\u0113jams akumulators<\/strong>, tad <strong>Bang box 36000<\/strong> var darboties ilgu laiku, pirms nepiecie\u0161ama uzl\u0101de. Ier\u012bci var \u0113rti uzl\u0101d\u0113t, izmantojot <strong>C tipa uzl\u0101des ports<\/strong>, nodro\u0161inot \u0101tru uzl\u0101di ar minim\u0101lu d\u012bkst\u0101vi.<\/p>\n<hr \/>\n<p><strong>4. K\u0101das gar\u0161as ir pieejamas Bang 36000?<\/strong><\/p>\n<p>\u0160is <strong>Bang 36000<\/strong> pied\u0101v\u0101 da\u017e\u0101das <strong>12 gard\u0101m gar\u0161\u0101m<\/strong> gar\u0161as, no kur\u0101m izv\u0113l\u0113ties, ieskaitot t\u0101dus iecien\u012bt\u0101kos k\u0101 <strong>Juicy Peach Ice<\/strong>, <strong>Zeme\u0146u Arb\u016bzs<\/strong>, <strong>Arb\u016bzu ledus<\/strong>, un <strong>Tropical Fruit<\/strong>. Ar <strong>dubult\u0101s gar\u0161as<\/strong> funkciju j\u016bs varat baud\u012bt divas at\u0161\u0137ir\u012bgas gar\u0161as vien\u0101 ier\u012bc\u0113.<\/p>\n<hr \/>\n<p><strong>5. Vai Bang Vape 36K ir akumulatora un e-\u0161\u0137idruma l\u012bme\u0146a indikators?<\/strong><\/p>\n<p>J\u0101, <strong>Bang Vape 36K<\/strong>\u00a0ir apr\u012bkots ar <strong>gudru LED displeju<\/strong> kas par\u0101da gan <strong>akumulatora darb\u012bbas laiku<\/strong> un <strong>e-\u0161\u0137idruma l\u012bme\u0146us<\/strong>, t\u0101p\u0113c j\u016bs vienm\u0113r zin\u0101t, kad ir pien\u0101cis laiks uzl\u0101d\u0113t vai uzpild\u012bt savu veipu. Tas atvieglo ier\u012bces p\u0101rraudz\u012bbu un p\u0101rvald\u012bbu, nodro\u0161inot vienm\u0113r\u012bgu tvaic\u0113\u0161anas pieredzi.<\/p>\n<\/div>\n<\/div>\n<\/div>\n<\/div>\n<\/div>\n<\/div>\n<\/div>\n<\/div>\n<\/div>\n<\/div>\n<div class=\"group\/conversation-turn relative flex w-full min-w-0 flex-col agent-turn\">\n<div class=\"flex-col gap-1 md:gap-3\">\n<div class=\"flex max-w-full flex-col flex-grow\">\n<div class=\"min-h-8 text-message flex w-full flex-col items-end gap-2 whitespace-normal break-words [.text-message+&amp;]:mt-5\" dir=\"auto\" data-message-author-role=\"assistant\" data-message-id=\"a3dc01bd-23b0-4fd7-bb9a-7827522cefd8\" data-message-model-slug=\"gpt-4o\">\n<div class=\"flex w-full flex-col gap-1 empty:hidden first:pt-[3px]\"><\/div>\n<\/div>\n<\/div>\n<\/div>\n<\/div>\n<\/div>\n<\/div>\n<\/div>\n<\/div>\n<\/div>\n<\/div>\n<\/div>\n<\/div>\n<\/div>\n<\/div>\n<h3>Par s\u016bt\u012bjumu<\/h3>\n<div class=\"flex-shrink-0 flex flex-col relative items-end\">\n<div>\n<div class=\"pt-0\">\n<div class=\"gizmo-bot-avatar flex h-8 w-8 items-center justify-center overflow-hidden rounded-full\">\n<div><\/div>\n<div class=\"relative p-1 rounded-sm flex items-center justify-center bg-token-main-surface-primary text-token-text-primary h-8 w-8\"><strong>1. K\u0101das pieg\u0101des metodes tiek izmantotas?<\/strong><\/div>\n<\/div>\n<\/div>\n<\/div>\n<\/div>\n<div class=\"group\/conversation-turn relative flex w-full min-w-0 flex-col agent-turn\">\n<div class=\"flex-col gap-1 md:gap-3\">\n<div class=\"flex max-w-full flex-col flex-grow\">\n<div class=\"min-h-[20px] text-message flex w-full flex-col items-end gap-2 whitespace-normal break-words [.text-message+&amp;]:mt-5 overflow-x-auto\" dir=\"auto\" data-message-author-role=\"assistant\" data-message-id=\"22f8283b-3233-46ff-89a5-c7a41b33abda\">\n<div class=\"flex w-full flex-col gap-1 empty:hidden first:pt-[3px]\">\n<div class=\"markdown prose w-full break-words dark:prose-invert light\">\n<p>M\u0113s sadarbojamies ar UPS, DHL, FedEx, DPD un citiem vado\u0161ajiem p\u0101rvad\u0101t\u0101jiem. M\u0113s izv\u0113l\u0113simies lab\u0101ko pieg\u0101des veidu, pamatojoties uz j\u016bsu pieg\u0101des vietu, lai nodro\u0161in\u0101tu, ka j\u016bs sa\u0146emat savus produktus p\u0113c iesp\u0113jas \u0101tr\u0101k.<\/p>\n<\/div>\n<p><strong>2. Cik ilgs laiks paiet, l\u012bdz tas pien\u0101k?<\/strong><\/p>\n<p>Pieg\u0101des uz Latviju parasti ierodas 10 darba dienu laik\u0101. Pieg\u0101de uz Eiropas valst\u012bm parasti aiz\u0146em apm\u0113ram 12-15 darba dienas. M\u0113s nodro\u0161in\u0101sim re\u0101llaika atjaunin\u0101jumus par j\u016bsu pieg\u0101des statusu.<\/p>\n<\/div>\n<\/div>\n<\/div>\n<\/div>\n<\/div>\n<p>&nbsp;<\/p>\n<p>Atrodiet vair\u0101k Vape produktu, kas jums var\u0113tu patikt:<strong><em><a href=\"https:\/\/rmvapesale.com\/lv\/shop-2\/\">iepirkties tagad &gt;&gt;&gt;<\/a><\/em><\/strong><\/p>","protected":false},"excerpt":{"rendered":"<p>Bang Vape 36000 Spaceman vienreiz\u0113j\u0101s lieto\u0161anas vape vairumtirdzniec\u012bba<br \/>\nBang Vape 36k Pufs atk\u0101rtoti uzl\u0101d\u0113jams vienreiz\u0113j\u0101s lieto\u0161anas vape vairumtirdzniec\u012bbas cena<br \/>\nPopul\u0101rs vienreiz\u0113j\u0101s lieto\u0161anas vape pildspalva Bang Vape 36000<\/p>\n<p><strong>Sazinieties ar Eimiju, lai ieg\u016btu pareizo atbildi un veipu kuponu!<\/strong><\/p>\n<p><img loading=\"lazy\" decoding=\"async\" class=\"size-full wp-image-2375\" src=\"https:\/\/rmvapesale.com\/wp-content\/uploads\/2024\/10\/image.png\" alt=\"Lab\u0101kais vienreiz\u0113jais vape\" width=\"229\" height=\"300\" \/><\/p>\n<h3><a href=\"https:\/\/wa.me\/8617776015835\"><span style=\"color: #ff0000\"><strong>WhatsApp: +86 17776015835<\/strong><\/span><\/a><\/h3>\n<p>&nbsp;<\/p>","protected":false},"featured_media":2851,"comment_status":"open","ping_status":"closed","template":"","meta":{"_uag_custom_page_level_css":"","_lmt_disableupdate":"no","_lmt_disable":"","site-sidebar-layout":"default","site-content-layout":"content-boxed-container","ast-site-content-layout":"normal-width-container","site-content-style":"boxed","site-sidebar-style":"unboxed","ast-global-header-display":"","ast-banner-title-visibility":"","ast-main-header-display":"","ast-hfb-above-header-display":"","ast-hfb-below-header-display":"","ast-hfb-mobile-header-display":"","site-post-title":"","ast-breadcrumbs-content":"","ast-featured-img":"","footer-sml-layout":"","ast-disable-related-posts":"","theme-transparent-header-meta":"default","adv-header-id-meta":"","stick-header-meta":"","header-above-stick-meta":"","header-main-stick-meta":"","header-below-stick-meta":"","astra-migrate-meta-layouts":"set","ast-page-background-enabled":"default","ast-page-background-meta":{"desktop":{"background-color":"var(--ast-global-color-4)","background-image":"","background-repeat":"repeat","background-position":"center center","background-size":"auto","background-attachment":"scroll","background-type":"","background-media":"","overlay-type":"","overlay-color":"","overlay-opacity":"","overlay-gradient":""},"tablet":{"background-color":"","background-image":"","background-repeat":"repeat","background-position":"center center","background-size":"auto","background-attachment":"scroll","background-type":"","background-media":"","overlay-type":"","overlay-color":"","overlay-opacity":"","overlay-gradient":""},"mobile":{"background-color":"","background-image":"","background-repeat":"repeat","background-position":"center center","background-size":"auto","background-attachment":"scroll","background-type":"","background-media":"","overlay-type":"","overlay-color":"","overlay-opacity":"","overlay-gradient":""}},"ast-content-background-meta":{"desktop":{"background-color":"var(--ast-global-color-5)","background-image":"","background-repeat":"repeat","background-position":"center center","background-size":"auto","background-attachment":"scroll","background-type":"","background-media":"","overlay-type":"","overlay-color":"","overlay-opacity":"","overlay-gradient":""},"tablet":{"background-color":"var(--ast-global-color-5)","background-image":"","background-repeat":"repeat","background-position":"center center","background-size":"auto","background-attachment":"scroll","background-type":"","background-media":"","overlay-type":"","overlay-color":"","overlay-opacity":"","overlay-gradient":""},"mobile":{"background-color":"var(--ast-global-color-5)","background-image":"","background-repeat":"repeat","background-position":"center center","background-size":"auto","background-attachment":"scroll","background-type":"","background-media":"","overlay-type":"","overlay-color":"","overlay-opacity":"","overlay-gradient":""}},"_joinchat":[]},"product_brand":[],"product_cat":[15,60,27,25,123,30,26,28,137,136,135],"product_tag":[239,199,111,240,120],"class_list":{"0":"post-2854","1":"product","2":"type-product","3":"status-publish","4":"has-post-thumbnail","6":"product_cat-new-vape-this-week","7":"product_cat-bang-vapes","8":"product_cat-fance-hot-sale-vape","9":"product_cat-germany-best-selling-vape","10":"product_cat-italy-wholesale-vape","11":"product_cat-minimum-order-quantity-50pcs","12":"product_cat-netherlands-hot-sale-vape","13":"product_cat-poland-hot-sale-vape","14":"product_cat-rechargeable-vapes","15":"product_cat-smart-screen-vapes","16":"product_cat-spain-best-hot-sale-vape","17":"product_tag-bang-36000","18":"product_tag-bang-vape","19":"product_tag-low-nicotine-disposable-vape","20":"product_tag-puff-36k","21":"product_tag-vape-wholesale","22":"desktop-align-left","23":"tablet-align-left","24":"mobile-align-left","26":"first","27":"instock","28":"sale","29":"shipping-taxable","30":"purchasable","31":"product-type-simple"},"uagb_featured_image_src":{"full":["https:\/\/rmvapesale.com\/wp-content\/uploads\/2024\/12\/Bang-36000-Disposable-Vape.jpg",1126,1126,false],"thumbnail":["https:\/\/rmvapesale.com\/wp-content\/uploads\/2024\/12\/Bang-36000-Disposable-Vape-150x150.jpg",150,150,true],"medium":["https:\/\/rmvapesale.com\/wp-content\/uploads\/2024\/12\/Bang-36000-Disposable-Vape-300x300.jpg",300,300,true],"medium_large":["https:\/\/rmvapesale.com\/wp-content\/uploads\/2024\/12\/Bang-36000-Disposable-Vape-768x768.jpg",768,768,true],"large":["https:\/\/rmvapesale.com\/wp-content\/uploads\/2024\/12\/Bang-36000-Disposable-Vape-1024x1024.jpg",1024,1024,true],"1536x1536":["https:\/\/rmvapesale.com\/wp-content\/uploads\/2024\/12\/Bang-36000-Disposable-Vape.jpg",1126,1126,false],"2048x2048":["https:\/\/rmvapesale.com\/wp-content\/uploads\/2024\/12\/Bang-36000-Disposable-Vape.jpg",1126,1126,false],"trp-custom-language-flag":["https:\/\/rmvapesale.com\/wp-content\/uploads\/2024\/12\/Bang-36000-Disposable-Vape.jpg",12,12,false],"woocommerce_thumbnail":["https:\/\/rmvapesale.com\/wp-content\/uploads\/2024\/12\/Bang-36000-Disposable-Vape-300x300.jpg",300,300,true],"woocommerce_single":["https:\/\/rmvapesale.com\/wp-content\/uploads\/2024\/12\/Bang-36000-Disposable-Vape-600x600.jpg",600,600,true],"woocommerce_gallery_thumbnail":["https:\/\/rmvapesale.com\/wp-content\/uploads\/2024\/12\/Bang-36000-Disposable-Vape-100x100.jpg",100,100,true],"wcpr-photo-reviews":["https:\/\/rmvapesale.com\/wp-content\/uploads\/2024\/12\/Bang-36000-Disposable-Vape.jpg",500,500,false]},"uagb_author_info":{"display_name":"AMY","author_link":"https:\/\/rmvapesale.com\/lv\/author\/"},"uagb_comment_info":0,"uagb_excerpt":"Bang Vape 36000 Spaceman Disposable Vape Wholesale Bang Vape 36k Puffs Rechargeable Disposable Vape Wholesale Price Hot Sell Disposable Vape Pen Bang Vape 36000 Contact Amy to get right reply and vape coupon! WhatsApp: +86 17776015835 &nbsp;","_links":{"self":[{"href":"https:\/\/rmvapesale.com\/lv\/wp-json\/wp\/v2\/product\/2854","targetHints":{"allow":["GET"]}}],"collection":[{"href":"https:\/\/rmvapesale.com\/lv\/wp-json\/wp\/v2\/product"}],"about":[{"href":"https:\/\/rmvapesale.com\/lv\/wp-json\/wp\/v2\/types\/product"}],"replies":[{"embeddable":true,"href":"https:\/\/rmvapesale.com\/lv\/wp-json\/wp\/v2\/comments?post=2854"}],"wp:featuredmedia":[{"embeddable":true,"href":"https:\/\/rmvapesale.com\/lv\/wp-json\/wp\/v2\/media\/2851"}],"wp:attachment":[{"href":"https:\/\/rmvapesale.com\/lv\/wp-json\/wp\/v2\/media?parent=2854"}],"wp:term":[{"taxonomy":"product_brand","embeddable":true,"href":"https:\/\/rmvapesale.com\/lv\/wp-json\/wp\/v2\/product_brand?post=2854"},{"taxonomy":"product_cat","embeddable":true,"href":"https:\/\/rmvapesale.com\/lv\/wp-json\/wp\/v2\/product_cat?post=2854"},{"taxonomy":"product_tag","embeddable":true,"href":"https:\/\/rmvapesale.com\/lv\/wp-json\/wp\/v2\/product_tag?post=2854"}],"curies":[{"name":"wp","href":"https:\/\/api.w.org\/{rel}","templated":true}]}}