{"id":2868,"date":"2024-12-20T07:11:14","date_gmt":"2024-12-20T07:11:14","guid":{"rendered":"https:\/\/rmvapesale.com\/?post_type=product&#038;p=2868"},"modified":"2024-12-20T07:19:31","modified_gmt":"2024-12-20T07:19:31","slug":"aivono-aim-flash-35000-puffs-curved-smart-screen-disposable-vape-wholesale","status":"publish","type":"product","link":"https:\/\/rmvapesale.com\/lv\/product\/aivono-aim-flash-35000-puffs-curved-smart-screen-disposable-vape-wholesale\/","title":{"rendered":"Aivono Aim Flash 35000 dvesienu izliekta vied\u0101 ekr\u0101na vienreiz\u0113j\u0101s lieto\u0161anas vape vairumtirdzniec\u012bba"},"content":{"rendered":"<div class=\"B2VR9 CJHX3e\">\n<div class=\"wyccme\">\n<div class=\"flex-shrink-0 flex flex-col relative items-end\">\n<div class=\"pt-0\">\n<div class=\"gizmo-bot-avatar flex h-8 w-8 items-center justify-center overflow-hidden rounded-full\">\n<div class=\"relative p-1 rounded-sm flex items-center justify-center bg-token-main-surface-primary text-token-text-primary h-8 w-8\">\n<div class=\"flex-shrink-0 flex flex-col relative items-end\">\n<div class=\"pt-0\">\n<div class=\"gizmo-bot-avatar flex h-8 w-8 items-center justify-center overflow-hidden rounded-full\">\n<h1 class=\"relative p-1 rounded-sm flex items-center justify-center bg-token-main-surface-primary text-token-text-primary h-8 w-8\">Aivono Aim Flash 35000 dvesienu izliekta vied\u0101 ekr\u0101na vienreiz\u0113j\u0101s lieto\u0161anas vape vairumtirdzniec\u012bba<\/h1>\n<\/div>\n<\/div>\n<\/div>\n<\/div>\n<\/div>\n<\/div>\n<\/div>\n<div class=\"group\/conversation-turn relative flex w-full min-w-0 flex-col agent-turn\">\n<div class=\"flex-col gap-1 md:gap-3\">\n<div class=\"flex max-w-full flex-col flex-grow\">\n<div class=\"min-h-8 text-message flex w-full flex-col items-end gap-2 whitespace-normal break-words text-start [.text-message+&amp;]:mt-5\" dir=\"auto\" data-message-author-role=\"assistant\" data-message-id=\"80ece0c4-ead1-4ed9-a9f0-ddc22582b4f4\" data-message-model-slug=\"gpt-4o\">\n<div class=\"flex w-full flex-col gap-1 empty:hidden first:pt-[3px]\">\n<div class=\"markdown prose w-full break-words dark:prose-invert light\">\n<h3><\/h3>\n<\/div>\n<\/div>\n<\/div>\n<\/div>\n<\/div>\n<\/div>\n<div class=\"flex-shrink-0 flex flex-col relative items-end\">\n<div class=\"pt-0\">\n<div class=\"gizmo-bot-avatar flex h-8 w-8 items-center justify-center overflow-hidden rounded-full\">\n<div class=\"relative p-1 rounded-sm flex items-center justify-center bg-token-main-surface-primary text-token-text-primary h-8 w-8\">\n<p>\u0160is <strong>AIVONO AIM FLASH 35000 pufa vienreiz\u0113j\u0101s lieto\u0161anas vape<\/strong> ar <strong>Izliektais viedais ekr\u0101ns<\/strong> p\u0101rdefin\u0113 \u0113rt\u012bbas, veiktsp\u0113ju un stilu vape industrij\u0101. \u0160\u012b modern\u0101 ier\u012bce nodro\u0161ina l\u012bdz <strong>35 000 dvesmas<\/strong>, padarot to par ide\u0101lu izv\u0113li ilgsto\u0161ai lieto\u0161anai, saglab\u0101jot izcilu gar\u0161u un tvaika kvalit\u0101ti.<\/p>\n<p>Ier\u012bci darbina uzticams <strong>850mAh uzl\u0101d\u0113jams t\u012brs kobalta akumulators<\/strong>, ar \u0101tru Type-C uzl\u0101di, lai nodro\u0161in\u0101tu nep\u0101rtrauktu vaping. Izce\u013cas ar <strong>izliektais viedais ekr\u0101ns<\/strong>, sniedzot re\u0101llaika inform\u0101ciju par <strong>akumulatora l\u012bme\u0146us<\/strong>, <strong>e-\u0161\u0137idruma ietilp\u012bbu<\/strong>, un <strong>lieto\u0161anas statistiku<\/strong> lai nodro\u0161in\u0101tu intuit\u012bvu vaping pieredzi. Personaliz\u0101cija ir galven\u0101, ar <strong>regul\u0113jamu gaisa pl\u016bsmu<\/strong> un <strong>vata jaudas iestat\u012bjumiem<\/strong> lai piel\u0101gotu veiktsp\u0113ju j\u016bsu v\u0113lm\u0113m. Tas <strong>dubult\u0101 sieta spir\u0101les tehnolo\u0123iju<\/strong> uzlabo gan gar\u0161as pieg\u0101di, gan tvaika ra\u017eo\u0161anu.<\/p>\n<p>Pieejams 15 pat\u012bkam\u0101s gar\u0161\u0101s, piem\u0113ram, <strong>Zeme\u0146u ledus<\/strong> un <strong>Zil\u0101s avenes<\/strong>, \u0161is vape ir ide\u0101ls ikvienam gar\u0161as k\u0101rpi\u0146\u0101m. Pieejamas vairumtirdzniec\u012bbas un lielapjoma pirkumu iesp\u0113jas, kas padara to par bud\u017eeta draudz\u012bgu izv\u0113li person\u012bgai lieto\u0161anai vai mazumtirdzniec\u012bbas p\u0101rdo\u0161anai.<\/p>\n<\/div>\n<\/div>\n<\/div>\n<\/div>\n<\/div>\n<\/div>\n<p><strong>Sazinieties ar Eimiju, lai ieg\u016btu pareizo atbildi un veipu kuponu!<\/strong><\/p>\n<p><img loading=\"lazy\" decoding=\"async\" class=\"size-full wp-image-1978\" src=\"https:\/\/rmvapesale.com\/wp-content\/uploads\/2024\/09\/Disposable-Vape-Wholesale.jpg\" alt=\"Vienreiz\u0113jais vape vairumtirdzniec\u012bba\" width=\"229\" height=\"300\" \/><\/p>\n<h3><a href=\"https:\/\/wa.me\/8617776015835\" target=\"_blank\" rel=\"noopener\"><span style=\"color: #ff0000\"><strong>WhatsApp: +86 17776015835<\/strong><\/span><\/a><\/h3>\n<h2><\/h2>\n<h2><strong>Aivono Flash 35000 galven\u0101s \u012bpa\u0161\u012bbas<\/strong><\/h2>\n<h3><\/h3>\n<ol>\n<li><strong>35 000 dvesmu:<\/strong> Augsts p\u016b\u0161u skaits ilgsto\u0161ai apmierin\u0101t\u012bbai.<\/li>\n<li><strong>\u012ak\u0161\u0137a sk\u0101rienekr\u0101ns:<\/strong> R\u0101da re\u0101llaika atjaunin\u0101jumus par akumulatora, p\u016b\u0161u un e-\u0161\u0137idruma l\u012bme\u0146iem.<\/li>\n<li><strong>Uzl\u0101d\u0113jams akumulators:<\/strong> <strong>850mAh t\u012brs kobalta akumulators<\/strong> ar \u0101tru Type-C uzl\u0101di.<\/li>\n<li><strong>Regul\u0113jama gaisa pl\u016bsma:<\/strong> Piel\u0101gojama divu \u0101trumu gaisa pl\u016bsma personiskai ieelpo\u0161anai.<\/li>\n<li><strong>Dubult\u0101 re\u017e\u0123a spir\u0101le:<\/strong> Uzlabota gar\u0161as ra\u017eo\u0161ana un gluda tvaika kvalit\u0101te.<\/li>\n<li><strong>B\u0113rnu aizsardz\u012bbas sl\u0113dzis:<\/strong> Ieb\u016bv\u0113ta dro\u0161\u012bbas funkcija dro\u0161ai lieto\u0161anai.<\/li>\n<li><strong>Gar\u0161as daudzveid\u012bba:<\/strong> Izv\u0113lies no <strong>15 da\u017e\u0101d\u0101m gar\u0161\u0101m<\/strong> lai apmierin\u0101tu jebkuru gaumi.<\/li>\n<li><strong>Vairumtirdzniec\u012bbas cenas:<\/strong> Pieejamas liela apjoma pirkumu iesp\u0113jas person\u012bgai vai mazumtirdzniec\u012bbas lieto\u0161anai.<\/li>\n<\/ol>\n<figure id=\"attachment_2865\" aria-describedby=\"caption-attachment-2865\" style=\"width: 800px\" class=\"wp-caption alignnone\"><img loading=\"lazy\" decoding=\"async\" class=\"wp-image-2865 size-full\" src=\"https:\/\/rmvapesale.com\/wp-content\/uploads\/2024\/12\/Aivono-Aim-Flash-35K-Wholesale-Disposable-Price.jpg\" alt=\"Aivono Aim Flash 35K vairumtirdzniec\u012bbas vienreiz\u0113j\u0101s lieto\u0161anas cena\" width=\"800\" height=\"800\" srcset=\"https:\/\/rmvapesale.com\/wp-content\/uploads\/2024\/12\/Aivono-Aim-Flash-35K-Wholesale-Disposable-Price.jpg 800w, https:\/\/rmvapesale.com\/wp-content\/uploads\/2024\/12\/Aivono-Aim-Flash-35K-Wholesale-Disposable-Price-300x300.jpg 300w, https:\/\/rmvapesale.com\/wp-content\/uploads\/2024\/12\/Aivono-Aim-Flash-35K-Wholesale-Disposable-Price-150x150.jpg 150w, https:\/\/rmvapesale.com\/wp-content\/uploads\/2024\/12\/Aivono-Aim-Flash-35K-Wholesale-Disposable-Price-768x768.jpg 768w, https:\/\/rmvapesale.com\/wp-content\/uploads\/2024\/12\/Aivono-Aim-Flash-35K-Wholesale-Disposable-Price-600x600.jpg 600w, https:\/\/rmvapesale.com\/wp-content\/uploads\/2024\/12\/Aivono-Aim-Flash-35K-Wholesale-Disposable-Price-100x100.jpg 100w\" sizes=\"auto, (max-width: 800px) 100vw, 800px\" \/><figcaption id=\"caption-attachment-2865\" class=\"wp-caption-text\">Aivono Aim Flash 35K vairumtirdzniec\u012bbas vienreiz\u0113j\u0101s lieto\u0161anas cena<\/figcaption><\/figure>\n<p><strong style=\"font-size: 1.7em\">Aivono Aim Flash 35000 Arom\u0101tu saraksts<\/strong><\/p>\n<ol>\n<li>Zeme\u0146u ledus<\/li>\n<li>Zeme\u0146u Arb\u016bzs<\/li>\n<li>Ave\u0146u \u0137ir\u0161i<\/li>\n<li>Zil\u0101s avenes<\/li>\n<li>Citronu Piparm\u0113tra<\/li>\n<li>Persiku sula<\/li>\n<li>Mellenes v\u012bnogas<\/li>\n<li>Arb\u016bzu ledus<\/li>\n<li>\u0100bolu ogas<\/li>\n<li>Mango anan\u0101s<\/li>\n<li>Zilais ferma<\/li>\n<li>Zeme\u0146u sald\u0113jums<\/li>\n<li>V\u012bnogu Ledus<\/li>\n<li>Sajaukto ogu<\/li>\n<li>Zeme\u0146u Kivi<\/li>\n<\/ol>\n<p>&nbsp;<\/p>\n<h3><strong>K\u0101p\u0113c izv\u0113l\u0113ties Rmvapesale priek\u0161 Aivono Flash 35000 p\u012bp\u0113m <\/strong><strong>V<\/strong><strong>ape Vairumtirdzniec\u012bba<\/strong><strong>?<\/strong><\/h3>\n<div class=\"flex-shrink-0 flex flex-col relative items-end\">\n<div class=\"pt-0\">\n<div class=\"gizmo-bot-avatar flex h-8 w-8 items-center justify-center overflow-hidden rounded-full\">\n<div class=\"relative p-1 rounded-sm flex items-center justify-center bg-token-main-surface-primary text-token-text-primary h-8 w-8\">\n<p>Laipni l\u016bdzam Rmvapesale, j\u016bsu uzticamaj\u0101 tvaiku veikal\u0101, kur\u0101 ir pieejami augst\u0101k\u0101s kvalit\u0101tes vienreizlietojamie tvaiki. Ar vair\u0101k nek\u0101 5 gadu pieredzi m\u0113s pied\u0101v\u0101jam jums t\u0101dus popul\u0101rus vienreizlietojamo tvaiku z\u012bmolus k\u0101 Al Fakher, <a href=\"https:\/\/rmvapesale.com\/lv\/product-category\/bang-vapes\/\">Bang Vape<\/a>, Waspe, WGA Vape un<a href=\"https:\/\/rmvapesale.com\/lv\/product-category\/randm-fumot-vape\/\"> RandM Vape<\/a>.<\/p>\n<p>M\u016bsu kl\u0101st\u0101 ir t\u0101di popul\u0101ri tvaiki k\u0101 <a href=\"https:\/\/rmvapesale.com\/lv\/product\/randm-tornado-15000-puffs-vape-wholesale\/\">RandM Tornado 15000<\/a> un ar gar\u0161\u0101m bag\u0101tas izv\u0113les iesp\u0113jas, piem\u0113ram, Vapme 70000. Katrs produkts ir izv\u0113l\u0113ts, koncentr\u0113joties uz kvalit\u0101ti, v\u0113rt\u012bbu un daudzveid\u012bbu, nodro\u0161inot, ka j\u016bs atrad\u012bsiet sav\u0101m vajadz\u012bb\u0101m ide\u0101li piem\u0113rotu. Atkl\u0101jiet izcilu servisu un pla\u0161u lab\u0101ko produktu kl\u0101stu Rmvapesale.<\/p>\n<\/div>\n<h3><\/h3>\n<div class=\"relative p-1 rounded-sm flex items-center justify-center bg-token-main-surface-primary text-token-text-primary h-8 w-8\">\n<h3><b> BUJAS Par Aivono Aim Flash 35000 <\/b><b>Uzl\u0101d\u0113jams vienreiz\u0113j\u0101s lieto\u0161anas vape<\/b><\/h3>\n<div class=\"group\/conversation-turn relative flex w-full min-w-0 flex-col agent-turn\">\n<div class=\"flex-col gap-1 md:gap-3\">\n<div class=\"flex max-w-full flex-col flex-grow\">\n<div class=\"min-h-8 text-message flex w-full flex-col items-end gap-2 whitespace-normal break-words [.text-message+&amp;]:mt-5\" dir=\"auto\" data-message-author-role=\"assistant\" data-message-id=\"00c9b302-bc9c-4550-94ba-5a295efa2be3\" data-message-model-slug=\"gpt-4o\">\n<div class=\"flex w-full flex-col gap-1 empty:hidden first:pt-[3px]\">\n<div class=\"markdown prose w-full break-words dark:prose-invert light\">\n<div class=\"flex-shrink-0 flex flex-col relative items-end\">\n<div class=\"pt-0\">\n<div class=\"gizmo-bot-avatar flex h-8 w-8 items-center justify-center overflow-hidden rounded-full\">\n<div class=\"relative p-1 rounded-sm flex items-center justify-center bg-token-main-surface-primary text-token-text-primary h-8 w-8\">\n<div class=\"flex-shrink-0 flex flex-col relative items-end\">\n<div class=\"pt-0\">\n<div class=\"gizmo-bot-avatar flex h-8 w-8 items-center justify-center overflow-hidden rounded-full\">\n<div class=\"relative p-1 rounded-sm flex items-center justify-center bg-token-main-surface-primary text-token-text-primary h-8 w-8\">\n<h3><\/h3>\n<ol>\n<li><strong>Cik p\u016btienus nodro\u0161ina AIVONO AIM FLASH 35000?<\/strong><br \/>\n\u0160is ier\u012bce nodro\u0161ina l\u012bdz <strong>35 000 dvesmas<\/strong>, padarot to par vienu no iztur\u012bg\u0101kaj\u0101m vienreiz\u0113j\u0101m vape ier\u012bc\u0113m pieejamaj\u0101m.<\/li>\n<li><strong>Kas padara Curved Smart Screen unik\u0101lu?<\/strong><br \/>\n\u0160is <strong>izliektais viedais ekr\u0101ns<\/strong> sniedz re\u0101llaika datus par j\u016bsu vaping statistiku, tostarp akumulatora darb\u012bbas laiku un e-\u0161\u0137idruma l\u012bmeni, nodro\u0161inot inform\u0113t\u0101ku pieredzi.<\/li>\n<li><strong>Vai es varu uzl\u0101d\u0113t AIVONO AIM FLASH 35000?<\/strong><br \/>\nJ\u0101, tam ir <strong>850 mAh uzl\u0101d\u0113jams akumulators<\/strong> ar <strong>\u0101tru Type-C uzl\u0101di<\/strong> lai nodro\u0161in\u0101tu vienm\u0113r\u012bgu lieto\u0161anu.<\/li>\n<li><strong>K\u0101dus arom\u0101tus pied\u0101v\u0101 \u0161\u012b ier\u012bce?<\/strong><br \/>\nIr <strong>15 br\u012bni\u0161\u0137\u012bgi arom\u0101ti<\/strong>, tostarp <strong>Zil\u0101s avenes<\/strong>, <strong>Mango anan\u0101s<\/strong>, un <strong>Zeme\u0146u sald\u0113jums<\/strong>, lai apmierin\u0101tu katra gaumi.<\/li>\n<li><strong>Kur varu ieg\u0101d\u0101ties AIVONO AIM FLASH 35000 par vairumtirdzniec\u012bbas cen\u0101m?<\/strong><br \/>\nApmekl\u0113jiet <strong>Sigvape tie\u0161saistes vape veikals<\/strong> lai ieg\u0101d\u0101tos <strong>AIVONO AIM FLASH 35000<\/strong> par nep\u0101rsp\u0113jam\u0101m <strong>vairumtirdzniec\u012bbas cen\u0101m<\/strong>\u2014ide\u0101la person\u012bgai lieto\u0161anai vai mazumtirdzniec\u012bbas uz\u0146\u0113muma vajadz\u012bb\u0101m!<\/li>\n<\/ol>\n<\/div>\n<\/div>\n<\/div>\n<\/div>\n<\/div>\n<\/div>\n<\/div>\n<\/div>\n<div class=\"group\/conversation-turn relative flex w-full min-w-0 flex-col agent-turn\">\n<div class=\"flex-col gap-1 md:gap-3\">\n<div class=\"flex max-w-full flex-col flex-grow\">\n<div class=\"min-h-8 text-message flex w-full flex-col items-end gap-2 whitespace-normal break-words [.text-message+&amp;]:mt-5\" dir=\"auto\" data-message-author-role=\"assistant\" data-message-id=\"a3dc01bd-23b0-4fd7-bb9a-7827522cefd8\" data-message-model-slug=\"gpt-4o\">\n<div class=\"flex w-full flex-col gap-1 empty:hidden first:pt-[3px]\"><\/div>\n<\/div>\n<\/div>\n<\/div>\n<\/div>\n<\/div>\n<\/div>\n<\/div>\n<\/div>\n<\/div>\n<\/div>\n<\/div>\n<\/div>\n<\/div>\n<\/div>\n<h3>Par s\u016bt\u012bjumu<\/h3>\n<div class=\"flex-shrink-0 flex flex-col relative items-end\">\n<div>\n<div class=\"pt-0\">\n<div class=\"gizmo-bot-avatar flex h-8 w-8 items-center justify-center overflow-hidden rounded-full\">\n<div><\/div>\n<div class=\"relative p-1 rounded-sm flex items-center justify-center bg-token-main-surface-primary text-token-text-primary h-8 w-8\"><strong>1. K\u0101das pieg\u0101des metodes tiek izmantotas?<\/strong><\/div>\n<\/div>\n<\/div>\n<\/div>\n<\/div>\n<div class=\"group\/conversation-turn relative flex w-full min-w-0 flex-col agent-turn\">\n<div class=\"flex-col gap-1 md:gap-3\">\n<div class=\"flex max-w-full flex-col flex-grow\">\n<div class=\"min-h-[20px] text-message flex w-full flex-col items-end gap-2 whitespace-normal break-words [.text-message+&amp;]:mt-5 overflow-x-auto\" dir=\"auto\" data-message-author-role=\"assistant\" data-message-id=\"22f8283b-3233-46ff-89a5-c7a41b33abda\">\n<div class=\"flex w-full flex-col gap-1 empty:hidden first:pt-[3px]\">\n<div class=\"markdown prose w-full break-words dark:prose-invert light\">\n<p>M\u0113s sadarbojamies ar UPS, DHL, FedEx, DPD un citiem vado\u0161ajiem p\u0101rvad\u0101t\u0101jiem. M\u0113s izv\u0113l\u0113simies lab\u0101ko pieg\u0101des veidu, pamatojoties uz j\u016bsu pieg\u0101des vietu, lai nodro\u0161in\u0101tu, ka j\u016bs sa\u0146emat savus produktus p\u0113c iesp\u0113jas \u0101tr\u0101k.<\/p>\n<\/div>\n<p><strong>2. Cik ilgs laiks paiet, l\u012bdz tas pien\u0101k?<\/strong><\/p>\n<p>Pieg\u0101des uz Latviju parasti ierodas 10 darba dienu laik\u0101. Pieg\u0101de uz Eiropas valst\u012bm parasti aiz\u0146em apm\u0113ram 12-15 darba dienas. M\u0113s nodro\u0161in\u0101sim re\u0101llaika atjaunin\u0101jumus par j\u016bsu pieg\u0101des statusu.<\/p>\n<\/div>\n<\/div>\n<\/div>\n<\/div>\n<\/div>\n<p>&nbsp;<\/p>\n<p>Atrodiet vair\u0101k Vape produktu, kas jums var\u0113tu patikt:<strong><em><a href=\"https:\/\/rmvapesale.com\/lv\/shop-2\/\">iepirkties tagad &gt;&gt;&gt;<\/a><\/em><\/strong><\/p>","protected":false},"excerpt":{"rendered":"<p>Aivono Aim Flash 35000 pufa vienreiz\u0113j\u0101s lieto\u0161anas vape vairumtirdzniec\u012bba<br \/>\nAivono Flash 35000 uzl\u0101d\u0113jama vienreiz\u0113j\u0101s lieto\u0161anas vape vairumtirdzniec\u012bbas cena<br \/>\nKarsts p\u0101rdo\u0161anas vienreiz\u0113j\u0101s lieto\u0161anas vape pildspalva Aivono Flash 35k liela iepakojuma l\u0113ti<\/p>\n<p><strong>Sazinieties ar Eimiju, lai ieg\u016btu pareizo atbildi un veipu kuponu!<\/strong><\/p>\n<p><img loading=\"lazy\" decoding=\"async\" class=\"size-full wp-image-2375\" src=\"https:\/\/rmvapesale.com\/wp-content\/uploads\/2024\/10\/image.png\" alt=\"Lab\u0101kais vienreiz\u0113jais vape\" width=\"229\" height=\"300\" \/><\/p>\n<h3><a href=\"https:\/\/wa.me\/8617776015835\"><span style=\"color: #ff0000\"><strong>WhatsApp: +86 17776015835<\/strong><\/span><\/a><\/h3>\n<p>&nbsp;<\/p>","protected":false},"featured_media":2867,"comment_status":"open","ping_status":"closed","template":"","meta":{"_uag_custom_page_level_css":"","_lmt_disableupdate":"no","_lmt_disable":"","site-sidebar-layout":"default","site-content-layout":"content-boxed-container","ast-site-content-layout":"normal-width-container","site-content-style":"boxed","site-sidebar-style":"unboxed","ast-global-header-display":"","ast-banner-title-visibility":"","ast-main-header-display":"","ast-hfb-above-header-display":"","ast-hfb-below-header-display":"","ast-hfb-mobile-header-display":"","site-post-title":"","ast-breadcrumbs-content":"","ast-featured-img":"","footer-sml-layout":"","theme-transparent-header-meta":"default","adv-header-id-meta":"","stick-header-meta":"","header-above-stick-meta":"","header-main-stick-meta":"","header-below-stick-meta":"","astra-migrate-meta-layouts":"set","ast-page-background-enabled":"default","ast-page-background-meta":{"desktop":{"background-color":"var(--ast-global-color-4)","background-image":"","background-repeat":"repeat","background-position":"center center","background-size":"auto","background-attachment":"scroll","background-type":"","background-media":"","overlay-type":"","overlay-color":"","overlay-opacity":"","overlay-gradient":""},"tablet":{"background-color":"","background-image":"","background-repeat":"repeat","background-position":"center center","background-size":"auto","background-attachment":"scroll","background-type":"","background-media":"","overlay-type":"","overlay-color":"","overlay-opacity":"","overlay-gradient":""},"mobile":{"background-color":"","background-image":"","background-repeat":"repeat","background-position":"center center","background-size":"auto","background-attachment":"scroll","background-type":"","background-media":"","overlay-type":"","overlay-color":"","overlay-opacity":"","overlay-gradient":""}},"ast-content-background-meta":{"desktop":{"background-color":"var(--ast-global-color-5)","background-image":"","background-repeat":"repeat","background-position":"center center","background-size":"auto","background-attachment":"scroll","background-type":"","background-media":"","overlay-type":"","overlay-color":"","overlay-opacity":"","overlay-gradient":""},"tablet":{"background-color":"var(--ast-global-color-5)","background-image":"","background-repeat":"repeat","background-position":"center center","background-size":"auto","background-attachment":"scroll","background-type":"","background-media":"","overlay-type":"","overlay-color":"","overlay-opacity":"","overlay-gradient":""},"mobile":{"background-color":"var(--ast-global-color-5)","background-image":"","background-repeat":"repeat","background-position":"center center","background-size":"auto","background-attachment":"scroll","background-type":"","background-media":"","overlay-type":"","overlay-color":"","overlay-opacity":"","overlay-gradient":""}},"_joinchat":[]},"product_brand":[],"product_cat":[15,25,123,26,28,135,27,137,136,30],"product_tag":[244,245,40,111,243],"class_list":{"0":"post-2868","1":"product","2":"type-product","3":"status-publish","4":"has-post-thumbnail","6":"product_cat-new-vape-this-week","7":"product_cat-germany-best-selling-vape","8":"product_cat-italy-wholesale-vape","9":"product_cat-netherlands-hot-sale-vape","10":"product_cat-poland-hot-sale-vape","11":"product_cat-spain-best-hot-sale-vape","12":"product_cat-fance-hot-sale-vape","13":"product_cat-rechargeable-vapes","14":"product_cat-smart-screen-vapes","15":"product_cat-minimum-order-quantity-50pcs","16":"product_tag-aivono-flash-35000","17":"product_tag-aivono-vape","18":"product_tag-hot-sale-vape","19":"product_tag-low-nicotine-disposable-vape","20":"product_tag-vapsolo","21":"desktop-align-left","22":"tablet-align-left","23":"mobile-align-left","25":"first","26":"instock","27":"sale","28":"shipping-taxable","29":"purchasable","30":"product-type-simple"},"uagb_featured_image_src":{"full":["https:\/\/rmvapesale.com\/wp-content\/uploads\/2024\/12\/Low-Nicotine-Vape-Aivono-Aim-Flash-35000.jpg",800,800,false],"thumbnail":["https:\/\/rmvapesale.com\/wp-content\/uploads\/2024\/12\/Low-Nicotine-Vape-Aivono-Aim-Flash-35000-150x150.jpg",150,150,true],"medium":["https:\/\/rmvapesale.com\/wp-content\/uploads\/2024\/12\/Low-Nicotine-Vape-Aivono-Aim-Flash-35000-300x300.jpg",300,300,true],"medium_large":["https:\/\/rmvapesale.com\/wp-content\/uploads\/2024\/12\/Low-Nicotine-Vape-Aivono-Aim-Flash-35000-768x768.jpg",768,768,true],"large":["https:\/\/rmvapesale.com\/wp-content\/uploads\/2024\/12\/Low-Nicotine-Vape-Aivono-Aim-Flash-35000.jpg",800,800,false],"1536x1536":["https:\/\/rmvapesale.com\/wp-content\/uploads\/2024\/12\/Low-Nicotine-Vape-Aivono-Aim-Flash-35000.jpg",800,800,false],"2048x2048":["https:\/\/rmvapesale.com\/wp-content\/uploads\/2024\/12\/Low-Nicotine-Vape-Aivono-Aim-Flash-35000.jpg",800,800,false],"trp-custom-language-flag":["https:\/\/rmvapesale.com\/wp-content\/uploads\/2024\/12\/Low-Nicotine-Vape-Aivono-Aim-Flash-35000.jpg",12,12,false],"woocommerce_thumbnail":["https:\/\/rmvapesale.com\/wp-content\/uploads\/2024\/12\/Low-Nicotine-Vape-Aivono-Aim-Flash-35000-300x300.jpg",300,300,true],"woocommerce_single":["https:\/\/rmvapesale.com\/wp-content\/uploads\/2024\/12\/Low-Nicotine-Vape-Aivono-Aim-Flash-35000-600x600.jpg",600,600,true],"woocommerce_gallery_thumbnail":["https:\/\/rmvapesale.com\/wp-content\/uploads\/2024\/12\/Low-Nicotine-Vape-Aivono-Aim-Flash-35000-100x100.jpg",100,100,true],"wcpr-photo-reviews":["https:\/\/rmvapesale.com\/wp-content\/uploads\/2024\/12\/Low-Nicotine-Vape-Aivono-Aim-Flash-35000.jpg",500,500,false]},"uagb_author_info":{"display_name":"AMY","author_link":"https:\/\/rmvapesale.com\/lv\/author\/"},"uagb_comment_info":0,"uagb_excerpt":"Aivono Aim Flash 35000 Puffs Disposable Vape Wholesale Aivono Flash 35000 Rechargeable Disposable Vape Wholesale Price Hot Sell Disposable Vape Pen Aivono Flash 35k Bulk Buy Cheap Price Contact Amy to get right reply and vape coupon! WhatsApp: +86 17776015835 &nbsp;","_links":{"self":[{"href":"https:\/\/rmvapesale.com\/lv\/wp-json\/wp\/v2\/product\/2868","targetHints":{"allow":["GET"]}}],"collection":[{"href":"https:\/\/rmvapesale.com\/lv\/wp-json\/wp\/v2\/product"}],"about":[{"href":"https:\/\/rmvapesale.com\/lv\/wp-json\/wp\/v2\/types\/product"}],"replies":[{"embeddable":true,"href":"https:\/\/rmvapesale.com\/lv\/wp-json\/wp\/v2\/comments?post=2868"}],"wp:featuredmedia":[{"embeddable":true,"href":"https:\/\/rmvapesale.com\/lv\/wp-json\/wp\/v2\/media\/2867"}],"wp:attachment":[{"href":"https:\/\/rmvapesale.com\/lv\/wp-json\/wp\/v2\/media?parent=2868"}],"wp:term":[{"taxonomy":"product_brand","embeddable":true,"href":"https:\/\/rmvapesale.com\/lv\/wp-json\/wp\/v2\/product_brand?post=2868"},{"taxonomy":"product_cat","embeddable":true,"href":"https:\/\/rmvapesale.com\/lv\/wp-json\/wp\/v2\/product_cat?post=2868"},{"taxonomy":"product_tag","embeddable":true,"href":"https:\/\/rmvapesale.com\/lv\/wp-json\/wp\/v2\/product_tag?post=2868"}],"curies":[{"name":"wp","href":"https:\/\/api.w.org\/{rel}","templated":true}]}}