{"id":2912,"date":"2025-01-08T08:59:33","date_gmt":"2025-01-08T08:59:33","guid":{"rendered":"https:\/\/rmvapesale.com\/?post_type=product&#038;p=2912"},"modified":"2025-01-08T09:59:15","modified_gmt":"2025-01-08T09:59:15","slug":"bood-twins-46000-puff-digital-disposable-vape-bulk-buy-wholesale-price","status":"publish","type":"product","link":"https:\/\/rmvapesale.com\/lv\/product\/bood-twins-46000-puff-digital-disposable-vape-bulk-buy-wholesale-price\/","title":{"rendered":"Bood Twins 46000 uzp\u016b\u0161u digit\u0101l\u0101 vienreiz\u0113j\u0101s lieto\u0161anas vape lielapjoma pirkuma vairumtirdzniec\u012bbas cena"},"content":{"rendered":"<div class=\"B2VR9 CJHX3e\">\n<div class=\"wyccme\">\n<div class=\"flex-shrink-0 flex flex-col relative items-end\">\n<div class=\"pt-0\">\n<div class=\"gizmo-bot-avatar flex h-8 w-8 items-center justify-center overflow-hidden rounded-full\">\n<div class=\"relative p-1 rounded-sm flex items-center justify-center bg-token-main-surface-primary text-token-text-primary h-8 w-8\">\n<div class=\"flex-shrink-0 flex flex-col relative items-end\">\n<div class=\"pt-0\">\n<div class=\"gizmo-bot-avatar flex h-8 w-8 items-center justify-center overflow-hidden rounded-full\">\n<h1 class=\"relative p-1 rounded-sm flex items-center justify-center bg-token-main-surface-primary text-token-text-primary h-8 w-8\">Bood Twins 46000 uzp\u016b\u0161u digit\u0101l\u0101 vienreiz\u0113j\u0101s lieto\u0161anas vape lielapjoma pirkuma vairumtirdzniec\u012bbas cena<\/h1>\n<\/div>\n<\/div>\n<\/div>\n<\/div>\n<\/div>\n<\/div>\n<\/div>\n<div class=\"group\/conversation-turn relative flex w-full min-w-0 flex-col agent-turn\">\n<div class=\"flex-col gap-1 md:gap-3\">\n<div class=\"flex max-w-full flex-col flex-grow\">\n<div class=\"min-h-8 text-message flex w-full flex-col items-end gap-2 whitespace-normal break-words text-start [.text-message+&amp;]:mt-5\" dir=\"auto\" data-message-author-role=\"assistant\" data-message-id=\"80ece0c4-ead1-4ed9-a9f0-ddc22582b4f4\" data-message-model-slug=\"gpt-4o\">\n<div class=\"flex w-full flex-col gap-1 empty:hidden first:pt-[3px]\">\n<div class=\"markdown prose w-full break-words dark:prose-invert light\"><strong>Bood Twins 46000 Pufu digit\u0101l\u0101s vienreizlietojam\u0101s e-cigaretes<\/strong>, ide\u0101ls kompanjons ilgsto\u0161ai, gar\u0161\u012bgai un \u0113rtai e-cigare\u0161u lieto\u0161anai. Iepakota ar modern\u0101m funkcij\u0101m, piem\u0113ram, <strong>digit\u0101lo displeju<\/strong>, \u0161\u012b ier\u012bce ir izstr\u0101d\u0101ta, lai apmierin\u0101tu visas j\u016bsu e-cigare\u0161u lieto\u0161anas vajadz\u012bbas, vienlaikus pied\u0101v\u0101jot izcilu v\u0113rt\u012bbu par vairumtirdzniec\u012bbas cen\u0101m.<\/div>\n<div><\/div>\n<div>\n<p>Atvadieties no bie\u017e\u0101m nomai\u0146\u0101m! The <strong>Bood Twins 46000<\/strong> nodro\u0161ina iespaid\u012bgus 46 000 uzp\u016btienus, nodro\u0161inot ilgsto\u0161u apmierin\u0101t\u012bbu gan smagiem, gan viegliem e-cigare\u0161u lietot\u0101jiem. Vienm\u0113r esiet inform\u0113ts, izmantojot <strong>viedais digit\u0101lais displejs<\/strong>, kas nodro\u0161ina re\u0101llaika atjaunin\u0101jumus par akumulatora darb\u012bbas laiku un e-\u0161\u0137idruma l\u012bme\u0146iem. Vairs nek\u0101das min\u0113\u0161anas \u2014 vienm\u0113r saglab\u0101jiet kontroli! Apr\u012bkots ar jaud\u012bgu un <strong>uzl\u0101d\u0113jamu 650 mAh ieb\u016bv\u0113tu akumulatoru<\/strong>, Bood Twins nodro\u0161ina past\u0101v\u012bgu jaudas pieg\u0101di vis\u0101 j\u016bsu e-cigare\u0161u lieto\u0161anas laik\u0101. Turkl\u0101t, <strong>Uzl\u0101d\u0113jams 850 mAh akumulators<\/strong> padara uzl\u0101di \u0101tru un bez probl\u0113m\u0101m.<\/p>\n<p>Izbaudiet ilg\u0101kas e-cigare\u0161u lieto\u0161anas sesijas ar <strong>30 ml iepriek\u0161 uzpild\u012btu e-sulas kasetni<\/strong> . P\u0101r\u012b ar <strong>nikot\u012bna l\u012bme\u0146a opcij\u0101m<\/strong> no 0%, 2% un 5%, tas atbilst vis\u0101m v\u0113lm\u0113m. Ar <strong>divas gar\u0161as vien\u0101 ier\u012bc\u0113<\/strong>, izp\u0113tiet da\u017e\u0101dus <strong>10 gardu kombin\u0101ciju<\/strong>. <strong>Bood Twins 46000<\/strong> apvieno <strong>efekt\u012bvu jaudas padevi<\/strong> ar nemain\u012bgu veiktsp\u0113ju, pateicoties t\u0101 modernajam dizainam un kvalitat\u012bvai in\u017eenierijai.<\/p>\n<\/div>\n<\/div>\n<div>Mekl\u0113jat <strong>lab\u0101k\u0101s vairumtirdzniec\u012bbas cenas<\/strong> augstas kvalit\u0101tes, ilgsto\u0161am vienreiz\u0113j\u0101s lieto\u0161anas veipam? \u0160is <strong>Bood Twins 46000<\/strong> pied\u0101v\u0101 nep\u0101rsp\u0113jamu v\u0113rt\u012bbu, gar\u0161u daudzveid\u012bbu un uzticam\u012bbu. Ide\u0101li piem\u0113rots gan ies\u0101c\u0113jiem, gan pieredz\u0113ju\u0161iem veipot\u0101jiem, \u0161\u012b ier\u012bce maina sp\u0113li!<\/div>\n<\/div>\n<\/div>\n<\/div>\n<\/div>\n<div class=\"flex-shrink-0 flex flex-col relative items-end\">\n<div class=\"pt-0\">\n<div class=\"gizmo-bot-avatar flex h-8 w-8 items-center justify-center overflow-hidden rounded-full\">\n<p>&nbsp;<\/p>\n<\/div>\n<\/div>\n<\/div>\n<\/div>\n<\/div>\n<p><strong>Sazinieties ar Eimiju, lai ieg\u016btu pareizo atbildi un veipu kuponu!<\/strong><\/p>\n<p><img loading=\"lazy\" decoding=\"async\" class=\"size-full wp-image-1978\" src=\"https:\/\/rmvapesale.com\/wp-content\/uploads\/2024\/09\/Disposable-Vape-Wholesale.jpg\" alt=\"Vienreiz\u0113jais vape vairumtirdzniec\u012bba\" width=\"229\" height=\"300\" \/><\/p>\n<h3><a href=\"https:\/\/wa.me\/8617776015835\" target=\"_blank\" rel=\"noopener\"><span style=\"color: #ff0000\"><strong>WhatsApp: +86 17776015835<\/strong><\/span><\/a><\/h3>\n<p>&nbsp;<\/p>\n<h2><strong style=\"font-size: 1.7em\">Bood Twins 46000 Vape galven\u0101s iez\u012bmes<\/strong><\/h2>\n<ul>\n<li><strong>Uztveres<\/strong>: L\u012bdz 46 000<\/li>\n<li><strong>Akumulators<\/strong>: 650mAh uzl\u0101d\u0113jams ar C tipa uzl\u0101di<\/li>\n<li><strong>E-\u0161\u0137idrums<\/strong>: 30ml iepriek\u0161 uzpild\u012bts, pieejams 0%, 2%, 5% nikot\u012bna l\u012bme\u0146os<\/li>\n<li><strong>Digit\u0101lais displejs<\/strong>: Akumulatora un e-\u0161\u0137idruma uzraudz\u012bba re\u0101llaik\u0101<\/li>\n<li><strong>Gar\u0161as<\/strong>: 10 unik\u0101las divu gar\u0161u kombin\u0101cijas<\/li>\n<li><strong>Veiktsp\u0113ja<\/strong>: Gluda vilk\u0161ana un konsekventa padeve<\/li>\n<\/ul>\n<h2><strong style=\"font-size: 1.7em\">Lab\u0101k\u0101 p\u0101rdo\u0161anas gar\u0161a Bood 46000 vienreiz\u0113j\u0101s lieto\u0161anas veipam<\/strong><\/h2>\n<p>\u0160is Bood Twins 46000 Puff Digital Disposable Vape pieejams <strong>12 aizraujo\u0161as gar\u0161as<\/strong>, pied\u0101v\u0101 da\u017e\u0101das iesp\u0113jas, lai apmierin\u0101tu da\u017e\u0101das gaumes. No aug\u013cu l\u012bdz piparm\u0113tru un eksotiskiem mais\u012bjumiem \u2014 ikvienam ir kaut kas. \u0160\u012b pla\u0161\u0101 izv\u0113le nodro\u0161ina, ka j\u016bs vienm\u0113r varat atrast gar\u0161u, kas atbilst j\u016bsu noska\u0146ojumam, padarot to par daudzpus\u012bgu izv\u0113li visiem tvaic\u0113t\u0101jiem. L\u016bdzu, atrodiet visvair\u0101k p\u0101rdoto gar\u0161u \u0161im atk\u0101rtoti uzl\u0101d\u0113jamajam vienreizlietojamajam tvaic\u0113t\u0101jam, pamatojoties uz m\u016bsu p\u0101rdo\u0161anas datiem un klientu atsauksm\u0113m.<\/p>\n<div>1.Arb\u016bzs <span style=\"color: #ff0000\"><strong>&gt;&gt;&gt;&gt; Karst\u0101kais!<\/strong><\/span><\/div>\n<div>2.\u0100bols<\/div>\n<div>3.Laima<\/div>\n<div>4.Za\u013cais \u0101bols <span style=\"color: #ff0000\"><strong>&gt;&gt;&gt;&gt; Karst\u0101kais!<\/strong><\/span><\/div>\n<div>5.Melle\u0146u sk\u0101ba avenes<\/div>\n<div>6.Upe\u0146u avenes <span style=\"color: #ff0000\"><strong>&gt;&gt;&gt;&gt; Vislab\u0101kais!<\/strong><\/span><\/div>\n<div>7.Persiku mango<\/div>\n<div>8.V\u012bnogu<\/div>\n<div>9.Roz\u0101 limon\u0101de<\/div>\n<div>10.Za\u013co v\u012bnogu<\/div>\n<div><\/div>\n<figure id=\"attachment_2895\" aria-describedby=\"caption-attachment-2895\" style=\"width: 1000px\" class=\"wp-caption alignnone\"><img loading=\"lazy\" decoding=\"async\" class=\"wp-image-2895 size-full\" src=\"https:\/\/rmvapesale.com\/wp-content\/uploads\/2025\/01\/Bood-Twins-46000-Digital-Disposable-Vape.jpg\" alt=\"Bood Twins 46000 digit\u0101lais vienreizlietojamais vape\" width=\"1000\" height=\"1000\" srcset=\"https:\/\/rmvapesale.com\/wp-content\/uploads\/2025\/01\/Bood-Twins-46000-Digital-Disposable-Vape.jpg 1000w, https:\/\/rmvapesale.com\/wp-content\/uploads\/2025\/01\/Bood-Twins-46000-Digital-Disposable-Vape-300x300.jpg 300w, https:\/\/rmvapesale.com\/wp-content\/uploads\/2025\/01\/Bood-Twins-46000-Digital-Disposable-Vape-150x150.jpg 150w, https:\/\/rmvapesale.com\/wp-content\/uploads\/2025\/01\/Bood-Twins-46000-Digital-Disposable-Vape-768x768.jpg 768w, https:\/\/rmvapesale.com\/wp-content\/uploads\/2025\/01\/Bood-Twins-46000-Digital-Disposable-Vape-600x600.jpg 600w, https:\/\/rmvapesale.com\/wp-content\/uploads\/2025\/01\/Bood-Twins-46000-Digital-Disposable-Vape-100x100.jpg 100w\" sizes=\"auto, (max-width: 1000px) 100vw, 1000px\" \/><figcaption id=\"caption-attachment-2895\" class=\"wp-caption-text\">Bood Twins 46000 digit\u0101lais vienreizlietojamais vape<\/figcaption><\/figure>\n<h3><\/h3>\n<h3><strong>K\u0101p\u0113c izv\u0113l\u0113ties Rmvapesale JNR Mega Shisha Hookah 100k dvesmai\u00a0 <\/strong><strong>V<\/strong><strong>ape Vairumtirdzniec\u012bba<\/strong><strong>?<\/strong><\/h3>\n<div class=\"flex-shrink-0 flex flex-col relative items-end\">\n<div class=\"pt-0\">\n<div class=\"gizmo-bot-avatar flex h-8 w-8 items-center justify-center overflow-hidden rounded-full\">\n<div class=\"relative p-1 rounded-sm flex items-center justify-center bg-token-main-surface-primary text-token-text-primary h-8 w-8\">\n<p>Laipni l\u016bdzam Rmvapesale, j\u016bsu uzticamaj\u0101 tvaiku veikal\u0101, kur\u0101 ir pieejami augst\u0101k\u0101s kvalit\u0101tes vienreizlietojamie tvaiki. Ar vair\u0101k nek\u0101 5 gadu pieredzi m\u0113s pied\u0101v\u0101jam jums t\u0101dus popul\u0101rus vienreizlietojamo tvaiku z\u012bmolus k\u0101 Al Fakher, <a href=\"https:\/\/rmvapesale.com\/lv\/product\/puff-40k-bang-refillable-disposable-vape-with-digital-display-bulk-buy-price\/\">Bang Vape<\/a>, <a href=\"https:\/\/rmvapesale.com\/lv\/product\/jnr-mega-shisha-hookah-100000-100k-puffs-disposable-vape-a-premium-vaping-experience\/\">JNR Vape<\/a>, Waspe, WGA Vape un RandM Vape.<\/p>\n<p>M\u016bsu kl\u0101st\u0101 ir t\u0101di popul\u0101ri tvaiki k\u0101 <a href=\"https:\/\/rmvapesale.com\/lv\/product\/vookbar-cyber-pro-30000-puffs-bluetooth-vape-2-low-nicotine-rechargeable-bulk-buy-wholesale-price\/\">Vookbar Cyber Pro 30000<\/a> un ar gar\u0161\u0101m bag\u0101tas izv\u0113les iesp\u0113jas, piem\u0113ram, Vapme 70000. Katrs produkts ir izv\u0113l\u0113ts, koncentr\u0113joties uz kvalit\u0101ti, v\u0113rt\u012bbu un daudzveid\u012bbu, nodro\u0161inot, ka j\u016bs atrad\u012bsiet sav\u0101m vajadz\u012bb\u0101m ide\u0101li piem\u0113rotu. Atkl\u0101jiet izcilu servisu un pla\u0161u lab\u0101ko produktu kl\u0101stu Rmvapesale.<\/p>\n<p>&nbsp;<\/p>\n<h3><b style=\"font-size: 1.5em;font-style: inherit\">BUJ par Bood Twins 46000 <\/b><b style=\"font-size: 1.5em;font-style: inherit\">Uzl\u0101d\u0113jams vienreiz\u0113j\u0101s lieto\u0161anas vape<\/b><\/h3>\n<\/div>\n<h3><\/h3>\n<p><strong>1. Cik dvesin\u0101jumu nodro\u0161ina Bood Twins 46000?<\/strong><\/p>\n<p>\u0160is <strong>Bood Twins 46000 dvesin\u0101jums<\/strong> pied\u0101v\u0101 l\u012bdz pat 46 000 dvesin\u0101jumiem, padarot to par vienu no ilg\u0101k kalpojo\u0161ajiem vienreizlietojamiem vape tirg\u016b.<\/p>\n<p><strong>2. Vai es varu uzl\u0101d\u0113t Bood Twins 46000 dvesin\u0101jumu?<\/strong><\/p>\n<p>J\u0101! \u0160ai ier\u012bcei ir <strong>650 mAh uzl\u0101d\u0113jams akumulators<\/strong> ar <strong>Uzl\u0101d\u0113jams 850 mAh akumulators<\/strong> \u0113rt\u012bbas labad.<\/p>\n<p><strong>3. K\u0101das gar\u0161as ir pieejamas Bood Twins 46000?<\/strong><\/p>\n<p>Tas n\u0101k ar <strong>10 unik\u0101l\u0101m divu gar\u0161u kombin\u0101cij\u0101m<\/strong>, piem\u0113ram <strong>Arb\u016bzs<\/strong>, <strong>Laimes<\/strong>, un <strong>V\u012bnogu<\/strong>.<\/p>\n<p><strong>4. Vai Bood Twins 46000 ir nikot\u012bna opcijas?<\/strong><\/p>\n<p>J\u0101, ier\u012bce atbalsta <strong>nikot\u012bna stiprumu 0%, 2% un 5%<\/strong>, nodro\u0161inot iesp\u0113jas vis\u0101m v\u0113lm\u0113m.<\/p>\n<p><strong>5. Kur es varu ieg\u0101d\u0101ties Bood Twins 46000 par vairumtirdzniec\u012bbas cen\u0101m?<\/strong><\/p>\n<p>J\u016bs varat ieg\u0101d\u0101ties <strong>Bood Twins 46000 dvesin\u0101jums<\/strong> at <strong>vairumtirdzniec\u012bbas cen\u0101m<\/strong> no <a href=\"https:\/\/rmvapesale.com\/lv\/\" target=\"_new\" rel=\"noopener\">Rmvapesale tie\u0161saistes veipu veikal\u0101<\/a>. Izbaudiet konkur\u0113tsp\u0113j\u012bgas cenas, \u0101tru pieg\u0101di un visaugst\u0101k\u0101 l\u012bme\u0146a klientu apkalpo\u0161anu!<\/p>\n<p>&nbsp;<\/p>\n<\/div>\n<\/div>\n<\/div>\n<h3>Par s\u016bt\u012bjumu<\/h3>\n<div class=\"flex-shrink-0 flex flex-col relative items-end\">\n<div>\n<div class=\"pt-0\">\n<div class=\"gizmo-bot-avatar flex h-8 w-8 items-center justify-center overflow-hidden rounded-full\">\n<div><\/div>\n<div class=\"relative p-1 rounded-sm flex items-center justify-center bg-token-main-surface-primary text-token-text-primary h-8 w-8\"><strong>1. K\u0101das pieg\u0101des metodes tiek izmantotas?<\/strong><\/div>\n<\/div>\n<\/div>\n<\/div>\n<\/div>\n<div class=\"group\/conversation-turn relative flex w-full min-w-0 flex-col agent-turn\">\n<div class=\"flex-col gap-1 md:gap-3\">\n<div class=\"flex max-w-full flex-col flex-grow\">\n<div class=\"min-h-[20px] text-message flex w-full flex-col items-end gap-2 whitespace-normal break-words [.text-message+&amp;]:mt-5 overflow-x-auto\" dir=\"auto\" data-message-author-role=\"assistant\" data-message-id=\"22f8283b-3233-46ff-89a5-c7a41b33abda\">\n<div class=\"flex w-full flex-col gap-1 empty:hidden first:pt-[3px]\">\n<div class=\"markdown prose w-full break-words dark:prose-invert light\">\n<p>M\u0113s sadarbojamies ar UPS, DHL, FedEx, DPD un citiem vado\u0161ajiem p\u0101rvad\u0101t\u0101jiem. M\u0113s izv\u0113l\u0113simies lab\u0101ko pieg\u0101des veidu, pamatojoties uz j\u016bsu pieg\u0101des vietu, lai nodro\u0161in\u0101tu, ka j\u016bs sa\u0146emat savus produktus p\u0113c iesp\u0113jas \u0101tr\u0101k.<\/p>\n<\/div>\n<p><strong>2. Cik ilgs laiks paiet, l\u012bdz tas pien\u0101k?<\/strong><\/p>\n<p>Pieg\u0101des uz Latviju parasti ierodas 10 darba dienu laik\u0101. Pieg\u0101de uz Eiropas valst\u012bm parasti aiz\u0146em apm\u0113ram 12-15 darba dienas. M\u0113s nodro\u0161in\u0101sim re\u0101llaika atjaunin\u0101jumus par j\u016bsu pieg\u0101des statusu.<\/p>\n<\/div>\n<\/div>\n<\/div>\n<\/div>\n<\/div>\n<p>&nbsp;<\/p>\n<p>Atrodiet vair\u0101k Vape produktu, kas jums var\u0113tu patikt:<strong><em><a href=\"https:\/\/rmvapesale.com\/lv\/shop-2\/\">iepirkties tagad &gt;&gt;&gt;<\/a><\/em><\/strong><\/p>","protected":false},"excerpt":{"rendered":"<p>Bood Twins 46000 Pufu digit\u0101l\u0101s vienreizlietojam\u0101s e-cigaretes vairumtirdzniec\u012bbas cena<br \/>\nBood Twins 46000 Pufu digit\u0101lais uzl\u0101d\u0113jamais vienreizlietojamais e-cigaretes l\u0113ts lielapjoma pirkums<br \/>\nBood 46000 2% zema nikot\u012bna pufu vienreizlietojam\u0101s e-cigaretes vienreizlietojam\u0101s e-cigaretes<\/p>\n<p><strong>Sazinieties ar Eimiju, lai ieg\u016btu pareizo atbildi un veipu kuponu!<\/strong><\/p>\n<p><img loading=\"lazy\" decoding=\"async\" class=\"size-full wp-image-2375\" src=\"https:\/\/rmvapesale.com\/wp-content\/uploads\/2024\/10\/image.png\" alt=\"Lab\u0101kais vienreiz\u0113jais vape\" width=\"229\" height=\"300\" \/><\/p>\n<h3><a href=\"https:\/\/wa.me\/8617776015835\"><span style=\"color: #ff0000\"><strong>WhatsApp: +86 17776015835<\/strong><\/span><\/a><\/h3>\n<p>&nbsp;<\/p>","protected":false},"featured_media":2896,"comment_status":"open","ping_status":"closed","template":"","meta":{"_uag_custom_page_level_css":"","_lmt_disableupdate":"no","_lmt_disable":"","site-sidebar-layout":"default","site-content-layout":"content-boxed-container","ast-site-content-layout":"normal-width-container","site-content-style":"boxed","site-sidebar-style":"unboxed","ast-global-header-display":"","ast-banner-title-visibility":"","ast-main-header-display":"","ast-hfb-above-header-display":"","ast-hfb-below-header-display":"","ast-hfb-mobile-header-display":"","site-post-title":"","ast-breadcrumbs-content":"","ast-featured-img":"","footer-sml-layout":"","theme-transparent-header-meta":"default","adv-header-id-meta":"","stick-header-meta":"","header-above-stick-meta":"","header-main-stick-meta":"","header-below-stick-meta":"","astra-migrate-meta-layouts":"set","ast-page-background-enabled":"default","ast-page-background-meta":{"desktop":{"background-color":"var(--ast-global-color-4)","background-image":"","background-repeat":"repeat","background-position":"center center","background-size":"auto","background-attachment":"scroll","background-type":"","background-media":"","overlay-type":"","overlay-color":"","overlay-opacity":"","overlay-gradient":""},"tablet":{"background-color":"","background-image":"","background-repeat":"repeat","background-position":"center center","background-size":"auto","background-attachment":"scroll","background-type":"","background-media":"","overlay-type":"","overlay-color":"","overlay-opacity":"","overlay-gradient":""},"mobile":{"background-color":"","background-image":"","background-repeat":"repeat","background-position":"center center","background-size":"auto","background-attachment":"scroll","background-type":"","background-media":"","overlay-type":"","overlay-color":"","overlay-opacity":"","overlay-gradient":""}},"ast-content-background-meta":{"desktop":{"background-color":"var(--ast-global-color-5)","background-image":"","background-repeat":"repeat","background-position":"center center","background-size":"auto","background-attachment":"scroll","background-type":"","background-media":"","overlay-type":"","overlay-color":"","overlay-opacity":"","overlay-gradient":""},"tablet":{"background-color":"var(--ast-global-color-5)","background-image":"","background-repeat":"repeat","background-position":"center center","background-size":"auto","background-attachment":"scroll","background-type":"","background-media":"","overlay-type":"","overlay-color":"","overlay-opacity":"","overlay-gradient":""},"mobile":{"background-color":"var(--ast-global-color-5)","background-image":"","background-repeat":"repeat","background-position":"center center","background-size":"auto","background-attachment":"scroll","background-type":"","background-media":"","overlay-type":"","overlay-color":"","overlay-opacity":"","overlay-gradient":""}},"_joinchat":[]},"product_brand":[],"product_cat":[15,265,259,260,25,123,26,28,135,27,137,136,30],"product_tag":[146,131,264,248,40,111,207],"class_list":{"0":"post-2912","1":"product","2":"type-product","3":"status-publish","4":"has-post-thumbnail","6":"product_cat-new-vape-this-week","7":"product_cat-bood-disposable-vape","8":"product_cat-46000-puff-disposable-vape","9":"product_cat-100k-puff-disposable-vape","10":"product_cat-germany-best-selling-vape","11":"product_cat-italy-wholesale-vape","12":"product_cat-netherlands-hot-sale-vape","13":"product_cat-poland-hot-sale-vape","14":"product_cat-spain-best-hot-sale-vape","15":"product_cat-fance-hot-sale-vape","16":"product_cat-rechargeable-vapes","17":"product_cat-smart-screen-vapes","18":"product_cat-minimum-order-quantity-50pcs","19":"product_tag-best-hot-sale-vape","20":"product_tag-big-puff-vape","21":"product_tag-bood-46000-disposable-vape","22":"product_tag-bood-vape","23":"product_tag-hot-sale-vape","24":"product_tag-low-nicotine-disposable-vape","25":"product_tag-puff-vape","26":"desktop-align-left","27":"tablet-align-left","28":"mobile-align-left","30":"first","31":"instock","32":"sale","33":"shipping-taxable","34":"purchasable","35":"product-type-simple"},"uagb_featured_image_src":{"full":["https:\/\/rmvapesale.com\/wp-content\/uploads\/2025\/01\/Bood-Twins-46000-Puff-2-in-1-Disposable-Vape.webp",1000,1000,false],"thumbnail":["https:\/\/rmvapesale.com\/wp-content\/uploads\/2025\/01\/Bood-Twins-46000-Puff-2-in-1-Disposable-Vape-150x150.webp",150,150,true],"medium":["https:\/\/rmvapesale.com\/wp-content\/uploads\/2025\/01\/Bood-Twins-46000-Puff-2-in-1-Disposable-Vape-300x300.webp",300,300,true],"medium_large":["https:\/\/rmvapesale.com\/wp-content\/uploads\/2025\/01\/Bood-Twins-46000-Puff-2-in-1-Disposable-Vape-768x768.webp",768,768,true],"large":["https:\/\/rmvapesale.com\/wp-content\/uploads\/2025\/01\/Bood-Twins-46000-Puff-2-in-1-Disposable-Vape.webp",1000,1000,false],"1536x1536":["https:\/\/rmvapesale.com\/wp-content\/uploads\/2025\/01\/Bood-Twins-46000-Puff-2-in-1-Disposable-Vape.webp",1000,1000,false],"2048x2048":["https:\/\/rmvapesale.com\/wp-content\/uploads\/2025\/01\/Bood-Twins-46000-Puff-2-in-1-Disposable-Vape.webp",1000,1000,false],"trp-custom-language-flag":["https:\/\/rmvapesale.com\/wp-content\/uploads\/2025\/01\/Bood-Twins-46000-Puff-2-in-1-Disposable-Vape.webp",12,12,false],"woocommerce_thumbnail":["https:\/\/rmvapesale.com\/wp-content\/uploads\/2025\/01\/Bood-Twins-46000-Puff-2-in-1-Disposable-Vape-300x300.webp",300,300,true],"woocommerce_single":["https:\/\/rmvapesale.com\/wp-content\/uploads\/2025\/01\/Bood-Twins-46000-Puff-2-in-1-Disposable-Vape-600x600.webp",600,600,true],"woocommerce_gallery_thumbnail":["https:\/\/rmvapesale.com\/wp-content\/uploads\/2025\/01\/Bood-Twins-46000-Puff-2-in-1-Disposable-Vape-100x100.webp",100,100,true],"wcpr-photo-reviews":["https:\/\/rmvapesale.com\/wp-content\/uploads\/2025\/01\/Bood-Twins-46000-Puff-2-in-1-Disposable-Vape.webp",500,500,false]},"uagb_author_info":{"display_name":"AMY","author_link":"https:\/\/rmvapesale.com\/lv\/author\/"},"uagb_comment_info":0,"uagb_excerpt":"Bood Twins 46000 Puff Digital Disposable Vape Wholesale Price Bood Twins 46000 Puff Digital Rechargeable Disposable Vape Bulk Buy Cheap Price Bood 46000 2% Low Nicotine Puff\u00a0 Disposable Vape Disposable Vape Contact Amy to get right reply and vape coupon! WhatsApp: +86 17776015835 &nbsp;","_links":{"self":[{"href":"https:\/\/rmvapesale.com\/lv\/wp-json\/wp\/v2\/product\/2912","targetHints":{"allow":["GET"]}}],"collection":[{"href":"https:\/\/rmvapesale.com\/lv\/wp-json\/wp\/v2\/product"}],"about":[{"href":"https:\/\/rmvapesale.com\/lv\/wp-json\/wp\/v2\/types\/product"}],"replies":[{"embeddable":true,"href":"https:\/\/rmvapesale.com\/lv\/wp-json\/wp\/v2\/comments?post=2912"}],"wp:featuredmedia":[{"embeddable":true,"href":"https:\/\/rmvapesale.com\/lv\/wp-json\/wp\/v2\/media\/2896"}],"wp:attachment":[{"href":"https:\/\/rmvapesale.com\/lv\/wp-json\/wp\/v2\/media?parent=2912"}],"wp:term":[{"taxonomy":"product_brand","embeddable":true,"href":"https:\/\/rmvapesale.com\/lv\/wp-json\/wp\/v2\/product_brand?post=2912"},{"taxonomy":"product_cat","embeddable":true,"href":"https:\/\/rmvapesale.com\/lv\/wp-json\/wp\/v2\/product_cat?post=2912"},{"taxonomy":"product_tag","embeddable":true,"href":"https:\/\/rmvapesale.com\/lv\/wp-json\/wp\/v2\/product_tag?post=2912"}],"curies":[{"name":"wp","href":"https:\/\/api.w.org\/{rel}","templated":true}]}}