{"id":2913,"date":"2025-01-08T09:44:46","date_gmt":"2025-01-08T09:44:46","guid":{"rendered":"https:\/\/rmvapesale.com\/?post_type=product&#038;p=2913"},"modified":"2025-01-09T09:05:59","modified_gmt":"2025-01-09T09:05:59","slug":"bang-box-35000-puffs-touch-screen-bulk-buy-price-rechargeable-disposable-vapes","status":"publish","type":"product","link":"https:\/\/rmvapesale.com\/lv\/product\/bang-box-35000-puffs-touch-screen-bulk-buy-price-rechargeable-disposable-vapes\/","title":{"rendered":"Bang Box 35000 uzp\u016btienu sk\u0101rienekr\u0101na vairum\u0101 pirkta cena uzl\u0101d\u0113jami vienreiz\u0113j\u0101s lieto\u0161anas veipi"},"content":{"rendered":"<div class=\"B2VR9 CJHX3e\">\n<div class=\"wyccme\">\n<div class=\"flex-shrink-0 flex flex-col relative items-end\">\n<div class=\"pt-0\">\n<div class=\"gizmo-bot-avatar flex h-8 w-8 items-center justify-center overflow-hidden rounded-full\">\n<div class=\"relative p-1 rounded-sm flex items-center justify-center bg-token-main-surface-primary text-token-text-primary h-8 w-8\">\n<div class=\"flex-shrink-0 flex flex-col relative items-end\">\n<div class=\"pt-0\">\n<div class=\"gizmo-bot-avatar flex h-8 w-8 items-center justify-center overflow-hidden rounded-full\">\n<h1 class=\"relative p-1 rounded-sm flex items-center justify-center bg-token-main-surface-primary text-token-text-primary h-8 w-8\">Bang Box 35000 uzp\u016btienu sk\u0101rienekr\u0101na vairum\u0101 pirkta cena uzl\u0101d\u0113jami vienreiz\u0113j\u0101s lieto\u0161anas veipi<\/h1>\n<\/div>\n<\/div>\n<\/div>\n<\/div>\n<\/div>\n<\/div>\n<\/div>\n<div class=\"group\/conversation-turn relative flex w-full min-w-0 flex-col agent-turn\">\n<div class=\"flex-col gap-1 md:gap-3\">\n<div class=\"flex max-w-full flex-col flex-grow\">\n<div class=\"min-h-8 text-message flex w-full flex-col items-end gap-2 whitespace-normal break-words text-start [.text-message+&amp;]:mt-5\" dir=\"auto\" data-message-author-role=\"assistant\" data-message-id=\"80ece0c4-ead1-4ed9-a9f0-ddc22582b4f4\" data-message-model-slug=\"gpt-4o\">\n<div class=\"flex w-full flex-col gap-1 empty:hidden first:pt-[3px]\">\n<div class=\"markdown prose w-full break-words dark:prose-invert light\">\n<p>&nbsp;<\/p>\n<p>\u0160is <strong>Bang Box 35000 Dvesmas<\/strong>, augst\u0101k\u0101s kvalit\u0101tes uzl\u0101d\u0113jams vienreiz lietojamais elektroniskais sm\u0113\u0137\u0113\u0161anas apar\u0101ts, kas paredz\u0113ts tiem, kuri pieprasa gar\u0161u, elast\u012bbu un \u0113rt\u012bbu. Ar t\u0101 <strong>digit\u0101lo displeju<\/strong>, lielo dvesmu skaitu un piel\u0101gojam\u0101m funkcij\u0101m, \u0161\u012b ier\u012bce ir lab\u0101k\u0101 izv\u0113le vaperiem, kas mekl\u0113 kvalit\u0101ti par pie\u0146emamu cenu <strong>vairumtirdzniec\u012bbas cena<\/strong>.<\/p>\n<p>Piedz\u012bvojiet <strong>milz\u012bgas 35 000 dvesmas<\/strong> uz katru ier\u012bci, padarot BangBox 35k par vienu no tirg\u016b visilg\u0101k kalpojo\u0161ajiem vienreizlietojamiem veipiem. Atvadaties no past\u0101v\u012bgas nomai\u0146as un sveiciniet ilgu dvesmo\u0161anas apmierin\u0101jumu! Ar <strong>LED sk\u0101rienj\u016bt\u012bgo ekr\u0101nu<\/strong> j\u016bs esat atbild\u012bgs. Viegli uzraugiet <strong>akumulatora darb\u012bbas laiku<\/strong>, <strong>e-\u0161\u0137idruma l\u012bme\u0146us<\/strong>un piel\u0101gojiet savu <strong>gaisa pl\u016bsmu<\/strong> un <strong>jaudas re\u017e\u012bmus<\/strong> Izbaudiet nevainojamu dvesmo\u0161anu ar tehnolo\u0123ij\u0101m pa rokai.<\/p>\n<p>Pateicoties <strong>dubult\u0101 sieta spir\u0101les tehnolo\u0123iju<\/strong>, katra dvesma nodro\u0161ina izcilu gar\u0161u un biezu tvaiku. BangBox 35000 p\u0101r\u012b ar 35 ml e-\u0161\u0137idruma tvertni nodro\u0161ina konsekventu un gar\u0161\u012bgu veiktsp\u0113ju bez bie\u017eas uzpildes. Apr\u012bkots ar <strong>700 mAh uzl\u0101d\u0113jams akumulators<\/strong> un <strong>C tipa uzl\u0101des ports<\/strong>, Bang Vape 35k nodro\u0161ina \u0101tru un efekt\u012bvu uzl\u0101di. Esiet nodro\u0161in\u0101ts ar ener\u0123iju visas dienas garum\u0101, gan m\u0101j\u0101s, gan ce\u013c\u0101.<\/p>\n<p>Bang Box 35000 dvesmas pied\u0101v\u0101 <strong>tr\u012bs regul\u0113jamus gaisa pl\u016bsmas re\u017e\u012bmus<\/strong>, dodot jums kontroli p\u0101r savu dvesmu. Neatkar\u012bgi no t\u0101, vai dodat priek\u0161roku stingr\u0101kam vai atv\u0113rt\u0101kam dvesmam, \u0161\u012b ier\u012bce piel\u0101gojas j\u016bsu stilam ar vienu klik\u0161\u0137i uz sk\u0101rienekr\u0101na. <span style=\"font-size: 16px\">Sver tikai <\/span><strong style=\"font-size: 16px\">105,5g<\/strong><span style=\"font-size: 16px\">, Bang Box ir viegls un \u0113rti p\u0101rn\u0113s\u0101jams. Ide\u0101li piem\u0113rots vairumtirgot\u0101jiem, <\/span><strong style=\"font-size: 16px\">lielapjoma iepakojuma opcijas<\/strong><span style=\"font-size: 16px\"> padara to par lielisku izv\u0113li <\/span><strong style=\"font-size: 16px\">lielapjoma pirkumiem<\/strong><span style=\"font-size: 16px\"> par nep\u0101rsp\u0113jam\u0101m cen\u0101m.<\/span><\/p>\n<\/div>\n<\/div>\n<\/div>\n<\/div>\n<\/div>\n<\/div>\n<div class=\"flex-shrink-0 flex flex-col relative items-end\">\n<div class=\"pt-0\">\n<div class=\"gizmo-bot-avatar flex h-8 w-8 items-center justify-center overflow-hidden rounded-full\">\n<p>&nbsp;<\/p>\n<\/div>\n<\/div>\n<\/div>\n<\/div>\n<\/div>\n<p><strong>Sazinieties ar Eimiju, lai ieg\u016btu pareizo atbildi un veipu kuponu!<\/strong><\/p>\n<p><img loading=\"lazy\" decoding=\"async\" class=\"size-full wp-image-1978\" src=\"https:\/\/rmvapesale.com\/wp-content\/uploads\/2024\/09\/Disposable-Vape-Wholesale.jpg\" alt=\"Vienreiz\u0113jais vape vairumtirdzniec\u012bba\" width=\"229\" height=\"300\" \/><\/p>\n<h3><a href=\"https:\/\/wa.me\/8617776015835\" target=\"_blank\" rel=\"noopener\"><span style=\"color: #ff0000\"><strong>WhatsApp: +86 17776015835<\/strong><\/span><\/a><\/h3>\n<p>&nbsp;<\/p>\n<h2><strong style=\"font-size: 1.7em\">Bang Box 35000 galven\u0101s iez\u012bmes<\/strong><\/h2>\n<h3><\/h3>\n<ul>\n<li><strong>Dvesienu skaits<\/strong>: L\u012bdz pat 35 000 uzp\u016btienu ilgsto\u0161ai lieto\u0161anai<\/li>\n<li><strong>Digit\u0101lais displejs<\/strong>: Akumulatora un e-\u0161\u0137idruma uzraudz\u012bba re\u0101llaik\u0101<\/li>\n<li><strong>E-\u0161\u0137idruma ietilp\u012bba<\/strong>: Liela 35 ml tvertne ar iepriek\u0161 iepild\u012btu \u0161\u0137idrumu<\/li>\n<li><strong>Spoles sist\u0113ma<\/strong>: Divk\u0101r\u0161a t\u012bkla spole uzlabotai gar\u0161ai un tvaikiem<\/li>\n<li><strong>Akumulators<\/strong>: 700 mAh uzl\u0101d\u0113jams ar C tipa uzl\u0101di<\/li>\n<li><strong>Gaisa pl\u016bsma<\/strong>: Tr\u012bs piel\u0101gojami re\u017e\u012bmi personaliz\u0113tai pieredzei<\/li>\n<li><strong>Sk\u0101rienekr\u0101ns<\/strong>: Intuit\u012bva vad\u012bba gaisa pl\u016bsmas un jaudas re\u017e\u012bmiem<\/li>\n<li><strong>P\u0101rnesam\u012bba<\/strong>: Viegls dizains lieto\u0161anai kust\u012bb\u0101<\/li>\n<li><strong>Vairumtirdzniec\u012bbai<\/strong>: Lielapjoma pirk\u0161anas iesp\u0113jas izmaksu zi\u0146\u0101 efekt\u012bvai pre\u010du papildin\u0101\u0161anai&nbsp;\n<p><img loading=\"lazy\" decoding=\"async\" class=\"wp-image-2940 size-full\" src=\"https:\/\/rmvapesale.com\/wp-content\/uploads\/2025\/01\/Bang-Vape-Disposable-Vapes-35000-Bulk-Buy.webp\" alt=\"Bang Vape Vienreiz\u0113j\u0101s lieto\u0161anas elektronisk\u0101s cigaretes 35000 Lielapjoma pirkums\" width=\"800\" height=\"496\" srcset=\"https:\/\/rmvapesale.com\/wp-content\/uploads\/2025\/01\/Bang-Vape-Disposable-Vapes-35000-Bulk-Buy.webp 800w, https:\/\/rmvapesale.com\/wp-content\/uploads\/2025\/01\/Bang-Vape-Disposable-Vapes-35000-Bulk-Buy-300x186.webp 300w, https:\/\/rmvapesale.com\/wp-content\/uploads\/2025\/01\/Bang-Vape-Disposable-Vapes-35000-Bulk-Buy-768x476.webp 768w, https:\/\/rmvapesale.com\/wp-content\/uploads\/2025\/01\/Bang-Vape-Disposable-Vapes-35000-Bulk-Buy-600x372.webp 600w\" sizes=\"auto, (max-width: 800px) 100vw, 800px\" \/><\/li>\n<\/ul>\n<h2><strong style=\"font-size: 1.7em\">Popul\u0101r\u0101k\u0101 gar\u0161a Bang Box 35k<\/strong><\/h2>\n<p>\u0160is Bang Box 35000 Puffs sk\u0101rienj\u016bt\u012bg\u0101 ekr\u0101na atk\u0101rtoti uzl\u0101d\u0113jamais vienreiz\u0113jais e-cigare\u0161u modelis ir pieejams <strong>12 aizraujo\u0161as gar\u0161as<\/strong>, pied\u0101v\u0101 da\u017e\u0101das iesp\u0113jas, lai apmierin\u0101tu da\u017e\u0101das gaumes. K\u0101da ir lab\u0101k\u0101 gar\u0161a BangBOX 35K? L\u016bdzu, atrodiet vispopul\u0101r\u0101ko gar\u0161u \u0161im atk\u0101rtoti uzl\u0101d\u0113jamam vienreiz\u0113jam e-cigare\u0161u modelim, pamatojoties uz m\u016bsu p\u0101rdo\u0161anas datiem un klientu atsauksm\u0113m.<\/p>\n<p>1. ZEME\u0145U KIVI<br \/>\n2. ZIL\u0100 AVE\u0145U LEDUS <span style=\"color: #ff0000\"><strong>&gt;&gt;&gt;&gt; Karst\u0101kais!<\/strong><\/span><br \/>\n3. ZEME\u0145U ARB\u016aZS<span style=\"color: #ff0000\"><strong>&gt;&gt;&gt;&gt; Karst\u0101kais!<\/strong><\/span><br \/>\n4. PASSIJAS AUG\u013bI<br \/>\n5. CITRONU KOLAS SODA<br \/>\n6.ARBUZU LEDUS<br \/>\n7.ARBUZU BUBBLE GUM<br \/>\n8.KIVI PASSIJAS AUG\u013bU GVAJAVA<br \/>\n9.MELE\u0145U LEDUS <strong> <span style=\"color: #ff0000\">&gt;&gt;&gt;&gt; Vislab\u0101kais!<\/span><\/strong><br \/>\n10.ARBUZU \u0136IR\u0160I<br \/>\n11.SARKANAIS V\u0112RSIS <span style=\"color: #ff0000\"><strong>&gt;&gt;&gt;&gt; Karst\u0101kais!<\/strong><\/span><br \/>\n12.M\u0112TRAS GREIPFR\u016aTS <span style=\"color: #ff0000\"><strong>&gt;&gt;&gt;&gt; Karst\u0101kais!<\/strong><\/span><\/p>\n<h3><\/h3>\n<h4><strong>K\u0101p\u0113c izv\u0113l\u0113ties Rmvapesale priek\u0161 Bang Box 35000 Puff\u00a0 <\/strong><strong>V<\/strong><strong>ape Vairumtirdzniec\u012bba<\/strong><strong>?<\/strong><\/h4>\n<div class=\"flex-shrink-0 flex flex-col relative items-end\">\n<div class=\"pt-0\">\n<div class=\"gizmo-bot-avatar flex h-8 w-8 items-center justify-center overflow-hidden rounded-full\">\n<div class=\"relative p-1 rounded-sm flex items-center justify-center bg-token-main-surface-primary text-token-text-primary h-8 w-8\">\n<p>Laipni l\u016bdzam Rmvapesale, j\u016bsu uzticamaj\u0101 tvaiku veikal\u0101, kur\u0101 ir pieejami augst\u0101k\u0101s kvalit\u0101tes vienreizlietojamie tvaiki. Ar vair\u0101k nek\u0101 5 gadu pieredzi m\u0113s pied\u0101v\u0101jam jums t\u0101dus popul\u0101rus vienreizlietojamo tvaiku z\u012bmolus k\u0101 Al Fakher, <a href=\"https:\/\/rmvapesale.com\/lv\/product-category\/bang-vapes\/\">Bang Vape<\/a>, Waspe, WGA Vape un<a href=\"https:\/\/rmvapesale.com\/lv\/product-category\/randm-fumot-vape\/\"> RandM Vape<\/a>.<\/p>\n<p>M\u016bsu sortiment\u0101 ir karsti p\u0101rdo\u0161anai paredz\u0113ti vienreiz\u0113j\u0101s lieto\u0161anas veipi, piem\u0113ram, <a href=\"https:\/\/rmvapesale.com\/lv\/product\/randm-tornado-15000-puffs-vape-wholesale\/\">RandM Tornado 15000<\/a> un gar\u0161\u0101m bag\u0101tas izv\u0113les, piem\u0113ram, <a href=\"https:\/\/rmvapesale.com\/lv\/product\/bood-twins-46000-puff-digital-disposable-vape-bulk-buy-wholesale-price\/\">Bood Twins 46000<\/a>. Katrs produkts tiek izv\u0113l\u0113ts, piev\u0113r\u0161ot uzman\u012bbu kvalit\u0101tei, v\u0113rt\u012bbai un daudzveid\u012bbai, nodro\u0161inot, ka j\u016bs atrad\u012bsiet sev piem\u0113rot\u0101ko. Atkl\u0101jiet izcilu servisu un pla\u0161u augst\u0101k\u0101s klases produktu kl\u0101stu Rmvapesale.<\/p>\n<p>&nbsp;<\/p>\n<h3><b style=\"font-size: 1.5em;font-style: inherit\">BUJ par Bang Box 35000 <\/b><b style=\"font-size: 1.5em;font-style: inherit\">Uzl\u0101d\u0113jams vienreiz\u0113j\u0101s lieto\u0161anas vape<\/b><\/h3>\n<\/div>\n<h3><\/h3>\n<p><strong>1. Cik dvesmas nodro\u0161ina Bang Box 35000?<\/strong><\/p>\n<p>Bang Box nodro\u0161ina l\u012bdz pat <strong>35 000 dvesmas<\/strong>, padarot to ide\u0101li piem\u0113rotu ilgsto\u0161ai lieto\u0161anai bez bie\u017eas nomai\u0146as.<\/p>\n<p><strong>2. Vai Bang Box 35000 var uzl\u0101d\u0113t?<\/strong><\/p>\n<p>J\u0101, tam ir <strong>700 mAh uzl\u0101d\u0113jams akumulators<\/strong> ar <strong>C tipa portu<\/strong> \u0101trai un \u0113rtai uzl\u0101dei.<\/p>\n<p><strong>3. K\u0101da ir digit\u0101l\u0101 displeja priek\u0161roc\u012bba?<\/strong><\/p>\n<p>\u0160is <strong>LED sk\u0101rienj\u016bt\u012bgs ekr\u0101ns<\/strong> \u013cauj bez piep\u016bles uzraudz\u012bt akumulatora uzl\u0101des l\u012bmeni, e-\u0161\u0137idruma l\u012bmeni un piel\u0101got gaisa pl\u016bsmu un jaudas re\u017e\u012bmus.<\/p>\n<p><strong>4. Vai es varu piel\u0101got gaisa pl\u016bsmu?<\/strong><\/p>\n<p>Protams! Bang Box ir apr\u012bkots ar <strong>tr\u012bs regul\u0113jamus gaisa pl\u016bsmas re\u017e\u012bmus<\/strong>, kas \u013cauj jums kontrol\u0113t savu iztvaiko\u0161anas pieredzi.<\/p>\n<p><strong>5. Kur es varu ieg\u0101d\u0101ties Bang Box 35000 par vairumtirdzniec\u012bbas cen\u0101m?<\/strong><\/p>\n<p>J\u016bs varat atrast <strong>Bang Box 35000 Dvesmas<\/strong> par konkur\u0113tsp\u0113j\u012bg\u0101m <strong>vairumtirdzniec\u012bbas cen\u0101m<\/strong> on <a href=\"https:\/\/rmvapesale.com\/lv\/\" target=\"_new\" rel=\"noopener\">Rmvapesale tie\u0161saistes veipu veikal\u0101<\/a>. Ieg\u0101d\u0101jieties t\u016bl\u012bt, lai ieg\u016btu lab\u0101kos pied\u0101v\u0101jumus!<\/p>\n<p><img loading=\"lazy\" decoding=\"async\" class=\"wp-image-2941 size-full\" src=\"https:\/\/rmvapesale.com\/wp-content\/uploads\/2025\/01\/Bang-Vape-Screen-Disposable-Vape-35000-Puffs.webp\" alt=\"Bang Vape Ekr\u0101na vienreiz\u0113j\u0101s lieto\u0161anas elektronisk\u0101 cigarete 35000 dvesmas\" width=\"800\" height=\"558\" srcset=\"https:\/\/rmvapesale.com\/wp-content\/uploads\/2025\/01\/Bang-Vape-Screen-Disposable-Vape-35000-Puffs.webp 800w, https:\/\/rmvapesale.com\/wp-content\/uploads\/2025\/01\/Bang-Vape-Screen-Disposable-Vape-35000-Puffs-300x209.webp 300w, https:\/\/rmvapesale.com\/wp-content\/uploads\/2025\/01\/Bang-Vape-Screen-Disposable-Vape-35000-Puffs-768x536.webp 768w, https:\/\/rmvapesale.com\/wp-content\/uploads\/2025\/01\/Bang-Vape-Screen-Disposable-Vape-35000-Puffs-600x419.webp 600w\" sizes=\"auto, (max-width: 800px) 100vw, 800px\" \/><\/p>\n<\/div>\n<\/div>\n<\/div>\n<h3>Par s\u016bt\u012bjumu<\/h3>\n<div class=\"flex-shrink-0 flex flex-col relative items-end\">\n<div>\n<div class=\"pt-0\">\n<div class=\"gizmo-bot-avatar flex h-8 w-8 items-center justify-center overflow-hidden rounded-full\">\n<div><\/div>\n<div class=\"relative p-1 rounded-sm flex items-center justify-center bg-token-main-surface-primary text-token-text-primary h-8 w-8\"><strong>1. K\u0101das pieg\u0101des metodes tiek izmantotas?<\/strong><\/div>\n<\/div>\n<\/div>\n<\/div>\n<\/div>\n<div class=\"group\/conversation-turn relative flex w-full min-w-0 flex-col agent-turn\">\n<div class=\"flex-col gap-1 md:gap-3\">\n<div class=\"flex max-w-full flex-col flex-grow\">\n<div class=\"min-h-[20px] text-message flex w-full flex-col items-end gap-2 whitespace-normal break-words [.text-message+&amp;]:mt-5 overflow-x-auto\" dir=\"auto\" data-message-author-role=\"assistant\" data-message-id=\"22f8283b-3233-46ff-89a5-c7a41b33abda\">\n<div class=\"flex w-full flex-col gap-1 empty:hidden first:pt-[3px]\">\n<div class=\"markdown prose w-full break-words dark:prose-invert light\">\n<p>M\u0113s sadarbojamies ar UPS, DHL, FedEx, DPD un citiem vado\u0161ajiem p\u0101rvad\u0101t\u0101jiem. M\u0113s izv\u0113l\u0113simies lab\u0101ko pieg\u0101des veidu, pamatojoties uz j\u016bsu pieg\u0101des vietu, lai nodro\u0161in\u0101tu, ka j\u016bs sa\u0146emat savus produktus p\u0113c iesp\u0113jas \u0101tr\u0101k.<\/p>\n<\/div>\n<p><strong>2. Cik ilgs laiks paiet, l\u012bdz tas pien\u0101k?<\/strong><\/p>\n<p>Pieg\u0101des uz Latviju parasti ierodas 10 darba dienu laik\u0101. Pieg\u0101de uz Eiropas valst\u012bm parasti aiz\u0146em apm\u0113ram 12-15 darba dienas. M\u0113s nodro\u0161in\u0101sim re\u0101llaika atjaunin\u0101jumus par j\u016bsu pieg\u0101des statusu.<\/p>\n<\/div>\n<\/div>\n<\/div>\n<\/div>\n<\/div>\n<p><strong><span style=\"color: #ff0000\">Citas popul\u0101ras vied\u0101s vienreiz\u0113j\u0101s lieto\u0161anas elektronisk\u0101s cigaretes: <a href=\"https:\/\/rmvapesale.com\/lv\/product\/vopk-ultra-40000-puffs-double-taste-digital-screen-spaceman-disposable-vape-wholesale\/\">VOPK 40000 40K dvesmas<\/a>, <a href=\"https:\/\/rmvapesale.com\/lv\/product\/bang-vape-36000-puffs-rechargeable-disposable-vape-wholesale-price\/\">Bang Vape 36k,\u00a0<\/a><\/span><\/strong><\/p>\n<p>&nbsp;<\/p>\n<p>Atrodiet vair\u0101k Vape produktu, kas jums var\u0113tu patikt:<strong><em><a href=\"https:\/\/rmvapesale.com\/lv\/shop-2\/\">iepirkties tagad &gt;&gt;&gt;<\/a><\/em><\/strong><\/p>","protected":false},"excerpt":{"rendered":"<p>Jauns Bang box 35k 35000 Dvesmas sk\u0101rienjut\u012bga vad\u012bba divu jaudas re\u017e\u012bms<br \/>\nBang Box 35000 Dvesmas sk\u0101rienjut\u012bga vad\u012bba vienreiz\u0113j\u0101s lieto\u0161anas tvaiku vairumtirdzniec\u012bba<br \/>\nBang box 35k Dvesmas sk\u0101rienjut\u012bga vad\u012bba tvaiku l\u0113ts pirkums<\/p>\n<p><strong>Sazinieties ar Eimiju, lai ieg\u016btu pareizo atbildi un veipu kuponu!<\/strong><\/p>\n<p><img loading=\"lazy\" decoding=\"async\" class=\"size-full wp-image-2375\" src=\"https:\/\/rmvapesale.com\/wp-content\/uploads\/2024\/10\/image.png\" alt=\"Lab\u0101kais vienreiz\u0113jais vape\" width=\"229\" height=\"300\" \/><\/p>\n<h3><a href=\"https:\/\/wa.me\/8617776015835\"><span style=\"color: #ff0000\"><strong>WhatsApp: +86 17776015835<\/strong><\/span><\/a><\/h3>\n<p>&nbsp;<\/p>","protected":false},"featured_media":2934,"comment_status":"open","ping_status":"closed","template":"","meta":{"_uag_custom_page_level_css":"","_lmt_disableupdate":"no","_lmt_disable":"","site-sidebar-layout":"default","site-content-layout":"content-boxed-container","ast-site-content-layout":"normal-width-container","site-content-style":"boxed","site-sidebar-style":"unboxed","ast-global-header-display":"","ast-banner-title-visibility":"","ast-main-header-display":"","ast-hfb-above-header-display":"","ast-hfb-below-header-display":"","ast-hfb-mobile-header-display":"","site-post-title":"","ast-breadcrumbs-content":"","ast-featured-img":"","footer-sml-layout":"","theme-transparent-header-meta":"default","adv-header-id-meta":"","stick-header-meta":"","header-above-stick-meta":"","header-main-stick-meta":"","header-below-stick-meta":"","astra-migrate-meta-layouts":"set","ast-page-background-enabled":"default","ast-page-background-meta":{"desktop":{"background-color":"var(--ast-global-color-4)","background-image":"","background-repeat":"repeat","background-position":"center center","background-size":"auto","background-attachment":"scroll","background-type":"","background-media":"","overlay-type":"","overlay-color":"","overlay-opacity":"","overlay-gradient":""},"tablet":{"background-color":"","background-image":"","background-repeat":"repeat","background-position":"center center","background-size":"auto","background-attachment":"scroll","background-type":"","background-media":"","overlay-type":"","overlay-color":"","overlay-opacity":"","overlay-gradient":""},"mobile":{"background-color":"","background-image":"","background-repeat":"repeat","background-position":"center center","background-size":"auto","background-attachment":"scroll","background-type":"","background-media":"","overlay-type":"","overlay-color":"","overlay-opacity":"","overlay-gradient":""}},"ast-content-background-meta":{"desktop":{"background-color":"var(--ast-global-color-5)","background-image":"","background-repeat":"repeat","background-position":"center center","background-size":"auto","background-attachment":"scroll","background-type":"","background-media":"","overlay-type":"","overlay-color":"","overlay-opacity":"","overlay-gradient":""},"tablet":{"background-color":"var(--ast-global-color-5)","background-image":"","background-repeat":"repeat","background-position":"center center","background-size":"auto","background-attachment":"scroll","background-type":"","background-media":"","overlay-type":"","overlay-color":"","overlay-opacity":"","overlay-gradient":""},"mobile":{"background-color":"var(--ast-global-color-5)","background-image":"","background-repeat":"repeat","background-position":"center center","background-size":"auto","background-attachment":"scroll","background-type":"","background-media":"","overlay-type":"","overlay-color":"","overlay-opacity":"","overlay-gradient":""}},"_joinchat":[]},"product_brand":[],"product_cat":[15,246,25,123,26,28,135,27,60,137,136,30],"product_tag":[267,199,146,131,40,111,266],"class_list":{"0":"post-2913","1":"product","2":"type-product","3":"status-publish","4":"has-post-thumbnail","6":"product_cat-new-vape-this-week","7":"product_cat-35000-puffs-disposable-vape","8":"product_cat-germany-best-selling-vape","9":"product_cat-italy-wholesale-vape","10":"product_cat-netherlands-hot-sale-vape","11":"product_cat-poland-hot-sale-vape","12":"product_cat-spain-best-hot-sale-vape","13":"product_cat-fance-hot-sale-vape","14":"product_cat-bang-vapes","15":"product_cat-rechargeable-vapes","16":"product_cat-smart-screen-vapes","17":"product_cat-minimum-order-quantity-50pcs","18":"product_tag-bang-box-35k","19":"product_tag-bang-vape","20":"product_tag-best-hot-sale-vape","21":"product_tag-big-puff-vape","22":"product_tag-hot-sale-vape","23":"product_tag-low-nicotine-disposable-vape","24":"product_tag-touch-screen-rechargeable-disposable-vape","25":"desktop-align-left","26":"tablet-align-left","27":"mobile-align-left","29":"first","30":"instock","31":"sale","32":"shipping-taxable","33":"purchasable","34":"product-type-simple"},"uagb_featured_image_src":{"full":["https:\/\/rmvapesale.com\/wp-content\/uploads\/2025\/01\/Bang-Box-Vape-35000-Puffs-Disposable-Vape-Bulk-Buy.webp",800,800,false],"thumbnail":["https:\/\/rmvapesale.com\/wp-content\/uploads\/2025\/01\/Bang-Box-Vape-35000-Puffs-Disposable-Vape-Bulk-Buy-150x150.webp",150,150,true],"medium":["https:\/\/rmvapesale.com\/wp-content\/uploads\/2025\/01\/Bang-Box-Vape-35000-Puffs-Disposable-Vape-Bulk-Buy-300x300.webp",300,300,true],"medium_large":["https:\/\/rmvapesale.com\/wp-content\/uploads\/2025\/01\/Bang-Box-Vape-35000-Puffs-Disposable-Vape-Bulk-Buy-768x768.webp",768,768,true],"large":["https:\/\/rmvapesale.com\/wp-content\/uploads\/2025\/01\/Bang-Box-Vape-35000-Puffs-Disposable-Vape-Bulk-Buy.webp",800,800,false],"1536x1536":["https:\/\/rmvapesale.com\/wp-content\/uploads\/2025\/01\/Bang-Box-Vape-35000-Puffs-Disposable-Vape-Bulk-Buy.webp",800,800,false],"2048x2048":["https:\/\/rmvapesale.com\/wp-content\/uploads\/2025\/01\/Bang-Box-Vape-35000-Puffs-Disposable-Vape-Bulk-Buy.webp",800,800,false],"trp-custom-language-flag":["https:\/\/rmvapesale.com\/wp-content\/uploads\/2025\/01\/Bang-Box-Vape-35000-Puffs-Disposable-Vape-Bulk-Buy.webp",12,12,false],"woocommerce_thumbnail":["https:\/\/rmvapesale.com\/wp-content\/uploads\/2025\/01\/Bang-Box-Vape-35000-Puffs-Disposable-Vape-Bulk-Buy-300x300.webp",300,300,true],"woocommerce_single":["https:\/\/rmvapesale.com\/wp-content\/uploads\/2025\/01\/Bang-Box-Vape-35000-Puffs-Disposable-Vape-Bulk-Buy-600x600.webp",600,600,true],"woocommerce_gallery_thumbnail":["https:\/\/rmvapesale.com\/wp-content\/uploads\/2025\/01\/Bang-Box-Vape-35000-Puffs-Disposable-Vape-Bulk-Buy-100x100.webp",100,100,true],"wcpr-photo-reviews":["https:\/\/rmvapesale.com\/wp-content\/uploads\/2025\/01\/Bang-Box-Vape-35000-Puffs-Disposable-Vape-Bulk-Buy.webp",500,500,false]},"uagb_author_info":{"display_name":"AMY","author_link":"https:\/\/rmvapesale.com\/lv\/author\/"},"uagb_comment_info":0,"uagb_excerpt":"New Bang box 35k 35000 Puffs Touch Control Two Power Mode Bang Box 35000 Puffs Touch Control Disposable Vape Wholesale Bang box 35k Puffs Touch Control Vape Bulk Buy Cheap Price Contact Amy to get right reply and vape coupon! WhatsApp: +86 17776015835 &nbsp;","_links":{"self":[{"href":"https:\/\/rmvapesale.com\/lv\/wp-json\/wp\/v2\/product\/2913","targetHints":{"allow":["GET"]}}],"collection":[{"href":"https:\/\/rmvapesale.com\/lv\/wp-json\/wp\/v2\/product"}],"about":[{"href":"https:\/\/rmvapesale.com\/lv\/wp-json\/wp\/v2\/types\/product"}],"replies":[{"embeddable":true,"href":"https:\/\/rmvapesale.com\/lv\/wp-json\/wp\/v2\/comments?post=2913"}],"wp:featuredmedia":[{"embeddable":true,"href":"https:\/\/rmvapesale.com\/lv\/wp-json\/wp\/v2\/media\/2934"}],"wp:attachment":[{"href":"https:\/\/rmvapesale.com\/lv\/wp-json\/wp\/v2\/media?parent=2913"}],"wp:term":[{"taxonomy":"product_brand","embeddable":true,"href":"https:\/\/rmvapesale.com\/lv\/wp-json\/wp\/v2\/product_brand?post=2913"},{"taxonomy":"product_cat","embeddable":true,"href":"https:\/\/rmvapesale.com\/lv\/wp-json\/wp\/v2\/product_cat?post=2913"},{"taxonomy":"product_tag","embeddable":true,"href":"https:\/\/rmvapesale.com\/lv\/wp-json\/wp\/v2\/product_tag?post=2913"}],"curies":[{"name":"wp","href":"https:\/\/api.w.org\/{rel}","templated":true}]}}