{"id":2948,"date":"2025-01-10T08:39:18","date_gmt":"2025-01-10T08:39:18","guid":{"rendered":"https:\/\/rmvapesale.com\/?post_type=product&#038;p=2948"},"modified":"2025-01-10T09:15:27","modified_gmt":"2025-01-10T09:15:27","slug":"crystal-vape-uwin-shisha-hookah-20k-20000-puffs-wholesale-best-price","status":"publish","type":"product","link":"https:\/\/rmvapesale.com\/lv\/product\/crystal-vape-uwin-shisha-hookah-20k-20000-puffs-wholesale-best-price\/","title":{"rendered":"Crystal Vape Uwin Shisha Hookah 20K 20000 Pufi Vairumtirdzniec\u012bba Lab\u0101k\u0101 cena"},"content":{"rendered":"<div class=\"B2VR9 CJHX3e\">\n<div class=\"wyccme\">\n<div class=\"flex-shrink-0 flex flex-col relative items-end\">\n<div class=\"pt-0\">\n<div class=\"gizmo-bot-avatar flex h-8 w-8 items-center justify-center overflow-hidden rounded-full\">\n<div class=\"relative p-1 rounded-sm flex items-center justify-center bg-token-main-surface-primary text-token-text-primary h-8 w-8\">\n<div class=\"flex-shrink-0 flex flex-col relative items-end\">\n<div class=\"pt-0\">\n<div class=\"gizmo-bot-avatar flex h-8 w-8 items-center justify-center overflow-hidden rounded-full\">\n<h1 class=\"relative p-1 rounded-sm flex items-center justify-center bg-token-main-surface-primary text-token-text-primary h-8 w-8\">Crystal Vape Uwin Shisha Hookah 20K 20000 Pufi Vairumtirdzniec\u012bba Lab\u0101k\u0101 cena<\/h1>\n<\/div>\n<\/div>\n<\/div>\n<\/div>\n<\/div>\n<\/div>\n<\/div>\n<div class=\"group\/conversation-turn relative flex w-full min-w-0 flex-col agent-turn\">\n<div class=\"flex-col gap-1 md:gap-3\">\n<div class=\"flex max-w-full flex-col flex-grow\">\n<div class=\"min-h-8 text-message flex w-full flex-col items-end gap-2 whitespace-normal break-words text-start [.text-message+&amp;]:mt-5\" dir=\"auto\" data-message-author-role=\"assistant\" data-message-id=\"80ece0c4-ead1-4ed9-a9f0-ddc22582b4f4\" data-message-model-slug=\"gpt-4o\">\n<div class=\"flex w-full flex-col gap-1 empty:hidden first:pt-[3px]\">\n<div class=\"markdown prose w-full break-words dark:prose-invert light\">\n<p>&nbsp;<\/p>\n<p>\u0160is <strong>Crystal Vape Uwin \u0160i\u0161as \u016bdensp\u012bpe 20K 20000 dvesmas<\/strong>, ir izcila vapinga ier\u012bce, kas apvieno progres\u012bvas tehnolo\u0123ijas, stilu un veiktsp\u0113ju. Ar savu iespaid\u012bgo <strong>digit\u0101lo displeju<\/strong>, piel\u0101gojam\u0101m funkcij\u0101m un lielo dvesmu skaitu, t\u0101 ir izstr\u0101d\u0101ta, lai apmierin\u0101tu gan ikdienas, gan pieredz\u0113ju\u0161u lietot\u0101ju vajadz\u012bbas.<\/p>\n<\/div>\n<p>Ar Uwin Crystal 20000 vape j\u016bs var\u0113siet baud\u012bt ilgsto\u0161u vapinga pieredzi ar l\u012bdz pat <strong>20 000 dvesm\u0101m<\/strong> uz vienu ier\u012bci. Sakiet ardievas bie\u017eai nomai\u0146ai un sveiciniet nep\u0101rtrauktu baud\u012bjumu! T\u0101 <strong>inovat\u012bvs digit\u0101lais displejs<\/strong> inform\u0113 par akumulatora darb\u012bbas laiku un lieto\u0161anu, nodro\u0161inot bezr\u016bp\u012bgu pieredzi. Zin\u0101t savas ier\u012bces statusu vien\u0101 acu uzmetien\u0101. Ar piel\u0101gojamiem gaisa pl\u016bsmas iestat\u012bjumiem Crystal Vape Uwin 20K piel\u0101gojas j\u016bsu v\u0113lm\u0113m. Neatkar\u012bgi no t\u0101, vai jums pat\u012bk stingr\u0101kas dvesmas vai atv\u0113rt\u0101ks trieciens, \u0161\u012b ier\u012bce to nodro\u0161ina.<\/p>\n<p>Apr\u012bkots ar <strong>0.8\u03a9 sieta spole<\/strong>, \u0161is uzl\u0101d\u0113jamais vienreiz\u0113j\u0101s lieto\u0161anas vape nodro\u0161ina uzlabotu tvaiku ra\u017eo\u0161anu un nep\u0101rsp\u0113jamu gar\u0161u. Katra dvesma ir maiga, bag\u0101t\u012bga un apmierino\u0161a. Darbin\u0101ta ar <strong>650mAh kobalta uzl\u0101d\u0113jamu akumulatoru<\/strong> un <strong>C tipa uzl\u0101des ports<\/strong>, Uwin Shisha Hookah ir vienm\u0113r gatava. \u0100tra un efekt\u012bva uzl\u0101de noz\u012bm\u0113 maz\u0101ku d\u012bkst\u0101vi. Ergonomisks un kompakts, Crystal Vape Uwin ir ar elegantu dizainu, kas ir gan stil\u012bgs, gan \u0113rts lieto\u0161an\u0101. T\u0101 ir gan stil\u012bga deta\u013ca, gan vapinga ier\u012bce. Pieejams <strong>0%, 2%, 3% un 5% nikot\u012bna stiprum\u0101<\/strong>, \u0161is vape atbilst katrai v\u0113lmei. Neatkar\u012bgi no t\u0101, vai v\u0113laties sp\u0113c\u012bgu triecienu vai maig\u0101ku pieredzi, tas ir nodro\u0161in\u0101ts.<\/p>\n<\/div>\n<p>Uzlabojiet savu vapinga sp\u0113li ar <strong>Crystal Vape Uwin \u0160i\u0161a \u016bdensp\u012bpe 20000<\/strong>\u0160\u012b ir ide\u0101la izv\u0113le veipot\u0101jiem, jo taj\u0101 apvienots stils, veiktsp\u0113ja un \u0113rt\u012bba. Nesteidzieties \u2014 pas\u016btiet savu jau \u0161odien!<\/p>\n<\/div>\n<\/div>\n<\/div>\n<\/div>\n<div class=\"flex-shrink-0 flex flex-col relative items-end\">\n<div class=\"pt-0\">\n<div class=\"gizmo-bot-avatar flex h-8 w-8 items-center justify-center overflow-hidden rounded-full\">\n<p>&nbsp;<\/p>\n<\/div>\n<\/div>\n<\/div>\n<\/div>\n<\/div>\n<p><strong>Sazinieties ar Eimiju, lai ieg\u016btu pareizo atbildi un veipu kuponu!<\/strong><\/p>\n<p><img loading=\"lazy\" decoding=\"async\" class=\"size-full wp-image-1978\" src=\"https:\/\/rmvapesale.com\/wp-content\/uploads\/2024\/09\/Disposable-Vape-Wholesale.jpg\" alt=\"Vienreiz\u0113jais vape vairumtirdzniec\u012bba\" width=\"229\" height=\"300\" \/><\/p>\n<h3><a href=\"https:\/\/wa.me\/8617776015835\" target=\"_blank\" rel=\"noopener\"><span style=\"color: #ff0000\"><strong>WhatsApp: +86 17776015835<\/strong><\/span><\/a><\/h3>\n<p>&nbsp;<\/p>\n<h2><strong style=\"font-size: 1.7em\">Crystal Vape Uwin 20000 galven\u0101s iez\u012bmes<\/strong><\/h2>\n<h3><\/h3>\n<ul>\n<li><strong>Dvesienu skaits<\/strong>: L\u012bdz 20 000 ilgsto\u0161ai lieto\u0161anai<\/li>\n<li><strong>Digit\u0101lais displejs<\/strong>: Akumulatora darb\u012bbas laika un lieto\u0161anas uzraudz\u012bba re\u0101llaik\u0101<\/li>\n<li><strong>E-\u0161\u0137idruma ietilp\u012bba<\/strong>: 22 ml iepriek\u0161 uzpild\u012bta tvertne ret\u0101k\u0101m uzpild\u012b\u0161anas reiz\u0113m<\/li>\n<li><strong>T\u012bkla spole<\/strong>: 0,8 \u03a9 spole bag\u0101t\u012bgai gar\u0161ai un bl\u012bviem tvaikiem<\/li>\n<li><strong>Uzl\u0101d\u0113jams akumulators<\/strong>: 650 mAh kobalta akumulators ar C tipa uzl\u0101di<\/li>\n<li><strong>Nikot\u012bna l\u012bme\u0146i<\/strong>: Pieejams 0%, 2%, 3% un 5%<\/li>\n<li><strong>Gar\u0161as<\/strong>: 12 gardas gar\u0161as, no kur\u0101m izv\u0113l\u0113ties<\/li>\n<li><strong>Regul\u0113jama gaisa pl\u016bsma<\/strong>: Piel\u0101gojami iestat\u012bjumi individu\u0101lai pieredzei<\/li>\n<li><strong>Kompakts dizains<\/strong>: Gluds un ergonomisks, lai nodro\u0161in\u0101tu p\u0101rnesam\u012bbu un stilu<\/li>\n<\/ul>\n<h2><strong style=\"font-size: 1.7em\">Uwin 20000 visvair\u0101k p\u0101rdot\u0101 gar\u0161a <\/strong><strong style=\"font-size: 1.7em\">Krist\u0101la Veips<\/strong><\/h2>\n<p>\u0160is vienreizlietojamais veips ir pieejams <strong>12 gar\u0161\u012bgas gar\u0161as<\/strong>, pied\u0101v\u0101 pla\u0161u iesp\u0113ju kl\u0101stu, lai apmierin\u0101tu da\u017e\u0101dus lietot\u0101jus. K\u0101da ir lab\u0101k\u0101 gar\u0161a Uwin Crystal 20000? L\u016bdzu, atrodiet visvair\u0101k p\u0101rdoto gar\u0161u sarakstu, pamatojoties uz m\u016bsu p\u0101rdo\u0161anas datiem un klientu atsauksm\u0113m.<\/p>\n<ol>\n<li>Arb\u016bzs <span style=\"color: #ff0000\"><strong>&gt;&gt;&gt;&gt; Karst\u0101kais!<\/strong><\/span><\/li>\n<li>Mango ledus<\/li>\n<li>Melle\u0146u ave\u0146u <span style=\"color: #ff0000\"><strong>&gt;&gt;&gt;&gt; Karst\u0101kais!<\/strong><\/span><\/li>\n<li>V\u012bnogu piparm\u0113tra<\/li>\n<li>Marakuja<\/li>\n<li>Zeme\u0146u Kivi<\/li>\n<li>Dubultais \u0100bols<\/li>\n<li>Persiku ledus<\/li>\n<li>Anan\u0101su kokosrieksts<\/li>\n<li>Jauktas ogas <strong><span style=\"color: #ff0000\">&gt;&gt;&gt;&gt; Vislab\u0101kais!<\/span><\/strong><\/li>\n<li>Citronu Piparm\u0113tra <span style=\"color: #ff0000\"><strong>&gt;&gt;&gt;&gt; Karst\u0101kais!<\/strong><\/span><\/li>\n<li>Apels\u012bnu spiediens<\/li>\n<\/ol>\n<figure id=\"attachment_2944\" aria-describedby=\"caption-attachment-2944\" style=\"width: 800px\" class=\"wp-caption alignnone\"><img loading=\"lazy\" decoding=\"async\" class=\"wp-image-2944 size-full\" src=\"https:\/\/rmvapesale.com\/wp-content\/uploads\/2025\/01\/Hookah-Shisha-Uwin-Crystal-20000-Puffs-Disposable-Vape.webp\" alt=\"\u016adensp\u012bpes Uwin Crystal 20000 d\u016bmu vienreiz\u0113j\u0101s lieto\u0161anas e-cigarete\" width=\"800\" height=\"800\" srcset=\"https:\/\/rmvapesale.com\/wp-content\/uploads\/2025\/01\/Hookah-Shisha-Uwin-Crystal-20000-Puffs-Disposable-Vape.webp 800w, https:\/\/rmvapesale.com\/wp-content\/uploads\/2025\/01\/Hookah-Shisha-Uwin-Crystal-20000-Puffs-Disposable-Vape-300x300.webp 300w, https:\/\/rmvapesale.com\/wp-content\/uploads\/2025\/01\/Hookah-Shisha-Uwin-Crystal-20000-Puffs-Disposable-Vape-150x150.webp 150w, https:\/\/rmvapesale.com\/wp-content\/uploads\/2025\/01\/Hookah-Shisha-Uwin-Crystal-20000-Puffs-Disposable-Vape-768x768.webp 768w, https:\/\/rmvapesale.com\/wp-content\/uploads\/2025\/01\/Hookah-Shisha-Uwin-Crystal-20000-Puffs-Disposable-Vape-600x600.webp 600w, https:\/\/rmvapesale.com\/wp-content\/uploads\/2025\/01\/Hookah-Shisha-Uwin-Crystal-20000-Puffs-Disposable-Vape-100x100.webp 100w\" sizes=\"auto, (max-width: 800px) 100vw, 800px\" \/><figcaption id=\"caption-attachment-2944\" class=\"wp-caption-text\">\u016adensp\u012bpes Uwin Crystal 20000 d\u016bmu vienreiz\u0113j\u0101s lieto\u0161anas e-cigarete<\/figcaption><\/figure>\n<h3><strong>K\u0101p\u0113c izv\u0113l\u0113ties Rmvapesale priek\u0161 Crystal Vape Uwin 20000 d\u016bmu\u00a0 <\/strong><strong>V<\/strong><strong>ape Vairumtirdzniec\u012bba<\/strong><strong>?<\/strong><\/h3>\n<div class=\"flex-shrink-0 flex flex-col relative items-end\">\n<div class=\"pt-0\">\n<div class=\"gizmo-bot-avatar flex h-8 w-8 items-center justify-center overflow-hidden rounded-full\">\n<p class=\"relative p-1 rounded-sm flex items-center justify-center bg-token-main-surface-primary text-token-text-primary h-8 w-8\">Laipni l\u016bdzam Rmvapesale, j\u016bsu uzticamaj\u0101 tvaiku veikal\u0101, kur\u0101 ir pieejami augst\u0101k\u0101s kvalit\u0101tes vienreizlietojamie tvaiki. Ar vair\u0101k nek\u0101 5 gadu pieredzi m\u0113s pied\u0101v\u0101jam jums t\u0101dus popul\u0101rus vienreizlietojamo tvaiku z\u012bmolus k\u0101 Al Fakher, <a href=\"https:\/\/rmvapesale.com\/lv\/product-category\/bang-vapes\/\">Bang Vape<\/a>, Waspe, WGA Vape un<a href=\"https:\/\/rmvapesale.com\/lv\/product-category\/randm-fumot-vape\/\"> RandM Vape<\/a>. M\u016bsu kl\u0101st\u0101 ietilpst karstie vienreiz\u0113j\u0101s lieto\u0161anas iztvaic\u0113t\u0101ji, piem\u0113ram, <a href=\"https:\/\/rmvapesale.com\/lv\/product\/bang-box-35000-puffs-touch-screen-bulk-buy-price-rechargeable-disposable-vapes\/\">Bang Box 35000 Dvesmas<\/a> un gar\u0161\u0101m bag\u0101tas izv\u0113les, piem\u0113ram,<a href=\"https:\/\/rmvapesale.com\/lv\/product\/bood-pulse-pro-50000-puff-50k-low-nicotine-disposable-vape-wholesale-bulk-buy-price\/\">\u00a0Bood Pulse PRO 50000<\/a>. Katrs produkts tiek izv\u0113l\u0113ts, piev\u0113r\u0161ot uzman\u012bbu kvalit\u0101tei, v\u0113rt\u012bbai un daudzveid\u012bbai, nodro\u0161inot, ka j\u016bs atrad\u012bsiet sev piem\u0113rot\u0101ko. Atkl\u0101jiet izcilu servisu un pla\u0161u augst\u0101k\u0101s klases produktu kl\u0101stu Rmvapesale.<\/p>\n<p>&nbsp;<\/p>\n<p class=\"relative p-1 rounded-sm flex items-center justify-center bg-token-main-surface-primary text-token-text-primary h-8 w-8\"><b style=\"font-size: 1.5em;font-style: inherit\">BUJ par Crystal Vape Uwin 20000 <\/b><b style=\"font-size: 1.5em;font-style: inherit\">Uzl\u0101d\u0113jams vienreiz\u0113j\u0101s lieto\u0161anas vape<\/b><\/p>\n<h3><\/h3>\n<h4><strong>1. Cik dvesmu nodro\u0161ina Crystal Vape Uwin Shisha Hookah 20K?<\/strong><\/h4>\n<p>Ier\u012bce nodro\u0161ina l\u012bdz pat <strong>20 000 dvesm\u0101m<\/strong>, padarot to par ilgsto\u0161u iesp\u0113ju ilgsto\u0161ai lieto\u0161anai.<\/p>\n<h4><strong>2. Vai \u0161im veipam ir digit\u0101lais displejs?<\/strong><\/h4>\n<p>J\u0101, tam ir <strong>viegli nolas\u0101ms digit\u0101lais displejs <\/strong>lai bez piep\u016bles uzraudz\u012btu akumulatora darb\u012bbas laiku un lieto\u0161anu.<\/p>\n<h4><strong>3. Vai es varu uzl\u0101d\u0113t akumulatoru?<\/strong><\/h4>\n<p>Protams! Tam ir <strong>650 mAh uzl\u0101d\u0113jams akumulators<\/strong> un <strong>C tipa portu<\/strong> \u0101trai un \u0113rtai uzl\u0101dei.<\/p>\n<h4><strong>4. Vai gaisa pl\u016bsma ir regul\u0113jama?<\/strong><\/h4>\n<p>J\u0101, Uwin Shisha Hookah 20K pied\u0101v\u0101 <strong>piel\u0101gojamus gaisa pl\u016bsmas iestat\u012bjumus<\/strong> lai atbilstu j\u016bsu veipo\u0161anas v\u0113lm\u0113m.<\/p>\n<h4><strong>5. Kur es varu ieg\u0101d\u0101ties Crystal Vape Uwin Shisha Hookah 20K par vairumtirdzniec\u012bbas cen\u0101m?<\/strong><\/h4>\n<p>J\u016bs varat atrast \u0161o produktu par lab\u0101kaj\u0101m cen\u0101m <strong>vairumtirdzniec\u012bbas cen\u0101m<\/strong> on <a href=\"https:\/\/rmvapesale.com\/lv\/\" target=\"_new\" rel=\"noopener\">Rmvapesale tie\u0161saistes veipu veikal\u0101<\/a>. Iep\u0113rcieties tagad, lai ieg\u016btu nep\u0101rsp\u0113jamus pied\u0101v\u0101jumus!<\/p>\n<p>&nbsp;<\/p>\n<\/div>\n<\/div>\n<\/div>\n<h3>Par s\u016bt\u012bjumu<\/h3>\n<div class=\"flex-shrink-0 flex flex-col relative items-end\">\n<div>\n<div class=\"pt-0\">\n<div class=\"gizmo-bot-avatar flex h-8 w-8 items-center justify-center overflow-hidden rounded-full\">\n<div><\/div>\n<div class=\"relative p-1 rounded-sm flex items-center justify-center bg-token-main-surface-primary text-token-text-primary h-8 w-8\"><strong>1. K\u0101das pieg\u0101des metodes tiek izmantotas?<\/strong><\/div>\n<\/div>\n<\/div>\n<\/div>\n<\/div>\n<div class=\"group\/conversation-turn relative flex w-full min-w-0 flex-col agent-turn\">\n<div class=\"flex-col gap-1 md:gap-3\">\n<div class=\"flex max-w-full flex-col flex-grow\">\n<div class=\"min-h-[20px] text-message flex w-full flex-col items-end gap-2 whitespace-normal break-words [.text-message+&amp;]:mt-5 overflow-x-auto\" dir=\"auto\" data-message-author-role=\"assistant\" data-message-id=\"22f8283b-3233-46ff-89a5-c7a41b33abda\">\n<div class=\"flex w-full flex-col gap-1 empty:hidden first:pt-[3px]\">\n<div class=\"markdown prose w-full break-words dark:prose-invert light\">\n<p>M\u0113s sadarbojamies ar UPS, DHL, FedEx, DPD un citiem vado\u0161ajiem p\u0101rvad\u0101t\u0101jiem. M\u0113s izv\u0113l\u0113simies lab\u0101ko pieg\u0101des veidu, pamatojoties uz j\u016bsu pieg\u0101des vietu, lai nodro\u0161in\u0101tu, ka j\u016bs sa\u0146emat savus produktus p\u0113c iesp\u0113jas \u0101tr\u0101k.<\/p>\n<\/div>\n<p><strong>2. Cik ilgs laiks paiet, l\u012bdz tas pien\u0101k?<\/strong><\/p>\n<p>Pieg\u0101des uz Latviju parasti ierodas 10 darba dienu laik\u0101. Pieg\u0101de uz Eiropas valst\u012bm parasti aiz\u0146em apm\u0113ram 12-15 darba dienas. M\u0113s nodro\u0161in\u0101sim re\u0101llaika atjaunin\u0101jumus par j\u016bsu pieg\u0101des statusu.<\/p>\n<\/div>\n<\/div>\n<\/div>\n<\/div>\n<\/div>\n<p>&nbsp;<\/p>\n<p>Atrodiet vair\u0101k Vape produktu, kas jums var\u0113tu patikt:<strong><em><a href=\"https:\/\/rmvapesale.com\/lv\/shop-2\/\">iepirkties tagad &gt;&gt;&gt;<\/a><\/em><\/strong><\/p>","protected":false},"excerpt":{"rendered":"<p>Uwin Shisha Hookah Crystal 20000 dvesmu lielapjoms<br \/>\nUwin Crystal 20000 dvesmu vienreiz\u0113j\u0101s lieto\u0161anas Vape E \u0160i\u0161as \u016bdensp\u012bpe<br \/>\nLab\u0101k\u0101 vairumtirdzniec\u012bbas cena Uwin Shisha Hookah Crystal 20K 20000 dvesmas<\/p>\n<p><strong>Sazinieties ar Eimiju, lai ieg\u016btu pareizo atbildi un veipu kuponu!<\/strong><\/p>\n<p><img loading=\"lazy\" decoding=\"async\" class=\"size-full wp-image-2375\" src=\"https:\/\/rmvapesale.com\/wp-content\/uploads\/2024\/10\/image.png\" alt=\"Lab\u0101kais vienreiz\u0113jais vape\" width=\"229\" height=\"300\" \/><\/p>\n<h3><a href=\"https:\/\/wa.me\/8617776015835\"><span style=\"color: #ff0000\"><strong>WhatsApp: +86 17776015835<\/strong><\/span><\/a><\/h3>\n<p>&nbsp;<\/p>","protected":false},"featured_media":2943,"comment_status":"open","ping_status":"closed","template":"","meta":{"_uag_custom_page_level_css":"","_lmt_disableupdate":"no","_lmt_disable":"","site-sidebar-layout":"default","site-content-layout":"content-boxed-container","ast-site-content-layout":"normal-width-container","site-content-style":"boxed","site-sidebar-style":"unboxed","ast-global-header-display":"","ast-banner-title-visibility":"","ast-main-header-display":"","ast-hfb-above-header-display":"","ast-hfb-below-header-display":"","ast-hfb-mobile-header-display":"","site-post-title":"","ast-breadcrumbs-content":"","ast-featured-img":"","footer-sml-layout":"","theme-transparent-header-meta":"default","adv-header-id-meta":"","stick-header-meta":"","header-above-stick-meta":"","header-main-stick-meta":"","header-below-stick-meta":"","astra-migrate-meta-layouts":"set","ast-page-background-enabled":"default","ast-page-background-meta":{"desktop":{"background-color":"var(--ast-global-color-4)","background-image":"","background-repeat":"repeat","background-position":"center center","background-size":"auto","background-attachment":"scroll","background-type":"","background-media":"","overlay-type":"","overlay-color":"","overlay-opacity":"","overlay-gradient":""},"tablet":{"background-color":"","background-image":"","background-repeat":"repeat","background-position":"center center","background-size":"auto","background-attachment":"scroll","background-type":"","background-media":"","overlay-type":"","overlay-color":"","overlay-opacity":"","overlay-gradient":""},"mobile":{"background-color":"","background-image":"","background-repeat":"repeat","background-position":"center center","background-size":"auto","background-attachment":"scroll","background-type":"","background-media":"","overlay-type":"","overlay-color":"","overlay-opacity":"","overlay-gradient":""}},"ast-content-background-meta":{"desktop":{"background-color":"var(--ast-global-color-5)","background-image":"","background-repeat":"repeat","background-position":"center center","background-size":"auto","background-attachment":"scroll","background-type":"","background-media":"","overlay-type":"","overlay-color":"","overlay-opacity":"","overlay-gradient":""},"tablet":{"background-color":"var(--ast-global-color-5)","background-image":"","background-repeat":"repeat","background-position":"center center","background-size":"auto","background-attachment":"scroll","background-type":"","background-media":"","overlay-type":"","overlay-color":"","overlay-opacity":"","overlay-gradient":""},"mobile":{"background-color":"var(--ast-global-color-5)","background-image":"","background-repeat":"repeat","background-position":"center center","background-size":"auto","background-attachment":"scroll","background-type":"","background-media":"","overlay-type":"","overlay-color":"","overlay-opacity":"","overlay-gradient":""}},"_joinchat":[]},"product_brand":[],"product_cat":[15,255,25,123,26,28,135,27,60,137,136,30],"product_tag":[146,40,111,103,269,268],"class_list":{"0":"post-2948","1":"product","2":"type-product","3":"status-publish","4":"has-post-thumbnail","6":"product_cat-new-vape-this-week","7":"product_cat-20000-puff-disposable-vape","8":"product_cat-germany-best-selling-vape","9":"product_cat-italy-wholesale-vape","10":"product_cat-netherlands-hot-sale-vape","11":"product_cat-poland-hot-sale-vape","12":"product_cat-spain-best-hot-sale-vape","13":"product_cat-fance-hot-sale-vape","14":"product_cat-bang-vapes","15":"product_cat-rechargeable-vapes","16":"product_cat-smart-screen-vapes","17":"product_cat-minimum-order-quantity-50pcs","18":"product_tag-best-hot-sale-vape","19":"product_tag-hot-sale-vape","20":"product_tag-low-nicotine-disposable-vape","21":"product_tag-shisha-hookah","22":"product_tag-uwin-crystal-20000","23":"product_tag-uwin-shisha-hookah-20k","24":"desktop-align-left","25":"tablet-align-left","26":"mobile-align-left","28":"first","29":"instock","30":"sale","31":"shipping-taxable","32":"purchasable","33":"product-type-simple"},"uagb_featured_image_src":{"full":["https:\/\/rmvapesale.com\/wp-content\/uploads\/2025\/01\/Hookah-Shisha-Uwin-Crystal-20000-Puffs-Disposable-Vape-Bulk-Buy.webp",800,800,false],"thumbnail":["https:\/\/rmvapesale.com\/wp-content\/uploads\/2025\/01\/Hookah-Shisha-Uwin-Crystal-20000-Puffs-Disposable-Vape-Bulk-Buy-150x150.webp",150,150,true],"medium":["https:\/\/rmvapesale.com\/wp-content\/uploads\/2025\/01\/Hookah-Shisha-Uwin-Crystal-20000-Puffs-Disposable-Vape-Bulk-Buy-300x300.webp",300,300,true],"medium_large":["https:\/\/rmvapesale.com\/wp-content\/uploads\/2025\/01\/Hookah-Shisha-Uwin-Crystal-20000-Puffs-Disposable-Vape-Bulk-Buy-768x768.webp",768,768,true],"large":["https:\/\/rmvapesale.com\/wp-content\/uploads\/2025\/01\/Hookah-Shisha-Uwin-Crystal-20000-Puffs-Disposable-Vape-Bulk-Buy.webp",800,800,false],"1536x1536":["https:\/\/rmvapesale.com\/wp-content\/uploads\/2025\/01\/Hookah-Shisha-Uwin-Crystal-20000-Puffs-Disposable-Vape-Bulk-Buy.webp",800,800,false],"2048x2048":["https:\/\/rmvapesale.com\/wp-content\/uploads\/2025\/01\/Hookah-Shisha-Uwin-Crystal-20000-Puffs-Disposable-Vape-Bulk-Buy.webp",800,800,false],"trp-custom-language-flag":["https:\/\/rmvapesale.com\/wp-content\/uploads\/2025\/01\/Hookah-Shisha-Uwin-Crystal-20000-Puffs-Disposable-Vape-Bulk-Buy.webp",12,12,false],"woocommerce_thumbnail":["https:\/\/rmvapesale.com\/wp-content\/uploads\/2025\/01\/Hookah-Shisha-Uwin-Crystal-20000-Puffs-Disposable-Vape-Bulk-Buy-300x300.webp",300,300,true],"woocommerce_single":["https:\/\/rmvapesale.com\/wp-content\/uploads\/2025\/01\/Hookah-Shisha-Uwin-Crystal-20000-Puffs-Disposable-Vape-Bulk-Buy-600x600.webp",600,600,true],"woocommerce_gallery_thumbnail":["https:\/\/rmvapesale.com\/wp-content\/uploads\/2025\/01\/Hookah-Shisha-Uwin-Crystal-20000-Puffs-Disposable-Vape-Bulk-Buy-100x100.webp",100,100,true],"wcpr-photo-reviews":["https:\/\/rmvapesale.com\/wp-content\/uploads\/2025\/01\/Hookah-Shisha-Uwin-Crystal-20000-Puffs-Disposable-Vape-Bulk-Buy.webp",500,500,false]},"uagb_author_info":{"display_name":"AMY","author_link":"https:\/\/rmvapesale.com\/lv\/author\/"},"uagb_comment_info":0,"uagb_excerpt":"Uwin Shisha Hookah Crystal 20000 Puff Bulk Uwin Crystal 20000 Puffs Disposable Vape E Shisha Hookah Best Wholesale Price Uwin Shisha Hookah Crystal 20K 20000 Puffs Contact Amy to get right reply and vape coupon! WhatsApp: +86 17776015835 &nbsp;","_links":{"self":[{"href":"https:\/\/rmvapesale.com\/lv\/wp-json\/wp\/v2\/product\/2948","targetHints":{"allow":["GET"]}}],"collection":[{"href":"https:\/\/rmvapesale.com\/lv\/wp-json\/wp\/v2\/product"}],"about":[{"href":"https:\/\/rmvapesale.com\/lv\/wp-json\/wp\/v2\/types\/product"}],"replies":[{"embeddable":true,"href":"https:\/\/rmvapesale.com\/lv\/wp-json\/wp\/v2\/comments?post=2948"}],"wp:featuredmedia":[{"embeddable":true,"href":"https:\/\/rmvapesale.com\/lv\/wp-json\/wp\/v2\/media\/2943"}],"wp:attachment":[{"href":"https:\/\/rmvapesale.com\/lv\/wp-json\/wp\/v2\/media?parent=2948"}],"wp:term":[{"taxonomy":"product_brand","embeddable":true,"href":"https:\/\/rmvapesale.com\/lv\/wp-json\/wp\/v2\/product_brand?post=2948"},{"taxonomy":"product_cat","embeddable":true,"href":"https:\/\/rmvapesale.com\/lv\/wp-json\/wp\/v2\/product_cat?post=2948"},{"taxonomy":"product_tag","embeddable":true,"href":"https:\/\/rmvapesale.com\/lv\/wp-json\/wp\/v2\/product_tag?post=2948"}],"curies":[{"name":"wp","href":"https:\/\/api.w.org\/{rel}","templated":true}]}}