{"id":2955,"date":"2025-01-13T06:29:57","date_gmt":"2025-01-13T06:29:57","guid":{"rendered":"https:\/\/rmvapesale.com\/?post_type=product&#038;p=2955"},"modified":"2025-01-13T07:21:49","modified_gmt":"2025-01-13T07:21:49","slug":"bangking-35000-puffs-double-flavour-disposable-vape-wholesale-cheap-price","status":"publish","type":"product","link":"https:\/\/rmvapesale.com\/lv\/product\/bangking-35000-puffs-double-flavour-disposable-vape-wholesale-cheap-price\/","title":{"rendered":"Bangking 35000 dvesienu divu gar\u0161u vienreiz\u0113j\u0101s lieto\u0161anas vape vairumtirdzniec\u012bba par zemu cenu"},"content":{"rendered":"<div class=\"B2VR9 CJHX3e\">\n<div class=\"wyccme\">\n<div class=\"flex-shrink-0 flex flex-col relative items-end\">\n<div class=\"pt-0\">\n<div class=\"gizmo-bot-avatar flex h-8 w-8 items-center justify-center overflow-hidden rounded-full\">\n<div class=\"relative p-1 rounded-sm flex items-center justify-center bg-token-main-surface-primary text-token-text-primary h-8 w-8\">\n<div class=\"flex-shrink-0 flex flex-col relative items-end\">\n<div class=\"pt-0\">\n<div class=\"gizmo-bot-avatar flex h-8 w-8 items-center justify-center overflow-hidden rounded-full\">\n<h1 class=\"relative p-1 rounded-sm flex items-center justify-center bg-token-main-surface-primary text-token-text-primary h-8 w-8\">Bangking 35000 dvesienu divu gar\u0161u vienreiz\u0113j\u0101s lieto\u0161anas vape vairumtirdzniec\u012bba par zemu cenu<\/h1>\n<\/div>\n<\/div>\n<\/div>\n<\/div>\n<\/div>\n<\/div>\n<\/div>\n<div class=\"group\/conversation-turn relative flex w-full min-w-0 flex-col agent-turn\">\n<div class=\"flex-col gap-1 md:gap-3\">\n<div class=\"flex max-w-full flex-col flex-grow\">\n<div class=\"min-h-8 text-message flex w-full flex-col items-end gap-2 whitespace-normal break-words text-start [.text-message+&amp;]:mt-5\" dir=\"auto\" data-message-author-role=\"assistant\" data-message-id=\"80ece0c4-ead1-4ed9-a9f0-ddc22582b4f4\" data-message-model-slug=\"gpt-4o\">\n<p>Mekl\u0113jat e-cigareti, kas atbilst j\u016bsu dz\u012bvesveidam? Iepaz\u012bstieties ar <strong>Bangking 35000 dvesmu divk\u0101r\u0161as gar\u0161as vienreizlietojamo e-cigareti<\/strong>\u2014kas maina sp\u0113li vienreizlietojamo e-cigare\u0161u pasaul\u0113! \u0160\u012b ier\u012bce ir \u0161eit, lai sniegtu jums <strong>mas\u012bvas dvesmas<\/strong>, <strong>divas neticamas gar\u0161as vien\u0101<\/strong>, un <strong>piel\u0101gojami nikot\u012bna l\u012bme\u0146i<\/strong>. Viss par cenu, kas nesaboj\u0101s j\u016bsu maci\u0146u!<\/p>\n<h2><strong>K\u0101p\u0113c izv\u0113l\u0113ties Bangking 35000 dvesmas?<\/strong><\/h2>\n<ul>\n<li><strong>Divk\u0101r\u0161a gar\u0161a, dubult\u0101 jautr\u012bba<\/strong><br \/>\nApnicis pietur\u0113ties tikai pie vienas gar\u0161as? Ar <strong>2-vien\u0101 gar\u0161u tehnolo\u0123iju<\/strong>, j\u016bs varat p\u0101rsl\u0113gties starp div\u0101m gard\u0101m opcij\u0101m vien\u0101 ier\u012bc\u0113. Tas ir t\u0101, it k\u0101 jums kabat\u0101 b\u016btu divas e-cigaretes!<\/li>\n<li><strong>Nep\u0101rsp\u0113jams dvesmu skaits<\/strong><br \/>\nAr <strong>35 000 dvesmas<\/strong>, \u0161\u012b e-cigarete ir veidota, lai kalpotu ilgi. Tas nav tikai liels dvesmu skaits, tas ir liels ieguvums!<\/li>\n<li><strong>Uzl\u0101d\u0113jams un \u0113rts<\/strong><br \/>\nIeb\u016bv\u0113tais <strong>650 mAh akumulators<\/strong> un <strong>C tipa uzl\u0101des ports<\/strong> noz\u012bm\u0113, ka j\u016bs nekad nepaliksiet bez tvaika. Uzl\u0101d\u0113jiet to \u0101tri un turpiniet tvaic\u0113t!<\/li>\n<li><strong>Nikot\u012bns p\u0113c j\u016bsu izv\u0113les<\/strong><br \/>\nNeatkar\u012bgi no t\u0101, vai jums pat\u012bk sp\u0113c\u012bgs vai viegls piesk\u0101riens, Bangking pied\u0101v\u0101 <strong>0%, 2% un 5% nikot\u012bna opcijas<\/strong>. T\u0101 ir j\u016bsu izv\u0113le.<\/li>\n<li><strong>Gar\u0161as, kas p\u0101rsteidz<\/strong><br \/>\nNo aug\u013cu kombin\u0101cij\u0101m l\u012bdz atsvaidzino\u0161iem piparm\u0113tru spr\u0101dzieniem \u2014 ir pieejamas <strong>12 p\u0101rsteidzo\u0161as gar\u0161as<\/strong> , ko izp\u0113t\u012bt. \u0160eit nav garlaic\u012bgu iesp\u0113ju!<\/li>\n<\/ul>\n<\/div>\n<\/div>\n<\/div>\n<\/div>\n<div class=\"flex-shrink-0 flex flex-col relative items-end\">\n<div class=\"pt-0\">\n<div class=\"gizmo-bot-avatar flex h-8 w-8 items-center justify-center overflow-hidden rounded-full\">\n<p>&nbsp;<\/p>\n<\/div>\n<\/div>\n<\/div>\n<\/div>\n<\/div>\n<p><strong>Sazinieties ar Eimiju, lai ieg\u016btu pareizo atbildi un veipu kuponu!<\/strong><\/p>\n<p><img loading=\"lazy\" decoding=\"async\" class=\"size-full wp-image-1978\" src=\"https:\/\/rmvapesale.com\/wp-content\/uploads\/2024\/09\/Disposable-Vape-Wholesale.jpg\" alt=\"Vienreiz\u0113jais vape vairumtirdzniec\u012bba\" width=\"229\" height=\"300\" \/><\/p>\n<h3><a href=\"https:\/\/wa.me\/8617776015835\" target=\"_blank\" rel=\"noopener\"><span style=\"color: #ff0000\"><strong>WhatsApp: +86 17776015835<\/strong><\/span><\/a><\/h3>\n<p>&nbsp;<\/p>\n<h3><strong style=\"font-size: 1.7em\">Bangking 35000 Puffs galven\u0101s produkta funkcijas<\/strong><\/h3>\n<ul>\n<li><strong>2-in-1 gar\u0161as dizains:<\/strong> Izbaudiet divas gar\u0161as vien\u0101 ier\u012bc\u0113.<\/li>\n<li><strong>35 000 dvesmu:<\/strong> Tvaiks, kas turpin\u0101s un turpin\u0101s!<\/li>\n<li><strong>Piel\u0101gojami nikot\u012bna l\u012bme\u0146i:<\/strong> Izv\u0113lieties no 0%, 2% vai 5%.<\/li>\n<li><strong>Uzl\u0101d\u0113jams akumulators:<\/strong> C tipa uzl\u0101de maksim\u0101l\u0101m \u0113rt\u012bb\u0101m.<\/li>\n<li><strong>Pieejama vairumtirdzniec\u012bbas cena:<\/strong> Lieliski piem\u0113rots person\u012bgai lieto\u0161anai vai lielapjoma pirkumiem.<\/li>\n<\/ul>\n<h3><strong style=\"font-size: 1.7em\">Popul\u0101r\u0101k\u0101 gar\u0161a Bangking 35000 Puffs<\/strong><strong style=\"font-size: 1.7em\">\u00a0Iztvaic\u0113t\u0101js<\/strong><\/h3>\n<p>\u0160is <strong>Bangking 35000 Puffs Dual Flavour vienreizlietojamais veips<\/strong> pied\u0101v\u0101 drosm\u012bgu un aizraujo\u0161u gar\u0161u kombin\u0101ciju kl\u0101stu, \u013caujot jums baud\u012bt divas neticamas gar\u0161as vien\u0101 ier\u012bc\u0113. No aug\u013cu iecien\u012bt\u0101kaj\u0101m gar\u0161\u0101m l\u012bdz ledus v\u0113sajiem mais\u012bjumiem \u2013 katrs atrad\u012bs kaut ko sev! <strong>Ar ko \u0161\u012bs gar\u0161as ir \u012bpa\u0161as? <\/strong><strong>Divreiz vair\u0101k prieka<\/strong>: Izbaudiet divas at\u0161\u0137ir\u012bgas gar\u0161as vien\u0101 ier\u012bc\u0113. <strong>Popul\u0101r\u0101k\u0101 un vislab\u0101k p\u0101rdot\u0101 gar\u0161a<\/strong>: Kombin\u0101cijas, piem\u0113ram <strong>\u0136ir\u0161u bumba + v\u012bnogu ledus<\/strong> un <strong>Red Bull + persiku oga<\/strong> ir fanu iecien\u012bti iemeslu d\u0113\u013c!<\/p>\n<p>1. Zilais ave\u0146u ledus + sul\u012bgs persiku ledus<br \/>\n2. Zeme\u0146u arb\u016bzs + arb\u016bzu ledus <span style=\"color: #ff0000\"><strong>&gt;&gt;&gt;&gt; Karst\u0101kais!<\/strong><\/span><br \/>\n3. Zeme\u0146u ban\u0101ns + dubultais \u0101bols<br \/>\n4. Tr\u012bsk\u0101r\u0161o ogu ledus + tropu aug\u013ci<br \/>\n5. \u0136ir\u0161u bumba + v\u012bnogu ledus<span style=\"color: #ff0000\"><strong>&gt;&gt;&gt;&gt; Karst\u0101kais!<\/strong><\/span><br \/>\n6. Persiku mango + zeme\u0146u mango<br \/>\n7. Mango laims + v\u0113sa piparm\u0113tra<br \/>\n8. \u0136ir\u0161u pops + Mr Blue<br \/>\n9. Meln\u0101 p\u016b\u0137a ledus + zeme\u0146u kivi<br \/>\n10. Red Bull + persiku oga <span style=\"color: #ff0000\"><strong>&gt;&gt;&gt;&gt; Vislab\u0101kais!<\/strong><\/span><br \/>\n11. Roz\u0101 citrons + Mr Blue<br \/>\n12. Kivi marakujas gvajava + zilo \u0137ir\u0161u citrons<\/p>\n<p>&nbsp;<\/p>\n<h3><strong>K\u0101p\u0113c izv\u0113l\u0113ties Rmvapesale Bangking 35000 dvesm\u0101m\u00a0 <\/strong><strong>V<\/strong><strong>ape Vairumtirdzniec\u012bba<\/strong><strong>?<\/strong><\/h3>\n<div class=\"flex-shrink-0 flex flex-col relative items-end\">\n<div class=\"pt-0\">\n<div class=\"gizmo-bot-avatar flex h-8 w-8 items-center justify-center overflow-hidden rounded-full\">\n<p>Pieaugot konkurencei vienreiz\u0113j\u0101s lieto\u0161anas e-cigare\u0161u tirg\u016b, Rmvapesale, glob\u0101lais l\u012bderis vienreiz\u0113j\u0101s lieto\u0161anas iztvaic\u0113t\u0101ju vairumtirdzniec\u012bbas risin\u0101jumos, ir laidis klaj\u0101 Smart Screen vienreiz\u0113j\u0101s lieto\u0161anas iztvaic\u0113t\u0101ju Bang King 35000. \u0160is novatoriskais produkts piesaista uzman\u012bbu ar savu unik\u0101lo est\u0113tiku un modes dizainu. Pied\u0101v\u0101jot pla\u0161u aug\u013cu gar\u0161u kl\u0101stu, tas apmierina pla\u0161u pat\u0113r\u0113t\u0101ju gaumi, vienlaikus uzsverot inov\u0101cijas un daudzpus\u012bbu.<\/p>\n<p class=\"relative p-1 rounded-sm flex items-center justify-center bg-token-main-surface-primary text-token-text-primary h-8 w-8\">Rmvapesale ir j\u016bsu uzticamais iztvaic\u0113t\u0101ju veikals augst\u0101k\u0101s kvalit\u0101tes vienreiz\u0113j\u0101s lieto\u0161anas iztvaic\u0113t\u0101jiem. Ar vair\u0101k nek\u0101 5 gadu pieredzi m\u0113s pied\u0101v\u0101jam popul\u0101rus vienreiz\u0113j\u0101s lieto\u0161anas iztvaic\u0113t\u0101ju z\u012bmolus, piem\u0113ram, Al Fakher, JNR Vape, Vapsolo Vape, Vapme Vape, <a href=\"https:\/\/rmvapesale.com\/lv\/product-category\/bang-vapes\/\">Bang Vape<\/a>, Waspe Vape, WGA Vape un<a href=\"https:\/\/rmvapesale.com\/lv\/product-category\/randm-fumot-vape\/\"> RandM Vape<\/a>. M\u016bsu kl\u0101st\u0101 ietilpst karstie vienreiz\u0113j\u0101s lieto\u0161anas iztvaic\u0113t\u0101ji, piem\u0113ram, <a href=\"https:\/\/rmvapesale.com\/lv\/product\/aivono-aim-flash-35000-puffs-curved-smart-screen-disposable-vape-wholesale\/\">AIVONO Flash 35000 dvesmas<\/a> un gar\u0161\u0101m bag\u0101tas izv\u0113les, piem\u0113ram,<a href=\"https:\/\/rmvapesale.com\/lv\/product\/crystal-vape-uwin-shisha-hookah-20k-20000-puffs-wholesale-best-price\/\"> UWIN Shisha Hoohak 20000<\/a>. Katrs produkts tiek izv\u0113l\u0113ts, piev\u0113r\u0161ot uzman\u012bbu kvalit\u0101tei, v\u0113rt\u012bbai un daudzveid\u012bbai, nodro\u0161inot, ka j\u016bs atrad\u012bsiet sev piem\u0113rot\u0101ko. Atkl\u0101jiet izcilu servisu un pla\u0161u augst\u0101k\u0101s klases produktu kl\u0101stu Rmvapesale.<\/p>\n<p>&nbsp;<\/p>\n<p class=\"relative p-1 rounded-sm flex items-center justify-center bg-token-main-surface-primary text-token-text-primary h-8 w-8\"><b style=\"font-size: 1.5em;font-style: inherit\">Bie\u017e\u0101k uzdotie jaut\u0101jumi par Bangking 35000 dvesm\u0101m <\/b><b style=\"font-size: 1.5em;font-style: inherit\">Uzl\u0101d\u0113jams vienreiz\u0113j\u0101s lieto\u0161anas vape<\/b><\/p>\n<ol>\n<li><strong>Vai lidma\u0161\u012bn\u0101 var \u0146emt vienreiz\u0113j\u0101s lieto\u0161anas veipus?<\/strong><br \/>\nJ\u0101! Ieliec savu vape ier\u012bci rokas bag\u0101\u017e\u0101. P\u0101rliecinies par aviokomp\u0101nijas noteikumiem.<\/li>\n<li><strong>K\u0101 p\u0101rsl\u0113gties starp gar\u0161\u0101m?<\/strong><br \/>\nIer\u012bcei ir vienk\u0101r\u0161s sl\u0113dzis \u2013 pagriez to, un gatavs, jauna gar\u0161a!<\/li>\n<li><strong>K\u0101 uzzin\u0101t, kad Bang King 35000 vape ir tuk\u0161s?<\/strong><br \/>\nPaman\u012bsi maz\u0101k tvaiku vai gar\u0161as. Ja viens pods ir tuk\u0161s, p\u0101rsl\u0113dzies uz otro gar\u0161u!<\/li>\n<li><strong>K\u0101 uzl\u0101d\u0113t Bang King 35K?<\/strong><br \/>\nIzmanto komplekt\u0101 iek\u013cauto <strong>Type-C kabeli<\/strong> lai uzl\u0101d\u0113tu 650mAh akumulatoru. Tas ir \u0101tri un vienk\u0101r\u0161i!<\/li>\n<li><strong>Kur ieg\u0101d\u0101ties vienreiz\u0113j\u0101s lieto\u0161anas veipus par vairumtirdzniec\u012bbas l\u0113tu cenu?<\/strong><br \/>\nIeg\u0101d\u0101jies savu ier\u012bci viet\u0113j\u0101 veikal\u0101 vai apmekl\u0113 Rmvapesale<strong>\u00a0interneta veikalu<\/strong> lai ieg\u016btu lab\u0101k\u0101s vairumtirdzniec\u012bbas cenas.<\/li>\n<li><strong>K\u0101di nikot\u012bna l\u012bme\u0146i ir pieejami Bang King 35000 Puff?<\/strong><br \/>\nIzv\u0113lies sev v\u0113lamo stiprumu \u2013<strong>0%, 2% vai 5%<\/strong>\u2013 p\u0113rkot savu ier\u012bci.<\/li>\n<\/ol>\n<\/div>\n<\/div>\n<\/div>\n<h3>Par s\u016bt\u012bjumu<\/h3>\n<div class=\"flex-shrink-0 flex flex-col relative items-end\">\n<div>\n<div class=\"pt-0\">\n<div class=\"gizmo-bot-avatar flex h-8 w-8 items-center justify-center overflow-hidden rounded-full\">\n<div><\/div>\n<div class=\"relative p-1 rounded-sm flex items-center justify-center bg-token-main-surface-primary text-token-text-primary h-8 w-8\"><strong>1. K\u0101das pieg\u0101des metodes tiek izmantotas?<\/strong><\/div>\n<\/div>\n<\/div>\n<\/div>\n<\/div>\n<div class=\"group\/conversation-turn relative flex w-full min-w-0 flex-col agent-turn\">\n<div class=\"flex-col gap-1 md:gap-3\">\n<div class=\"flex max-w-full flex-col flex-grow\">\n<div class=\"min-h-[20px] text-message flex w-full flex-col items-end gap-2 whitespace-normal break-words [.text-message+&amp;]:mt-5 overflow-x-auto\" dir=\"auto\" data-message-author-role=\"assistant\" data-message-id=\"22f8283b-3233-46ff-89a5-c7a41b33abda\">\n<div class=\"flex w-full flex-col gap-1 empty:hidden first:pt-[3px]\">\n<div class=\"markdown prose w-full break-words dark:prose-invert light\">\n<p>M\u0113s sadarbojamies ar UPS, DHL, FedEx, DPD un citiem vado\u0161ajiem p\u0101rvad\u0101t\u0101jiem. M\u0113s izv\u0113l\u0113simies lab\u0101ko pieg\u0101des veidu, pamatojoties uz j\u016bsu pieg\u0101des vietu, lai nodro\u0161in\u0101tu, ka j\u016bs sa\u0146emat savus produktus p\u0113c iesp\u0113jas \u0101tr\u0101k.<\/p>\n<\/div>\n<p><strong>2. Cik ilgs laiks paiet, l\u012bdz tas pien\u0101k?<\/strong><\/p>\n<p>Pieg\u0101des uz Latviju parasti ierodas 10 darba dienu laik\u0101. Pieg\u0101de uz Eiropas valst\u012bm parasti aiz\u0146em apm\u0113ram 12-15 darba dienas. M\u0113s nodro\u0161in\u0101sim re\u0101llaika atjaunin\u0101jumus par j\u016bsu pieg\u0101des statusu.<\/p>\n<\/div>\n<\/div>\n<\/div>\n<\/div>\n<\/div>\n<p>&nbsp;<\/p>\n<p>Atrodiet vair\u0101k Vape produktu, kas jums var\u0113tu patikt:<strong><em><a href=\"https:\/\/rmvapesale.com\/lv\/shop-2\/\">iepirkties tagad &gt;&gt;&gt;<\/a><\/em><\/strong><\/p>","protected":false},"excerpt":{"rendered":"<p>Jaun\u0101kais Bang King 35K dvesmu atk\u0101rtoti uzl\u0101d\u0113jams vienreizlietojamais e-cigare\u0161u<br \/>\nBang King 35000 divu gar\u0161u vienreizlietojamais e-cigare\u0161u vairumtirdzniec\u012bbas pirkums<br \/>\nBang King 35000 dvesmas viedais ekr\u0101ns vairumtirdzniec\u012bbas vienreizlietojamais<\/p>\n<p><strong>Sazinieties ar Eimiju, lai ieg\u016btu pareizo atbildi un veipu kuponu!<\/strong><\/p>\n<p><img loading=\"lazy\" decoding=\"async\" class=\"size-full wp-image-2375\" src=\"https:\/\/rmvapesale.com\/wp-content\/uploads\/2024\/10\/image.png\" alt=\"Lab\u0101kais vienreiz\u0113jais vape\" width=\"229\" height=\"300\" \/><\/p>\n<h3><a href=\"https:\/\/wa.me\/8617776015835\"><span style=\"color: #ff0000\"><strong>WhatsApp: +86 17776015835<\/strong><\/span><\/a><\/h3>\n<p>&nbsp;<\/p>","protected":false},"featured_media":2952,"comment_status":"open","ping_status":"closed","template":"","meta":{"_uag_custom_page_level_css":"","_lmt_disableupdate":"no","_lmt_disable":"","site-sidebar-layout":"default","site-content-layout":"content-boxed-container","ast-site-content-layout":"normal-width-container","site-content-style":"boxed","site-sidebar-style":"unboxed","ast-global-header-display":"","ast-banner-title-visibility":"","ast-main-header-display":"","ast-hfb-above-header-display":"","ast-hfb-below-header-display":"","ast-hfb-mobile-header-display":"","site-post-title":"","ast-breadcrumbs-content":"","ast-featured-img":"","footer-sml-layout":"","theme-transparent-header-meta":"default","adv-header-id-meta":"","stick-header-meta":"","header-above-stick-meta":"","header-main-stick-meta":"","header-below-stick-meta":"","astra-migrate-meta-layouts":"set","ast-page-background-enabled":"default","ast-page-background-meta":{"desktop":{"background-color":"var(--ast-global-color-4)","background-image":"","background-repeat":"repeat","background-position":"center center","background-size":"auto","background-attachment":"scroll","background-type":"","background-media":"","overlay-type":"","overlay-color":"","overlay-opacity":"","overlay-gradient":""},"tablet":{"background-color":"","background-image":"","background-repeat":"repeat","background-position":"center center","background-size":"auto","background-attachment":"scroll","background-type":"","background-media":"","overlay-type":"","overlay-color":"","overlay-opacity":"","overlay-gradient":""},"mobile":{"background-color":"","background-image":"","background-repeat":"repeat","background-position":"center center","background-size":"auto","background-attachment":"scroll","background-type":"","background-media":"","overlay-type":"","overlay-color":"","overlay-opacity":"","overlay-gradient":""}},"ast-content-background-meta":{"desktop":{"background-color":"var(--ast-global-color-5)","background-image":"","background-repeat":"repeat","background-position":"center center","background-size":"auto","background-attachment":"scroll","background-type":"","background-media":"","overlay-type":"","overlay-color":"","overlay-opacity":"","overlay-gradient":""},"tablet":{"background-color":"var(--ast-global-color-5)","background-image":"","background-repeat":"repeat","background-position":"center center","background-size":"auto","background-attachment":"scroll","background-type":"","background-media":"","overlay-type":"","overlay-color":"","overlay-opacity":"","overlay-gradient":""},"mobile":{"background-color":"var(--ast-global-color-5)","background-image":"","background-repeat":"repeat","background-position":"center center","background-size":"auto","background-attachment":"scroll","background-type":"","background-media":"","overlay-type":"","overlay-color":"","overlay-opacity":"","overlay-gradient":""}},"_joinchat":[]},"product_brand":[],"product_cat":[15,246,25,123,26,28,135,27,60,137,136,30],"product_tag":[199,270,146,222,64,40,111],"class_list":{"0":"post-2955","1":"product","2":"type-product","3":"status-publish","4":"has-post-thumbnail","6":"product_cat-new-vape-this-week","7":"product_cat-35000-puffs-disposable-vape","8":"product_cat-germany-best-selling-vape","9":"product_cat-italy-wholesale-vape","10":"product_cat-netherlands-hot-sale-vape","11":"product_cat-poland-hot-sale-vape","12":"product_cat-spain-best-hot-sale-vape","13":"product_cat-fance-hot-sale-vape","14":"product_cat-bang-vapes","15":"product_cat-rechargeable-vapes","16":"product_cat-smart-screen-vapes","17":"product_cat-minimum-order-quantity-50pcs","18":"product_tag-bang-vape","19":"product_tag-bangking-35000-puffs","20":"product_tag-best-hot-sale-vape","21":"product_tag-double-flavor-vape","22":"product_tag-dual-flavour-vape","23":"product_tag-hot-sale-vape","24":"product_tag-low-nicotine-disposable-vape","25":"desktop-align-left","26":"tablet-align-left","27":"mobile-align-left","29":"first","30":"instock","31":"sale","32":"shipping-taxable","33":"purchasable","34":"product-type-simple"},"uagb_featured_image_src":{"full":["https:\/\/rmvapesale.com\/wp-content\/uploads\/2025\/01\/Bang-Swich-Duo-Disposable-Vape-36000.webp",800,800,false],"thumbnail":["https:\/\/rmvapesale.com\/wp-content\/uploads\/2025\/01\/Bang-Swich-Duo-Disposable-Vape-36000-150x150.webp",150,150,true],"medium":["https:\/\/rmvapesale.com\/wp-content\/uploads\/2025\/01\/Bang-Swich-Duo-Disposable-Vape-36000-300x300.webp",300,300,true],"medium_large":["https:\/\/rmvapesale.com\/wp-content\/uploads\/2025\/01\/Bang-Swich-Duo-Disposable-Vape-36000-768x768.webp",768,768,true],"large":["https:\/\/rmvapesale.com\/wp-content\/uploads\/2025\/01\/Bang-Swich-Duo-Disposable-Vape-36000.webp",800,800,false],"1536x1536":["https:\/\/rmvapesale.com\/wp-content\/uploads\/2025\/01\/Bang-Swich-Duo-Disposable-Vape-36000.webp",800,800,false],"2048x2048":["https:\/\/rmvapesale.com\/wp-content\/uploads\/2025\/01\/Bang-Swich-Duo-Disposable-Vape-36000.webp",800,800,false],"trp-custom-language-flag":["https:\/\/rmvapesale.com\/wp-content\/uploads\/2025\/01\/Bang-Swich-Duo-Disposable-Vape-36000.webp",12,12,false],"woocommerce_thumbnail":["https:\/\/rmvapesale.com\/wp-content\/uploads\/2025\/01\/Bang-Swich-Duo-Disposable-Vape-36000-300x300.webp",300,300,true],"woocommerce_single":["https:\/\/rmvapesale.com\/wp-content\/uploads\/2025\/01\/Bang-Swich-Duo-Disposable-Vape-36000-600x600.webp",600,600,true],"woocommerce_gallery_thumbnail":["https:\/\/rmvapesale.com\/wp-content\/uploads\/2025\/01\/Bang-Swich-Duo-Disposable-Vape-36000-100x100.webp",100,100,true],"wcpr-photo-reviews":["https:\/\/rmvapesale.com\/wp-content\/uploads\/2025\/01\/Bang-Swich-Duo-Disposable-Vape-36000.webp",500,500,false]},"uagb_author_info":{"display_name":"AMY","author_link":"https:\/\/rmvapesale.com\/lv\/author\/"},"uagb_comment_info":0,"uagb_excerpt":"Latest Bang King 35K Puff Rechargeable Disposable Vape Bang King 35000 Dual Flavors Disposable Vape Bulk Buy Bang King 35000 Puffs Smart Screen Wholesale Disposable Contact Amy to get right reply and vape coupon! WhatsApp: +86 17776015835 &nbsp;","_links":{"self":[{"href":"https:\/\/rmvapesale.com\/lv\/wp-json\/wp\/v2\/product\/2955","targetHints":{"allow":["GET"]}}],"collection":[{"href":"https:\/\/rmvapesale.com\/lv\/wp-json\/wp\/v2\/product"}],"about":[{"href":"https:\/\/rmvapesale.com\/lv\/wp-json\/wp\/v2\/types\/product"}],"replies":[{"embeddable":true,"href":"https:\/\/rmvapesale.com\/lv\/wp-json\/wp\/v2\/comments?post=2955"}],"wp:featuredmedia":[{"embeddable":true,"href":"https:\/\/rmvapesale.com\/lv\/wp-json\/wp\/v2\/media\/2952"}],"wp:attachment":[{"href":"https:\/\/rmvapesale.com\/lv\/wp-json\/wp\/v2\/media?parent=2955"}],"wp:term":[{"taxonomy":"product_brand","embeddable":true,"href":"https:\/\/rmvapesale.com\/lv\/wp-json\/wp\/v2\/product_brand?post=2955"},{"taxonomy":"product_cat","embeddable":true,"href":"https:\/\/rmvapesale.com\/lv\/wp-json\/wp\/v2\/product_cat?post=2955"},{"taxonomy":"product_tag","embeddable":true,"href":"https:\/\/rmvapesale.com\/lv\/wp-json\/wp\/v2\/product_tag?post=2955"}],"curies":[{"name":"wp","href":"https:\/\/api.w.org\/{rel}","templated":true}]}}