{"id":2976,"date":"2025-01-22T07:46:21","date_gmt":"2025-01-22T07:46:21","guid":{"rendered":"https:\/\/rmvapesale.com\/?post_type=product&#038;p=2976"},"modified":"2025-01-22T08:11:09","modified_gmt":"2025-01-22T08:11:09","slug":"waspe-crystal-40000-puffs-double-flavor-led-display-disposable-vape-bulk-buy","status":"publish","type":"product","link":"https:\/\/rmvapesale.com\/lv\/product\/waspe-crystal-40000-puffs-double-flavor-led-display-disposable-vape-bulk-buy\/","title":{"rendered":"WASPE Crystal 40000 uzp\u016btienu divu gar\u0161u LED displeja vienreizlietojam\u0101 p\u012bpe vairum\u0101"},"content":{"rendered":"<div class=\"B2VR9 CJHX3e\">\n<div class=\"wyccme\">\n<div class=\"flex-shrink-0 flex flex-col relative items-end\">\n<div class=\"pt-0\">\n<div class=\"gizmo-bot-avatar flex h-8 w-8 items-center justify-center overflow-hidden rounded-full\">\n<div class=\"relative p-1 rounded-sm flex items-center justify-center bg-token-main-surface-primary text-token-text-primary h-8 w-8\">\n<div class=\"flex-shrink-0 flex flex-col relative items-end\">\n<div class=\"pt-0\">\n<div class=\"gizmo-bot-avatar flex h-8 w-8 items-center justify-center overflow-hidden rounded-full\">\n<h1 class=\"relative p-1 rounded-sm flex items-center justify-center bg-token-main-surface-primary text-token-text-primary h-8 w-8\">WASPE Crystal 40000 uzp\u016btienu divu gar\u0161u LED displeja vienreizlietojam\u0101 p\u012bpe vairum\u0101<\/h1>\n<\/div>\n<\/div>\n<\/div>\n<\/div>\n<\/div>\n<\/div>\n<\/div>\n<div class=\"group\/conversation-turn relative flex w-full min-w-0 flex-col agent-turn\">\n<div class=\"flex-col gap-1 md:gap-3\">\n<div class=\"flex max-w-full flex-col flex-grow\">\n<div class=\"min-h-8 text-message flex w-full flex-col items-end gap-2 whitespace-normal break-words text-start [.text-message+&amp;]:mt-5\" dir=\"auto\" data-message-author-role=\"assistant\" data-message-id=\"80ece0c4-ead1-4ed9-a9f0-ddc22582b4f4\" data-message-model-slug=\"gpt-4o\">\n<p>\u0160is <strong>WASPE Crystal 40000 Puffs vienreizlietojamais tvaic\u0113t\u0101js ar dubulto gar\u0161u<\/strong> ir rad\u012bts tvaic\u0113t\u0101jiem, kuri v\u0113las ilgsto\u0161u veiktsp\u0113ju ar papildu ieguvumu <strong>LED displejs<\/strong> un <strong>l\u0113ta ieg\u0101de liel\u0101 apjom\u0101<\/strong>. Neatkar\u012bgi no t\u0101, vai esat ikdienas lietot\u0101js vai uz\u0146\u0113mums, kas mekl\u0113 vairumtirdzniec\u012bbas iesp\u0113jas, \u0161is <strong>lab\u0101kais vienreizlietojamo tvaic\u0113t\u0101ju z\u012bmols<\/strong> nodro\u0161ina kvalit\u0101ti, \u0113rt\u012bbas un izmaksu efektivit\u0101ti.<\/p>\n<p>Ar milz\u012bgu <strong>40 000 dvesmu<\/strong>, \u0161\u012b ier\u012bce nov\u0113r\u0161 nepiecie\u0161am\u012bbu p\u0113c bie\u017e\u0101m nomai\u0146\u0101m. Unik\u0101l\u0101 <strong>dubult\u0101 gar\u0161a<\/strong> funkcija \u013cauj lietot\u0101jiem bez piep\u016bles p\u0101rsl\u0113gties starp div\u0101m aizraujo\u0161\u0101m gar\u0161\u0101m, nodro\u0161inot daudzveid\u012bbu un apmierin\u0101t\u012bbu katr\u0101 dvesien\u0101.<\/p>\n<p>A <strong>skaidrs LED ekr\u0101ns<\/strong> par\u0101da gan akumulatora uzl\u0101des l\u012bmeni, gan e-\u0161\u0137idruma l\u012bmeni, dodot jums piln\u012bgu kontroli p\u0101r tvaic\u0113\u0161anas pieredzi. Funkcija <strong>regul\u0113jamu gaisa pl\u016bsmu<\/strong> \u013cauj piel\u0101got dvesienu, neatkar\u012bgi no t\u0101, vai v\u0113laties vienm\u0113r\u012bgu, gais\u012bgu ieelpu vai stingr\u0101ku dvesienu.<\/p>\n<p>Satur <strong>32 ml augst\u0101k\u0101s kvalit\u0101tes e-\u0161\u0137idruma<\/strong>, \u0161is tvaic\u0113t\u0101js pied\u0101v\u0101 ilgsto\u0161u pieredzi bez nepiecie\u0161am\u012bbas to uzpild\u012bt. Pieejams ar <strong>0%, 2% un 5% nikot\u012bna stiprumu<\/strong>, tas ir piem\u0113rots pla\u0161am tvaic\u0113t\u0101ju lokam, s\u0101kot no tiem, kas dod priek\u0161roku iesp\u0113j\u0101m bez nikot\u012bna, l\u012bdz tiem, kas izbauda sp\u0113c\u012bg\u0101ku dvesienu.<\/p>\n<p>Ieb\u016bv\u0113tais <strong>850 mAh uzl\u0101d\u0113jams akumulators<\/strong> atbalsta \u0101tru C tipa uzl\u0101di, atvieglojot ier\u012bces baro\u0161anas uztur\u0113\u0161anu. Ar savu vieglo un p\u0101rn\u0113s\u0101jamo dizainu tas ir ide\u0101ls pavadonis tvaic\u0113\u0161anai ce\u013c\u0101. Turkl\u0101t <strong>l\u0113tas ieg\u0101des iesp\u0113jas<\/strong> padara to par izcilu izv\u0113li mazumtirgot\u0101jiem un vairumtirdzniec\u012bbas uz\u0146\u0113mumiem, kas mekl\u0113 pieejamus vienreiz\u0113jos vape.<\/p>\n<\/div>\n<\/div>\n<\/div>\n<\/div>\n<div class=\"flex-shrink-0 flex flex-col relative items-end\">\n<div class=\"pt-0\">\n<div class=\"gizmo-bot-avatar flex h-8 w-8 items-center justify-center overflow-hidden rounded-full\">\n<p>&nbsp;<\/p>\n<\/div>\n<\/div>\n<\/div>\n<\/div>\n<\/div>\n<p><strong>Sazinieties ar Eimiju, lai ieg\u016btu pareizo atbildi un veipu kuponu!<\/strong><\/p>\n<p><img loading=\"lazy\" decoding=\"async\" class=\"size-full wp-image-1978\" src=\"https:\/\/rmvapesale.com\/wp-content\/uploads\/2024\/09\/Disposable-Vape-Wholesale.jpg\" alt=\"Vienreiz\u0113jais vape vairumtirdzniec\u012bba\" width=\"229\" height=\"300\" \/><\/p>\n<h3><a href=\"https:\/\/wa.me\/8617776015835\" target=\"_blank\" rel=\"noopener\"><span style=\"color: #ff0000\"><strong>WhatsApp: +86 17776015835<\/strong><\/span><\/a><\/h3>\n<p>&nbsp;<\/p>\n<h3><strong style=\"font-size: 1.7em\">WASPE Crystal 40000 Puffs galven\u0101s produkta \u012bpa\u0161\u012bbas<\/strong><\/h3>\n<ol>\n<li><strong>Uztveres<\/strong>: 40000<\/li>\n<li><strong>Dubult\u0101s Gar\u0161as<\/strong>: 20000 Puffs + 20000 Puffs = 40000 Puffs<\/li>\n<li><strong>Nikot\u012bna stiprums<\/strong>: 0% \/ 2% \/ 3% \/ 5%<\/li>\n<li><strong>Iepriek\u0161pild\u012bta jauda<\/strong>: 32mL<\/li>\n<li><strong>Akumulatora jauda<\/strong>: 850mAh<\/li>\n<li><strong>Uzl\u0101des ports<\/strong>: USB Type-C<\/li>\n<li><strong>Darbo\u0161an\u0101s<\/strong>: Vilk\u0161anas aktiviz\u0101cija<\/li>\n<li><strong>0.9ohm dubult\u0101 re\u017e\u0123a sild\u012bt\u0101js<\/strong><\/li>\n<li><strong>LED displeja ekr\u0101ns<\/strong><\/li>\n<li><strong>Akumulatora l\u012bme\u0146a indikators<\/strong><\/li>\n<li><strong>E-\u0161\u0137idruma l\u012bme\u0146a indikators<\/strong><\/li>\n<\/ol>\n<p><img loading=\"lazy\" decoding=\"async\" class=\"wp-image-2965 size-full\" src=\"https:\/\/rmvapesale.com\/wp-content\/uploads\/2025\/01\/WASPE-40000-Puffs-Crystal-Disposable-Vape.webp\" alt=\"WASPE 40000 Puffs Crystal Vienreizlietojams Vape\" width=\"1000\" height=\"1000\" srcset=\"https:\/\/rmvapesale.com\/wp-content\/uploads\/2025\/01\/WASPE-40000-Puffs-Crystal-Disposable-Vape.webp 1000w, https:\/\/rmvapesale.com\/wp-content\/uploads\/2025\/01\/WASPE-40000-Puffs-Crystal-Disposable-Vape-300x300.webp 300w, https:\/\/rmvapesale.com\/wp-content\/uploads\/2025\/01\/WASPE-40000-Puffs-Crystal-Disposable-Vape-150x150.webp 150w, https:\/\/rmvapesale.com\/wp-content\/uploads\/2025\/01\/WASPE-40000-Puffs-Crystal-Disposable-Vape-768x768.webp 768w, https:\/\/rmvapesale.com\/wp-content\/uploads\/2025\/01\/WASPE-40000-Puffs-Crystal-Disposable-Vape-600x600.webp 600w, https:\/\/rmvapesale.com\/wp-content\/uploads\/2025\/01\/WASPE-40000-Puffs-Crystal-Disposable-Vape-100x100.webp 100w\" sizes=\"auto, (max-width: 1000px) 100vw, 1000px\" \/><\/p>\n<h3><strong style=\"font-size: 1.7em\">Popul\u0101r\u0101k\u0101 gar\u0161a WASPE Crystal 40000 Puffs<\/strong><strong style=\"font-size: 1.7em\">\u00a0Iztvaic\u0113t\u0101js<\/strong><\/h3>\n<p>Ar savu <strong>iespaid\u012bgs p\u016b\u0161u skaits, uzlabotas funkcijas un pieejamas vairumtirdzniec\u012bbas cenas<\/strong>, WASPE Crystal 40000 Puffs vape ir oblig\u0101ts pirkums vaperiem un mazumtirgot\u0101jiem. Pas\u016bti \u0161odien un izbaudi vapingu visaugst\u0101kaj\u0101 l\u012bmen\u012b!<\/p>\n<p>1. Arb\u016bza ledus un Citronu laima<br \/>\n2. Melle\u0146u ledus un \u0137ir\u0161u kola ledus<br \/>\n3. Sajaukto ogu un ave\u0146u limon\u0101de <span style=\"color: #ff0000\"><strong>&gt;&gt;&gt;&gt; Karst\u0101kais!<\/strong><\/span><br \/>\n4. V\u012bnogu ledus un meln\u0101s p\u016b\u0137a ledus<br \/>\n5. Zeme\u0146u ban\u0101nu un anan\u0101su kokosriekstu ledus<br \/>\n6. Persiku ledus un arb\u016bza mango persiks<br \/>\n7. Zeme\u0146u ave\u0146u \u0137ir\u0161u un M\u012blest\u012bba 666 <span style=\"color: #ff0000\"><strong>&gt;&gt;&gt;&gt; Vislab\u0101kais!<\/strong><\/span><br \/>\n8. Melle\u0146u ave\u0146u un persiku ogu ledus<br \/>\n9. Zeme\u0146u kivi un zeme\u0146u \u0137ir\u0161u<br \/>\n10. Melle\u0146u konfekte un zeme\u0146u arb\u016bza<br \/>\n11. Zeme\u0146u Red Bull un melle\u0146u \u0137ir\u0161u <span style=\"color: #ff0000\"><strong>&gt;&gt;&gt;&gt; Karst\u0101kais!<\/strong><\/span><br \/>\n12.Red Bull Ice &amp; Strawberry Mango<\/p>\n<p>&nbsp;<\/p>\n<h3><strong>K\u0101p\u0113c izv\u0113l\u0113ties Rmvapesale priek\u0161 WASPE Crystal 40000 Puffs <\/strong><strong>V<\/strong><strong>ape Vairumtirdzniec\u012bba<\/strong><strong>?<\/strong><\/h3>\n<div class=\"flex-shrink-0 flex flex-col relative items-end\">\n<div class=\"pt-0\">\n<div class=\"gizmo-bot-avatar flex h-8 w-8 items-center justify-center overflow-hidden rounded-full\">\n<p>Pieaugot konkurencei vienreiz\u0113j\u0101s lieto\u0161anas e-cigare\u0161u tirg\u016b, Rmvapesale, glob\u0101lais l\u012bderis vienreiz\u0113j\u0101s lieto\u0161anas iztvaic\u0113t\u0101ju vairumtirdzniec\u012bbas risin\u0101jumos, ir laidis klaj\u0101 Smart Screen vienreiz\u0113j\u0101s lieto\u0161anas iztvaic\u0113t\u0101ju Bang King 35000. \u0160is novatoriskais produkts piesaista uzman\u012bbu ar savu unik\u0101lo est\u0113tiku un modes dizainu. Pied\u0101v\u0101jot pla\u0161u aug\u013cu gar\u0161u kl\u0101stu, tas apmierina pla\u0161u pat\u0113r\u0113t\u0101ju gaumi, vienlaikus uzsverot inov\u0101cijas un daudzpus\u012bbu.<\/p>\n<p class=\"relative p-1 rounded-sm flex items-center justify-center bg-token-main-surface-primary text-token-text-primary h-8 w-8\">Rmvapesale ir j\u016bsu uzticamais iztvaic\u0113t\u0101ju veikals augst\u0101k\u0101s kvalit\u0101tes vienreiz\u0113j\u0101s lieto\u0161anas iztvaic\u0113t\u0101jiem. Ar vair\u0101k nek\u0101 5 gadu pieredzi m\u0113s pied\u0101v\u0101jam popul\u0101rus vienreiz\u0113j\u0101s lieto\u0161anas iztvaic\u0113t\u0101ju z\u012bmolus, piem\u0113ram, Al Fakher, JNR Vape, Vapsolo Vape, Vapme Vape, <a href=\"https:\/\/rmvapesale.com\/lv\/product-category\/bang-vapes\/\">Bang Vape<\/a>, Waspe Vape, WGA Vape un<a href=\"https:\/\/rmvapesale.com\/lv\/product-category\/randm-fumot-vape\/\"> RandM Vape<\/a>. M\u016bsu kl\u0101st\u0101 ietilpst karstie vienreiz\u0113j\u0101s lieto\u0161anas iztvaic\u0113t\u0101ji, piem\u0113ram, <a href=\"https:\/\/rmvapesale.com\/lv\/product\/aivono-aim-flash-35000-puffs-curved-smart-screen-disposable-vape-wholesale\/\">AIVONO Flash 35000 dvesmas<\/a> un gar\u0161\u0101m bag\u0101tas izv\u0113les, piem\u0113ram,<a href=\"https:\/\/rmvapesale.com\/lv\/product\/crystal-vape-uwin-shisha-hookah-20k-20000-puffs-wholesale-best-price\/\"> UWIN Shisha Hoohak 20000<\/a>. Katrs produkts tiek izv\u0113l\u0113ts, piev\u0113r\u0161ot uzman\u012bbu kvalit\u0101tei, v\u0113rt\u012bbai un daudzveid\u012bbai, nodro\u0161inot, ka j\u016bs atrad\u012bsiet sev piem\u0113rot\u0101ko. Atkl\u0101jiet izcilu servisu un pla\u0161u augst\u0101k\u0101s klases produktu kl\u0101stu Rmvapesale.<\/p>\n<p>&nbsp;<\/p>\n<p class=\"relative p-1 rounded-sm flex items-center justify-center bg-token-main-surface-primary text-token-text-primary h-8 w-8\"><b style=\"font-size: 1.5em;font-style: inherit\">BUJ Par WASPE Crystal 40000 Puffs <\/b><b style=\"font-size: 1.5em;font-style: inherit\">Uzl\u0101d\u0113jams vienreiz\u0113j\u0101s lieto\u0161anas vape<\/b><\/p>\n<ol>\n<li><strong>Kur varu ieg\u0101d\u0101ties WASPE Crystal 40000 Puffs liel\u0101 daudzum\u0101?<\/strong>\n<ul>\n<li>Lielapjoma pas\u016bt\u012bjumus varat ieg\u0101d\u0101ties no <a href=\"https:\/\/rmvapesale.com\/lv\/\" target=\"_new\" rel=\"noopener\">Rmvapesale<\/a> par konkur\u0113tsp\u0113j\u012bg\u0101m vairumtirdzniec\u012bbas cen\u0101m.<\/li>\n<\/ul>\n<\/li>\n<li><strong>Ko r\u0101da LED displejs?<\/strong>\n<ul>\n<li>Displejs sniedz re\u0101llaika inform\u0101ciju par akumulatora procentu\u0101lo uzl\u0101di un e-\u0161\u0137idruma l\u012bmeni.<\/li>\n<\/ul>\n<\/li>\n<li><strong>Vai es varu piel\u0101got gaisa pl\u016bsmu \u0161aj\u0101 vape?<\/strong>\n<ul>\n<li>J\u0101, regul\u0113jama gaisa pl\u016bsmas funkcija \u013cauj piel\u0101got j\u016bsu vaping pieredzi.<\/li>\n<\/ul>\n<\/li>\n<li><strong>Cik ilgi darbojas 850mAh akumulators?<\/strong>\n<ul>\n<li>Tas nodro\u0161ina ilg\u0101ku lieto\u0161anu un var tikt uzl\u0101d\u0113ts vair\u0101kas reizes, lai nodro\u0161in\u0101tu nep\u0101rtrauktu baud\u012bjumu.<\/li>\n<\/ul>\n<\/li>\n<li><strong>Vai WASPE Crystal ir piem\u0113rots nikot\u012bna br\u012bvai vaping?<\/strong>\n<ul>\n<li>J\u0101, 0% nikot\u012bna opcija ir ide\u0101la lietot\u0101jiem, kuri mekl\u0113 nikot\u012bna br\u012bvu pieredzi.<\/li>\n<\/ul>\n<\/li>\n<\/ol>\n<\/div>\n<\/div>\n<\/div>\n<h2>K\u0101 pas\u016bt\u012bt?<\/h2>\n<div class=\"flex-shrink-0 flex flex-col relative items-end\">\n<div class=\"pt-0\">\n<div class=\"gizmo-bot-avatar flex h-8 w-8 items-center justify-center overflow-hidden rounded-full\">\n<div>\n<p><strong>1. K\u0101dus maks\u0101jumu veidus j\u016bs pie\u0146emat?<\/strong><br \/>\n<span class=\"selectable-text copyable-text false\">Maks\u0101jumiem m\u0113s pied\u0101v\u0101jam bankas p\u0101rskait\u012bjumu un Western Union. Liel\u0101k\u0101 da\u013ca m\u016bsu Eiropas klientu izv\u0113las bankas p\u0101rskait\u012bjumu, mums ir viet\u0113jais bankas konts, kur\u0101 varat maks\u0101t uz m\u016bsu IBAN kontu bez apstr\u0101des maksas. <\/span>.<\/p>\n<p><strong>2. K\u0101 es varu izsekot savam pas\u016bt\u012bjumam?<\/strong><br \/>\nP\u0113c pakas nos\u016bt\u012b\u0161anas, <span class=\"selectable-text copyable-text false\">m\u0113s pied\u0101v\u0101sim izseko\u0161anas numuru atsaucei, m\u0113s ar\u012b atjaunin\u0101sim statusu, l\u012bdz j\u016bs sa\u0146emsiet kravu<\/span>.<\/p>\n<p><strong>3. Cik ilgs laiks nepiecie\u0161ams, lai t\u0101 pien\u0101ktu?<\/strong><\/p>\n<ul>\n<li>Pieg\u0101de no <strong>\u0136\u012bnas noliktav\u0101m<\/strong> aiz\u0146em aptuveni <strong>7-14 darba dienas<\/strong>.<\/li>\n<li>Pieg\u0101de no <strong>Eiropas noliktav\u0101m<\/strong> parasti aiz\u0146em <strong>3-6 darba dienas<\/strong>.<\/li>\n<\/ul>\n<p><strong>4. K\u0101 es varu sa\u0146emt \u0101tr\u0101ku pieg\u0101di?<\/strong><br \/>\nLai nodro\u0161in\u0101tu \u0101tr\u0101ku pieg\u0101di, m\u0113s iesak\u0101m pas\u016bt\u012bt no m\u016bsu <strong>Eiropas noliktavas<\/strong>, kas pied\u0101v\u0101 \u0101tr\u0101ku pieg\u0101des laiku.<\/p>\n<p><strong>5. Ko dar\u012bt, ja es sa\u0146emu boj\u0101tu vai defekt\u012bvu produktu?<\/strong><br \/>\nJa j\u016bsu prece ir boj\u0101ta vai defekt\u012bva, sazinieties ar klientu apkalpo\u0161anas dienestu, lai sa\u0146emtu <strong>nomai\u0146u vai atmaksu<\/strong>.<\/p>\n<p><strong>6. K\u0101 es varu sazin\u0101ties ar klientu apkalpo\u0161anas dienestu?<\/strong><br \/>\nJ\u016bs varat sazin\u0101ties ar mums, izmantojot<strong>\u00a0WhatsApp vai tie\u0161saistes t\u0113rz\u0113\u0161anu<\/strong> m\u016bsu t\u012bmek\u013ca vietn\u0113, lai sa\u0146emtu pal\u012bdz\u012bbu.<\/p>\n<\/div>\n<div class=\"relative p-1 rounded-sm flex items-center justify-center bg-token-main-surface-primary text-token-text-primary h-8 w-8\"><strong>7. K\u0101das pieg\u0101des metodes tiek izmantotas?<\/strong><\/div>\n<\/div>\n<\/div>\n<\/div>\n<div class=\"group\/conversation-turn relative flex w-full min-w-0 flex-col agent-turn\">\n<div class=\"flex-col gap-1 md:gap-3\">\n<div class=\"flex max-w-full flex-col flex-grow\">\n<div class=\"min-h-[20px] text-message flex w-full flex-col items-end gap-2 whitespace-normal break-words [.text-message+&amp;]:mt-5 overflow-x-auto\" dir=\"auto\" data-message-author-role=\"assistant\" data-message-id=\"22f8283b-3233-46ff-89a5-c7a41b33abda\">\n<div class=\"flex w-full flex-col gap-1 empty:hidden first:pt-[3px]\">\n<div class=\"markdown prose w-full break-words dark:prose-invert light\">\n<p>M\u0113s sadarbojamies ar UPS, DHL, FedEx, DPD un citiem vado\u0161ajiem p\u0101rvad\u0101t\u0101jiem. M\u0113s izv\u0113l\u0113simies lab\u0101ko pieg\u0101des veidu, pamatojoties uz j\u016bsu pieg\u0101des vietu, lai nodro\u0161in\u0101tu, ka j\u016bs sa\u0146emat savus produktus p\u0113c iesp\u0113jas \u0101tr\u0101k.<\/p>\n<\/div>\n<\/div>\n<\/div>\n<\/div>\n<\/div>\n<\/div>\n<p>Atrodiet vair\u0101k Vape produktu, kas jums var\u0113tu patikt:<strong><em><a href=\"https:\/\/rmvapesale.com\/lv\/shop-2\/\">iepirkties tagad &gt;&gt;&gt;<\/a><\/em><\/strong><\/p>","protected":false},"excerpt":{"rendered":"<p>WASPE Crystal 40k Puffs Dv\u012b\u0146u Gar\u0161a Uzl\u0101d\u0113jams Vienreiz\u0113j\u0101s lieto\u0161anas Vape<br \/>\nWASPE Crystal 40000 Puffs Divu Gar\u0161u Vienreiz\u0113j\u0101s lieto\u0161anas Vape Partiju Pirkums<br \/>\nWASPE Crystal 40000 Puffs 2 in 1 Gar\u0161a Gudrs Ekr\u0101ns Vairumtirdzniec\u012bbas Vienreiz\u0113j\u0101s lieto\u0161anas Vape<\/p>\n<p><strong>Sazinieties ar Eimiju, lai ieg\u016btu pareizo atbildi un veipu kuponu!<\/strong><\/p>\n<p><img loading=\"lazy\" decoding=\"async\" class=\"size-full wp-image-2375\" src=\"https:\/\/rmvapesale.com\/wp-content\/uploads\/2024\/10\/image.png\" alt=\"Lab\u0101kais vienreiz\u0113jais vape\" width=\"229\" height=\"300\" \/><\/p>\n<h3><a href=\"https:\/\/wa.me\/8617776015835\"><span style=\"color: #ff0000\"><strong>WhatsApp: +86 17776015835<\/strong><\/span><\/a><\/h3>\n<p>&nbsp;<\/p>","protected":false},"featured_media":2975,"comment_status":"open","ping_status":"closed","template":"","meta":{"_uag_custom_page_level_css":"","_lmt_disableupdate":"no","_lmt_disable":"","site-sidebar-layout":"default","site-content-layout":"content-boxed-container","ast-site-content-layout":"normal-width-container","site-content-style":"boxed","site-sidebar-style":"unboxed","ast-global-header-display":"","ast-banner-title-visibility":"","ast-main-header-display":"","ast-hfb-above-header-display":"","ast-hfb-below-header-display":"","ast-hfb-mobile-header-display":"","site-post-title":"","ast-breadcrumbs-content":"","ast-featured-img":"","footer-sml-layout":"","ast-disable-related-posts":"","theme-transparent-header-meta":"default","adv-header-id-meta":"","stick-header-meta":"","header-above-stick-meta":"","header-main-stick-meta":"","header-below-stick-meta":"","astra-migrate-meta-layouts":"set","ast-page-background-enabled":"default","ast-page-background-meta":{"desktop":{"background-color":"var(--ast-global-color-4)","background-image":"","background-repeat":"repeat","background-position":"center center","background-size":"auto","background-attachment":"scroll","background-type":"","background-media":"","overlay-type":"","overlay-color":"","overlay-opacity":"","overlay-gradient":""},"tablet":{"background-color":"","background-image":"","background-repeat":"repeat","background-position":"center center","background-size":"auto","background-attachment":"scroll","background-type":"","background-media":"","overlay-type":"","overlay-color":"","overlay-opacity":"","overlay-gradient":""},"mobile":{"background-color":"","background-image":"","background-repeat":"repeat","background-position":"center center","background-size":"auto","background-attachment":"scroll","background-type":"","background-media":"","overlay-type":"","overlay-color":"","overlay-opacity":"","overlay-gradient":""}},"ast-content-background-meta":{"desktop":{"background-color":"var(--ast-global-color-5)","background-image":"","background-repeat":"repeat","background-position":"center center","background-size":"auto","background-attachment":"scroll","background-type":"","background-media":"","overlay-type":"","overlay-color":"","overlay-opacity":"","overlay-gradient":""},"tablet":{"background-color":"var(--ast-global-color-5)","background-image":"","background-repeat":"repeat","background-position":"center center","background-size":"auto","background-attachment":"scroll","background-type":"","background-media":"","overlay-type":"","overlay-color":"","overlay-opacity":"","overlay-gradient":""},"mobile":{"background-color":"var(--ast-global-color-5)","background-image":"","background-repeat":"repeat","background-position":"center center","background-size":"auto","background-attachment":"scroll","background-type":"","background-media":"","overlay-type":"","overlay-color":"","overlay-opacity":"","overlay-gradient":""}},"_joinchat":[]},"product_brand":[],"product_cat":[15,258,289,290,292,298,291,27,25,123,293,30,26,28,295,137,299,136,135,274],"product_tag":[146,124,222,64,40,111,300,221],"class_list":{"0":"post-2976","1":"product","2":"type-product","3":"status-publish","4":"has-post-thumbnail","6":"product_cat-new-vape-this-week","7":"product_cat-40000-puff-disposable-vape","8":"product_cat-big-puffs-disposable-vapes","9":"product_cat-crystal-disposable-vapes","10":"product_cat-digital-disposable-vapes","11":"product_cat-double-flavor-disposable-vapes","12":"product_cat-dual-mesh-disposable-vapes","13":"product_cat-fance-hot-sale-vape","14":"product_cat-germany-best-selling-vape","15":"product_cat-italy-wholesale-vape","16":"product_cat-low-nicotine-disposable-vapes","17":"product_cat-minimum-order-quantity-50pcs","18":"product_cat-netherlands-hot-sale-vape","19":"product_cat-poland-hot-sale-vape","20":"product_cat-rechargeable-disposable-vapes","21":"product_cat-rechargeable-vapes","22":"product_cat-smart-screen-disposable-vapes","23":"product_cat-smart-screen-vapes","24":"product_cat-spain-best-hot-sale-vape","25":"product_cat-waspe-fihp-vape","26":"product_tag-best-hot-sale-vape","27":"product_tag-crystal-vape","28":"product_tag-double-flavor-vape","29":"product_tag-dual-flavour-vape","30":"product_tag-hot-sale-vape","31":"product_tag-low-nicotine-disposable-vape","32":"product_tag-waspe-crystal-40000","33":"product_tag-waspe-vape","34":"desktop-align-left","35":"tablet-align-left","36":"mobile-align-left","38":"first","39":"instock","40":"sale","41":"shipping-taxable","42":"purchasable","43":"product-type-simple"},"uagb_featured_image_src":{"full":["https:\/\/rmvapesale.com\/wp-content\/uploads\/2025\/01\/WASPE-40000-Puffs-Crystal-Disposable-Vape-Wholesale.webp",1000,1000,false],"thumbnail":["https:\/\/rmvapesale.com\/wp-content\/uploads\/2025\/01\/WASPE-40000-Puffs-Crystal-Disposable-Vape-Wholesale-150x150.webp",150,150,true],"medium":["https:\/\/rmvapesale.com\/wp-content\/uploads\/2025\/01\/WASPE-40000-Puffs-Crystal-Disposable-Vape-Wholesale-300x300.webp",300,300,true],"medium_large":["https:\/\/rmvapesale.com\/wp-content\/uploads\/2025\/01\/WASPE-40000-Puffs-Crystal-Disposable-Vape-Wholesale-768x768.webp",768,768,true],"large":["https:\/\/rmvapesale.com\/wp-content\/uploads\/2025\/01\/WASPE-40000-Puffs-Crystal-Disposable-Vape-Wholesale.webp",1000,1000,false],"1536x1536":["https:\/\/rmvapesale.com\/wp-content\/uploads\/2025\/01\/WASPE-40000-Puffs-Crystal-Disposable-Vape-Wholesale.webp",1000,1000,false],"2048x2048":["https:\/\/rmvapesale.com\/wp-content\/uploads\/2025\/01\/WASPE-40000-Puffs-Crystal-Disposable-Vape-Wholesale.webp",1000,1000,false],"trp-custom-language-flag":["https:\/\/rmvapesale.com\/wp-content\/uploads\/2025\/01\/WASPE-40000-Puffs-Crystal-Disposable-Vape-Wholesale.webp",12,12,false],"woocommerce_thumbnail":["https:\/\/rmvapesale.com\/wp-content\/uploads\/2025\/01\/WASPE-40000-Puffs-Crystal-Disposable-Vape-Wholesale-300x300.webp",300,300,true],"woocommerce_single":["https:\/\/rmvapesale.com\/wp-content\/uploads\/2025\/01\/WASPE-40000-Puffs-Crystal-Disposable-Vape-Wholesale-600x600.webp",600,600,true],"woocommerce_gallery_thumbnail":["https:\/\/rmvapesale.com\/wp-content\/uploads\/2025\/01\/WASPE-40000-Puffs-Crystal-Disposable-Vape-Wholesale-100x100.webp",100,100,true],"wcpr-photo-reviews":["https:\/\/rmvapesale.com\/wp-content\/uploads\/2025\/01\/WASPE-40000-Puffs-Crystal-Disposable-Vape-Wholesale.webp",500,500,false]},"uagb_author_info":{"display_name":"AMY","author_link":"https:\/\/rmvapesale.com\/lv\/author\/"},"uagb_comment_info":0,"uagb_excerpt":"WASPE Crystal 40k Puff Twins Flavor Rechargeable Disposable Vape WASPE Crystal 40000 Puffs Dual Flavors Disposable Vape Bulk Buy WASPE Crystal 40000 Puffs 2 in 1 Flavor Smart Screen Wholesale Disposable Contact Amy to get right reply and vape coupon! WhatsApp: +86 17776015835 &nbsp;","_links":{"self":[{"href":"https:\/\/rmvapesale.com\/lv\/wp-json\/wp\/v2\/product\/2976","targetHints":{"allow":["GET"]}}],"collection":[{"href":"https:\/\/rmvapesale.com\/lv\/wp-json\/wp\/v2\/product"}],"about":[{"href":"https:\/\/rmvapesale.com\/lv\/wp-json\/wp\/v2\/types\/product"}],"replies":[{"embeddable":true,"href":"https:\/\/rmvapesale.com\/lv\/wp-json\/wp\/v2\/comments?post=2976"}],"wp:featuredmedia":[{"embeddable":true,"href":"https:\/\/rmvapesale.com\/lv\/wp-json\/wp\/v2\/media\/2975"}],"wp:attachment":[{"href":"https:\/\/rmvapesale.com\/lv\/wp-json\/wp\/v2\/media?parent=2976"}],"wp:term":[{"taxonomy":"product_brand","embeddable":true,"href":"https:\/\/rmvapesale.com\/lv\/wp-json\/wp\/v2\/product_brand?post=2976"},{"taxonomy":"product_cat","embeddable":true,"href":"https:\/\/rmvapesale.com\/lv\/wp-json\/wp\/v2\/product_cat?post=2976"},{"taxonomy":"product_tag","embeddable":true,"href":"https:\/\/rmvapesale.com\/lv\/wp-json\/wp\/v2\/product_tag?post=2976"}],"curies":[{"name":"wp","href":"https:\/\/api.w.org\/{rel}","templated":true}]}}