{"id":3013,"date":"2025-01-29T07:27:53","date_gmt":"2025-01-29T07:27:53","guid":{"rendered":"https:\/\/rmvapesale.com\/?post_type=product&#038;p=3013"},"modified":"2025-01-23T07:39:23","modified_gmt":"2025-01-23T07:39:23","slug":"bood-vape-30000-puff-bar-disposable-vape-wholesale-vape-pen-at-a-cheap-price","status":"publish","type":"product","link":"https:\/\/rmvapesale.com\/lv\/product\/bood-vape-30000-puff-bar-disposable-vape-wholesale-vape-pen-at-a-cheap-price\/","title":{"rendered":"Bood Vape 30000 uzp\u016b\u0161u stie\u0146a vienreiz\u0113j\u0101s lieto\u0161anas vape vairumtirdzniec\u012bbas vape pildspalva par zemu cenu"},"content":{"rendered":"<div class=\"B2VR9 CJHX3e\">\n<div class=\"wyccme\">\n<div class=\"flex-shrink-0 flex flex-col relative items-end\">\n<div class=\"pt-0\">\n<div class=\"gizmo-bot-avatar flex h-8 w-8 items-center justify-center overflow-hidden rounded-full\">\n<div class=\"relative p-1 rounded-sm flex items-center justify-center bg-token-main-surface-primary text-token-text-primary h-8 w-8\">\n<div class=\"flex-shrink-0 flex flex-col relative items-end\">\n<div class=\"pt-0\">\n<div class=\"gizmo-bot-avatar flex h-8 w-8 items-center justify-center overflow-hidden rounded-full\">\n<div class=\"flex-shrink-0 flex flex-col relative items-end\">\n<div class=\"pt-0\">\n<div class=\"gizmo-bot-avatar flex h-8 w-8 items-center justify-center overflow-hidden rounded-full\">\n<h1 class=\"relative p-1 rounded-sm flex items-center justify-center bg-token-main-surface-primary text-token-text-primary h-8 w-8\">Bood Vape 30000 uzp\u016b\u0161u stie\u0146a vienreiz\u0113j\u0101s lieto\u0161anas vape vairumtirdzniec\u012bbas vape pildspalva par zemu cenu<\/h1>\n<\/div>\n<\/div>\n<\/div>\n<\/div>\n<\/div>\n<\/div>\n<\/div>\n<\/div>\n<\/div>\n<\/div>\n<div class=\"group\/conversation-turn relative flex w-full min-w-0 flex-col agent-turn\">\n<div class=\"flex-col gap-1 md:gap-3\">\n<div class=\"flex max-w-full flex-col flex-grow\">\n<div class=\"min-h-8 text-message flex w-full flex-col items-end gap-2 whitespace-normal break-words text-start [.text-message+&amp;]:mt-5\" dir=\"auto\" data-message-author-role=\"assistant\" data-message-id=\"80ece0c4-ead1-4ed9-a9f0-ddc22582b4f4\" data-message-model-slug=\"gpt-4o\">\n<p>\u0160is <strong>Bood Vape 30000 dvesmu vienreiz\u0113j\u0101s lieto\u0161anas e-cigarete<\/strong> ir paredz\u0113ta tvaic\u0113t\u0101jiem, kuriem ir nepiecie\u0161ama <strong>ilgsto\u0161a veiktsp\u0113ja, regul\u0113jama gaisa pl\u016bsma un vied\u0101 displeja tehnolo\u0123ija<\/strong>, viss par <strong>pie\u0146emamu vairumtirdzniec\u012bbas cenu<\/strong>. Ar iespaid\u012bgu <strong>30 000 dvesmu ietilp\u012bbu<\/strong>, \u0161\u012b uzl\u0101d\u0113jam\u0101 e-cigarete ir ide\u0101li piem\u0113rota tiem, kas mekl\u0113 \u0113rt\u012bbas, nezaud\u0113jot kvalit\u0101ti.<\/p>\n<p>Komplekt\u0101 ar <strong>20 ml iepriek\u0161 iepild\u012bta e-\u0161\u0137idruma<\/strong>, Bood Vape nodro\u0161ina ilgsto\u0161as e-cigaretes lieto\u0161anas sesijas, bez nepiecie\u0161am\u012bbas past\u0101v\u012bgi uzpild\u012bt. T\u0101 <strong>dubult\u0101 sieta spir\u0101les tehnolo\u0123iju<\/strong> pieg\u0101d\u0101 maigu, arom\u0101tisku tvaiku ar katru dvesmu, savuk\u0101rt <strong>1,0\u03a9 spoles pretest\u012bba<\/strong> optimiz\u0113 gan tvaiku ra\u017eo\u0161anu, gan gar\u0161u.<\/p>\n<p>\u0160is <strong>regul\u0113jama gaisa pl\u016bsmas kontrole<\/strong> \u013cauj jums personaliz\u0113t savu pieredzi \u2014 vai j\u016bs v\u0113laties stingru, intens\u012bvu dvesmu vai relaks\u0113t\u0101ku, gais\u012bg\u0101ku dvesmu. Turkl\u0101t <strong>viedo displeju<\/strong> ekr\u0101ns nodro\u0161ina re\u0101llaika atjaunin\u0101jumus par dvesmu skaitu un akumulatora darb\u012bbas laiku, inform\u0113jot j\u016bs vis\u0101 j\u016bsu e-cigaretes lieto\u0161anas laik\u0101.<\/p>\n<p>Darbojas ar <strong>uzl\u0101d\u0113jams 650mAh akumulators<\/strong>, ier\u012bcei ir <strong>Uzl\u0101d\u0113jams 850 mAh akumulators<\/strong>, nodro\u0161inot \u0101tru un efekt\u012bvu uzl\u0101di, kad tas ir nepiecie\u0161ams. Ar <strong>tr\u012bs nikot\u012bna stipruma opcij\u0101m (0%, 2% un 5%)<\/strong>, \u0161is <strong>vienreiz\u0113j\u0101s lieto\u0161anas e-cigarete ar zemu nikot\u012bna saturu<\/strong> piem\u0113rots vis\u0101m v\u0113lm\u0113m, no beznikot\u012bna l\u012bdz sp\u0113c\u012bgam, apmierino\u0161am triecienam.<\/p>\n<p>Ide\u0101li piem\u0113rots mazumtirgot\u0101jiem un izplat\u012bt\u0101jiem, <strong>Bood Vape 30000 dvesmu pildspalva<\/strong> ir pieejama par nep\u0101rsp\u0113jamu <strong>vienreiz\u0113j\u0101s lieto\u0161anas vape vairumtirdzniec\u012bbas cenu<\/strong>, padarot to par lielisku vairumtirdzniec\u012bbas pirk\u0161anas iesp\u0113ju. Izv\u0113lieties no <strong>10 aizraujo\u0161\u0101m gar\u0161\u0101m<\/strong>, pied\u0101v\u0101jot kaut ko ikvienam.<\/p>\n<\/div>\n<\/div>\n<\/div>\n<\/div>\n<div class=\"flex-shrink-0 flex flex-col relative items-end\">\n<div class=\"pt-0\">\n<div class=\"gizmo-bot-avatar flex h-8 w-8 items-center justify-center overflow-hidden rounded-full\">\n<p>&nbsp;<\/p>\n<\/div>\n<\/div>\n<\/div>\n<\/div>\n<\/div>\n<p><strong>Sazinieties ar Eimiju, lai ieg\u016btu pareizo atbildi un veipu kuponu!<\/strong><\/p>\n<p><img loading=\"lazy\" decoding=\"async\" class=\"size-full wp-image-1978\" src=\"https:\/\/rmvapesale.com\/wp-content\/uploads\/2024\/09\/Disposable-Vape-Wholesale.jpg\" alt=\"Vienreiz\u0113jais vape vairumtirdzniec\u012bba\" width=\"229\" height=\"300\" \/><\/p>\n<h3><a href=\"https:\/\/wa.me\/8617776015835\" target=\"_blank\" rel=\"noopener\"><span style=\"color: #ff0000\"><strong>WhatsApp: +86 17776015835<\/strong><\/span><\/a><\/h3>\n<h3><\/h3>\n<h3><strong style=\"font-size: 1.7em\">Bood Vape 30000 dvesmu galven\u0101s produkta \u012bpa\u0161\u012bbas<\/strong><\/h3>\n<ul>\n<li><strong>Milz\u012bgs dvesmu skaits:<\/strong> Izbaudiet l\u012bdz 30 000 dvesmu ilgsto\u0161am gandar\u012bjumam.<\/li>\n<li><strong>20 ml iepriek\u0161 uzpild\u012bts e-\u0161\u0137idrums:<\/strong> Nodro\u0161ina ilgsto\u0161u tvaic\u0113\u0161anas pieredzi bez atk\u0101rtotas uzpild\u012b\u0161anas.<\/li>\n<li><strong>Uzl\u0101d\u0113jams 650 mAh akumulators:<\/strong> Konsekventa veiktsp\u0113ja ar C tipa \u0101tru uzl\u0101di.<\/li>\n<li><strong>Regul\u0113jama gaisa pl\u016bsma:<\/strong> Piel\u0101gojiet savu tvaic\u0113\u0161anas stilu ar prec\u012bzu gaisa pl\u016bsmas kontroli.<\/li>\n<li><strong>Gudrs displeja ekr\u0101ns:<\/strong> Re\u0101llaik\u0101 uzraugiet dvesmu skaitu un akumulatora darb\u012bbas laiku.<\/li>\n<\/ul>\n<figure id=\"attachment_2978\" aria-describedby=\"caption-attachment-2978\" style=\"width: 1000px\" class=\"wp-caption alignnone\"><img loading=\"lazy\" decoding=\"async\" class=\"wp-image-2978 size-full\" src=\"https:\/\/rmvapesale.com\/wp-content\/uploads\/2025\/01\/BOOD-Infinity-30k-Vape-Price.webp\" alt=\"BOOD Infinity 30k Vape cena\" width=\"1000\" height=\"1000\" srcset=\"https:\/\/rmvapesale.com\/wp-content\/uploads\/2025\/01\/BOOD-Infinity-30k-Vape-Price.webp 1000w, https:\/\/rmvapesale.com\/wp-content\/uploads\/2025\/01\/BOOD-Infinity-30k-Vape-Price-300x300.webp 300w, https:\/\/rmvapesale.com\/wp-content\/uploads\/2025\/01\/BOOD-Infinity-30k-Vape-Price-150x150.webp 150w, https:\/\/rmvapesale.com\/wp-content\/uploads\/2025\/01\/BOOD-Infinity-30k-Vape-Price-768x768.webp 768w, https:\/\/rmvapesale.com\/wp-content\/uploads\/2025\/01\/BOOD-Infinity-30k-Vape-Price-600x600.webp 600w, https:\/\/rmvapesale.com\/wp-content\/uploads\/2025\/01\/BOOD-Infinity-30k-Vape-Price-100x100.webp 100w\" sizes=\"auto, (max-width: 1000px) 100vw, 1000px\" \/><figcaption id=\"caption-attachment-2978\" class=\"wp-caption-text\">BOOD Infinity 30k Vape cena<\/figcaption><\/figure>\n<h3><strong style=\"font-size: 1.7em\">Popul\u0101r\u0101k\u0101s gar\u0161as Bood Vape 30000 dvesm\u0101m<\/strong><strong style=\"font-size: 1.7em\"> Iztvaic\u0113t\u0101js<\/strong><\/h3>\n<p>\u0160is <strong>Bood Vape 30000 dvesmu vienreiz\u0113j\u0101s lieto\u0161anas e-cigarete<\/strong> apvieno iespaid\u012bgu veiktsp\u0113ju, viedas funkcijas un pieejam\u012bbu, padarot to par vienu no lab\u0101kaj\u0101m ier\u012bc\u0113m, kas pieejamas Latvij\u0101. <strong>popul\u0101r\u0101kajiem vienreiz\u0113j\u0101s lieto\u0161anas vape<\/strong> pieejams. Pas\u016bti jau \u0161odien un izbaudi izsmalcin\u0101tu vapingu!<\/p>\n<p>1 ZEME\u0145U ARB\u016aZS <span style=\"color: #ff0000\"><strong>&gt;&gt;&gt;&gt; Karst\u0101kais!<\/strong><\/span><br \/>\n2 PERSIKU MANGO ANAN\u0100SS<br \/>\n3 SVAIGS LEDUS<br \/>\n4 OGU EKSPLOZIJA <span style=\"color: #ff0000\"><strong>&gt;&gt;&gt;&gt; Karst\u0101kais!<\/strong><\/span><br \/>\n5 ZEME\u0145U KIVI<br \/>\n6 HAVAJU<br \/>\n7 ZILO OGU LEDUS <span style=\"color: #ff0000\"><strong>&gt;&gt;&gt;&gt; Vislab\u0101kais!<\/strong><\/span><br \/>\n8 MELLENU LIMON\u0100DE<br \/>\n9 MELN\u0100 LEDUS<br \/>\n10 TIF\u0100NIJA<\/p>\n<h3><strong>K\u0101p\u0113c izv\u0113l\u0113ties Rmvapesale priek\u0161 Bood Vape 30000 Puff\u00a0 <\/strong><strong>V<\/strong><strong>ape Vairumtirdzniec\u012bba<\/strong><strong>?<\/strong><\/h3>\n<div class=\"flex-shrink-0 flex flex-col relative items-end\">\n<div class=\"pt-0\">\n<div class=\"gizmo-bot-avatar flex h-8 w-8 items-center justify-center overflow-hidden rounded-full\">\n<p>T\u0101 k\u0101 konkurence vienreizlietojamo e-cigare\u0161u tirg\u016b pieaug, Rmvapesale, glob\u0101ls l\u012bderis vienreizlietojamo vape risin\u0101jumu vairumtirdzniec\u012bb\u0101, ir laidis klaj\u0101 Bood Vape 30000 Puff Bar. \u0160is novatoriskais produkts piesaista uzman\u012bbu ar savu unik\u0101lo est\u0113tisko un modes dizainu. Pied\u0101v\u0101jot pla\u0161u aug\u013cu gar\u0161u kl\u0101stu, tas apmierina pla\u0161a pat\u0113r\u0113t\u0101ju loka gaumi, vienlaikus uzsverot inov\u0101cijas un daudzpus\u012bbu.<\/p>\n<p class=\"relative p-1 rounded-sm flex items-center justify-center bg-token-main-surface-primary text-token-text-primary h-8 w-8\">Rmvapesale ir j\u016bsu uzticamais iztvaic\u0113t\u0101ju veikals augst\u0101k\u0101s kvalit\u0101tes vienreiz\u0113j\u0101s lieto\u0161anas iztvaic\u0113t\u0101jiem. Ar vair\u0101k nek\u0101 5 gadu pieredzi m\u0113s pied\u0101v\u0101jam popul\u0101rus vienreiz\u0113j\u0101s lieto\u0161anas iztvaic\u0113t\u0101ju z\u012bmolus, piem\u0113ram, Al Fakher, JNR Vape, Vapsolo Vape, Vapme Vape, <a href=\"https:\/\/rmvapesale.com\/lv\/product-category\/bang-vapes\/\">Bang Vape<\/a>, Waspe Vape, WGA Vape un<a href=\"https:\/\/rmvapesale.com\/lv\/product-category\/randm-fumot-vape\/\"> RandM Vape<\/a>. M\u016bsu kl\u0101st\u0101 ietilpst karstie vienreiz\u0113j\u0101s lieto\u0161anas iztvaic\u0113t\u0101ji, piem\u0113ram, <a href=\"https:\/\/rmvapesale.com\/lv\/product\/waspe-crystal-40000-puffs-double-flavor-led-display-disposable-vape-bulk-buy\/\">WASPE Crystal 40000 dvesmas<\/a> un gar\u0161\u0101m bag\u0101tas izv\u0113les, piem\u0113ram,<a href=\"https:\/\/rmvapesale.com\/lv\/product\/aivono-fatman-15000-puffs-vape-disposable-e-cigarettes-mtl\/\"> AIVONO Shisha Hoohak 15000<\/a>. Katrs produkts tiek izv\u0113l\u0113ts, piev\u0113r\u0161ot uzman\u012bbu kvalit\u0101tei, v\u0113rt\u012bbai un daudzveid\u012bbai, nodro\u0161inot, ka j\u016bs atrad\u012bsiet sev piem\u0113rot\u0101ko. Atkl\u0101jiet izcilu servisu un pla\u0161u augst\u0101k\u0101s klases produktu kl\u0101stu Rmvapesale.<\/p>\n<p class=\"relative p-1 rounded-sm flex items-center justify-center bg-token-main-surface-primary text-token-text-primary h-8 w-8\"><b style=\"font-size: 1.5em;font-style: inherit\">Bie\u017ei uzdotie jaut\u0101jumi par Bood Vape 30000 <\/b><b style=\"font-size: 1.5em;font-style: inherit\">Uzl\u0101d\u0113jams vienreiz\u0113j\u0101s lieto\u0161anas vape<\/b><\/p>\n<ol>\n<li><strong>Kur es varu ieg\u0101d\u0101ties Bood Vape 30000 Puff Bar par vairumtirdzniec\u012bbas cen\u0101m?<\/strong>\n<ul>\n<li>J\u016bs varat to ieg\u0101d\u0101ties par lab\u0101kaj\u0101m vairumtirdzniec\u012bbas cen\u0101m no <a href=\"https:\/\/rmvapesale.com\/lv\/\" target=\"_new\" rel=\"noopener\">Rmvapesale<\/a>, pied\u0101v\u0101jot lielas atlaides beztaras pirkumiem.<\/li>\n<\/ul>\n<\/li>\n<li><strong>K\u0101di nikot\u012bna l\u012bme\u0146i ir pieejami Bood Vape 30000?<\/strong>\n<ul>\n<li>Tas ir pieejams ar 0%, 2% un 5% nikot\u012bna stiprumu, apmierinot da\u017e\u0101das tvaic\u0113\u0161anas vajadz\u012bbas.<\/li>\n<\/ul>\n<\/li>\n<li><strong>K\u0101 darbojas regul\u0113jam\u0101 gaisa pl\u016bsma?<\/strong>\n<ul>\n<li>Gaisa pl\u016bsmas kontrole \u013cauj piel\u0101got tvaic\u0113\u0161anas intensit\u0101ti no saspringtas l\u012bdz gais\u012bgai, lai ieg\u016btu personaliz\u0113tu pieredzi.<\/li>\n<\/ul>\n<\/li>\n<li><strong>Cik ilgi darbojas uzl\u0101d\u0113jam\u0101 baterija?<\/strong>\n<ul>\n<li>650 mAh akumulators nodro\u0161ina ilgsto\u0161u veiktsp\u0113ju, un to var \u0101tri uzl\u0101d\u0113t, izmantojot Type-C piesl\u0113gvietu.<\/li>\n<\/ul>\n<\/li>\n<li><strong>K\u0101das gar\u0161as ir pieejamas Bood Vape 30000 Puff Bar?<\/strong>\n<ul>\n<li>Ir pieejamas 10 gar\u0161as, no kur\u0101m izv\u0113l\u0113ties, pied\u0101v\u0101jot da\u017e\u0101das iesp\u0113jas, lai atbilstu da\u017e\u0101d\u0101m gar\u0161as v\u0113lm\u0113m.<\/li>\n<\/ul>\n<\/li>\n<\/ol>\n<\/div>\n<\/div>\n<\/div>\n<h2>K\u0101 pas\u016bt\u012bt?<\/h2>\n<div class=\"flex-shrink-0 flex flex-col relative items-end\">\n<div class=\"pt-0\">\n<div class=\"gizmo-bot-avatar flex h-8 w-8 items-center justify-center overflow-hidden rounded-full\">\n<div>\n<p><strong>1. K\u0101dus maks\u0101jumu veidus j\u016bs pie\u0146emat?<\/strong><br \/>\n<span class=\"selectable-text copyable-text false\">Maks\u0101jumiem m\u0113s pied\u0101v\u0101jam bankas p\u0101rskait\u012bjumu un Western Union. Liel\u0101k\u0101 da\u013ca m\u016bsu Eiropas klientu izv\u0113las bankas p\u0101rskait\u012bjumu, mums ir viet\u0113jais bankas konts, kur\u0101 varat maks\u0101t uz m\u016bsu IBAN kontu bez apstr\u0101des maksas. <\/span>.<\/p>\n<p><strong>2. K\u0101 es varu izsekot savam pas\u016bt\u012bjumam?<\/strong><br \/>\nP\u0113c pakas nos\u016bt\u012b\u0161anas, <span class=\"selectable-text copyable-text false\">m\u0113s pied\u0101v\u0101sim izseko\u0161anas numuru atsaucei, m\u0113s ar\u012b atjaunin\u0101sim statusu, l\u012bdz j\u016bs sa\u0146emsiet kravu<\/span>.<\/p>\n<p><strong>3. Cik ilgs laiks nepiecie\u0161ams, lai t\u0101 pien\u0101ktu?<\/strong><\/p>\n<ul>\n<li>Pieg\u0101de no <strong>\u0136\u012bnas noliktav\u0101m<\/strong> aiz\u0146em aptuveni <strong>7-14 darba dienas<\/strong>.<\/li>\n<li>Pieg\u0101de no <strong>Eiropas noliktav\u0101m<\/strong> parasti aiz\u0146em <strong>3-6 darba dienas<\/strong>.<\/li>\n<\/ul>\n<p><strong>4. K\u0101 es varu sa\u0146emt \u0101tr\u0101ku pieg\u0101di?<\/strong><br \/>\nLai nodro\u0161in\u0101tu \u0101tr\u0101ku pieg\u0101di, m\u0113s iesak\u0101m pas\u016bt\u012bt no m\u016bsu <strong>Eiropas noliktavas<\/strong>, kas pied\u0101v\u0101 \u0101tr\u0101ku pieg\u0101des laiku.<\/p>\n<p><strong>5. Ko dar\u012bt, ja es sa\u0146emu boj\u0101tu vai defekt\u012bvu produktu?<\/strong><br \/>\nJa j\u016bsu prece ir boj\u0101ta vai defekt\u012bva, sazinieties ar klientu apkalpo\u0161anas dienestu, lai sa\u0146emtu <strong>nomai\u0146u vai atmaksu<\/strong>.<\/p>\n<p><strong>6. K\u0101 es varu sazin\u0101ties ar klientu apkalpo\u0161anas dienestu?<\/strong><br \/>\nJ\u016bs varat sazin\u0101ties ar mums, izmantojot<strong>\u00a0WhatsApp vai tie\u0161saistes t\u0113rz\u0113\u0161anu<\/strong> m\u016bsu t\u012bmek\u013ca vietn\u0113, lai sa\u0146emtu pal\u012bdz\u012bbu.<\/p>\n<\/div>\n<div class=\"relative p-1 rounded-sm flex items-center justify-center bg-token-main-surface-primary text-token-text-primary h-8 w-8\"><strong>7. K\u0101das pieg\u0101des metodes tiek izmantotas?<\/strong><\/div>\n<\/div>\n<\/div>\n<\/div>\n<div class=\"group\/conversation-turn relative flex w-full min-w-0 flex-col agent-turn\">\n<div class=\"flex-col gap-1 md:gap-3\">\n<div class=\"flex max-w-full flex-col flex-grow\">\n<div class=\"min-h-[20px] text-message flex w-full flex-col items-end gap-2 whitespace-normal break-words [.text-message+&amp;]:mt-5 overflow-x-auto\" dir=\"auto\" data-message-author-role=\"assistant\" data-message-id=\"22f8283b-3233-46ff-89a5-c7a41b33abda\">\n<div class=\"flex w-full flex-col gap-1 empty:hidden first:pt-[3px]\">\n<div class=\"markdown prose w-full break-words dark:prose-invert light\">\n<p>M\u0113s sadarbojamies ar UPS, DHL, FedEx, DPD un citiem vado\u0161ajiem p\u0101rvad\u0101t\u0101jiem. M\u0113s izv\u0113l\u0113simies lab\u0101ko pieg\u0101des veidu, pamatojoties uz j\u016bsu pieg\u0101des vietu, lai nodro\u0161in\u0101tu, ka j\u016bs sa\u0146emat savus produktus p\u0113c iesp\u0113jas \u0101tr\u0101k.<\/p>\n<\/div>\n<\/div>\n<\/div>\n<\/div>\n<\/div>\n<\/div>\n<p>Atrodiet vair\u0101k Vape produktu, kas jums var\u0113tu patikt:<strong><em><a href=\"https:\/\/rmvapesale.com\/lv\/shop-2\/\">iepirkties tagad &gt;&gt;&gt;<\/a><\/em><\/strong><\/p>","protected":false},"excerpt":{"rendered":"<p>Bood Vape 30000 30k P\u016b\u013cu B\u0101rs Uzl\u0101d\u0113jams Vienreizlietojams Vape L\u0113ta Cena<br \/>\nBood Vape 30000 Karsts P\u0101rdo\u0161anas Vienreizlietojams Vape Pildspalva Partijas Pirkums<br \/>\nBood Vape 30000 LED Displejs Gudrs Ekr\u0101ns Vienreizlietojams Vape Vairumtirdzniec\u012bba<\/p>\n<p><strong>Sazinieties ar Eimiju, lai ieg\u016btu pareizo atbildi un veipu kuponu!<\/strong><\/p>\n<p><img loading=\"lazy\" decoding=\"async\" class=\"size-full wp-image-2375\" src=\"https:\/\/rmvapesale.com\/wp-content\/uploads\/2024\/10\/image.png\" alt=\"Lab\u0101kais vienreiz\u0113jais vape\" width=\"229\" height=\"300\" \/><\/p>\n<h3><a href=\"https:\/\/wa.me\/8617776015835\"><span style=\"color: #ff0000\"><strong>WhatsApp: +86 17776015835<\/strong><\/span><\/a><\/h3>\n<p>&nbsp;<\/p>","protected":false},"featured_media":2977,"comment_status":"open","ping_status":"closed","template":"","meta":{"_uag_custom_page_level_css":"","_lmt_disableupdate":"no","_lmt_disable":"","site-sidebar-layout":"default","site-content-layout":"content-boxed-container","ast-site-content-layout":"normal-width-container","site-content-style":"boxed","site-sidebar-style":"unboxed","ast-global-header-display":"","ast-banner-title-visibility":"","ast-main-header-display":"","ast-hfb-above-header-display":"","ast-hfb-below-header-display":"","ast-hfb-mobile-header-display":"","site-post-title":"","ast-breadcrumbs-content":"","ast-featured-img":"","footer-sml-layout":"","theme-transparent-header-meta":"default","adv-header-id-meta":"","stick-header-meta":"","header-above-stick-meta":"","header-main-stick-meta":"","header-below-stick-meta":"","astra-migrate-meta-layouts":"set","ast-page-background-enabled":"default","ast-page-background-meta":{"desktop":{"background-color":"var(--ast-global-color-4)","background-image":"","background-repeat":"repeat","background-position":"center center","background-size":"auto","background-attachment":"scroll","background-type":"","background-media":"","overlay-type":"","overlay-color":"","overlay-opacity":"","overlay-gradient":""},"tablet":{"background-color":"","background-image":"","background-repeat":"repeat","background-position":"center center","background-size":"auto","background-attachment":"scroll","background-type":"","background-media":"","overlay-type":"","overlay-color":"","overlay-opacity":"","overlay-gradient":""},"mobile":{"background-color":"","background-image":"","background-repeat":"repeat","background-position":"center center","background-size":"auto","background-attachment":"scroll","background-type":"","background-media":"","overlay-type":"","overlay-color":"","overlay-opacity":"","overlay-gradient":""}},"ast-content-background-meta":{"desktop":{"background-color":"var(--ast-global-color-5)","background-image":"","background-repeat":"repeat","background-position":"center center","background-size":"auto","background-attachment":"scroll","background-type":"","background-media":"","overlay-type":"","overlay-color":"","overlay-opacity":"","overlay-gradient":""},"tablet":{"background-color":"var(--ast-global-color-5)","background-image":"","background-repeat":"repeat","background-position":"center center","background-size":"auto","background-attachment":"scroll","background-type":"","background-media":"","overlay-type":"","overlay-color":"","overlay-opacity":"","overlay-gradient":""},"mobile":{"background-color":"var(--ast-global-color-5)","background-image":"","background-repeat":"repeat","background-position":"center center","background-size":"auto","background-attachment":"scroll","background-type":"","background-media":"","overlay-type":"","overlay-color":"","overlay-opacity":"","overlay-gradient":""}},"_joinchat":[]},"product_brand":[],"product_cat":[15,289,290,291,292,293,295,299,265,253,25,123,26,28,135,27,137,136,30],"product_tag":[146,305,222,64,40,111,306],"class_list":{"0":"post-3013","1":"product","2":"type-product","3":"status-publish","4":"has-post-thumbnail","6":"product_cat-new-vape-this-week","7":"product_cat-big-puffs-disposable-vapes","8":"product_cat-crystal-disposable-vapes","9":"product_cat-dual-mesh-disposable-vapes","10":"product_cat-digital-disposable-vapes","11":"product_cat-low-nicotine-disposable-vapes","12":"product_cat-rechargeable-disposable-vapes","13":"product_cat-smart-screen-disposable-vapes","14":"product_cat-bood-disposable-vape","15":"product_cat-15000-puff-disposable-vape","16":"product_cat-germany-best-selling-vape","17":"product_cat-italy-wholesale-vape","18":"product_cat-netherlands-hot-sale-vape","19":"product_cat-poland-hot-sale-vape","20":"product_cat-spain-best-hot-sale-vape","21":"product_cat-fance-hot-sale-vape","22":"product_cat-rechargeable-vapes","23":"product_cat-smart-screen-vapes","24":"product_cat-minimum-order-quantity-50pcs","25":"product_tag-best-hot-sale-vape","26":"product_tag-bood-vape-30000","27":"product_tag-double-flavor-vape","28":"product_tag-dual-flavour-vape","29":"product_tag-hot-sale-vape","30":"product_tag-low-nicotine-disposable-vape","31":"product_tag-puff-bar","32":"desktop-align-left","33":"tablet-align-left","34":"mobile-align-left","36":"first","37":"instock","38":"sale","39":"shipping-taxable","40":"purchasable","41":"product-type-simple"},"uagb_featured_image_src":{"full":["https:\/\/rmvapesale.com\/wp-content\/uploads\/2025\/01\/Best-Bood-Infinity-30000-Puff-Rechargeable-Disposable-Vape.webp",1000,1000,false],"thumbnail":["https:\/\/rmvapesale.com\/wp-content\/uploads\/2025\/01\/Best-Bood-Infinity-30000-Puff-Rechargeable-Disposable-Vape-150x150.webp",150,150,true],"medium":["https:\/\/rmvapesale.com\/wp-content\/uploads\/2025\/01\/Best-Bood-Infinity-30000-Puff-Rechargeable-Disposable-Vape-300x300.webp",300,300,true],"medium_large":["https:\/\/rmvapesale.com\/wp-content\/uploads\/2025\/01\/Best-Bood-Infinity-30000-Puff-Rechargeable-Disposable-Vape-768x768.webp",768,768,true],"large":["https:\/\/rmvapesale.com\/wp-content\/uploads\/2025\/01\/Best-Bood-Infinity-30000-Puff-Rechargeable-Disposable-Vape.webp",1000,1000,false],"1536x1536":["https:\/\/rmvapesale.com\/wp-content\/uploads\/2025\/01\/Best-Bood-Infinity-30000-Puff-Rechargeable-Disposable-Vape.webp",1000,1000,false],"2048x2048":["https:\/\/rmvapesale.com\/wp-content\/uploads\/2025\/01\/Best-Bood-Infinity-30000-Puff-Rechargeable-Disposable-Vape.webp",1000,1000,false],"trp-custom-language-flag":["https:\/\/rmvapesale.com\/wp-content\/uploads\/2025\/01\/Best-Bood-Infinity-30000-Puff-Rechargeable-Disposable-Vape.webp",12,12,false],"woocommerce_thumbnail":["https:\/\/rmvapesale.com\/wp-content\/uploads\/2025\/01\/Best-Bood-Infinity-30000-Puff-Rechargeable-Disposable-Vape-300x300.webp",300,300,true],"woocommerce_single":["https:\/\/rmvapesale.com\/wp-content\/uploads\/2025\/01\/Best-Bood-Infinity-30000-Puff-Rechargeable-Disposable-Vape-600x600.webp",600,600,true],"woocommerce_gallery_thumbnail":["https:\/\/rmvapesale.com\/wp-content\/uploads\/2025\/01\/Best-Bood-Infinity-30000-Puff-Rechargeable-Disposable-Vape-100x100.webp",100,100,true],"wcpr-photo-reviews":["https:\/\/rmvapesale.com\/wp-content\/uploads\/2025\/01\/Best-Bood-Infinity-30000-Puff-Rechargeable-Disposable-Vape.webp",500,500,false]},"uagb_author_info":{"display_name":"AMY","author_link":"https:\/\/rmvapesale.com\/lv\/author\/"},"uagb_comment_info":0,"uagb_excerpt":"Bood Vape 30000 30k Puff Bar Rechargeable Disposable Vape Cheap Price Bood Vape 30000 Hot Sale Disposable Vape Pen Bulk Buy Bood Vape 30000 LED Display Smart Screen Disposable Vape Wholesale Contact Amy to get right reply and vape coupon! WhatsApp: +86 17776015835 &nbsp;","_links":{"self":[{"href":"https:\/\/rmvapesale.com\/lv\/wp-json\/wp\/v2\/product\/3013","targetHints":{"allow":["GET"]}}],"collection":[{"href":"https:\/\/rmvapesale.com\/lv\/wp-json\/wp\/v2\/product"}],"about":[{"href":"https:\/\/rmvapesale.com\/lv\/wp-json\/wp\/v2\/types\/product"}],"replies":[{"embeddable":true,"href":"https:\/\/rmvapesale.com\/lv\/wp-json\/wp\/v2\/comments?post=3013"}],"wp:featuredmedia":[{"embeddable":true,"href":"https:\/\/rmvapesale.com\/lv\/wp-json\/wp\/v2\/media\/2977"}],"wp:attachment":[{"href":"https:\/\/rmvapesale.com\/lv\/wp-json\/wp\/v2\/media?parent=3013"}],"wp:term":[{"taxonomy":"product_brand","embeddable":true,"href":"https:\/\/rmvapesale.com\/lv\/wp-json\/wp\/v2\/product_brand?post=3013"},{"taxonomy":"product_cat","embeddable":true,"href":"https:\/\/rmvapesale.com\/lv\/wp-json\/wp\/v2\/product_cat?post=3013"},{"taxonomy":"product_tag","embeddable":true,"href":"https:\/\/rmvapesale.com\/lv\/wp-json\/wp\/v2\/product_tag?post=3013"}],"curies":[{"name":"wp","href":"https:\/\/api.w.org\/{rel}","templated":true}]}}