{"id":3014,"date":"2025-01-30T07:39:46","date_gmt":"2025-01-30T07:39:46","guid":{"rendered":"https:\/\/rmvapesale.com\/?post_type=product&#038;p=3014"},"modified":"2025-01-23T08:01:17","modified_gmt":"2025-01-23T08:01:17","slug":"bang-box-30000-30k-puffs-double-taste-rechargeable-disposable-vape-0-2-5-nicotine-led-display-factory-price","status":"publish","type":"product","link":"https:\/\/rmvapesale.com\/lv\/product\/bang-box-30000-30k-puffs-double-taste-rechargeable-disposable-vape-0-2-5-nicotine-led-display-factory-price\/","title":{"rendered":"Bang Box 30000 30k uzp\u016btienu dubult\u0101s gar\u0161as uzl\u0101d\u0113jams vienreiz\u0113j\u0101s lieto\u0161anas veips 0% 2% 5% nikot\u012bna LED displeja r\u016bpn\u012bcas cena"},"content":{"rendered":"<div class=\"B2VR9 CJHX3e\">\n<div class=\"wyccme\">\n<div class=\"flex-shrink-0 flex flex-col relative items-end\">\n<div class=\"pt-0\">\n<div class=\"gizmo-bot-avatar flex h-8 w-8 items-center justify-center overflow-hidden rounded-full\">\n<div class=\"relative p-1 rounded-sm flex items-center justify-center bg-token-main-surface-primary text-token-text-primary h-8 w-8\">\n<div class=\"flex-shrink-0 flex flex-col relative items-end\">\n<div class=\"pt-0\">\n<div class=\"gizmo-bot-avatar flex h-8 w-8 items-center justify-center overflow-hidden rounded-full\">\n<div class=\"flex-shrink-0 flex flex-col relative items-end\">\n<div class=\"pt-0\">\n<div class=\"gizmo-bot-avatar flex h-8 w-8 items-center justify-center overflow-hidden rounded-full\">\n<h1 class=\"relative p-1 rounded-sm flex items-center justify-center bg-token-main-surface-primary text-token-text-primary h-8 w-8\">Bang Box 30000 30k uzp\u016btienu dubult\u0101s gar\u0161as uzl\u0101d\u0113jams vienreiz\u0113j\u0101s lieto\u0161anas veips 0% 2% 5% nikot\u012bna LED displeja r\u016bpn\u012bcas cena<\/h1>\n<\/div>\n<\/div>\n<\/div>\n<\/div>\n<\/div>\n<\/div>\n<\/div>\n<\/div>\n<\/div>\n<\/div>\n<div class=\"group\/conversation-turn relative flex w-full min-w-0 flex-col agent-turn\">\n<div class=\"flex-col gap-1 md:gap-3\">\n<div class=\"flex max-w-full flex-col flex-grow\">\n<div class=\"min-h-8 text-message flex w-full flex-col items-end gap-2 whitespace-normal break-words text-start [.text-message+&amp;]:mt-5\" dir=\"auto\" data-message-author-role=\"assistant\" data-message-id=\"80ece0c4-ead1-4ed9-a9f0-ddc22582b4f4\" data-message-model-slug=\"gpt-4o\">\n<p>\u0160is <strong>Bang Box 30000 uzp\u016btienu dubult\u0101s gar\u0161as uzl\u0101d\u0113jams vienreiz\u0113j\u0101s lieto\u0161anas vape<\/strong> ir lab\u0101k\u0101 izv\u0113le veipot\u0101jiem, kuri mekl\u0113 <strong>ilgsto\u0161u darb\u012bbu, piel\u0101gojamas funkcijas un nep\u0101rsp\u0113jamu vairumtirdzniec\u012bbas cenu<\/strong>. Izstr\u0101d\u0101ts, lai nodro\u0161in\u0101tu l\u012bdz pat <strong>30 000 uzp\u016btienu<\/strong>, \u0161is <strong>uzl\u0101d\u0113jamais veips<\/strong> nodro\u0161ina papla\u0161in\u0101tu veipo\u0161anas pieredzi ar novatorisku <strong>Dubulta Gar\u0161a<\/strong> funkciju, kas \u013cauj baud\u012bt <strong>divas gar\u0161as vien\u0101 ier\u012bc\u0113<\/strong>.<\/p>\n<p>Iepriek\u0161 piepild\u012bts ar mas\u012bvu <strong>36 ml e-\u0161\u0137idruma<\/strong>, Bang 30K nodro\u0161ina nep\u0101rtrauktu baud\u012bjumu bez bie\u017eas uzpildes probl\u0113m\u0101m. Neatkar\u012bgi no t\u0101, vai esat ventilators <strong>zema nikot\u012bna vape<\/strong> vai v\u0113laties sp\u0113c\u012bg\u0101ku triecienu, \u0161\u012b ier\u012bce pied\u0101v\u0101 daudzpus\u012bgu <strong>nikot\u012bna stipruma opcijas<\/strong>, pieejams <strong>0%, 2%, 3% un 5%<\/strong>, apmierinot visas v\u0113lmes.<\/p>\n<p>Apr\u012bkots ar <strong>1,0 \u03a9 sieti\u0146a spole<\/strong>, vape nodro\u0161ina vienm\u0113r\u012bgu, arom\u0101tisku tvaiku ar katru dvesienu. <strong>regul\u0113jamu gaisa pl\u016bsmu<\/strong> sist\u0113ma \u013cauj piel\u0101got savu vilkmi, pied\u0101v\u0101jot vai nu cie\u0161u, intens\u012bvu ieelpu, vai br\u012bv\u0101ku, m\u0101ko\u0146u piepild\u012btu pieredzi.<\/p>\n<p>Vied\u0101 <strong>LED displeja ekr\u0101ns<\/strong> inform\u0113 j\u016bs par akumulatora un e-\u0161\u0137idruma l\u012bmeni, nodro\u0161inot, ka j\u016bs vienm\u0113r kontrol\u0113jat. Ar <strong>550 mAh uzl\u0101d\u0113jamu akumulatoru<\/strong> un <strong>C tipa uzl\u0101des ports<\/strong>, j\u016bs var\u0113siet baud\u012bt \u0101tru, efekt\u012bvu uzl\u0101di, lai j\u016bsu vape vienm\u0113r b\u016btu gatavs, kad vien v\u0113laties.<\/p>\n<p>Ide\u0101li piem\u0113rots <strong>vairumtirdzniec\u012bbas vienreiz\u0113j\u0101s lieto\u0161anas vape pirc\u0113jiem<\/strong>, \u0161\u012b ier\u012bce ir pieejama par <strong>r\u016bpn\u012bcas cenu<\/strong>, padarot to par lielisku izv\u0113li gan mazumtirgot\u0101jiem, gan individu\u0101liem veipot\u0101jiem, kuri v\u0113las <strong>pirkt vairum\u0101<\/strong>.<\/p>\n<\/div>\n<\/div>\n<\/div>\n<\/div>\n<div class=\"flex-shrink-0 flex flex-col relative items-end\">\n<div class=\"pt-0\">\n<div class=\"gizmo-bot-avatar flex h-8 w-8 items-center justify-center overflow-hidden rounded-full\">\n<p>&nbsp;<\/p>\n<\/div>\n<\/div>\n<\/div>\n<\/div>\n<\/div>\n<p><strong>Sazinieties ar Eimiju, lai ieg\u016btu pareizo atbildi un veipu kuponu!<\/strong><\/p>\n<p><img loading=\"lazy\" decoding=\"async\" class=\"size-full wp-image-1978\" src=\"https:\/\/rmvapesale.com\/wp-content\/uploads\/2024\/09\/Disposable-Vape-Wholesale.jpg\" alt=\"Vienreiz\u0113jais vape vairumtirdzniec\u012bba\" width=\"229\" height=\"300\" \/><\/p>\n<h3><a href=\"https:\/\/wa.me\/8617776015835\" target=\"_blank\" rel=\"noopener\"><span style=\"color: #ff0000\"><strong>WhatsApp: +86 17776015835<\/strong><\/span><\/a><\/h3>\n<h3><\/h3>\n<h3><strong style=\"font-size: 1.7em\">Bang Box 30000 30k Puffs galven\u0101s produkta \u012bpa\u0161\u012bbas<\/strong><\/h3>\n<ul>\n<li><strong>30 000 uzp\u016btienu ietilp\u012bba:<\/strong> Izbaudiet ilgsto\u0161u veipo\u0161anu bez past\u0101v\u012bgas nomai\u0146as.<\/li>\n<li><strong>36 ml iepriek\u0161 uzpild\u012bts e-\u0161\u0137idrums:<\/strong> Liela ietilp\u012bba nep\u0101rtrauktai veipo\u0161anas pieredzei.<\/li>\n<li><strong>Dubult\u0101s gar\u0161as funkcija:<\/strong> P\u0101rsl\u0113dzieties starp div\u0101m at\u0161\u0137ir\u012bg\u0101m gar\u0161\u0101m, lai katr\u0101 uzp\u016btien\u0101 b\u016btu da\u017e\u0101d\u012bba.<\/li>\n<li><strong>Nikot\u012bna opcijas:<\/strong> Pieejams 0%, 2%, 3% un 5% stiprumos, lai atbilstu da\u017e\u0101d\u0101m v\u0113lm\u0113m.<\/li>\n<li><strong>Uzl\u0101d\u0113jams akumulators:<\/strong> 550 mAh akumulators ar C tipa \u0101tro uzl\u0101di \u0113rt\u012bbai.<\/li>\n<li><strong>Viedais LED displejs:<\/strong> Viegli p\u0101rraugiet akumulatora darb\u012bbas laiku un e-\u0161\u0137idruma l\u012bmeni.<\/li>\n<li><strong>Regul\u0113jama gaisa pl\u016bsma:<\/strong> Piel\u0101gojiet savu ieelpu ar da\u017e\u0101diem gaisa pl\u016bsmas iestat\u012bjumiem<\/li>\n<\/ul>\n<p><img loading=\"lazy\" decoding=\"async\" class=\"wp-image-2984 size-full\" src=\"https:\/\/rmvapesale.com\/wp-content\/uploads\/2025\/01\/Bang-Box-30000-Puffs-Disposable-Vape-Bulk-Buy.webp\" alt=\"Bang Box 30000 uzp\u016btienu vienreiz\u0113j\u0101s lieto\u0161anas tvaic\u0113t\u0101ja vairumtirdzniec\u012bbas pirkums\" width=\"1000\" height=\"1000\" srcset=\"https:\/\/rmvapesale.com\/wp-content\/uploads\/2025\/01\/Bang-Box-30000-Puffs-Disposable-Vape-Bulk-Buy.webp 1000w, https:\/\/rmvapesale.com\/wp-content\/uploads\/2025\/01\/Bang-Box-30000-Puffs-Disposable-Vape-Bulk-Buy-300x300.webp 300w, https:\/\/rmvapesale.com\/wp-content\/uploads\/2025\/01\/Bang-Box-30000-Puffs-Disposable-Vape-Bulk-Buy-150x150.webp 150w, https:\/\/rmvapesale.com\/wp-content\/uploads\/2025\/01\/Bang-Box-30000-Puffs-Disposable-Vape-Bulk-Buy-768x768.webp 768w, https:\/\/rmvapesale.com\/wp-content\/uploads\/2025\/01\/Bang-Box-30000-Puffs-Disposable-Vape-Bulk-Buy-600x600.webp 600w, https:\/\/rmvapesale.com\/wp-content\/uploads\/2025\/01\/Bang-Box-30000-Puffs-Disposable-Vape-Bulk-Buy-100x100.webp 100w\" sizes=\"auto, (max-width: 1000px) 100vw, 1000px\" \/><\/p>\n<h3><strong style=\"font-size: 1.7em\">Popul\u0101r\u0101k\u0101 gar\u0161a Bang Box 30000 30k Puff<\/strong><strong style=\"font-size: 1.7em\">\u00a0Iztvaic\u0113t\u0101js<\/strong><\/h3>\n<p>1. Zeme\u0146u kivi\/Arb\u016bzu ledus<br \/>\n2. Zeme\u0146u kivi\/Zeme\u0146u arb\u016bzs <span style=\"color: #ff0000\"><strong>&gt;&gt;&gt;&gt; Karst\u0101kais!<\/strong><\/span><br \/>\n3. Persiku sula\/Melle\u0146u ledus<br \/>\n4. Melle\u0146u ledus\/KiWi Passion Frrit Guave<br \/>\n5. Melle\u0146u sk\u0101bo ave\u0146u ledus\/Jaukti aug\u013ci <span style=\"color: #ff0000\"><strong>&gt;&gt;&gt;&gt; Karst\u0101kais!<\/strong><\/span><br \/>\n6. Tr\u012bsk\u0101r\u0161u ogu ledus\/Zeme\u0146u mango<br \/>\n7. Arb\u016bzu ko\u0161\u013c\u0101jam\u0101 gumija\/Zeme\u0146u arb\u016bzs<br \/>\n8. Melle\u0146u ledus\/Arb\u016bzu ledus<br \/>\n9. Zeme\u0146u arb\u016bzs\/Kiwi Passion Frrit Guave<br \/>\n10. Meln\u0101 p\u016b\u0137a ledus\/Mango persiku arb\u016bzs<br \/>\n11. Zilo ave\u0146u ledus\/Dubultv\u012bnogas<br \/>\n12. Zilo ave\u0146u ledus\/Zeme\u0146u mango <span style=\"color: #ff0000\"><strong>&gt;&gt;&gt;&gt; Vislab\u0101kais!<\/strong><\/span><\/p>\n<h3><strong>K\u0101p\u0113c izv\u0113l\u0113ties Rmvapesale Bang Box 30k Puffs ieg\u0101dei <\/strong><strong>V<\/strong><strong>ape Vairumtirdzniec\u012bba<\/strong><strong>?<\/strong><\/h3>\n<div class=\"flex-shrink-0 flex flex-col relative items-end\">\n<div class=\"pt-0\">\n<div class=\"gizmo-bot-avatar flex h-8 w-8 items-center justify-center overflow-hidden rounded-full\">\n<p>Pieaugot konkurencei vienreiz\u0113j\u0101s lieto\u0161anas e-cigare\u0161u tirg\u016b, Rmvapesale, glob\u0101lais l\u012bderis vienreiz\u0113j\u0101s lieto\u0161anas iztvaic\u0113t\u0101ju vairumtirdzniec\u012bbas risin\u0101jumos, ir laidis klaj\u0101 Smart Screen vienreiz\u0113j\u0101s lieto\u0161anas iztvaic\u0113t\u0101ju Bang King 35000. \u0160is novatoriskais produkts piesaista uzman\u012bbu ar savu unik\u0101lo est\u0113tiku un modes dizainu. Pied\u0101v\u0101jot pla\u0161u aug\u013cu gar\u0161u kl\u0101stu, tas apmierina pla\u0161u pat\u0113r\u0113t\u0101ju gaumi, vienlaikus uzsverot inov\u0101cijas un daudzpus\u012bbu.<\/p>\n<p class=\"relative p-1 rounded-sm flex items-center justify-center bg-token-main-surface-primary text-token-text-primary h-8 w-8\">Rmvapesale ir j\u016bsu uzticamais iztvaic\u0113t\u0101ju veikals augst\u0101k\u0101s kvalit\u0101tes vienreiz\u0113j\u0101s lieto\u0161anas iztvaic\u0113t\u0101jiem. Ar vair\u0101k nek\u0101 5 gadu pieredzi m\u0113s pied\u0101v\u0101jam popul\u0101rus vienreiz\u0113j\u0101s lieto\u0161anas iztvaic\u0113t\u0101ju z\u012bmolus, piem\u0113ram, Al Fakher, JNR Vape, Vapsolo Vape, Vapme Vape, <a href=\"https:\/\/rmvapesale.com\/lv\/product-category\/bang-vapes\/\">Bang Vape<\/a>, Waspe Vape, WGA Vape un<a href=\"https:\/\/rmvapesale.com\/lv\/product-category\/randm-fumot-vape\/\"> RandM Vape<\/a>. M\u016bsu kl\u0101st\u0101 ietilpst karstie vienreiz\u0113j\u0101s lieto\u0161anas iztvaic\u0113t\u0101ji, piem\u0113ram, <a href=\"https:\/\/rmvapesale.com\/lv\/product\/vopk-tornado-15000-puffs-disposable-vape-led-display\/\">VOPK Tornado 15000 dvesmas<\/a> un gar\u0161\u0101m bag\u0101tas izv\u0113les, piem\u0113ram,<a href=\"https:\/\/rmvapesale.com\/lv\/product\/waspe-15000-puffs-digital-box-original-wholesale\/\"> WASPE 15000 PUFFS<\/a>. Katrs produkts tiek izv\u0113l\u0113ts, piev\u0113r\u0161ot uzman\u012bbu kvalit\u0101tei, v\u0113rt\u012bbai un daudzveid\u012bbai, nodro\u0161inot, ka j\u016bs atrad\u012bsiet sev piem\u0113rot\u0101ko. Atkl\u0101jiet izcilu servisu un pla\u0161u augst\u0101k\u0101s klases produktu kl\u0101stu Rmvapesale.<\/p>\n<p class=\"relative p-1 rounded-sm flex items-center justify-center bg-token-main-surface-primary text-token-text-primary h-8 w-8\"><b style=\"font-size: 1.5em;font-style: inherit\">BUJ par BangBox 30000 30k Puffs <\/b><b style=\"font-size: 1.5em;font-style: inherit\">Uzl\u0101d\u0113jams vienreiz\u0113j\u0101s lieto\u0161anas vape<\/b><\/p>\n<ol>\n<li><strong>Kur es varu ieg\u0101d\u0101ties Bang 30000 Puffs vienreiz\u0113j\u0101s lieto\u0161anas vape par vairumtirdzniec\u012bbas cen\u0101m?<\/strong>\n<ul>\n<li>J\u016bs varat to ieg\u0101d\u0101ties par r\u016bpn\u012bcas cen\u0101m no <a href=\"https:\/\/rmvapesale.com\/lv\/\" target=\"_new\" rel=\"noopener\">Rmvapesale<\/a>, pied\u0101v\u0101jot lab\u0101kos vairumtirdzniec\u012bbas pied\u0101v\u0101jumus mazumtirgot\u0101jiem un izplat\u012bt\u0101jiem.<\/li>\n<\/ul>\n<\/li>\n<li><strong>K\u0101 darbojas dubult\u0101s gar\u0161as funkcija?<\/strong>\n<ul>\n<li>Ier\u012bce \u013cauj p\u0101rsl\u0113gties starp div\u0101m gar\u0161\u0101m, nodro\u0161inot unik\u0101lu un dinamisku tvaic\u0113\u0161anas pieredzi.<\/li>\n<\/ul>\n<\/li>\n<li><strong>K\u0101di nikot\u012bna l\u012bme\u0146i ir pieejami \u0161aj\u0101 vienreiz\u0113j\u0101s lieto\u0161anas vape?<\/strong>\n<ul>\n<li>Bang 30K ir pieejams 0%, 2%, 3% un 5% nikot\u012bna stiprum\u0101, kas atbilst da\u017e\u0101d\u0101m tvaic\u0113\u0161anas v\u0113lm\u0113m.<\/li>\n<\/ul>\n<\/li>\n<li><strong>Vai Bang 30000 Puffs vape ir uzl\u0101d\u0113jams?<\/strong>\n<ul>\n<li>J\u0101, tam ir 550 mAh uzl\u0101d\u0113jams akumulators ar C tipa uzl\u0101des portu \u0101trai un efekt\u012bvai uzl\u0101dei.<\/li>\n<\/ul>\n<\/li>\n<li><strong>Vai ier\u012bcei ir gaisa pl\u016bsmas regul\u0113\u0161anas funkcija?<\/strong>\n<ul>\n<li>J\u0101, regul\u0113jam\u0101 gaisa pl\u016bsmas kontrole \u013cauj piel\u0101got j\u016bsu tvaic\u0113\u0161anas stilu no cie\u0161\u0101m ieelp\u0101m l\u012bdz gais\u012bgiem m\u0101ko\u0146iem.<\/li>\n<\/ul>\n<\/li>\n<\/ol>\n<\/div>\n<\/div>\n<\/div>\n<h2>K\u0101 pas\u016bt\u012bt?<\/h2>\n<div class=\"flex-shrink-0 flex flex-col relative items-end\">\n<div class=\"pt-0\">\n<div class=\"gizmo-bot-avatar flex h-8 w-8 items-center justify-center overflow-hidden rounded-full\">\n<div>\n<p><strong>1. K\u0101dus maks\u0101jumu veidus j\u016bs pie\u0146emat?<\/strong><br \/>\n<span class=\"selectable-text copyable-text false\">Maks\u0101jumiem m\u0113s pied\u0101v\u0101jam bankas p\u0101rskait\u012bjumu un Western Union. Liel\u0101k\u0101 da\u013ca m\u016bsu Eiropas klientu izv\u0113las bankas p\u0101rskait\u012bjumu, mums ir viet\u0113jais bankas konts, kur\u0101 varat maks\u0101t uz m\u016bsu IBAN kontu bez apstr\u0101des maksas. <\/span>.<\/p>\n<p><strong>2. K\u0101 es varu izsekot savam pas\u016bt\u012bjumam?<\/strong><br \/>\nP\u0113c pakas nos\u016bt\u012b\u0161anas, <span class=\"selectable-text copyable-text false\">m\u0113s pied\u0101v\u0101sim izseko\u0161anas numuru atsaucei, m\u0113s ar\u012b atjaunin\u0101sim statusu, l\u012bdz j\u016bs sa\u0146emsiet kravu<\/span>.<\/p>\n<p><strong>3. Cik ilgs laiks nepiecie\u0161ams, lai t\u0101 pien\u0101ktu?<\/strong><\/p>\n<ul>\n<li>Pieg\u0101de no <strong>\u0136\u012bnas noliktav\u0101m<\/strong> aiz\u0146em aptuveni <strong>7-14 darba dienas<\/strong>.<\/li>\n<li>Pieg\u0101de no <strong>Eiropas noliktav\u0101m<\/strong> parasti aiz\u0146em <strong>3-6 darba dienas<\/strong>.<\/li>\n<\/ul>\n<p><strong>4. K\u0101 es varu sa\u0146emt \u0101tr\u0101ku pieg\u0101di?<\/strong><br \/>\nLai nodro\u0161in\u0101tu \u0101tr\u0101ku pieg\u0101di, m\u0113s iesak\u0101m pas\u016bt\u012bt no m\u016bsu <strong>Eiropas noliktavas<\/strong>, kas pied\u0101v\u0101 \u0101tr\u0101ku pieg\u0101des laiku.<\/p>\n<p><strong>5. Ko dar\u012bt, ja es sa\u0146emu boj\u0101tu vai defekt\u012bvu produktu?<\/strong><br \/>\nJa j\u016bsu prece ir boj\u0101ta vai defekt\u012bva, sazinieties ar klientu apkalpo\u0161anas dienestu, lai sa\u0146emtu <strong>nomai\u0146u vai atmaksu<\/strong>.<\/p>\n<p><strong>6. K\u0101 es varu sazin\u0101ties ar klientu apkalpo\u0161anas dienestu?<\/strong><br \/>\nJ\u016bs varat sazin\u0101ties ar mums, izmantojot<strong>\u00a0WhatsApp vai tie\u0161saistes t\u0113rz\u0113\u0161anu<\/strong> m\u016bsu t\u012bmek\u013ca vietn\u0113, lai sa\u0146emtu pal\u012bdz\u012bbu.<\/p>\n<\/div>\n<div class=\"relative p-1 rounded-sm flex items-center justify-center bg-token-main-surface-primary text-token-text-primary h-8 w-8\"><strong>7. K\u0101das pieg\u0101des metodes tiek izmantotas?<\/strong><\/div>\n<\/div>\n<\/div>\n<\/div>\n<div class=\"group\/conversation-turn relative flex w-full min-w-0 flex-col agent-turn\">\n<div class=\"flex-col gap-1 md:gap-3\">\n<div class=\"flex max-w-full flex-col flex-grow\">\n<div class=\"min-h-[20px] text-message flex w-full flex-col items-end gap-2 whitespace-normal break-words [.text-message+&amp;]:mt-5 overflow-x-auto\" dir=\"auto\" data-message-author-role=\"assistant\" data-message-id=\"22f8283b-3233-46ff-89a5-c7a41b33abda\">\n<div class=\"flex w-full flex-col gap-1 empty:hidden first:pt-[3px]\">\n<div class=\"markdown prose w-full break-words dark:prose-invert light\">\n<p>M\u0113s sadarbojamies ar UPS, DHL, FedEx, DPD un citiem vado\u0161ajiem p\u0101rvad\u0101t\u0101jiem. M\u0113s izv\u0113l\u0113simies lab\u0101ko pieg\u0101des veidu, pamatojoties uz j\u016bsu pieg\u0101des vietu, lai nodro\u0161in\u0101tu, ka j\u016bs sa\u0146emat savus produktus p\u0113c iesp\u0113jas \u0101tr\u0101k.<\/p>\n<\/div>\n<\/div>\n<\/div>\n<\/div>\n<\/div>\n<\/div>\n<p>Atrodiet vair\u0101k Vape produktu, kas jums var\u0113tu patikt:<strong><em><a href=\"https:\/\/rmvapesale.com\/lv\/shop-2\/\">iepirkties tagad &gt;&gt;&gt;<\/a><\/em><\/strong><\/p>","protected":false},"excerpt":{"rendered":"<p>Bang Box 30000 30k uzp\u016btienu uzl\u0101d\u0113jams vienreiz\u0113j\u0101s lieto\u0161anas vape par zemu cenu<br \/>\nBang Box 30000 30k uzp\u016btienu karst\u0101 izp\u0101rdo\u0161ana vienreiz\u0113j\u0101s lieto\u0161anas vape pildspalva vairumtirdzniec\u012bb\u0101<br \/>\nBangBox 30000 uzp\u016btienu LED displejs viedais ekr\u0101ns vienreiz\u0113j\u0101s lieto\u0161anas vape vairumtirdzniec\u012bba<\/p>\n<p><strong>Sazinieties ar Eimiju, lai ieg\u016btu pareizo atbildi un veipu kuponu!<\/strong><\/p>\n<p><img loading=\"lazy\" decoding=\"async\" class=\"size-full wp-image-2375\" src=\"https:\/\/rmvapesale.com\/wp-content\/uploads\/2024\/10\/image.png\" alt=\"Lab\u0101kais vienreiz\u0113jais vape\" width=\"229\" height=\"300\" \/><\/p>\n<h3><a href=\"https:\/\/wa.me\/8617776015835\"><span style=\"color: #ff0000\"><strong>WhatsApp: +86 17776015835<\/strong><\/span><\/a><\/h3>\n<p>&nbsp;<\/p>","protected":false},"featured_media":2983,"comment_status":"open","ping_status":"closed","template":"","meta":{"_uag_custom_page_level_css":"","_lmt_disableupdate":"no","_lmt_disable":"","site-sidebar-layout":"default","site-content-layout":"content-boxed-container","ast-site-content-layout":"normal-width-container","site-content-style":"boxed","site-sidebar-style":"unboxed","ast-global-header-display":"","ast-banner-title-visibility":"","ast-main-header-display":"","ast-hfb-above-header-display":"","ast-hfb-below-header-display":"","ast-hfb-mobile-header-display":"","site-post-title":"","ast-breadcrumbs-content":"","ast-featured-img":"","footer-sml-layout":"","theme-transparent-header-meta":"default","adv-header-id-meta":"","stick-header-meta":"","header-above-stick-meta":"","header-main-stick-meta":"","header-below-stick-meta":"","astra-migrate-meta-layouts":"set","ast-page-background-enabled":"default","ast-page-background-meta":{"desktop":{"background-color":"var(--ast-global-color-4)","background-image":"","background-repeat":"repeat","background-position":"center center","background-size":"auto","background-attachment":"scroll","background-type":"","background-media":"","overlay-type":"","overlay-color":"","overlay-opacity":"","overlay-gradient":""},"tablet":{"background-color":"","background-image":"","background-repeat":"repeat","background-position":"center center","background-size":"auto","background-attachment":"scroll","background-type":"","background-media":"","overlay-type":"","overlay-color":"","overlay-opacity":"","overlay-gradient":""},"mobile":{"background-color":"","background-image":"","background-repeat":"repeat","background-position":"center center","background-size":"auto","background-attachment":"scroll","background-type":"","background-media":"","overlay-type":"","overlay-color":"","overlay-opacity":"","overlay-gradient":""}},"ast-content-background-meta":{"desktop":{"background-color":"var(--ast-global-color-5)","background-image":"","background-repeat":"repeat","background-position":"center center","background-size":"auto","background-attachment":"scroll","background-type":"","background-media":"","overlay-type":"","overlay-color":"","overlay-opacity":"","overlay-gradient":""},"tablet":{"background-color":"var(--ast-global-color-5)","background-image":"","background-repeat":"repeat","background-position":"center center","background-size":"auto","background-attachment":"scroll","background-type":"","background-media":"","overlay-type":"","overlay-color":"","overlay-opacity":"","overlay-gradient":""},"mobile":{"background-color":"var(--ast-global-color-5)","background-image":"","background-repeat":"repeat","background-position":"center center","background-size":"auto","background-attachment":"scroll","background-type":"","background-media":"","overlay-type":"","overlay-color":"","overlay-opacity":"","overlay-gradient":""}},"_joinchat":[]},"product_brand":[],"product_cat":[15,289,290,291,292,293,295,299,273,253,25,123,26,28,135,27,60,137,136,30],"product_tag":[307,146,222,64,40,111,306],"class_list":{"0":"post-3014","1":"product","2":"type-product","3":"status-publish","4":"has-post-thumbnail","6":"product_cat-new-vape-this-week","7":"product_cat-big-puffs-disposable-vapes","8":"product_cat-crystal-disposable-vapes","9":"product_cat-dual-mesh-disposable-vapes","10":"product_cat-digital-disposable-vapes","11":"product_cat-low-nicotine-disposable-vapes","12":"product_cat-rechargeable-disposable-vapes","13":"product_cat-smart-screen-disposable-vapes","14":"product_cat-bang-box-vape","15":"product_cat-15000-puff-disposable-vape","16":"product_cat-germany-best-selling-vape","17":"product_cat-italy-wholesale-vape","18":"product_cat-netherlands-hot-sale-vape","19":"product_cat-poland-hot-sale-vape","20":"product_cat-spain-best-hot-sale-vape","21":"product_cat-fance-hot-sale-vape","22":"product_cat-bang-vapes","23":"product_cat-rechargeable-vapes","24":"product_cat-smart-screen-vapes","25":"product_cat-minimum-order-quantity-50pcs","26":"product_tag-bang-box-30000","27":"product_tag-best-hot-sale-vape","28":"product_tag-double-flavor-vape","29":"product_tag-dual-flavour-vape","30":"product_tag-hot-sale-vape","31":"product_tag-low-nicotine-disposable-vape","32":"product_tag-puff-bar","33":"desktop-align-left","34":"tablet-align-left","35":"mobile-align-left","37":"first","38":"instock","39":"sale","40":"shipping-taxable","41":"purchasable","42":"product-type-simple"},"uagb_featured_image_src":{"full":["https:\/\/rmvapesale.com\/wp-content\/uploads\/2025\/01\/Bang-Box-30000-30k-Puffs-Double-Rechargeable-Disposable-Vape-Wholesale.webp",1000,1000,false],"thumbnail":["https:\/\/rmvapesale.com\/wp-content\/uploads\/2025\/01\/Bang-Box-30000-30k-Puffs-Double-Rechargeable-Disposable-Vape-Wholesale-150x150.webp",150,150,true],"medium":["https:\/\/rmvapesale.com\/wp-content\/uploads\/2025\/01\/Bang-Box-30000-30k-Puffs-Double-Rechargeable-Disposable-Vape-Wholesale-300x300.webp",300,300,true],"medium_large":["https:\/\/rmvapesale.com\/wp-content\/uploads\/2025\/01\/Bang-Box-30000-30k-Puffs-Double-Rechargeable-Disposable-Vape-Wholesale-768x768.webp",768,768,true],"large":["https:\/\/rmvapesale.com\/wp-content\/uploads\/2025\/01\/Bang-Box-30000-30k-Puffs-Double-Rechargeable-Disposable-Vape-Wholesale.webp",1000,1000,false],"1536x1536":["https:\/\/rmvapesale.com\/wp-content\/uploads\/2025\/01\/Bang-Box-30000-30k-Puffs-Double-Rechargeable-Disposable-Vape-Wholesale.webp",1000,1000,false],"2048x2048":["https:\/\/rmvapesale.com\/wp-content\/uploads\/2025\/01\/Bang-Box-30000-30k-Puffs-Double-Rechargeable-Disposable-Vape-Wholesale.webp",1000,1000,false],"trp-custom-language-flag":["https:\/\/rmvapesale.com\/wp-content\/uploads\/2025\/01\/Bang-Box-30000-30k-Puffs-Double-Rechargeable-Disposable-Vape-Wholesale.webp",12,12,false],"woocommerce_thumbnail":["https:\/\/rmvapesale.com\/wp-content\/uploads\/2025\/01\/Bang-Box-30000-30k-Puffs-Double-Rechargeable-Disposable-Vape-Wholesale-300x300.webp",300,300,true],"woocommerce_single":["https:\/\/rmvapesale.com\/wp-content\/uploads\/2025\/01\/Bang-Box-30000-30k-Puffs-Double-Rechargeable-Disposable-Vape-Wholesale-600x600.webp",600,600,true],"woocommerce_gallery_thumbnail":["https:\/\/rmvapesale.com\/wp-content\/uploads\/2025\/01\/Bang-Box-30000-30k-Puffs-Double-Rechargeable-Disposable-Vape-Wholesale-100x100.webp",100,100,true],"wcpr-photo-reviews":["https:\/\/rmvapesale.com\/wp-content\/uploads\/2025\/01\/Bang-Box-30000-30k-Puffs-Double-Rechargeable-Disposable-Vape-Wholesale.webp",500,500,false]},"uagb_author_info":{"display_name":"AMY","author_link":"https:\/\/rmvapesale.com\/lv\/author\/"},"uagb_comment_info":0,"uagb_excerpt":"Bang Box 30000 30k Puff\u00a0 Bar Rechargeable Disposable Vape Cheap Price Bang Box 30000 30k Puffs Hot Sale Disposable Vape Pen Bulk Buy BangBox 30000 Puffs\u00a0 LED Display Smart Screen Disposable Vape Wholesale Contact Amy to get right reply and vape coupon! WhatsApp: +86 17776015835 &nbsp;","_links":{"self":[{"href":"https:\/\/rmvapesale.com\/lv\/wp-json\/wp\/v2\/product\/3014","targetHints":{"allow":["GET"]}}],"collection":[{"href":"https:\/\/rmvapesale.com\/lv\/wp-json\/wp\/v2\/product"}],"about":[{"href":"https:\/\/rmvapesale.com\/lv\/wp-json\/wp\/v2\/types\/product"}],"replies":[{"embeddable":true,"href":"https:\/\/rmvapesale.com\/lv\/wp-json\/wp\/v2\/comments?post=3014"}],"wp:featuredmedia":[{"embeddable":true,"href":"https:\/\/rmvapesale.com\/lv\/wp-json\/wp\/v2\/media\/2983"}],"wp:attachment":[{"href":"https:\/\/rmvapesale.com\/lv\/wp-json\/wp\/v2\/media?parent=3014"}],"wp:term":[{"taxonomy":"product_brand","embeddable":true,"href":"https:\/\/rmvapesale.com\/lv\/wp-json\/wp\/v2\/product_brand?post=3014"},{"taxonomy":"product_cat","embeddable":true,"href":"https:\/\/rmvapesale.com\/lv\/wp-json\/wp\/v2\/product_cat?post=3014"},{"taxonomy":"product_tag","embeddable":true,"href":"https:\/\/rmvapesale.com\/lv\/wp-json\/wp\/v2\/product_tag?post=3014"}],"curies":[{"name":"wp","href":"https:\/\/api.w.org\/{rel}","templated":true}]}}