{"id":3015,"date":"2025-02-02T08:01:52","date_gmt":"2025-02-02T08:01:52","guid":{"rendered":"https:\/\/rmvapesale.com\/?post_type=product&#038;p=3015"},"modified":"2025-01-23T08:19:44","modified_gmt":"2025-01-23T08:19:44","slug":"smart-screen-disposable-vape-bang-king-35000-puff-35k-rechargeable-disposable-vape-0-2-5-nicotine-factory-price","status":"publish","type":"product","link":"https:\/\/rmvapesale.com\/lv\/product\/smart-screen-disposable-vape-bang-king-35000-puff-35k-rechargeable-disposable-vape-0-2-5-nicotine-factory-price\/","title":{"rendered":"Viedais ekr\u0101ns Vienreiz\u0113j\u0101s lieto\u0161anas Vape Bang King 35000 Uzp\u016b\u0161u 35k Uzl\u0101d\u0113jams Vienreiz\u0113j\u0101s lieto\u0161anas Vape 0% 2% 5% Nikot\u012bna R\u016bpn\u012bcas Cena"},"content":{"rendered":"<div class=\"B2VR9 CJHX3e\">\n<div class=\"wyccme\">\n<div class=\"flex-shrink-0 flex flex-col relative items-end\">\n<div class=\"pt-0\">\n<div class=\"gizmo-bot-avatar flex h-8 w-8 items-center justify-center overflow-hidden rounded-full\">\n<div class=\"relative p-1 rounded-sm flex items-center justify-center bg-token-main-surface-primary text-token-text-primary h-8 w-8\">\n<div class=\"flex-shrink-0 flex flex-col relative items-end\">\n<div class=\"pt-0\">\n<div class=\"gizmo-bot-avatar flex h-8 w-8 items-center justify-center overflow-hidden rounded-full\">\n<div class=\"flex-shrink-0 flex flex-col relative items-end\">\n<div class=\"pt-0\">\n<div class=\"gizmo-bot-avatar flex h-8 w-8 items-center justify-center overflow-hidden rounded-full\">\n<h1 class=\"relative p-1 rounded-sm flex items-center justify-center bg-token-main-surface-primary text-token-text-primary h-8 w-8\">Viedais ekr\u0101ns Vienreiz\u0113j\u0101s lieto\u0161anas Vape Bang King 35000 Uzp\u016b\u0161u 35k Uzl\u0101d\u0113jams Vienreiz\u0113j\u0101s lieto\u0161anas Vape 0% 2% 5% Nikot\u012bna R\u016bpn\u012bcas Cena<\/h1>\n<\/div>\n<\/div>\n<\/div>\n<\/div>\n<\/div>\n<\/div>\n<\/div>\n<\/div>\n<\/div>\n<\/div>\n<div class=\"group\/conversation-turn relative flex w-full min-w-0 flex-col agent-turn\">\n<div class=\"flex-col gap-1 md:gap-3\">\n<div class=\"flex max-w-full flex-col flex-grow\">\n<div class=\"min-h-8 text-message flex w-full flex-col items-end gap-2 whitespace-normal break-words text-start [.text-message+&amp;]:mt-5\" dir=\"auto\" data-message-author-role=\"assistant\" data-message-id=\"80ece0c4-ead1-4ed9-a9f0-ddc22582b4f4\" data-message-model-slug=\"gpt-4o\">\n<p>Vai mekl\u0113jat <strong>uzpild\u0101mu vienreiz\u0113j\u0101s lieto\u0161anas vape ar lielu dvesienu skaitu<\/strong> ar vied\u0101m funkcij\u0101m? The <strong>Bang King 35000 Dvesienu Vied\u0101 Ekr\u0101na Vienreiz\u0113j\u0101s Lieto\u0161anas Vape<\/strong> ir lieliska izv\u0113le veipot\u0101jiem, kuri pieprasa <strong>lielu dvesienu ietilp\u012bbu, regul\u0113jamu gaisa pl\u016bsmu un vair\u0101kus nikot\u012bna l\u012bme\u0146us<\/strong>, un tas viss par <strong>zemu vairumtirdzniec\u012bbas cenu<\/strong>. Ar neticamu <strong>35 000 dvesienu ietilp\u012bbu<\/strong>, \u0161is vape nodro\u0161ina ilgsto\u0161u baud\u012bjumu, padarot to par vienu no <strong>popul\u0101r\u0101kajiem vienreiz\u0113j\u0101s lieto\u0161anas vape<\/strong> tirg\u016b.<\/p>\n<p>Iepriek\u0161 uzpild\u012bts ar <strong>23 ml e-\u0161\u0137idruma<\/strong>, Bang King nodro\u0161ina gar\u0161\u012bgu, bezr\u016bp\u012bgu tvaic\u0113\u0161anas pieredzi bez bie\u017eas uzpildes. Uzlabotais <strong>0,6 \u03a9 pretest\u012bbas spole<\/strong> nodro\u0161ina vienm\u0113r\u012bgu, apmierino\u0161u tvaiku ra\u017eo\u0161anu, savuk\u0101rt inovat\u012bvais <strong>viedais ekr\u0101na displejs<\/strong> inform\u0113 j\u016bs ar re\u0101llaika atjaunin\u0101jumiem par e-\u0161\u0137idruma un akumulatora l\u012bmeni.<\/p>\n<p>Izstr\u0101d\u0101ts \u0113rt\u012bbai, <strong>850 mAh uzl\u0101d\u0113jams akumulators<\/strong> atbalsta <strong>Type-C \u0101tr\u0101s uzl\u0101des<\/strong>\u013caujot \u0101tri atgriezties pie tvaic\u0113\u0161anas. Neatkar\u012bgi no t\u0101, vai v\u0113laties <strong>zema nikot\u012bna vape<\/strong> vai sp\u0113c\u012bg\u0101ku triecienu, Bang King pied\u0101v\u0101 vair\u0101kus nikot\u012bna stiprumus, tostarp <strong>0%, 2%, 3% un 5%<\/strong>, apmierinot visas v\u0113lmes.<\/p>\n<p>Pied\u0101v\u0101jot <strong>regul\u0113jamu gaisa pl\u016bsmu<\/strong>, j\u016bs varat prec\u012bzi noregul\u0113t savu tvaic\u0113\u0161anas pieredzi, lai ieg\u016btu cie\u0161\u0101ku vilkmi vai vienm\u0113r\u012bg\u0101ku, gais\u012bg\u0101ku triecienu. Turkl\u0101t, ar <strong>12 gard\u0101m gar\u0161\u0101m<\/strong> no kur\u0101m izv\u0113l\u0113ties, ir kaut kas, kas apmierin\u0101s ikvienu gaumi.<\/p>\n<p>Ide\u0101li piem\u0113rots <strong>vairumtirgot\u0101jiem un tvaiku izplat\u012bt\u0101jiem<\/strong>, \u0161\u012b ier\u012bce ir pieejama par <strong>ra\u017eot\u0101ja tie\u0161\u0101 cena<\/strong>, padarot to par lielisku izv\u0113li tiem, kas v\u0113las <strong>ieg\u0101d\u0101ties vienreiz\u0113j\u0101s lieto\u0161anas iztvaic\u0113t\u0101jus vairum\u0101<\/strong>.<\/p>\n<\/div>\n<\/div>\n<\/div>\n<\/div>\n<div class=\"flex-shrink-0 flex flex-col relative items-end\">\n<div class=\"pt-0\">\n<div class=\"gizmo-bot-avatar flex h-8 w-8 items-center justify-center overflow-hidden rounded-full\">\n<p>&nbsp;<\/p>\n<\/div>\n<\/div>\n<\/div>\n<\/div>\n<\/div>\n<p><strong>Sazinieties ar Eimiju, lai ieg\u016btu pareizo atbildi un veipu kuponu!<\/strong><\/p>\n<p><img loading=\"lazy\" decoding=\"async\" class=\"size-full wp-image-1978\" src=\"https:\/\/rmvapesale.com\/wp-content\/uploads\/2024\/09\/Disposable-Vape-Wholesale.jpg\" alt=\"Vienreiz\u0113jais vape vairumtirdzniec\u012bba\" width=\"229\" height=\"300\" \/><\/p>\n<h3><a href=\"https:\/\/wa.me\/8617776015835\" target=\"_blank\" rel=\"noopener\"><span style=\"color: #ff0000\"><strong>WhatsApp: +86 17776015835<\/strong><\/span><\/a><\/h3>\n<h3><\/h3>\n<h3><strong style=\"font-size: 1.7em\">Bang King 35000 uzp\u016btienu galven\u0101s produkta \u012bpa\u0161\u012bbas<\/strong><\/h3>\n<ul>\n<li><strong>Milz\u012bgs 35 000 uzp\u016btienu skaits:<\/strong> Izbaudiet ilgsto\u0161u tvaic\u0113\u0161anu bez bie\u017eas nomai\u0146as.<\/li>\n<li><strong>23 ml e-\u0161\u0137idruma ietilp\u012bba:<\/strong> Nodro\u0161ina ilgsto\u0161u baud\u012bjumu bez atk\u0101rtotas uzpild\u012b\u0161anas.<\/li>\n<li><strong>Viedais ekr\u0101na displejs:<\/strong> Re\u0101llaik\u0101 seko l\u012bdzi uzp\u016btienu skaitam un akumulatora l\u012bmenim.<\/li>\n<li><strong>Nikot\u012bna opcijas:<\/strong> Pieejams 0%, 2%, 3% un 5%, lai atbilstu visiem lietot\u0101jiem.<\/li>\n<li><strong>Uzl\u0101d\u0113jams 850mAh akumulators:<\/strong> Ilgsto\u0161a veiktsp\u0113ja ar \u0101tru Type-C uzl\u0101di.<\/li>\n<li><strong>Regul\u0113jama gaisa pl\u016bsmas kontrole:<\/strong> Piel\u0101gojiet savu vilkmi ide\u0101lam tr\u0101p\u012bjumam.<\/li>\n<li><strong>Aizsardz\u012bba pret izdeg\u0161anu:<\/strong> Nodro\u0161ina vienm\u0113r\u012bgu un konsekventu tvaic\u0113\u0161anas pieredzi.<\/li>\n<li><strong>12 gar\u0161u izv\u0113les:<\/strong> Pla\u0161s gar\u0161u kl\u0101sts, lai apmierin\u0101tu ikvienu gar\u0161u.<\/li>\n<\/ul>\n<figure id=\"attachment_2996\" aria-describedby=\"caption-attachment-2996\" style=\"width: 800px\" class=\"wp-caption alignnone\"><img loading=\"lazy\" decoding=\"async\" class=\"wp-image-2996 size-full\" src=\"https:\/\/rmvapesale.com\/wp-content\/uploads\/2025\/01\/Bang-King-Vape-35000-Puffs-Disposable-Vapes-Bulk-Buy.webp\" alt=\"Bang King Vape 35000 uzp\u016btienu vienreiz\u0113j\u0101s lieto\u0161anas iztvaic\u0113t\u0101ju vairumtirdzniec\u012bba\" width=\"800\" height=\"800\" srcset=\"https:\/\/rmvapesale.com\/wp-content\/uploads\/2025\/01\/Bang-King-Vape-35000-Puffs-Disposable-Vapes-Bulk-Buy.webp 800w, https:\/\/rmvapesale.com\/wp-content\/uploads\/2025\/01\/Bang-King-Vape-35000-Puffs-Disposable-Vapes-Bulk-Buy-300x300.webp 300w, https:\/\/rmvapesale.com\/wp-content\/uploads\/2025\/01\/Bang-King-Vape-35000-Puffs-Disposable-Vapes-Bulk-Buy-150x150.webp 150w, https:\/\/rmvapesale.com\/wp-content\/uploads\/2025\/01\/Bang-King-Vape-35000-Puffs-Disposable-Vapes-Bulk-Buy-768x768.webp 768w, https:\/\/rmvapesale.com\/wp-content\/uploads\/2025\/01\/Bang-King-Vape-35000-Puffs-Disposable-Vapes-Bulk-Buy-600x600.webp 600w, https:\/\/rmvapesale.com\/wp-content\/uploads\/2025\/01\/Bang-King-Vape-35000-Puffs-Disposable-Vapes-Bulk-Buy-100x100.webp 100w\" sizes=\"auto, (max-width: 800px) 100vw, 800px\" \/><figcaption id=\"caption-attachment-2996\" class=\"wp-caption-text\">Bang King Vape 35000 uzp\u016btienu vienreiz\u0113j\u0101s lieto\u0161anas iztvaic\u0113t\u0101ju vairumtirdzniec\u012bba<\/figcaption><\/figure>\n<h3><strong style=\"font-size: 1.7em\">Popul\u0101r\u0101k\u0101 gar\u0161a Bang King 35000 uzp\u016btieniem<\/strong><strong style=\"font-size: 1.7em\">\u00a0Iztvaic\u0113t\u0101js<\/strong><\/h3>\n<p>\u0160is <strong>Bang King 35000 uzp\u016btienu uzl\u0101d\u0113jams vienreiz\u0113j\u0101s lieto\u0161anas iztvaic\u0113t\u0101js<\/strong> pied\u0101v\u0101 <strong>izcilu tvaic\u0113\u0161anas pieredzi<\/strong> ar <strong>viedu tehnolo\u0123iju<\/strong>, padarot to par lab\u0101ko izv\u0113li gan person\u012bgai lieto\u0161anai, gan vairumtirdzniec\u012bbai. Pas\u016btiet t\u016bl\u012bt un izbaudiet izcilu vienreiz\u0113j\u0101s lieto\u0161anas tvaic\u0113\u0161anu!<\/p>\n<ol>\n<li>Zeme\u0146u mango<\/li>\n<li>Love66<\/li>\n<li>Zil\u0101 Avene Ledus<\/li>\n<li>Zeme\u0146u Arb\u016bzs<\/li>\n<li>Citronu Piparm\u0113tra<\/li>\n<li>Dubultais \u0100bols<\/li>\n<li>Ener\u0123ijas Dz\u0113riens<\/li>\n<li>Persiku ledus<\/li>\n<li>Zeme\u0146u Kivi<\/li>\n<li>V\u012bnogu Ledus<\/li>\n<li>Melle\u0146u ledus<\/li>\n<li>Arb\u016bzs<\/li>\n<\/ol>\n<h3><strong>K\u0101p\u0113c izv\u0113l\u0113ties Rmvapesale Bang King 35000 dvesieniem?\u00a0 <\/strong><strong>V<\/strong><strong>ape Vairumtirdzniec\u012bba<\/strong><strong>?<\/strong><\/h3>\n<div class=\"flex-shrink-0 flex flex-col relative items-end\">\n<div class=\"pt-0\">\n<div class=\"gizmo-bot-avatar flex h-8 w-8 items-center justify-center overflow-hidden rounded-full\">\n<p>Pieaugot konkurencei vienreiz\u0113j\u0101s lieto\u0161anas e-cigare\u0161u tirg\u016b, Rmvapesale, glob\u0101lais l\u012bderis vienreiz\u0113j\u0101s lieto\u0161anas iztvaic\u0113t\u0101ju vairumtirdzniec\u012bbas risin\u0101jumos, ir laidis klaj\u0101 Smart Screen vienreiz\u0113j\u0101s lieto\u0161anas iztvaic\u0113t\u0101ju Bang King 35000. \u0160is novatoriskais produkts piesaista uzman\u012bbu ar savu unik\u0101lo est\u0113tiku un modes dizainu. Pied\u0101v\u0101jot pla\u0161u aug\u013cu gar\u0161u kl\u0101stu, tas apmierina pla\u0161u pat\u0113r\u0113t\u0101ju gaumi, vienlaikus uzsverot inov\u0101cijas un daudzpus\u012bbu.<\/p>\n<p class=\"relative p-1 rounded-sm flex items-center justify-center bg-token-main-surface-primary text-token-text-primary h-8 w-8\">Rmvapesale ir j\u016bsu uzticamais iztvaic\u0113t\u0101ju veikals augst\u0101k\u0101s kvalit\u0101tes vienreiz\u0113j\u0101s lieto\u0161anas iztvaic\u0113t\u0101jiem. Ar vair\u0101k nek\u0101 5 gadu pieredzi m\u0113s pied\u0101v\u0101jam popul\u0101rus vienreiz\u0113j\u0101s lieto\u0161anas iztvaic\u0113t\u0101ju z\u012bmolus, piem\u0113ram, Al Fakher, JNR Vape, Vapsolo Vape, Vapme Vape, <a href=\"https:\/\/rmvapesale.com\/lv\/product-category\/bang-vapes\/\">Bang Vape<\/a>, Waspe Vape, WGA Vape un<a href=\"https:\/\/rmvapesale.com\/lv\/product-category\/randm-fumot-vape\/\"> RandM Vape<\/a>. M\u016bsu kl\u0101st\u0101 ietilpst karstie vienreiz\u0113j\u0101s lieto\u0161anas iztvaic\u0113t\u0101ji, piem\u0113ram, <a href=\"https:\/\/rmvapesale.com\/lv\/product\/vopk-tornado-15000-puffs-disposable-vape-led-display\/\">VOPK Tornado 15000 dvesmas<\/a> un gar\u0161\u0101m bag\u0101tas izv\u0113les, piem\u0113ram,<a href=\"https:\/\/rmvapesale.com\/lv\/product\/elf-box-ls15000-puffs-shisha-hookah-disposable-vape\/\"> ELF BOX shisha Hooka 15000 PUFFS<\/a>. Katrs produkts tiek izv\u0113l\u0113ts, piev\u0113r\u0161ot uzman\u012bbu kvalit\u0101tei, v\u0113rt\u012bbai un daudzveid\u012bbai, nodro\u0161inot, ka j\u016bs atrad\u012bsiet sev piem\u0113rot\u0101ko. Atkl\u0101jiet izcilu servisu un pla\u0161u augst\u0101k\u0101s klases produktu kl\u0101stu Rmvapesale.<\/p>\n<p class=\"relative p-1 rounded-sm flex items-center justify-center bg-token-main-surface-primary text-token-text-primary h-8 w-8\"><b style=\"font-size: 1.5em;font-style: inherit\">BUJ par Bang King 35000 dvesieniem <\/b><b style=\"font-size: 1.5em;font-style: inherit\">Uzl\u0101d\u0113jams vienreiz\u0113j\u0101s lieto\u0161anas vape<\/b><\/p>\n<ol>\n<li><strong>Kur es varu ieg\u0101d\u0101ties Bang King 35000 Puffs vienreiz\u0113j\u0101s lieto\u0161anas iztvaic\u0113t\u0101ju par vairumtirdzniec\u012bbas cen\u0101m?<\/strong>\n<ul>\n<li>J\u016bs varat ieg\u016bt lab\u0101k\u0101s cenas tie\u0161i no ra\u017eot\u0101ja vietn\u0113 <a href=\"https:\/\/rmvapesale.com\/lv\/\" target=\"_new\" rel=\"noopener\">Rmvapesale<\/a>, j\u016bsu uzticam\u0101 vienreiz\u0113j\u0101s lieto\u0161anas iztvaic\u0113t\u0101ju vairumtirdzniec\u012bbas avot\u0101.<\/li>\n<\/ul>\n<\/li>\n<li><strong>Vai Bang King 35000 iztvaic\u0113t\u0101ju var uzl\u0101d\u0113t?<\/strong>\n<ul>\n<li>J\u0101, tam ir 850 mAh uzl\u0101d\u0113jams akumulators un tas atbalsta Type-C \u0101tro uzl\u0101di.<\/li>\n<\/ul>\n<\/li>\n<li><strong>K\u0101di nikot\u012bna stiprumi ir pieejami?<\/strong>\n<ul>\n<li>\u0160is tvaic\u0113t\u0101js ir pieejams ar 0%, 2%, 3% un 5% nikot\u012bna l\u012bmeni, lai atbilstu da\u017e\u0101d\u0101m v\u0113lm\u0113m.<\/li>\n<\/ul>\n<\/li>\n<li><strong>K\u0101 darbojas viedais ekr\u0101ns?<\/strong>\n<ul>\n<li>Displejs nodro\u0161ina re\u0101llaika inform\u0101ciju par akumulatora darb\u012bbas laiku un e-\u0161\u0137idruma l\u012bmeni, nodro\u0161inot, ka j\u016bs vienm\u0113r esat inform\u0113ts.<\/li>\n<\/ul>\n<\/li>\n<li><strong>Vai Bang King 35K pied\u0101v\u0101 regul\u0113jamu gaisa pl\u016bsmu?<\/strong>\n<ul>\n<li>J\u0101, regul\u0113jam\u0101 gaisa pl\u016bsmas funkcija \u013cauj piel\u0101got savu tvaic\u0113\u0161anas stilu cie\u0161\u0101kai vai br\u012bv\u0101kai ievilk\u0161anai.<\/li>\n<\/ul>\n<\/li>\n<\/ol>\n<\/div>\n<\/div>\n<\/div>\n<h2>K\u0101 pas\u016bt\u012bt?<\/h2>\n<div class=\"flex-shrink-0 flex flex-col relative items-end\">\n<div class=\"pt-0\">\n<div class=\"gizmo-bot-avatar flex h-8 w-8 items-center justify-center overflow-hidden rounded-full\">\n<div>\n<p><strong>1. K\u0101dus maks\u0101jumu veidus j\u016bs pie\u0146emat?<\/strong><br \/>\n<span class=\"selectable-text copyable-text false\">Maks\u0101jumiem m\u0113s pied\u0101v\u0101jam bankas p\u0101rskait\u012bjumu un Western Union. Liel\u0101k\u0101 da\u013ca m\u016bsu Eiropas klientu izv\u0113las bankas p\u0101rskait\u012bjumu, mums ir viet\u0113jais bankas konts, kur\u0101 varat maks\u0101t uz m\u016bsu IBAN kontu bez apstr\u0101des maksas. <\/span>.<\/p>\n<p><strong>2. K\u0101 es varu izsekot savam pas\u016bt\u012bjumam?<\/strong><br \/>\nP\u0113c pakas nos\u016bt\u012b\u0161anas, <span class=\"selectable-text copyable-text false\">m\u0113s pied\u0101v\u0101sim izseko\u0161anas numuru atsaucei, m\u0113s ar\u012b atjaunin\u0101sim statusu, l\u012bdz j\u016bs sa\u0146emsiet kravu<\/span>.<\/p>\n<p><strong>3. Cik ilgs laiks nepiecie\u0161ams, lai t\u0101 pien\u0101ktu?<\/strong><\/p>\n<ul>\n<li>Pieg\u0101de no <strong>\u0136\u012bnas noliktav\u0101m<\/strong> aiz\u0146em aptuveni <strong>7-14 darba dienas<\/strong>.<\/li>\n<li>Pieg\u0101de no <strong>Eiropas noliktav\u0101m<\/strong> parasti aiz\u0146em <strong>3-6 darba dienas<\/strong>.<\/li>\n<\/ul>\n<p><strong>4. K\u0101 es varu sa\u0146emt \u0101tr\u0101ku pieg\u0101di?<\/strong><br \/>\nLai nodro\u0161in\u0101tu \u0101tr\u0101ku pieg\u0101di, m\u0113s iesak\u0101m pas\u016bt\u012bt no m\u016bsu <strong>Eiropas noliktavas<\/strong>, kas pied\u0101v\u0101 \u0101tr\u0101ku pieg\u0101des laiku.<\/p>\n<p><strong>5. Ko dar\u012bt, ja es sa\u0146emu boj\u0101tu vai defekt\u012bvu produktu?<\/strong><br \/>\nJa j\u016bsu prece ir boj\u0101ta vai defekt\u012bva, sazinieties ar klientu apkalpo\u0161anas dienestu, lai sa\u0146emtu <strong>nomai\u0146u vai atmaksu<\/strong>.<\/p>\n<p><strong>6. K\u0101 es varu sazin\u0101ties ar klientu apkalpo\u0161anas dienestu?<\/strong><br \/>\nJ\u016bs varat sazin\u0101ties ar mums, izmantojot<strong>\u00a0WhatsApp vai tie\u0161saistes t\u0113rz\u0113\u0161anu<\/strong> m\u016bsu t\u012bmek\u013ca vietn\u0113, lai sa\u0146emtu pal\u012bdz\u012bbu.<\/p>\n<\/div>\n<div class=\"relative p-1 rounded-sm flex items-center justify-center bg-token-main-surface-primary text-token-text-primary h-8 w-8\"><strong>7. K\u0101das pieg\u0101des metodes tiek izmantotas?<\/strong><\/div>\n<\/div>\n<\/div>\n<\/div>\n<div class=\"group\/conversation-turn relative flex w-full min-w-0 flex-col agent-turn\">\n<div class=\"flex-col gap-1 md:gap-3\">\n<div class=\"flex max-w-full flex-col flex-grow\">\n<div class=\"min-h-[20px] text-message flex w-full flex-col items-end gap-2 whitespace-normal break-words [.text-message+&amp;]:mt-5 overflow-x-auto\" dir=\"auto\" data-message-author-role=\"assistant\" data-message-id=\"22f8283b-3233-46ff-89a5-c7a41b33abda\">\n<div class=\"flex w-full flex-col gap-1 empty:hidden first:pt-[3px]\">\n<div class=\"markdown prose w-full break-words dark:prose-invert light\">\n<p>M\u0113s sadarbojamies ar UPS, DHL, FedEx, DPD un citiem vado\u0161ajiem p\u0101rvad\u0101t\u0101jiem. M\u0113s izv\u0113l\u0113simies lab\u0101ko pieg\u0101des veidu, pamatojoties uz j\u016bsu pieg\u0101des vietu, lai nodro\u0161in\u0101tu, ka j\u016bs sa\u0146emat savus produktus p\u0113c iesp\u0113jas \u0101tr\u0101k.<\/p>\n<\/div>\n<\/div>\n<\/div>\n<\/div>\n<\/div>\n<\/div>\n<p>Atrodiet vair\u0101k Vape produktu, kas jums var\u0113tu patikt:<strong><em><a href=\"https:\/\/rmvapesale.com\/lv\/shop-2\/\">iepirkties tagad &gt;&gt;&gt;<\/a><\/em><\/strong><\/p>","protected":false},"excerpt":{"rendered":"<p>Bang King 35000 Dvesienu Uzpild\u0101ma Vienreiz\u0113j\u0101s Lieto\u0161anas Vape L\u0113ta Cena<br \/>\nBang King 35k Dvesienu Popul\u0101ra Vienreiz\u0113j\u0101s Lieto\u0161anas Vape Pildspalva Lielapjoma Pirkums<br \/>\nBangKing 35000 Dvesienu LED Displeja Vied\u0101 Ekr\u0101na Vienreiz\u0113j\u0101s Lieto\u0161anas Vape Vairumtirdzniec\u012bba<\/p>\n<p><strong>Sazinieties ar Eimiju, lai ieg\u016btu pareizo atbildi un veipu kuponu!<\/strong><\/p>\n<p><img loading=\"lazy\" decoding=\"async\" class=\"size-full wp-image-2375\" src=\"https:\/\/rmvapesale.com\/wp-content\/uploads\/2024\/10\/image.png\" alt=\"Lab\u0101kais vienreiz\u0113jais vape\" width=\"229\" height=\"300\" \/><\/p>\n<h3><a href=\"https:\/\/wa.me\/8617776015835\"><span style=\"color: #ff0000\"><strong>WhatsApp: +86 17776015835<\/strong><\/span><\/a><\/h3>\n<p>&nbsp;<\/p>","protected":false},"featured_media":2995,"comment_status":"open","ping_status":"closed","template":"","meta":{"_uag_custom_page_level_css":"","_lmt_disableupdate":"no","_lmt_disable":"","site-sidebar-layout":"default","site-content-layout":"content-boxed-container","ast-site-content-layout":"normal-width-container","site-content-style":"boxed","site-sidebar-style":"unboxed","ast-global-header-display":"","ast-banner-title-visibility":"","ast-main-header-display":"","ast-hfb-above-header-display":"","ast-hfb-below-header-display":"","ast-hfb-mobile-header-display":"","site-post-title":"","ast-breadcrumbs-content":"","ast-featured-img":"","footer-sml-layout":"","theme-transparent-header-meta":"default","adv-header-id-meta":"","stick-header-meta":"","header-above-stick-meta":"","header-main-stick-meta":"","header-below-stick-meta":"","astra-migrate-meta-layouts":"set","ast-page-background-enabled":"default","ast-page-background-meta":{"desktop":{"background-color":"var(--ast-global-color-4)","background-image":"","background-repeat":"repeat","background-position":"center center","background-size":"auto","background-attachment":"scroll","background-type":"","background-media":"","overlay-type":"","overlay-color":"","overlay-opacity":"","overlay-gradient":""},"tablet":{"background-color":"","background-image":"","background-repeat":"repeat","background-position":"center center","background-size":"auto","background-attachment":"scroll","background-type":"","background-media":"","overlay-type":"","overlay-color":"","overlay-opacity":"","overlay-gradient":""},"mobile":{"background-color":"","background-image":"","background-repeat":"repeat","background-position":"center center","background-size":"auto","background-attachment":"scroll","background-type":"","background-media":"","overlay-type":"","overlay-color":"","overlay-opacity":"","overlay-gradient":""}},"ast-content-background-meta":{"desktop":{"background-color":"var(--ast-global-color-5)","background-image":"","background-repeat":"repeat","background-position":"center center","background-size":"auto","background-attachment":"scroll","background-type":"","background-media":"","overlay-type":"","overlay-color":"","overlay-opacity":"","overlay-gradient":""},"tablet":{"background-color":"var(--ast-global-color-5)","background-image":"","background-repeat":"repeat","background-position":"center center","background-size":"auto","background-attachment":"scroll","background-type":"","background-media":"","overlay-type":"","overlay-color":"","overlay-opacity":"","overlay-gradient":""},"mobile":{"background-color":"var(--ast-global-color-5)","background-image":"","background-repeat":"repeat","background-position":"center center","background-size":"auto","background-attachment":"scroll","background-type":"","background-media":"","overlay-type":"","overlay-color":"","overlay-opacity":"","overlay-gradient":""}},"_joinchat":[]},"product_brand":[],"product_cat":[15,289,291,292,293,295,299,279,246,25,123,26,28,135,27,60,137,136,30],"product_tag":[308,76,199,146,64,40,111,306],"class_list":{"0":"post-3015","1":"product","2":"type-product","3":"status-publish","4":"has-post-thumbnail","6":"product_cat-new-vape-this-week","7":"product_cat-big-puffs-disposable-vapes","8":"product_cat-dual-mesh-disposable-vapes","9":"product_cat-digital-disposable-vapes","10":"product_cat-low-nicotine-disposable-vapes","11":"product_cat-rechargeable-disposable-vapes","12":"product_cat-smart-screen-disposable-vapes","13":"product_cat-bang-king-vape","14":"product_cat-35000-puffs-disposable-vape","15":"product_cat-germany-best-selling-vape","16":"product_cat-italy-wholesale-vape","17":"product_cat-netherlands-hot-sale-vape","18":"product_cat-poland-hot-sale-vape","19":"product_cat-spain-best-hot-sale-vape","20":"product_cat-fance-hot-sale-vape","21":"product_cat-bang-vapes","22":"product_cat-rechargeable-vapes","23":"product_cat-smart-screen-vapes","24":"product_cat-minimum-order-quantity-50pcs","25":"product_tag-bang-king-35000","26":"product_tag-bang-king-vape","27":"product_tag-bang-vape","28":"product_tag-best-hot-sale-vape","29":"product_tag-dual-flavour-vape","30":"product_tag-hot-sale-vape","31":"product_tag-low-nicotine-disposable-vape","32":"product_tag-puff-bar","33":"desktop-align-left","34":"tablet-align-left","35":"mobile-align-left","37":"first","38":"instock","39":"sale","40":"shipping-taxable","41":"purchasable","42":"product-type-simple"},"uagb_featured_image_src":{"full":["https:\/\/rmvapesale.com\/wp-content\/uploads\/2025\/01\/Bang-King-35k-Puffs-Disposable-Vapes-Wholesale.webp",800,800,false],"thumbnail":["https:\/\/rmvapesale.com\/wp-content\/uploads\/2025\/01\/Bang-King-35k-Puffs-Disposable-Vapes-Wholesale-150x150.webp",150,150,true],"medium":["https:\/\/rmvapesale.com\/wp-content\/uploads\/2025\/01\/Bang-King-35k-Puffs-Disposable-Vapes-Wholesale-300x300.webp",300,300,true],"medium_large":["https:\/\/rmvapesale.com\/wp-content\/uploads\/2025\/01\/Bang-King-35k-Puffs-Disposable-Vapes-Wholesale-768x768.webp",768,768,true],"large":["https:\/\/rmvapesale.com\/wp-content\/uploads\/2025\/01\/Bang-King-35k-Puffs-Disposable-Vapes-Wholesale.webp",800,800,false],"1536x1536":["https:\/\/rmvapesale.com\/wp-content\/uploads\/2025\/01\/Bang-King-35k-Puffs-Disposable-Vapes-Wholesale.webp",800,800,false],"2048x2048":["https:\/\/rmvapesale.com\/wp-content\/uploads\/2025\/01\/Bang-King-35k-Puffs-Disposable-Vapes-Wholesale.webp",800,800,false],"trp-custom-language-flag":["https:\/\/rmvapesale.com\/wp-content\/uploads\/2025\/01\/Bang-King-35k-Puffs-Disposable-Vapes-Wholesale.webp",12,12,false],"woocommerce_thumbnail":["https:\/\/rmvapesale.com\/wp-content\/uploads\/2025\/01\/Bang-King-35k-Puffs-Disposable-Vapes-Wholesale-300x300.webp",300,300,true],"woocommerce_single":["https:\/\/rmvapesale.com\/wp-content\/uploads\/2025\/01\/Bang-King-35k-Puffs-Disposable-Vapes-Wholesale-600x600.webp",600,600,true],"woocommerce_gallery_thumbnail":["https:\/\/rmvapesale.com\/wp-content\/uploads\/2025\/01\/Bang-King-35k-Puffs-Disposable-Vapes-Wholesale-100x100.webp",100,100,true],"wcpr-photo-reviews":["https:\/\/rmvapesale.com\/wp-content\/uploads\/2025\/01\/Bang-King-35k-Puffs-Disposable-Vapes-Wholesale.webp",500,500,false]},"uagb_author_info":{"display_name":"AMY","author_link":"https:\/\/rmvapesale.com\/lv\/author\/"},"uagb_comment_info":0,"uagb_excerpt":"Bang King 35000 Puff\u00a0 Bar Rechargeable Disposable Vape Cheap Price Bang King 35k Puff Popular Disposable Vape Pen Bulk Buy BangKing 35000 Puff LED Display Smart Screen Disposable Vape Wholesale Contact Amy to get right reply and vape coupon! WhatsApp: +86 17776015835 &nbsp;","_links":{"self":[{"href":"https:\/\/rmvapesale.com\/lv\/wp-json\/wp\/v2\/product\/3015","targetHints":{"allow":["GET"]}}],"collection":[{"href":"https:\/\/rmvapesale.com\/lv\/wp-json\/wp\/v2\/product"}],"about":[{"href":"https:\/\/rmvapesale.com\/lv\/wp-json\/wp\/v2\/types\/product"}],"replies":[{"embeddable":true,"href":"https:\/\/rmvapesale.com\/lv\/wp-json\/wp\/v2\/comments?post=3015"}],"wp:featuredmedia":[{"embeddable":true,"href":"https:\/\/rmvapesale.com\/lv\/wp-json\/wp\/v2\/media\/2995"}],"wp:attachment":[{"href":"https:\/\/rmvapesale.com\/lv\/wp-json\/wp\/v2\/media?parent=3015"}],"wp:term":[{"taxonomy":"product_brand","embeddable":true,"href":"https:\/\/rmvapesale.com\/lv\/wp-json\/wp\/v2\/product_brand?post=3015"},{"taxonomy":"product_cat","embeddable":true,"href":"https:\/\/rmvapesale.com\/lv\/wp-json\/wp\/v2\/product_cat?post=3015"},{"taxonomy":"product_tag","embeddable":true,"href":"https:\/\/rmvapesale.com\/lv\/wp-json\/wp\/v2\/product_tag?post=3015"}],"curies":[{"name":"wp","href":"https:\/\/api.w.org\/{rel}","templated":true}]}}