{"id":370,"date":"2021-08-20T11:50:58","date_gmt":"2021-08-20T11:50:58","guid":{"rendered":"https:\/\/rmvapesale.com\/product\/hybrid-cleansing-balm\/"},"modified":"2025-01-20T03:10:16","modified_gmt":"2025-01-20T03:10:16","slug":"randm-vape-al-fakher-10000-puffs-vape-wholesale","status":"publish","type":"product","link":"https:\/\/rmvapesale.com\/lv\/product\/randm-vape-al-fakher-10000-puffs-vape-wholesale\/","title":{"rendered":"Randm Vape Al Fakher 10000 D\u016aMI VAPE Vairumtirdzniec\u012bbas Cena Fumot SHISHA 10K"},"content":{"rendered":"<h1><strong>Randm Vape Al Fakher 10000 D\u016aMI VAPE Vairumtirdzniec\u012bbas Cena Fumot SHISHA 10K<\/strong><\/h1>\n<p>Randm Vape Al Fakher 10000 ir revolucion\u0101rs uzl\u0101d\u0113jams DTL (Direct To Lung) veips, kas no jauna defin\u0113 veipo\u0161anas izcil\u012bbu. Tam ir LED indikators, kas re\u0101llaik\u0101 par\u0101da inform\u0101ciju par e-\u0161\u0137idruma un jaudas l\u012bmeni, nodro\u0161inot, ka j\u016bs vienm\u0113r kontrol\u0113jat situ\u0101ciju. Pateicoties \u0113rtajai C tipa piesl\u0113gvietai, kas atrodas uz t\u0101 pamatnes, \u0161\u012b veipa uzl\u0101de ir vienk\u0101r\u0161a un \u0101tra.<\/p>\n<p>Iepriek\u0161 uzpild\u012bts ar 18 ml e-\u0161\u0137idruma, Shisha bar 10000 nodro\u0161ina 0,5% nikot\u012bna stiprumu, pied\u0101v\u0101jot p\u0101rsteidzo\u0161us 10 000 dvesienus testa apst\u0101k\u013cos. Ta\u010du tas nav tikai par daudzumu \u2013 \u0161im veipam ir Mesh Coil tehnolo\u0123ija, kas integr\u0113 zemas pretest\u012bbas 0,6 omu spoli maksim\u0101lai sild\u012b\u0161anas virsmas plat\u012bbai. Atvadieties no sausiem dvesieniem un nevienm\u0113r\u012bga gar\u0161as sadal\u012bjuma; Mesh Coil dizains nodro\u0161ina konsekventu sild\u012b\u0161anu, k\u0101 rezult\u0101t\u0101 tiek ieg\u016bti vienm\u0113r\u012bg\u0101ki dvesieni un bag\u0101t\u012bg\u0101ka tvaika veido\u0161an\u0101s.<\/p>\n<p>Tagad \u0161is Randm Vape Al Fakher veips ir popul\u0101rs vairum\u0101 Eiropas valstu, piem\u0113ram, V\u0101cij\u0101, N\u012bderland\u0113, Francij\u0101, It\u0101lij\u0101, \u0160veic\u0113, Zviedrij\u0101, Sp\u0101nij\u0101, Polij\u0101, Be\u013c\u0123ij\u0101, Austrij\u0101, Norv\u0113\u0123ij\u0101, D\u0101nij\u0101 u.c., t\u0101p\u0113c tas ir piem\u0113rots izv\u0113le mazumtirgot\u0101jiem, kas mekl\u0113 rentablus vienreizlietojamos veipus ar vairumtirdzniec\u012bbas cenu.<\/p>\n<p><strong>Pievienojiet p\u0101rdo\u0161anas mened\u017eeri AMY WhatsApp <a href=\"https:\/\/wa.me\/8617776015835\" target=\"_blank\" rel=\"noopener\">+86-17776015835<\/a> sa\u0146emiet liel\u0101ku atlaidi!<\/strong><\/p>\n<p><img loading=\"lazy\" decoding=\"async\" class=\"size-medium wp-image-1814\" src=\"https:\/\/rmvapesale.com\/wp-content\/uploads\/2024\/04\/whatsapp-amy-229x300.jpg\" alt=\"whatsapp amy\" width=\"229\" height=\"300\" srcset=\"https:\/\/rmvapesale.com\/wp-content\/uploads\/2024\/04\/whatsapp-amy-229x300.jpg 229w, https:\/\/rmvapesale.com\/wp-content\/uploads\/2024\/04\/whatsapp-amy-783x1024.jpg 783w, https:\/\/rmvapesale.com\/wp-content\/uploads\/2024\/04\/whatsapp-amy-768x1005.jpg 768w, https:\/\/rmvapesale.com\/wp-content\/uploads\/2024\/04\/whatsapp-amy-600x785.jpg 600w, https:\/\/rmvapesale.com\/wp-content\/uploads\/2024\/04\/whatsapp-amy.jpg 990w\" sizes=\"auto, (max-width: 229px) 100vw, 229px\" \/><\/p>\n<h2>Randm Vape Al Fakher 10000 dvesienu bie\u017e\u0101k uzdotie jaut\u0101jumi<\/h2>\n<p><strong>1. Kas ir iek\u013cauts Randm Vape Al Fakher 10000 PUFFS VAPE komplekt\u0101<\/strong><\/p>\n<ul>\n<li>Katr\u0101 iepakojum\u0101 ir viena uzl\u0101d\u0113jama DTL (Direct To Lung) veipa ier\u012bce, kas ir iepriek\u0161 uzpild\u012bta ar 18 ml e-\u0161\u0137idruma un tai ir LED indikators. Turkl\u0101t iepakojum\u0101 ir iek\u013cauts C tipa uzl\u0101des kabelis \u0113rtai uzl\u0101dei.<\/li>\n<\/ul>\n<p><strong>2. Cik dvesienu es varu sagaid\u012bt no Fumot Vape Shisha 10000 Puff?<\/strong><\/p>\n<ul>\n<li>Shisha 10000 lepojas ar iespaid\u012bgiem 10 000 dvesieniem (testa apst\u0101k\u013cos), nodro\u0161inot ilgsto\u0161u lieto\u0161anu un apmierin\u0101t\u012bbu.<\/li>\n<\/ul>\n<p><strong>3. K\u0101du nikot\u012bna stiprumu pied\u0101v\u0101 Randm Shisha 10000 dvesieni?<\/strong><\/p>\n<ul>\n<li>Shisha 10000 tiek iepriek\u0161 uzpild\u012bts ar e-\u0161\u0137idrumu ar 0,5% nikot\u012bna stiprumu, pied\u0101v\u0101jot sabalans\u0113tu veipo\u0161anas pieredzi.<\/li>\n<\/ul>\n<p><strong>4. Vai es varu izv\u0113l\u0113ties v\u0113lamo gar\u0161u ar Shisha 10k vape Fumot?<\/strong><\/p>\n<ul>\n<li>J\u0101, noteikti! Shisha 10000 pied\u0101v\u0101 34 gar\u0161u izv\u0113li, lai apmierin\u0101tu da\u017e\u0101das v\u0113lmes, nodro\u0161inot, ka ir kaut kas piem\u0113rots ikvienam.<\/li>\n<\/ul>\n<p><strong>3. K\u0101 Mesh Coil tehnolo\u0123ija uzlabo tvaic\u0113\u0161anas pieredzi?<\/strong><\/p>\n<ul>\n<li>Mesh Coil tehnolo\u0123ija, kas integr\u0113ta Randm Vape Fumot Shisha 10000, ietver zemas pretest\u012bbas 0,6 omu spoli, kas palielina sild\u012b\u0161anas virsmas laukumu vienm\u0113r\u012bg\u0101kiem dvesieniem un bag\u0101t\u012bg\u0101kai tvaika veido\u0161anai. \u0160\u012b tehnolo\u0123ija nodro\u0161ina konsekventu un vienm\u0113r\u012bgu e-\u0161\u0137idruma uzsild\u012b\u0161anu, nodro\u0161inot nevainojamu gar\u0161as pieredzi.<\/li>\n<\/ul>\n<p><strong>6. Vai Fumot AI FAKHER <\/strong><strong>Shisha 10000 PUFFS ir viegli uzl\u0101d\u0113jams?<\/strong><\/p>\n<ul>\n<li>J\u0101, RANDM Shisha 10000 PUFFS ir C tipa piesl\u0113gvieta uz t\u0101 pamatnes \u0101trai un \u0113rtai uzl\u0101dei. Vienk\u0101r\u0161i pievienojiet komplekt\u0101cij\u0101 iek\u013cauto C tipa uzl\u0101des kabeli str\u0101vas avotam, lai \u0101tri papildin\u0101tu akumulatora jaudu.<\/li>\n<\/ul>\n<p><strong>7. Vai es varu kontrol\u0113t gaisa pl\u016bsmu ar FUMOT VAPE Shisha 10K PUFFS vairumtirdzniec\u012bbu?<\/strong><\/p>\n<ul>\n<li>J\u0101, Shisha 10000 ir apr\u012bkota ar gaisa pl\u016bsmas kontroli, kas \u013cauj lietot\u0101jiem piel\u0101got gaisa pl\u016bsmu sav\u0101m v\u0113lm\u0113m, lai ieg\u016btu personaliz\u0113tu tvaic\u0113\u0161anas pieredzi.<\/li>\n<\/ul>\n<p><strong>8. Vai VAIRUMTIRDZNIEC\u012aBAS FUMOT RANDM VAPE Shisha 10000 ir piem\u0113rota gan ies\u0101c\u0113jiem, gan pieredz\u0113ju\u0161iem tvaic\u0113t\u0101jiem?<\/strong><\/p>\n<ul>\n<li>Protams! Shisha 10000 ir izstr\u0101d\u0101ta, lai apmierin\u0101tu gan ies\u0101c\u0113ju, gan pieredz\u0113ju\u0161u tvaic\u0113t\u0101ju vajadz\u012bbas, pied\u0101v\u0101jot vieglu lieto\u0161anu, uzlabotas funkcijas un izcilu veiktsp\u0113ju visiem.<\/li>\n<\/ul>\n<p><strong>9. Kas man j\u0101dara, ja man ir v\u0113l k\u0101di jaut\u0101jumi vai nepiecie\u0161ama pal\u012bdz\u012bba?<\/strong><\/p>\n<ul>\n<li>Ja jums ir v\u0113l k\u0101di jaut\u0101jumi vai nepiecie\u0161ama pal\u012bdz\u012bba saist\u012bb\u0101 ar Randm Vape Al Fakher 10000 PUFFS VAPE<\/li>\n<\/ul>\n<p>Atrodiet vair\u0101k Vape produktu, kas jums var\u0113tu patikt:<em><a href=\"https:\/\/rmvapesale.com\/lv\/shop-2\/\">Iep\u0113rcieties tagad\u00a0<\/a><\/em><\/p>\n<p>citi karstie vape, kas jums var\u0113tu patikt:<\/p>","protected":false},"excerpt":{"rendered":"<p class=\"LC20lb MBeuO DKV0Md\">Fumot Shisha 10000 DTL Vienreizlietojamais veips<br \/>\nRANDM SHISHA 10000 PUFF Vape AI FAKHER<br \/>\nFumot Crown Bar 10k Vairumtirdzniec\u012bba atk\u0101rtoti uzl\u0101d\u0113jams veips<br \/>\n<strong>Sazinieties ar Eimiju, lai sa\u0146emtu vair\u0101k atlai\u017eu un zem\u0101ku minim\u0101lo pas\u016bt\u012bjuma daudzumu<\/strong><\/p>\n<p><img loading=\"lazy\" decoding=\"async\" class=\"size-medium wp-image-1814\" src=\"https:\/\/rmvapesale.com\/wp-content\/uploads\/2024\/04\/whatsapp-amy-229x300.jpg\" alt=\"whatsapp amy\" width=\"229\" height=\"300\" srcset=\"https:\/\/rmvapesale.com\/wp-content\/uploads\/2024\/04\/whatsapp-amy-229x300.jpg 229w, https:\/\/rmvapesale.com\/wp-content\/uploads\/2024\/04\/whatsapp-amy-783x1024.jpg 783w, https:\/\/rmvapesale.com\/wp-content\/uploads\/2024\/04\/whatsapp-amy-768x1005.jpg 768w, https:\/\/rmvapesale.com\/wp-content\/uploads\/2024\/04\/whatsapp-amy-600x785.jpg 600w, https:\/\/rmvapesale.com\/wp-content\/uploads\/2024\/04\/whatsapp-amy.jpg 990w\" sizes=\"auto, (max-width: 229px) 100vw, 229px\" \/><\/p>\n<h3><span style=\"color: #ff0000\"><strong>WhatsApp: +86 17776015835<\/strong><\/span><\/h3>","protected":false},"featured_media":1852,"comment_status":"open","ping_status":"closed","template":"","meta":{"_uag_custom_page_level_css":"","_lmt_disableupdate":"no","_lmt_disable":"","site-sidebar-layout":"default","site-content-layout":"content-boxed-container","ast-site-content-layout":"normal-width-container","site-content-style":"boxed","site-sidebar-style":"unboxed","ast-global-header-display":"","ast-banner-title-visibility":"","ast-main-header-display":"","ast-hfb-above-header-display":"","ast-hfb-below-header-display":"","ast-hfb-mobile-header-display":"","site-post-title":"","ast-breadcrumbs-content":"","ast-featured-img":"","footer-sml-layout":"","ast-disable-related-posts":"","theme-transparent-header-meta":"default","adv-header-id-meta":"","stick-header-meta":"","header-above-stick-meta":"","header-main-stick-meta":"","header-below-stick-meta":"","astra-migrate-meta-layouts":"set","ast-page-background-enabled":"default","ast-page-background-meta":{"desktop":{"background-color":"var(--ast-global-color-4)","background-image":"","background-repeat":"repeat","background-position":"center center","background-size":"auto","background-attachment":"scroll","background-type":"","background-media":"","overlay-type":"","overlay-color":"","overlay-opacity":"","overlay-gradient":""},"tablet":{"background-color":"","background-image":"","background-repeat":"repeat","background-position":"center center","background-size":"auto","background-attachment":"scroll","background-type":"","background-media":"","overlay-type":"","overlay-color":"","overlay-opacity":"","overlay-gradient":""},"mobile":{"background-color":"","background-image":"","background-repeat":"repeat","background-position":"center center","background-size":"auto","background-attachment":"scroll","background-type":"","background-media":"","overlay-type":"","overlay-color":"","overlay-opacity":"","overlay-gradient":""}},"ast-content-background-meta":{"desktop":{"background-color":"var(--ast-global-color-5)","background-image":"","background-repeat":"repeat","background-position":"center center","background-size":"auto","background-attachment":"scroll","background-type":"","background-media":"","overlay-type":"","overlay-color":"","overlay-opacity":"","overlay-gradient":""},"tablet":{"background-color":"var(--ast-global-color-5)","background-image":"","background-repeat":"repeat","background-position":"center center","background-size":"auto","background-attachment":"scroll","background-type":"","background-media":"","overlay-type":"","overlay-color":"","overlay-opacity":"","overlay-gradient":""},"mobile":{"background-color":"var(--ast-global-color-5)","background-image":"","background-repeat":"repeat","background-position":"center center","background-size":"auto","background-attachment":"scroll","background-type":"","background-media":"","overlay-type":"","overlay-color":"","overlay-opacity":"","overlay-gradient":""}},"_joinchat":[]},"product_brand":[],"product_cat":[25,271,289,27,51,123,293,30,26,15,28,31,295,137,299,136,135],"product_tag":[39,40,41,38,37],"class_list":{"0":"post-370","1":"product","2":"type-product","3":"status-publish","4":"has-post-thumbnail","6":"product_cat-germany-best-selling-vape","7":"product_cat-10000-puff-disposable-vape","8":"product_cat-big-puffs-disposable-vapes","9":"product_cat-fance-hot-sale-vape","10":"product_cat-fumot-vape","11":"product_cat-italy-wholesale-vape","12":"product_cat-low-nicotine-disposable-vapes","13":"product_cat-minimum-order-quantity-50pcs","14":"product_cat-netherlands-hot-sale-vape","15":"product_cat-new-vape-this-week","16":"product_cat-poland-hot-sale-vape","17":"product_cat-randm-fumot-vape","18":"product_cat-rechargeable-disposable-vapes","19":"product_cat-rechargeable-vapes","20":"product_cat-smart-screen-disposable-vapes","21":"product_cat-smart-screen-vapes","22":"product_cat-spain-best-hot-sale-vape","23":"product_tag-fumot-vape","24":"product_tag-hot-sale-vape","25":"product_tag-original-factory-vape","26":"product_tag-randm-vape","27":"product_tag-wholesale-vape-price","28":"desktop-align-left","29":"tablet-align-left","30":"mobile-align-left","32":"first","33":"instock","34":"sale","35":"shipping-taxable","36":"purchasable","37":"product-type-simple"},"uagb_featured_image_src":{"full":["https:\/\/rmvapesale.com\/wp-content\/uploads\/2024\/04\/FUMOT-VAPE-SHISHA-AL-FAKHER-10K-PUFFS-VAPE.jpg",375,666,false],"thumbnail":["https:\/\/rmvapesale.com\/wp-content\/uploads\/2024\/04\/FUMOT-VAPE-SHISHA-AL-FAKHER-10K-PUFFS-VAPE-150x150.jpg",150,150,true],"medium":["https:\/\/rmvapesale.com\/wp-content\/uploads\/2024\/04\/FUMOT-VAPE-SHISHA-AL-FAKHER-10K-PUFFS-VAPE-169x300.jpg",169,300,true],"medium_large":["https:\/\/rmvapesale.com\/wp-content\/uploads\/2024\/04\/FUMOT-VAPE-SHISHA-AL-FAKHER-10K-PUFFS-VAPE.jpg",375,666,false],"large":["https:\/\/rmvapesale.com\/wp-content\/uploads\/2024\/04\/FUMOT-VAPE-SHISHA-AL-FAKHER-10K-PUFFS-VAPE.jpg",375,666,false],"1536x1536":["https:\/\/rmvapesale.com\/wp-content\/uploads\/2024\/04\/FUMOT-VAPE-SHISHA-AL-FAKHER-10K-PUFFS-VAPE.jpg",375,666,false],"2048x2048":["https:\/\/rmvapesale.com\/wp-content\/uploads\/2024\/04\/FUMOT-VAPE-SHISHA-AL-FAKHER-10K-PUFFS-VAPE.jpg",375,666,false],"trp-custom-language-flag":["https:\/\/rmvapesale.com\/wp-content\/uploads\/2024\/04\/FUMOT-VAPE-SHISHA-AL-FAKHER-10K-PUFFS-VAPE.jpg",7,12,false],"woocommerce_thumbnail":["https:\/\/rmvapesale.com\/wp-content\/uploads\/2024\/04\/FUMOT-VAPE-SHISHA-AL-FAKHER-10K-PUFFS-VAPE-300x300.jpg",300,300,true],"woocommerce_single":["https:\/\/rmvapesale.com\/wp-content\/uploads\/2024\/04\/FUMOT-VAPE-SHISHA-AL-FAKHER-10K-PUFFS-VAPE.jpg",375,666,false],"woocommerce_gallery_thumbnail":["https:\/\/rmvapesale.com\/wp-content\/uploads\/2024\/04\/FUMOT-VAPE-SHISHA-AL-FAKHER-10K-PUFFS-VAPE-100x100.jpg",100,100,true],"wcpr-photo-reviews":["https:\/\/rmvapesale.com\/wp-content\/uploads\/2024\/04\/FUMOT-VAPE-SHISHA-AL-FAKHER-10K-PUFFS-VAPE.jpg",282,500,false]},"uagb_author_info":{"display_name":"yannazhan","author_link":"https:\/\/rmvapesale.com\/lv\/author\/"},"uagb_comment_info":0,"uagb_excerpt":"Fumot Shisha 10000 DTL Disposable Vape RANDM SHISHA 10000 PUFF Vape AI FAKHER Fumot Crown Bar 10k Wholesale Vape Rechargeable Contact Amy For More Discount And Lower MOQ Vape WhatsApp: +86 17776015835","_links":{"self":[{"href":"https:\/\/rmvapesale.com\/lv\/wp-json\/wp\/v2\/product\/370","targetHints":{"allow":["GET"]}}],"collection":[{"href":"https:\/\/rmvapesale.com\/lv\/wp-json\/wp\/v2\/product"}],"about":[{"href":"https:\/\/rmvapesale.com\/lv\/wp-json\/wp\/v2\/types\/product"}],"replies":[{"embeddable":true,"href":"https:\/\/rmvapesale.com\/lv\/wp-json\/wp\/v2\/comments?post=370"}],"wp:featuredmedia":[{"embeddable":true,"href":"https:\/\/rmvapesale.com\/lv\/wp-json\/wp\/v2\/media\/1852"}],"wp:attachment":[{"href":"https:\/\/rmvapesale.com\/lv\/wp-json\/wp\/v2\/media?parent=370"}],"wp:term":[{"taxonomy":"product_brand","embeddable":true,"href":"https:\/\/rmvapesale.com\/lv\/wp-json\/wp\/v2\/product_brand?post=370"},{"taxonomy":"product_cat","embeddable":true,"href":"https:\/\/rmvapesale.com\/lv\/wp-json\/wp\/v2\/product_cat?post=370"},{"taxonomy":"product_tag","embeddable":true,"href":"https:\/\/rmvapesale.com\/lv\/wp-json\/wp\/v2\/product_tag?post=370"}],"curies":[{"name":"wp","href":"https:\/\/api.w.org\/{rel}","templated":true}]}}