{"id":2737,"date":"2024-11-15T06:58:13","date_gmt":"2024-11-15T06:58:13","guid":{"rendered":"https:\/\/rmvapesale.com\/?post_type=product&#038;p=2737"},"modified":"2024-11-15T07:19:53","modified_gmt":"2024-11-15T07:19:53","slug":"randm-vape-fumot-12000-digital-box-strawberry-watermelon-flavor-low-nicotine-disposable-vape","status":"publish","type":"product","link":"https:\/\/rmvapesale.com\/nl\/product\/randm-vape-fumot-12000-digital-box-strawberry-watermelon-flavor-low-nicotine-disposable-vape\/","title":{"rendered":"RandM Vape Fumot 12k Digitale Box Aardbei Watermeloen Smaak Lage Nicotine Wegwerp Vape"},"content":{"rendered":"<div class=\"B2VR9 CJHX3e\">\n<div class=\"wyccme\">\n<h1 class=\"LC20lb MBeuO DKV0Md\">RandM Vape Fumot 12000 Digitale Box Aardbei Watermeloen Smaak Laag Nicotine Wegwerp Vape<\/h1>\n<div class=\"flex-shrink-0 flex flex-col relative items-end\">\n<div class=\"pt-0\">\n<div class=\"gizmo-bot-avatar flex h-8 w-8 items-center justify-center overflow-hidden rounded-full\">\n<div class=\"relative p-1 rounded-sm flex items-center justify-center bg-token-main-surface-primary text-token-text-primary h-8 w-8\">\n<p>&nbsp;<\/p>\n<p>De RandM Vape Fumot 12000 Digitale Box in aardbei-watermeloen smaak is de perfecte keuze voor wie geniet van een soepele, fruitige vape-ervaring met een optie voor lage nicotine. Dit wegwerpapparaat biedt maar liefst 12.000 puffs, waardoor het een van de langst durende opties op de markt is. Elke puff levert een verfrissende burst van zoete aardbei, in balans gebracht door sappige watermeloen, wat zorgt voor een bevredigend smaakprofiel dat je steeds weer terug laat komen. Ontworpen met een hoog-capaciteit van 20ml e-liquid reservoir, zorgt deze vape ervoor dat je voldoende smaak hebt om de hele levensduur van 12.000 puffs te doorstaan zonder bijvullen.<\/p>\n<p>Uitgerust met een handig digitaal display toont de Fumot 12000 Digitale Box zowel het batterij- als het e-liquidniveau in \u00e9\u00e9n oogopslag, waardoor je ge\u00efnformeerd blijft en giswerk wordt voorkomen. De 850mAh oplaadbare batterij, voorzien van Type-C-opladen, zorgt voor snelle en effici\u00ebnte herlading zodat je zonder onderbreking kunt blijven vapen. Met lage nicotinegehaltes is deze vape ideaal voor gebruikers die een mildere nicotine-ervaring zoeken, terwijl ze nog steeds genieten van rijke smaak en bevredigende damp. Compact en gebruiksvriendelijk, is de Fumot 12000 ontworpen om een premium vape-ervaring te bieden zonder gedoe.<\/p>\n<\/div>\n<\/div>\n<\/div>\n<\/div>\n<\/div>\n<\/div>\n<p><strong>Neem contact op met Amy voor het juiste antwoord en een vape-coupon!<\/strong><\/p>\n<p><img loading=\"lazy\" decoding=\"async\" class=\"size-full wp-image-1978\" src=\"https:\/\/rmvapesale.com\/wp-content\/uploads\/2024\/09\/Disposable-Vape-Wholesale.jpg\" alt=\"Wegwerp Vape Groothandel\" width=\"229\" height=\"300\" \/><\/p>\n<h3><a href=\"https:\/\/wa.me\/8617776015835\" target=\"_blank\" rel=\"noopener\"><span style=\"color: #ff0000\"><strong>WhatsApp: +86 17776015835<\/strong><\/span><\/a><\/h3>\n<p>&nbsp;<\/p>\n<h2><\/h2>\n<h2><strong>RandM 12000 Puffs Belangrijkste Kenmerken<\/strong><\/h2>\n<ul>\n<li>Tot 12.000 puffs voor langdurig gebruik<\/li>\n<li>Optie voor lage nicotine voor een soepelere ervaring<\/li>\n<li>20ml e-liquid capaciteit met digitaal display<\/li>\n<li>850mAh oplaadbare batterij met Type-C opladen<\/li>\n<li>Verfrissende aardbei-watermeloen smaak<\/li>\n<\/ul>\n<p>&nbsp;<\/p>\n<h2><strong>Top Smaak voor Fumot 12000 Puffs<\/strong><\/h2>\n<p>1 Koele Munt <span style=\"color: #ff0000\"><strong>&gt;&gt;&gt;&gt; Heet!<\/strong><\/span><br \/>\n2 Watermeloen Ijs<br \/>\n3 Druiven Ijs<br \/>\n4 Bosbes Framboos <span style=\"color: #ff0000\"><strong>&gt;&gt;&gt;&gt; Heet!<\/strong><\/span><br \/>\n5 Aardbei Watermeloen<br \/>\n6 Aardbei Banaan<br \/>\n7 Weelderig Ijs<br \/>\n8 Kers<br \/>\n9 Aardbei Ijs<br \/>\n10 IJsje<br \/>\n11 Roze Limonade <span style=\"color: #ff0000\"><strong>&gt;&gt;&gt;&gt; Heet!<\/strong><\/span><br \/>\n12 Mango op ijs<br \/>\n13 Gemengde bessen<br \/>\n14 Aardbei donut<br \/>\n15 Aardbei druif<br \/>\n16 Kers cola<br \/>\n17 Dr blauw<br \/>\n18 Bosbes op ijs <span style=\"color: #ff0000\"><strong>&gt;&gt;&gt;&gt; Heet!<\/strong><\/span><br \/>\n19 Kiwi passievrucht guave<br \/>\n20 Aardbei kiwi<br \/>\n21 Perzik mango<br \/>\n22 Perzik ijs<br \/>\n23 Rode appel ijs<br \/>\n24 Bosbessen bubblegum <span style=\"color: #ff0000\"><strong>&gt;&gt;&gt;&gt; Beste!<\/strong><\/span><br \/>\n25 Bessenlimonade<br \/>\n26 Blauwe razz limonade<br \/>\n27 Blauwe zure framboos<br \/>\n28 Aardbei Red bull<br \/>\n29 Appel bessen knaller<br \/>\n30 Watermeloen bubblegum<br \/>\n31 Framboos watermeloen<br \/>\n32 Zwart ijs<br \/>\n33 Bosbes kers cranberry<br \/>\n34 Aardbei granaatappel<br \/>\n35 Vimto<br \/>\n36 Kers bes<br \/>\n37 Citroen<br \/>\n38 Bingo Crush<br \/>\n39 Bosbes kiwi<br \/>\n40 Appel Kaneel<\/p>\n<h3><\/h3>\n<h3><strong>Waarom Kiezen voor Rmvapesale voor RandM Digitale Box 12000 <\/strong><strong>V<\/strong><strong>Vape Groothandel<\/strong><strong>?<\/strong><\/h3>\n<div class=\"flex-shrink-0 flex flex-col relative items-end\">\n<div class=\"pt-0\">\n<div class=\"gizmo-bot-avatar flex h-8 w-8 items-center justify-center overflow-hidden rounded-full\">\n<div class=\"relative p-1 rounded-sm flex items-center justify-center bg-token-main-surface-primary text-token-text-primary h-8 w-8\">\n<p>Welkom bij Rmvapesale, uw vertrouwde vape-winkel voor eersteklas wegwerp-vapes. Met meer dan 5 jaar expertise, bieden wij u populaire wegwerp-vape-merken zoals Al Fakher, Vapme Vape, <a href=\"https:\/\/rmvapesale.com\/nl\/product\/vapme-crystal-7000-puffs-rechargeable-disposable-vape-price\/\">Vapme<\/a>, <a href=\"https:\/\/rmvapesale.com\/nl\/product-category\/bang-vapes\/\">Bang Vape<\/a>, Waspe, <a href=\"https:\/\/rmvapesale.com\/nl\/product\/wga-crystal-pro-max-extra-15k-puffs-disposable-vape-wholesale\/\">WGA<\/a> Vape en<a href=\"https:\/\/rmvapesale.com\/nl\/product-category\/randm-fumot-vape\/\"> RandM Vape<\/a>.<\/p>\n<p>Ons assortiment omvat populaire vapes zoals de <a href=\"https:\/\/rmvapesale.com\/nl\/product\/fumot-digital-box-12000-disposable-vape-pink-lemonade-flavor\/\">RandM 12000 trekjes<\/a> en smaakrijke keuzes zoals de <a href=\"https:\/\/rmvapesale.com\/nl\/product\/wga-crystal-pro-max-extra-15k-puffs-disposable-vape-wholesale\/\">WGA 15K<\/a>. Elk product is gekozen met een focus op kwaliteit, waarde en vari\u00ebteit, zodat u de perfecte match voor uw behoeften kunt vinden. Ontdek uitzonderlijke service en een breed scala aan topproducten bij Rmvapesale.<\/p>\n<\/div>\n<h3><\/h3>\n<div class=\"relative p-1 rounded-sm flex items-center justify-center bg-token-main-surface-primary text-token-text-primary h-8 w-8\">\n<h3><b>RandM 12000 Puffs Oplaadbare Wegwerp Vape FAQS<\/b><\/h3>\n<div class=\"group\/conversation-turn relative flex w-full min-w-0 flex-col agent-turn\">\n<div class=\"flex-col gap-1 md:gap-3\">\n<div class=\"flex max-w-full flex-col flex-grow\">\n<div class=\"min-h-8 text-message flex w-full flex-col items-end gap-2 whitespace-normal break-words [.text-message+&amp;]:mt-5\" dir=\"auto\" data-message-author-role=\"assistant\" data-message-id=\"00c9b302-bc9c-4550-94ba-5a295efa2be3\" data-message-model-slug=\"gpt-4o\">\n<div class=\"flex w-full flex-col gap-1 empty:hidden first:pt-[3px]\">\n<div class=\"markdown prose w-full break-words dark:prose-invert light\">\n<div class=\"flex-shrink-0 flex flex-col relative items-end\">\n<div>\n<div class=\"pt-0\">\n<div class=\"gizmo-bot-avatar flex h-8 w-8 items-center justify-center overflow-hidden rounded-full\">\n<div class=\"relative p-1 rounded-sm flex items-center justify-center bg-token-main-surface-primary text-token-text-primary h-8 w-8\"><\/div>\n<\/div>\n<\/div>\n<\/div>\n<\/div>\n<div class=\"group\/conversation-turn relative flex w-full min-w-0 flex-col agent-turn\">\n<div class=\"flex-col gap-1 md:gap-3\">\n<div class=\"flex max-w-full flex-col flex-grow\">\n<div class=\"min-h-8 text-message flex w-full flex-col items-end gap-2 whitespace-normal break-words [.text-message+&amp;]:mt-5\" dir=\"auto\" data-message-author-role=\"assistant\" data-message-id=\"a3dc01bd-23b0-4fd7-bb9a-7827522cefd8\" data-message-model-slug=\"gpt-4o\">\n<div class=\"flex w-full flex-col gap-1 empty:hidden first:pt-[3px]\">\n<div class=\"markdown prose w-full break-words dark:prose-invert light\">\n<ol>\n<li><strong>Hoeveel puffs biedt de Fumot 12000 Vape?<\/strong><br \/>\nDe Fumot 12000 Digitale Box Vape biedt tot 12.000 puffs, voor een langdurige vape-ervaring.<\/li>\n<li><strong>Wat zijn de populaire smaken voor de RandM 12000 Digitale Box wegwerp vape?<\/strong><br \/>\nPopulaire smaken voor de RandM 12000 Digitale Box wegwerp vape zijn onder andere Aardbei Watermeloen, Blue Razz, Druif IJs en Koel Munt, bekend om hun verfrissende en soepele profielen.<\/li>\n<li><strong>Hoe weet ik wanneer mijn Fumot Vape 12000 oplaadbare vape leeg is?<\/strong><br \/>\nDe Fumot 12000 Digitale Box Vape bevat een digitaal display dat het e-liquidniveau aangeeft. Wanneer de e-liquid indicator laag of leeg aangeeft, is het tijd om het apparaat te vervangen.<\/li>\n<li><strong>Hoeveel nicotine zit er in een Fumot Digitale Box 12000 Puffs Wegwerp Vape?<\/strong><br \/>\nDe Fumot Digital Box 12000 Puffs Disposable Vape is verkrijgbaar in verschillende nicotinegehaltes, meestal inclusief opties zoals 0%, 2%, 3% en 5% nicotine.<\/li>\n<li><strong>Hoe lang duurt het om de Fumot 12000 box vape volledig op te laden?<\/strong><br \/>\nDe Fumot 12000 Digital Box Vape beschikt over een 850mAh batterij en wordt volledig opgeladen in ongeveer 1,5 tot 2 uur via een Type-C oplaadpoort.<\/li>\n<li><strong>Waar kan ik Fumot RandM Digital Box 12000 puff Vapes in groothandel kopen?<\/strong><br \/>\nVoor groothandelsprijzen van Fumot RandM Digital Box 12000 puff Vapes, bezoek <strong>Rmvapesale online vape shop<\/strong> voor concurrerende bulk-kortingsopties.<\/li>\n<li><strong>Mag ik een wegwerpvape meenemen in het vliegtuig?<\/strong><br \/>\nJa, je kunt een wegwerpvape meenemen aan boord van een vliegtuig, maar deze moet in je handbagage worden verpakt, omdat lithiumbatterijen niet zijn toegestaan in ruimbracht. Controleer altijd de regels van de luchtvaartmaatschappij en lokale regelgeving voordat je reist.<\/li>\n<\/ol>\n<\/div>\n<\/div>\n<\/div>\n<\/div>\n<\/div>\n<\/div>\n<\/div>\n<\/div>\n<\/div>\n<\/div>\n<\/div>\n<\/div>\n<\/div>\n<div class=\"mb-2 flex gap-3 empty:hidden -ml-2\"><\/div>\n<p>&nbsp;<\/p>\n<\/div>\n<\/div>\n<\/div>\n<h3>Over Verzending<\/h3>\n<div class=\"flex-shrink-0 flex flex-col relative items-end\">\n<div>\n<div class=\"pt-0\">\n<div class=\"gizmo-bot-avatar flex h-8 w-8 items-center justify-center overflow-hidden rounded-full\">\n<div><\/div>\n<div class=\"relative p-1 rounded-sm flex items-center justify-center bg-token-main-surface-primary text-token-text-primary h-8 w-8\"><strong>1. Welke verzendmethoden worden er gebruikt?<\/strong><\/div>\n<\/div>\n<\/div>\n<\/div>\n<\/div>\n<div class=\"group\/conversation-turn relative flex w-full min-w-0 flex-col agent-turn\">\n<div class=\"flex-col gap-1 md:gap-3\">\n<div class=\"flex max-w-full flex-col flex-grow\">\n<div class=\"min-h-[20px] text-message flex w-full flex-col items-end gap-2 whitespace-normal break-words [.text-message+&amp;]:mt-5 overflow-x-auto\" dir=\"auto\" data-message-author-role=\"assistant\" data-message-id=\"22f8283b-3233-46ff-89a5-c7a41b33abda\">\n<div class=\"flex w-full flex-col gap-1 empty:hidden first:pt-[3px]\">\n<div class=\"markdown prose w-full break-words dark:prose-invert light\">\n<p>We werken samen met UPS, DHL, FedEx, DPD en andere toonaangevende vervoerders. We kiezen de beste verzendmethode op basis van uw afleverlocatie om ervoor te zorgen dat u uw producten zo snel mogelijk ontvangt.<\/p>\n<\/div>\n<p><strong>2. Hoe lang duurt de levering?<\/strong><\/p>\n<p>Pakketten die naar Nederland worden verzonden, komen meestal binnen 12-15 werkdagen aan. Verzending naar andere Europese landen duurt over het algemeen ongeveer 12-15 werkdagen. We zullen u in real-time op de hoogte houden van de status van uw verzending.<\/p>\n<\/div>\n<\/div>\n<\/div>\n<\/div>\n<\/div>\n<p>&nbsp;<\/p>\n<p>Vind meer Vape-producten die je misschien leuk vindt:<strong><em><a href=\"https:\/\/rmvapesale.com\/nl\/shop-2\/\">winkel nu &gt;&gt;&gt;<\/a><\/em><\/strong><\/p>","protected":false},"excerpt":{"rendered":"<p>Fumot Digital Box 12000 Wegwerp-vape<br \/>\nRandM Vape Fumot Digitale Box 12000 Puffs Bulk Aankoop<br \/>\nFumot 12000 Wegwerp Vape Alle Smaken Op Voorraad Groothandel<\/p>\n<p><img loading=\"lazy\" decoding=\"async\" class=\"size-full wp-image-2375\" src=\"https:\/\/rmvapesale.com\/wp-content\/uploads\/2024\/10\/image.png\" alt=\"Beste Wegwerp Vape\" width=\"229\" height=\"300\" \/><\/p>\n<h3><a href=\"https:\/\/wa.me\/8617776015835\"><span style=\"color: #ff0000\"><strong>WhatsApp: +86 17776015835<\/strong><\/span><\/a><\/h3>\n<p>&nbsp;<\/p>","protected":false},"featured_media":2731,"comment_status":"open","ping_status":"closed","template":"","meta":{"_uag_custom_page_level_css":"","_lmt_disableupdate":"no","_lmt_disable":"","site-sidebar-layout":"default","site-content-layout":"content-boxed-container","ast-site-content-layout":"normal-width-container","site-content-style":"boxed","site-sidebar-style":"unboxed","ast-global-header-display":"","ast-banner-title-visibility":"","ast-main-header-display":"","ast-hfb-above-header-display":"","ast-hfb-below-header-display":"","ast-hfb-mobile-header-display":"","site-post-title":"","ast-breadcrumbs-content":"","ast-featured-img":"","footer-sml-layout":"","theme-transparent-header-meta":"default","adv-header-id-meta":"","stick-header-meta":"","header-above-stick-meta":"","header-main-stick-meta":"","header-below-stick-meta":"","astra-migrate-meta-layouts":"set","ast-page-background-enabled":"default","ast-page-background-meta":{"desktop":{"background-color":"var(--ast-global-color-4)","background-image":"","background-repeat":"repeat","background-position":"center center","background-size":"auto","background-attachment":"scroll","background-type":"","background-media":"","overlay-type":"","overlay-color":"","overlay-opacity":"","overlay-gradient":""},"tablet":{"background-color":"","background-image":"","background-repeat":"repeat","background-position":"center center","background-size":"auto","background-attachment":"scroll","background-type":"","background-media":"","overlay-type":"","overlay-color":"","overlay-opacity":"","overlay-gradient":""},"mobile":{"background-color":"","background-image":"","background-repeat":"repeat","background-position":"center center","background-size":"auto","background-attachment":"scroll","background-type":"","background-media":"","overlay-type":"","overlay-color":"","overlay-opacity":"","overlay-gradient":""}},"ast-content-background-meta":{"desktop":{"background-color":"var(--ast-global-color-5)","background-image":"","background-repeat":"repeat","background-position":"center center","background-size":"auto","background-attachment":"scroll","background-type":"","background-media":"","overlay-type":"","overlay-color":"","overlay-opacity":"","overlay-gradient":""},"tablet":{"background-color":"var(--ast-global-color-5)","background-image":"","background-repeat":"repeat","background-position":"center center","background-size":"auto","background-attachment":"scroll","background-type":"","background-media":"","overlay-type":"","overlay-color":"","overlay-opacity":"","overlay-gradient":""},"mobile":{"background-color":"var(--ast-global-color-5)","background-image":"","background-repeat":"repeat","background-position":"center center","background-size":"auto","background-attachment":"scroll","background-type":"","background-media":"","overlay-type":"","overlay-color":"","overlay-opacity":"","overlay-gradient":""}},"_joinchat":[]},"product_brand":[],"product_cat":[15,51,25,123,26,28,135,27,31,137,136,30],"product_tag":[212,214,39,213,38],"class_list":{"0":"post-2737","1":"product","2":"type-product","3":"status-publish","4":"has-post-thumbnail","6":"product_cat-new-vape-this-week","7":"product_cat-fumot-vape","8":"product_cat-germany-best-selling-vape","9":"product_cat-italy-wholesale-vape","10":"product_cat-netherlands-hot-sale-vape","11":"product_cat-poland-hot-sale-vape","12":"product_cat-spain-best-hot-sale-vape","13":"product_cat-fance-hot-sale-vape","14":"product_cat-randm-fumot-vape","15":"product_cat-rechargeable-vapes","16":"product_cat-smart-screen-vapes","17":"product_cat-minimum-order-quantity-50pcs","18":"product_tag-fumot-12000","19":"product_tag-fumot-12k","20":"product_tag-fumot-vape","21":"product_tag-randm-12000","22":"product_tag-randm-vape","23":"desktop-align-left","24":"tablet-align-left","25":"mobile-align-left","27":"first","28":"instock","29":"sale","30":"shipping-taxable","31":"purchasable","32":"product-type-simple"},"uagb_featured_image_src":{"full":["https:\/\/rmvapesale.com\/wp-content\/uploads\/2024\/11\/RandM-12000-Disposable-Vape-Bulk-Buy.jpg",800,800,false],"thumbnail":["https:\/\/rmvapesale.com\/wp-content\/uploads\/2024\/11\/RandM-12000-Disposable-Vape-Bulk-Buy-150x150.jpg",150,150,true],"medium":["https:\/\/rmvapesale.com\/wp-content\/uploads\/2024\/11\/RandM-12000-Disposable-Vape-Bulk-Buy-300x300.jpg",300,300,true],"medium_large":["https:\/\/rmvapesale.com\/wp-content\/uploads\/2024\/11\/RandM-12000-Disposable-Vape-Bulk-Buy-768x768.jpg",768,768,true],"large":["https:\/\/rmvapesale.com\/wp-content\/uploads\/2024\/11\/RandM-12000-Disposable-Vape-Bulk-Buy.jpg",800,800,false],"1536x1536":["https:\/\/rmvapesale.com\/wp-content\/uploads\/2024\/11\/RandM-12000-Disposable-Vape-Bulk-Buy.jpg",800,800,false],"2048x2048":["https:\/\/rmvapesale.com\/wp-content\/uploads\/2024\/11\/RandM-12000-Disposable-Vape-Bulk-Buy.jpg",800,800,false],"trp-custom-language-flag":["https:\/\/rmvapesale.com\/wp-content\/uploads\/2024\/11\/RandM-12000-Disposable-Vape-Bulk-Buy.jpg",12,12,false],"woocommerce_thumbnail":["https:\/\/rmvapesale.com\/wp-content\/uploads\/2024\/11\/RandM-12000-Disposable-Vape-Bulk-Buy-300x300.jpg",300,300,true],"woocommerce_single":["https:\/\/rmvapesale.com\/wp-content\/uploads\/2024\/11\/RandM-12000-Disposable-Vape-Bulk-Buy-600x600.jpg",600,600,true],"woocommerce_gallery_thumbnail":["https:\/\/rmvapesale.com\/wp-content\/uploads\/2024\/11\/RandM-12000-Disposable-Vape-Bulk-Buy-100x100.jpg",100,100,true],"wcpr-photo-reviews":["https:\/\/rmvapesale.com\/wp-content\/uploads\/2024\/11\/RandM-12000-Disposable-Vape-Bulk-Buy.jpg",500,500,false]},"uagb_author_info":{"display_name":"AMY","author_link":"https:\/\/rmvapesale.com\/nl\/author\/"},"uagb_comment_info":0,"uagb_excerpt":"Fumot Digital Box 12000 Disposable Vape RandM Vape Fumot Digital Box 12000 Puff Bulk Buy Fumot 12000 Disposable Vape All Flavor in Stock Wholesale WhatsApp: +86 17776015835 &nbsp;","_links":{"self":[{"href":"https:\/\/rmvapesale.com\/nl\/wp-json\/wp\/v2\/product\/2737","targetHints":{"allow":["GET"]}}],"collection":[{"href":"https:\/\/rmvapesale.com\/nl\/wp-json\/wp\/v2\/product"}],"about":[{"href":"https:\/\/rmvapesale.com\/nl\/wp-json\/wp\/v2\/types\/product"}],"replies":[{"embeddable":true,"href":"https:\/\/rmvapesale.com\/nl\/wp-json\/wp\/v2\/comments?post=2737"}],"wp:featuredmedia":[{"embeddable":true,"href":"https:\/\/rmvapesale.com\/nl\/wp-json\/wp\/v2\/media\/2731"}],"wp:attachment":[{"href":"https:\/\/rmvapesale.com\/nl\/wp-json\/wp\/v2\/media?parent=2737"}],"wp:term":[{"taxonomy":"product_brand","embeddable":true,"href":"https:\/\/rmvapesale.com\/nl\/wp-json\/wp\/v2\/product_brand?post=2737"},{"taxonomy":"product_cat","embeddable":true,"href":"https:\/\/rmvapesale.com\/nl\/wp-json\/wp\/v2\/product_cat?post=2737"},{"taxonomy":"product_tag","embeddable":true,"href":"https:\/\/rmvapesale.com\/nl\/wp-json\/wp\/v2\/product_tag?post=2737"}],"curies":[{"name":"wp","href":"https:\/\/api.w.org\/{rel}","templated":true}]}}