{"id":1869,"date":"2024-04-29T08:45:44","date_gmt":"2024-04-29T08:45:44","guid":{"rendered":"https:\/\/rmvapesale.com\/?post_type=product&#038;p=1869"},"modified":"2025-01-20T03:11:06","modified_gmt":"2025-01-20T03:11:06","slug":"jnr-shisha-vape-15000-puffs-wholesale-price-with-screen-vape","status":"publish","type":"product","link":"https:\/\/rmvapesale.com\/pl\/product\/jnr-shisha-vape-15000-puffs-wholesale-price-with-screen-vape\/","title":{"rendered":"VOPK SHISHA VAPE 15000 BUCH\u00d3W CENA HURTOWA JNR Z EKRANEM VAPE"},"content":{"rendered":"<h1>VOPK SHISHA VAPE 15000 BUCH\u00d3W CENA HURTOWA JNR Z EKRANEM VAPE<\/h1>\n<p>VOPK SHISHA VAPE 15000 ZACI\u0104GNI\u0118\u0106 JNR to jednorazowy waporyzator klasy premium, zaprojektowany specjalnie dla entuzjast\u00f3w Direct-to-Lung (DTL). Dzi\u0119ki imponuj\u0105cej pojemno\u015bci 15 000 zaci\u0105gni\u0119\u0107, urz\u0105dzenie zapewnia d\u0142ugotrwa\u0142e i satysfakcjonuj\u0105ce wra\u017cenia z waporyzacji. Wewn\u0119trzna struktura obejmuje grza\u0142k\u0119 siatkow\u0105 o oporno\u015bci 0,6ohm, kt\u00f3ra zapewnia doskona\u0142\u0105 produkcj\u0119 pary i bogate smaki, dzi\u0119ki czemu idealnie nadaje si\u0119 dla tych, kt\u00f3rzy ceni\u0105 g\u0142\u0119bokie wdechy. Urz\u0105dzenie jest wyposa\u017cone w 20ml e-liquidu, co pozwala na d\u0142ugie sesje waporyzacji.<\/p>\n<p>U\u017cytkownicy mog\u0105 wybiera\u0107 spo\u015br\u00f3d r\u00f3\u017cnych st\u0119\u017ce\u0144 nikotyny, w tym 0%, 2%, 3% lub 5%, co zaspokaja r\u00f3\u017cne preferencje. Akumulatorowy waporyzator VOPK Shisha Hookah jest zasilany przez niezawodn\u0105 bateri\u0119 600mAh, zapewniaj\u0105c\u0105 sta\u0142\u0105 wydajno\u015b\u0107 przez ca\u0142y okres u\u017cytkowania, i jest wyposa\u017cony w port \u0142adowania typu C, umo\u017cliwiaj\u0105cy szybkie \u0142adowanie.<\/p>\n<p>VOPK Shisha bar 15000 Dost\u0119pny w dziesi\u0119ciu pysznych smakach, takich jak Podw\u00f3jne Jab\u0142ko i Arbuz z Lodem, ten waporyzator \u0142\u0105czy styl, funkcjonalno\u015b\u0107 i wszechstronno\u015b\u0107, co czyni go najlepszym wyborem dla vaper\u00f3w poszukuj\u0105cych wysokiej jako\u015bci wra\u017ce\u0144.<\/p>\n<p><strong>Dodaj mened\u017cera sprzeda\u017cy AMY, a otrzymasz kupon na vape!<\/strong><\/p>\n<p><img loading=\"lazy\" decoding=\"async\" class=\"size-medium wp-image-1814\" src=\"https:\/\/rmvapesale.com\/wp-content\/uploads\/2024\/04\/whatsapp-amy-229x300.jpg\" alt=\"whatsapp amy\" width=\"229\" height=\"300\" srcset=\"https:\/\/rmvapesale.com\/wp-content\/uploads\/2024\/04\/whatsapp-amy-229x300.jpg 229w, https:\/\/rmvapesale.com\/wp-content\/uploads\/2024\/04\/whatsapp-amy-783x1024.jpg 783w, https:\/\/rmvapesale.com\/wp-content\/uploads\/2024\/04\/whatsapp-amy-768x1005.jpg 768w, https:\/\/rmvapesale.com\/wp-content\/uploads\/2024\/04\/whatsapp-amy-600x785.jpg 600w, https:\/\/rmvapesale.com\/wp-content\/uploads\/2024\/04\/whatsapp-amy.jpg 990w\" sizes=\"auto, (max-width: 229px) 100vw, 229px\" \/><\/p>\n<p><span style=\"color: #ff0000\"><strong>whatsapp <a style=\"color: #ff0000\" href=\"https:\/\/wa.me\/8617776015835\" target=\"_blank\" rel=\"noopener\">+86-17776015835<\/a><\/strong><\/span><\/p>\n<h2>VOPK Shisha Hookah 15000 15K Zaci\u0105gni\u0119\u0107 Lista smak\u00f3w:<\/h2>\n<p>1. Podw\u00f3jne Jab\u0142ko<br \/>\n2. Podw\u00f3jny Melon z Mi\u0119t\u0105<br \/>\n3. Winogrono z Mi\u0119t\u0105<br \/>\n4. Soczysta Brzoskwinia<br \/>\n5. Lady Killa<br \/>\n6. Mieszane Jagody z Lodem<br \/>\n7. Ananas z Kokosem<br \/>\n8. Sorbet z Czerwonych Owoc\u00f3w<br \/>\n9. Arbuzowy l\u00f3d<br \/>\n10. Bia\u0142a Mamba<\/p>\n<h2>VOPK JNR SHISHA VAPE 15000 ZACI\u0104GNI\u0118\u0106: Cena hurtowa z ekranem Vape \u2013 Najcz\u0119\u015bciej zadawane pytania dotycz\u0105ce produktu<\/h2>\n<p>1. Co jest specjalno\u015bci\u0105 VOPK JNR SHISHA VAPE 15000 zaci\u0105gni\u0119\u0107?<\/p>\n<p>VOPK JNR SHISHA VAPE 15K ZACI\u0104GNI\u0118\u0106<span style=\"font-size: 16px\">\u00a0wyr\u00f3\u017cnia si\u0119 du\u017c\u0105 pojemno\u015bci\u0105, oferuj\u0105c do 15000 zaci\u0105gni\u0119\u0107 na urz\u0105dzenie, co zapewnia d\u0142u\u017csz\u0105 przyjemno\u015b\u0107.<\/span><\/p>\n<p>2. Jakiego rodzaju rzemios\u0142em cechuje si\u0119 urz\u0105dzenie VOPK JNR SHISHA VAPE 15K ZACI\u0104GNI\u0118\u0106?<\/p>\n<p>Urz\u0105dzenie VOPK VAPE SHISHA 15000 ZACI\u0104GNI\u0118\u0106 szczyci si\u0119 dwukolorowym designem uzupe\u0142nionym nadrukiem UV, zapewniaj\u0105c efektowny wygl\u0105d i staranne wykonanie.<br \/>\n3. Jakiego typu cewki u\u017cywa VOPK VAPE SHISHA 15000 Zaci\u0105gni\u0119\u0107 i jaka jest oporno\u015b\u0107 VOPK VAPE SHISHA 15K ZACI\u0104GNI\u0118\u0106?<\/p>\n<p>VOPK VAPE SHISHA 15K ZACI\u0104GNI\u0118\u0106 wykorzystuje technologi\u0119 cewki mesh o rezystancji 0,6 oma\/m, zapewniaj\u0105c stabiln\u0105 wydajno\u015b\u0107 i p\u0142ynne wra\u017cenia z wapowania.<br \/>\n4. Ile e-liquidu VOPK JNR SHISHA 15000 ZACI\u0104GNI\u0118\u0106 mo\u017ce pomie\u015bci\u0107 atomizer?<\/p>\n<p>Atomizer VOPK JNR SHISHA 15000 Zaci\u0105gni\u0119\u0107 ma pojemno\u015b\u0107 20 ml, co pozwala na d\u0142ugotrwa\u0142e sesje wapowania bez cz\u0119stego uzupe\u0142niania.<br \/>\n5. Z jakiego materia\u0142u wykonana jest cewka VOPK JNR SHISHA 15K ZACI\u0104GNI\u0118\u0106?<\/p>\n<p>Cewka VOPK JNR SHISHA 15K ZACI\u0104GNI\u0118\u0106 jest wykonana z wysokiej jako\u015bci materia\u0142u typu mesh, co zapewnia doskona\u0142e odparowanie i czysty smak.<br \/>\n6. Jaka jest pojemno\u015b\u0107 baterii urz\u0105dzenia VOPK JNR VAPE 15000 ZACI\u0104GNI\u0118\u0106?<\/p>\n<p>VOPK JNR VAPE 15000 Zaci\u0105gni\u0119\u0107 posiada wydajn\u0105 bateri\u0119 600 mAh, zapewniaj\u0105c\u0105 d\u0142ugotrwa\u0142e i niezawodne zasilanie, co zapewnia nieprzerwane sesje wapowania.<br \/>\n7. Jakiego typu baterii u\u017cywa VOPK JNR VAPE 15K ZACI\u0104GNI\u0118\u0106?<\/p>\n<p>Urz\u0105dzenie VOPK JNR VAPE 15K ZACI\u0104GNI\u0118\u0106 wykorzystuje model baterii 18250, znany ze swojej trwa\u0142o\u015bci i d\u0142ugowieczno\u015bci.<br \/>\n8. Jak d\u0142ugo powinienem \u0142adowa\u0107 m\u00f3j 15000 ZACI\u0104GNI\u0118\u0106 JNR SHISHA VAPE VOPK?<\/p>\n<p>15000 ZACI\u0104GNI\u0118\u0106 VAPE SHISHA VOPK jest wyposa\u017cony w wygodny port \u0142adowania typu C, umo\u017cliwiaj\u0105cy szybkie i wydajne \u0142adowanie, zapewniaj\u0105c minimalny czas przestoju.<br \/>\n9. Do jakiego stylu vapingu pasuje 15000 PUFF JNR SHISHA VOPK?<\/p>\n<p>VOPK SHISHA VAPE 15000 PUFFS jest odpowiedni do vapingu Direct-To-Lung (DTL), oferuj\u0105c bogate i satysfakcjonuj\u0105ce doznania.<br \/>\n10. W jaki spos\u00f3b 15000 PUFF JNR VAPE VOPK zapewnia wygod\u0119 u\u017cytkowania?<\/p>\n<p>Dzi\u0119ki swojej wysokiej pojemno\u015bci zaci\u0105gni\u0119\u0107, atrakcyjnemu wizualnie designowi i zaawansowanej technologii grza\u0142ki, VOPK SHISHA VAPE 15000 PUFFS stawia na pierwszym miejscu satysfakcj\u0119 i wygod\u0119 u\u017cytkownika, co czyni go idealnym wyborem zar\u00f3wno dla pocz\u0105tkuj\u0105cych, jak i do\u015bwiadczonych vaper\u00f3w.<\/p>\n<p>&nbsp;<\/p>\n<p>Znajd\u017a wi\u0119cej produkt\u00f3w Vape, kt\u00f3re mog\u0105 Ci si\u0119 spodoba\u0107:<em><a href=\"https:\/\/rmvapesale.com\/pl\/shop-2\/\">kup teraz\u00a0<\/a><\/em><\/p>\n<p>inne popularne produkty, kt\u00f3re mog\u0105 Ci si\u0119 spodoba\u0107:<\/p>","protected":false},"excerpt":{"rendered":"<p class=\"LC20lb MBeuO DKV0Md\">15K ZACI\u0104GNI\u0118\u0106 JNR VAPE VOPK Cena hurtowa<br \/>\n15K ZACI\u0104GNI\u0118\u0106 JNR SHISHA VOPK Cena fabryczna<br \/>\n15K ZACI\u0104GNI\u0118\u0106 VAPE SHISHA VOPK Cena promocyjna<br \/>\n<strong>Skontaktuj si\u0119 z Amy, aby uzyska\u0107 wi\u0119cej rabatu i ni\u017csze MOQ Vape<\/strong><\/p>\n<p><img loading=\"lazy\" decoding=\"async\" class=\"size-medium wp-image-1814\" src=\"https:\/\/rmvapesale.com\/wp-content\/uploads\/2024\/04\/whatsapp-amy-229x300.jpg\" alt=\"whatsapp amy\" width=\"229\" height=\"300\" srcset=\"https:\/\/rmvapesale.com\/wp-content\/uploads\/2024\/04\/whatsapp-amy-229x300.jpg 229w, https:\/\/rmvapesale.com\/wp-content\/uploads\/2024\/04\/whatsapp-amy-783x1024.jpg 783w, https:\/\/rmvapesale.com\/wp-content\/uploads\/2024\/04\/whatsapp-amy-768x1005.jpg 768w, https:\/\/rmvapesale.com\/wp-content\/uploads\/2024\/04\/whatsapp-amy-600x785.jpg 600w, https:\/\/rmvapesale.com\/wp-content\/uploads\/2024\/04\/whatsapp-amy.jpg 990w\" sizes=\"auto, (max-width: 229px) 100vw, 229px\" \/><\/p>\n<h3><span style=\"color: #ff0000\"><strong>WhatsApp: +86 17776015835<\/strong><\/span><\/h3>","protected":false},"featured_media":1864,"comment_status":"open","ping_status":"closed","template":"","meta":{"_uag_custom_page_level_css":"","_lmt_disableupdate":"no","_lmt_disable":"","site-sidebar-layout":"default","site-content-layout":"content-boxed-container","ast-site-content-layout":"normal-width-container","site-content-style":"boxed","site-sidebar-style":"unboxed","ast-global-header-display":"","ast-banner-title-visibility":"","ast-main-header-display":"","ast-hfb-above-header-display":"","ast-hfb-below-header-display":"","ast-hfb-mobile-header-display":"","site-post-title":"","ast-breadcrumbs-content":"","ast-featured-img":"","footer-sml-layout":"","theme-transparent-header-meta":"default","adv-header-id-meta":"","stick-header-meta":"","header-above-stick-meta":"","header-main-stick-meta":"","header-below-stick-meta":"","astra-migrate-meta-layouts":"set","ast-page-background-enabled":"default","ast-page-background-meta":{"desktop":{"background-color":"var(--ast-global-color-4)","background-image":"","background-repeat":"repeat","background-position":"center center","background-size":"auto","background-attachment":"scroll","background-type":"","background-media":"","overlay-type":"","overlay-color":"","overlay-opacity":"","overlay-gradient":""},"tablet":{"background-color":"","background-image":"","background-repeat":"repeat","background-position":"center center","background-size":"auto","background-attachment":"scroll","background-type":"","background-media":"","overlay-type":"","overlay-color":"","overlay-opacity":"","overlay-gradient":""},"mobile":{"background-color":"","background-image":"","background-repeat":"repeat","background-position":"center center","background-size":"auto","background-attachment":"scroll","background-type":"","background-media":"","overlay-type":"","overlay-color":"","overlay-opacity":"","overlay-gradient":""}},"ast-content-background-meta":{"desktop":{"background-color":"var(--ast-global-color-5)","background-image":"","background-repeat":"repeat","background-position":"center center","background-size":"auto","background-attachment":"scroll","background-type":"","background-media":"","overlay-type":"","overlay-color":"","overlay-opacity":"","overlay-gradient":""},"tablet":{"background-color":"var(--ast-global-color-5)","background-image":"","background-repeat":"repeat","background-position":"center center","background-size":"auto","background-attachment":"scroll","background-type":"","background-media":"","overlay-type":"","overlay-color":"","overlay-opacity":"","overlay-gradient":""},"mobile":{"background-color":"var(--ast-global-color-5)","background-image":"","background-repeat":"repeat","background-position":"center center","background-size":"auto","background-attachment":"scroll","background-type":"","background-media":"","overlay-type":"","overlay-color":"","overlay-opacity":"","overlay-gradient":""}},"_joinchat":[]},"product_brand":[],"product_cat":[25,289,293,295,296,280,26,28,27,31,61,137,136,15,30],"product_tag":[44,40,41,43,42,37],"class_list":{"0":"post-1869","1":"product","2":"type-product","3":"status-publish","4":"has-post-thumbnail","6":"product_cat-germany-best-selling-vape","7":"product_cat-big-puffs-disposable-vapes","8":"product_cat-low-nicotine-disposable-vapes","9":"product_cat-rechargeable-disposable-vapes","10":"product_cat-shisha-hookah-disposable-vapes","11":"product_cat-vopk-vape","12":"product_cat-netherlands-hot-sale-vape","13":"product_cat-poland-hot-sale-vape","14":"product_cat-fance-hot-sale-vape","15":"product_cat-randm-fumot-vape","16":"product_cat-15000-puffs-disposable-vapes","17":"product_cat-rechargeable-vapes","18":"product_cat-smart-screen-vapes","19":"product_cat-new-vape-this-week","20":"product_cat-minimum-order-quantity-50pcs","21":"product_tag-15k-puffs-15000-vape-wholesale","22":"product_tag-hot-sale-vape","23":"product_tag-original-factory-vape","24":"product_tag-shisha-vape","25":"product_tag-vopk-vape","26":"product_tag-wholesale-vape-price","27":"desktop-align-left","28":"tablet-align-left","29":"mobile-align-left","31":"first","32":"instock","33":"sale","34":"shipping-taxable","35":"purchasable","36":"product-type-simple"},"uagb_featured_image_src":{"full":["https:\/\/rmvapesale.com\/wp-content\/uploads\/2024\/04\/VOPK-SHISHA-VAPE-15K-PUFFS-PRICE.jpg",500,500,false],"thumbnail":["https:\/\/rmvapesale.com\/wp-content\/uploads\/2024\/04\/VOPK-SHISHA-VAPE-15K-PUFFS-PRICE-150x150.jpg",150,150,true],"medium":["https:\/\/rmvapesale.com\/wp-content\/uploads\/2024\/04\/VOPK-SHISHA-VAPE-15K-PUFFS-PRICE-300x300.jpg",300,300,true],"medium_large":["https:\/\/rmvapesale.com\/wp-content\/uploads\/2024\/04\/VOPK-SHISHA-VAPE-15K-PUFFS-PRICE.jpg",500,500,false],"large":["https:\/\/rmvapesale.com\/wp-content\/uploads\/2024\/04\/VOPK-SHISHA-VAPE-15K-PUFFS-PRICE.jpg",500,500,false],"1536x1536":["https:\/\/rmvapesale.com\/wp-content\/uploads\/2024\/04\/VOPK-SHISHA-VAPE-15K-PUFFS-PRICE.jpg",500,500,false],"2048x2048":["https:\/\/rmvapesale.com\/wp-content\/uploads\/2024\/04\/VOPK-SHISHA-VAPE-15K-PUFFS-PRICE.jpg",500,500,false],"trp-custom-language-flag":["https:\/\/rmvapesale.com\/wp-content\/uploads\/2024\/04\/VOPK-SHISHA-VAPE-15K-PUFFS-PRICE.jpg",12,12,false],"woocommerce_thumbnail":["https:\/\/rmvapesale.com\/wp-content\/uploads\/2024\/04\/VOPK-SHISHA-VAPE-15K-PUFFS-PRICE-300x300.jpg",300,300,true],"woocommerce_single":["https:\/\/rmvapesale.com\/wp-content\/uploads\/2024\/04\/VOPK-SHISHA-VAPE-15K-PUFFS-PRICE.jpg",500,500,false],"woocommerce_gallery_thumbnail":["https:\/\/rmvapesale.com\/wp-content\/uploads\/2024\/04\/VOPK-SHISHA-VAPE-15K-PUFFS-PRICE-100x100.jpg",100,100,true],"wcpr-photo-reviews":["https:\/\/rmvapesale.com\/wp-content\/uploads\/2024\/04\/VOPK-SHISHA-VAPE-15K-PUFFS-PRICE.jpg",500,500,false]},"uagb_author_info":{"display_name":"yannazhan","author_link":"https:\/\/rmvapesale.com\/pl\/author\/"},"uagb_comment_info":0,"uagb_excerpt":"15K PUFFS JNR VAPE VOPK Wholesale Price 15K PUFFS JNR SHISHA VOPK Factory Price 15K PUFFS VAPE SHISHA VOPK Discount Price Contact Amy For More Discount And Lower MOQ Vape WhatsApp: +86 17776015835","_links":{"self":[{"href":"https:\/\/rmvapesale.com\/pl\/wp-json\/wp\/v2\/product\/1869","targetHints":{"allow":["GET"]}}],"collection":[{"href":"https:\/\/rmvapesale.com\/pl\/wp-json\/wp\/v2\/product"}],"about":[{"href":"https:\/\/rmvapesale.com\/pl\/wp-json\/wp\/v2\/types\/product"}],"replies":[{"embeddable":true,"href":"https:\/\/rmvapesale.com\/pl\/wp-json\/wp\/v2\/comments?post=1869"}],"wp:featuredmedia":[{"embeddable":true,"href":"https:\/\/rmvapesale.com\/pl\/wp-json\/wp\/v2\/media\/1864"}],"wp:attachment":[{"href":"https:\/\/rmvapesale.com\/pl\/wp-json\/wp\/v2\/media?parent=1869"}],"wp:term":[{"taxonomy":"product_brand","embeddable":true,"href":"https:\/\/rmvapesale.com\/pl\/wp-json\/wp\/v2\/product_brand?post=1869"},{"taxonomy":"product_cat","embeddable":true,"href":"https:\/\/rmvapesale.com\/pl\/wp-json\/wp\/v2\/product_cat?post=1869"},{"taxonomy":"product_tag","embeddable":true,"href":"https:\/\/rmvapesale.com\/pl\/wp-json\/wp\/v2\/product_tag?post=1869"}],"curies":[{"name":"wp","href":"https:\/\/api.w.org\/{rel}","templated":true}]}}