{"id":1874,"date":"2024-05-09T07:00:52","date_gmt":"2024-05-09T07:00:52","guid":{"rendered":"https:\/\/rmvapesale.com\/?post_type=product&#038;p=1874"},"modified":"2024-10-21T08:04:35","modified_gmt":"2024-10-21T08:04:35","slug":"randm-tornado-15000-puffs-15k-vape-recharge-fumot-original-vape-factory-price","status":"publish","type":"product","link":"https:\/\/rmvapesale.com\/pl\/product\/randm-tornado-15000-puffs-15k-vape-recharge-fumot-original-vape-factory-price\/","title":{"rendered":"RANDM TORNADO 15000 ZACI\u0104GNI\u0118\u0106 15K VAPE RECHARGE FUMOT ORYGINALNA CENA FABRYCZNA VAPE"},"content":{"rendered":"<h1>RANDM TORNADO 15000 ZACI\u0104GNI\u0118\u0106 15K VAPE RECHARGE FUMOT ORYGINALNA CENA FABRYCZNA VAPE<\/h1>\n<p>RANDM TORNADO VAPE 15000 PUFFS Waporyzator wielokrotnego \u0142adowania jest obecnie popularny w wi\u0119kszo\u015bci kraj\u00f3w europejskich, takich jak Niemcy, Holandia, Francja, W\u0142ochy, Hiszpania, Szwajcaria, Szwecja, Polska, itd. Jak kupi\u0107 waporyzatory Randm Tornado 15k? Czym jest waporyzator Fumot tornado 15k? Poznaj waporyzator RANDM Tornado 15K - wyj\u0105tkowe dzie\u0142o firmy Fumot. Ten \u015bwietny sprz\u0119t zachwyca pojemno\u015bci\u0105 15 000 zaci\u0105gni\u0119\u0107, stawiaj\u0105c wysoko poprzeczk\u0119 w \u015bwiecie waporyzator\u00f3w. Stworzony przez magik\u00f3w z Shenzhen Fumot Technology, ten waporyzator nie tylko wygl\u0105da stylowo, ale tak\u017ce dostarcza wra\u017ce\u0144.<\/p>\n<p>Z opcjami zawarto\u015bci nikotyny od 0% do 5% i wst\u0119pnie za\u0142adowanym 25 ml e-liquidu, ma smaki na d\u0142ugi czas. Zasilany akumulatorem o pojemno\u015bci 850 mAh i wyposa\u017cony w grza\u0142k\u0119 0.9\u03a9 Mesh, gwarantuje p\u0142ynne zaci\u0105gni\u0119cia za ka\u017cdym razem. Kontroluj poziom p\u0142ynu i baterii za pomoc\u0105 wska\u017anika LED - to dziecinnie proste. Przygotuj si\u0119 na najlepsze wra\u017cenia z waporyzatora RANDM Tornado 15K<\/p>\n<p>&nbsp;<\/p>\n<p><strong>Dodaj mened\u017cerk\u0119 sprzeda\u017cy AMY na WhatsApp <a href=\"https:\/\/wa.me\/8617776015835\" target=\"_blank\" rel=\"noopener\">+86-17776015835<\/a> uzyskaj wi\u0119cej rabatu!<\/strong><\/p>\n<p><img loading=\"lazy\" decoding=\"async\" class=\"size-medium wp-image-1814\" src=\"https:\/\/rmvapesale.com\/wp-content\/uploads\/2024\/04\/whatsapp-amy-229x300.jpg\" alt=\"whatsapp amy\" width=\"229\" height=\"300\" srcset=\"https:\/\/rmvapesale.com\/wp-content\/uploads\/2024\/04\/whatsapp-amy-229x300.jpg 229w, https:\/\/rmvapesale.com\/wp-content\/uploads\/2024\/04\/whatsapp-amy-783x1024.jpg 783w, https:\/\/rmvapesale.com\/wp-content\/uploads\/2024\/04\/whatsapp-amy-768x1005.jpg 768w, https:\/\/rmvapesale.com\/wp-content\/uploads\/2024\/04\/whatsapp-amy-600x785.jpg 600w, https:\/\/rmvapesale.com\/wp-content\/uploads\/2024\/04\/whatsapp-amy.jpg 990w\" sizes=\"auto, (max-width: 229px) 100vw, 229px\" \/><\/p>\n<h2>Specyfikacja jednorazowego waporyzatora FUMOT TORNADO 15000:<\/h2>\n<p>Opcje zawarto\u015bci nikotyny: 0%, 2%, 3% i 5%<br \/>\nDo 15000 zaci\u0105gni\u0119\u0107<br \/>\nWst\u0119pnie nape\u0142niony 25 ml e-liquidu<br \/>\nAkumulator 850 mAh<br \/>\nCewka Mesh 0,9 \u03a9<br \/>\n41 dost\u0119pnych smak\u00f3w<\/p>\n<h2>Najlepszy smak Randm 15000 Puffs<\/h2>\n<p>1 Blue Razz Lemonade<br \/>\n2 Brzoskwiniowy L\u00f3d<br \/>\n3 Kwa\u015bne Jab\u0142ko<br \/>\n4 Arbuzowy L\u00f3d<br \/>\n5 Jagoda Na Lodzie<br \/>\n6 Jagoda Malina<br \/>\n7 Ananasowy L\u00f3d<br \/>\n8 Wi\u015bnia<br \/>\n9 Truskawkowy L\u00f3d<br \/>\n10 Vimto\u00a0 <span style=\"color: #ff0000\"><strong>&gt;&gt;&gt;&gt; Gor\u0105ce!<\/strong><\/span><br \/>\n11 Winogronowy L\u00f3d<br \/>\n12 Cola L\u00f3d<br \/>\n13 Truskawkowy Arbuz<br \/>\n14 R\u00f3\u017cowa Lemonada <span style=\"color: #ff0000\"><strong>&gt;&gt;&gt;&gt; Najlepsze!<\/strong><\/span><br \/>\n15 Mieszane Jagody <span style=\"color: #ff0000\"><strong>&gt;&gt;&gt;&gt; Gor\u0105ce!<\/strong><\/span><br \/>\n16 Brzoskwinia Mango<br \/>\n17. Smoczy owoc<br \/>\n18. Truskawkowe winogrono<br \/>\n19. Mr blue <span style=\"color: #ff0000\"><strong>&gt;&gt;&gt;&gt; Gor\u0105ce!<\/strong><\/span><br \/>\n20. Bujny L\u00f3d<br \/>\n21. Lody wodne<br \/>\n22. Truskawka kiwi<br \/>\n23. Kiwi marakuja guawa<br \/>\n24. Potr\u00f3jne jagody <span style=\"color: #ff0000\"><strong>&gt;&gt;&gt;&gt; Gor\u0105ce!<\/strong><\/span><br \/>\n25. L\u00f3d bananowy<br \/>\n26. Cukierki brzoskwiniowo-jagodowe<br \/>\n27. Jab\u0142ko brzoskwinia gruszka<br \/>\n28. Lemoniada jagodowa<br \/>\n29. Niebieska malina wi\u015bnia<br \/>\n30. Guma balonowa jagodowa<br \/>\n31. Jagoda wi\u015bnia \u017curawina<br \/>\n32. Jagoda z granatem<br \/>\n33. Kwa\u015bna malina<br \/>\n34. Cherry Cola<br \/>\n35. \u017belki<br \/>\n36. Cytryna<br \/>\n37. Mango z lodem<br \/>\n38. Czerwony energetyk z lodem<br \/>\n39. Truskawka z bananem<br \/>\n40. Truskawkowy Red Bull<br \/>\n41. Lemoniada truskawkowo-arbuzowa<\/p>\n<p>&nbsp;<\/p>\n<h2>Randm Tornado 15000 FAQ<\/h2>\n<p>1. Czym jest RANDM VAPE 15K TORNADO Original?<br \/>\nRANDM VAPE 15K TORNADO Original to popularny jednorazowy waporyzator wyprodukowany przez Fumot Vape Tech. Nazwa pochodzi od imponuj\u0105cej pojemno\u015bci 15 000 zaci\u0105gni\u0119\u0107.<\/p>\n<p>2. Kto produkuje RANDM VAPE 15K TORNADO Genuine?<br \/>\nO: RANDM VAPE 15K TORNADO Genuine jest produkowany przez Shenzhen Fumot Technology, wiod\u0105c\u0105 firm\u0119 w bran\u017cy waporyzacyjnej, znan\u0105 z innowacyjnych produkt\u00f3w.<\/p>\n<p>3. Co sprawia, \u017ce RANDM VAPE 15K TORNADO Authentic jest wyj\u0105tkowy?<\/p>\n<p>Dzi\u0119ki pojemno\u015bci 15 000 zaci\u0105gni\u0119\u0107, RANDM VAPE 15K TORNADO Authentic wyr\u00f3\u017cnia si\u0119 jako jeden z jednorazowych waporyzator\u00f3w o najwi\u0119kszej pojemno\u015bci na rynku. To dobry wyb\u00f3r dla tych, kt\u00f3rzy pragn\u0105 urz\u0105dze\u0144 o d\u0142u\u017cszej \u017cywotno\u015bci.<\/p>\n<p>4. Jakie smaki s\u0105 dost\u0119pne dla RANDM VAPE 15K TORNADO Genuine?<br \/>\nRANDM VAPE 15K TORNADO Genuine jest dost\u0119pny w r\u00f3\u017cnych smakach, w tym jab\u0142ko-brzoskwinia-gruszka, l\u00f3d bananowy, lemoniada jagodowa, niebieska malina z wi\u015bni\u0105 i wiele innych. Dzi\u0119ki 41 smakom do wyboru, ka\u017cdy znajdzie co\u015b dla siebie.<\/p>\n<p>5. Jak d\u0142ugo dzia\u0142a bateria w RANDM VAPE 15K TORNADO Authentic?<br \/>\nO: RANDM VAPE 15K TORNADO Authentic jest wyposa\u017cony we wbudowan\u0105 bateri\u0119 o pojemno\u015bci 850 mAh, oferuj\u0105c\u0105 wyd\u0142u\u017cone u\u017cytkowanie na jednym \u0142adowaniu. Dok\u0142adna \u017cywotno\u015b\u0107 baterii zale\u017cy jednak od indywidualnych wzorc\u00f3w u\u017cytkowania.<\/p>\n<p>6. Czy RANDM VAPE 15000 TORNADO Original jest wielokrotnego \u0142adowania?<br \/>\nNie, RANDM VAPE 15000 TORNADO Original to jednorazowy waporyzator i nie jest wielokrotnego \u0142adowania. Gdy bateria si\u0119 wyczerpie lub sko\u0144czy si\u0119 e-liquid, urz\u0105dzenie nale\u017cy zutylizowa\u0107 w odpowiedni spos\u00f3b.<\/p>\n<p>7.Jak mog\u0119 kupi\u0107 oryginalny RANDM VAPE 15000?<br \/>\nOryginalny RANDM VAPE 15000 jest dost\u0119pny do zakupu u autoryzowanych dystrybutor\u00f3w. W przypadku zapyta\u0144 hurtowych, dystrybutorzy mog\u0105 <a href=\"https:\/\/wa.me\/8617776015835\" target=\"_blank\" rel=\"noopener\">kontaktowa\u0107 si\u0119 z nami<\/a> bezpo\u015brednio. Klienci detaliczni mog\u0105 znale\u017a\u0107 produkt u wybranych sprzedawc\u00f3w detalicznych lub w sklepach internetowych.<\/p>\n<p>&nbsp;<\/p>\n<p>Znajd\u017a wi\u0119cej produkt\u00f3w Vape, kt\u00f3re mog\u0105 Ci si\u0119 spodoba\u0107:<em><a href=\"https:\/\/rmvapesale.com\/pl\/shop-2\/\">kup teraz\u00a0<\/a><\/em><\/p>\n<p>inne popularne produkty, kt\u00f3re mog\u0105 Ci si\u0119 spodoba\u0107:<\/p>\n<p><a href=\"https:\/\/rmvapesale.com\/pl\/product\/jnr-shisha-vape-15000-puffs-wholesale-price-with-screen-vape\/\">VOPK SHISHA 15K<\/a><\/p>\n<p><a href=\"https:\/\/rmvapesale.com\/pl\/product\/randm-vape-al-fakher-10000-puffs-vape-wholesale\/\">randm vape AI FAKHER 15k vape<\/a><\/p>","protected":false},"excerpt":{"rendered":"<p class=\"LC20lb MBeuO DKV0Md\">15K PUFFS FUMOT VAPE RANDM Cena hurtowa<br \/>\n15K PUFFS FUMOT ORYGINALNA RANDM Cena fabryczna<br \/>\n15K PUFFS Oryginalny FUMOT VAPE TORNADO RANDM Cena promocyjna<br \/>\n<strong>Skontaktuj si\u0119 z Amy, aby uzyska\u0107 wi\u0119cej rabatu i ni\u017csze MOQ Vape<\/strong><\/p>\n<p><img loading=\"lazy\" decoding=\"async\" class=\"size-medium wp-image-1814\" src=\"https:\/\/rmvapesale.com\/wp-content\/uploads\/2024\/04\/whatsapp-amy-229x300.jpg\" alt=\"whatsapp amy\" width=\"229\" height=\"300\" srcset=\"https:\/\/rmvapesale.com\/wp-content\/uploads\/2024\/04\/whatsapp-amy-229x300.jpg 229w, https:\/\/rmvapesale.com\/wp-content\/uploads\/2024\/04\/whatsapp-amy-783x1024.jpg 783w, https:\/\/rmvapesale.com\/wp-content\/uploads\/2024\/04\/whatsapp-amy-768x1005.jpg 768w, https:\/\/rmvapesale.com\/wp-content\/uploads\/2024\/04\/whatsapp-amy-600x785.jpg 600w, https:\/\/rmvapesale.com\/wp-content\/uploads\/2024\/04\/whatsapp-amy.jpg 990w\" sizes=\"auto, (max-width: 229px) 100vw, 229px\" \/><\/p>\n<h3><span style=\"color: #ff0000\"><strong>WhatsApp: +86 17776015835<\/strong><\/span><\/h3>","protected":false},"featured_media":1877,"comment_status":"open","ping_status":"closed","template":"","meta":{"_uag_custom_page_level_css":"","_lmt_disableupdate":"no","_lmt_disable":"","site-sidebar-layout":"default","site-content-layout":"content-boxed-container","ast-site-content-layout":"normal-width-container","site-content-style":"boxed","site-sidebar-style":"unboxed","ast-global-header-display":"","ast-banner-title-visibility":"","ast-main-header-display":"","ast-hfb-above-header-display":"","ast-hfb-below-header-display":"","ast-hfb-mobile-header-display":"","site-post-title":"","ast-breadcrumbs-content":"","ast-featured-img":"","footer-sml-layout":"","theme-transparent-header-meta":"default","adv-header-id-meta":"","stick-header-meta":"","header-above-stick-meta":"","header-main-stick-meta":"","header-below-stick-meta":"","astra-migrate-meta-layouts":"set","ast-page-background-enabled":"default","ast-page-background-meta":{"desktop":{"background-color":"var(--ast-global-color-4)","background-image":"","background-repeat":"repeat","background-position":"center center","background-size":"auto","background-attachment":"scroll","background-type":"","background-media":"","overlay-type":"","overlay-color":"","overlay-opacity":"","overlay-gradient":""},"tablet":{"background-color":"","background-image":"","background-repeat":"repeat","background-position":"center center","background-size":"auto","background-attachment":"scroll","background-type":"","background-media":"","overlay-type":"","overlay-color":"","overlay-opacity":"","overlay-gradient":""},"mobile":{"background-color":"","background-image":"","background-repeat":"repeat","background-position":"center center","background-size":"auto","background-attachment":"scroll","background-type":"","background-media":"","overlay-type":"","overlay-color":"","overlay-opacity":"","overlay-gradient":""}},"ast-content-background-meta":{"desktop":{"background-color":"var(--ast-global-color-5)","background-image":"","background-repeat":"repeat","background-position":"center center","background-size":"auto","background-attachment":"scroll","background-type":"","background-media":"","overlay-type":"","overlay-color":"","overlay-opacity":"","overlay-gradient":""},"tablet":{"background-color":"var(--ast-global-color-5)","background-image":"","background-repeat":"repeat","background-position":"center center","background-size":"auto","background-attachment":"scroll","background-type":"","background-media":"","overlay-type":"","overlay-color":"","overlay-opacity":"","overlay-gradient":""},"mobile":{"background-color":"var(--ast-global-color-5)","background-image":"","background-repeat":"repeat","background-position":"center center","background-size":"auto","background-attachment":"scroll","background-type":"","background-media":"","overlay-type":"","overlay-color":"","overlay-opacity":"","overlay-gradient":""}},"_joinchat":[]},"product_brand":[],"product_cat":[25,51,123,26,28,135,27,31,61,137,15,30],"product_tag":[44,39,40,41,171,38,37],"class_list":{"0":"post-1874","1":"product","2":"type-product","3":"status-publish","4":"has-post-thumbnail","6":"product_cat-germany-best-selling-vape","7":"product_cat-fumot-vape","8":"product_cat-italy-wholesale-vape","9":"product_cat-netherlands-hot-sale-vape","10":"product_cat-poland-hot-sale-vape","11":"product_cat-spain-best-hot-sale-vape","12":"product_cat-fance-hot-sale-vape","13":"product_cat-randm-fumot-vape","14":"product_cat-15000-puffs-disposable-vapes","15":"product_cat-rechargeable-vapes","16":"product_cat-new-vape-this-week","17":"product_cat-minimum-order-quantity-50pcs","18":"product_tag-15k-puffs-15000-vape-wholesale","19":"product_tag-fumot-vape","20":"product_tag-hot-sale-vape","21":"product_tag-original-factory-vape","22":"product_tag-randm-15000","23":"product_tag-randm-vape","24":"product_tag-wholesale-vape-price","25":"desktop-align-left","26":"tablet-align-left","27":"mobile-align-left","29":"first","30":"instock","31":"sale","32":"shipping-taxable","33":"purchasable","34":"product-type-simple"},"uagb_featured_image_src":{"full":["https:\/\/rmvapesale.com\/wp-content\/uploads\/2024\/05\/randm-vape-tornado-15k-fumot.jpg",424,589,false],"thumbnail":["https:\/\/rmvapesale.com\/wp-content\/uploads\/2024\/05\/randm-vape-tornado-15k-fumot-150x150.jpg",150,150,true],"medium":["https:\/\/rmvapesale.com\/wp-content\/uploads\/2024\/05\/randm-vape-tornado-15k-fumot-216x300.jpg",216,300,true],"medium_large":["https:\/\/rmvapesale.com\/wp-content\/uploads\/2024\/05\/randm-vape-tornado-15k-fumot.jpg",424,589,false],"large":["https:\/\/rmvapesale.com\/wp-content\/uploads\/2024\/05\/randm-vape-tornado-15k-fumot.jpg",424,589,false],"1536x1536":["https:\/\/rmvapesale.com\/wp-content\/uploads\/2024\/05\/randm-vape-tornado-15k-fumot.jpg",424,589,false],"2048x2048":["https:\/\/rmvapesale.com\/wp-content\/uploads\/2024\/05\/randm-vape-tornado-15k-fumot.jpg",424,589,false],"trp-custom-language-flag":["https:\/\/rmvapesale.com\/wp-content\/uploads\/2024\/05\/randm-vape-tornado-15k-fumot.jpg",9,12,false],"woocommerce_thumbnail":["https:\/\/rmvapesale.com\/wp-content\/uploads\/2024\/05\/randm-vape-tornado-15k-fumot-300x300.jpg",300,300,true],"woocommerce_single":["https:\/\/rmvapesale.com\/wp-content\/uploads\/2024\/05\/randm-vape-tornado-15k-fumot.jpg",424,589,false],"woocommerce_gallery_thumbnail":["https:\/\/rmvapesale.com\/wp-content\/uploads\/2024\/05\/randm-vape-tornado-15k-fumot-100x100.jpg",100,100,true],"wcpr-photo-reviews":["https:\/\/rmvapesale.com\/wp-content\/uploads\/2024\/05\/randm-vape-tornado-15k-fumot.jpg",360,500,false]},"uagb_author_info":{"display_name":"yannazhan","author_link":"https:\/\/rmvapesale.com\/pl\/author\/"},"uagb_comment_info":0,"uagb_excerpt":"15K PUFFS FUMOT VAPE RANDM Wholesale Price 15K PUFFS FUMOT ORIGINAL RANDM\u00a0 Factory Price 15K PUFFS Genuine FUMOT VAPE TORNADO RANDM Discount Price Contact Amy For More Discount And Lower MOQ Vape WhatsApp: +86 17776015835","_links":{"self":[{"href":"https:\/\/rmvapesale.com\/pl\/wp-json\/wp\/v2\/product\/1874","targetHints":{"allow":["GET"]}}],"collection":[{"href":"https:\/\/rmvapesale.com\/pl\/wp-json\/wp\/v2\/product"}],"about":[{"href":"https:\/\/rmvapesale.com\/pl\/wp-json\/wp\/v2\/types\/product"}],"replies":[{"embeddable":true,"href":"https:\/\/rmvapesale.com\/pl\/wp-json\/wp\/v2\/comments?post=1874"}],"wp:featuredmedia":[{"embeddable":true,"href":"https:\/\/rmvapesale.com\/pl\/wp-json\/wp\/v2\/media\/1877"}],"wp:attachment":[{"href":"https:\/\/rmvapesale.com\/pl\/wp-json\/wp\/v2\/media?parent=1874"}],"wp:term":[{"taxonomy":"product_brand","embeddable":true,"href":"https:\/\/rmvapesale.com\/pl\/wp-json\/wp\/v2\/product_brand?post=1874"},{"taxonomy":"product_cat","embeddable":true,"href":"https:\/\/rmvapesale.com\/pl\/wp-json\/wp\/v2\/product_cat?post=1874"},{"taxonomy":"product_tag","embeddable":true,"href":"https:\/\/rmvapesale.com\/pl\/wp-json\/wp\/v2\/product_tag?post=1874"}],"curies":[{"name":"wp","href":"https:\/\/api.w.org\/{rel}","templated":true}]}}