{"id":1886,"date":"2024-05-15T08:46:17","date_gmt":"2024-05-15T08:46:17","guid":{"rendered":"https:\/\/rmvapesale.com\/?post_type=product&#038;p=1886"},"modified":"2024-10-21T08:52:11","modified_gmt":"2024-10-21T08:52:11","slug":"original-randm-vape-digital-puff-12000-fumot-factory-price","status":"publish","type":"product","link":"https:\/\/rmvapesale.com\/pl\/product\/original-randm-vape-digital-puff-12000-fumot-factory-price\/","title":{"rendered":"Oryginalny Randm Vape Digital Puff 12000 Cena fabryczna FUMOT"},"content":{"rendered":"<h1>Oryginalny Randm Vape Digital Puff 12000 Cena fabryczna FUMOT<\/h1>\n<p>Najnowszy <strong>Oryginalny Randm Vape Digital Puff 12000<\/strong>, idealny wyb\u00f3r do ekspansji na rynki europejskie, takie jak Niemcy, Holandia, Francja, W\u0142ochy, Hiszpania, Szwajcaria, Szwecja, Polska, itp. To zaawansowane urz\u0105dzenie do wapowania nie tylko charakteryzuje si\u0119 doskona\u0142\u0105 wydajno\u015bci\u0105, ale tak\u017ce oferuje r\u00f3\u017cnorodne smaki, aby zaspokoi\u0107 r\u00f3\u017cne preferencje konsument\u00f3w.<\/p>\n<p>Ten <strong>Fumot Digital Box 12000 Jednorazowy Vape<\/strong> jest wyposa\u017cony w pojemno\u015b\u0107 20 ml e-liquidu, zapewniaj\u0105c do 12 000 zaci\u0105gni\u0119\u0107 na urz\u0105dzenie, co zapewnia d\u0142ugotrwa\u0142\u0105 przyjemno\u015b\u0107 dla u\u017cytkownik\u00f3w. Posiada zintegrowan\u0105 bateri\u0119 o pojemno\u015bci 850 mAh z wygodnym wy\u015bwietlaczem baterii i e-liquidu, co pozwala u\u017cytkownikom \u0142atwo monitorowa\u0107 pozosta\u0142\u0105 moc i poziom e-liquidu, zapewniaj\u0105c bezproblemowe wapowanie.<\/p>\n<p>Oferujemy szerok\u0105 gam\u0119 smak\u00f3w, w tym Cool Mint, Watermelon Ice, Grape Ice, Blueberry Raspberry, Strawberry Watermelon i wiele innych, w sumie 24 unikalne opcje. Na przyk\u0142ad, Cool Mint zapewnia orze\u017awiaj\u0105ce i ch\u0142odne doznania, podczas gdy Watermelon Ice \u0142\u0105czy s\u0142odkie i lodowe nuty, tworz\u0105c wspania\u0142e do\u015bwiadczenie, idealne na gor\u0105ce letnie dni.<\/p>\n<p>Ponadto, <strong>jednorazowy e-papieros Fumot Digital Randm 12000<\/strong> wykorzystuje zaawansowan\u0105 technologi\u0119 soli nikotynowej, dost\u0119pn\u0105 w st\u0119\u017ceniach nikotyny 0%, 2%, 3% i 5%, co pozwala u\u017cytkownikom wybra\u0107 poziom, kt\u00f3ry najlepiej odpowiada ich potrzebom.<\/p>\n<p>Jako hurtownik VAPE, mo\u017cesz skorzysta\u0107 z naszych cen prosto z fabryki, co zapewnia maksymaln\u0105 efektywno\u015b\u0107 kosztow\u0105. Nasza minimalna ilo\u015b\u0107 zam\u00f3wienia wynosi tylko 50 sztuk, co jest idealne dla hurtownik\u00f3w po raz pierwszy importuj\u0105cych e-papierosy z Chin. Zapewniamy r\u00f3wnie\u017c ca\u0142odobowe wsparcie klienta i zajmujemy si\u0119 wszystkimi kwestiami celnymi, co sprawia, \u017ce proces zakupu jest p\u0142ynny i bezproblemowy.<\/p>\n<p><strong>Dodaj mened\u017cerk\u0119 sprzeda\u017cy AMY na WhatsApp <a href=\"https:\/\/wa.me\/8617776015835\" target=\"_blank\" rel=\"noopener\">+86-17776015835<\/a> uzyskaj wi\u0119cej rabatu!<\/strong><\/p>\n<p><img loading=\"lazy\" decoding=\"async\" class=\"size-medium wp-image-1814\" src=\"https:\/\/rmvapesale.com\/wp-content\/uploads\/2024\/04\/whatsapp-amy-229x300.jpg\" alt=\"whatsapp amy\" width=\"229\" height=\"300\" srcset=\"https:\/\/rmvapesale.com\/wp-content\/uploads\/2024\/04\/whatsapp-amy-229x300.jpg 229w, https:\/\/rmvapesale.com\/wp-content\/uploads\/2024\/04\/whatsapp-amy-783x1024.jpg 783w, https:\/\/rmvapesale.com\/wp-content\/uploads\/2024\/04\/whatsapp-amy-768x1005.jpg 768w, https:\/\/rmvapesale.com\/wp-content\/uploads\/2024\/04\/whatsapp-amy-600x785.jpg 600w, https:\/\/rmvapesale.com\/wp-content\/uploads\/2024\/04\/whatsapp-amy.jpg 990w\" sizes=\"auto, (max-width: 229px) 100vw, 229px\" \/><\/p>\n<h2>Specyfikacje jednorazowego e-papierosa FUMOT PUFF 12000:<\/h2>\n<p>Opcje zawarto\u015bci nikotyny: 0%, 2%, 3% i 5%<br \/>\nDo 12 000 zaci\u0105gni\u0119\u0107<br \/>\nWst\u0119pnie nape\u0142niony 20 ml e-liquidu<br \/>\nAkumulator 850 mAh<br \/>\nCewka Mesh 0,9 \u03a9<br \/>\n40 dost\u0119pnych smak\u00f3w<\/p>\n<h2>Popularny smak dla randm vape Digital 12000 Puff<\/h2>\n<p>1 Ch\u0142odna Mi\u0119ta<br \/>\n2 Arbuzowy L\u00f3d<br \/>\n3 Winogronowy L\u00f3d<br \/>\n4 Jagoda Malina <strong><span style=\"color: #ff0000\">&gt;&gt;&gt;Gor\u0105ce!<\/span><\/strong><br \/>\n5 Truskawkowy Arbuz<br \/>\n6 Truskawkowy Banan<br \/>\n7 Bujny l\u00f3d<br \/>\n8 Wi\u015bnia<br \/>\n9 Truskawkowy L\u00f3d<br \/>\n10 L\u00f3d na patyku<br \/>\n11 R\u00f3\u017cowa lemoniada <strong><span style=\"color: #ff0000\">&gt;&gt;&gt;Najlepsze!<\/span><\/strong><br \/>\n12 Mango z lodem<br \/>\n13 Mieszane jagody<br \/>\n14 P\u0105czek truskawkowy<br \/>\n15 Truskawka i winogrono<br \/>\n16 Cola wi\u015bniowa<br \/>\n17 Dr blue<br \/>\n18 Jagoda z lodem<br \/>\n19 Kiwi, marakuja i guawa<br \/>\n20 Truskawka i kiwi<br \/>\n21 Brzoskwinia i mango<br \/>\n22 Brzoskwiniowy l\u00f3d<br \/>\n23 Czerwone jab\u0142ko z lodem<br \/>\n24 Guma balonowa jagodowa<br \/>\n25 Lemoniada jagodowa<br \/>\n26 Lemoniada Blue Razz<br \/>\n27 Bluesour raspberry <strong><span style=\"color: #ff0000\">&gt;&gt;&gt;Gor\u0105ce!<\/span><\/strong><br \/>\n28 Truskawkowy Red Bull<br \/>\n29 Wybuch jab\u0142kowo-jagodowy<br \/>\n30 Guma balonowa o smaku arbuza<br \/>\n31 Arbuz malinowy<br \/>\n32 Czarny l\u00f3d<br \/>\n33 Jagoda, wi\u015bnia i \u017curawina <strong><span style=\"color: #ff0000\">&gt;&gt;&gt;Gor\u0105ce!<\/span><\/strong><br \/>\n34 Truskawkowy granat<br \/>\n35 Vimto <strong><span style=\"color: #ff0000\">&gt;&gt;&gt;Gor\u0105ce!<\/span><\/strong><br \/>\n36 Wi\u015bniowa jagoda<br \/>\n37 Cytryna<br \/>\n38 Bingo Crush<br \/>\n39 Jagoda kiwi<br \/>\n40 Jab\u0142ko cynamon<\/p>\n<figure id=\"attachment_2480\" aria-describedby=\"caption-attachment-2480\" style=\"width: 600px\" class=\"wp-caption alignnone\"><img loading=\"lazy\" decoding=\"async\" class=\"wp-image-2480 size-full\" src=\"https:\/\/rmvapesale.com\/wp-content\/uploads\/2024\/10\/Fumot-Digital-Box-12000-Disposable-Vape.jpg\" alt=\"Fumot Digital Box 12000 Jednorazowy Vape\" width=\"600\" height=\"600\" srcset=\"https:\/\/rmvapesale.com\/wp-content\/uploads\/2024\/10\/Fumot-Digital-Box-12000-Disposable-Vape.jpg 600w, https:\/\/rmvapesale.com\/wp-content\/uploads\/2024\/10\/Fumot-Digital-Box-12000-Disposable-Vape-300x300.jpg 300w, https:\/\/rmvapesale.com\/wp-content\/uploads\/2024\/10\/Fumot-Digital-Box-12000-Disposable-Vape-150x150.jpg 150w, https:\/\/rmvapesale.com\/wp-content\/uploads\/2024\/10\/Fumot-Digital-Box-12000-Disposable-Vape-100x100.jpg 100w\" sizes=\"auto, (max-width: 600px) 100vw, 600px\" \/><figcaption id=\"caption-attachment-2480\" class=\"wp-caption-text\">Fumot Digital Box 12000 Jednorazowy Vape<\/figcaption><\/figure>\n<h2>Rzeczy, kt\u00f3re warto wiedzie\u0107 o e-papierosie Fumot Digital Puff 12000 przed zakupem hurtowym.<\/h2>\n<p><strong>P1: Jakie s\u0105 dost\u0119pne opcje nikotyny dla e-papierosa Fumot Randm Digital 12000 Puffs?<\/strong><\/p>\n<ul>\n<li>Ten <strong>Oryginalny e-papieros Fumot Digital 12000 Puffs<\/strong> oferuje st\u0119\u017cenia soli nikotynowej: 0%, 2%, 3% i 5%.<\/li>\n<\/ul>\n<p><strong>P2: Ile smak\u00f3w jest dost\u0119pnych dla tego produktu?<\/strong><\/p>\n<ul>\n<li>Ten <strong>Oryginalny e-papieros Randm Digital 12k Puffs<\/strong> jest dost\u0119pny w 24 r\u00f3\u017cnorodnych smakach, w tym Cool Mint, Watermelon Ice, Grape Ice i wiele innych.<\/li>\n<\/ul>\n<p><strong>P3: Jaka jest pojemno\u015b\u0107 e-liquidu i liczba zaci\u0105gni\u0119\u0107 w tym urz\u0105dzeniu?<\/strong><\/p>\n<ul>\n<li>Ten <strong>Oryginalny e-papieros Randm Digital Puffs 12000<\/strong> posiada pojemno\u015b\u0107 20 ml e-liquidu i zapewnia do 12 000 zaci\u0105gni\u0119\u0107 na urz\u0105dzenie.<\/li>\n<\/ul>\n<p><strong>P4: Czy bateria jest \u0142adowalna i jak mog\u0119 monitorowa\u0107 jej stan?<\/strong><\/p>\n<ul>\n<li>Tak, <strong>Oryginalny e-papieros Randm Digital 12k Puffs<\/strong> posiada zintegrowan\u0105 \u0142adowaln\u0105 bateri\u0119 o pojemno\u015bci 850 mAh z wy\u015bwietlaczem do monitorowania poziomu baterii i e-liquidu.<\/li>\n<\/ul>\n<p><strong>P5: Jaka jest minimalna ilo\u015b\u0107 zam\u00f3wienia i jakie wsparcie oferujecie nowym importerom?<\/strong><\/p>\n<ul>\n<li>Nasza minimalna ilo\u015b\u0107 zam\u00f3wienia to 50 sztuk. Oferujemy obs\u0142ug\u0119 klienta 24\/7 i zajmujemy si\u0119 wszystkimi kwestiami zwi\u0105zanymi z odpraw\u0105 celn\u0105, co sprawia, \u017ce jest to idealne rozwi\u0105zanie dla importer\u00f3w po raz pierwszy sprowadzaj\u0105cych towar z Chin.<\/li>\n<\/ul>\n<p><strong>P6: Jak produkt jest pakowany do sprzeda\u017cy hurtowej?<\/strong><\/p>\n<ul>\n<li>Ten <strong>Oryginalny e-papieros Fumot Digital 12k Puffs<\/strong> jest pakowany po 10 sztuk w pude\u0142ku ekspozycyjnym i 200 sztuk w kartonie.<\/li>\n<\/ul>\n<p><strong>P7: Czy s\u0105 dost\u0119pne opcje cen fabrycznych dla zakup\u00f3w hurtowych?<\/strong><\/p>\n<ul>\n<li>Tak, oferujemy <strong>Oryginalny Fumot Vape Digital 12k Puffs Cena fabryczna<\/strong> opcje zakupu hurtowego, aby zapewni\u0107 najlepsz\u0105 warto\u015b\u0107.<\/li>\n<\/ul>\n<p><strong>P8: Czy mog\u0119 uzyska\u0107 konkurencyjne ceny przy du\u017cych zam\u00f3wieniach?<\/strong><\/p>\n<ul>\n<li>Oczywi\u015bcie, zapewniamy <strong>Oryginalny Randm Digital Vape 12k Puffs Cena hurtowa<\/strong> aby pom\u00f3c zmaksymalizowa\u0107 mar\u017ce zysku w Twojej firmie e-papierosowej.<\/li>\n<\/ul>\n<p>Znajd\u017a wi\u0119cej produkt\u00f3w Vape, kt\u00f3re mog\u0105 Ci si\u0119 spodoba\u0107:<em><a href=\"https:\/\/rmvapesale.com\/pl\/shop-2\/\">kup teraz\u00a0<\/a><\/em><\/p>\n<p>inne popularne produkty, kt\u00f3re mog\u0105 Ci si\u0119 spodoba\u0107:<\/p>\n<p><a href=\"https:\/\/rmvapesale.com\/pl\/product\/jnr-shisha-vape-15000-puffs-wholesale-price-with-screen-vape\/\">VOPK SHISHA 15K<\/a><\/p>\n<p><a href=\"https:\/\/rmvapesale.com\/pl\/product\/randm-vape-al-fakher-10000-puffs-vape-wholesale\/\">randm vape AI FAKHER 15k vape<\/a><\/p>\n<p><a href=\"https:\/\/rmvapesale.com\/pl\/product\/randm-tornado-15000-puffs-15k-vape-recharge-fumot-original-vape-factory-price\/\">Fumot digital box Puff 12000<\/a><\/p>","protected":false},"excerpt":{"rendered":"<p class=\"LC20lb MBeuO DKV0Md\">Oryginalny Fumot Vape Digital 12000 zaci\u0105gni\u0119\u0107 Cena fabryczna<br \/>\nOryginalny Fumot Vape Digital 12k zaci\u0105gni\u0119\u0107 Cena przy zakupie hurtowym<br \/>\nFumot Vape RandM Digital 12000 Cena niska<br \/>\n<strong>Skontaktuj si\u0119 z Amy, aby uzyska\u0107 wi\u0119cej rabatu i ni\u017csze MOQ Vape<\/strong><\/p>\n<p><img loading=\"lazy\" decoding=\"async\" class=\"size-medium wp-image-1814\" src=\"https:\/\/rmvapesale.com\/wp-content\/uploads\/2024\/04\/whatsapp-amy-229x300.jpg\" alt=\"whatsapp amy\" width=\"229\" height=\"300\" srcset=\"https:\/\/rmvapesale.com\/wp-content\/uploads\/2024\/04\/whatsapp-amy-229x300.jpg 229w, https:\/\/rmvapesale.com\/wp-content\/uploads\/2024\/04\/whatsapp-amy-783x1024.jpg 783w, https:\/\/rmvapesale.com\/wp-content\/uploads\/2024\/04\/whatsapp-amy-768x1005.jpg 768w, https:\/\/rmvapesale.com\/wp-content\/uploads\/2024\/04\/whatsapp-amy-600x785.jpg 600w, https:\/\/rmvapesale.com\/wp-content\/uploads\/2024\/04\/whatsapp-amy.jpg 990w\" sizes=\"auto, (max-width: 229px) 100vw, 229px\" \/><\/p>\n<h3><span style=\"color: #ff0000\"><strong>WhatsApp: +86 17776015835<\/strong><\/span><\/h3>","protected":false},"featured_media":2485,"comment_status":"open","ping_status":"closed","template":"","meta":{"_uag_custom_page_level_css":"","_lmt_disableupdate":"no","_lmt_disable":"","site-sidebar-layout":"default","site-content-layout":"content-boxed-container","ast-site-content-layout":"normal-width-container","site-content-style":"boxed","site-sidebar-style":"unboxed","ast-global-header-display":"","ast-banner-title-visibility":"","ast-main-header-display":"","ast-hfb-above-header-display":"","ast-hfb-below-header-display":"","ast-hfb-mobile-header-display":"","site-post-title":"","ast-breadcrumbs-content":"","ast-featured-img":"","footer-sml-layout":"","theme-transparent-header-meta":"default","adv-header-id-meta":"","stick-header-meta":"","header-above-stick-meta":"","header-main-stick-meta":"","header-below-stick-meta":"","astra-migrate-meta-layouts":"set","ast-page-background-enabled":"default","ast-page-background-meta":{"desktop":{"background-color":"var(--ast-global-color-4)","background-image":"","background-repeat":"repeat","background-position":"center center","background-size":"auto","background-attachment":"scroll","background-type":"","background-media":"","overlay-type":"","overlay-color":"","overlay-opacity":"","overlay-gradient":""},"tablet":{"background-color":"","background-image":"","background-repeat":"repeat","background-position":"center center","background-size":"auto","background-attachment":"scroll","background-type":"","background-media":"","overlay-type":"","overlay-color":"","overlay-opacity":"","overlay-gradient":""},"mobile":{"background-color":"","background-image":"","background-repeat":"repeat","background-position":"center center","background-size":"auto","background-attachment":"scroll","background-type":"","background-media":"","overlay-type":"","overlay-color":"","overlay-opacity":"","overlay-gradient":""}},"ast-content-background-meta":{"desktop":{"background-color":"var(--ast-global-color-5)","background-image":"","background-repeat":"repeat","background-position":"center center","background-size":"auto","background-attachment":"scroll","background-type":"","background-media":"","overlay-type":"","overlay-color":"","overlay-opacity":"","overlay-gradient":""},"tablet":{"background-color":"var(--ast-global-color-5)","background-image":"","background-repeat":"repeat","background-position":"center center","background-size":"auto","background-attachment":"scroll","background-type":"","background-media":"","overlay-type":"","overlay-color":"","overlay-opacity":"","overlay-gradient":""},"mobile":{"background-color":"var(--ast-global-color-5)","background-image":"","background-repeat":"repeat","background-position":"center center","background-size":"auto","background-attachment":"scroll","background-type":"","background-media":"","overlay-type":"","overlay-color":"","overlay-opacity":"","overlay-gradient":""}},"_joinchat":[]},"product_brand":[],"product_cat":[25,26,28,27,31,15,30],"product_tag":[45,46,39,40,111,41,38,165,37],"class_list":{"0":"post-1886","1":"product","2":"type-product","3":"status-publish","4":"has-post-thumbnail","6":"product_cat-germany-best-selling-vape","7":"product_cat-netherlands-hot-sale-vape","8":"product_cat-poland-hot-sale-vape","9":"product_cat-fance-hot-sale-vape","10":"product_cat-randm-fumot-vape","11":"product_cat-new-vape-this-week","12":"product_cat-minimum-order-quantity-50pcs","13":"product_tag-12k-vape-puff-12000","14":"product_tag-digital-box-12000-puff-original","15":"product_tag-fumot-vape","16":"product_tag-hot-sale-vape","17":"product_tag-low-nicotine-disposable-vape","18":"product_tag-original-factory-vape","19":"product_tag-randm-vape","20":"product_tag-rechargeable-vapes","21":"product_tag-wholesale-vape-price","22":"desktop-align-left","23":"tablet-align-left","24":"mobile-align-left","26":"first","27":"instock","28":"sale","29":"shipping-taxable","30":"purchasable","31":"product-type-simple"},"uagb_featured_image_src":{"full":["https:\/\/rmvapesale.com\/wp-content\/uploads\/2024\/10\/Randm-Vape-12000-Puffs.jpg",600,600,false],"thumbnail":["https:\/\/rmvapesale.com\/wp-content\/uploads\/2024\/10\/Randm-Vape-12000-Puffs-150x150.jpg",150,150,true],"medium":["https:\/\/rmvapesale.com\/wp-content\/uploads\/2024\/10\/Randm-Vape-12000-Puffs-300x300.jpg",300,300,true],"medium_large":["https:\/\/rmvapesale.com\/wp-content\/uploads\/2024\/10\/Randm-Vape-12000-Puffs.jpg",600,600,false],"large":["https:\/\/rmvapesale.com\/wp-content\/uploads\/2024\/10\/Randm-Vape-12000-Puffs.jpg",600,600,false],"1536x1536":["https:\/\/rmvapesale.com\/wp-content\/uploads\/2024\/10\/Randm-Vape-12000-Puffs.jpg",600,600,false],"2048x2048":["https:\/\/rmvapesale.com\/wp-content\/uploads\/2024\/10\/Randm-Vape-12000-Puffs.jpg",600,600,false],"trp-custom-language-flag":["https:\/\/rmvapesale.com\/wp-content\/uploads\/2024\/10\/Randm-Vape-12000-Puffs.jpg",12,12,false],"woocommerce_thumbnail":["https:\/\/rmvapesale.com\/wp-content\/uploads\/2024\/10\/Randm-Vape-12000-Puffs-300x300.jpg",300,300,true],"woocommerce_single":["https:\/\/rmvapesale.com\/wp-content\/uploads\/2024\/10\/Randm-Vape-12000-Puffs.jpg",600,600,false],"woocommerce_gallery_thumbnail":["https:\/\/rmvapesale.com\/wp-content\/uploads\/2024\/10\/Randm-Vape-12000-Puffs-100x100.jpg",100,100,true],"wcpr-photo-reviews":["https:\/\/rmvapesale.com\/wp-content\/uploads\/2024\/10\/Randm-Vape-12000-Puffs.jpg",500,500,false]},"uagb_author_info":{"display_name":"yannazhan","author_link":"https:\/\/rmvapesale.com\/pl\/author\/"},"uagb_comment_info":0,"uagb_excerpt":"Original Fumot Vape Digital 12ooo Puffs Factory Price Original Fumot Vape Digital 12k Puffs Price Bulk Buy Fumot Vape RandM Digital 12000 Price Cheap Contact Amy For More Discount And Lower MOQ Vape WhatsApp: +86 17776015835","_links":{"self":[{"href":"https:\/\/rmvapesale.com\/pl\/wp-json\/wp\/v2\/product\/1886","targetHints":{"allow":["GET"]}}],"collection":[{"href":"https:\/\/rmvapesale.com\/pl\/wp-json\/wp\/v2\/product"}],"about":[{"href":"https:\/\/rmvapesale.com\/pl\/wp-json\/wp\/v2\/types\/product"}],"replies":[{"embeddable":true,"href":"https:\/\/rmvapesale.com\/pl\/wp-json\/wp\/v2\/comments?post=1886"}],"wp:featuredmedia":[{"embeddable":true,"href":"https:\/\/rmvapesale.com\/pl\/wp-json\/wp\/v2\/media\/2485"}],"wp:attachment":[{"href":"https:\/\/rmvapesale.com\/pl\/wp-json\/wp\/v2\/media?parent=1886"}],"wp:term":[{"taxonomy":"product_brand","embeddable":true,"href":"https:\/\/rmvapesale.com\/pl\/wp-json\/wp\/v2\/product_brand?post=1886"},{"taxonomy":"product_cat","embeddable":true,"href":"https:\/\/rmvapesale.com\/pl\/wp-json\/wp\/v2\/product_cat?post=1886"},{"taxonomy":"product_tag","embeddable":true,"href":"https:\/\/rmvapesale.com\/pl\/wp-json\/wp\/v2\/product_tag?post=1886"}],"curies":[{"name":"wp","href":"https:\/\/api.w.org\/{rel}","templated":true}]}}