{"id":1892,"date":"2024-05-15T09:27:34","date_gmt":"2024-05-15T09:27:34","guid":{"rendered":"https:\/\/rmvapesale.com\/?post_type=product&#038;p=1892"},"modified":"2024-10-22T08:17:31","modified_gmt":"2024-10-22T08:17:31","slug":"original-randm-tornado-9000-puffs-vape-fumot-factory-price-cheap","status":"publish","type":"product","link":"https:\/\/rmvapesale.com\/pl\/product\/original-randm-tornado-9000-puffs-vape-fumot-factory-price-cheap\/","title":{"rendered":"Oryginalny RANDM TORNADO 9000 Puffs Vape Fumot Cena fabryczna tania"},"content":{"rendered":"<h1>Oryginalny RANDM TORNADO 9000 Puffs Vape Fumot Cena fabryczna tania<\/h1>\n<p>Fumot Vape RANDM TORNADO 9000 Puffs, najnowocze\u015bniejsze jednorazowe urz\u0105dzenie vape, dostosowane do potrzeb wymagaj\u0105cych europejskich hurtownik\u00f3w. Zaprojektowane z precyzj\u0105 i innowacyjno\u015bci\u0105, to urz\u0105dzenie obiecuje wyj\u0105tkowe wra\u017cenia z palenia, kt\u00f3re \u0142\u0105cz\u0105 wysok\u0105 wydajno\u015b\u0107 z szerokim wyborem smak\u00f3w.<\/p>\n<p>Dzi\u0119ki swoim zaawansowanym funkcjom, Fumot vape 9000 wyr\u00f3\u017cnia si\u0119 na tle konkurencji. Wyposa\u017cony w cewk\u0119 mesh i zintegrowan\u0105 bateri\u0119 850mAh, zapewnia p\u0142ynn\u0105 i sp\u00f3jn\u0105 produkcj\u0119 pary przez d\u0142ugi czas u\u017cytkowania. Urz\u0105dzenie oferuje wyb\u00f3r st\u0119\u017ce\u0144 soli nikotynowej od 0% do 5%, zaspokajaj\u0105c r\u00f3\u017cne preferencje.<\/p>\n<p>Ale to, co naprawd\u0119 wyr\u00f3\u017cnia RANDM TORNADO 9000, to jego bogata oferta smak\u00f3w. Z 43 kusz\u0105cymi opcjami do wyboru, w tym klasykami takimi jak Lush Ice i Strawberry Lemonade, a tak\u017ce unikalnymi mieszankami jak Honeydew Ice Cream i Pina Colada, ka\u017cdy znajdzie co\u015b dla siebie.<\/p>\n<p>Je\u015bli jeste\u015b sprzedawc\u0105 Vape Randm i szukasz wysokiej jako\u015bci produkt\u00f3w vape w konkurencyjnych cenach.<\/p>\n<p><strong>Dodaj mened\u017cerk\u0119 sprzeda\u017cy AMY na WhatsApp <a href=\"https:\/\/wa.me\/8617776015835\" target=\"_blank\" rel=\"noopener\">+86-17776015835<\/a> uzyskaj wi\u0119cej rabatu!<\/strong><\/p>\n<p><img loading=\"lazy\" decoding=\"async\" class=\"size-medium wp-image-1814\" src=\"https:\/\/rmvapesale.com\/wp-content\/uploads\/2024\/04\/whatsapp-amy-229x300.jpg\" alt=\"whatsapp amy\" width=\"229\" height=\"300\" srcset=\"https:\/\/rmvapesale.com\/wp-content\/uploads\/2024\/04\/whatsapp-amy-229x300.jpg 229w, https:\/\/rmvapesale.com\/wp-content\/uploads\/2024\/04\/whatsapp-amy-783x1024.jpg 783w, https:\/\/rmvapesale.com\/wp-content\/uploads\/2024\/04\/whatsapp-amy-768x1005.jpg 768w, https:\/\/rmvapesale.com\/wp-content\/uploads\/2024\/04\/whatsapp-amy-600x785.jpg 600w, https:\/\/rmvapesale.com\/wp-content\/uploads\/2024\/04\/whatsapp-amy.jpg 990w\" sizes=\"auto, (max-width: 229px) 100vw, 229px\" \/><\/p>\n<h3>Specyfikacje Jednorazowego Urz\u0105dzenia Vape FUMOT PUFF 9000:<\/h3>\n<p>Opcje zawarto\u015bci nikotyny: 0%, 2%, 3% i 5%<br \/>\nDo 9000 zaci\u0105gni\u0119\u0107<br \/>\nWst\u0119pnie nape\u0142niony 18ml e-liquidem<br \/>\nAkumulator 850 mAh<br \/>\nCewka Mesh 0,9 \u03a9<br \/>\n43 dost\u0119pne smaki w magazynie<\/p>\n<figure id=\"attachment_1930\" aria-describedby=\"caption-attachment-1930\" style=\"width: 800px\" class=\"wp-caption alignnone\"><img loading=\"lazy\" decoding=\"async\" class=\"wp-image-1930 size-full\" src=\"https:\/\/rmvapesale.com\/wp-content\/uploads\/2024\/08\/Fumot-Randm-Tornado-9000-Disposable-Vape-Gummy-Bear.png\" alt=\"Fumot Randm Tornado 9000 Jednorazowy Vape Gummy Bear\" width=\"800\" height=\"800\" srcset=\"https:\/\/rmvapesale.com\/wp-content\/uploads\/2024\/08\/Fumot-Randm-Tornado-9000-Disposable-Vape-Gummy-Bear.png 800w, https:\/\/rmvapesale.com\/wp-content\/uploads\/2024\/08\/Fumot-Randm-Tornado-9000-Disposable-Vape-Gummy-Bear-300x300.png 300w, https:\/\/rmvapesale.com\/wp-content\/uploads\/2024\/08\/Fumot-Randm-Tornado-9000-Disposable-Vape-Gummy-Bear-150x150.png 150w, https:\/\/rmvapesale.com\/wp-content\/uploads\/2024\/08\/Fumot-Randm-Tornado-9000-Disposable-Vape-Gummy-Bear-768x768.png 768w, https:\/\/rmvapesale.com\/wp-content\/uploads\/2024\/08\/Fumot-Randm-Tornado-9000-Disposable-Vape-Gummy-Bear-600x600.png 600w, https:\/\/rmvapesale.com\/wp-content\/uploads\/2024\/08\/Fumot-Randm-Tornado-9000-Disposable-Vape-Gummy-Bear-100x100.png 100w\" sizes=\"auto, (max-width: 800px) 100vw, 800px\" \/><figcaption id=\"caption-attachment-1930\" class=\"wp-caption-text\">Fumot Randm Tornado 9000 Jednorazowy Vape Gummy Bear<\/figcaption><\/figure>\n<h2>Smak RANDM TORNADO 9000 Puffs<\/h2>\n<p>1 Aloes Winogronowy<br \/>\n2 Bananowy Krem<br \/>\n3 Czarny Smok L\u00f3d<br \/>\n4 Czarny L\u00f3d<br \/>\n5 Niebieska Malina z Lodem<br \/>\n6 Niebieska Malina Kush<br \/>\n7 Bor\u00f3wka Wi\u015bnia \u017burawina<br \/>\n8 Bor\u00f3wka Malina<br \/>\n9 Bor\u00f3wka Kwa\u015bna Malina<br \/>\n10 Bor\u00f3wkowe Lody<br \/>\n11 Wi\u015bnia<br \/>\n12 Wi\u015bniowa Brzoskwiniowa Lemoniada<br \/>\n13 Ch\u0142odna Mi\u0119ta<br \/>\n14 Musuj\u0105ca Wi\u015bnia<br \/>\n15 Winogrono<br \/>\n16 \u017belkowy Mi\u015b<br \/>\n17 Guawa z Lodem<br \/>\n18 Lody na Patyku<br \/>\n19 Kiwi Marakuja Guawa<br \/>\n20 Cytryna<br \/>\n21 Soczysty L\u00f3d<br \/>\n22 Mieszanka Jag\u00f3d<br \/>\n23 Pan Niebieski<br \/>\n24 Orange Soda<br \/>\n25 Brzoskwinia Jagoda<br \/>\n26 Brzoskwiniowa Lemoniada<br \/>\n27 Brzoskwinia Mango Ananas<br \/>\n28 Ananas<br \/>\n29 R\u00f3\u017cowa Lemoniada<br \/>\n30 T\u0119czowe Cukierki<br \/>\n31 Malina Arbuz<br \/>\n32 Skittles<br \/>\n33 Kwa\u015bne Cukierki<br \/>\n34 Truskawka Banan<br \/>\n35 Truskawkowy Krem<br \/>\n36 Truskawkowy L\u00f3d<br \/>\n37 Truskawkowa Lemoniada<br \/>\n38 Truskawka Malina Wi\u015bnia L\u00f3d<br \/>\n39 Truskawka Arbuz<br \/>\n40 Potr\u00f3jne Mango<br \/>\n41 Vimto<br \/>\n42 Arbuz Brazz L\u00f3d<\/p>\n<p>Rzeczy, kt\u00f3re warto wiedzie\u0107 o e-papierosach Randm 9000 zaci\u0105gni\u0119\u0107, zanim kupisz je hurtowo.<\/p>\n<h4>FAQ:<\/h4>\n<p><strong>P: Jakie s\u0105 opcje cenowe dla Fumot RANDM TORNADO 9000?<\/strong><\/p>\n<p>O: Oferujemy konkurencyjne ceny fabryczne na oryginalne urz\u0105dzenie Randm Vape 9000 zaci\u0105gni\u0119\u0107, zar\u00f3wno dla pojedynczych sztuk, jak i zam\u00f3wie\u0144 hurtowych.<\/p>\n<p><strong>P: Czy dost\u0119pne s\u0105 opcje cen hurtowych dla Fumot RANDM TORNADO 9000?<\/strong><\/p>\n<p>O: Tak, zapewniamy ceny hurtowe na oryginalny zestaw Randm Vape Kit 9000 zaci\u0105gni\u0119\u0107, przeznaczone dla hurtownik\u00f3w chc\u0105cych kupowa\u0107 w wi\u0119kszych ilo\u015bciach.<\/p>\n<p><strong>P: Jakie s\u0105 progi cenowe dla zam\u00f3wie\u0144 hurtowych Fumot RANDM TORNADO 9000?<\/strong><\/p>\n<p>O: Oferujemy atrakcyjne ceny hurtowe na oryginalny pod Randm Vape Pod 9000 zaci\u0105gni\u0119\u0107, zapewniaj\u0105c oszcz\u0119dno\u015bci dla hurtownik\u00f3w kupuj\u0105cych w wi\u0119kszych ilo\u015bciach.<\/p>\n<p><strong>P: Czy oferujecie specjalne ceny dla pocz\u0105tkuj\u0105cych importer\u00f3w?<\/strong><\/p>\n<p>O: Tak, zapewniamy konkurencyjne ceny na Fumot RANDM TORNADO 9000, co czyni go idealnym wyborem dla pocz\u0105tkuj\u0105cych importer\u00f3w e-papieros\u00f3w z Chin.<\/p>\n<p>Znajd\u017a wi\u0119cej produkt\u00f3w Vape, kt\u00f3re mog\u0105 Ci si\u0119 spodoba\u0107:<em><a href=\"https:\/\/rmvapesale.com\/pl\/shop-2\/\">kup teraz\u00a0<\/a><\/em><\/p>\n<p>inne popularne produkty, kt\u00f3re mog\u0105 Ci si\u0119 spodoba\u0107:<\/p>\n<p><a href=\"https:\/\/rmvapesale.com\/pl\/product\/jnr-shisha-vape-15000-puffs-wholesale-price-with-screen-vape\/\">VOPK SHISHA 15K\/ <\/a><a href=\"https:\/\/rmvapesale.com\/pl\/product\/randm-vape-al-fakher-10000-puffs-vape-wholesale\/\">randm vape AI FAKHER 15k vape\/<\/a><a href=\"https:\/\/rmvapesale.com\/pl\/product\/randm-tornado-15000-puffs-15k-vape-recharge-fumot-original-vape-factory-price\/\">Fumot digital box Puff 12000<\/a><\/p>","protected":false},"excerpt":{"rendered":"<p class=\"LC20lb MBeuO DKV0Md\">Tania Cena 9000 Zaci\u0105gni\u0119\u0107 Urz\u0105dzenie Vape Oryginalny Fumot<br \/>\nZakup Hurtowy 9000 Zaci\u0105gni\u0119\u0107 Urz\u0105dzenie Vape Oryginalny Randm<br \/>\nCena Hurtowa 9000 Zaci\u0105gni\u0119\u0107 Zestaw Vape Oryginalny Fumot<br \/>\n<strong>Skontaktuj si\u0119 z Amy, aby uzyska\u0107 wi\u0119cej rabatu i ni\u017csze MOQ Vape<\/strong><\/p>\n<p><img loading=\"lazy\" decoding=\"async\" class=\"size-medium wp-image-1814\" src=\"https:\/\/rmvapesale.com\/wp-content\/uploads\/2024\/04\/whatsapp-amy-229x300.jpg\" alt=\"whatsapp amy\" width=\"229\" height=\"300\" srcset=\"https:\/\/rmvapesale.com\/wp-content\/uploads\/2024\/04\/whatsapp-amy-229x300.jpg 229w, https:\/\/rmvapesale.com\/wp-content\/uploads\/2024\/04\/whatsapp-amy-783x1024.jpg 783w, https:\/\/rmvapesale.com\/wp-content\/uploads\/2024\/04\/whatsapp-amy-768x1005.jpg 768w, https:\/\/rmvapesale.com\/wp-content\/uploads\/2024\/04\/whatsapp-amy-600x785.jpg 600w, https:\/\/rmvapesale.com\/wp-content\/uploads\/2024\/04\/whatsapp-amy.jpg 990w\" sizes=\"auto, (max-width: 229px) 100vw, 229px\" \/><\/p>\n<h3><span style=\"color: #ff0000\"><strong>WhatsApp: +86 17776015835<\/strong><\/span><\/h3>","protected":false},"featured_media":1887,"comment_status":"open","ping_status":"closed","template":"","meta":{"_uag_custom_page_level_css":"","_lmt_disableupdate":"no","_lmt_disable":"","site-sidebar-layout":"default","site-content-layout":"content-boxed-container","ast-site-content-layout":"normal-width-container","site-content-style":"boxed","site-sidebar-style":"unboxed","ast-global-header-display":"","ast-banner-title-visibility":"","ast-main-header-display":"","ast-hfb-above-header-display":"","ast-hfb-below-header-display":"","ast-hfb-mobile-header-display":"","site-post-title":"","ast-breadcrumbs-content":"","ast-featured-img":"","footer-sml-layout":"","theme-transparent-header-meta":"default","adv-header-id-meta":"","stick-header-meta":"","header-above-stick-meta":"","header-main-stick-meta":"","header-below-stick-meta":"","astra-migrate-meta-layouts":"set","ast-page-background-enabled":"default","ast-page-background-meta":{"desktop":{"background-color":"var(--ast-global-color-4)","background-image":"","background-repeat":"repeat","background-position":"center center","background-size":"auto","background-attachment":"scroll","background-type":"","background-media":"","overlay-type":"","overlay-color":"","overlay-opacity":"","overlay-gradient":""},"tablet":{"background-color":"","background-image":"","background-repeat":"repeat","background-position":"center center","background-size":"auto","background-attachment":"scroll","background-type":"","background-media":"","overlay-type":"","overlay-color":"","overlay-opacity":"","overlay-gradient":""},"mobile":{"background-color":"","background-image":"","background-repeat":"repeat","background-position":"center center","background-size":"auto","background-attachment":"scroll","background-type":"","background-media":"","overlay-type":"","overlay-color":"","overlay-opacity":"","overlay-gradient":""}},"ast-content-background-meta":{"desktop":{"background-color":"var(--ast-global-color-5)","background-image":"","background-repeat":"repeat","background-position":"center center","background-size":"auto","background-attachment":"scroll","background-type":"","background-media":"","overlay-type":"","overlay-color":"","overlay-opacity":"","overlay-gradient":""},"tablet":{"background-color":"var(--ast-global-color-5)","background-image":"","background-repeat":"repeat","background-position":"center center","background-size":"auto","background-attachment":"scroll","background-type":"","background-media":"","overlay-type":"","overlay-color":"","overlay-opacity":"","overlay-gradient":""},"mobile":{"background-color":"var(--ast-global-color-5)","background-image":"","background-repeat":"repeat","background-position":"center center","background-size":"auto","background-attachment":"scroll","background-type":"","background-media":"","overlay-type":"","overlay-color":"","overlay-opacity":"","overlay-gradient":""}},"_joinchat":[]},"product_brand":[],"product_cat":[25,52,51,123,26,28,135,27,31,137,15,30],"product_tag":[47,39,40,41,181,38,37],"class_list":{"0":"post-1892","1":"product","2":"type-product","3":"status-publish","4":"has-post-thumbnail","6":"product_cat-germany-best-selling-vape","7":"product_cat-9000-puffs-disposable-vapes","8":"product_cat-fumot-vape","9":"product_cat-italy-wholesale-vape","10":"product_cat-netherlands-hot-sale-vape","11":"product_cat-poland-hot-sale-vape","12":"product_cat-spain-best-hot-sale-vape","13":"product_cat-fance-hot-sale-vape","14":"product_cat-randm-fumot-vape","15":"product_cat-rechargeable-vapes","16":"product_cat-new-vape-this-week","17":"product_cat-minimum-order-quantity-50pcs","18":"product_tag-9000-puffs-vape","19":"product_tag-fumot-vape","20":"product_tag-hot-sale-vape","21":"product_tag-original-factory-vape","22":"product_tag-randm-tornado-9000","23":"product_tag-randm-vape","24":"product_tag-wholesale-vape-price","25":"desktop-align-left","26":"tablet-align-left","27":"mobile-align-left","29":"first","30":"instock","31":"sale","32":"shipping-taxable","33":"purchasable","34":"product-type-simple"},"uagb_featured_image_src":{"full":["https:\/\/rmvapesale.com\/wp-content\/uploads\/2024\/05\/RM-TORNADO-VAPE-DISPOSABEL-9000-PUFFS.png",600,600,false],"thumbnail":["https:\/\/rmvapesale.com\/wp-content\/uploads\/2024\/05\/RM-TORNADO-VAPE-DISPOSABEL-9000-PUFFS-150x150.png",150,150,true],"medium":["https:\/\/rmvapesale.com\/wp-content\/uploads\/2024\/05\/RM-TORNADO-VAPE-DISPOSABEL-9000-PUFFS-300x300.png",300,300,true],"medium_large":["https:\/\/rmvapesale.com\/wp-content\/uploads\/2024\/05\/RM-TORNADO-VAPE-DISPOSABEL-9000-PUFFS.png",600,600,false],"large":["https:\/\/rmvapesale.com\/wp-content\/uploads\/2024\/05\/RM-TORNADO-VAPE-DISPOSABEL-9000-PUFFS.png",600,600,false],"1536x1536":["https:\/\/rmvapesale.com\/wp-content\/uploads\/2024\/05\/RM-TORNADO-VAPE-DISPOSABEL-9000-PUFFS.png",600,600,false],"2048x2048":["https:\/\/rmvapesale.com\/wp-content\/uploads\/2024\/05\/RM-TORNADO-VAPE-DISPOSABEL-9000-PUFFS.png",600,600,false],"trp-custom-language-flag":["https:\/\/rmvapesale.com\/wp-content\/uploads\/2024\/05\/RM-TORNADO-VAPE-DISPOSABEL-9000-PUFFS.png",12,12,false],"woocommerce_thumbnail":["https:\/\/rmvapesale.com\/wp-content\/uploads\/2024\/05\/RM-TORNADO-VAPE-DISPOSABEL-9000-PUFFS-300x300.png",300,300,true],"woocommerce_single":["https:\/\/rmvapesale.com\/wp-content\/uploads\/2024\/05\/RM-TORNADO-VAPE-DISPOSABEL-9000-PUFFS.png",600,600,false],"woocommerce_gallery_thumbnail":["https:\/\/rmvapesale.com\/wp-content\/uploads\/2024\/05\/RM-TORNADO-VAPE-DISPOSABEL-9000-PUFFS-100x100.png",100,100,true],"wcpr-photo-reviews":["https:\/\/rmvapesale.com\/wp-content\/uploads\/2024\/05\/RM-TORNADO-VAPE-DISPOSABEL-9000-PUFFS.png",500,500,false]},"uagb_author_info":{"display_name":"yannazhan","author_link":"https:\/\/rmvapesale.com\/pl\/author\/"},"uagb_comment_info":0,"uagb_excerpt":"Cheap Price 9ooo Puffs Vape Device Original Fumot Bulk Buy 9ooo Puffs Vape Device Original Randm Wholesale Price 9ooo Puffs Vape Kit Original Fumot Contact Amy For More Discount And Lower MOQ Vape WhatsApp: +86 17776015835","_links":{"self":[{"href":"https:\/\/rmvapesale.com\/pl\/wp-json\/wp\/v2\/product\/1892","targetHints":{"allow":["GET"]}}],"collection":[{"href":"https:\/\/rmvapesale.com\/pl\/wp-json\/wp\/v2\/product"}],"about":[{"href":"https:\/\/rmvapesale.com\/pl\/wp-json\/wp\/v2\/types\/product"}],"replies":[{"embeddable":true,"href":"https:\/\/rmvapesale.com\/pl\/wp-json\/wp\/v2\/comments?post=1892"}],"wp:featuredmedia":[{"embeddable":true,"href":"https:\/\/rmvapesale.com\/pl\/wp-json\/wp\/v2\/media\/1887"}],"wp:attachment":[{"href":"https:\/\/rmvapesale.com\/pl\/wp-json\/wp\/v2\/media?parent=1892"}],"wp:term":[{"taxonomy":"product_brand","embeddable":true,"href":"https:\/\/rmvapesale.com\/pl\/wp-json\/wp\/v2\/product_brand?post=1892"},{"taxonomy":"product_cat","embeddable":true,"href":"https:\/\/rmvapesale.com\/pl\/wp-json\/wp\/v2\/product_cat?post=1892"},{"taxonomy":"product_tag","embeddable":true,"href":"https:\/\/rmvapesale.com\/pl\/wp-json\/wp\/v2\/product_tag?post=1892"}],"curies":[{"name":"wp","href":"https:\/\/api.w.org\/{rel}","templated":true}]}}