{"id":1940,"date":"2024-08-27T07:55:11","date_gmt":"2024-08-27T07:55:11","guid":{"rendered":"https:\/\/rmvapesale.com\/?post_type=product&#038;p=1940"},"modified":"2024-11-04T09:58:31","modified_gmt":"2024-11-04T09:58:31","slug":"randm-tornado-15000-puffs-vape-wholesale","status":"publish","type":"product","link":"https:\/\/rmvapesale.com\/pl\/product\/randm-tornado-15000-puffs-vape-wholesale\/","title":{"rendered":"RandM Tornado 15000 Puffs Vape Sprzeda\u017c Hurtowa"},"content":{"rendered":"<h1>RandM Tornado 15000 Puffs Vape Sprzeda\u017c Hurtowa<\/h1>\n<p>Jednorazowy vape staje si\u0119 popularny dzi\u0119ki szerokiej gamie smak\u00f3w i \u0142atwo\u015bci u\u017cytkowania. Szukasz jednorazowego vape w najlepszej cenie? RandM Tornado 15000 puffs jest wysoce polecany ze wzgl\u0119du na imponuj\u0105ce funkcje. Zaprojektowany z akumulatorem 850 mAh, kt\u00f3ry zapewnia do 15000 zaci\u0105gni\u0119\u0107. W naszym sklepie mo\u017cesz kupi\u0107 vape RandM Tornado 15000 puffs w cenie hurtowej.<\/p>\n<p>Tornado 15000 charakteryzuje si\u0119 now\u0105 konstrukcj\u0105 z akumulatorem 850 mAh, kt\u00f3ry szybko \u0142aduje si\u0119 przez port USB-C, umo\u017cliwiaj\u0105c wydajne \u0142adowanie. Jednorazowy vape RandM Tornado 15000 jest wyposa\u017cony w technologi\u0119 mesh coil, dzi\u0119ki czemu zapewnia p\u0142ynniejsze i przyjemniejsze wra\u017cenia z vapingu w ca\u0142ej gamie smak\u00f3w.<\/p>\n<p>Przede wszystkim RM 15000 to naprawd\u0119 op\u0142acalny vape, kt\u00f3ry warto wypr\u00f3bowa\u0107!<\/p>\n<p><strong>Skontaktuj si\u0119 z Amy, aby uzyska\u0107 w\u0142a\u015bciw\u0105 odpowied\u017a i cen\u0119 hurtow\u0105!<\/strong><\/p>\n<p><img loading=\"lazy\" decoding=\"async\" class=\"size-medium wp-image-1814\" src=\"https:\/\/rmvapesale.com\/wp-content\/uploads\/2024\/04\/whatsapp-amy-229x300.jpg\" alt=\"whatsapp amy\" width=\"229\" height=\"300\" srcset=\"https:\/\/rmvapesale.com\/wp-content\/uploads\/2024\/04\/whatsapp-amy-229x300.jpg 229w, https:\/\/rmvapesale.com\/wp-content\/uploads\/2024\/04\/whatsapp-amy-783x1024.jpg 783w, https:\/\/rmvapesale.com\/wp-content\/uploads\/2024\/04\/whatsapp-amy-768x1005.jpg 768w, https:\/\/rmvapesale.com\/wp-content\/uploads\/2024\/04\/whatsapp-amy-600x785.jpg 600w, https:\/\/rmvapesale.com\/wp-content\/uploads\/2024\/04\/whatsapp-amy.jpg 990w\" sizes=\"auto, (max-width: 229px) 100vw, 229px\" \/><\/p>\n<h2><strong>Co sprawia, \u017ce FUMOT RandM Tornado 15000 jest wyj\u0105tkowym jednorazowym vape?<\/strong><\/h2>\n<p>Dzi\u0119ki super specyfikacji, autentyczny RANDM VAPE 15K TORNADO wyr\u00f3\u017cnia si\u0119 jako jeden z jednorazowych vape o najwi\u0119kszej pojemno\u015bci na rynku.<\/p>\n<p>Opcje zawarto\u015bci nikotyny: 0%, 2%, 3% i 5%<br \/>\nDo 15000 zaci\u0105gni\u0119\u0107<br \/>\nWst\u0119pnie nape\u0142niony 25 ml e-liquidu<br \/>\nAkumulator 850 mAh<br \/>\nCewka Mesh 0,9 \u03a9<br \/>\n41 dost\u0119pnych smak\u00f3w<\/p>\n<h2><strong>Jaki jest najlepszy smak dla RandM Tornado 15k puffs vape?<\/strong><\/h2>\n<p>Mr blue to bez w\u0105tpienia najpopularniejszy smak dla RandM Tornado 15000, powiniene\u015b spr\u00f3bowa\u0107!<\/p>\n<p>RandM Tornado 15000 puff oferuje \u0142\u0105cznie 41 dost\u0119pnych smak\u00f3w do wyboru, ka\u017cdy znajdzie co\u015b dla siebie.<\/p>\n<p>1 Blue Razz Lemonade<br \/>\n2 Brzoskwiniowy L\u00f3d<br \/>\n3 Kwa\u015bne Jab\u0142ko<br \/>\n4 Arbuzowy L\u00f3d<br \/>\n5 Jagoda Na Lodzie<br \/>\n6 Jagoda Malina<br \/>\n7 Ananasowy L\u00f3d<br \/>\n8 Wi\u015bnia<br \/>\n9 Truskawkowy L\u00f3d<br \/>\n10 Vimto<br \/>\n11 Winogronowy L\u00f3d<br \/>\n12 Cola L\u00f3d<br \/>\n13 Truskawkowy Arbuz<br \/>\n14 R\u00f3\u017cowa Lemonada<br \/>\n15 Mieszane Jagody<br \/>\n16 Brzoskwinia Mango<br \/>\n17. Smoczy owoc<br \/>\n18. Truskawkowe winogrono<br \/>\n19. Mr blue<br \/>\n20. Bujny L\u00f3d<br \/>\n21. Lody wodne<br \/>\n22. Truskawka kiwi<br \/>\n23. Kiwi marakuja guawa<br \/>\n24. Potr\u00f3jne jagody<br \/>\n25. L\u00f3d bananowy<br \/>\n26. Cukierki brzoskwiniowo-jagodowe<br \/>\n27. Jab\u0142ko brzoskwinia gruszka<br \/>\n28. Lemoniada jagodowa<br \/>\n29. Niebieska malina wi\u015bnia<br \/>\n30. Guma balonowa jagodowa<br \/>\n31. Jagoda wi\u015bnia \u017curawina<br \/>\n32. Jagoda z granatem<br \/>\n33. Kwa\u015bna malina<br \/>\n34. Cherry Cola<br \/>\n35. \u017belki<br \/>\n36. Cytryna<br \/>\n37. Mango z lodem<br \/>\n38. Czerwony energetyk z lodem<br \/>\n39. Truskawka z bananem<br \/>\n40. Truskawkowy Red Bull<br \/>\n41. Lemoniada truskawkowo-arbuzowa<\/p>\n<h2><strong>Pytania, kt\u00f3re mo\u017cesz chcie\u0107 wiedzie\u0107 o vape RandM Tornado 15000 puffs<\/strong><\/h2>\n<p>&nbsp;<\/p>\n<h3>P1. Co to jest oryginalny vape RM Tornado 15000 Puffs?<\/h3>\n<p>O: RANDM VAPE 15K TORNADO Original to jednorazowe urz\u0105dzenie do wapowania, zaprojektowane do przed\u0142u\u017conych sesji wapowania. Nazwa pochodzi od imponuj\u0105cej pojemno\u015bci 15 000 zaci\u0105gni\u0119\u0107.<\/p>\n<h3>P2. Kto produkuje oryginalny vape RandM Tornado 15k Puffs?<\/h3>\n<p>O: RANDM VAPE 15K TORNADO Genuine jest produkowany przez Shenzhen Fumot Technology, wiod\u0105c\u0105 firm\u0119 w bran\u017cy waporyzacyjnej, znan\u0105 z innowacyjnych produkt\u00f3w.<\/p>\n<h3>P3. Jak d\u0142ugo dzia\u0142a autentyczny vape RandM Tornado 15K?<\/h3>\n<p>O: RANDM VAPE 15K TORNADO Authentic jest wyposa\u017cony we wbudowan\u0105 bateri\u0119 o pojemno\u015bci 850 mAh, oferuj\u0105c\u0105 wyd\u0142u\u017cone u\u017cytkowanie na jednym \u0142adowaniu. Dok\u0142adna \u017cywotno\u015b\u0107 baterii zale\u017cy jednak od indywidualnych wzorc\u00f3w u\u017cytkowania.<\/p>\n<h3>P4. Czy oryginalny vape Fumot RandM Tornado 15000 Puffs mo\u017cna \u0142adowa\u0107?<\/h3>\n<p><span style=\"font-size: 16px\">O: Nie, RANDM VAPE 15K TORNADO Original jest wyposa\u017cony w akumulator, kt\u00f3ry mo\u017cna \u0142adowa\u0107.<\/span><\/p>\n<h3>P5. Jak mog\u0119 kupi\u0107 oryginalny vape Fumot RandM Tornado 15000 Puffs?<\/h3>\n<p>A: Oryginalny RANDM VAPE 15K TORNADO jest dost\u0119pny do zakupu za po\u015brednictwem autoryzowanych dystrybutor\u00f3w. W sprawie zapyta\u0144 hurtowych dystrybutorzy mog\u0105 <a href=\"https:\/\/wa.me\/8617776015835\" target=\"_blank\" rel=\"noopener\">kontaktowa\u0107 si\u0119 z nami<\/a> bezpo\u015brednio. Klienci detaliczni mog\u0105 znale\u017a\u0107 produkt u wybranych sprzedawc\u00f3w detalicznych lub w sklepach internetowych.<\/p>\n<p><strong>Szczeg\u00f3\u0142y wysy\u0142ki:<\/strong><br \/>\nCzas produkcji: 5-10 dni roboczych<br \/>\nCzas wysy\u0142ki: 8-14 dni roboczych<\/p>\n<p>Wszystkie produkty w naszym sklepie s\u0105 w 100% oryginalne i autentyczne, dlatego dziesi\u0119ciokrotna rekompensata za podrobione towary jest polityk\u0105 naszego sklepu. U\u017cywamy kana\u0142\u00f3w logistycznych, takich jak UPS\/DHL\/FEDEX\/DPD, aby dostarczy\u0107 Pa\u0144stwu towary.<\/p>\n<p>W przypadku paczek wysy\u0142anych do Polski, dotarcie na miejsce zajmuje zwykle 10 dni roboczych. Wysy\u0142ka do kraj\u00f3w europejskich zwykle zajmuje oko\u0142o 12-15 dni roboczych. B\u0119dziemy aktualizowa\u0107 informacje logistyczne na bie\u017c\u0105co.<\/p>\n<p>Znajd\u017a wi\u0119cej produkt\u00f3w Vape, kt\u00f3re mog\u0105 Ci si\u0119 spodoba\u0107:<em><a href=\"https:\/\/rmvapesale.com\/pl\/shop-2\/\">kup teraz\u00a0<\/a><\/em><\/p>\n<p>inne popularne produkty, kt\u00f3re mog\u0105 Ci si\u0119 spodoba\u0107:<\/p>\n<p><a href=\"https:\/\/rmvapesale.com\/pl\/product\/randm-vape-al-fakher-10000-puffs-vape-wholesale\/\">randm vape AI FAKHER 15k vape<\/a><\/p>\n<p><a href=\"https:\/\/rmvapesale.com\/pl\/product\/original-randm-tornado-9000-puffs-disposable-vape-factory-price\/\">RandM Tornado 9000<\/a><\/p>","protected":false},"excerpt":{"rendered":"<p>Fumot Tornado 15000 VAPE Cena hurtowa<br \/>\nORYGINALNA Hurtownia Fabryczna RandM Tornado 15000 Dost\u0119pna od r\u0119ki<br \/>\nOryginalny RANDM Vape FUMOT TORNADO 15000 Cena z rabatem<\/p>\n<p><strong>Skontaktuj si\u0119 z Amy, aby uzyska\u0107 wi\u0119cej rabatu i ni\u017csze MOQ Vape<\/strong><\/p>\n<p><img loading=\"lazy\" decoding=\"async\" class=\"size-medium wp-image-1814\" src=\"https:\/\/rmvapesale.com\/wp-content\/uploads\/2024\/04\/whatsapp-amy-229x300.jpg\" alt=\"whatsapp amy\" width=\"229\" height=\"300\" srcset=\"https:\/\/rmvapesale.com\/wp-content\/uploads\/2024\/04\/whatsapp-amy-229x300.jpg 229w, https:\/\/rmvapesale.com\/wp-content\/uploads\/2024\/04\/whatsapp-amy-783x1024.jpg 783w, https:\/\/rmvapesale.com\/wp-content\/uploads\/2024\/04\/whatsapp-amy-768x1005.jpg 768w, https:\/\/rmvapesale.com\/wp-content\/uploads\/2024\/04\/whatsapp-amy-600x785.jpg 600w, https:\/\/rmvapesale.com\/wp-content\/uploads\/2024\/04\/whatsapp-amy.jpg 990w\" sizes=\"auto, (max-width: 229px) 100vw, 229px\" \/><\/p>\n<h3><span style=\"color: #ff0000\"><strong>WhatsApp: +86 17776015835<\/strong><\/span><\/h3>","protected":false},"featured_media":1937,"comment_status":"open","ping_status":"closed","template":"","meta":{"_uag_custom_page_level_css":"","_lmt_disableupdate":"no","_lmt_disable":"","site-sidebar-layout":"default","site-content-layout":"content-boxed-container","ast-site-content-layout":"normal-width-container","site-content-style":"boxed","site-sidebar-style":"unboxed","ast-global-header-display":"","ast-banner-title-visibility":"","ast-main-header-display":"","ast-hfb-above-header-display":"","ast-hfb-below-header-display":"","ast-hfb-mobile-header-display":"","site-post-title":"","ast-breadcrumbs-content":"","ast-featured-img":"","footer-sml-layout":"","theme-transparent-header-meta":"default","adv-header-id-meta":"","stick-header-meta":"","header-above-stick-meta":"","header-main-stick-meta":"","header-below-stick-meta":"","astra-migrate-meta-layouts":"set","ast-page-background-enabled":"default","ast-page-background-meta":{"desktop":{"background-color":"var(--ast-global-color-4)","background-image":"","background-repeat":"repeat","background-position":"center center","background-size":"auto","background-attachment":"scroll","background-type":"","background-media":"","overlay-type":"","overlay-color":"","overlay-opacity":"","overlay-gradient":""},"tablet":{"background-color":"","background-image":"","background-repeat":"repeat","background-position":"center center","background-size":"auto","background-attachment":"scroll","background-type":"","background-media":"","overlay-type":"","overlay-color":"","overlay-opacity":"","overlay-gradient":""},"mobile":{"background-color":"","background-image":"","background-repeat":"repeat","background-position":"center center","background-size":"auto","background-attachment":"scroll","background-type":"","background-media":"","overlay-type":"","overlay-color":"","overlay-opacity":"","overlay-gradient":""}},"ast-content-background-meta":{"desktop":{"background-color":"var(--ast-global-color-5)","background-image":"","background-repeat":"repeat","background-position":"center center","background-size":"auto","background-attachment":"scroll","background-type":"","background-media":"","overlay-type":"","overlay-color":"","overlay-opacity":"","overlay-gradient":""},"tablet":{"background-color":"var(--ast-global-color-5)","background-image":"","background-repeat":"repeat","background-position":"center center","background-size":"auto","background-attachment":"scroll","background-type":"","background-media":"","overlay-type":"","overlay-color":"","overlay-opacity":"","overlay-gradient":""},"mobile":{"background-color":"var(--ast-global-color-5)","background-image":"","background-repeat":"repeat","background-position":"center center","background-size":"auto","background-attachment":"scroll","background-type":"","background-media":"","overlay-type":"","overlay-color":"","overlay-opacity":"","overlay-gradient":""}},"_joinchat":[]},"product_brand":[],"product_cat":[25,51,195,26,28,27,31,137,136,15,30],"product_tag":[44,39,40,41,38,37],"class_list":{"0":"post-1940","1":"product","2":"type-product","3":"status-publish","4":"has-post-thumbnail","6":"product_cat-germany-best-selling-vape","7":"product_cat-fumot-vape","8":"product_cat-germany-warehouse","9":"product_cat-netherlands-hot-sale-vape","10":"product_cat-poland-hot-sale-vape","11":"product_cat-fance-hot-sale-vape","12":"product_cat-randm-fumot-vape","13":"product_cat-rechargeable-vapes","14":"product_cat-smart-screen-vapes","15":"product_cat-new-vape-this-week","16":"product_cat-minimum-order-quantity-50pcs","17":"product_tag-15k-puffs-15000-vape-wholesale","18":"product_tag-fumot-vape","19":"product_tag-hot-sale-vape","20":"product_tag-original-factory-vape","21":"product_tag-randm-vape","22":"product_tag-wholesale-vape-price","23":"desktop-align-left","24":"tablet-align-left","25":"mobile-align-left","27":"first","28":"instock","29":"sale","30":"shipping-taxable","31":"purchasable","32":"product-type-simple"},"uagb_featured_image_src":{"full":["https:\/\/rmvapesale.com\/wp-content\/uploads\/2024\/08\/RandM-Tornado-15000-Wholesale-Blue-Razz-Lemonade.jpg",800,800,false],"thumbnail":["https:\/\/rmvapesale.com\/wp-content\/uploads\/2024\/08\/RandM-Tornado-15000-Wholesale-Blue-Razz-Lemonade-150x150.jpg",150,150,true],"medium":["https:\/\/rmvapesale.com\/wp-content\/uploads\/2024\/08\/RandM-Tornado-15000-Wholesale-Blue-Razz-Lemonade-300x300.jpg",300,300,true],"medium_large":["https:\/\/rmvapesale.com\/wp-content\/uploads\/2024\/08\/RandM-Tornado-15000-Wholesale-Blue-Razz-Lemonade-768x768.jpg",768,768,true],"large":["https:\/\/rmvapesale.com\/wp-content\/uploads\/2024\/08\/RandM-Tornado-15000-Wholesale-Blue-Razz-Lemonade.jpg",800,800,false],"1536x1536":["https:\/\/rmvapesale.com\/wp-content\/uploads\/2024\/08\/RandM-Tornado-15000-Wholesale-Blue-Razz-Lemonade.jpg",800,800,false],"2048x2048":["https:\/\/rmvapesale.com\/wp-content\/uploads\/2024\/08\/RandM-Tornado-15000-Wholesale-Blue-Razz-Lemonade.jpg",800,800,false],"trp-custom-language-flag":["https:\/\/rmvapesale.com\/wp-content\/uploads\/2024\/08\/RandM-Tornado-15000-Wholesale-Blue-Razz-Lemonade.jpg",12,12,false],"woocommerce_thumbnail":["https:\/\/rmvapesale.com\/wp-content\/uploads\/2024\/08\/RandM-Tornado-15000-Wholesale-Blue-Razz-Lemonade-300x300.jpg",300,300,true],"woocommerce_single":["https:\/\/rmvapesale.com\/wp-content\/uploads\/2024\/08\/RandM-Tornado-15000-Wholesale-Blue-Razz-Lemonade-600x600.jpg",600,600,true],"woocommerce_gallery_thumbnail":["https:\/\/rmvapesale.com\/wp-content\/uploads\/2024\/08\/RandM-Tornado-15000-Wholesale-Blue-Razz-Lemonade-100x100.jpg",100,100,true],"wcpr-photo-reviews":["https:\/\/rmvapesale.com\/wp-content\/uploads\/2024\/08\/RandM-Tornado-15000-Wholesale-Blue-Razz-Lemonade.jpg",500,500,false]},"uagb_author_info":{"display_name":"AMY","author_link":"https:\/\/rmvapesale.com\/pl\/author\/"},"uagb_comment_info":0,"uagb_excerpt":"Fumot Tornado 15000 VAPE Wholesale Price ORIGINAL RandM Tornado 15000 Factory Wholesale in Stock Genuine RANDM Vape FUMOT TORNADO 15000 Discount Price Contact Amy For More Discount And Lower MOQ Vape WhatsApp: +86 17776015835","_links":{"self":[{"href":"https:\/\/rmvapesale.com\/pl\/wp-json\/wp\/v2\/product\/1940","targetHints":{"allow":["GET"]}}],"collection":[{"href":"https:\/\/rmvapesale.com\/pl\/wp-json\/wp\/v2\/product"}],"about":[{"href":"https:\/\/rmvapesale.com\/pl\/wp-json\/wp\/v2\/types\/product"}],"replies":[{"embeddable":true,"href":"https:\/\/rmvapesale.com\/pl\/wp-json\/wp\/v2\/comments?post=1940"}],"wp:featuredmedia":[{"embeddable":true,"href":"https:\/\/rmvapesale.com\/pl\/wp-json\/wp\/v2\/media\/1937"}],"wp:attachment":[{"href":"https:\/\/rmvapesale.com\/pl\/wp-json\/wp\/v2\/media?parent=1940"}],"wp:term":[{"taxonomy":"product_brand","embeddable":true,"href":"https:\/\/rmvapesale.com\/pl\/wp-json\/wp\/v2\/product_brand?post=1940"},{"taxonomy":"product_cat","embeddable":true,"href":"https:\/\/rmvapesale.com\/pl\/wp-json\/wp\/v2\/product_cat?post=1940"},{"taxonomy":"product_tag","embeddable":true,"href":"https:\/\/rmvapesale.com\/pl\/wp-json\/wp\/v2\/product_tag?post=1940"}],"curies":[{"name":"wp","href":"https:\/\/api.w.org\/{rel}","templated":true}]}}