{"id":1942,"date":"2024-09-05T05:47:08","date_gmt":"2024-09-05T05:47:08","guid":{"rendered":"https:\/\/rmvapesale.com\/?post_type=product&#038;p=1942"},"modified":"2025-01-20T03:42:22","modified_gmt":"2025-01-20T03:42:22","slug":"vapme-crystal-7000-puffs-rechargeable-disposable-vape-price","status":"publish","type":"product","link":"https:\/\/rmvapesale.com\/pl\/product\/vapme-crystal-7000-puffs-rechargeable-disposable-vape-price\/","title":{"rendered":"Cena Vapme Crystal 7000 Puffs Rechargeable Disposable Vape"},"content":{"rendered":"<h1>Cena Vapme Crystal 7000 Puffs Rechargeable Disposable Vape<\/h1>\n<p>Przedstawiamy \u0142adowalny jednorazowy e-papieros Vapme Crystal 7000 puffs, edycja oryginalna \u2014 urz\u0105dzenie klasy premium zaprojektowane z my\u015bl\u0105 o doskona\u0142ych wra\u017ceniach z wapowania. Ten \u0142adowalny jednorazowy e-papieros oferuje szerok\u0105 gam\u0119 smak\u00f3w i mo\u017cliwo\u015b\u0107 dostosowania poziom\u00f3w nikotyny. Wybierz spo\u015br\u00f3d 30 kusz\u0105cych smak\u00f3w, aby dopasowa\u0107 swoj\u0105 podr\u00f3\u017c wapowania do swoich preferencji smakowych. W naszym sklepie dostaniesz hurtow\u0105 cen\u0119 na \u0142adowalny jednorazowy e-papieros Vapme Crystal 7000 puffs.<\/p>\n<p>Dost\u0119pny w st\u0119\u017ceniach nikotyny 0%, 2% i 5%, ten e-papieros pozwala dostosowa\u0107 wra\u017cenia do Twoich potrzeb.<\/p>\n<p>E-papieros VAPME Crystal jest zasilany przez wytrzyma\u0142\u0105 bateri\u0119 kobaltow\u0105 o pojemno\u015bci 650 mAh i wyposa\u017cony w wygodny port Type-C, kt\u00f3ry zapewnia niezawodne zasilanie i \u0142atwe \u0142adowanie.<\/p>\n<p>Dzi\u0119ki pojemno\u015bci 14 ml p\u0142ynu do e-papieros\u00f3w i siatkowej grza\u0142ce o oporno\u015bci 1,0 ohm, ten e-papieros zapewnia g\u0142adk\u0105, aromatyczn\u0105 par\u0119 z ka\u017cdym zaci\u0105gni\u0119ciem.<\/p>\n<p>Ciesz si\u0119 nawet 7000 zaci\u0105gni\u0119ciami dzi\u0119ki temu \u0142adowalnemu jednorazowemu e-papierosowi, idealnemu dla tych, kt\u00f3rzy ceni\u0105 sobie zar\u00f3wno wygod\u0119, jak i jako\u015b\u0107 swoich wra\u017ce\u0144 z wapowania.<\/p>\n<p>&nbsp;<\/p>\n<p><strong>Skontaktuj si\u0119 z Amy, aby uzyska\u0107 w\u0142a\u015bciw\u0105 odpowied\u017a i cen\u0119 hurtow\u0105!<\/strong><\/p>\n<p><img loading=\"lazy\" decoding=\"async\" class=\"size-medium wp-image-1814\" src=\"https:\/\/rmvapesale.com\/wp-content\/uploads\/2024\/04\/whatsapp-amy-229x300.jpg\" alt=\"whatsapp amy\" width=\"229\" height=\"300\" srcset=\"https:\/\/rmvapesale.com\/wp-content\/uploads\/2024\/04\/whatsapp-amy-229x300.jpg 229w, https:\/\/rmvapesale.com\/wp-content\/uploads\/2024\/04\/whatsapp-amy-783x1024.jpg 783w, https:\/\/rmvapesale.com\/wp-content\/uploads\/2024\/04\/whatsapp-amy-768x1005.jpg 768w, https:\/\/rmvapesale.com\/wp-content\/uploads\/2024\/04\/whatsapp-amy-600x785.jpg 600w, https:\/\/rmvapesale.com\/wp-content\/uploads\/2024\/04\/whatsapp-amy.jpg 990w\" sizes=\"auto, (max-width: 229px) 100vw, 229px\" \/><\/p>\n<h2><\/h2>\n<h2><strong>Co sprawia, \u017ce <\/strong><strong>PUFF <\/strong><strong>7000 <\/strong><strong>VAPME Crystal <\/strong><strong>to popularny<\/strong>\u00a0<strong>jednorazowy e-papieros?<\/strong><\/h2>\n<p>Opcje zawarto\u015bci nikotyny: 0%, 2%, 3% i 5%<br \/>\nDo 7000 zaci\u0105gni\u0119\u0107<br \/>\nWst\u0119pnie nape\u0142niony 14 ml p\u0142ynu do e-papieros\u00f3w<br \/>\nakumulator o pojemno\u015bci 650mAh<br \/>\nGrza\u0142ka siatkowa 1,0 \u03a9<br \/>\n30 dost\u0119pnych smak\u00f3w<\/p>\n<h2><strong>Jaki jest popularny smak dla e-papierosa VAPME Crystal 7000?<\/strong><\/h2>\n<p>VAPME Crystal 7000 Puffs oferuje \u0142\u0105cznie 30 dost\u0119pnych smak\u00f3w do wyboru, ka\u017cdy znajdzie co\u015b dla siebie.<\/p>\n<p>1. Jagoda Malina<br \/>\n2. Winogrono jagodowe<br \/>\n3. Truskawka arbuz guma balonowa<br \/>\n4. Cukierki truskawkowo-malinowe<br \/>\n5. Strawberry banana<br \/>\n6. Truskawka mango<br \/>\n7. Brzoskwinia mango ananas<br \/>\n8. Arbuz l\u00f3d<br \/>\n9. Potr\u00f3jne mango<br \/>\n10. Wi\u015bnia l\u00f3d<br \/>\n11. Marakuja melon l\u00f3d<br \/>\n12. Kiwi marakuja guawa<br \/>\n13. Truskawka l\u00f3d<br \/>\n14. Brzoskwinia l\u00f3d<br \/>\n15. Niebieska malinowa lemoniada<br \/>\n16. Truskawka kiwi<br \/>\n17. Nap\u00f3j energetyczny<br \/>\n18. Cola wi\u015bniowa<br \/>\n19. Mieszane jagody l\u00f3d<br \/>\n20. Cytryna<br \/>\n21. Truskawka winogrono<br \/>\n22.lody z czarnej porzeczki<br \/>\n23.bor\u00f3wka \u017curawina wi\u015bnia<br \/>\n24.arbuz kiwi l\u00f3d<br \/>\n25.wi\u015bniowa jagoda<br \/>\n26.mi\u0119ta<br \/>\n27.poncz z owoc\u00f3w tropikalnych<br \/>\n28.Pan niebieski<br \/>\n29.podw\u00f3jne jab\u0142ko<br \/>\n30.lody bananowe<\/p>\n<figure id=\"attachment_1945\" aria-describedby=\"caption-attachment-1945\" style=\"width: 500px\" class=\"wp-caption alignnone\"><img loading=\"lazy\" decoding=\"async\" class=\"wp-image-1945 size-full\" src=\"https:\/\/rmvapesale.com\/wp-content\/uploads\/2024\/09\/Vapme-Crystal-7000-Puffs-Disposable-Vape-Wholesale.jpg\" alt=\"Vapme Crystal 7000 Puffs Jednorazowy waporyzator hurtowo\" width=\"500\" height=\"500\" srcset=\"https:\/\/rmvapesale.com\/wp-content\/uploads\/2024\/09\/Vapme-Crystal-7000-Puffs-Disposable-Vape-Wholesale.jpg 500w, https:\/\/rmvapesale.com\/wp-content\/uploads\/2024\/09\/Vapme-Crystal-7000-Puffs-Disposable-Vape-Wholesale-300x300.jpg 300w, https:\/\/rmvapesale.com\/wp-content\/uploads\/2024\/09\/Vapme-Crystal-7000-Puffs-Disposable-Vape-Wholesale-150x150.jpg 150w, https:\/\/rmvapesale.com\/wp-content\/uploads\/2024\/09\/Vapme-Crystal-7000-Puffs-Disposable-Vape-Wholesale-100x100.jpg 100w\" sizes=\"auto, (max-width: 500px) 100vw, 500px\" \/><figcaption id=\"caption-attachment-1945\" class=\"wp-caption-text\">Vapme Crystal 7000 Puffs Jednorazowy waporyzator hurtowo<\/figcaption><\/figure>\n<h2><strong>Pytania, kt\u00f3re warto wiedzie\u0107 o PUFF Vape VAPME Crystal 7000<\/strong><\/h2>\n<p>&nbsp;<\/p>\n<h3>Pytanie 1. Czym jest VAPME Crystal 7000 Puffs Vape Original?<\/h3>\n<p>Odp.: <span style=\"font-size: 16px\">VAPME Crystal 7000 Puffs<\/span> to jednorazowy e-papieros z mo\u017cliwo\u015bci\u0105 \u0142adowania, zaprojektowany z my\u015bl\u0105 o d\u0142ugich sesjach palenia. Nazwa pochodzi od imponuj\u0105cej pojemno\u015bci 7000 zaci\u0105gni\u0119\u0107 oraz wielokolorowych \u015bwiate\u0142, kt\u00f3re przypominaj\u0105 pod\u015bwietlony kryszta\u0142.<\/p>\n<h3>Pytanie 2. Jak d\u0142ugo wytrzymuje autentyczny VAPME Crystal 7000 Vape?<\/h3>\n<p>Odp.: Autentyczny <span style=\"font-size: 16px\">VAPME Crystal 7000 Puffs <\/span>ma wbudowan\u0105 bateri\u0119 o pojemno\u015bci 850 mAh, co zapewnia d\u0142u\u017csze u\u017cytkowanie na jednym \u0142adowaniu. Jednak dok\u0142adna \u017cywotno\u015b\u0107 baterii zale\u017cy od indywidualnych wzorc\u00f3w u\u017cytkowania.<\/p>\n<h3>Pytanie 3. Czy PUFF 7000 VAPME Crystal Original jest \u0142adowalny?<\/h3>\n<p><span style=\"font-size: 16px\">Odp.: Tak, VAPME Crystal 7000 Puffs Original jest wyposa\u017cony w akumulator z mo\u017cliwo\u015bci\u0105 \u0142adowania. Mo\u017cesz cieszy\u0107 si\u0119 nim a\u017c do ostatniej kropli.<\/span><\/p>\n<h3>Pytanie 4. Gdzie mog\u0119 uzyska\u0107 cen\u0119 hurtow\u0105 na jednorazowy e-papieros Vapme Crystal 7000 z mo\u017cliwo\u015bci\u0105 \u0142adowania?<\/h3>\n<p>Odp.: <span style=\"font-size: 16px\">VAPME Crystal 7000 Puffs <\/span>mo\u017cna naby\u0107 u autoryzowanych dystrybutor\u00f3w. W przypadku zapyta\u0144 hurtowych, dystrybutorzy mog\u0105 <a href=\"https:\/\/wa.me\/8617776015835\" target=\"_blank\" rel=\"noopener\">kontaktowa\u0107 si\u0119 z nami<\/a> bezpo\u015brednio. Klienci detaliczni mog\u0105 znale\u017a\u0107 produkt u wybranych sprzedawc\u00f3w detalicznych lub w sklepach internetowych.<\/p>\n<p>Znajd\u017a wi\u0119cej produkt\u00f3w Vape, kt\u00f3re mog\u0105 Ci si\u0119 spodoba\u0107:<em><a href=\"https:\/\/rmvapesale.com\/pl\/shop-2\/\">kup teraz\u00a0<\/a><\/em><\/p>\n<p>inne popularne produkty, kt\u00f3re mog\u0105 Ci si\u0119 spodoba\u0107:<\/p>\n<p><a href=\"https:\/\/rmvapesale.com\/pl\/product\/randm-vape-al-fakher-10000-puffs-vape-wholesale\/\">randm vape AI FAKHER 15k vape<\/a><\/p>\n<p><a href=\"https:\/\/rmvapesale.com\/pl\/product\/original-randm-tornado-9000-puffs-disposable-vape-factory-price\/\">RandM Tornado 9000<\/a><\/p>","protected":false},"excerpt":{"rendered":"<p>Cena zakupu hurtowego jednorazowego, \u0142adowalnego e-papierosa Vapme Crystal 7000 Puffs<\/p>\n<p>Najlepszy smak oryginalnego jednorazowego e-papierosa Vapme Crystal 7000 Puffs<\/p>\n<p>VAPME CRYSTAL 7000 Puffs 2% Nikotyny<\/p>\n<p><strong>Skontaktuj si\u0119 z Amy, aby uzyska\u0107 wi\u0119cej rabatu i ni\u017csze MOQ Vape<\/strong><\/p>\n<p><img loading=\"lazy\" decoding=\"async\" class=\"size-medium wp-image-1814\" src=\"https:\/\/rmvapesale.com\/wp-content\/uploads\/2024\/04\/whatsapp-amy-229x300.jpg\" alt=\"whatsapp amy\" width=\"229\" height=\"300\" srcset=\"https:\/\/rmvapesale.com\/wp-content\/uploads\/2024\/04\/whatsapp-amy-229x300.jpg 229w, https:\/\/rmvapesale.com\/wp-content\/uploads\/2024\/04\/whatsapp-amy-783x1024.jpg 783w, https:\/\/rmvapesale.com\/wp-content\/uploads\/2024\/04\/whatsapp-amy-768x1005.jpg 768w, https:\/\/rmvapesale.com\/wp-content\/uploads\/2024\/04\/whatsapp-amy-600x785.jpg 600w, https:\/\/rmvapesale.com\/wp-content\/uploads\/2024\/04\/whatsapp-amy.jpg 990w\" sizes=\"auto, (max-width: 229px) 100vw, 229px\" \/><\/p>\n<h3><span style=\"color: #ff0000\"><strong>WhatsApp: +86 17776015835<\/strong><\/span><\/h3>","protected":false},"featured_media":2671,"comment_status":"open","ping_status":"closed","template":"","meta":{"_uag_custom_page_level_css":"","_lmt_disableupdate":"no","_lmt_disable":"","site-sidebar-layout":"default","site-content-layout":"content-boxed-container","ast-site-content-layout":"normal-width-container","site-content-style":"boxed","site-sidebar-style":"unboxed","ast-global-header-display":"","ast-banner-title-visibility":"","ast-main-header-display":"","ast-hfb-above-header-display":"","ast-hfb-below-header-display":"","ast-hfb-mobile-header-display":"","site-post-title":"","ast-breadcrumbs-content":"","ast-featured-img":"","footer-sml-layout":"","ast-disable-related-posts":"","theme-transparent-header-meta":"default","adv-header-id-meta":"","stick-header-meta":"","header-above-stick-meta":"","header-main-stick-meta":"","header-below-stick-meta":"","astra-migrate-meta-layouts":"set","ast-page-background-enabled":"default","ast-page-background-meta":{"desktop":{"background-color":"var(--ast-global-color-4)","background-image":"","background-repeat":"repeat","background-position":"center center","background-size":"auto","background-attachment":"scroll","background-type":"","background-media":"","overlay-type":"","overlay-color":"","overlay-opacity":"","overlay-gradient":""},"tablet":{"background-color":"","background-image":"","background-repeat":"repeat","background-position":"center center","background-size":"auto","background-attachment":"scroll","background-type":"","background-media":"","overlay-type":"","overlay-color":"","overlay-opacity":"","overlay-gradient":""},"mobile":{"background-color":"","background-image":"","background-repeat":"repeat","background-position":"center center","background-size":"auto","background-attachment":"scroll","background-type":"","background-media":"","overlay-type":"","overlay-color":"","overlay-opacity":"","overlay-gradient":""}},"ast-content-background-meta":{"desktop":{"background-color":"var(--ast-global-color-5)","background-image":"","background-repeat":"repeat","background-position":"center center","background-size":"auto","background-attachment":"scroll","background-type":"","background-media":"","overlay-type":"","overlay-color":"","overlay-opacity":"","overlay-gradient":""},"tablet":{"background-color":"var(--ast-global-color-5)","background-image":"","background-repeat":"repeat","background-position":"center center","background-size":"auto","background-attachment":"scroll","background-type":"","background-media":"","overlay-type":"","overlay-color":"","overlay-opacity":"","overlay-gradient":""},"mobile":{"background-color":"var(--ast-global-color-5)","background-image":"","background-repeat":"repeat","background-position":"center center","background-size":"auto","background-attachment":"scroll","background-type":"","background-media":"","overlay-type":"","overlay-color":"","overlay-opacity":"","overlay-gradient":""}},"_joinchat":[]},"product_brand":[],"product_cat":[25,272,290,27,123,293,30,26,15,28,295,137,136,135,281],"product_tag":[48,40,41,54,53,37],"class_list":{"0":"post-1942","1":"product","2":"type-product","3":"status-publish","4":"has-post-thumbnail","6":"product_cat-germany-best-selling-vape","7":"product_cat-7000-puff-disposable-vape","8":"product_cat-crystal-disposable-vapes","9":"product_cat-fance-hot-sale-vape","10":"product_cat-italy-wholesale-vape","11":"product_cat-low-nicotine-disposable-vapes","12":"product_cat-minimum-order-quantity-50pcs","13":"product_cat-netherlands-hot-sale-vape","14":"product_cat-new-vape-this-week","15":"product_cat-poland-hot-sale-vape","16":"product_cat-rechargeable-disposable-vapes","17":"product_cat-rechargeable-vapes","18":"product_cat-smart-screen-vapes","19":"product_cat-spain-best-hot-sale-vape","20":"product_cat-vapme-vape","21":"product_tag-7000-puffs-vape","22":"product_tag-hot-sale-vape","23":"product_tag-original-factory-vape","24":"product_tag-rechargeable-disposable-vape","25":"product_tag-vapme-vape","26":"product_tag-wholesale-vape-price","27":"desktop-align-left","28":"tablet-align-left","29":"mobile-align-left","31":"first","32":"instock","33":"sale","34":"shipping-taxable","35":"purchasable","36":"product-type-simple"},"uagb_featured_image_src":{"full":["https:\/\/rmvapesale.com\/wp-content\/uploads\/2024\/11\/Vapme-Crystal-Rechareable-Vape-Wholesale.jpg",800,800,false],"thumbnail":["https:\/\/rmvapesale.com\/wp-content\/uploads\/2024\/11\/Vapme-Crystal-Rechareable-Vape-Wholesale-150x150.jpg",150,150,true],"medium":["https:\/\/rmvapesale.com\/wp-content\/uploads\/2024\/11\/Vapme-Crystal-Rechareable-Vape-Wholesale-300x300.jpg",300,300,true],"medium_large":["https:\/\/rmvapesale.com\/wp-content\/uploads\/2024\/11\/Vapme-Crystal-Rechareable-Vape-Wholesale-768x768.jpg",768,768,true],"large":["https:\/\/rmvapesale.com\/wp-content\/uploads\/2024\/11\/Vapme-Crystal-Rechareable-Vape-Wholesale.jpg",800,800,false],"1536x1536":["https:\/\/rmvapesale.com\/wp-content\/uploads\/2024\/11\/Vapme-Crystal-Rechareable-Vape-Wholesale.jpg",800,800,false],"2048x2048":["https:\/\/rmvapesale.com\/wp-content\/uploads\/2024\/11\/Vapme-Crystal-Rechareable-Vape-Wholesale.jpg",800,800,false],"trp-custom-language-flag":["https:\/\/rmvapesale.com\/wp-content\/uploads\/2024\/11\/Vapme-Crystal-Rechareable-Vape-Wholesale.jpg",12,12,false],"woocommerce_thumbnail":["https:\/\/rmvapesale.com\/wp-content\/uploads\/2024\/11\/Vapme-Crystal-Rechareable-Vape-Wholesale-300x300.jpg",300,300,true],"woocommerce_single":["https:\/\/rmvapesale.com\/wp-content\/uploads\/2024\/11\/Vapme-Crystal-Rechareable-Vape-Wholesale-600x600.jpg",600,600,true],"woocommerce_gallery_thumbnail":["https:\/\/rmvapesale.com\/wp-content\/uploads\/2024\/11\/Vapme-Crystal-Rechareable-Vape-Wholesale-100x100.jpg",100,100,true],"wcpr-photo-reviews":["https:\/\/rmvapesale.com\/wp-content\/uploads\/2024\/11\/Vapme-Crystal-Rechareable-Vape-Wholesale.jpg",500,500,false]},"uagb_author_info":{"display_name":"AMY","author_link":"https:\/\/rmvapesale.com\/pl\/author\/"},"uagb_comment_info":0,"uagb_excerpt":"Vapme Crystal 7000 Puffs Rechargeable Disposable Vape Bulk Buy Price Puff 7000 Vapme Crystal Original Disposable Vape Best Flavor VAPME CRYSTAL 7000 Puffs 2% Nicotine Contact Amy For More Discount And Lower MOQ Vape WhatsApp: +86 17776015835","_links":{"self":[{"href":"https:\/\/rmvapesale.com\/pl\/wp-json\/wp\/v2\/product\/1942","targetHints":{"allow":["GET"]}}],"collection":[{"href":"https:\/\/rmvapesale.com\/pl\/wp-json\/wp\/v2\/product"}],"about":[{"href":"https:\/\/rmvapesale.com\/pl\/wp-json\/wp\/v2\/types\/product"}],"replies":[{"embeddable":true,"href":"https:\/\/rmvapesale.com\/pl\/wp-json\/wp\/v2\/comments?post=1942"}],"wp:featuredmedia":[{"embeddable":true,"href":"https:\/\/rmvapesale.com\/pl\/wp-json\/wp\/v2\/media\/2671"}],"wp:attachment":[{"href":"https:\/\/rmvapesale.com\/pl\/wp-json\/wp\/v2\/media?parent=1942"}],"wp:term":[{"taxonomy":"product_brand","embeddable":true,"href":"https:\/\/rmvapesale.com\/pl\/wp-json\/wp\/v2\/product_brand?post=1942"},{"taxonomy":"product_cat","embeddable":true,"href":"https:\/\/rmvapesale.com\/pl\/wp-json\/wp\/v2\/product_cat?post=1942"},{"taxonomy":"product_tag","embeddable":true,"href":"https:\/\/rmvapesale.com\/pl\/wp-json\/wp\/v2\/product_tag?post=1942"}],"curies":[{"name":"wp","href":"https:\/\/api.w.org\/{rel}","templated":true}]}}