{"id":1962,"date":"2024-09-10T02:25:58","date_gmt":"2024-09-10T02:25:58","guid":{"rendered":"https:\/\/rmvapesale.com\/?post_type=product&#038;p=1962"},"modified":"2025-01-20T03:45:42","modified_gmt":"2025-01-20T03:45:42","slug":"bang-beach-22000-puffs-smart-screen-vapes-factory-price","status":"publish","type":"product","link":"https:\/\/rmvapesale.com\/pl\/product\/bang-beach-22000-puffs-smart-screen-vapes-factory-price\/","title":{"rendered":"Bang Beach 22000 Zaci\u0105gni\u0119\u0107 z Inteligentnym Ekranem Hurtownia"},"content":{"rendered":"<h1>Bang Beach 22000 Zaci\u0105gni\u0119\u0107 z Inteligentnym Ekranem Hurtownia<\/h1>\n<p>Przedstawiamy Bang Beach 22000 Puffs Smart Screen Vapes, zaprojektowane, aby zapewni\u0107 doskona\u0142e wra\u017cenia z wapowania.<\/p>\n<p>Ten jednorazowy d\u0142ugopis do wapowania oferuje do 22 000 zaci\u0105gni\u0119\u0107, dzi\u0119ki du\u017cemu, wst\u0119pnie nape\u0142nionemu kartrid\u017cowi z e-liquidem o pojemno\u015bci 36 ml, eliminuj\u0105c potrzeb\u0119 cz\u0119stego uzupe\u0142niania.<\/p>\n<p>Dostosuj spo\u017cycie nikotyny dzi\u0119ki opcjom 0%, 2%, 3% i 5%, aby dopasowa\u0107 je do osobistych preferencji. Wzmocnij swoje wapowanie dzi\u0119ki cewce Mesh 1.0 i regulowanemu przep\u0142ywowi powietrza, kt\u00f3re pozwalaj\u0105 dostosowa\u0107 zar\u00f3wno smak, jak i produkcj\u0119 pary.<\/p>\n<p>D\u0142ugopis do wapowania jest wyposa\u017cony w wytrzyma\u0142\u0105 bateri\u0119 850 mAh z mo\u017cliwo\u015bci\u0105 \u0142adowania i port \u0142adowania typu C, co zapewnia szybkie i \u0142atwe \u0142adowanie. B\u0105d\u017a na bie\u017c\u0105co dzi\u0119ki wbudowanemu wy\u015bwietlaczowi LED, kt\u00f3ry pokazuje w czasie rzeczywistym stan baterii i informacje o u\u017cytkowaniu. Wybierz jeden z 12 smak\u00f3w, aby znale\u017a\u0107 idealny smak dla siebie.<\/p>\n<p>Do\u015bwiadcz wygody i najwy\u017cszej jako\u015bci oryginalnych Bang Beach 22000 Puffs Smart Screen Vapes ju\u017c dzi\u015b.<\/p>\n<p><strong>Skontaktuj si\u0119 z Amy, aby uzyska\u0107 szybk\u0105 odpowied\u017a i wi\u0119kszy rabat!<\/strong><\/p>\n<p><img loading=\"lazy\" decoding=\"async\" class=\"size-medium wp-image-1814\" src=\"https:\/\/rmvapesale.com\/wp-content\/uploads\/2024\/04\/whatsapp-amy-229x300.jpg\" alt=\"whatsapp amy\" width=\"229\" height=\"300\" srcset=\"https:\/\/rmvapesale.com\/wp-content\/uploads\/2024\/04\/whatsapp-amy-229x300.jpg 229w, https:\/\/rmvapesale.com\/wp-content\/uploads\/2024\/04\/whatsapp-amy-783x1024.jpg 783w, https:\/\/rmvapesale.com\/wp-content\/uploads\/2024\/04\/whatsapp-amy-768x1005.jpg 768w, https:\/\/rmvapesale.com\/wp-content\/uploads\/2024\/04\/whatsapp-amy-600x785.jpg 600w, https:\/\/rmvapesale.com\/wp-content\/uploads\/2024\/04\/whatsapp-amy.jpg 990w\" sizes=\"auto, (max-width: 229px) 100vw, 229px\" \/><\/p>\n<h3><span style=\"color: #ff0000\"><strong>WhatsApp: +86 17776015835<\/strong><\/span><\/h3>\n<p>&nbsp;<\/p>\n<h2><strong>Bang Beach 22000 Kluczowe cechy<\/strong><\/h2>\n<p>Nikotyna: 0% 2% 3% 5%<br \/>\nLiczba zaci\u0105gni\u0119\u0107: 22000<br \/>\nPojemno\u015b\u0107: 36 ml<br \/>\nDost\u0119pnych 12 smak\u00f3w<br \/>\nAkumulator 850 mAh<br \/>\nInteligentny ekran<br \/>\nGrza\u0142ka siatkowa<\/p>\n<h2><strong>Jaki jest najlepszy smak dla Bang Beach 22000 Puffs<\/strong><strong>?<\/strong><\/h2>\n<p>Ten Bang Beach 22000 Puffs Smart Screen Vapes oferuje \u0142\u0105cznie 12 dost\u0119pnych smak\u00f3w do wyboru, na pewno znajdziesz co\u015b dla siebie.<\/p>\n<p>1. Brzoskwiniowy l\u00f3d<br \/>\n2. Brzoskwinia Mango<br \/>\n3. Mieszane jagody<br \/>\n4. R\u00f3\u017cowa lemoniada<br \/>\n5. Truskawkowy arbuz<br \/>\n6. Arbuzowy l\u00f3d<br \/>\n7. Winogrono z Lodem<br \/>\n8. Vimto<br \/>\n9. Truskawkowy L\u00f3d<br \/>\n10. Wi\u015bnia<br \/>\n11.Bor\u00f3wka z Malin\u0105<br \/>\n12.Kwa\u015bne Jab\u0142ko<\/p>\n<h2><strong>Pytania, kt\u00f3re mo\u017cesz chcie\u0107 wiedzie\u0107 o Bang Beach 22k Puffs<\/strong><\/h2>\n<p>&nbsp;<\/p>\n<p><strong>1. Ile zaci\u0105gni\u0119\u0107 mog\u0119 si\u0119 spodziewa\u0107 po Bang Beach 22k Puffs?<\/strong><\/p>\n<p>Bang Beach 22k Puffs oferuje imponuj\u0105ce 22000 zaci\u0105gni\u0119\u0107 (w \u015brodowisku testowym), zapewniaj\u0105c wyd\u0142u\u017cone u\u017cytkowanie i trwa\u0142e zadowolenie.<\/p>\n<p><strong>2. Jak\u0105 moc nikotyny oferuje Bang Beach 22k Puffs?<\/strong><\/p>\n<p>Bang Beach 22k Puffs jest wst\u0119pnie nape\u0142niony e-liquidem o mocy nikotyny 0% 2% 3% 5%, oferuj\u0105c zr\u00f3wnowa\u017cone wra\u017cenia z wapowania.<\/p>\n<p><strong>3. W jaki spos\u00f3b technologia Mesh Coil poprawia wra\u017cenia z vapingu?<\/strong><\/p>\n<p>Technologia Mesh Coil zintegrowana z Vape Bang Vape 12000 Puffs charakteryzuje si\u0119 nisk\u0105 rezystancj\u0105 cewki 1,0ohm. Ta konstrukcja maksymalizuje powierzchni\u0119 grzewcz\u0105, co skutkuje p\u0142ynniejszymi zaci\u0105gni\u0119ciami i zwi\u0119kszon\u0105 produkcj\u0105 pary. Technologia gwarantuje r\u00f3wnomierne i sta\u0142e podgrzewanie e-liquidu, zapewniaj\u0105c doskona\u0142e doznania smakowe.<\/p>\n<p><strong>4. Gdzie mog\u0119 kupi\u0107 oryginalne Bang Beach 22k Puffs?<\/strong><\/p>\n<p>Oryginalne Bang Beach 22k Puffs s\u0105 dost\u0119pne do zakupu za po\u015brednictwem autoryzowanych dystrybutor\u00f3w. W przypadku zapyta\u0144 hurtowych, dystrybutorzy mog\u0105 <a href=\"https:\/\/wa.me\/8617776015835\" target=\"_blank\" rel=\"noopener\">kontaktowa\u0107 si\u0119 z nami<\/a> bezpo\u015brednio. Klienci detaliczni mog\u0105 znale\u017a\u0107 produkt w wybranych sklepach detalicznych lub sklepach internetowych. Wszystkie produkty w naszym sklepie s\u0105 w 100% oryginalne i autentyczne, dziesi\u0119ciokrotna rekompensata za podrobione towary to nasza polityka sklepu.<\/p>\n<p>&nbsp;<\/p>\n<p><strong>Szczeg\u00f3\u0142y wysy\u0142ki:<\/strong><\/p>\n<div class=\"flex-shrink-0 flex flex-col relative items-end\">\n<div>\n<div class=\"pt-0\">\n<div class=\"gizmo-bot-avatar flex h-8 w-8 items-center justify-center overflow-hidden rounded-full\">\n<div class=\"relative p-1 rounded-sm flex items-center justify-center bg-token-main-surface-primary text-token-text-primary h-8 w-8\"><strong>Jakie metody wysy\u0142ki s\u0105 u\u017cywane?<\/strong><\/div>\n<\/div>\n<\/div>\n<\/div>\n<\/div>\n<div class=\"group\/conversation-turn relative flex w-full min-w-0 flex-col agent-turn\">\n<div class=\"flex-col gap-1 md:gap-3\">\n<div class=\"flex max-w-full flex-col flex-grow\">\n<div class=\"min-h-[20px] text-message flex w-full flex-col items-end gap-2 whitespace-normal break-words [.text-message+&amp;]:mt-5 overflow-x-auto\" dir=\"auto\" data-message-author-role=\"assistant\" data-message-id=\"22f8283b-3233-46ff-89a5-c7a41b33abda\">\n<div class=\"flex w-full flex-col gap-1 empty:hidden first:pt-[3px]\">\n<div class=\"markdown prose w-full break-words dark:prose-invert light\">\n<p>Wsp\u00f3\u0142pracujemy z UPS, DHL, FedEx, DPD i innymi wiod\u0105cymi przewo\u017anikami. Wybierzemy najlepsz\u0105 metod\u0119 wysy\u0142ki w oparciu o Twoj\u0105 lokalizacj\u0119, aby zapewni\u0107, \u017ce otrzymasz swoje produkty tak szybko, jak to mo\u017cliwe.<\/p>\n<\/div>\n<p><strong>Jak d\u0142ugo trwa dostawa?<\/strong><\/p>\n<p>Paczki wysy\u0142ane do Polski zazwyczaj docieraj\u0105 w ci\u0105gu 10 dni roboczych. Wysy\u0142ka do innych kraj\u00f3w europejskich trwa zwykle oko\u0142o 12-15 dni roboczych. B\u0119dziemy dostarcza\u0107 aktualizacje w czasie rzeczywistym na temat statusu Twojej przesy\u0142ki.<\/p>\n<p>&nbsp;<\/p>\n<\/div>\n<\/div>\n<\/div>\n<\/div>\n<\/div>\n<p>Znajd\u017a wi\u0119cej produkt\u00f3w Vape, kt\u00f3re mog\u0105 Ci si\u0119 spodoba\u0107:<em><a href=\"https:\/\/rmvapesale.com\/pl\/shop-2\/\">kup teraz\u00a0<\/a><\/em><\/p>\n<p>inne popularne produkty, kt\u00f3re mog\u0105 Ci si\u0119 spodoba\u0107:<\/p>\n<p><a href=\"https:\/\/rmvapesale.com\/pl\/product\/randm-vape-al-fakher-10000-puffs-vape-wholesale\/\">randm vape AI FAKHER 15k vape<\/a><\/p>\n<p><a href=\"https:\/\/rmvapesale.com\/pl\/product\/original-randm-tornado-9000-puffs-disposable-vape-factory-price\/\">RandM Tornado 9000<\/a><\/p>\n<p><a href=\"https:\/\/rmvapesale.com\/pl\/product\/bang-30k-puffs-disposable-vape-double-taste-wholesale-italy\/\">Bang 30k Puffs<\/a><\/p>","protected":false},"excerpt":{"rendered":"<p>Bang Beach 22000 Puffs LED Display Edition Vape Cena Hurtowa<br \/>\nBang Beach 22000 Zaci\u0105gni\u0119\u0107 z Inteligentnym Ekranem Hurtownia<br \/>\nBang Beach 22000 20k Puffs E Papierosy Zakup Hurtowy<\/p>\n<p><strong>Skontaktuj si\u0119 z Amy, aby uzyska\u0107 wi\u0119cej rabatu i ni\u017csze MOQ Vape<\/strong><\/p>\n<p><img loading=\"lazy\" decoding=\"async\" class=\"size-medium wp-image-1814\" src=\"https:\/\/rmvapesale.com\/wp-content\/uploads\/2024\/04\/whatsapp-amy-229x300.jpg\" alt=\"whatsapp amy\" width=\"229\" height=\"300\" srcset=\"https:\/\/rmvapesale.com\/wp-content\/uploads\/2024\/04\/whatsapp-amy-229x300.jpg 229w, https:\/\/rmvapesale.com\/wp-content\/uploads\/2024\/04\/whatsapp-amy-783x1024.jpg 783w, https:\/\/rmvapesale.com\/wp-content\/uploads\/2024\/04\/whatsapp-amy-768x1005.jpg 768w, https:\/\/rmvapesale.com\/wp-content\/uploads\/2024\/04\/whatsapp-amy-600x785.jpg 600w, https:\/\/rmvapesale.com\/wp-content\/uploads\/2024\/04\/whatsapp-amy.jpg 990w\" sizes=\"auto, (max-width: 229px) 100vw, 229px\" \/><\/p>\n<h3><span style=\"color: #ff0000\"><strong>WhatsApp: +86 17776015835<\/strong><\/span><\/h3>","protected":false},"featured_media":1957,"comment_status":"open","ping_status":"closed","template":"","meta":{"_uag_custom_page_level_css":"","_lmt_disableupdate":"no","_lmt_disable":"","site-sidebar-layout":"default","site-content-layout":"content-boxed-container","ast-site-content-layout":"normal-width-container","site-content-style":"boxed","site-sidebar-style":"unboxed","ast-global-header-display":"","ast-banner-title-visibility":"","ast-main-header-display":"","ast-hfb-above-header-display":"","ast-hfb-below-header-display":"","ast-hfb-mobile-header-display":"","site-post-title":"","ast-breadcrumbs-content":"","ast-featured-img":"","footer-sml-layout":"","theme-transparent-header-meta":"default","adv-header-id-meta":"","stick-header-meta":"","header-above-stick-meta":"","header-main-stick-meta":"","header-below-stick-meta":"","astra-migrate-meta-layouts":"set","ast-page-background-enabled":"default","ast-page-background-meta":{"desktop":{"background-color":"var(--ast-global-color-4)","background-image":"","background-repeat":"repeat","background-position":"center center","background-size":"auto","background-attachment":"scroll","background-type":"","background-media":"","overlay-type":"","overlay-color":"","overlay-opacity":"","overlay-gradient":""},"tablet":{"background-color":"","background-image":"","background-repeat":"repeat","background-position":"center center","background-size":"auto","background-attachment":"scroll","background-type":"","background-media":"","overlay-type":"","overlay-color":"","overlay-opacity":"","overlay-gradient":""},"mobile":{"background-color":"","background-image":"","background-repeat":"repeat","background-position":"center center","background-size":"auto","background-attachment":"scroll","background-type":"","background-media":"","overlay-type":"","overlay-color":"","overlay-opacity":"","overlay-gradient":""}},"ast-content-background-meta":{"desktop":{"background-color":"var(--ast-global-color-5)","background-image":"","background-repeat":"repeat","background-position":"center center","background-size":"auto","background-attachment":"scroll","background-type":"","background-media":"","overlay-type":"","overlay-color":"","overlay-opacity":"","overlay-gradient":""},"tablet":{"background-color":"var(--ast-global-color-5)","background-image":"","background-repeat":"repeat","background-position":"center center","background-size":"auto","background-attachment":"scroll","background-type":"","background-media":"","overlay-type":"","overlay-color":"","overlay-opacity":"","overlay-gradient":""},"mobile":{"background-color":"var(--ast-global-color-5)","background-image":"","background-repeat":"repeat","background-position":"center center","background-size":"auto","background-attachment":"scroll","background-type":"","background-media":"","overlay-type":"","overlay-color":"","overlay-opacity":"","overlay-gradient":""}},"_joinchat":[]},"product_brand":[],"product_cat":[25,289,291,292,298,293,295,299,273,279,123,26,28,135,27,60,137,136,15,30],"product_tag":[187,55,56,57,58,40,41,59,37],"class_list":{"0":"post-1962","1":"product","2":"type-product","3":"status-publish","4":"has-post-thumbnail","6":"product_cat-germany-best-selling-vape","7":"product_cat-big-puffs-disposable-vapes","8":"product_cat-dual-mesh-disposable-vapes","9":"product_cat-digital-disposable-vapes","10":"product_cat-double-flavor-disposable-vapes","11":"product_cat-low-nicotine-disposable-vapes","12":"product_cat-rechargeable-disposable-vapes","13":"product_cat-smart-screen-disposable-vapes","14":"product_cat-bang-box-vape","15":"product_cat-bang-king-vape","16":"product_cat-italy-wholesale-vape","17":"product_cat-netherlands-hot-sale-vape","18":"product_cat-poland-hot-sale-vape","19":"product_cat-spain-best-hot-sale-vape","20":"product_cat-fance-hot-sale-vape","21":"product_cat-bang-vapes","22":"product_cat-rechargeable-vapes","23":"product_cat-smart-screen-vapes","24":"product_cat-new-vape-this-week","25":"product_cat-minimum-order-quantity-50pcs","26":"product_tag-bang-box-vape","27":"product_tag-buy-vape-pods","28":"product_tag-disposable-vape-wholesale-near-me","29":"product_tag-disposable-vape-wholesale-supplier","30":"product_tag-electric-cigarettes","31":"product_tag-hot-sale-vape","32":"product_tag-original-factory-vape","33":"product_tag-puffs-vape","34":"product_tag-wholesale-vape-price","35":"desktop-align-left","36":"tablet-align-left","37":"mobile-align-left","39":"first","40":"instock","41":"sale","42":"shipping-taxable","43":"purchasable","44":"product-type-simple"},"uagb_featured_image_src":{"full":["https:\/\/rmvapesale.com\/wp-content\/uploads\/2024\/09\/Bang-Beach-22000-Disposable.jpg",800,600,false],"thumbnail":["https:\/\/rmvapesale.com\/wp-content\/uploads\/2024\/09\/Bang-Beach-22000-Disposable-150x150.jpg",150,150,true],"medium":["https:\/\/rmvapesale.com\/wp-content\/uploads\/2024\/09\/Bang-Beach-22000-Disposable-300x225.jpg",300,225,true],"medium_large":["https:\/\/rmvapesale.com\/wp-content\/uploads\/2024\/09\/Bang-Beach-22000-Disposable-768x576.jpg",768,576,true],"large":["https:\/\/rmvapesale.com\/wp-content\/uploads\/2024\/09\/Bang-Beach-22000-Disposable.jpg",800,600,false],"1536x1536":["https:\/\/rmvapesale.com\/wp-content\/uploads\/2024\/09\/Bang-Beach-22000-Disposable.jpg",800,600,false],"2048x2048":["https:\/\/rmvapesale.com\/wp-content\/uploads\/2024\/09\/Bang-Beach-22000-Disposable.jpg",800,600,false],"trp-custom-language-flag":["https:\/\/rmvapesale.com\/wp-content\/uploads\/2024\/09\/Bang-Beach-22000-Disposable.jpg",16,12,false],"woocommerce_thumbnail":["https:\/\/rmvapesale.com\/wp-content\/uploads\/2024\/09\/Bang-Beach-22000-Disposable-300x300.jpg",300,300,true],"woocommerce_single":["https:\/\/rmvapesale.com\/wp-content\/uploads\/2024\/09\/Bang-Beach-22000-Disposable-600x450.jpg",600,450,true],"woocommerce_gallery_thumbnail":["https:\/\/rmvapesale.com\/wp-content\/uploads\/2024\/09\/Bang-Beach-22000-Disposable-100x100.jpg",100,100,true],"wcpr-photo-reviews":["https:\/\/rmvapesale.com\/wp-content\/uploads\/2024\/09\/Bang-Beach-22000-Disposable.jpg",500,375,false]},"uagb_author_info":{"display_name":"AMY","author_link":"https:\/\/rmvapesale.com\/pl\/author\/"},"uagb_comment_info":0,"uagb_excerpt":"Bang Beach 22000 Puffs LED Display Edition Vape Wholesale Price Bang Beach 22000 Puffs Smart Screen Vapes Factory Price Bang Beach 22000 20k Puffs E Cigarettes Bulk Buy Contact Amy For More Discount And Lower MOQ Vape WhatsApp: +86 17776015835","_links":{"self":[{"href":"https:\/\/rmvapesale.com\/pl\/wp-json\/wp\/v2\/product\/1962","targetHints":{"allow":["GET"]}}],"collection":[{"href":"https:\/\/rmvapesale.com\/pl\/wp-json\/wp\/v2\/product"}],"about":[{"href":"https:\/\/rmvapesale.com\/pl\/wp-json\/wp\/v2\/types\/product"}],"replies":[{"embeddable":true,"href":"https:\/\/rmvapesale.com\/pl\/wp-json\/wp\/v2\/comments?post=1962"}],"wp:featuredmedia":[{"embeddable":true,"href":"https:\/\/rmvapesale.com\/pl\/wp-json\/wp\/v2\/media\/1957"}],"wp:attachment":[{"href":"https:\/\/rmvapesale.com\/pl\/wp-json\/wp\/v2\/media?parent=1962"}],"wp:term":[{"taxonomy":"product_brand","embeddable":true,"href":"https:\/\/rmvapesale.com\/pl\/wp-json\/wp\/v2\/product_brand?post=1962"},{"taxonomy":"product_cat","embeddable":true,"href":"https:\/\/rmvapesale.com\/pl\/wp-json\/wp\/v2\/product_cat?post=1962"},{"taxonomy":"product_tag","embeddable":true,"href":"https:\/\/rmvapesale.com\/pl\/wp-json\/wp\/v2\/product_tag?post=1962"}],"curies":[{"name":"wp","href":"https:\/\/api.w.org\/{rel}","templated":true}]}}