{"id":1985,"date":"2024-09-12T07:42:12","date_gmt":"2024-09-12T07:42:12","guid":{"rendered":"https:\/\/rmvapesale.com\/?post_type=product&#038;p=1985"},"modified":"2025-01-20T03:52:04","modified_gmt":"2025-01-20T03:52:04","slug":"bang-vape-tornado-12000-puffs-disposable-pod-factory-price","status":"publish","type":"product","link":"https:\/\/rmvapesale.com\/pl\/product\/bang-vape-tornado-12000-puffs-disposable-pod-factory-price\/","title":{"rendered":"Jednorazowy pod Bang Vape Tornado 12000 Puffs Cena fabryczna"},"content":{"rendered":"<h1>Jednorazowy pod Bang Vape Tornado 12000 Puffs Cena fabryczna<\/h1>\n<p>Bang Vape Tornado 12000 Pali to pot\u0119\u017cne i wysokowydajne urz\u0105dzenie jednorazowe. Posiada 20 ml e-liquid, dost\u0119pne w mocach nikotyny soli 0%, 2%, 3% i 5%, oferuj\u0105c do 12 000 puf\u00f3w. Urz\u0105dzenie zawiera port do \u0142adowania na dole, zapewniaj\u0105c mo\u017cliwo\u015b\u0107 wykorzystania ka\u017cdej kropli p\u0142ynu. Bang Tornado 12000 wyposa\u017cony w technologi\u0119 cewki mesh, znacznie poprawia smak i wydajno\u015b\u0107. Dodatkowo dost\u0119pna jest szeroka gama smak\u00f3w, aby dopasowa\u0107 si\u0119 do Twoich preferencji<\/p>\n<p>Og\u00f3lnie rzecz bior\u0105c, Bang Tornado 12000 Pali zapewnia wygodne i trwa\u0142e do\u015bwiadczenie wapowania, idealne zar\u00f3wno na szybkie wyj\u015bcia, jak i d\u0142ugie sesje.<\/p>\n<p><strong>Skontaktuj si\u0119 z Amy, aby uzyska\u0107 szybk\u0105 odpowied\u017a i wi\u0119kszy rabat!<\/strong><\/p>\n<p><img loading=\"lazy\" decoding=\"async\" class=\"size-medium wp-image-1814\" src=\"https:\/\/rmvapesale.com\/wp-content\/uploads\/2024\/04\/whatsapp-amy-229x300.jpg\" alt=\"whatsapp amy\" width=\"229\" height=\"300\" srcset=\"https:\/\/rmvapesale.com\/wp-content\/uploads\/2024\/04\/whatsapp-amy-229x300.jpg 229w, https:\/\/rmvapesale.com\/wp-content\/uploads\/2024\/04\/whatsapp-amy-783x1024.jpg 783w, https:\/\/rmvapesale.com\/wp-content\/uploads\/2024\/04\/whatsapp-amy-768x1005.jpg 768w, https:\/\/rmvapesale.com\/wp-content\/uploads\/2024\/04\/whatsapp-amy-600x785.jpg 600w, https:\/\/rmvapesale.com\/wp-content\/uploads\/2024\/04\/whatsapp-amy.jpg 990w\" sizes=\"auto, (max-width: 229px) 100vw, 229px\" \/><\/p>\n<h3><span style=\"color: #ff0000\"><strong>WhatsApp: +86 17776015835<\/strong><\/span><\/h3>\n<p>&nbsp;<\/p>\n<h2><strong>Kluczowe cechy Bang Vape Tornado 12000 Pali<\/strong><\/h2>\n<p>Nikotyna: 0% 2% 3% 5%<br \/>\nWydmuchy: 12000<br \/>\nPojemno\u015b\u0107: 20ml<br \/>\nDost\u0119pne 16 smak\u00f3w<br \/>\nAkumulator 650 mAh<br \/>\nGrza\u0142ka siatkowa<\/p>\n<h2><strong>Jaki jest najlepszy smak dla Bang Tornado 12k Pali<\/strong><strong>?<\/strong><\/h2>\n<p>Ten jednorazowy pod Bang Vape Tornado 12000 Pali oferuje ponad 20 dost\u0119pnych smak\u00f3w do wyboru, na pewno znajdziesz co\u015b dla siebie.<\/p>\n<p>1. Malina Arbuz<br \/>\n2. Truskawka Arbuz Melon<br \/>\n3. Sok Truskawkowy<br \/>\n4. Czarny Smok Ice<br \/>\n5.Brzoskwiniowy L\u00f3d<br \/>\n6. Jagoda Wi\u015bnia \u017burawina<br \/>\n7. Mieszane owoce<br \/>\n8. Wi\u015bnia Brzoskwinia Lemoniada<br \/>\n9.Truskawka Mango<br \/>\n10. Truskawka Malina Ice<br \/>\n11. Amecicano<br \/>\n12. Kiwi Passion Fruit Guava<br \/>\n13. Truskawka Kiwi<br \/>\n14. Blue Razz Ice<br \/>\n15. Kwa\u015bne Jab\u0142ko Malina<br \/>\n16. Arbuzowa Guma do \u017bucia<br \/>\n17. Truskawkowe Lody<br \/>\n18. Truskawka Arbuz<br \/>\n19. Arbuzowa L\u00f3d<br \/>\n20. Jagodowa L\u00f3d<br \/>\n21. Brzoskwinia Mango Arbuz<br \/>\n22. Kr\u00f3lewska Winogrona<\/p>\n<h2><strong>Pytania, kt\u00f3re mo\u017cesz chcie\u0107 wiedzie\u0107 o Bang Tornado 12000<\/strong><\/h2>\n<p>&nbsp;<\/p>\n<p><strong>1. Ile chmur mog\u0119 oczekiwa\u0107 z Bang Tornado 12000?<\/strong><\/p>\n<p>Bang King Tornado 12000 Puffs oferuje imponuj\u0105ce 20000 chmur (w warunkach testowych), zapewniaj\u0105c d\u0142ugotrwa\u0142e u\u017cytkowanie i satysfakcj\u0119.<\/p>\n<p><strong>2. Jak\u0105 moc nikotyny oferuje Bang Tornado 12000 Puffs?<\/strong><\/p>\n<p>Bang Tornado 12000 Puffs jest wst\u0119pnie nape\u0142niony e-liquidem o mocy nikotyny 0% 2% 3% 5%, zapewniaj\u0105c zr\u00f3wnowa\u017cone do\u015bwiadczenie wapowania.<\/p>\n<p><strong>3. W jaki spos\u00f3b technologia Mesh Coil poprawia wra\u017cenia z vapingu?<\/strong><\/p>\n<p>Technologia Mesh Coil zintegrowana z Vape Bang Vape 12000 Puffs charakteryzuje si\u0119 nisk\u0105 rezystancj\u0105 cewki 1,0ohm. Ta konstrukcja maksymalizuje powierzchni\u0119 grzewcz\u0105, co skutkuje p\u0142ynniejszymi zaci\u0105gni\u0119ciami i zwi\u0119kszon\u0105 produkcj\u0105 pary. Technologia gwarantuje r\u00f3wnomierne i sta\u0142e podgrzewanie e-liquidu, zapewniaj\u0105c doskona\u0142e doznania smakowe.<\/p>\n<p><strong>4. Dlaczego warto wybra\u0107 Bang Tornado 12000 Puffs?<\/strong><\/p>\n<p>Rozkoszuj si\u0119 smakowitymi chmurami przy ka\u017cdym zaci\u0105gni\u0119ciu. Bang Tornado 12000 zosta\u0142o stworzone, aby wzbogaci\u0107 Twoje do\u015bwiadczenie wapowania, dostarczaj\u0105c satysfakcji przy ka\u017cdym wdechu.<\/p>\n<h3><strong>5. Gdzie mog\u0119 kupi\u0107 oryginalny Bang Tornado 12000 Puffs?<\/strong><\/h3>\n<p>Oryginalny Bang Tornado 12000 Puffs jest dost\u0119pny do zakupu u autoryzowanych dystrybutor\u00f3w. W sprawie hurtowych zam\u00f3wie\u0144, dystrybutorzy mog\u0105 <a href=\"https:\/\/wa.me\/8617776015835\" target=\"_blank\" rel=\"noopener\">kontaktowa\u0107 si\u0119 z nami<\/a> bezpo\u015brednio. Klienci detaliczni mog\u0105 znale\u017a\u0107 produkt w wybranych sklepach detalicznych lub sklepach internetowych. Wszystkie produkty w naszym sklepie s\u0105 w 100% oryginalne i autentyczne, dziesi\u0119ciokrotna rekompensata za podrobione towary to nasza polityka sklepu.<\/p>\n<p>&nbsp;<\/p>\n<p><strong>Szczeg\u00f3\u0142y wysy\u0142ki:<\/strong><\/p>\n<div class=\"flex-shrink-0 flex flex-col relative items-end\">\n<div>\n<div class=\"pt-0\">\n<div class=\"gizmo-bot-avatar flex h-8 w-8 items-center justify-center overflow-hidden rounded-full\">\n<div class=\"relative p-1 rounded-sm flex items-center justify-center bg-token-main-surface-primary text-token-text-primary h-8 w-8\"><strong>Jakie metody wysy\u0142ki s\u0105 u\u017cywane?<\/strong><\/div>\n<\/div>\n<\/div>\n<\/div>\n<\/div>\n<div class=\"group\/conversation-turn relative flex w-full min-w-0 flex-col agent-turn\">\n<div class=\"flex-col gap-1 md:gap-3\">\n<div class=\"flex max-w-full flex-col flex-grow\">\n<div class=\"min-h-[20px] text-message flex w-full flex-col items-end gap-2 whitespace-normal break-words [.text-message+&amp;]:mt-5 overflow-x-auto\" dir=\"auto\" data-message-author-role=\"assistant\" data-message-id=\"22f8283b-3233-46ff-89a5-c7a41b33abda\">\n<div class=\"flex w-full flex-col gap-1 empty:hidden first:pt-[3px]\">\n<div class=\"markdown prose w-full break-words dark:prose-invert light\">\n<p>Wsp\u00f3\u0142pracujemy z UPS, DHL, FedEx, DPD i innymi wiod\u0105cymi przewo\u017anikami. Wybierzemy najlepsz\u0105 metod\u0119 wysy\u0142ki w oparciu o Twoj\u0105 lokalizacj\u0119, aby zapewni\u0107, \u017ce otrzymasz swoje produkty tak szybko, jak to mo\u017cliwe.<\/p>\n<\/div>\n<p><strong>Jak d\u0142ugo trwa dostawa?<\/strong><\/p>\n<p>Paczki wysy\u0142ane do Polski zazwyczaj docieraj\u0105 w ci\u0105gu 10 dni roboczych. Wysy\u0142ka do innych kraj\u00f3w europejskich trwa zwykle oko\u0142o 12-15 dni roboczych. B\u0119dziemy dostarcza\u0107 aktualizacje w czasie rzeczywistym na temat statusu Twojej przesy\u0142ki.<\/p>\n<p>&nbsp;<\/p>\n<\/div>\n<\/div>\n<\/div>\n<\/div>\n<\/div>\n<p>Znajd\u017a wi\u0119cej produkt\u00f3w Vape, kt\u00f3re mog\u0105 Ci si\u0119 spodoba\u0107:<em><a href=\"https:\/\/rmvapesale.com\/pl\/shop-2\/\">kup teraz\u00a0<\/a><\/em><\/p>\n<p>inne popularne produkty, kt\u00f3re mog\u0105 Ci si\u0119 spodoba\u0107:<\/p>\n<p><a href=\"https:\/\/rmvapesale.com\/pl\/product\/bang-30k-puffs-disposable-vape-double-taste-wholesale-italy\/\">Bang 30k Puffs<\/a><\/p>\n<p><a href=\"https:\/\/rmvapesale.com\/pl\/product\/bang-beach-22000-puffs-smart-screen-vapes-factory-price\/\">Bang Beach 22000 Zaci\u0105gni\u0119\u0107<\/a><\/p>\n<p><a href=\"https:\/\/rmvapesale.com\/pl\/product\/randm-tornado-15000-puffs-vape-wholesale\/\">RandM Tornado 15000 Zaci\u0105gni\u0119\u0107<\/a><\/p>\n<p><a href=\"https:\/\/rmvapesale.com\/pl\/product\/bang-20000-puffs-disposable-vape-wholesale-supplier\/\">Bang 20000 Puffs<\/a><\/p>","protected":false},"excerpt":{"rendered":"<p>Vape Bang Box Tornado Hurtowa Bang 12000 Pali Najlepszy Smak<\/p>\n<p>BANG Tornado 12000 Pali Jednorazowy Pod Vape Hurtowa Cena<\/p>\n<p>Bang tornado 12000 Pali 0% 2% 3% 5% Nikotyna w magazynie<\/p>\n<p><strong>Skontaktuj si\u0119 z Amy, aby uzyska\u0107 wi\u0119cej rabatu i ni\u017csze MOQ Vape<\/strong><\/p>\n<p><img loading=\"lazy\" decoding=\"async\" class=\"size-medium wp-image-1814\" src=\"https:\/\/rmvapesale.com\/wp-content\/uploads\/2024\/04\/whatsapp-amy-229x300.jpg\" alt=\"whatsapp amy\" width=\"229\" height=\"300\" srcset=\"https:\/\/rmvapesale.com\/wp-content\/uploads\/2024\/04\/whatsapp-amy-229x300.jpg 229w, https:\/\/rmvapesale.com\/wp-content\/uploads\/2024\/04\/whatsapp-amy-783x1024.jpg 783w, https:\/\/rmvapesale.com\/wp-content\/uploads\/2024\/04\/whatsapp-amy-768x1005.jpg 768w, https:\/\/rmvapesale.com\/wp-content\/uploads\/2024\/04\/whatsapp-amy-600x785.jpg 600w, https:\/\/rmvapesale.com\/wp-content\/uploads\/2024\/04\/whatsapp-amy.jpg 990w\" sizes=\"auto, (max-width: 229px) 100vw, 229px\" \/><\/p>\n<h3><span style=\"color: #ff0000\"><strong>WhatsApp: +86 17776015835<\/strong><\/span><\/h3>","protected":false},"featured_media":1981,"comment_status":"open","ping_status":"closed","template":"","meta":{"_uag_custom_page_level_css":"","_lmt_disableupdate":"no","_lmt_disable":"","site-sidebar-layout":"default","site-content-layout":"content-boxed-container","ast-site-content-layout":"normal-width-container","site-content-style":"boxed","site-sidebar-style":"unboxed","ast-global-header-display":"","ast-banner-title-visibility":"","ast-main-header-display":"","ast-hfb-above-header-display":"","ast-hfb-below-header-display":"","ast-hfb-mobile-header-display":"","site-post-title":"","ast-breadcrumbs-content":"","ast-featured-img":"","footer-sml-layout":"","theme-transparent-header-meta":"default","adv-header-id-meta":"","stick-header-meta":"","header-above-stick-meta":"","header-main-stick-meta":"","header-below-stick-meta":"","astra-migrate-meta-layouts":"set","ast-page-background-enabled":"default","ast-page-background-meta":{"desktop":{"background-color":"var(--ast-global-color-4)","background-image":"","background-repeat":"repeat","background-position":"center center","background-size":"auto","background-attachment":"scroll","background-type":"","background-media":"","overlay-type":"","overlay-color":"","overlay-opacity":"","overlay-gradient":""},"tablet":{"background-color":"","background-image":"","background-repeat":"repeat","background-position":"center center","background-size":"auto","background-attachment":"scroll","background-type":"","background-media":"","overlay-type":"","overlay-color":"","overlay-opacity":"","overlay-gradient":""},"mobile":{"background-color":"","background-image":"","background-repeat":"repeat","background-position":"center center","background-size":"auto","background-attachment":"scroll","background-type":"","background-media":"","overlay-type":"","overlay-color":"","overlay-opacity":"","overlay-gradient":""}},"ast-content-background-meta":{"desktop":{"background-color":"var(--ast-global-color-5)","background-image":"","background-repeat":"repeat","background-position":"center center","background-size":"auto","background-attachment":"scroll","background-type":"","background-media":"","overlay-type":"","overlay-color":"","overlay-opacity":"","overlay-gradient":""},"tablet":{"background-color":"var(--ast-global-color-5)","background-image":"","background-repeat":"repeat","background-position":"center center","background-size":"auto","background-attachment":"scroll","background-type":"","background-media":"","overlay-type":"","overlay-color":"","overlay-opacity":"","overlay-gradient":""},"mobile":{"background-color":"var(--ast-global-color-5)","background-image":"","background-repeat":"repeat","background-position":"center center","background-size":"auto","background-attachment":"scroll","background-type":"","background-media":"","overlay-type":"","overlay-color":"","overlay-opacity":"","overlay-gradient":""}},"_joinchat":[]},"product_brand":[],"product_cat":[60,293,295,297,273,279,254,25,123,26,28,135,27,137,136,15,30],"product_tag":[63,56,57,58,40,41,37],"class_list":{"0":"post-1985","1":"product","2":"type-product","3":"status-publish","4":"has-post-thumbnail","6":"product_cat-bang-vapes","7":"product_cat-low-nicotine-disposable-vapes","8":"product_cat-rechargeable-disposable-vapes","9":"product_cat-tornado-disposable-vapes","10":"product_cat-bang-box-vape","11":"product_cat-bang-king-vape","12":"product_cat-12000-puff-disposable-vape","13":"product_cat-germany-best-selling-vape","14":"product_cat-italy-wholesale-vape","15":"product_cat-netherlands-hot-sale-vape","16":"product_cat-poland-hot-sale-vape","17":"product_cat-spain-best-hot-sale-vape","18":"product_cat-fance-hot-sale-vape","19":"product_cat-rechargeable-vapes","20":"product_cat-smart-screen-vapes","21":"product_cat-new-vape-this-week","22":"product_cat-minimum-order-quantity-50pcs","23":"product_tag-bang-vapes","24":"product_tag-disposable-vape-wholesale-near-me","25":"product_tag-disposable-vape-wholesale-supplier","26":"product_tag-electric-cigarettes","27":"product_tag-hot-sale-vape","28":"product_tag-original-factory-vape","29":"product_tag-wholesale-vape-price","30":"desktop-align-left","31":"tablet-align-left","32":"mobile-align-left","34":"first","35":"instock","36":"sale","37":"shipping-taxable","38":"purchasable","39":"product-type-simple"},"uagb_featured_image_src":{"full":["https:\/\/rmvapesale.com\/wp-content\/uploads\/2024\/09\/Bang-Tornado-12000-Puffs-Disposable-Vape.jpg",800,800,false],"thumbnail":["https:\/\/rmvapesale.com\/wp-content\/uploads\/2024\/09\/Bang-Tornado-12000-Puffs-Disposable-Vape-150x150.jpg",150,150,true],"medium":["https:\/\/rmvapesale.com\/wp-content\/uploads\/2024\/09\/Bang-Tornado-12000-Puffs-Disposable-Vape-300x300.jpg",300,300,true],"medium_large":["https:\/\/rmvapesale.com\/wp-content\/uploads\/2024\/09\/Bang-Tornado-12000-Puffs-Disposable-Vape-768x768.jpg",768,768,true],"large":["https:\/\/rmvapesale.com\/wp-content\/uploads\/2024\/09\/Bang-Tornado-12000-Puffs-Disposable-Vape.jpg",800,800,false],"1536x1536":["https:\/\/rmvapesale.com\/wp-content\/uploads\/2024\/09\/Bang-Tornado-12000-Puffs-Disposable-Vape.jpg",800,800,false],"2048x2048":["https:\/\/rmvapesale.com\/wp-content\/uploads\/2024\/09\/Bang-Tornado-12000-Puffs-Disposable-Vape.jpg",800,800,false],"trp-custom-language-flag":["https:\/\/rmvapesale.com\/wp-content\/uploads\/2024\/09\/Bang-Tornado-12000-Puffs-Disposable-Vape.jpg",12,12,false],"woocommerce_thumbnail":["https:\/\/rmvapesale.com\/wp-content\/uploads\/2024\/09\/Bang-Tornado-12000-Puffs-Disposable-Vape-300x300.jpg",300,300,true],"woocommerce_single":["https:\/\/rmvapesale.com\/wp-content\/uploads\/2024\/09\/Bang-Tornado-12000-Puffs-Disposable-Vape-600x600.jpg",600,600,true],"woocommerce_gallery_thumbnail":["https:\/\/rmvapesale.com\/wp-content\/uploads\/2024\/09\/Bang-Tornado-12000-Puffs-Disposable-Vape-100x100.jpg",100,100,true],"wcpr-photo-reviews":["https:\/\/rmvapesale.com\/wp-content\/uploads\/2024\/09\/Bang-Tornado-12000-Puffs-Disposable-Vape.jpg",500,500,false]},"uagb_author_info":{"display_name":"AMY","author_link":"https:\/\/rmvapesale.com\/pl\/author\/"},"uagb_comment_info":0,"uagb_excerpt":"Vape Bang Box Tornado Wholesale Bang 12000 Puffs Best Flavor BANG Tornado 12000 Puffs Disposable Vape Pod Wholesale Price Bang tornado 12000 Puffs 0% 2% 3% 5% Nicotine in stock Contact Amy For More Discount And Lower MOQ Vape WhatsApp: +86 17776015835","_links":{"self":[{"href":"https:\/\/rmvapesale.com\/pl\/wp-json\/wp\/v2\/product\/1985","targetHints":{"allow":["GET"]}}],"collection":[{"href":"https:\/\/rmvapesale.com\/pl\/wp-json\/wp\/v2\/product"}],"about":[{"href":"https:\/\/rmvapesale.com\/pl\/wp-json\/wp\/v2\/types\/product"}],"replies":[{"embeddable":true,"href":"https:\/\/rmvapesale.com\/pl\/wp-json\/wp\/v2\/comments?post=1985"}],"wp:featuredmedia":[{"embeddable":true,"href":"https:\/\/rmvapesale.com\/pl\/wp-json\/wp\/v2\/media\/1981"}],"wp:attachment":[{"href":"https:\/\/rmvapesale.com\/pl\/wp-json\/wp\/v2\/media?parent=1985"}],"wp:term":[{"taxonomy":"product_brand","embeddable":true,"href":"https:\/\/rmvapesale.com\/pl\/wp-json\/wp\/v2\/product_brand?post=1985"},{"taxonomy":"product_cat","embeddable":true,"href":"https:\/\/rmvapesale.com\/pl\/wp-json\/wp\/v2\/product_cat?post=1985"},{"taxonomy":"product_tag","embeddable":true,"href":"https:\/\/rmvapesale.com\/pl\/wp-json\/wp\/v2\/product_tag?post=1985"}],"curies":[{"name":"wp","href":"https:\/\/api.w.org\/{rel}","templated":true}]}}