{"id":1995,"date":"2024-09-13T08:03:11","date_gmt":"2024-09-13T08:03:11","guid":{"rendered":"https:\/\/rmvapesale.com\/?post_type=product&#038;p=1995"},"modified":"2025-01-20T03:53:42","modified_gmt":"2025-01-20T03:53:42","slug":"vapme-shisha-hookah-15000-puffs-vape-0-2-nicotine","status":"publish","type":"product","link":"https:\/\/rmvapesale.com\/pl\/product\/vapme-shisha-hookah-15000-puffs-vape-0-2-nicotine\/","title":{"rendered":"Vapme Shisha Hookah 15000 Zaci\u0105gni\u0119\u0107 E-papieros 0% 2% Nikotyna"},"content":{"rendered":"<h1>Vapme Shisha Hookah 15000 Zaci\u0105gni\u0119\u0107 E-papieros 0% 2% Nikotyna<\/h1>\n<p>Przedstawiamy Vapme Shisha Hookah 15000 Puffs, \u0142adowany jednorazowy e-papieros zaprojektowany, aby podnie\u015b\u0107 Twoje do\u015bwiadczenie vapingowe. Z imponuj\u0105c\u0105 pojemno\u015bci\u0105 15000 puffs, urz\u0105dzenie oferuje d\u0142ugotrwa\u0142\u0105 rozrywk\u0119 i elastyczno\u015b\u0107, dost\u0119pne w poziomach nikotyny 0% lub 2%, aby dopasowa\u0107 si\u0119 do Twoich preferencji.<\/p>\n<p>Z pojemno\u015bci\u0105 e-liquid 25 ml, Vapme Shisha Hookah zapewnia wystarczaj\u0105c\u0105 ilo\u015b\u0107 na nieprzerwane sesje. Jego \u0142adowalny akumulator 650mAh i port \u0142adowania Type-C zapewniaj\u0105 wydajne i wygodne \u0142adowanie, umo\u017cliwiaj\u0105c cieszenie si\u0119 vapingiem bez przerw.<\/p>\n<p>Z 24 smakami do wyboru i oporem 0,6\u03a9 dla g\u0142adkiego, aromatycznego parowania, ten jednorazowy \u0142adowany e-papieros zapewnia konsekwentnie satysfakcjonuj\u0105ce do\u015bwiadczenie. Ulepsz swoj\u0105 podr\u00f3\u017c vapingow\u0105 z Vapme Shisha Hookah 15000.<\/p>\n<p>&nbsp;<\/p>\n<p><strong>Skontaktuj si\u0119 z Amy, aby uzyska\u0107 w\u0142a\u015bciw\u0105 odpowied\u017a i cen\u0119 hurtow\u0105!<\/strong><\/p>\n<p><img loading=\"lazy\" decoding=\"async\" class=\"size-medium wp-image-1814\" src=\"https:\/\/rmvapesale.com\/wp-content\/uploads\/2024\/04\/whatsapp-amy-229x300.jpg\" alt=\"whatsapp amy\" width=\"229\" height=\"300\" srcset=\"https:\/\/rmvapesale.com\/wp-content\/uploads\/2024\/04\/whatsapp-amy-229x300.jpg 229w, https:\/\/rmvapesale.com\/wp-content\/uploads\/2024\/04\/whatsapp-amy-783x1024.jpg 783w, https:\/\/rmvapesale.com\/wp-content\/uploads\/2024\/04\/whatsapp-amy-768x1005.jpg 768w, https:\/\/rmvapesale.com\/wp-content\/uploads\/2024\/04\/whatsapp-amy-600x785.jpg 600w, https:\/\/rmvapesale.com\/wp-content\/uploads\/2024\/04\/whatsapp-amy.jpg 990w\" sizes=\"auto, (max-width: 229px) 100vw, 229px\" \/><\/p>\n<h2><\/h2>\n<h2>Specyfikacja Vapme Shisha Hookah 15000<\/h2>\n<p>Puffs: 15000 Puffs<br \/>\nNikotyna: 0%, 2%<br \/>\nPojemno\u015b\u0107 e-liquid: 25 ML<br \/>\nBateria: 650mAh (\u0142adowalna)<br \/>\nPort \u0142adowania: Type C<br \/>\nOp\u00f3r: 0,6\u03a9<br \/>\nSmaki: 24 smaki<\/p>\n<h2><strong>Najlepszy popularny smak dla Vapme Shisha 15000 Puffs?<\/strong><\/h2>\n<p>Vapme Shisha Hookah 15000 Puffs oferuje \u0142\u0105cznie 24 dost\u0119pne smaki do wyboru, co\u015b dla ka\u017cdego podniebienia.<\/p>\n<p>1. Jagoda na lodzie<br \/>\n2. Kiwi, marakuja, guawa<br \/>\n3. Lemoniada Blue razz<br \/>\n4. Truskawka, kiwi<br \/>\n5. Mieszane jagody<br \/>\n6. Truskawka, arbuz<br \/>\n7. Winogrono na lodzie<br \/>\n8. Arbuz l\u00f3d<br \/>\n9. Brzoskwinia mango ananas<br \/>\n10. Truskawkowy l\u00f3d<br \/>\n11. Lody brzoskwiniowe<br \/>\n12. Mango Banan<br \/>\n13. Wi\u015bniowa jagoda<br \/>\n14. Jagoda malinowa<br \/>\n15. Mi\u0142o\u015b\u0107 66<br \/>\n16. Arbuz byk<br \/>\n17. Truskawka winogrona<br \/>\n18. Cukierek truskawkowo-malina<br \/>\n19. Mamba<br \/>\n20. Arbuz wi\u015bnia<br \/>\n21. Zamro\u017cone jab\u0142ko<br \/>\n22. Cytryna Mi\u0119ta<br \/>\n23. Czarna porzeczka l\u00f3d<br \/>\n24. Shake ananasowy<\/p>\n<h2><\/h2>\n<h2><strong>Pytania, kt\u00f3re mo\u017cesz chcie\u0107 wiedzie\u0107 o Vapme Shisha Hookah 15000<\/strong><\/h2>\n<p>&nbsp;<\/p>\n<h3>Q 1. Ile przewidywanych puf\u00f3w mo\u017cna uzyska\u0107 z Vapme Shisha Hookah 15000 Puff?<\/h3>\n<p>A. Vapme Shisha Hookah 15000 oferuje imponuj\u0105ce 15 000 puf\u00f3w (w warunkach testowych), zapewniaj\u0105c d\u0142ugotrwa\u0142e u\u017cytkowanie i satysfakcj\u0119.<\/p>\n<h3>Q 2. Jak d\u0142ugo trwa bateria w Authentic Vapme Shisha Hookah 15000 Vape?<\/h3>\n<p>A: Authentic Vapme Shisha Hookah 15000<span style=\"font-size: 16px\">\u00a0<\/span>ma wbudowan\u0105 bateri\u0119 o pojemno\u015bci 850 mAh, co zapewnia d\u0142u\u017csze u\u017cytkowanie na jednym \u0142adowaniu. Jednak dok\u0142adna \u017cywotno\u015b\u0107 baterii zale\u017cy od indywidualnych wzorc\u00f3w u\u017cytkowania.<\/p>\n<h3>Q 3. Czy Vapme Shisha Hookah 15000 Original jest na\u0142adowywalny?<\/h3>\n<p><span style=\"font-size: 16px\">A: Tak, Vapme Shisha Hookah 15000 Original jest wyposa\u017cony w wymienn\u0105 bateri\u0119 o pojemno\u015bci 650 mAh, kt\u00f3r\u0105 mo\u017cna na\u0142adowa\u0107. Mo\u017cesz korzysta\u0107 z niego a\u017c do ostatniej kropli.<\/span><\/p>\n<h3>Q 4. Gdzie mog\u0119 uzyska\u0107 cen\u0119 hurtow\u0105 na Vapme Shisha Hookah 15000 na jednorazowego e-papierosa?<\/h3>\n<p>A: Vapme Shisha Hookah 15000<span style=\"font-size: 16px\">\u00a0<\/span>mo\u017cna naby\u0107 u autoryzowanych dystrybutor\u00f3w. W przypadku zapyta\u0144 hurtowych, dystrybutorzy mog\u0105 <a href=\"https:\/\/wa.me\/8617776015835\" target=\"_blank\" rel=\"noopener\">kontaktowa\u0107 si\u0119 z nami<\/a> bezpo\u015brednio. Klienci detaliczni mog\u0105 znale\u017a\u0107 produkt u wybranych sprzedawc\u00f3w detalicznych lub w sklepach internetowych.<\/p>\n<p>&nbsp;<\/p>\n<p>Znajd\u017a wi\u0119cej produkt\u00f3w Vape, kt\u00f3re mog\u0105 Ci si\u0119 spodoba\u0107:<em><a href=\"https:\/\/rmvapesale.com\/pl\/shop-2\/\">kup teraz\u00a0<\/a><\/em><\/p>\n<p>&nbsp;<\/p>\n<p>inne popularne produkty, kt\u00f3re mog\u0105 Ci si\u0119 spodoba\u0107:<\/p>\n<p><a href=\"https:\/\/rmvapesale.com\/pl\/product\/randm-vape-al-fakher-10000-puffs-vape-wholesale\/\">randm vape AI FAKHER 15k vape<\/a><\/p>\n<p><a href=\"https:\/\/rmvapesale.com\/pl\/product\/original-randm-tornado-9000-puffs-disposable-vape-factory-price\/\">RandM Tornado 9000<\/a><\/p>\n<p><a href=\"https:\/\/rmvapesale.com\/pl\/product\/vapme-crystal-7000-puffs-rechargeable-disposable-vape-price\/\">Vapme Crystal 7000 Zaci\u0105gni\u0119\u0107<\/a><\/p>","protected":false},"excerpt":{"rendered":"<p>Vapme Shisha Hookah 15000 Puffs Wymienny jednorazowy e-papieros w hurtowej cenie<\/p>\n<p>PUFF 15000 NAJLEPSZY smak w magazynie<\/p>\n<p>Vapme Shisha Hookah 15k Puffs 0% 2% Nikotyna<\/p>\n<p><strong>Skontaktuj si\u0119 z Amy, aby uzyska\u0107 wi\u0119cej rabatu i ni\u017csze MOQ Vape<\/strong><\/p>\n<p><img loading=\"lazy\" decoding=\"async\" class=\"size-medium wp-image-1814\" src=\"https:\/\/rmvapesale.com\/wp-content\/uploads\/2024\/04\/whatsapp-amy-229x300.jpg\" alt=\"whatsapp amy\" width=\"229\" height=\"300\" srcset=\"https:\/\/rmvapesale.com\/wp-content\/uploads\/2024\/04\/whatsapp-amy-229x300.jpg 229w, https:\/\/rmvapesale.com\/wp-content\/uploads\/2024\/04\/whatsapp-amy-783x1024.jpg 783w, https:\/\/rmvapesale.com\/wp-content\/uploads\/2024\/04\/whatsapp-amy-768x1005.jpg 768w, https:\/\/rmvapesale.com\/wp-content\/uploads\/2024\/04\/whatsapp-amy-600x785.jpg 600w, https:\/\/rmvapesale.com\/wp-content\/uploads\/2024\/04\/whatsapp-amy.jpg 990w\" sizes=\"auto, (max-width: 229px) 100vw, 229px\" \/><\/p>\n<h3><span style=\"color: #ff0000\"><strong>WhatsApp: +86 17776015835<\/strong><\/span><\/h3>","protected":false},"featured_media":2000,"comment_status":"open","ping_status":"closed","template":"","meta":{"_uag_custom_page_level_css":"","_lmt_disableupdate":"no","_lmt_disable":"","site-sidebar-layout":"default","site-content-layout":"content-boxed-container","ast-site-content-layout":"normal-width-container","site-content-style":"boxed","site-sidebar-style":"unboxed","ast-global-header-display":"","ast-banner-title-visibility":"","ast-main-header-display":"","ast-hfb-above-header-display":"","ast-hfb-below-header-display":"","ast-hfb-mobile-header-display":"","site-post-title":"","ast-breadcrumbs-content":"","ast-featured-img":"","footer-sml-layout":"","theme-transparent-header-meta":"default","adv-header-id-meta":"","stick-header-meta":"","header-above-stick-meta":"","header-main-stick-meta":"","header-below-stick-meta":"","astra-migrate-meta-layouts":"set","ast-page-background-enabled":"default","ast-page-background-meta":{"desktop":{"background-color":"var(--ast-global-color-4)","background-image":"","background-repeat":"repeat","background-position":"center center","background-size":"auto","background-attachment":"scroll","background-type":"","background-media":"","overlay-type":"","overlay-color":"","overlay-opacity":"","overlay-gradient":""},"tablet":{"background-color":"","background-image":"","background-repeat":"repeat","background-position":"center center","background-size":"auto","background-attachment":"scroll","background-type":"","background-media":"","overlay-type":"","overlay-color":"","overlay-opacity":"","overlay-gradient":""},"mobile":{"background-color":"","background-image":"","background-repeat":"repeat","background-position":"center center","background-size":"auto","background-attachment":"scroll","background-type":"","background-media":"","overlay-type":"","overlay-color":"","overlay-opacity":"","overlay-gradient":""}},"ast-content-background-meta":{"desktop":{"background-color":"var(--ast-global-color-5)","background-image":"","background-repeat":"repeat","background-position":"center center","background-size":"auto","background-attachment":"scroll","background-type":"","background-media":"","overlay-type":"","overlay-color":"","overlay-opacity":"","overlay-gradient":""},"tablet":{"background-color":"var(--ast-global-color-5)","background-image":"","background-repeat":"repeat","background-position":"center center","background-size":"auto","background-attachment":"scroll","background-type":"","background-media":"","overlay-type":"","overlay-color":"","overlay-opacity":"","overlay-gradient":""},"mobile":{"background-color":"var(--ast-global-color-5)","background-image":"","background-repeat":"repeat","background-position":"center center","background-size":"auto","background-attachment":"scroll","background-type":"","background-media":"","overlay-type":"","overlay-color":"","overlay-opacity":"","overlay-gradient":""}},"_joinchat":[]},"product_brand":[],"product_cat":[25,292,293,296,299,281,123,26,28,135,27,61,137,136,15,30],"product_tag":[56,57,40,41,62,54,53,37],"class_list":{"0":"post-1995","1":"product","2":"type-product","3":"status-publish","4":"has-post-thumbnail","6":"product_cat-germany-best-selling-vape","7":"product_cat-digital-disposable-vapes","8":"product_cat-low-nicotine-disposable-vapes","9":"product_cat-shisha-hookah-disposable-vapes","10":"product_cat-smart-screen-disposable-vapes","11":"product_cat-vapme-vape","12":"product_cat-italy-wholesale-vape","13":"product_cat-netherlands-hot-sale-vape","14":"product_cat-poland-hot-sale-vape","15":"product_cat-spain-best-hot-sale-vape","16":"product_cat-fance-hot-sale-vape","17":"product_cat-15000-puffs-disposable-vapes","18":"product_cat-rechargeable-vapes","19":"product_cat-smart-screen-vapes","20":"product_cat-new-vape-this-week","21":"product_cat-minimum-order-quantity-50pcs","22":"product_tag-disposable-vape-wholesale-near-me","23":"product_tag-disposable-vape-wholesale-supplier","24":"product_tag-hot-sale-vape","25":"product_tag-original-factory-vape","26":"product_tag-puff-15000","27":"product_tag-rechargeable-disposable-vape","28":"product_tag-vapme-vape","29":"product_tag-wholesale-vape-price","30":"desktop-align-left","31":"tablet-align-left","32":"mobile-align-left","34":"first","35":"instock","36":"sale","37":"shipping-taxable","38":"purchasable","39":"product-type-simple"},"uagb_featured_image_src":{"full":["https:\/\/rmvapesale.com\/wp-content\/uploads\/2024\/09\/Vapme-Shisha-Hookah-15000.jpg",788,788,false],"thumbnail":["https:\/\/rmvapesale.com\/wp-content\/uploads\/2024\/09\/Vapme-Shisha-Hookah-15000-150x150.jpg",150,150,true],"medium":["https:\/\/rmvapesale.com\/wp-content\/uploads\/2024\/09\/Vapme-Shisha-Hookah-15000-300x300.jpg",300,300,true],"medium_large":["https:\/\/rmvapesale.com\/wp-content\/uploads\/2024\/09\/Vapme-Shisha-Hookah-15000-768x768.jpg",768,768,true],"large":["https:\/\/rmvapesale.com\/wp-content\/uploads\/2024\/09\/Vapme-Shisha-Hookah-15000.jpg",788,788,false],"1536x1536":["https:\/\/rmvapesale.com\/wp-content\/uploads\/2024\/09\/Vapme-Shisha-Hookah-15000.jpg",788,788,false],"2048x2048":["https:\/\/rmvapesale.com\/wp-content\/uploads\/2024\/09\/Vapme-Shisha-Hookah-15000.jpg",788,788,false],"trp-custom-language-flag":["https:\/\/rmvapesale.com\/wp-content\/uploads\/2024\/09\/Vapme-Shisha-Hookah-15000.jpg",12,12,false],"woocommerce_thumbnail":["https:\/\/rmvapesale.com\/wp-content\/uploads\/2024\/09\/Vapme-Shisha-Hookah-15000-300x300.jpg",300,300,true],"woocommerce_single":["https:\/\/rmvapesale.com\/wp-content\/uploads\/2024\/09\/Vapme-Shisha-Hookah-15000-600x600.jpg",600,600,true],"woocommerce_gallery_thumbnail":["https:\/\/rmvapesale.com\/wp-content\/uploads\/2024\/09\/Vapme-Shisha-Hookah-15000-100x100.jpg",100,100,true],"wcpr-photo-reviews":["https:\/\/rmvapesale.com\/wp-content\/uploads\/2024\/09\/Vapme-Shisha-Hookah-15000.jpg",500,500,false]},"uagb_author_info":{"display_name":"AMY","author_link":"https:\/\/rmvapesale.com\/pl\/author\/"},"uagb_comment_info":0,"uagb_excerpt":"Vapme Shisha Hookah 15000 Puffs Rechargeable Disposable Vape Bulk Buy Price PUFF 15000 VAPME SHISHA HOOKAH Best Flavor in Stock Vapme Shisha Hookah 15k Puffs 0% 2% Nicotine Contact Amy For More Discount And Lower MOQ Vape WhatsApp: +86 17776015835","_links":{"self":[{"href":"https:\/\/rmvapesale.com\/pl\/wp-json\/wp\/v2\/product\/1995","targetHints":{"allow":["GET"]}}],"collection":[{"href":"https:\/\/rmvapesale.com\/pl\/wp-json\/wp\/v2\/product"}],"about":[{"href":"https:\/\/rmvapesale.com\/pl\/wp-json\/wp\/v2\/types\/product"}],"replies":[{"embeddable":true,"href":"https:\/\/rmvapesale.com\/pl\/wp-json\/wp\/v2\/comments?post=1995"}],"wp:featuredmedia":[{"embeddable":true,"href":"https:\/\/rmvapesale.com\/pl\/wp-json\/wp\/v2\/media\/2000"}],"wp:attachment":[{"href":"https:\/\/rmvapesale.com\/pl\/wp-json\/wp\/v2\/media?parent=1995"}],"wp:term":[{"taxonomy":"product_brand","embeddable":true,"href":"https:\/\/rmvapesale.com\/pl\/wp-json\/wp\/v2\/product_brand?post=1995"},{"taxonomy":"product_cat","embeddable":true,"href":"https:\/\/rmvapesale.com\/pl\/wp-json\/wp\/v2\/product_cat?post=1995"},{"taxonomy":"product_tag","embeddable":true,"href":"https:\/\/rmvapesale.com\/pl\/wp-json\/wp\/v2\/product_tag?post=1995"}],"curies":[{"name":"wp","href":"https:\/\/api.w.org\/{rel}","templated":true}]}}