{"id":2014,"date":"2024-09-18T06:36:53","date_gmt":"2024-09-18T06:36:53","guid":{"rendered":"https:\/\/rmvapesale.com\/?post_type=product&#038;p=2014"},"modified":"2025-01-20T03:55:22","modified_gmt":"2025-01-20T03:55:22","slug":"waspe-digital-box-12000-puffs-wholesale-disposable-vape","status":"publish","type":"product","link":"https:\/\/rmvapesale.com\/pl\/product\/waspe-digital-box-12000-puffs-wholesale-disposable-vape\/","title":{"rendered":"Waspe Digital Box 12000 zaci\u0105gni\u0119\u0107 Hurtowa jednorazowa e-papieros"},"content":{"rendered":"<h1>Waspe Digital Box 12000 zaci\u0105gni\u0119\u0107 Hurtowa jednorazowa e-papieros<\/h1>\n<p>Waspe Digital Box 12000 Puffs Disposable Vape wyr\u00f3\u017cnia si\u0119 jako doskona\u0142y wyb\u00f3r na rynku jednorazowych vape, idealny dla os\u00f3b poszukuj\u0105cych d\u0142ugotrwa\u0142ej wydajno\u015bci bez k\u0142opot\u00f3w z konserwacj\u0105 lub uzupe\u0142nianiem. Ka\u017cde urz\u0105dzenie zapewnia do 12 000 zaci\u0105gni\u0119\u0107, zapewniaj\u0105c wyj\u0105tkow\u0105 wygod\u0119 i warto\u015b\u0107. Ten Waspe Digital Box 12000 oferuje 10 smak\u00f3w do wyboru, co pozwala waperom odkrywa\u0107 r\u00f3\u017cnorodn\u0105 gam\u0119 smak\u00f3w, ciesz\u0105c si\u0119 wyd\u0142u\u017con\u0105 \u017cywotno\u015bci\u0105 ka\u017cdego vape. Niezale\u017cnie od tego, czy jeste\u015b do\u015bwiadczonym waperem, czy pocz\u0105tkuj\u0105cym, Waspe 12000 jest idealny dla ka\u017cdego, kto ceni przeno\u015bno\u015b\u0107 i prostot\u0119. Skontaktuj si\u0119 z nami, aby uzyska\u0107 cen\u0119 hurtow\u0105 oryginalnego fabrycznego Waspe Digital Box 12000 puffs!<\/p>\n<p>&nbsp;<\/p>\n<p><strong>Skontaktuj si\u0119 z Amy, aby uzyska\u0107 w\u0142a\u015bciw\u0105 odpowied\u017a i wi\u0119cej film\u00f3w o produkcie!<\/strong><\/p>\n<figure id=\"attachment_1978\" aria-describedby=\"caption-attachment-1978\" style=\"width: 229px\" class=\"wp-caption alignnone\"><img loading=\"lazy\" decoding=\"async\" class=\"size-full wp-image-1978\" src=\"https:\/\/rmvapesale.com\/wp-content\/uploads\/2024\/09\/Disposable-Vape-Wholesale.jpg\" alt=\"Hurtownia Jednorazowych E-papieros\u00f3w\" width=\"229\" height=\"300\" \/><figcaption id=\"caption-attachment-1978\" class=\"wp-caption-text\">Hurtownia Jednorazowych E-papieros\u00f3w<\/figcaption><\/figure>\n<h3><span style=\"color: #ff0000\"><strong>WhatsApp: +86 17776015835<\/strong><\/span><\/h3>\n<p>&nbsp;<\/p>\n<h2><strong>\u00a0Waspe Digital Box 12000 Puffs Kluczowe cechy<\/strong><\/h2>\n<p>Nikotyna: 2%\/5%<br \/>\nZaci\u0105gni\u0119cia: 12000<br \/>\nPojemno\u015b\u0107: 20ml<br \/>\nDost\u0119pnych 10 smak\u00f3w<br \/>\nWy\u015bwietlacz LCD<br \/>\nProtok\u00f3\u0142 Type-C<br \/>\nAkumulator 650 mAh<\/p>\n<h2><strong>Najlepszy smak dla Waspe Digital Box 12000<\/strong><\/h2>\n<p>Waspe Digital 12000 Puffs Disposable Box oferuje 12 profesjonalnie opracowanych smak\u00f3w, z kt\u00f3rych ka\u017cdy zosta\u0142 zaprojektowany tak, aby zapewni\u0107 wyj\u0105tkowe i satysfakcjonuj\u0105ce doznania smakowe, z pewno\u015bci\u0105 znajdziesz co\u015b dla siebie!<\/p>\n<p>1 arbuzowy l\u00f3d<span style=\"color: #ff0000\"><strong>&gt;&gt;&gt;&gt;Gor\u0105ce!<\/strong><\/span><br \/>\n2 niebieski malinowy l\u00f3d<br \/>\n3 winogronowy l\u00f3d<br \/>\n4 truskawkowy arbuz<br \/>\n5 mieszane jagody<span style=\"color: #ff0000\"><strong>&gt;&gt;&gt;&gt;Gor\u0105ce!<\/strong><\/span><br \/>\n6 truskawkowe p\u0105czki<br \/>\n7 jagodowa malina<span style=\"color: #ff0000\"><strong>&gt;&gt;&gt;&gt;Najlepsze!<\/strong><\/span><br \/>\n8 Truskawka Malina Wi\u015bnia<br \/>\n9 arbuz mango brzoskwinia<br \/>\n10 czerwone wino sok gruszkowy<\/p>\n<p><img loading=\"lazy\" decoding=\"async\" class=\"alignnone wp-image-2018 size-full\" src=\"https:\/\/rmvapesale.com\/wp-content\/uploads\/2024\/09\/WASPE-12000-Puffs-Digital-Box-Flavor.jpg\" alt=\"\" width=\"800\" height=\"800\" srcset=\"https:\/\/rmvapesale.com\/wp-content\/uploads\/2024\/09\/WASPE-12000-Puffs-Digital-Box-Flavor.jpg 800w, https:\/\/rmvapesale.com\/wp-content\/uploads\/2024\/09\/WASPE-12000-Puffs-Digital-Box-Flavor-300x300.jpg 300w, https:\/\/rmvapesale.com\/wp-content\/uploads\/2024\/09\/WASPE-12000-Puffs-Digital-Box-Flavor-150x150.jpg 150w, https:\/\/rmvapesale.com\/wp-content\/uploads\/2024\/09\/WASPE-12000-Puffs-Digital-Box-Flavor-768x768.jpg 768w, https:\/\/rmvapesale.com\/wp-content\/uploads\/2024\/09\/WASPE-12000-Puffs-Digital-Box-Flavor-600x600.jpg 600w, https:\/\/rmvapesale.com\/wp-content\/uploads\/2024\/09\/WASPE-12000-Puffs-Digital-Box-Flavor-100x100.jpg 100w\" sizes=\"auto, (max-width: 800px) 100vw, 800px\" \/><\/p>\n<h2><strong>Pytania, kt\u00f3re warto zna\u0107 o Waspe 12K Digital Box<\/strong><\/h2>\n<p>&nbsp;<\/p>\n<p><strong>1. Ile zaci\u0105gni\u0119\u0107 mog\u0119 si\u0119 spodziewa\u0107 po jednorazowym vape Waspe 12K Digital Box?<\/strong><\/p>\n<p>Waspe 12K Digital Box oferuje do 12 000 zaci\u0105gni\u0119\u0107, co czyni go jednym z najd\u0142u\u017cej dzia\u0142aj\u0105cych jednorazowych vape dost\u0119pnych na rynku.<\/p>\n<p><strong>2. Czy mog\u0119 na\u0142adowa\u0107 Waspe 12K Digital Box?<\/strong><\/p>\n<p>Tak, Waspe 12K Digital Box posiada akumulator. Mo\u017cesz go wygodnie \u0142adowa\u0107 za pomoc\u0105 kabla USB-C, aby zmaksymalizowa\u0107 jego u\u017cycie.<\/p>\n<p><strong>3. Jak\u0105 moc nikotyny oferuje Waspe 12K Digital Box?<\/strong><\/p>\n<p>Waspe 12K Digital Box zazwyczaj oferuje 20mg i 50mg e-liquidu z sol\u0105 nikotynow\u0105, zapewniaj\u0105c p\u0142ynne i satysfakcjonuj\u0105ce wra\u017cenia z vapingu.<\/p>\n<p>&nbsp;<\/p>\n<h3><b>FAQ<\/b><\/h3>\n<p>&nbsp;<\/p>\n<div class=\"flex-shrink-0 flex flex-col relative items-end\">\n<div>\n<div class=\"pt-0\">\n<div class=\"gizmo-bot-avatar flex h-8 w-8 items-center justify-center overflow-hidden rounded-full\">\n<div class=\"relative p-1 rounded-sm flex items-center justify-center bg-token-main-surface-primary text-token-text-primary h-8 w-8\"><strong>Jakie metody wysy\u0142ki s\u0105 u\u017cywane?<\/strong><\/div>\n<\/div>\n<\/div>\n<\/div>\n<\/div>\n<div class=\"group\/conversation-turn relative flex w-full min-w-0 flex-col agent-turn\">\n<div class=\"flex-col gap-1 md:gap-3\">\n<div class=\"flex max-w-full flex-col flex-grow\">\n<div class=\"min-h-[20px] text-message flex w-full flex-col items-end gap-2 whitespace-normal break-words [.text-message+&amp;]:mt-5 overflow-x-auto\" dir=\"auto\" data-message-author-role=\"assistant\" data-message-id=\"22f8283b-3233-46ff-89a5-c7a41b33abda\">\n<div class=\"flex w-full flex-col gap-1 empty:hidden first:pt-[3px]\">\n<div class=\"markdown prose w-full break-words dark:prose-invert light\">\n<p>Wsp\u00f3\u0142pracujemy z UPS, DHL, FedEx, DPD i innymi wiod\u0105cymi przewo\u017anikami. Wybierzemy najlepsz\u0105 metod\u0119 wysy\u0142ki w oparciu o Twoj\u0105 lokalizacj\u0119, aby zapewni\u0107, \u017ce otrzymasz swoje produkty tak szybko, jak to mo\u017cliwe.<\/p>\n<\/div>\n<p><strong>Jak d\u0142ugo trwa dostawa?<\/strong><\/p>\n<p>Paczki wysy\u0142ane do Polski zazwyczaj docieraj\u0105 w ci\u0105gu 10 dni roboczych. Wysy\u0142ka do innych kraj\u00f3w europejskich trwa zwykle oko\u0142o 12-15 dni roboczych. B\u0119dziemy dostarcza\u0107 aktualizacje w czasie rzeczywistym na temat statusu Twojej przesy\u0142ki.<\/p>\n<\/div>\n<p><strong>Gwarancja<\/strong><\/p>\n<p>Wszystkie produkty w naszym sklepie s\u0105 w 100% oryginalne i autentyczne. Oferujemy 10-krotn\u0105 rekompensat\u0119 za podrobione towary!<\/p>\n<div class=\"flex w-full flex-col gap-1 empty:hidden first:pt-[3px]\">\n<p>&nbsp;<\/p>\n<\/div>\n<\/div>\n<\/div>\n<\/div>\n<\/div>\n<p>Znajd\u017a wi\u0119cej produkt\u00f3w Vape, kt\u00f3re mog\u0105 Ci si\u0119 spodoba\u0107:<strong><em><a href=\"https:\/\/rmvapesale.com\/pl\/shop-2\/\">kup teraz &gt;&gt;&gt;<\/a><\/em><\/strong><\/p>\n<p>inne popularne produkty, kt\u00f3re mog\u0105 Ci si\u0119 spodoba\u0107:<\/p>\n<p><strong><a href=\"https:\/\/rmvapesale.com\/pl\/product\/bang-digital-box-15000-puffs-original-factory-wholesale\/\">Bang Digital Box 15000 Zaci\u0105gni\u0119\u0107<\/a><\/strong><\/p>\n<p><a href=\"https:\/\/rmvapesale.com\/pl\/product\/waspe-tornado-15000-puffs-original-factory-price\/\"><strong>Waspe Tornado 15000 zaci\u0105gni\u0119\u0107<\/strong><\/a><\/p>\n<p><a href=\"https:\/\/rmvapesale.com\/pl\/product\/randm-tornado-15000-puffs-vape-wholesale\/\"><strong>RandM Tornado 15000 Zaci\u0105gni\u0119\u0107<\/strong><\/a><\/p>\n<p>&nbsp;<\/p>","protected":false},"excerpt":{"rendered":"<p>WASPE Digital Box 12000 Puffs Oryginalna Edycja Jednorazowy Vape<\/p>\n<p>Oryginalna Hurtownia Waspe 12k Puffs Digital Box<\/p>\n<p>WASPE 12000 PUFFS Digital Box 2% 5% Nikotyna<\/p>\n<p><strong>Skontaktuj si\u0119 z Amy, aby uzyska\u0107 wi\u0119cej rabatu i ni\u017csze MOQ Vape<\/strong><\/p>\n<p><img loading=\"lazy\" decoding=\"async\" class=\"size-full wp-image-1978\" src=\"https:\/\/rmvapesale.com\/wp-content\/uploads\/2024\/09\/Disposable-Vape-Wholesale.jpg\" alt=\"Hurtownia Jednorazowych E-papieros\u00f3w\" width=\"229\" height=\"300\" \/><\/p>\n<h3><span style=\"color: #ff0000\"><strong>WhatsApp: +86 17776015835<\/strong><\/span><\/h3>","protected":false},"featured_media":2016,"comment_status":"open","ping_status":"closed","template":"","meta":{"_uag_custom_page_level_css":"","_lmt_disableupdate":"no","_lmt_disable":"","site-sidebar-layout":"default","site-content-layout":"content-boxed-container","ast-site-content-layout":"normal-width-container","site-content-style":"boxed","site-sidebar-style":"unboxed","ast-global-header-display":"","ast-banner-title-visibility":"","ast-main-header-display":"","ast-hfb-above-header-display":"","ast-hfb-below-header-display":"","ast-hfb-mobile-header-display":"","site-post-title":"","ast-breadcrumbs-content":"","ast-featured-img":"","footer-sml-layout":"","theme-transparent-header-meta":"default","adv-header-id-meta":"","stick-header-meta":"","header-above-stick-meta":"","header-main-stick-meta":"","header-below-stick-meta":"","astra-migrate-meta-layouts":"set","ast-page-background-enabled":"default","ast-page-background-meta":{"desktop":{"background-color":"var(--ast-global-color-4)","background-image":"","background-repeat":"repeat","background-position":"center center","background-size":"auto","background-attachment":"scroll","background-type":"","background-media":"","overlay-type":"","overlay-color":"","overlay-opacity":"","overlay-gradient":""},"tablet":{"background-color":"","background-image":"","background-repeat":"repeat","background-position":"center center","background-size":"auto","background-attachment":"scroll","background-type":"","background-media":"","overlay-type":"","overlay-color":"","overlay-opacity":"","overlay-gradient":""},"mobile":{"background-color":"","background-image":"","background-repeat":"repeat","background-position":"center center","background-size":"auto","background-attachment":"scroll","background-type":"","background-media":"","overlay-type":"","overlay-color":"","overlay-opacity":"","overlay-gradient":""}},"ast-content-background-meta":{"desktop":{"background-color":"var(--ast-global-color-5)","background-image":"","background-repeat":"repeat","background-position":"center center","background-size":"auto","background-attachment":"scroll","background-type":"","background-media":"","overlay-type":"","overlay-color":"","overlay-opacity":"","overlay-gradient":""},"tablet":{"background-color":"var(--ast-global-color-5)","background-image":"","background-repeat":"repeat","background-position":"center center","background-size":"auto","background-attachment":"scroll","background-type":"","background-media":"","overlay-type":"","overlay-color":"","overlay-opacity":"","overlay-gradient":""},"mobile":{"background-color":"var(--ast-global-color-5)","background-image":"","background-repeat":"repeat","background-position":"center center","background-size":"auto","background-attachment":"scroll","background-type":"","background-media":"","overlay-type":"","overlay-color":"","overlay-opacity":"","overlay-gradient":""}},"_joinchat":[]},"product_brand":[],"product_cat":[15,292,293,295,299,274,254,25,123,26,28,135,27,137,136,30],"product_tag":[56,57,58,40,37],"class_list":{"0":"post-2014","1":"product","2":"type-product","3":"status-publish","4":"has-post-thumbnail","6":"product_cat-new-vape-this-week","7":"product_cat-digital-disposable-vapes","8":"product_cat-low-nicotine-disposable-vapes","9":"product_cat-rechargeable-disposable-vapes","10":"product_cat-smart-screen-disposable-vapes","11":"product_cat-waspe-fihp-vape","12":"product_cat-12000-puff-disposable-vape","13":"product_cat-germany-best-selling-vape","14":"product_cat-italy-wholesale-vape","15":"product_cat-netherlands-hot-sale-vape","16":"product_cat-poland-hot-sale-vape","17":"product_cat-spain-best-hot-sale-vape","18":"product_cat-fance-hot-sale-vape","19":"product_cat-rechargeable-vapes","20":"product_cat-smart-screen-vapes","21":"product_cat-minimum-order-quantity-50pcs","22":"product_tag-disposable-vape-wholesale-near-me","23":"product_tag-disposable-vape-wholesale-supplier","24":"product_tag-electric-cigarettes","25":"product_tag-hot-sale-vape","26":"product_tag-wholesale-vape-price","27":"desktop-align-left","28":"tablet-align-left","29":"mobile-align-left","31":"first","32":"instock","33":"sale","34":"shipping-taxable","35":"purchasable","36":"product-type-simple"},"uagb_featured_image_src":{"full":["https:\/\/rmvapesale.com\/wp-content\/uploads\/2024\/09\/Original-Waspe-Digital-Box-12000-Puffs.png",800,800,false],"thumbnail":["https:\/\/rmvapesale.com\/wp-content\/uploads\/2024\/09\/Original-Waspe-Digital-Box-12000-Puffs-150x150.png",150,150,true],"medium":["https:\/\/rmvapesale.com\/wp-content\/uploads\/2024\/09\/Original-Waspe-Digital-Box-12000-Puffs-300x300.png",300,300,true],"medium_large":["https:\/\/rmvapesale.com\/wp-content\/uploads\/2024\/09\/Original-Waspe-Digital-Box-12000-Puffs-768x768.png",768,768,true],"large":["https:\/\/rmvapesale.com\/wp-content\/uploads\/2024\/09\/Original-Waspe-Digital-Box-12000-Puffs.png",800,800,false],"1536x1536":["https:\/\/rmvapesale.com\/wp-content\/uploads\/2024\/09\/Original-Waspe-Digital-Box-12000-Puffs.png",800,800,false],"2048x2048":["https:\/\/rmvapesale.com\/wp-content\/uploads\/2024\/09\/Original-Waspe-Digital-Box-12000-Puffs.png",800,800,false],"trp-custom-language-flag":["https:\/\/rmvapesale.com\/wp-content\/uploads\/2024\/09\/Original-Waspe-Digital-Box-12000-Puffs.png",12,12,false],"woocommerce_thumbnail":["https:\/\/rmvapesale.com\/wp-content\/uploads\/2024\/09\/Original-Waspe-Digital-Box-12000-Puffs-300x300.png",300,300,true],"woocommerce_single":["https:\/\/rmvapesale.com\/wp-content\/uploads\/2024\/09\/Original-Waspe-Digital-Box-12000-Puffs-600x600.png",600,600,true],"woocommerce_gallery_thumbnail":["https:\/\/rmvapesale.com\/wp-content\/uploads\/2024\/09\/Original-Waspe-Digital-Box-12000-Puffs-100x100.png",100,100,true],"wcpr-photo-reviews":["https:\/\/rmvapesale.com\/wp-content\/uploads\/2024\/09\/Original-Waspe-Digital-Box-12000-Puffs.png",500,500,false]},"uagb_author_info":{"display_name":"AMY","author_link":"https:\/\/rmvapesale.com\/pl\/author\/"},"uagb_comment_info":0,"uagb_excerpt":"WASPE Digital Box 12000 Puffs Original Edition Disposable Vape Original Wholesale Waspe 12k Puffs Digital Box WASPE 12000 PUFFS Digital Box 2% 5% Nicotine Contact Amy For More Discount And Lower MOQ Vape WhatsApp: +86 17776015835","_links":{"self":[{"href":"https:\/\/rmvapesale.com\/pl\/wp-json\/wp\/v2\/product\/2014","targetHints":{"allow":["GET"]}}],"collection":[{"href":"https:\/\/rmvapesale.com\/pl\/wp-json\/wp\/v2\/product"}],"about":[{"href":"https:\/\/rmvapesale.com\/pl\/wp-json\/wp\/v2\/types\/product"}],"replies":[{"embeddable":true,"href":"https:\/\/rmvapesale.com\/pl\/wp-json\/wp\/v2\/comments?post=2014"}],"wp:featuredmedia":[{"embeddable":true,"href":"https:\/\/rmvapesale.com\/pl\/wp-json\/wp\/v2\/media\/2016"}],"wp:attachment":[{"href":"https:\/\/rmvapesale.com\/pl\/wp-json\/wp\/v2\/media?parent=2014"}],"wp:term":[{"taxonomy":"product_brand","embeddable":true,"href":"https:\/\/rmvapesale.com\/pl\/wp-json\/wp\/v2\/product_brand?post=2014"},{"taxonomy":"product_cat","embeddable":true,"href":"https:\/\/rmvapesale.com\/pl\/wp-json\/wp\/v2\/product_cat?post=2014"},{"taxonomy":"product_tag","embeddable":true,"href":"https:\/\/rmvapesale.com\/pl\/wp-json\/wp\/v2\/product_tag?post=2014"}],"curies":[{"name":"wp","href":"https:\/\/api.w.org\/{rel}","templated":true}]}}