{"id":2085,"date":"2024-09-20T07:41:27","date_gmt":"2024-09-20T07:41:27","guid":{"rendered":"https:\/\/rmvapesale.com\/?post_type=product&#038;p=2085"},"modified":"2025-01-21T09:16:41","modified_gmt":"2025-01-21T09:16:41","slug":"bang-box-vape-15000-puffs-0-2-3-5-nicotine","status":"publish","type":"product","link":"https:\/\/rmvapesale.com\/pl\/product\/bang-box-vape-15000-puffs-0-2-3-5-nicotine\/","title":{"rendered":"Bang Box Vape 15000 Zaci\u0105gni\u0119\u0107 0% 2% 3% 5% Nikotyny"},"content":{"rendered":"<h1 class=\"LC20lb MBeuO DKV0Md\">Bang Box Vape 15000 Zaci\u0105gni\u0119\u0107 0% 2% 3% 5% Nikotyny<\/h1>\n<p>&nbsp;<\/p>\n<p><span style=\"font-size: 16px\">Bang Box 15000 to nowy jednorazowy vape wyposa\u017cony w inteligentny ekran LED, wy\u015bwietlaj\u0105cy poziom na\u0142adowania baterii. Do wyboru jest 12 opcji smakowych, dzi\u0119ki czemu mo\u017cesz cieszy\u0107 si\u0119 spersonalizowanym do\u015bwiadczeniem wapowania. Wy\u015bwietlacz urz\u0105dzenia pozwala monitorowa\u0107 poziom baterii i liquidu w czasie rzeczywistym, a port \u0142adowania Type-C na dole zapewnia, \u017ce mo\u017cesz \u0142atwo wykorzysta\u0107 zbiornik do ostatniej kropli.<\/span><\/p>\n<p>Kup Bang Box 15000 zaci\u0105gni\u0119\u0107 po cenach hurtowych ju\u017c teraz!<\/p>\n<p><strong>Skontaktuj si\u0119 z Amy, aby uzyska\u0107 szybk\u0105 odpowied\u017a i wi\u0119kszy rabat!<\/strong><\/p>\n<p><img loading=\"lazy\" decoding=\"async\" class=\"size-medium wp-image-1814\" src=\"https:\/\/rmvapesale.com\/wp-content\/uploads\/2024\/04\/whatsapp-amy-229x300.jpg\" alt=\"whatsapp amy\" width=\"229\" height=\"300\" srcset=\"https:\/\/rmvapesale.com\/wp-content\/uploads\/2024\/04\/whatsapp-amy-229x300.jpg 229w, https:\/\/rmvapesale.com\/wp-content\/uploads\/2024\/04\/whatsapp-amy-783x1024.jpg 783w, https:\/\/rmvapesale.com\/wp-content\/uploads\/2024\/04\/whatsapp-amy-768x1005.jpg 768w, https:\/\/rmvapesale.com\/wp-content\/uploads\/2024\/04\/whatsapp-amy-600x785.jpg 600w, https:\/\/rmvapesale.com\/wp-content\/uploads\/2024\/04\/whatsapp-amy.jpg 990w\" sizes=\"auto, (max-width: 229px) 100vw, 229px\" \/><\/p>\n<h3><span style=\"color: #ff0000\"><strong>WhatsApp: +86 17776015835<\/strong><\/span><\/h3>\n<p>&nbsp;<\/p>\n<h2><strong>Kluczowe cechy Vape Bang Box 15000 zaci\u0105gni\u0119\u0107<\/strong><\/h2>\n<p>&nbsp;<\/p>\n<p>Marka: Bang Vape<br \/>\nNikotyna: 0% 2% 3% 5%<br \/>\nZaci\u0105gni\u0119cia: 12000<br \/>\nPojemno\u015b\u0107: 20ml<br \/>\nDost\u0119pnych 12 smak\u00f3w<br \/>\nAkumulator 650 mAh<br \/>\nGrza\u0142ka siatkowa<br \/>\nTyp-C<\/p>\n<p>&nbsp;<\/p>\n<h2><strong>Jaki jest najlepszy smak dla Vape Bang Box 15k zaci\u0105gni\u0119\u0107<\/strong><strong>?<\/strong><\/h2>\n<p>Ten Vape Bang Box 15000 oferuje \u0142\u0105cznie 12 dost\u0119pnych smak\u00f3w, wybierz spo\u015br\u00f3d zachwycaj\u0105cej gamy, w tym Truskawka Banan, Wi\u015bnia Cola, Jagoda Malina, itd., i zanurz si\u0119 w \u015bwiecie smaku i satysfakcji.<\/p>\n<p>1. Strawberry Banana<br \/>\n2. Jagoda Truskawka<span style=\"color: #ff0000\"><strong>&gt;&gt;&gt;&gt;Gor\u0105ce!<\/strong><\/span><br \/>\n3. Strawberry Kiwi<br \/>\n4. Winogronowa Galaretka<br \/>\n5. Malina Kwa\u015bne Jab\u0142ko<span style=\"color: #ff0000\"><strong>&gt;&gt;&gt;&gt;Gor\u0105ce!<\/strong><\/span><br \/>\n6. Wi\u015bnia Cola<br \/>\n7. Strawberry Watermelon<br \/>\n8. Mango Na Lodzie<br \/>\n9. Truskawka Winogrono<br \/>\n10. Watermelon Ice<br \/>\n11.Bor\u00f3wka z Malin\u0105<span style=\"color: #ff0000\"><strong>&gt;&gt;&gt;&gt;Najlepsze!<\/strong><\/span><br \/>\n12. Mieszanka Jag\u00f3d<\/p>\n<p>&nbsp;<\/p>\n<p><img loading=\"lazy\" decoding=\"async\" class=\"size-medium wp-image-2080\" src=\"https:\/\/rmvapesale.com\/wp-content\/uploads\/2024\/09\/Bang-Box-Vape-15000-Puffs-300x300.png\" alt=\"Bang Box Vape 15000 Zaci\u0105gni\u0119\u0107\" width=\"300\" height=\"300\" srcset=\"https:\/\/rmvapesale.com\/wp-content\/uploads\/2024\/09\/Bang-Box-Vape-15000-Puffs-300x300.png 300w, https:\/\/rmvapesale.com\/wp-content\/uploads\/2024\/09\/Bang-Box-Vape-15000-Puffs-150x150.png 150w, https:\/\/rmvapesale.com\/wp-content\/uploads\/2024\/09\/Bang-Box-Vape-15000-Puffs-768x768.png 768w, https:\/\/rmvapesale.com\/wp-content\/uploads\/2024\/09\/Bang-Box-Vape-15000-Puffs-600x600.png 600w, https:\/\/rmvapesale.com\/wp-content\/uploads\/2024\/09\/Bang-Box-Vape-15000-Puffs-100x100.png 100w, https:\/\/rmvapesale.com\/wp-content\/uploads\/2024\/09\/Bang-Box-Vape-15000-Puffs.png 788w\" sizes=\"auto, (max-width: 300px) 100vw, 300px\" \/><\/p>\n<p>&nbsp;<\/p>\n<h2><strong>Pytania, kt\u00f3re mo\u017cesz chcie\u0107 wiedzie\u0107 o Vape Bang Box 15000 zaci\u0105gni\u0119\u0107<\/strong><\/h2>\n<p>&nbsp;<\/p>\n<p><strong>1. Ile zaci\u0105gni\u0119\u0107 mog\u0119 oczekiwa\u0107 od Vape Bang Box 15000 zaci\u0105gni\u0119\u0107?<\/strong><\/p>\n<p>Vape Bang Box 15k zaci\u0105gni\u0119\u0107 mo\u017ce pochwali\u0107 si\u0119 imponuj\u0105c\u0105 liczb\u0105 15000 zaci\u0105gni\u0119\u0107 (w \u015brodowisku testowym), zapewniaj\u0105c wyd\u0142u\u017cone u\u017cytkowanie i trwa\u0142\u0105 satysfakcj\u0119.<\/p>\n<p><strong>2. Jak\u0105 moc nikotyny oferuje Bang Box Vape 15k Puffs?<\/strong><\/p>\n<p>Vape Bang Box Vape 15k jest wst\u0119pnie nape\u0142niony 25ml e-liquidu o mocy nikotyny 0%, 2%, 3% i 5%, oferuj\u0105c zr\u00f3wnowa\u017cone wra\u017cenia z wapowania.<\/p>\n<p><strong>3. W jaki spos\u00f3b technologia Mesh Coil poprawia wra\u017cenia z vapingu?<\/strong><\/p>\n<p>Technologia Mesh Coil zintegrowana z Vape Bang Vape 12000 Puffs charakteryzuje si\u0119 nisk\u0105 rezystancj\u0105 cewki 1,0ohm. Ta konstrukcja maksymalizuje powierzchni\u0119 grzewcz\u0105, co skutkuje p\u0142ynniejszymi zaci\u0105gni\u0119ciami i zwi\u0119kszon\u0105 produkcj\u0105 pary. Technologia gwarantuje r\u00f3wnomierne i sta\u0142e podgrzewanie e-liquidu, zapewniaj\u0105c doskona\u0142e doznania smakowe.<\/p>\n<p><strong>4. Gdzie mog\u0119 kupi\u0107 oryginalny Bang King Vape 20000 Puffs?<\/strong><\/p>\n<p>Oryginalny Bang Box Vape 15k jest dost\u0119pny w sprzeda\u017cy u autoryzowanych dystrybutor\u00f3w. W przypadku zapyta\u0144 hurtowych, dystrybutorzy mog\u0105 <a href=\"https:\/\/wa.me\/8617776015835\" target=\"_blank\" rel=\"noopener\">kontaktowa\u0107 si\u0119 z nami<\/a> bezpo\u015brednio. Klienci detaliczni mog\u0105 znale\u017a\u0107 produkt w wybranych sklepach detalicznych lub sklepach internetowych. Wszystkie produkty w naszym sklepie s\u0105 w 100% oryginalne i autentyczne, dziesi\u0119ciokrotna rekompensata za podrobione towary to nasza polityka sklepu.<\/p>\n<p>&nbsp;<\/p>\n<h2><b>FAQ<\/b><\/h2>\n<div class=\"flex-shrink-0 flex flex-col relative items-end\">\n<div>\n<div class=\"pt-0\">\n<div class=\"gizmo-bot-avatar flex h-8 w-8 items-center justify-center overflow-hidden rounded-full\">\n<div><\/div>\n<div class=\"relative p-1 rounded-sm flex items-center justify-center bg-token-main-surface-primary text-token-text-primary h-8 w-8\"><strong>Jakie metody wysy\u0142ki s\u0105 u\u017cywane?<\/strong><\/div>\n<\/div>\n<\/div>\n<\/div>\n<\/div>\n<div class=\"group\/conversation-turn relative flex w-full min-w-0 flex-col agent-turn\">\n<div class=\"flex-col gap-1 md:gap-3\">\n<div class=\"flex max-w-full flex-col flex-grow\">\n<div class=\"min-h-[20px] text-message flex w-full flex-col items-end gap-2 whitespace-normal break-words [.text-message+&amp;]:mt-5 overflow-x-auto\" dir=\"auto\" data-message-author-role=\"assistant\" data-message-id=\"22f8283b-3233-46ff-89a5-c7a41b33abda\">\n<div class=\"flex w-full flex-col gap-1 empty:hidden first:pt-[3px]\">\n<div class=\"markdown prose w-full break-words dark:prose-invert light\">\n<p>Wsp\u00f3\u0142pracujemy z UPS, DHL, FedEx, DPD i innymi wiod\u0105cymi przewo\u017anikami. Wybierzemy najlepsz\u0105 metod\u0119 wysy\u0142ki w oparciu o Twoj\u0105 lokalizacj\u0119, aby zapewni\u0107, \u017ce otrzymasz swoje produkty tak szybko, jak to mo\u017cliwe.<\/p>\n<\/div>\n<p><strong>Jak d\u0142ugo trwa dostawa?<\/strong><\/p>\n<p>Do Polski zwykle dociera w ci\u0105gu 10 dni roboczych.<\/p>\n<p>Do kraj\u00f3w europejskich zazwyczaj zajmuje to oko\u0142o 12-15 dni roboczych.<\/p>\n<p>B\u0119dziemy dostarcza\u0107 aktualizacje na temat statusu Twojej przesy\u0142ki w czasie rzeczywistym.<\/p>\n<\/div>\n<\/div>\n<\/div>\n<\/div>\n<\/div>\n<p>&nbsp;<\/p>\n<p>inne popularne produkty, kt\u00f3re mog\u0105 Ci si\u0119 spodoba\u0107:<\/p>\n<p><a href=\"https:\/\/rmvapesale.com\/pl\/product\/bang-20000-puffs-disposable-vape-wholesale-supplier\/\">Bang Vape 20000 Puffs<\/a><\/p>\n<p><a href=\"https:\/\/rmvapesale.com\/pl\/product\/randm-tornado-7000-puffs-original-cheap-price-vapes-fumot-factory\/\">RandM Tornado 7ooo Puffs<\/a><\/p>\n<p><a href=\"https:\/\/rmvapesale.com\/pl\/product\/bang-vape-tornado-12000-puffs-disposable-pod-factory-price\/\">BANG Tornado 12000 Puffs<\/a><\/p>\n<p>&nbsp;<\/p>\n<p>&nbsp;<\/p>\n<p>Znajd\u017a wi\u0119cej produkt\u00f3w Vape, kt\u00f3re mog\u0105 Ci si\u0119 spodoba\u0107:<em><a href=\"https:\/\/rmvapesale.com\/pl\/shop-2\/\">kup teraz\u00a0<\/a><\/em><\/p>","protected":false},"excerpt":{"rendered":"<p>Vape Bang Box 15000 zaci\u0105gni\u0119\u0107 Jednorazowy hurt<br \/>\nBang Box 15000 zaci\u0105gni\u0119\u0107 Jednorazowe e-papierosy Vape<br \/>\nBang Box 15000 zaci\u0105gni\u0119\u0107 Inteligentny Ekran Akumulatorowy Vape Najlepszy Smak<\/p>\n<p><strong>Skontaktuj si\u0119 z Amy, aby uzyska\u0107 wi\u0119cej rabatu i ni\u017csze MOQ Vape<\/strong><\/p>\n<p><img loading=\"lazy\" decoding=\"async\" class=\"size-medium wp-image-1814\" src=\"https:\/\/rmvapesale.com\/wp-content\/uploads\/2024\/04\/whatsapp-amy-229x300.jpg\" alt=\"whatsapp amy\" width=\"229\" height=\"300\" srcset=\"https:\/\/rmvapesale.com\/wp-content\/uploads\/2024\/04\/whatsapp-amy-229x300.jpg 229w, https:\/\/rmvapesale.com\/wp-content\/uploads\/2024\/04\/whatsapp-amy-783x1024.jpg 783w, https:\/\/rmvapesale.com\/wp-content\/uploads\/2024\/04\/whatsapp-amy-768x1005.jpg 768w, https:\/\/rmvapesale.com\/wp-content\/uploads\/2024\/04\/whatsapp-amy-600x785.jpg 600w, https:\/\/rmvapesale.com\/wp-content\/uploads\/2024\/04\/whatsapp-amy.jpg 990w\" sizes=\"auto, (max-width: 229px) 100vw, 229px\" \/><\/p>\n<h3><span style=\"color: #ff0000\"><strong>WhatsApp: +86 17776015835<\/strong><\/span><\/h3>","protected":false},"featured_media":2084,"comment_status":"open","ping_status":"closed","template":"","meta":{"_uag_custom_page_level_css":"","_lmt_disableupdate":"no","_lmt_disable":"","site-sidebar-layout":"default","site-content-layout":"content-boxed-container","ast-site-content-layout":"normal-width-container","site-content-style":"boxed","site-sidebar-style":"unboxed","ast-global-header-display":"","ast-banner-title-visibility":"","ast-main-header-display":"","ast-hfb-above-header-display":"","ast-hfb-below-header-display":"","ast-hfb-mobile-header-display":"","site-post-title":"","ast-breadcrumbs-content":"","ast-featured-img":"","footer-sml-layout":"","theme-transparent-header-meta":"default","adv-header-id-meta":"","stick-header-meta":"","header-above-stick-meta":"","header-main-stick-meta":"","header-below-stick-meta":"","astra-migrate-meta-layouts":"set","ast-page-background-enabled":"default","ast-page-background-meta":{"desktop":{"background-color":"var(--ast-global-color-4)","background-image":"","background-repeat":"repeat","background-position":"center center","background-size":"auto","background-attachment":"scroll","background-type":"","background-media":"","overlay-type":"","overlay-color":"","overlay-opacity":"","overlay-gradient":""},"tablet":{"background-color":"","background-image":"","background-repeat":"repeat","background-position":"center center","background-size":"auto","background-attachment":"scroll","background-type":"","background-media":"","overlay-type":"","overlay-color":"","overlay-opacity":"","overlay-gradient":""},"mobile":{"background-color":"","background-image":"","background-repeat":"repeat","background-position":"center center","background-size":"auto","background-attachment":"scroll","background-type":"","background-media":"","overlay-type":"","overlay-color":"","overlay-opacity":"","overlay-gradient":""}},"ast-content-background-meta":{"desktop":{"background-color":"var(--ast-global-color-5)","background-image":"","background-repeat":"repeat","background-position":"center center","background-size":"auto","background-attachment":"scroll","background-type":"","background-media":"","overlay-type":"","overlay-color":"","overlay-opacity":"","overlay-gradient":""},"tablet":{"background-color":"var(--ast-global-color-5)","background-image":"","background-repeat":"repeat","background-position":"center center","background-size":"auto","background-attachment":"scroll","background-type":"","background-media":"","overlay-type":"","overlay-color":"","overlay-opacity":"","overlay-gradient":""},"mobile":{"background-color":"var(--ast-global-color-5)","background-image":"","background-repeat":"repeat","background-position":"center center","background-size":"auto","background-attachment":"scroll","background-type":"","background-media":"","overlay-type":"","overlay-color":"","overlay-opacity":"","overlay-gradient":""}},"_joinchat":[]},"product_brand":[],"product_cat":[25,289,291,292,293,295,299,273,279,123,26,28,135,27,61,60,137,136,15,30],"product_tag":[78,76,63,57,58,59,37],"class_list":{"0":"post-2085","1":"product","2":"type-product","3":"status-publish","4":"has-post-thumbnail","6":"product_cat-germany-best-selling-vape","7":"product_cat-big-puffs-disposable-vapes","8":"product_cat-dual-mesh-disposable-vapes","9":"product_cat-digital-disposable-vapes","10":"product_cat-low-nicotine-disposable-vapes","11":"product_cat-rechargeable-disposable-vapes","12":"product_cat-smart-screen-disposable-vapes","13":"product_cat-bang-box-vape","14":"product_cat-bang-king-vape","15":"product_cat-italy-wholesale-vape","16":"product_cat-netherlands-hot-sale-vape","17":"product_cat-poland-hot-sale-vape","18":"product_cat-spain-best-hot-sale-vape","19":"product_cat-fance-hot-sale-vape","20":"product_cat-15000-puffs-disposable-vapes","21":"product_cat-bang-vapes","22":"product_cat-rechargeable-vapes","23":"product_cat-smart-screen-vapes","24":"product_cat-new-vape-this-week","25":"product_cat-minimum-order-quantity-50pcs","26":"product_tag-bang-box-15000-puffs","27":"product_tag-bang-king-vape","28":"product_tag-bang-vapes","29":"product_tag-disposable-vape-wholesale-supplier","30":"product_tag-electric-cigarettes","31":"product_tag-puffs-vape","32":"product_tag-wholesale-vape-price","33":"desktop-align-left","34":"tablet-align-left","35":"mobile-align-left","37":"first","38":"instock","39":"sale","40":"shipping-taxable","41":"purchasable","42":"product-type-simple"},"uagb_featured_image_src":{"full":["https:\/\/rmvapesale.com\/wp-content\/uploads\/2024\/09\/Vape-Bang-Box-15000-Puffs.png",788,788,false],"thumbnail":["https:\/\/rmvapesale.com\/wp-content\/uploads\/2024\/09\/Vape-Bang-Box-15000-Puffs-150x150.png",150,150,true],"medium":["https:\/\/rmvapesale.com\/wp-content\/uploads\/2024\/09\/Vape-Bang-Box-15000-Puffs-300x300.png",300,300,true],"medium_large":["https:\/\/rmvapesale.com\/wp-content\/uploads\/2024\/09\/Vape-Bang-Box-15000-Puffs-768x768.png",768,768,true],"large":["https:\/\/rmvapesale.com\/wp-content\/uploads\/2024\/09\/Vape-Bang-Box-15000-Puffs.png",788,788,false],"1536x1536":["https:\/\/rmvapesale.com\/wp-content\/uploads\/2024\/09\/Vape-Bang-Box-15000-Puffs.png",788,788,false],"2048x2048":["https:\/\/rmvapesale.com\/wp-content\/uploads\/2024\/09\/Vape-Bang-Box-15000-Puffs.png",788,788,false],"trp-custom-language-flag":["https:\/\/rmvapesale.com\/wp-content\/uploads\/2024\/09\/Vape-Bang-Box-15000-Puffs.png",12,12,false],"woocommerce_thumbnail":["https:\/\/rmvapesale.com\/wp-content\/uploads\/2024\/09\/Vape-Bang-Box-15000-Puffs-300x300.png",300,300,true],"woocommerce_single":["https:\/\/rmvapesale.com\/wp-content\/uploads\/2024\/09\/Vape-Bang-Box-15000-Puffs-600x600.png",600,600,true],"woocommerce_gallery_thumbnail":["https:\/\/rmvapesale.com\/wp-content\/uploads\/2024\/09\/Vape-Bang-Box-15000-Puffs-100x100.png",100,100,true],"wcpr-photo-reviews":["https:\/\/rmvapesale.com\/wp-content\/uploads\/2024\/09\/Vape-Bang-Box-15000-Puffs.png",500,500,false]},"uagb_author_info":{"display_name":"AMY","author_link":"https:\/\/rmvapesale.com\/pl\/author\/"},"uagb_comment_info":0,"uagb_excerpt":"Vape Bang Box 15000 Puffs Disposable Wholesale Bang Box 15000 Puffs Disposable E Cigarettes Vape Bang Box 15000 Puffs Smart Screen Rechargeable Vape Best Flavour Contact Amy For More Discount And Lower MOQ Vape WhatsApp: +86 17776015835","_links":{"self":[{"href":"https:\/\/rmvapesale.com\/pl\/wp-json\/wp\/v2\/product\/2085","targetHints":{"allow":["GET"]}}],"collection":[{"href":"https:\/\/rmvapesale.com\/pl\/wp-json\/wp\/v2\/product"}],"about":[{"href":"https:\/\/rmvapesale.com\/pl\/wp-json\/wp\/v2\/types\/product"}],"replies":[{"embeddable":true,"href":"https:\/\/rmvapesale.com\/pl\/wp-json\/wp\/v2\/comments?post=2085"}],"wp:featuredmedia":[{"embeddable":true,"href":"https:\/\/rmvapesale.com\/pl\/wp-json\/wp\/v2\/media\/2084"}],"wp:attachment":[{"href":"https:\/\/rmvapesale.com\/pl\/wp-json\/wp\/v2\/media?parent=2085"}],"wp:term":[{"taxonomy":"product_brand","embeddable":true,"href":"https:\/\/rmvapesale.com\/pl\/wp-json\/wp\/v2\/product_brand?post=2085"},{"taxonomy":"product_cat","embeddable":true,"href":"https:\/\/rmvapesale.com\/pl\/wp-json\/wp\/v2\/product_cat?post=2085"},{"taxonomy":"product_tag","embeddable":true,"href":"https:\/\/rmvapesale.com\/pl\/wp-json\/wp\/v2\/product_tag?post=2085"}],"curies":[{"name":"wp","href":"https:\/\/api.w.org\/{rel}","templated":true}]}}