{"id":2095,"date":"2024-09-23T03:14:35","date_gmt":"2024-09-23T03:14:35","guid":{"rendered":"https:\/\/rmvapesale.com\/?post_type=product&#038;p=2095"},"modified":"2025-01-21T09:18:03","modified_gmt":"2025-01-21T09:18:03","slug":"wga-crystal-pro-max-10000-puffs-disposable-vape","status":"publish","type":"product","link":"https:\/\/rmvapesale.com\/pl\/product\/wga-crystal-pro-max-10000-puffs-disposable-vape\/","title":{"rendered":"WGA Crystal Pro Max 10000 zaci\u0105gni\u0119\u0107, jednorazowy vape"},"content":{"rendered":"<div class=\"B2VR9 CJHX3e\">\n<div class=\"wyccme\">\n<h1>WGA Crystal Pro Max 10000 zaci\u0105gni\u0119\u0107, jednorazowy vape<\/h1>\n<p class=\"oatEtb\"><span style=\"font-size: 16px\">Jednorazowy Vape WGA Crystal Pro Max Plus 10000 Zaci\u0105gni\u0119\u0107 charakteryzuje si\u0119 osza\u0142amiaj\u0105c\u0105, krystalicznie czyst\u0105 konstrukcj\u0105, kt\u00f3ra odzwierciedla zar\u00f3wno elegancj\u0119, jak i wysok\u0105 wydajno\u015b\u0107. To urz\u0105dzenie do waporyzacji to prawdziwa innowacja w \u015bwiecie vapingu, p\u0142ynnie wpasowuj\u0105ca si\u0119 w Tw\u00f3j styl \u017cycia, jednocze\u015bnie stanowi\u0105c odwa\u017cne o\u015bwiadczenie. Jego lekka obudowa zwi\u0119ksza przeno\u015bno\u015b\u0107, pozwalaj\u0105c na bezproblemowe noszenie go w kieszeni \u2014 idealne dla podr\u00f3\u017cuj\u0105cych.<\/span><\/p>\n<\/div>\n<\/div>\n<p>WGA Crystal Pro Max nie tylko robi wra\u017cenie wizualnie, ale tak\u017ce zapewnia wyj\u0105tkowe wra\u017cenia z wapowania. Wyposa\u017cony w zaawansowan\u0105 technologi\u0119 grza\u0142ki siatkowej, wytwarza g\u0142adk\u0105, aromatyczn\u0105 par\u0119 przy ka\u017cdym wdechu. Zaprojektowany z my\u015bl\u0105 o prostocie, funkcja aktywowana wdechem eliminuje przyciski i ustawienia \u2014 po prostu wdychaj i ciesz si\u0119. To jednorazowe urz\u0105dzenie typu vape pod naprawd\u0119 wyr\u00f3\u017cnia si\u0119 zar\u00f3wno stylem, jak i wydajno\u015bci\u0105.<\/p>\n<p>&nbsp;<\/p>\n<p><strong>Skontaktuj si\u0119 z Amy, aby uzyska\u0107 w\u0142a\u015bciw\u0105 odpowied\u017a i wi\u0119cej film\u00f3w o produkcie!<\/strong><\/p>\n<p><img loading=\"lazy\" decoding=\"async\" class=\"size-full wp-image-1978\" src=\"https:\/\/rmvapesale.com\/wp-content\/uploads\/2024\/09\/Disposable-Vape-Wholesale.jpg\" alt=\"Hurtownia Jednorazowych E-papieros\u00f3w\" width=\"229\" height=\"300\" \/><\/p>\n<h3><span style=\"color: #ff0000\"><strong>WhatsApp: +86 17776015835<\/strong><\/span><\/h3>\n<p>&nbsp;<\/p>\n<h2><\/h2>\n<h2><strong>WGA Crystal Pro Max 10000 Kluczowe cechy<\/strong><\/h2>\n<p>&nbsp;<\/p>\n<p>Nikotyna: 2%<br \/>\nZaci\u0105gni\u0119cia: 10000<br \/>\nPojemno\u015b\u0107: 20ml<br \/>\nProtok\u00f3\u0142 Type-C Kolorowe \u015bwiat\u0142a na dole<br \/>\nAkumulator 850 mAh<\/p>\n<h2><\/h2>\n<h2><\/h2>\n<h2><strong>Najlepszy smak dla WGA Crystal Pro Max 10000 Zaci\u0105gni\u0119\u0107<\/strong><\/h2>\n<p>Jednorazowy vape pen WGA Crystal Pro Max 10000 oferuje 36 fachowo opracowanych smak\u00f3w, z kt\u00f3rych ka\u017cdy zosta\u0142 zaprojektowany tak, aby zapewni\u0107 wyj\u0105tkowe i satysfakcjonuj\u0105ce wra\u017cenia z wapowania, na pewno znajdziesz co\u015b dla siebie!<\/p>\n<p>&nbsp;<\/p>\n<p>1.Arbuzowy l\u00f3d<br \/>\n2.Jagodowa malina<span style=\"color: #ff0000\"><strong>&gt;&gt;&gt;&gt;Gor\u0105ce!<\/strong><\/span><br \/>\n3.Wi\u015bnia<br \/>\n4.\u017belkowy mi\u015b<span style=\"color: #ff0000\"><strong>&gt;&gt;&gt;&gt;Gor\u0105ce!<\/strong><\/span><br \/>\n5.Limonka cytrynowa<br \/>\n6.Truskawkowy l\u00f3d<br \/>\n7. Bor\u00f3wka kwa\u015bna malina<br \/>\n8. Niebieska malina wi\u015bnia<br \/>\n9. Niebieska malina l\u00f3d<span style=\"color: #ff0000\"><strong>&gt;&gt;&gt;&gt;Gor\u0105ce!<\/strong><\/span><br \/>\n10. Niebieska malina Lemoniada<br \/>\n11. Mr blue<br \/>\n12. Skittles<br \/>\n13. R\u00f3\u017cowa lemoniada<br \/>\n14. Bor\u00f3wka wi\u015bnia \u017curawina<br \/>\n15. Bor\u00f3wka<br \/>\n16. Vimto bull<span style=\"color: #ff0000\"><strong>&gt;&gt;&gt;&gt;Gor\u0105ce!<\/strong><\/span><br \/>\n17. Wi\u015bnia l\u00f3d<br \/>\n18. Czerwone jab\u0142ko l\u00f3d<br \/>\n19. Soczysta brzoskwinia<br \/>\n20. Wi\u015bnia brzoskwinia lemoniada<br \/>\n21. Podw\u00f3jne jab\u0142ko<br \/>\n22. Potr\u00f3jne mango<br \/>\n23. Ananas l\u00f3d<br \/>\n24. Truskawka wi\u015bnia malina l\u00f3d<br \/>\n25. Arbuz wi\u015bnia<br \/>\n26. Wi\u015bnia limonka malina<span style=\"color: #ff0000\"><strong>&gt;&gt;&gt;&gt;Najlepsze!<\/strong><\/span><br \/>\n27. Ananas cytryna<br \/>\n28. Jagoda malina granat<br \/>\n29. Jagoda truskawka je\u017cyna<br \/>\n30. Meta ksi\u0119\u017cyc<br \/>\n31. L\u00f3d na patyku<br \/>\n32. Colalime<br \/>\n33. Bananowy l\u00f3d<br \/>\n34. Letni sen<br \/>\n35. Niebieska malina granat<br \/>\n36. Hubba bubba<\/p>\n<h2><strong>Pytania, kt\u00f3re mo\u017cesz chcie\u0107 wiedzie\u0107 o WGA Crystal Pro Max 10k Puffs <\/strong><\/h2>\n<p>&nbsp;<\/p>\n<p><strong>1. Ile nikotyny znajduje si\u0119 w Crystal Pro Max 10k?<\/strong><br \/>\nWGA Crystal Pro Max 10000 zawiera s\u00f3l nikotynow\u0105 2%. Dzi\u0119ki zaawansowanej technologii siatki grzewczej oferuje doskona\u0142e wra\u017cenia z waporyzacji, wype\u0142nione bogatym smakiem.<\/p>\n<p><strong>2. Czy krystaliczne vape WGA 10k mo\u017cna \u0142adowa\u0107?<\/strong><br \/>\nTak, WGA Crystal Pro Max 10000 zawiera akumulator 850 mAh, zapewniaj\u0105cy d\u0142ugotrwa\u0142\u0105 przyjemno\u015b\u0107.<\/p>\n<p><strong>3. Ile zaci\u0105gni\u0119\u0107 mo\u017cna uzyska\u0107 z WGA Crystal Pro Max 10000?<\/strong><br \/>\nWGA Crystal Pro Max 10000 zapewnia oko\u0142o 10000 zaci\u0105gni\u0119\u0107, w zale\u017cno\u015bci od u\u017cytkowania, i jest dost\u0119pny w ponad 30 smakach.<\/p>\n<p><strong>4. Ile czasu zajmuje na\u0142adowanie WGA Crystal 10k?<\/strong><br \/>\nZar\u00f3wno WGA Crystal Pro Max 10000, jak i 15000 mo\u017cna w pe\u0142ni na\u0142adowa\u0107 w zaledwie 30 do 35 minut, co zapewnia szybk\u0105 gotowo\u015b\u0107 do u\u017cycia.<\/p>\n<p>&nbsp;<\/p>\n<h3><b>FAQ<\/b><\/h3>\n<p>&nbsp;<\/p>\n<div class=\"flex-shrink-0 flex flex-col relative items-end\">\n<div>\n<div class=\"pt-0\">\n<div class=\"gizmo-bot-avatar flex h-8 w-8 items-center justify-center overflow-hidden rounded-full\">\n<div class=\"relative p-1 rounded-sm flex items-center justify-center bg-token-main-surface-primary text-token-text-primary h-8 w-8\"><strong>Jakie metody wysy\u0142ki s\u0105 u\u017cywane?<\/strong><\/div>\n<\/div>\n<\/div>\n<\/div>\n<\/div>\n<div class=\"group\/conversation-turn relative flex w-full min-w-0 flex-col agent-turn\">\n<div class=\"flex-col gap-1 md:gap-3\">\n<div class=\"flex max-w-full flex-col flex-grow\">\n<div class=\"min-h-[20px] text-message flex w-full flex-col items-end gap-2 whitespace-normal break-words [.text-message+&amp;]:mt-5 overflow-x-auto\" dir=\"auto\" data-message-author-role=\"assistant\" data-message-id=\"22f8283b-3233-46ff-89a5-c7a41b33abda\">\n<div class=\"flex w-full flex-col gap-1 empty:hidden first:pt-[3px]\">\n<div class=\"markdown prose w-full break-words dark:prose-invert light\">\n<p>Wsp\u00f3\u0142pracujemy z UPS, DHL, FedEx, DPD i innymi wiod\u0105cymi przewo\u017anikami. Wybierzemy najlepsz\u0105 metod\u0119 wysy\u0142ki w oparciu o Twoj\u0105 lokalizacj\u0119, aby zapewni\u0107, \u017ce otrzymasz swoje produkty tak szybko, jak to mo\u017cliwe.<\/p>\n<\/div>\n<p><strong>Jak d\u0142ugo trwa dostawa?<\/strong><\/p>\n<p>Paczki wysy\u0142ane do Polski zazwyczaj docieraj\u0105 w ci\u0105gu 10 dni roboczych. Wysy\u0142ka do innych kraj\u00f3w europejskich trwa zwykle oko\u0142o 12-15 dni roboczych. B\u0119dziemy dostarcza\u0107 aktualizacje w czasie rzeczywistym na temat statusu Twojej przesy\u0142ki.<\/p>\n<\/div>\n<p><strong>Gwarancja<\/strong><\/p>\n<p><span style=\"color: #ff0000\"><strong>Wszystkie produkty w naszym sklepie s\u0105 w 100% oryginalne i autentyczne. Oferujemy 10-krotn\u0105 rekompensat\u0119 za podrobione towary!<\/strong><\/span><\/p>\n<div class=\"flex w-full flex-col gap-1 empty:hidden first:pt-[3px]\">\n<p>&nbsp;<\/p>\n<\/div>\n<\/div>\n<\/div>\n<\/div>\n<\/div>\n<p>&nbsp;<\/p>\n<p>Inne popularne e-papierosy, kt\u00f3re mog\u0105 Ci si\u0119 spodoba\u0107:<\/p>\n<p><strong><a href=\"https:\/\/rmvapesale.com\/pl\/product\/wga-crystal-plus-20000-puff-dual-flavour-disposable-vape\/\">WGA Crystal Plus 20000<\/a><\/strong><\/p>\n<p><a href=\"https:\/\/rmvapesale.com\/pl\/product\/waspe-tornado-15000-puffs-original-factory-price\/\"><strong>Waspe Tornado 15000 zaci\u0105gni\u0119\u0107<\/strong><\/a><\/p>\n<p><a href=\"https:\/\/rmvapesale.com\/pl\/product\/wga-crystal-pro-max-extra-15k-puffs-disposable-vape-wholesale\/\"><strong>WGA Crystal Pro Max Extra 15000<\/strong><\/a><\/p>\n<p>&nbsp;<\/p>\n<p>&nbsp;<\/p>\n<p>Znajd\u017a wi\u0119cej produkt\u00f3w Vape, kt\u00f3re mog\u0105 Ci si\u0119 spodoba\u0107:<strong><em><a href=\"https:\/\/rmvapesale.com\/pl\/shop-2\/\">kup teraz &gt;&gt;&gt;<\/a><\/em><\/strong><\/p>","protected":false},"excerpt":{"rendered":"<p>Crystal Pro Max Plus WGA 10000 Zaci\u0105gni\u0119\u0107 Jednorazowy Vape<br \/>\nWga Crystal Pro Max 10000 2% S\u00f3l Nikotynowa<br \/>\nWGA Crystal Pro Max 10000 10k Zaci\u0105gni\u0119\u0107 Hurtowo<\/p>\n<p><strong>Skontaktuj si\u0119 z Amy, aby uzyska\u0107 wi\u0119cej rabatu i ni\u017csze MOQ Vape<\/strong><\/p>\n<p><img loading=\"lazy\" decoding=\"async\" class=\"size-full wp-image-1978\" src=\"https:\/\/rmvapesale.com\/wp-content\/uploads\/2024\/09\/Disposable-Vape-Wholesale.jpg\" alt=\"Hurtownia Jednorazowych E-papieros\u00f3w\" width=\"229\" height=\"300\" \/><\/p>\n<h3><span style=\"color: #ff0000\"><strong>WhatsApp: +86 17776015835<\/strong><\/span><\/h3>","protected":false},"featured_media":2099,"comment_status":"open","ping_status":"closed","template":"","meta":{"_uag_custom_page_level_css":"","_lmt_disableupdate":"no","_lmt_disable":"","site-sidebar-layout":"default","site-content-layout":"content-boxed-container","ast-site-content-layout":"normal-width-container","site-content-style":"boxed","site-sidebar-style":"unboxed","ast-global-header-display":"","ast-banner-title-visibility":"","ast-main-header-display":"","ast-hfb-above-header-display":"","ast-hfb-below-header-display":"","ast-hfb-mobile-header-display":"","site-post-title":"","ast-breadcrumbs-content":"","ast-featured-img":"","footer-sml-layout":"","theme-transparent-header-meta":"default","adv-header-id-meta":"","stick-header-meta":"","header-above-stick-meta":"","header-main-stick-meta":"","header-below-stick-meta":"","astra-migrate-meta-layouts":"set","ast-page-background-enabled":"default","ast-page-background-meta":{"desktop":{"background-color":"var(--ast-global-color-4)","background-image":"","background-repeat":"repeat","background-position":"center center","background-size":"auto","background-attachment":"scroll","background-type":"","background-media":"","overlay-type":"","overlay-color":"","overlay-opacity":"","overlay-gradient":""},"tablet":{"background-color":"","background-image":"","background-repeat":"repeat","background-position":"center center","background-size":"auto","background-attachment":"scroll","background-type":"","background-media":"","overlay-type":"","overlay-color":"","overlay-opacity":"","overlay-gradient":""},"mobile":{"background-color":"","background-image":"","background-repeat":"repeat","background-position":"center center","background-size":"auto","background-attachment":"scroll","background-type":"","background-media":"","overlay-type":"","overlay-color":"","overlay-opacity":"","overlay-gradient":""}},"ast-content-background-meta":{"desktop":{"background-color":"var(--ast-global-color-5)","background-image":"","background-repeat":"repeat","background-position":"center center","background-size":"auto","background-attachment":"scroll","background-type":"","background-media":"","overlay-type":"","overlay-color":"","overlay-opacity":"","overlay-gradient":""},"tablet":{"background-color":"var(--ast-global-color-5)","background-image":"","background-repeat":"repeat","background-position":"center center","background-size":"auto","background-attachment":"scroll","background-type":"","background-media":"","overlay-type":"","overlay-color":"","overlay-opacity":"","overlay-gradient":""},"mobile":{"background-color":"var(--ast-global-color-5)","background-image":"","background-repeat":"repeat","background-position":"center center","background-size":"auto","background-attachment":"scroll","background-type":"","background-media":"","overlay-type":"","overlay-color":"","overlay-opacity":"","overlay-gradient":""}},"_joinchat":[]},"product_brand":[],"product_cat":[15,290,291,293,295,299,283,271,25,123,26,28,135,27,137,136,30],"product_tag":[57,58,82,81,69],"class_list":{"0":"post-2095","1":"product","2":"type-product","3":"status-publish","4":"has-post-thumbnail","6":"product_cat-new-vape-this-week","7":"product_cat-crystal-disposable-vapes","8":"product_cat-dual-mesh-disposable-vapes","9":"product_cat-low-nicotine-disposable-vapes","10":"product_cat-rechargeable-disposable-vapes","11":"product_cat-smart-screen-disposable-vapes","12":"product_cat-wga-vape","13":"product_cat-10000-puff-disposable-vape","14":"product_cat-germany-best-selling-vape","15":"product_cat-italy-wholesale-vape","16":"product_cat-netherlands-hot-sale-vape","17":"product_cat-poland-hot-sale-vape","18":"product_cat-spain-best-hot-sale-vape","19":"product_cat-fance-hot-sale-vape","20":"product_cat-rechargeable-vapes","21":"product_cat-smart-screen-vapes","22":"product_cat-minimum-order-quantity-50pcs","23":"product_tag-disposable-vape-wholesale-supplier","24":"product_tag-electric-cigarettes","25":"product_tag-wga-crystal-10000-puffs","26":"product_tag-wga-crystal-pro-max","27":"product_tag-wga-vape","28":"desktop-align-left","29":"tablet-align-left","30":"mobile-align-left","32":"first","33":"instock","34":"sale","35":"shipping-taxable","36":"purchasable","37":"product-type-simple"},"uagb_featured_image_src":{"full":["https:\/\/rmvapesale.com\/wp-content\/uploads\/2024\/09\/WGA-Crystal-Pro-Max-Plus-10000-Vape.png",788,788,false],"thumbnail":["https:\/\/rmvapesale.com\/wp-content\/uploads\/2024\/09\/WGA-Crystal-Pro-Max-Plus-10000-Vape-150x150.png",150,150,true],"medium":["https:\/\/rmvapesale.com\/wp-content\/uploads\/2024\/09\/WGA-Crystal-Pro-Max-Plus-10000-Vape-300x300.png",300,300,true],"medium_large":["https:\/\/rmvapesale.com\/wp-content\/uploads\/2024\/09\/WGA-Crystal-Pro-Max-Plus-10000-Vape-768x768.png",768,768,true],"large":["https:\/\/rmvapesale.com\/wp-content\/uploads\/2024\/09\/WGA-Crystal-Pro-Max-Plus-10000-Vape.png",788,788,false],"1536x1536":["https:\/\/rmvapesale.com\/wp-content\/uploads\/2024\/09\/WGA-Crystal-Pro-Max-Plus-10000-Vape.png",788,788,false],"2048x2048":["https:\/\/rmvapesale.com\/wp-content\/uploads\/2024\/09\/WGA-Crystal-Pro-Max-Plus-10000-Vape.png",788,788,false],"trp-custom-language-flag":["https:\/\/rmvapesale.com\/wp-content\/uploads\/2024\/09\/WGA-Crystal-Pro-Max-Plus-10000-Vape.png",12,12,false],"woocommerce_thumbnail":["https:\/\/rmvapesale.com\/wp-content\/uploads\/2024\/09\/WGA-Crystal-Pro-Max-Plus-10000-Vape-300x300.png",300,300,true],"woocommerce_single":["https:\/\/rmvapesale.com\/wp-content\/uploads\/2024\/09\/WGA-Crystal-Pro-Max-Plus-10000-Vape-600x600.png",600,600,true],"woocommerce_gallery_thumbnail":["https:\/\/rmvapesale.com\/wp-content\/uploads\/2024\/09\/WGA-Crystal-Pro-Max-Plus-10000-Vape-100x100.png",100,100,true],"wcpr-photo-reviews":["https:\/\/rmvapesale.com\/wp-content\/uploads\/2024\/09\/WGA-Crystal-Pro-Max-Plus-10000-Vape.png",500,500,false]},"uagb_author_info":{"display_name":"AMY","author_link":"https:\/\/rmvapesale.com\/pl\/author\/"},"uagb_comment_info":0,"uagb_excerpt":"Crystal Pro Max Plus WGA 10000 Puffs Disposable Vape Wga Crystal Pro Max 10000 2% Nic Salt WGA Crystal Pro Max 10000 10k Puffs Wholesale Contact Amy For More Discount And Lower MOQ Vape WhatsApp: +86 17776015835","_links":{"self":[{"href":"https:\/\/rmvapesale.com\/pl\/wp-json\/wp\/v2\/product\/2095","targetHints":{"allow":["GET"]}}],"collection":[{"href":"https:\/\/rmvapesale.com\/pl\/wp-json\/wp\/v2\/product"}],"about":[{"href":"https:\/\/rmvapesale.com\/pl\/wp-json\/wp\/v2\/types\/product"}],"replies":[{"embeddable":true,"href":"https:\/\/rmvapesale.com\/pl\/wp-json\/wp\/v2\/comments?post=2095"}],"wp:featuredmedia":[{"embeddable":true,"href":"https:\/\/rmvapesale.com\/pl\/wp-json\/wp\/v2\/media\/2099"}],"wp:attachment":[{"href":"https:\/\/rmvapesale.com\/pl\/wp-json\/wp\/v2\/media?parent=2095"}],"wp:term":[{"taxonomy":"product_brand","embeddable":true,"href":"https:\/\/rmvapesale.com\/pl\/wp-json\/wp\/v2\/product_brand?post=2095"},{"taxonomy":"product_cat","embeddable":true,"href":"https:\/\/rmvapesale.com\/pl\/wp-json\/wp\/v2\/product_cat?post=2095"},{"taxonomy":"product_tag","embeddable":true,"href":"https:\/\/rmvapesale.com\/pl\/wp-json\/wp\/v2\/product_tag?post=2095"}],"curies":[{"name":"wp","href":"https:\/\/api.w.org\/{rel}","templated":true}]}}