{"id":2108,"date":"2024-09-23T05:35:29","date_gmt":"2024-09-23T05:35:29","guid":{"rendered":"https:\/\/rmvapesale.com\/?post_type=product&#038;p=2108"},"modified":"2025-01-21T09:19:25","modified_gmt":"2025-01-21T09:19:25","slug":"bang-king-25000-puffs-vape-double-pods-12-flavors-wholesale","status":"publish","type":"product","link":"https:\/\/rmvapesale.com\/pl\/product\/bang-king-25000-puffs-vape-double-pods-12-flavors-wholesale\/","title":{"rendered":"Bang King 25000 Zaci\u0105gni\u0119\u0107 Vape Podw\u00f3jne Pody 12 Smak\u00f3w Hurtownia"},"content":{"rendered":"<div class=\"B2VR9 CJHX3e\">\n<div class=\"wyccme\">\n<h1>Bang King 25000 Zaci\u0105gni\u0119\u0107 Vape Podw\u00f3jne Pody 12 Smak\u00f3w Hurtownia<\/h1>\n<p>Do\u015bwiadcz najwy\u017cszej jako\u015bci vapingu z Bang King 25000, wysokowydajnym jednorazowym vape zaprojektowanym dla tych, kt\u00f3rzy ceni\u0105 wygod\u0119, wyj\u0105tkowy smak i niezwyk\u0142e 25 000 zaci\u0105gni\u0119\u0107 na urz\u0105dzenie. Jego elegancki, nowoczesny design czyni go idealnym towarzyszem dla doskona\u0142ego vapingu w podr\u00f3\u017cy.<\/p>\n<p>Ten Bang King 25000 jest dostarczany z dwoma podami, z kt\u00f3rych ka\u017cdy zapewnia 12 500 zaci\u0105gni\u0119\u0107, co pozwala na \u0142atw\u0105 wymian\u0119 i kontynuowanie vapingu bez przerywania. Co wi\u0119cej, mo\u017cesz wybiera\u0107 spo\u015br\u00f3d st\u0119\u017ce\u0144 nikotyny 0%, 2%, 3% i 5%, aby dostosowa\u0107 swoje wra\u017cenia z vapingu do swoich preferencji.<\/p>\n<p>Podnie\u015b swoje wra\u017cenia z vapingu dzi\u0119ki Bang King 25000 Puffs, gdzie innowacja spotyka si\u0119 z satysfakcj\u0105. Idealny dla waper\u00f3w poszukuj\u0105cych zar\u00f3wno wydajno\u015bci, jak i smaku, ten jednorazowy vape pod zosta\u0142 zaprojektowany, aby wzbogaci\u0107 ka\u017cd\u0105 chwil\u0119.<\/p>\n<\/div>\n<\/div>\n<p>&nbsp;<\/p>\n<p><strong>Skontaktuj si\u0119 z Amy, aby uzyska\u0107 w\u0142a\u015bciw\u0105 odpowied\u017a i wi\u0119cej film\u00f3w o produkcie!<\/strong><\/p>\n<p><img loading=\"lazy\" decoding=\"async\" class=\"size-full wp-image-1978\" src=\"https:\/\/rmvapesale.com\/wp-content\/uploads\/2024\/09\/Disposable-Vape-Wholesale.jpg\" alt=\"Hurtownia Jednorazowych E-papieros\u00f3w\" width=\"229\" height=\"300\" \/><\/p>\n<h3><span style=\"color: #ff0000\"><strong>WhatsApp: +86 17776015835<\/strong><\/span><\/h3>\n<p>&nbsp;<\/p>\n<h2><\/h2>\n<h2><strong>Bang King 25000 Kluczowe cechy<\/strong><\/h2>\n<p>&nbsp;<\/p>\n<p>Nikotyna: 0% 2% 3% 5%<br \/>\nPuff: 25000<br \/>\nPojemno\u015b\u0107: 23 ml + 23 ml Podw\u00f3jny Pod<br \/>\nDost\u0119pnych 12 smak\u00f3w<br \/>\nPodw\u00f3jna siatka 1.0 ohm<br \/>\nAkumulator 650 mAh<\/p>\n<h2><\/h2>\n<h2><\/h2>\n<h2><strong>Najlepszy smak dla Bang King 25000 Puffs<\/strong><\/h2>\n<p>Bang King 25000 jednorazowy vape pod oferuje 12 smak\u00f3w, z kt\u00f3rych ka\u017cdy zosta\u0142 zaprojektowany tak, aby zapewni\u0107 wyj\u0105tkowe i satysfakcjonuj\u0105ce wra\u017cenia z vapingu, na pewno znajdziesz co\u015b dla siebie!<\/p>\n<p>1.L\u00f3d o smaku niebieskiej maliny<span style=\"color: #ff0000\"><strong>&gt;&gt;&gt;&gt;Najlepsze!<\/strong><\/span><br \/>\n2. Juicy Peach Ice<br \/>\n3. Arbuz truskawkowy<br \/>\n4. Arbuzowy L\u00f3d<br \/>\n5. Truskawka Banan<br \/>\n6. Kwa\u015bne Jab\u0142ko z Lodem<span style=\"color: #ff0000\"><strong>&gt;&gt;&gt;&gt;Gor\u0105ce!<\/strong><\/span><br \/>\n7. Potr\u00f3jne Jagody z Lodem<br \/>\n8. Owoce Tropikalne<br \/>\n9. Wi\u015bniowa Bomba<br \/>\n10. L\u00f3d winogronowy<span style=\"color: #ff0000\"><strong>&gt;&gt;&gt;&gt;Gor\u0105ce!<\/strong><\/span><br \/>\n11. Brzoskwinia Mango<br \/>\n12. Truskawka Mango<\/p>\n<p>&nbsp;<\/p>\n<figure id=\"attachment_2112\" aria-describedby=\"caption-attachment-2112\" style=\"width: 300px\" class=\"wp-caption alignnone\"><img loading=\"lazy\" decoding=\"async\" class=\"size-medium wp-image-2112\" src=\"https:\/\/rmvapesale.com\/wp-content\/uploads\/2024\/09\/Bang-King-25000-Puffs-Double-Pod-300x291.jpg\" alt=\"Bang King 25000 Zaci\u0105gni\u0119\u0107 Podw\u00f3jny Pod\" width=\"300\" height=\"291\" srcset=\"https:\/\/rmvapesale.com\/wp-content\/uploads\/2024\/09\/Bang-King-25000-Puffs-Double-Pod-300x291.jpg 300w, https:\/\/rmvapesale.com\/wp-content\/uploads\/2024\/09\/Bang-King-25000-Puffs-Double-Pod-768x746.jpg 768w, https:\/\/rmvapesale.com\/wp-content\/uploads\/2024\/09\/Bang-King-25000-Puffs-Double-Pod-600x582.jpg 600w, https:\/\/rmvapesale.com\/wp-content\/uploads\/2024\/09\/Bang-King-25000-Puffs-Double-Pod.jpg 788w\" sizes=\"auto, (max-width: 300px) 100vw, 300px\" \/><figcaption id=\"caption-attachment-2112\" class=\"wp-caption-text\">Bang King 25000 Zaci\u0105gni\u0119\u0107 Podw\u00f3jny Pod<\/figcaption><\/figure>\n<h2><strong>Pytania, kt\u00f3re mo\u017cesz chcie\u0107 wiedzie\u0107 o Bang King 25k Zaci\u0105gni\u0119\u0107 <\/strong><\/h2>\n<p>&nbsp;<\/p>\n<p><strong>1. Ile nikotyny jest w Bang King 25000?<\/strong><br \/>\nBang King 25000 zawiera s\u00f3l nikotynow\u0105 0%, 2%, 3% i 5%. Dzi\u0119ki zaawansowanej technologii grza\u0142ki siatkowej oferuje doskona\u0142e wra\u017cenia z waporyzacji wype\u0142nione bogatym smakiem.<\/p>\n<p><strong>2. Czy BangKing 25000 vape mo\u017cna \u0142adowa\u0107?<\/strong><br \/>\nTak, Bang King 25000 zawiera akumulator 650 mAh, zapewniaj\u0105cy d\u0142ugotrwa\u0142\u0105 przyjemno\u015b\u0107.<\/p>\n<p><strong>3. Ile zaci\u0105gni\u0119\u0107 mo\u017cna uzyska\u0107 z Bang King 25000?<\/strong><br \/>\nBang King 25000 zapewnia oko\u0142o 25000 zaci\u0105gni\u0119\u0107, w zale\u017cno\u015bci od u\u017cytkowania, i jest dost\u0119pny w 12 smakach.<\/p>\n<p><strong>4. Ile czasu zajmuje na\u0142adowanie Bang King 25000?<\/strong><br \/>\nBang King 25000 mo\u017cna w pe\u0142ni na\u0142adowa\u0107 w zaledwie 30 do 35 minut, zapewniaj\u0105c szybk\u0105 gotowo\u015b\u0107 do u\u017cycia.<\/p>\n<p>&nbsp;<\/p>\n<h3><b>FAQ<\/b><\/h3>\n<p>&nbsp;<\/p>\n<div class=\"flex-shrink-0 flex flex-col relative items-end\">\n<div>\n<div class=\"pt-0\">\n<div class=\"gizmo-bot-avatar flex h-8 w-8 items-center justify-center overflow-hidden rounded-full\">\n<div class=\"relative p-1 rounded-sm flex items-center justify-center bg-token-main-surface-primary text-token-text-primary h-8 w-8\"><strong>Jakie metody wysy\u0142ki s\u0105 u\u017cywane?<\/strong><\/div>\n<\/div>\n<\/div>\n<\/div>\n<\/div>\n<div class=\"group\/conversation-turn relative flex w-full min-w-0 flex-col agent-turn\">\n<div class=\"flex-col gap-1 md:gap-3\">\n<div class=\"flex max-w-full flex-col flex-grow\">\n<div class=\"min-h-[20px] text-message flex w-full flex-col items-end gap-2 whitespace-normal break-words [.text-message+&amp;]:mt-5 overflow-x-auto\" dir=\"auto\" data-message-author-role=\"assistant\" data-message-id=\"22f8283b-3233-46ff-89a5-c7a41b33abda\">\n<div class=\"flex w-full flex-col gap-1 empty:hidden first:pt-[3px]\">\n<div class=\"markdown prose w-full break-words dark:prose-invert light\">\n<p>Wsp\u00f3\u0142pracujemy z UPS, DHL, FedEx, DPD i innymi wiod\u0105cymi przewo\u017anikami. Wybierzemy najlepsz\u0105 metod\u0119 wysy\u0142ki w oparciu o Twoj\u0105 lokalizacj\u0119, aby zapewni\u0107, \u017ce otrzymasz swoje produkty tak szybko, jak to mo\u017cliwe.<\/p>\n<\/div>\n<p><strong>Jak d\u0142ugo trwa dostawa?<\/strong><\/p>\n<p>Paczki wysy\u0142ane do Polski zazwyczaj docieraj\u0105 w ci\u0105gu 10 dni roboczych. Wysy\u0142ka do innych kraj\u00f3w europejskich trwa zwykle oko\u0142o 12-15 dni roboczych. B\u0119dziemy dostarcza\u0107 aktualizacje w czasie rzeczywistym na temat statusu Twojej przesy\u0142ki.<\/p>\n<\/div>\n<p><strong>Gwarancja<\/strong><\/p>\n<p><span style=\"color: #ff0000\"><strong>Wszystkie produkty w naszym sklepie s\u0105 w 100% oryginalne i autentyczne. Oferujemy 10-krotn\u0105 rekompensat\u0119 za podrobione towary!<\/strong><\/span><\/p>\n<div class=\"flex w-full flex-col gap-1 empty:hidden first:pt-[3px]\">\n<p>&nbsp;<\/p>\n<\/div>\n<\/div>\n<\/div>\n<\/div>\n<\/div>\n<p>&nbsp;<\/p>\n<p>Inne popularne e-papierosy, kt\u00f3re mog\u0105 Ci si\u0119 spodoba\u0107:<\/p>\n<p><strong><a href=\"https:\/\/rmvapesale.com\/pl\/product\/wga-crystal-plus-20000-puff-dual-flavour-disposable-vape\/\">Bang King 30000 Zaci\u0105gni\u0119\u0107<\/a><\/strong><\/p>\n<p><a href=\"https:\/\/rmvapesale.com\/pl\/product\/bang-20000-puffs-disposable-vape-wholesale-supplier\/\"><strong>Bang Box Vape 20000 Zaci\u0105gni\u0119\u0107<\/strong><\/a><\/p>\n<p><a href=\"https:\/\/rmvapesale.com\/pl\/product\/wga-crystal-pro-max-extra-15k-puffs-disposable-vape-wholesale\/\"><strong>WGA Crystal Pro Max Extra 15000<\/strong><\/a><\/p>\n<p>&nbsp;<\/p>\n<p>&nbsp;<\/p>\n<p>Znajd\u017a wi\u0119cej produkt\u00f3w Vape, kt\u00f3re mog\u0105 Ci si\u0119 spodoba\u0107:<strong><em><a href=\"https:\/\/rmvapesale.com\/pl\/shop-2\/\">kup teraz &gt;&gt;&gt;<\/a><\/em><\/strong><\/p>","protected":false},"excerpt":{"rendered":"<p>Bang King 25000 Puffs 0% 2% 3% 5% Nikotyna Hurtowo<br \/>\nPuff 25k Bang King 25000 Puffs Jednorazowy Vape<br \/>\nBang King 25000 Puffs Vape Jednorazowe E-papierosy Podw\u00f3jny Pod<\/p>\n<p><strong>Skontaktuj si\u0119 z Amy, aby uzyska\u0107 wi\u0119cej rabatu i ni\u017csze MOQ Vape<\/strong><\/p>\n<p><img loading=\"lazy\" decoding=\"async\" class=\"size-full wp-image-1978\" src=\"https:\/\/rmvapesale.com\/wp-content\/uploads\/2024\/09\/Disposable-Vape-Wholesale.jpg\" alt=\"Hurtownia Jednorazowych E-papieros\u00f3w\" width=\"229\" height=\"300\" \/><\/p>\n<h3><span style=\"color: #ff0000\"><strong>WhatsApp: +86 17776015835<\/strong><\/span><\/h3>","protected":false},"featured_media":2114,"comment_status":"open","ping_status":"closed","template":"","meta":{"_uag_custom_page_level_css":"","_lmt_disableupdate":"no","_lmt_disable":"","site-sidebar-layout":"default","site-content-layout":"content-boxed-container","ast-site-content-layout":"normal-width-container","site-content-style":"boxed","site-sidebar-style":"unboxed","ast-global-header-display":"","ast-banner-title-visibility":"","ast-main-header-display":"","ast-hfb-above-header-display":"","ast-hfb-below-header-display":"","ast-hfb-mobile-header-display":"","site-post-title":"","ast-breadcrumbs-content":"","ast-featured-img":"","footer-sml-layout":"","theme-transparent-header-meta":"default","adv-header-id-meta":"","stick-header-meta":"","header-above-stick-meta":"","header-main-stick-meta":"","header-below-stick-meta":"","astra-migrate-meta-layouts":"set","ast-page-background-enabled":"default","ast-page-background-meta":{"desktop":{"background-color":"var(--ast-global-color-4)","background-image":"","background-repeat":"repeat","background-position":"center center","background-size":"auto","background-attachment":"scroll","background-type":"","background-media":"","overlay-type":"","overlay-color":"","overlay-opacity":"","overlay-gradient":""},"tablet":{"background-color":"","background-image":"","background-repeat":"repeat","background-position":"center center","background-size":"auto","background-attachment":"scroll","background-type":"","background-media":"","overlay-type":"","overlay-color":"","overlay-opacity":"","overlay-gradient":""},"mobile":{"background-color":"","background-image":"","background-repeat":"repeat","background-position":"center center","background-size":"auto","background-attachment":"scroll","background-type":"","background-media":"","overlay-type":"","overlay-color":"","overlay-opacity":"","overlay-gradient":""}},"ast-content-background-meta":{"desktop":{"background-color":"var(--ast-global-color-5)","background-image":"","background-repeat":"repeat","background-position":"center center","background-size":"auto","background-attachment":"scroll","background-type":"","background-media":"","overlay-type":"","overlay-color":"","overlay-opacity":"","overlay-gradient":""},"tablet":{"background-color":"var(--ast-global-color-5)","background-image":"","background-repeat":"repeat","background-position":"center center","background-size":"auto","background-attachment":"scroll","background-type":"","background-media":"","overlay-type":"","overlay-color":"","overlay-opacity":"","overlay-gradient":""},"mobile":{"background-color":"var(--ast-global-color-5)","background-image":"","background-repeat":"repeat","background-position":"center center","background-size":"auto","background-attachment":"scroll","background-type":"","background-media":"","overlay-type":"","overlay-color":"","overlay-opacity":"","overlay-gradient":""}},"_joinchat":[]},"product_brand":[],"product_cat":[15,289,291,293,295,299,273,279,256,25,123,26,28,135,27,60,137,136,30],"product_tag":[86,76,57,58,87],"class_list":{"0":"post-2108","1":"product","2":"type-product","3":"status-publish","4":"has-post-thumbnail","6":"product_cat-new-vape-this-week","7":"product_cat-big-puffs-disposable-vapes","8":"product_cat-dual-mesh-disposable-vapes","9":"product_cat-low-nicotine-disposable-vapes","10":"product_cat-rechargeable-disposable-vapes","11":"product_cat-smart-screen-disposable-vapes","12":"product_cat-bang-box-vape","13":"product_cat-bang-king-vape","14":"product_cat-25000-puff-disposable-vape","15":"product_cat-germany-best-selling-vape","16":"product_cat-italy-wholesale-vape","17":"product_cat-netherlands-hot-sale-vape","18":"product_cat-poland-hot-sale-vape","19":"product_cat-spain-best-hot-sale-vape","20":"product_cat-fance-hot-sale-vape","21":"product_cat-bang-vapes","22":"product_cat-rechargeable-vapes","23":"product_cat-smart-screen-vapes","24":"product_cat-minimum-order-quantity-50pcs","25":"product_tag-bang-king-25000","26":"product_tag-bang-king-vape","27":"product_tag-disposable-vape-wholesale-supplier","28":"product_tag-electric-cigarettes","29":"product_tag-puff-25k","30":"desktop-align-left","31":"tablet-align-left","32":"mobile-align-left","34":"first","35":"instock","36":"sale","37":"shipping-taxable","38":"purchasable","39":"product-type-simple"},"uagb_featured_image_src":{"full":["https:\/\/rmvapesale.com\/wp-content\/uploads\/2024\/09\/Bang-King-25000-Puffs-Wholesale.jpg",788,788,false],"thumbnail":["https:\/\/rmvapesale.com\/wp-content\/uploads\/2024\/09\/Bang-King-25000-Puffs-Wholesale-150x150.jpg",150,150,true],"medium":["https:\/\/rmvapesale.com\/wp-content\/uploads\/2024\/09\/Bang-King-25000-Puffs-Wholesale-300x300.jpg",300,300,true],"medium_large":["https:\/\/rmvapesale.com\/wp-content\/uploads\/2024\/09\/Bang-King-25000-Puffs-Wholesale-768x768.jpg",768,768,true],"large":["https:\/\/rmvapesale.com\/wp-content\/uploads\/2024\/09\/Bang-King-25000-Puffs-Wholesale.jpg",788,788,false],"1536x1536":["https:\/\/rmvapesale.com\/wp-content\/uploads\/2024\/09\/Bang-King-25000-Puffs-Wholesale.jpg",788,788,false],"2048x2048":["https:\/\/rmvapesale.com\/wp-content\/uploads\/2024\/09\/Bang-King-25000-Puffs-Wholesale.jpg",788,788,false],"trp-custom-language-flag":["https:\/\/rmvapesale.com\/wp-content\/uploads\/2024\/09\/Bang-King-25000-Puffs-Wholesale.jpg",12,12,false],"woocommerce_thumbnail":["https:\/\/rmvapesale.com\/wp-content\/uploads\/2024\/09\/Bang-King-25000-Puffs-Wholesale-300x300.jpg",300,300,true],"woocommerce_single":["https:\/\/rmvapesale.com\/wp-content\/uploads\/2024\/09\/Bang-King-25000-Puffs-Wholesale-600x600.jpg",600,600,true],"woocommerce_gallery_thumbnail":["https:\/\/rmvapesale.com\/wp-content\/uploads\/2024\/09\/Bang-King-25000-Puffs-Wholesale-100x100.jpg",100,100,true],"wcpr-photo-reviews":["https:\/\/rmvapesale.com\/wp-content\/uploads\/2024\/09\/Bang-King-25000-Puffs-Wholesale.jpg",500,500,false]},"uagb_author_info":{"display_name":"AMY","author_link":"https:\/\/rmvapesale.com\/pl\/author\/"},"uagb_comment_info":0,"uagb_excerpt":"Bang King 25000 Puffs 0% 2% 3% 5% Nicotine Wholesale Puff 25k Bang King 25000 Puffs Disposable Vape Bang King 25000 Puffs Vape Disposable E Cigarettes Dual Pod Contact Amy For More Discount And Lower MOQ Vape WhatsApp: +86 17776015835","_links":{"self":[{"href":"https:\/\/rmvapesale.com\/pl\/wp-json\/wp\/v2\/product\/2108","targetHints":{"allow":["GET"]}}],"collection":[{"href":"https:\/\/rmvapesale.com\/pl\/wp-json\/wp\/v2\/product"}],"about":[{"href":"https:\/\/rmvapesale.com\/pl\/wp-json\/wp\/v2\/types\/product"}],"replies":[{"embeddable":true,"href":"https:\/\/rmvapesale.com\/pl\/wp-json\/wp\/v2\/comments?post=2108"}],"wp:featuredmedia":[{"embeddable":true,"href":"https:\/\/rmvapesale.com\/pl\/wp-json\/wp\/v2\/media\/2114"}],"wp:attachment":[{"href":"https:\/\/rmvapesale.com\/pl\/wp-json\/wp\/v2\/media?parent=2108"}],"wp:term":[{"taxonomy":"product_brand","embeddable":true,"href":"https:\/\/rmvapesale.com\/pl\/wp-json\/wp\/v2\/product_brand?post=2108"},{"taxonomy":"product_cat","embeddable":true,"href":"https:\/\/rmvapesale.com\/pl\/wp-json\/wp\/v2\/product_cat?post=2108"},{"taxonomy":"product_tag","embeddable":true,"href":"https:\/\/rmvapesale.com\/pl\/wp-json\/wp\/v2\/product_tag?post=2108"}],"curies":[{"name":"wp","href":"https:\/\/api.w.org\/{rel}","templated":true}]}}