{"id":2168,"date":"2024-09-26T03:21:43","date_gmt":"2024-09-26T03:21:43","guid":{"rendered":"https:\/\/rmvapesale.com\/?post_type=product&#038;p=2168"},"modified":"2025-01-21T09:36:11","modified_gmt":"2025-01-21T09:36:11","slug":"elf-box-shisha-16000-puffs-led-display-disposable-vape","status":"publish","type":"product","link":"https:\/\/rmvapesale.com\/pl\/product\/elf-box-shisha-16000-puffs-led-display-disposable-vape\/","title":{"rendered":"ELF BOX Shisha 16000 Zaci\u0105gni\u0119\u0107 z Wy\u015bwietlaczem LED Jednorazowy Vape"},"content":{"rendered":"<div class=\"B2VR9 CJHX3e\">\n<div class=\"wyccme\">\n<h3 class=\"LC20lb MBeuO DKV0Md\">ELF BOX Shisha 16000 Zaci\u0105gni\u0119\u0107 z Wy\u015bwietlaczem LED Jednorazowy Vape<\/h3>\n<p>Oddaj si\u0119 luksusowemu wapowaniu z jednorazowym wapem ELF BOX Shisha 16000 Zaci\u0105gni\u0119\u0107 z wy\u015bwietlaczem LED, dost\u0119pnym w sprzeda\u017cy hurtowej. To najnowocze\u015bniejsze urz\u0105dzenie oferuje imponuj\u0105c\u0105 pojemno\u015b\u0107 16000 zaci\u0105gni\u0119\u0107 i du\u017cy zbiornik na e-liquid o pojemno\u015bci 28 ml. Dzi\u0119ki r\u00f3\u017cnym poziomom nikotyny i wygodnemu portowi \u0142adowania Type-C, dostosowuje si\u0119 do r\u00f3\u017cnorodnych preferencji, jednocze\u015bnie zapewniaj\u0105c \u0142atwe \u0142adowanie. ELF BOX SHISHA 16000 wyr\u00f3\u017cnia si\u0119 zaawansowanymi funkcjami i dba\u0142o\u015bci\u0105 o dostarczanie najwy\u017cszej klasy do\u015bwiadczenia z wapowania.<\/p>\n<\/div>\n<div class=\"wyccme\">\n<p>Podnie\u015b swoje do\u015bwiadczenie z wapowania dzi\u0119ki ELF BOX SHISHA 16000 \u2013 prawdziwemu wyznacznikowi jako\u015bci i innowacji w jednorazowych wapach.<\/p>\n<\/div>\n<\/div>\n<p><strong>Skontaktuj si\u0119 z Amy, aby uzyska\u0107 w\u0142a\u015bciw\u0105 odpowied\u017a i wi\u0119cej film\u00f3w o produkcie!<\/strong><\/p>\n<p><img loading=\"lazy\" decoding=\"async\" class=\"size-full wp-image-1978\" src=\"https:\/\/rmvapesale.com\/wp-content\/uploads\/2024\/09\/Disposable-Vape-Wholesale.jpg\" alt=\"Hurtownia Jednorazowych E-papieros\u00f3w\" width=\"229\" height=\"300\" \/><\/p>\n<h3><span style=\"color: #ff0000\"><strong>WhatsApp: +86 17776015835<\/strong><\/span><\/h3>\n<p>&nbsp;<\/p>\n<h2><\/h2>\n<h2><strong>ELF BOX Shisha 16000 zaci\u0105gni\u0119\u0107 G\u0142\u00f3wne cechy<\/strong><\/h2>\n<p>Zaci\u0105gni\u0119cia: 16000<br \/>\nGrza\u0142ka: Mesh 0.6ohm<br \/>\nE-liquid:28ml<br \/>\nNikotyna:0%\/2%\/3%\/5%<br \/>\nBateria:18250-600mah<br \/>\n\u0141adowanie:Type-C<br \/>\nWy\u015bwietlacz LED<br \/>\nRegulowany przep\u0142yw powietrza<br \/>\nRozmiar produktu: 35*36*133.5mm<\/p>\n<h2><\/h2>\n<h2><strong>Najlepszy smak dla Vozol ELF BOX Shisha 16000 Zaci\u0105gni\u0119\u0107<\/strong><\/h2>\n<p>Wybierz spo\u015br\u00f3d urzekaj\u0105cej gamy smak\u00f3w, w tym Blue Dragon Fruit Peach, Rose Grape, Granny Cherry i Green Mango, wszystkie fachowo przygotowane, aby zachwyci\u0107 Twoje kubki smakowe. Niezale\u017cnie od tego, czy wolisz tropikalny posmak Orange Pine Nana Mango, czy orze\u017awiaj\u0105cy Matcha Mint Ice, znajdziesz smak, kt\u00f3ry zaspokoi ka\u017cde podniebienie.<\/p>\n<p>&nbsp;<\/p>\n<p>1.L\u00f3d o smaku niebieskiej maliny<span style=\"color: #ff0000\"><strong>&gt;&gt;&gt;&gt;Gor\u0105ce!<\/strong><\/span><br \/>\n2.L\u00f3d truskawkowy<br \/>\n3.L\u00f3d winogronowy<br \/>\n4.L\u00f3d je\u017cynowy<br \/>\n5.Mieszane jagody<span style=\"color: #ff0000\"><strong>&gt;&gt;&gt;&gt;Najlepsze!<\/strong><\/span><br \/>\n6.Podw\u00f3jne jab\u0142ko<br \/>\n7.Soczysty l\u00f3d<br \/>\n8.Brzoskwinia mango ananas<br \/>\n9.Wi\u015bnia malina<br \/>\n10.Kiwi marakuja<br \/>\n11.L\u00f3d brzoskwiniowy<br \/>\n12.Truskawka arbuz<span style=\"color: #ff0000\"><strong>&gt;&gt;&gt;&gt;Gor\u0105ce!<\/strong><\/span><\/p>\n<figure id=\"attachment_2173\" aria-describedby=\"caption-attachment-2173\" style=\"width: 588px\" class=\"wp-caption alignnone\"><img loading=\"lazy\" decoding=\"async\" class=\"wp-image-2173\" src=\"https:\/\/rmvapesale.com\/wp-content\/uploads\/2024\/09\/ELF-BOX-SHISHA-16000-300x300.png\" alt=\"ELF BOX SHISHA 16000\" width=\"588\" height=\"588\" srcset=\"https:\/\/rmvapesale.com\/wp-content\/uploads\/2024\/09\/ELF-BOX-SHISHA-16000-300x300.png 300w, https:\/\/rmvapesale.com\/wp-content\/uploads\/2024\/09\/ELF-BOX-SHISHA-16000-150x150.png 150w, https:\/\/rmvapesale.com\/wp-content\/uploads\/2024\/09\/ELF-BOX-SHISHA-16000-768x768.png 768w, https:\/\/rmvapesale.com\/wp-content\/uploads\/2024\/09\/ELF-BOX-SHISHA-16000-600x600.png 600w, https:\/\/rmvapesale.com\/wp-content\/uploads\/2024\/09\/ELF-BOX-SHISHA-16000-100x100.png 100w, https:\/\/rmvapesale.com\/wp-content\/uploads\/2024\/09\/ELF-BOX-SHISHA-16000.png 788w\" sizes=\"auto, (max-width: 588px) 100vw, 588px\" \/><figcaption id=\"caption-attachment-2173\" class=\"wp-caption-text\">ELF BOX SHISHA 16000<\/figcaption><\/figure>\n<h2><strong>Pytania, kt\u00f3re mo\u017cesz chcie\u0107 wiedzie\u0107 o ELF BOX Shisha 16000 Puffs<\/strong><\/h2>\n<p>&nbsp;<\/p>\n<p><strong>1. Jakiej \u0142adowarki u\u017cywa e-papieros ELF BOX Shisha 16000 Puffs?<\/strong><br \/>\nMo\u017cesz na\u0142adowa\u0107 jednorazowy e-papieros ELF BOX Shisha 16000 Puffs za pomoc\u0105 standardowego kabla \u0142aduj\u0105cego USB-C i kostki \u0142aduj\u0105cej 1A lub portu.<\/p>\n<p><strong>2. Ile nikotyny ma ELF BOX Shisha 16000 Puffs?<\/strong><br \/>\nELF BOX Shisha 16000 Puffs oferuje 0%\/2%\/3%\/5% nikotyny do wyboru.<\/p>\n<p><strong>3. Czy ELF BOX Shisha 16000 Puffs Vape jest dobry?<\/strong><br \/>\nJednorazowy e-papieros ELF BOX Shisha 16000 Puffs jest idealny dla pocz\u0105tkuj\u0105cych i stanowi niezawodne wsparcie dla do\u015bwiadczonych u\u017cytkownik\u00f3w, oferuj\u0105c imponuj\u0105cy wygl\u0105d i wspania\u0142y smak.<\/p>\n<p><strong>4. Czy ELF BOX Shisha 16000 Puffs mo\u017cna ponownie nape\u0142ni\u0107?<\/strong><br \/>\nE-papieros ELF BOX Shisha 16000 Puffs jest \u0142adowalny, ale po zu\u017cyciu e-liquidu nale\u017cy go odpowiednio zutylizowa\u0107, poniewa\u017c jednorazowe e-papierosy zawieraj\u0105 baterie, kt\u00f3rych nie nale\u017cy wyrzuca\u0107 do zwyk\u0142ych \u015bmieci.<\/p>\n<p>&nbsp;<\/p>\n<h3><b>FAQ<\/b><\/h3>\n<p>&nbsp;<\/p>\n<div class=\"flex-shrink-0 flex flex-col relative items-end\">\n<div>\n<div class=\"pt-0\">\n<div class=\"gizmo-bot-avatar flex h-8 w-8 items-center justify-center overflow-hidden rounded-full\">\n<div class=\"relative p-1 rounded-sm flex items-center justify-center bg-token-main-surface-primary text-token-text-primary h-8 w-8\"><strong>Jakie metody wysy\u0142ki s\u0105 u\u017cywane?<\/strong><\/div>\n<\/div>\n<\/div>\n<\/div>\n<\/div>\n<div class=\"group\/conversation-turn relative flex w-full min-w-0 flex-col agent-turn\">\n<div class=\"flex-col gap-1 md:gap-3\">\n<div class=\"flex max-w-full flex-col flex-grow\">\n<div class=\"min-h-[20px] text-message flex w-full flex-col items-end gap-2 whitespace-normal break-words [.text-message+&amp;]:mt-5 overflow-x-auto\" dir=\"auto\" data-message-author-role=\"assistant\" data-message-id=\"22f8283b-3233-46ff-89a5-c7a41b33abda\">\n<div class=\"flex w-full flex-col gap-1 empty:hidden first:pt-[3px]\">\n<div class=\"markdown prose w-full break-words dark:prose-invert light\">\n<p>Wsp\u00f3\u0142pracujemy z UPS, DHL, FedEx, DPD i innymi wiod\u0105cymi przewo\u017anikami. Wybierzemy najlepsz\u0105 metod\u0119 wysy\u0142ki w oparciu o Twoj\u0105 lokalizacj\u0119, aby zapewni\u0107, \u017ce otrzymasz swoje produkty tak szybko, jak to mo\u017cliwe.<\/p>\n<\/div>\n<p><strong>Jak d\u0142ugo trwa dostawa?<\/strong><\/p>\n<p>Paczki wysy\u0142ane do Polski zazwyczaj docieraj\u0105 w ci\u0105gu 10 dni roboczych. Wysy\u0142ka do innych kraj\u00f3w europejskich trwa zwykle oko\u0142o 12-15 dni roboczych. B\u0119dziemy dostarcza\u0107 aktualizacje w czasie rzeczywistym na temat statusu Twojej przesy\u0142ki.<\/p>\n<\/div>\n<p><strong>Gwarancja<\/strong><\/p>\n<p><span style=\"color: #ff0000\"><strong>Wszystkie produkty w naszym sklepie s\u0105 w 100% oryginalne i autentyczne. Oferujemy 10-krotn\u0105 rekompensat\u0119 za podrobione towary!<\/strong><\/span><\/p>\n<div class=\"flex w-full flex-col gap-1 empty:hidden first:pt-[3px]\">\n<p>&nbsp;<\/p>\n<\/div>\n<\/div>\n<\/div>\n<\/div>\n<\/div>\n<p>&nbsp;<\/p>\n<p>Inne popularne e-papierosy, kt\u00f3re mog\u0105 Ci si\u0119 spodoba\u0107:<\/p>\n<p>&nbsp;<\/p>\n<p><a href=\"https:\/\/rmvapesale.com\/pl\/product\/original-randm-vape-digital-puff-12000-fumot-factory-price\/\"><strong>Randm Digital 12000 Puffs<\/strong><\/a><\/p>\n<p><strong><a href=\"https:\/\/rmvapesale.com\/pl\/product\/vozol-vista-20000-puffs-smart-disposable-vape\/\">Vozol Vista 20000 Zaci\u0105gni\u0119\u0107\u00a0<\/a><\/strong><\/p>\n<p><a href=\"https:\/\/rmvapesale.com\/pl\/product\/wga-crystal-pro-max-10000-puffs-disposable-vape\/\"><strong>WGA Crystal Pro Max 10000 Zaci\u0105gni\u0119\u0107<\/strong><\/a><\/p>\n<p><a href=\"https:\/\/rmvapesale.com\/pl\/product\/vapme-crystal-7000-puffs-rechargeable-disposable-vape-price\/\"><strong>Vapme Crystal 7000 Zaci\u0105gni\u0119\u0107<\/strong><\/a><\/p>\n<p>&nbsp;<\/p>\n<p>&nbsp;<\/p>\n<p>Znajd\u017a wi\u0119cej produkt\u00f3w Vape, kt\u00f3re mog\u0105 Ci si\u0119 spodoba\u0107:<strong><em><a href=\"https:\/\/rmvapesale.com\/pl\/shop-2\/\">kup teraz &gt;&gt;&gt;<\/a><\/em><\/strong><\/p>","protected":false},"excerpt":{"rendered":"<p>Oryginalny Elf Box 16000 Shisha Ecigs Hurtowy Dostawca<br \/>\nELF Box Shisha 16000 Zaci\u0105gni\u0119\u0107 Jednorazowy E-papieros 12 Smak\u00f3w<br \/>\nELF BOX Shisha 16000 Zaci\u0105gni\u0119\u0107 Jednorazowy Vape z wy\u015bwietlaczem LED<\/p>\n<p><strong>Skontaktuj si\u0119 z Amy, aby uzyska\u0107 wi\u0119cej zni\u017cek i w\u0142a\u015bciw\u0105 odpowied\u017a<\/strong><\/p>\n<p><img loading=\"lazy\" decoding=\"async\" class=\"size-full wp-image-1978\" src=\"https:\/\/rmvapesale.com\/wp-content\/uploads\/2024\/09\/Disposable-Vape-Wholesale.jpg\" alt=\"Hurtownia Jednorazowych E-papieros\u00f3w\" width=\"229\" height=\"300\" \/><\/p>\n<h3><span style=\"color: #ff0000\"><strong>WhatsApp: +86 17776015835<\/strong><\/span><\/h3>","protected":false},"featured_media":2170,"comment_status":"open","ping_status":"closed","template":"","meta":{"_uag_custom_page_level_css":"","_lmt_disableupdate":"no","_lmt_disable":"","site-sidebar-layout":"default","site-content-layout":"content-boxed-container","ast-site-content-layout":"normal-width-container","site-content-style":"boxed","site-sidebar-style":"unboxed","ast-global-header-display":"","ast-banner-title-visibility":"","ast-main-header-display":"","ast-hfb-above-header-display":"","ast-hfb-below-header-display":"","ast-hfb-mobile-header-display":"","site-post-title":"","ast-breadcrumbs-content":"","ast-featured-img":"","footer-sml-layout":"","theme-transparent-header-meta":"default","adv-header-id-meta":"","stick-header-meta":"","header-above-stick-meta":"","header-main-stick-meta":"","header-below-stick-meta":"","astra-migrate-meta-layouts":"set","ast-page-background-enabled":"default","ast-page-background-meta":{"desktop":{"background-color":"var(--ast-global-color-4)","background-image":"","background-repeat":"repeat","background-position":"center center","background-size":"auto","background-attachment":"scroll","background-type":"","background-media":"","overlay-type":"","overlay-color":"","overlay-opacity":"","overlay-gradient":""},"tablet":{"background-color":"","background-image":"","background-repeat":"repeat","background-position":"center center","background-size":"auto","background-attachment":"scroll","background-type":"","background-media":"","overlay-type":"","overlay-color":"","overlay-opacity":"","overlay-gradient":""},"mobile":{"background-color":"","background-image":"","background-repeat":"repeat","background-position":"center center","background-size":"auto","background-attachment":"scroll","background-type":"","background-media":"","overlay-type":"","overlay-color":"","overlay-opacity":"","overlay-gradient":""}},"ast-content-background-meta":{"desktop":{"background-color":"var(--ast-global-color-5)","background-image":"","background-repeat":"repeat","background-position":"center center","background-size":"auto","background-attachment":"scroll","background-type":"","background-media":"","overlay-type":"","overlay-color":"","overlay-opacity":"","overlay-gradient":""},"tablet":{"background-color":"var(--ast-global-color-5)","background-image":"","background-repeat":"repeat","background-position":"center center","background-size":"auto","background-attachment":"scroll","background-type":"","background-media":"","overlay-type":"","overlay-color":"","overlay-opacity":"","overlay-gradient":""},"mobile":{"background-color":"var(--ast-global-color-5)","background-image":"","background-repeat":"repeat","background-position":"center center","background-size":"auto","background-attachment":"scroll","background-type":"","background-media":"","overlay-type":"","overlay-color":"","overlay-opacity":"","overlay-gradient":""}},"_joinchat":[]},"product_brand":[],"product_cat":[15,289,293,295,296,299,288,25,123,26,28,135,27,137,136,30],"product_tag":[63,99,100,101,54,43],"class_list":{"0":"post-2168","1":"product","2":"type-product","3":"status-publish","4":"has-post-thumbnail","6":"product_cat-new-vape-this-week","7":"product_cat-big-puffs-disposable-vapes","8":"product_cat-low-nicotine-disposable-vapes","9":"product_cat-rechargeable-disposable-vapes","10":"product_cat-shisha-hookah-disposable-vapes","11":"product_cat-smart-screen-disposable-vapes","12":"product_cat-elf-box-vape","13":"product_cat-germany-best-selling-vape","14":"product_cat-italy-wholesale-vape","15":"product_cat-netherlands-hot-sale-vape","16":"product_cat-poland-hot-sale-vape","17":"product_cat-spain-best-hot-sale-vape","18":"product_cat-fance-hot-sale-vape","19":"product_cat-rechargeable-vapes","20":"product_cat-smart-screen-vapes","21":"product_cat-minimum-order-quantity-50pcs","22":"product_tag-bang-vapes","23":"product_tag-disposable-vape-wholesale","24":"product_tag-elf-box-shisha-16000","25":"product_tag-led-display-vape","26":"product_tag-rechargeable-disposable-vape","27":"product_tag-shisha-vape","28":"desktop-align-left","29":"tablet-align-left","30":"mobile-align-left","32":"first","33":"instock","34":"sale","35":"shipping-taxable","36":"purchasable","37":"product-type-simple"},"uagb_featured_image_src":{"full":["https:\/\/rmvapesale.com\/wp-content\/uploads\/2024\/09\/ELF-BOX-Shisha-16000-Puffs-Disposable-Vape.png",788,788,false],"thumbnail":["https:\/\/rmvapesale.com\/wp-content\/uploads\/2024\/09\/ELF-BOX-Shisha-16000-Puffs-Disposable-Vape-150x150.png",150,150,true],"medium":["https:\/\/rmvapesale.com\/wp-content\/uploads\/2024\/09\/ELF-BOX-Shisha-16000-Puffs-Disposable-Vape-300x300.png",300,300,true],"medium_large":["https:\/\/rmvapesale.com\/wp-content\/uploads\/2024\/09\/ELF-BOX-Shisha-16000-Puffs-Disposable-Vape-768x768.png",768,768,true],"large":["https:\/\/rmvapesale.com\/wp-content\/uploads\/2024\/09\/ELF-BOX-Shisha-16000-Puffs-Disposable-Vape.png",788,788,false],"1536x1536":["https:\/\/rmvapesale.com\/wp-content\/uploads\/2024\/09\/ELF-BOX-Shisha-16000-Puffs-Disposable-Vape.png",788,788,false],"2048x2048":["https:\/\/rmvapesale.com\/wp-content\/uploads\/2024\/09\/ELF-BOX-Shisha-16000-Puffs-Disposable-Vape.png",788,788,false],"trp-custom-language-flag":["https:\/\/rmvapesale.com\/wp-content\/uploads\/2024\/09\/ELF-BOX-Shisha-16000-Puffs-Disposable-Vape.png",12,12,false],"woocommerce_thumbnail":["https:\/\/rmvapesale.com\/wp-content\/uploads\/2024\/09\/ELF-BOX-Shisha-16000-Puffs-Disposable-Vape-300x300.png",300,300,true],"woocommerce_single":["https:\/\/rmvapesale.com\/wp-content\/uploads\/2024\/09\/ELF-BOX-Shisha-16000-Puffs-Disposable-Vape-600x600.png",600,600,true],"woocommerce_gallery_thumbnail":["https:\/\/rmvapesale.com\/wp-content\/uploads\/2024\/09\/ELF-BOX-Shisha-16000-Puffs-Disposable-Vape-100x100.png",100,100,true],"wcpr-photo-reviews":["https:\/\/rmvapesale.com\/wp-content\/uploads\/2024\/09\/ELF-BOX-Shisha-16000-Puffs-Disposable-Vape.png",500,500,false]},"uagb_author_info":{"display_name":"AMY","author_link":"https:\/\/rmvapesale.com\/pl\/author\/"},"uagb_comment_info":0,"uagb_excerpt":"Original Elf Box 16000 Shisha Ecigs Wholesale Supplier ELF Box Shisha 16000 Puffs Disposable E-cigarette 12 Flaovr ELF BOX Shisha 16000 Puffs Disposable Vape LED Display Contact Amy For More Discount And Right Reply WhatsApp: +86 17776015835","_links":{"self":[{"href":"https:\/\/rmvapesale.com\/pl\/wp-json\/wp\/v2\/product\/2168","targetHints":{"allow":["GET"]}}],"collection":[{"href":"https:\/\/rmvapesale.com\/pl\/wp-json\/wp\/v2\/product"}],"about":[{"href":"https:\/\/rmvapesale.com\/pl\/wp-json\/wp\/v2\/types\/product"}],"replies":[{"embeddable":true,"href":"https:\/\/rmvapesale.com\/pl\/wp-json\/wp\/v2\/comments?post=2168"}],"wp:featuredmedia":[{"embeddable":true,"href":"https:\/\/rmvapesale.com\/pl\/wp-json\/wp\/v2\/media\/2170"}],"wp:attachment":[{"href":"https:\/\/rmvapesale.com\/pl\/wp-json\/wp\/v2\/media?parent=2168"}],"wp:term":[{"taxonomy":"product_brand","embeddable":true,"href":"https:\/\/rmvapesale.com\/pl\/wp-json\/wp\/v2\/product_brand?post=2168"},{"taxonomy":"product_cat","embeddable":true,"href":"https:\/\/rmvapesale.com\/pl\/wp-json\/wp\/v2\/product_cat?post=2168"},{"taxonomy":"product_tag","embeddable":true,"href":"https:\/\/rmvapesale.com\/pl\/wp-json\/wp\/v2\/product_tag?post=2168"}],"curies":[{"name":"wp","href":"https:\/\/api.w.org\/{rel}","templated":true}]}}