{"id":2211,"date":"2024-09-29T02:51:53","date_gmt":"2024-09-29T02:51:53","guid":{"rendered":"https:\/\/rmvapesale.com\/?post_type=product&#038;p=2211"},"modified":"2025-01-21T09:43:04","modified_gmt":"2025-01-21T09:43:04","slug":"waspe-15000-puffs-digital-box-original-wholesale","status":"publish","type":"product","link":"https:\/\/rmvapesale.com\/pl\/product\/waspe-15000-puffs-digital-box-original-wholesale\/","title":{"rendered":"WASPE 15000 zaci\u0105gni\u0119\u0107 Cyfrowy Box Oryginalna Sprzeda\u017c Hurtowa"},"content":{"rendered":"<div class=\"B2VR9 CJHX3e\">\n<div class=\"wyccme\">\n<h1 class=\"LC20lb MBeuO DKV0Md\"><strong>WASPE 15000 zaci\u0105gni\u0119\u0107 Cyfrowy Box Oryginalna Sprzeda\u017c Hurtowa<\/strong><\/h1>\n<p>Oddaj si\u0119 wspania\u0142emu do\u015bwiadczeniu wapowania dzi\u0119ki jednorazowemu waporyzatorowi WASPE 15000 PUFFS Digital Box, dost\u0119pnemu hurtowo na rmvapesale. To urz\u0105dzenie premium zapewnia imponuj\u0105ce 15 000 zaci\u0105gni\u0119\u0107, oferuj\u0105c rozszerzon\u0105 satysfakcj\u0119 i wydajno\u015b\u0107 dla wymagaj\u0105cych entuzjast\u00f3w waporyzacji.<\/p>\n<p>Zaprojektowany z precyzj\u0105, WASPE Digital Box jest dost\u0119pny w r\u00f3\u017cnych poziomach nikotyny, w tym 0%, 2%, 3%, 5%, zapewniaj\u0105c g\u0142adkie, aromatyczne zaci\u0105gni\u0119cie, kt\u00f3re r\u00f3wnowa\u017cy smak i uderzenie w gard\u0142o. Jego jako\u015b\u0107 prosto z fabryki i przyjazny dla u\u017cytkownika design sprawiaj\u0105, \u017ce jest to idealne po\u0142\u0105czenie wygody i najnowocze\u015bniejszej technologii.<\/p>\n<\/div>\n<\/div>\n<p><strong>Skontaktuj si\u0119 z Amy, aby uzyska\u0107 w\u0142a\u015bciw\u0105 odpowied\u017a i wi\u0119cej film\u00f3w o produkcie!<\/strong><\/p>\n<p><img loading=\"lazy\" decoding=\"async\" class=\"size-full wp-image-1978\" src=\"https:\/\/rmvapesale.com\/wp-content\/uploads\/2024\/09\/Disposable-Vape-Wholesale.jpg\" alt=\"Hurtownia Jednorazowych E-papieros\u00f3w\" width=\"229\" height=\"300\" \/><\/p>\n<h3><span style=\"color: #ff0000\"><strong>WhatsApp: +86 17776015835<\/strong><\/span><\/h3>\n<p>&nbsp;<\/p>\n<h2><\/h2>\n<h2><strong>\u00a0WASPE 15000 PUFFS Jednorazowy Vape G\u0142\u00f3wne cechy<\/strong><\/h2>\n<p>Poziom nikotyny: 0% 2% 3% 5%<br \/>\nZaci\u0105gni\u0119cia: 15000<br \/>\nPojemno\u015b\u0107: 22ml<br \/>\nSmaki: Dost\u0119pnych 10 smak\u00f3w<br \/>\nTyp \u0142adowania: Port Type-C<br \/>\nPojemno\u015b\u0107 baterii: 650mah Akumulator<br \/>\nRezystancja: Siatkowa Grza\u0142ka 0.8\u03a9<\/p>\n<h2><\/h2>\n<h2><strong>Najlepszy smak dla WASPE 15000 PUFFS Jednorazowy Vape<\/strong><\/h2>\n<p>WASPE 15000 PUFFS Jednorazowy Vape oferuje 10 wy\u015bmienitych smak\u00f3w, wybierz spo\u015br\u00f3d r\u00f3\u017cnych smak\u00f3w, w tym klasycznego tytoniu, orze\u017awiaj\u0105cej ch\u0142odnej mi\u0119ty i egzotycznej s\u0142odyczy mango, ka\u017cdy z nich obiecuje bogat\u0105, satysfakcjonuj\u0105c\u0105 podr\u00f3\u017c z ka\u017cdym zaci\u0105gni\u0119ciem.<\/p>\n<p>&nbsp;<\/p>\n<p>01.L\u00f3d Arbuzowy<span style=\"color: #ff0000\"><strong>&gt;&gt;&gt;&gt;Gor\u0105ce!<\/strong><\/span><br \/>\n02.L\u00f3d Jagodowy<br \/>\n03.Winogronowa Pianka<br \/>\n04.Truskawka Malina Wi\u015bnia<span style=\"color: #ff0000\"><strong>&gt;&gt;&gt;&gt;Najlepsze!<\/strong><\/span><br \/>\n05.Mieszane Owoce Le\u015bne<br \/>\n06.Truskawka Arbuz<br \/>\n07.Truskawka Kiwi<br \/>\n08.Mango Brzoskwinia Ananas<br \/>\n09.Sok z Maliny i Granatu<span style=\"color: #ff0000\"><strong>&gt;&gt;&gt;&gt;Gor\u0105ce!<\/strong><\/span><br \/>\n10.Zielone Jab\u0142ko Arbuz L\u00f3d<\/p>\n<figure id=\"attachment_2210\" aria-describedby=\"caption-attachment-2210\" style=\"width: 808px\" class=\"wp-caption alignnone\"><img loading=\"lazy\" decoding=\"async\" class=\"wp-image-2210 size-full\" src=\"https:\/\/rmvapesale.com\/wp-content\/uploads\/2024\/09\/Waspe-Digital-Box-15000.jpg\" alt=\"Waspe Digital Box 15000\" width=\"808\" height=\"808\" srcset=\"https:\/\/rmvapesale.com\/wp-content\/uploads\/2024\/09\/Waspe-Digital-Box-15000.jpg 808w, https:\/\/rmvapesale.com\/wp-content\/uploads\/2024\/09\/Waspe-Digital-Box-15000-300x300.jpg 300w, https:\/\/rmvapesale.com\/wp-content\/uploads\/2024\/09\/Waspe-Digital-Box-15000-150x150.jpg 150w, https:\/\/rmvapesale.com\/wp-content\/uploads\/2024\/09\/Waspe-Digital-Box-15000-768x768.jpg 768w, https:\/\/rmvapesale.com\/wp-content\/uploads\/2024\/09\/Waspe-Digital-Box-15000-600x600.jpg 600w, https:\/\/rmvapesale.com\/wp-content\/uploads\/2024\/09\/Waspe-Digital-Box-15000-100x100.jpg 100w\" sizes=\"auto, (max-width: 808px) 100vw, 808px\" \/><figcaption id=\"caption-attachment-2210\" class=\"wp-caption-text\">Waspe Digital Box 15000<\/figcaption><\/figure>\n<h2><strong>Pytania, kt\u00f3re mo\u017cesz chcie\u0107 wiedzie\u0107 o WASPE 15000 Digital Box<\/strong><\/h2>\n<p>&nbsp;<\/p>\n<div class=\"flex-shrink-0 flex flex-col relative items-end\">\n<div>\n<div class=\"pt-0\">\n<div class=\"gizmo-bot-avatar flex h-8 w-8 items-center justify-center overflow-hidden rounded-full\">\n<div class=\"relative p-1 rounded-sm flex items-center justify-center bg-token-main-surface-primary text-token-text-primary h-8 w-8\"><\/div>\n<\/div>\n<\/div>\n<\/div>\n<\/div>\n<div class=\"group\/conversation-turn relative flex w-full min-w-0 flex-col agent-turn\">\n<div class=\"flex-col gap-1 md:gap-3\">\n<div class=\"flex max-w-full flex-col flex-grow\">\n<div class=\"min-h-8 text-message flex w-full flex-col items-end gap-2 whitespace-normal break-words [.text-message+&amp;]:mt-5\" dir=\"auto\" data-message-author-role=\"assistant\" data-message-id=\"f226d3fc-81f3-46d5-8c46-31787fff0357\">\n<div class=\"flex w-full flex-col gap-1 empty:hidden first:pt-[3px]\">\n<div class=\"markdown prose w-full break-words dark:prose-invert light\">\n<p><strong>1. Ile zaci\u0105gni\u0119\u0107 zapewnia jednorazowy waporyzator WASPE 15000 PUFFS Digital Box?<\/strong><br \/>\nWASPE 15000 Digital Box zapewnia do 15 000 zaci\u0105gni\u0119\u0107, znacznie przekraczaj\u0105c pojemno\u015b\u0107 typowych jednorazowych waporyzator\u00f3w.<\/p>\n<p><strong>2. Jakie smaki s\u0105 dost\u0119pne w jednorazowym waporyzatorze WASPE 15000 Digital Box?<\/strong><br \/>\nPopularne smaki to mi\u0119dzy innymi L\u00f3d Arbuzowy, L\u00f3d Bor\u00f3wkowy, Truskawka Malina Wi\u015bnia, Mieszane Owoce Le\u015bne itp.<\/p>\n<p><strong>3. Czy WASPE 15000 Digital Box jest odpowiedni dla pocz\u0105tkuj\u0105cych?<\/strong><br \/>\nTak, WASPE 15000 Digital Box jest idealny dla pocz\u0105tkuj\u0105cych dzi\u0119ki prostej, bezprzyciskowej konstrukcji \u2014 wystarczy zaci\u0105gn\u0105\u0107 si\u0119, aby rozpocz\u0105\u0107 wapowanie.<\/p>\n<p><strong>4. Jak przechowywa\u0107 jednorazowy waporyzator WASPE 15000 Digital Box?<\/strong><br \/>\nPrzechowuj urz\u0105dzenie w ch\u0142odnym, suchym miejscu, z dala od bezpo\u015bredniego \u015bwiat\u0142a s\u0142onecznego oraz poza zasi\u0119giem dzieci i zwierz\u0105t domowych.<\/p>\n<p><strong>5. Jak d\u0142ugo dzia\u0142a WASPE 15000 Digital Box?<\/strong><br \/>\nZ pojemno\u015bci\u0105 15 000 zaci\u0105gni\u0119\u0107, WASPE 15000 Digital Box mo\u017ce dzia\u0142a\u0107 przez kilka tygodni, w zale\u017cno\u015bci od u\u017cytkowania.<\/p>\n<\/div>\n<\/div>\n<\/div>\n<\/div>\n<\/div>\n<\/div>\n<p>&nbsp;<\/p>\n<h3><b>FAQ<\/b><\/h3>\n<p>&nbsp;<\/p>\n<div class=\"flex-shrink-0 flex flex-col relative items-end\">\n<div>\n<div class=\"pt-0\">\n<div class=\"gizmo-bot-avatar flex h-8 w-8 items-center justify-center overflow-hidden rounded-full\">\n<div class=\"relative p-1 rounded-sm flex items-center justify-center bg-token-main-surface-primary text-token-text-primary h-8 w-8\"><strong>Jakie metody wysy\u0142ki s\u0105 u\u017cywane?<\/strong><\/div>\n<\/div>\n<\/div>\n<\/div>\n<\/div>\n<div class=\"group\/conversation-turn relative flex w-full min-w-0 flex-col agent-turn\">\n<div class=\"flex-col gap-1 md:gap-3\">\n<div class=\"flex max-w-full flex-col flex-grow\">\n<div class=\"min-h-[20px] text-message flex w-full flex-col items-end gap-2 whitespace-normal break-words [.text-message+&amp;]:mt-5 overflow-x-auto\" dir=\"auto\" data-message-author-role=\"assistant\" data-message-id=\"22f8283b-3233-46ff-89a5-c7a41b33abda\">\n<div class=\"flex w-full flex-col gap-1 empty:hidden first:pt-[3px]\">\n<div class=\"markdown prose w-full break-words dark:prose-invert light\">\n<p>Wsp\u00f3\u0142pracujemy z UPS, DHL, FedEx, DPD i innymi wiod\u0105cymi przewo\u017anikami. Wybierzemy najlepsz\u0105 metod\u0119 wysy\u0142ki w oparciu o Twoj\u0105 lokalizacj\u0119, aby zapewni\u0107, \u017ce otrzymasz swoje produkty tak szybko, jak to mo\u017cliwe.<\/p>\n<\/div>\n<p><strong>Jak d\u0142ugo trwa dostawa?<\/strong><\/p>\n<p>Paczki wysy\u0142ane do Polski zazwyczaj docieraj\u0105 w ci\u0105gu 10 dni roboczych. Wysy\u0142ka do innych kraj\u00f3w europejskich trwa zwykle oko\u0142o 12-15 dni roboczych. B\u0119dziemy dostarcza\u0107 aktualizacje w czasie rzeczywistym na temat statusu Twojej przesy\u0142ki.<\/p>\n<\/div>\n<p><strong>Gwarancja<\/strong><\/p>\n<p><span style=\"color: #ff0000\"><strong>Wszystkie produkty w naszym sklepie s\u0105 w 100% oryginalne i autentyczne. Oferujemy 10-krotn\u0105 rekompensat\u0119 za podrobione towary!<\/strong><\/span><\/p>\n<div class=\"flex w-full flex-col gap-1 empty:hidden first:pt-[3px]\">\n<p>&nbsp;<\/p>\n<\/div>\n<\/div>\n<\/div>\n<\/div>\n<\/div>\n<p>&nbsp;<\/p>\n<p>Inne popularne e-papierosy, kt\u00f3re mog\u0105 Ci si\u0119 spodoba\u0107:<\/p>\n<p>&nbsp;<\/p>\n<p><a href=\"https:\/\/rmvapesale.com\/pl\/product\/original-randm-vape-digital-puff-12000-fumot-factory-price\/\"><strong>Randm Digital 12000 Puffs<\/strong><\/a><\/p>\n<p><strong><a href=\"https:\/\/rmvapesale.com\/pl\/product\/waspe-25000-puffs-disposable-vape-rechargeable-hot-sale\/\">Waspe 25000 Zaci\u0105gni\u0119\u0107 <\/a><\/strong><\/p>\n<p><a href=\"https:\/\/rmvapesale.com\/pl\/product\/waspe-12000-puffs-disposable-vape-pen\/\"><strong>WASPE 12000 Zaci\u0105gni\u0119\u0107\u00a0<\/strong><\/a><\/p>\n<p><a href=\"https:\/\/rmvapesale.com\/pl\/product\/vapme-crystal-7000-puffs-rechargeable-disposable-vape-price\/\"><strong>Vapme Crystal 7000 Zaci\u0105gni\u0119\u0107<\/strong><\/a><\/p>\n<p>&nbsp;<\/p>\n<p>&nbsp;<\/p>\n<p>Znajd\u017a wi\u0119cej produkt\u00f3w Vape, kt\u00f3re mog\u0105 Ci si\u0119 spodoba\u0107:<strong><em><a href=\"https:\/\/rmvapesale.com\/pl\/shop-2\/\">kup teraz &gt;&gt;&gt;<\/a><\/em><\/strong><\/p>","protected":false},"excerpt":{"rendered":"<p>WASPE Digital 15000 Box zapewnia do 15000 zaci\u0105gni\u0119\u0107, a inteligentny wy\u015bwietlacz umo\u017cliwia \u0142atwe \u015bledzenie stanu baterii. Zasilane przez akumulator o d\u0142ugiej \u017cywotno\u015bci, to jednorazowe urz\u0105dzenie do wapowania zapewnia bogate, \u017cywe smaki i g\u0142adk\u0105 produkcj\u0119 pary przy ka\u017cdym zaci\u0105gni\u0119ciu.<\/p>\n<p><strong>Skontaktuj si\u0119 z Amy, aby uzyska\u0107 wi\u0119cej zni\u017cek i w\u0142a\u015bciw\u0105 odpowied\u017a<\/strong><\/p>\n<p><img loading=\"lazy\" decoding=\"async\" class=\"size-full wp-image-1978\" src=\"https:\/\/rmvapesale.com\/wp-content\/uploads\/2024\/09\/Disposable-Vape-Wholesale.jpg\" alt=\"Hurtownia Jednorazowych E-papieros\u00f3w\" width=\"229\" height=\"300\" \/><\/p>\n<h3><span style=\"color: #ff0000\"><strong>WhatsApp: +86 17776015835<\/strong><\/span><\/h3>","protected":false},"featured_media":2209,"comment_status":"open","ping_status":"closed","template":"","meta":{"_uag_custom_page_level_css":"","_lmt_disableupdate":"no","_lmt_disable":"","site-sidebar-layout":"default","site-content-layout":"content-boxed-container","ast-site-content-layout":"normal-width-container","site-content-style":"boxed","site-sidebar-style":"unboxed","ast-global-header-display":"","ast-banner-title-visibility":"","ast-main-header-display":"","ast-hfb-above-header-display":"","ast-hfb-below-header-display":"","ast-hfb-mobile-header-display":"","site-post-title":"","ast-breadcrumbs-content":"","ast-featured-img":"","footer-sml-layout":"","ast-disable-related-posts":"","theme-transparent-header-meta":"default","adv-header-id-meta":"","stick-header-meta":"","header-above-stick-meta":"","header-main-stick-meta":"","header-below-stick-meta":"","astra-migrate-meta-layouts":"set","ast-page-background-enabled":"default","ast-page-background-meta":{"desktop":{"background-color":"var(--ast-global-color-4)","background-image":"","background-repeat":"repeat","background-position":"center center","background-size":"auto","background-attachment":"scroll","background-type":"","background-media":"","overlay-type":"","overlay-color":"","overlay-opacity":"","overlay-gradient":""},"tablet":{"background-color":"","background-image":"","background-repeat":"repeat","background-position":"center center","background-size":"auto","background-attachment":"scroll","background-type":"","background-media":"","overlay-type":"","overlay-color":"","overlay-opacity":"","overlay-gradient":""},"mobile":{"background-color":"","background-image":"","background-repeat":"repeat","background-position":"center center","background-size":"auto","background-attachment":"scroll","background-type":"","background-media":"","overlay-type":"","overlay-color":"","overlay-opacity":"","overlay-gradient":""}},"ast-content-background-meta":{"desktop":{"background-color":"var(--ast-global-color-5)","background-image":"","background-repeat":"repeat","background-position":"center center","background-size":"auto","background-attachment":"scroll","background-type":"","background-media":"","overlay-type":"","overlay-color":"","overlay-opacity":"","overlay-gradient":""},"tablet":{"background-color":"var(--ast-global-color-5)","background-image":"","background-repeat":"repeat","background-position":"center center","background-size":"auto","background-attachment":"scroll","background-type":"","background-media":"","overlay-type":"","overlay-color":"","overlay-opacity":"","overlay-gradient":""},"mobile":{"background-color":"var(--ast-global-color-5)","background-image":"","background-repeat":"repeat","background-position":"center center","background-size":"auto","background-attachment":"scroll","background-type":"","background-media":"","overlay-type":"","overlay-color":"","overlay-opacity":"","overlay-gradient":""}},"_joinchat":[]},"product_brand":[],"product_cat":[15,61,289,292,291,27,25,123,293,30,26,28,295,137,296,299,136,135,274],"product_tag":[108,99,101,105,54,109,107],"class_list":{"0":"post-2211","1":"product","2":"type-product","3":"status-publish","4":"has-post-thumbnail","6":"product_cat-new-vape-this-week","7":"product_cat-15000-puffs-disposable-vapes","8":"product_cat-big-puffs-disposable-vapes","9":"product_cat-digital-disposable-vapes","10":"product_cat-dual-mesh-disposable-vapes","11":"product_cat-fance-hot-sale-vape","12":"product_cat-germany-best-selling-vape","13":"product_cat-italy-wholesale-vape","14":"product_cat-low-nicotine-disposable-vapes","15":"product_cat-minimum-order-quantity-50pcs","16":"product_cat-netherlands-hot-sale-vape","17":"product_cat-poland-hot-sale-vape","18":"product_cat-rechargeable-disposable-vapes","19":"product_cat-rechargeable-vapes","20":"product_cat-shisha-hookah-disposable-vapes","21":"product_cat-smart-screen-disposable-vapes","22":"product_cat-smart-screen-vapes","23":"product_cat-spain-best-hot-sale-vape","24":"product_cat-waspe-fihp-vape","25":"product_tag-digital-disposable-vape","26":"product_tag-disposable-vape-wholesale","27":"product_tag-led-display-vape","28":"product_tag-nicotine-free-disposable-vape","29":"product_tag-rechargeable-disposable-vape","30":"product_tag-smart-screen-vape","31":"product_tag-waspe-15000-puffs-digital","32":"desktop-align-left","33":"tablet-align-left","34":"mobile-align-left","36":"first","37":"instock","38":"sale","39":"shipping-taxable","40":"purchasable","41":"product-type-simple"},"uagb_featured_image_src":{"full":["https:\/\/rmvapesale.com\/wp-content\/uploads\/2024\/09\/WASPE-Digital-Box-15000-Puffs-Vape.jpg",808,808,false],"thumbnail":["https:\/\/rmvapesale.com\/wp-content\/uploads\/2024\/09\/WASPE-Digital-Box-15000-Puffs-Vape-150x150.jpg",150,150,true],"medium":["https:\/\/rmvapesale.com\/wp-content\/uploads\/2024\/09\/WASPE-Digital-Box-15000-Puffs-Vape-300x300.jpg",300,300,true],"medium_large":["https:\/\/rmvapesale.com\/wp-content\/uploads\/2024\/09\/WASPE-Digital-Box-15000-Puffs-Vape-768x768.jpg",768,768,true],"large":["https:\/\/rmvapesale.com\/wp-content\/uploads\/2024\/09\/WASPE-Digital-Box-15000-Puffs-Vape.jpg",808,808,false],"1536x1536":["https:\/\/rmvapesale.com\/wp-content\/uploads\/2024\/09\/WASPE-Digital-Box-15000-Puffs-Vape.jpg",808,808,false],"2048x2048":["https:\/\/rmvapesale.com\/wp-content\/uploads\/2024\/09\/WASPE-Digital-Box-15000-Puffs-Vape.jpg",808,808,false],"trp-custom-language-flag":["https:\/\/rmvapesale.com\/wp-content\/uploads\/2024\/09\/WASPE-Digital-Box-15000-Puffs-Vape.jpg",12,12,false],"woocommerce_thumbnail":["https:\/\/rmvapesale.com\/wp-content\/uploads\/2024\/09\/WASPE-Digital-Box-15000-Puffs-Vape-300x300.jpg",300,300,true],"woocommerce_single":["https:\/\/rmvapesale.com\/wp-content\/uploads\/2024\/09\/WASPE-Digital-Box-15000-Puffs-Vape-600x600.jpg",600,600,true],"woocommerce_gallery_thumbnail":["https:\/\/rmvapesale.com\/wp-content\/uploads\/2024\/09\/WASPE-Digital-Box-15000-Puffs-Vape-100x100.jpg",100,100,true],"wcpr-photo-reviews":["https:\/\/rmvapesale.com\/wp-content\/uploads\/2024\/09\/WASPE-Digital-Box-15000-Puffs-Vape.jpg",500,500,false]},"uagb_author_info":{"display_name":"AMY","author_link":"https:\/\/rmvapesale.com\/pl\/author\/"},"uagb_comment_info":0,"uagb_excerpt":"The WASPE Digital 15000 Box offers up to 15000 puffs vaping, while the smart display allows easy tracking of battery info. Powered by a rechargeable, long-lasting battery, this disposable vape device delivers rich, vibrant flavors and smooth vapor production with every puff. Contact Amy For More Discount And Right Reply WhatsApp: +86 17776015835","_links":{"self":[{"href":"https:\/\/rmvapesale.com\/pl\/wp-json\/wp\/v2\/product\/2211","targetHints":{"allow":["GET"]}}],"collection":[{"href":"https:\/\/rmvapesale.com\/pl\/wp-json\/wp\/v2\/product"}],"about":[{"href":"https:\/\/rmvapesale.com\/pl\/wp-json\/wp\/v2\/types\/product"}],"replies":[{"embeddable":true,"href":"https:\/\/rmvapesale.com\/pl\/wp-json\/wp\/v2\/comments?post=2211"}],"wp:featuredmedia":[{"embeddable":true,"href":"https:\/\/rmvapesale.com\/pl\/wp-json\/wp\/v2\/media\/2209"}],"wp:attachment":[{"href":"https:\/\/rmvapesale.com\/pl\/wp-json\/wp\/v2\/media?parent=2211"}],"wp:term":[{"taxonomy":"product_brand","embeddable":true,"href":"https:\/\/rmvapesale.com\/pl\/wp-json\/wp\/v2\/product_brand?post=2211"},{"taxonomy":"product_cat","embeddable":true,"href":"https:\/\/rmvapesale.com\/pl\/wp-json\/wp\/v2\/product_cat?post=2211"},{"taxonomy":"product_tag","embeddable":true,"href":"https:\/\/rmvapesale.com\/pl\/wp-json\/wp\/v2\/product_tag?post=2211"}],"curies":[{"name":"wp","href":"https:\/\/api.w.org\/{rel}","templated":true}]}}