{"id":2225,"date":"2024-09-29T06:12:42","date_gmt":"2024-09-29T06:12:42","guid":{"rendered":"https:\/\/rmvapesale.com\/?post_type=product&#038;p=2225"},"modified":"2025-01-21T09:51:23","modified_gmt":"2025-01-21T09:51:23","slug":"uzy-crystal-pro-max-10k-puffs-disposable-vape-pen-wholesale","status":"publish","type":"product","link":"https:\/\/rmvapesale.com\/pl\/product\/uzy-crystal-pro-max-10k-puffs-disposable-vape-pen-wholesale\/","title":{"rendered":"UZY Crystal Pro Max 10k Puffs Jednorazowy e-papieros hurt"},"content":{"rendered":"<div class=\"B2VR9 CJHX3e\">\n<div class=\"wyccme\">\n<h1 class=\"LC20lb MBeuO DKV0Md\">UZY Crystal Pro Max 10k Puffs Jednorazowy e-papieros hurt<\/h1>\n<p>Przedstawiamy UZY Crystal Pro Max 10k Puffs, jednorazowy pod wielokrotnego \u0142adowania oferuj\u0105cy imponuj\u0105ce 10 000 zaci\u0105gni\u0119\u0107. Dost\u0119pny w st\u0119\u017ceniach nikotyny 0%, 2%, 3% i 5%, zaspokoi szeroki zakres preferencji. Konstrukcja UZY Crystal Pro Max z mo\u017cliwo\u015bci\u0105 \u0142adowania zapewnia wyd\u0142u\u017cone do\u015bwiadczenie vapingu przed utylizacj\u0105, oferuj\u0105c zar\u00f3wno wygod\u0119, jak i niezawodno\u015b\u0107. Niezale\u017cnie od tego, czy szukasz opcji bez nikotyny, czy mocniejszego uderzenia, to wszechstronne urz\u0105dzenie gwarantuje satysfakcj\u0119 przy ka\u017cdym zaci\u0105gni\u0119ciu.<\/p>\n<p>Odkryj \u015bwiat luksusu, wygody i pysznych smak\u00f3w z jednorazowymi e-papierosami UZY Crystal Pro Max 10000. W sprawie zapyta\u0144 hurtowych skontaktuj si\u0119 z naszym zespo\u0142em, aby uzyska\u0107 ekskluzywne stawki i na nowo zdefiniowa\u0107 swoje do\u015bwiadczenie vapingu z wyrafinowaniem i przyst\u0119pn\u0105 cen\u0105.<\/p>\n<\/div>\n<\/div>\n<p><strong>Skontaktuj si\u0119 z Amy, aby uzyska\u0107 w\u0142a\u015bciw\u0105 odpowied\u017a i wi\u0119cej film\u00f3w o produkcie!<\/strong><\/p>\n<p><img loading=\"lazy\" decoding=\"async\" class=\"size-full wp-image-1978\" src=\"https:\/\/rmvapesale.com\/wp-content\/uploads\/2024\/09\/Disposable-Vape-Wholesale.jpg\" alt=\"Hurtownia Jednorazowych E-papieros\u00f3w\" width=\"229\" height=\"300\" \/><\/p>\n<h3><span style=\"color: #ff0000\"><strong>WhatsApp: +86 17776015835<\/strong><\/span><\/h3>\n<p>&nbsp;<\/p>\n<h2><\/h2>\n<h2><strong>UZY Crystal 10k Puffs Kluczowe Cechy<\/strong><\/h2>\n<p>&nbsp;<\/p>\n<p>Zaci\u0105gni\u0119cia: 15000 Zaci\u0105gni\u0119\u0107<br \/>\nP\u0142yn: 15.0ML<br \/>\nBateria: 600mAh<br \/>\nUSB: TYP-C<br \/>\nS\u00f3l nikotynowa: 0% 2% 3% 5% (opcjonalnie)<\/p>\n<h2><\/h2>\n<h2><strong>Najlepszy smak dla UZY Crystal Pro Max 10k Puffs<\/strong><\/h2>\n<p>Jednorazowy e-papieros UZY Crystal Pro Max 10k Puffs oferuje 12 wy\u015bmienitych smak\u00f3w, wybieraj spo\u015br\u00f3d r\u00f3\u017cnorodnych smak\u00f3w, w tym klasyczny tyto\u0144, orze\u017awiaj\u0105ca ch\u0142odna mi\u0119ta i egzotyczna s\u0142odycz mango, ka\u017cdy z nich obiecuje bogat\u0105, satysfakcjonuj\u0105c\u0105 podr\u00f3\u017c z ka\u017cdym zaci\u0105gni\u0119ciem.<\/p>\n<p>1. Brzoskwinia Mango Ananas<span style=\"color: #ff0000\"><strong>&gt;&gt;&gt;&gt;Gor\u0105ce!<\/strong><\/span><br \/>\n2.Truskawka Arbuz<br \/>\n3.L\u00f3d Czerwony Energetyk<span style=\"color: #ff0000\"><strong>&gt;&gt;&gt;&gt;Gor\u0105ce!<\/strong><\/span><br \/>\n4.Truskawka Mango<br \/>\n5. Blueberry Raspberry<span style=\"color: #ff0000\"><strong>&gt;&gt;&gt;&gt;Najlepsze!<\/strong><\/span><br \/>\n6.Potr\u00f3jny L\u00f3d Jagodowy<br \/>\n7.L\u00f3d Arbuzowy<br \/>\n8.Potr\u00f3jny winogronowy l\u00f3d<br \/>\n9.Jagodowy l\u00f3d<br \/>\n10.Brzoskwiniowy l\u00f3d<br \/>\n11.Skittles<br \/>\n12.Arbuzowa Guma Balonowa<\/p>\n<div class=\"mceTemp\"><\/div>\n<figure id=\"attachment_2219\" aria-describedby=\"caption-attachment-2219\" style=\"width: 300px\" class=\"wp-caption alignnone\"><img loading=\"lazy\" decoding=\"async\" class=\"size-medium wp-image-2219\" src=\"https:\/\/rmvapesale.com\/wp-content\/uploads\/2024\/09\/UZY-Crystal-10k-300x300.png\" alt=\"UZY Crystal 10k\" width=\"300\" height=\"300\" srcset=\"https:\/\/rmvapesale.com\/wp-content\/uploads\/2024\/09\/UZY-Crystal-10k-300x300.png 300w, https:\/\/rmvapesale.com\/wp-content\/uploads\/2024\/09\/UZY-Crystal-10k-150x150.png 150w, https:\/\/rmvapesale.com\/wp-content\/uploads\/2024\/09\/UZY-Crystal-10k-768x768.png 768w, https:\/\/rmvapesale.com\/wp-content\/uploads\/2024\/09\/UZY-Crystal-10k-600x600.png 600w, https:\/\/rmvapesale.com\/wp-content\/uploads\/2024\/09\/UZY-Crystal-10k-100x100.png 100w, https:\/\/rmvapesale.com\/wp-content\/uploads\/2024\/09\/UZY-Crystal-10k.png 808w\" sizes=\"auto, (max-width: 300px) 100vw, 300px\" \/><figcaption id=\"caption-attachment-2219\" class=\"wp-caption-text\">UZY Crystal 10k<\/figcaption><\/figure>\n<p>&nbsp;<\/p>\n<h2><strong>Pytania, kt\u00f3re mo\u017cesz chcie\u0107 wiedzie\u0107 o Uzy Crystal Pro Max 10000<\/strong><\/h2>\n<p>&nbsp;<\/p>\n<div class=\"flex-shrink-0 flex flex-col relative items-end\">\n<div>\n<div class=\"pt-0\">\n<div class=\"gizmo-bot-avatar flex h-8 w-8 items-center justify-center overflow-hidden rounded-full\">\n<div class=\"relative p-1 rounded-sm flex items-center justify-center bg-token-main-surface-primary text-token-text-primary h-8 w-8\"><\/div>\n<\/div>\n<\/div>\n<\/div>\n<\/div>\n<div class=\"group\/conversation-turn relative flex w-full min-w-0 flex-col agent-turn\">\n<div class=\"flex-col gap-1 md:gap-3\">\n<div class=\"flex max-w-full flex-col flex-grow\">\n<div class=\"min-h-8 text-message flex w-full flex-col items-end gap-2 whitespace-normal break-words [.text-message+&amp;]:mt-5\" dir=\"auto\" data-message-author-role=\"assistant\" data-message-id=\"f226d3fc-81f3-46d5-8c46-31787fff0357\">\n<div class=\"flex w-full flex-col gap-1 empty:hidden first:pt-[3px]\">\n<div class=\"markdown prose w-full break-words dark:prose-invert light\">\n<p><strong>1.Ile zaci\u0105gni\u0119\u0107 zapewnia jednorazowy vape Uzy Crystal Pro Max 10000? <\/strong><strong>jednorazowy vape cyfrowy zapewnia?<\/strong><br \/>\nUzy Crystal Pro Max 10000 zapewnia do 10000 zaci\u0105gni\u0119\u0107, znacznie przekraczaj\u0105c pojemno\u015b\u0107 typowych jednorazowych vape'\u00f3w.<\/p>\n<p><strong>2.Jakie smaki s\u0105 dost\u0119pne w tym jednorazowym vape penie?<\/strong><br \/>\nPopularne smaki to mi\u0119dzy innymi L\u00f3d Arbuzowy, L\u00f3d Bor\u00f3wkowy, Truskawka Malina Wi\u015bnia, Mieszane Owoce Le\u015bne itp.<\/p>\n<p><strong>3.Czy jest odpowiedni dla pocz\u0105tkuj\u0105cych?<\/strong><br \/>\nTak, jest idealny dla pocz\u0105tkuj\u0105cych dzi\u0119ki prostemu, bezprzyciskowemu projektowi \u2013 wystarczy zaci\u0105gn\u0105\u0107 si\u0119, aby zacz\u0105\u0107 wapowa\u0107.<\/p>\n<p><strong>4.Jak nale\u017cy przechowywa\u0107 jednorazowy vape?<\/strong><br \/>\nPrzechowuj urz\u0105dzenie w ch\u0142odnym, suchym miejscu, z dala od bezpo\u015bredniego \u015bwiat\u0142a s\u0142onecznego oraz poza zasi\u0119giem dzieci i zwierz\u0105t domowych.<\/p>\n<p><strong>5.Jak d\u0142ugo dzia\u0142a V?<\/strong><br \/>\nDzi\u0119ki pojemno\u015bci 10 000 zaci\u0105gni\u0119\u0107, Uzy Crystal Pro Max 10000 mo\u017ce dzia\u0142a\u0107 przez kilka tygodni, w zale\u017cno\u015bci od u\u017cytkowania.<\/p>\n<\/div>\n<\/div>\n<\/div>\n<\/div>\n<\/div>\n<\/div>\n<p>&nbsp;<\/p>\n<h3><b>FAQ<\/b><\/h3>\n<p>&nbsp;<\/p>\n<div class=\"flex-shrink-0 flex flex-col relative items-end\">\n<div>\n<div class=\"pt-0\">\n<div class=\"gizmo-bot-avatar flex h-8 w-8 items-center justify-center overflow-hidden rounded-full\">\n<div class=\"relative p-1 rounded-sm flex items-center justify-center bg-token-main-surface-primary text-token-text-primary h-8 w-8\"><strong>Jakie metody wysy\u0142ki s\u0105 u\u017cywane?<\/strong><\/div>\n<\/div>\n<\/div>\n<\/div>\n<\/div>\n<div class=\"group\/conversation-turn relative flex w-full min-w-0 flex-col agent-turn\">\n<div class=\"flex-col gap-1 md:gap-3\">\n<div class=\"flex max-w-full flex-col flex-grow\">\n<div class=\"min-h-[20px] text-message flex w-full flex-col items-end gap-2 whitespace-normal break-words [.text-message+&amp;]:mt-5 overflow-x-auto\" dir=\"auto\" data-message-author-role=\"assistant\" data-message-id=\"22f8283b-3233-46ff-89a5-c7a41b33abda\">\n<div class=\"flex w-full flex-col gap-1 empty:hidden first:pt-[3px]\">\n<div class=\"markdown prose w-full break-words dark:prose-invert light\">\n<p>Wsp\u00f3\u0142pracujemy z UPS, DHL, FedEx, DPD i innymi wiod\u0105cymi przewo\u017anikami. Wybierzemy najlepsz\u0105 metod\u0119 wysy\u0142ki w oparciu o Twoj\u0105 lokalizacj\u0119, aby zapewni\u0107, \u017ce otrzymasz swoje produkty tak szybko, jak to mo\u017cliwe.<\/p>\n<\/div>\n<p><strong>Jak d\u0142ugo trwa dostawa?<\/strong><\/p>\n<p>Paczki wysy\u0142ane do Polski zazwyczaj docieraj\u0105 w ci\u0105gu 10 dni roboczych. Wysy\u0142ka do innych kraj\u00f3w europejskich trwa zwykle oko\u0142o 12-15 dni roboczych. B\u0119dziemy dostarcza\u0107 aktualizacje w czasie rzeczywistym na temat statusu Twojej przesy\u0142ki.<\/p>\n<\/div>\n<p><strong>Gwarancja<\/strong><\/p>\n<p><span style=\"color: #ff0000\"><strong>Wszystkie produkty w naszym sklepie s\u0105 w 100% oryginalne i autentyczne. Oferujemy 10-krotn\u0105 rekompensat\u0119 za podrobione towary!<\/strong><\/span><\/p>\n<div class=\"flex w-full flex-col gap-1 empty:hidden first:pt-[3px]\">\n<p>&nbsp;<\/p>\n<\/div>\n<\/div>\n<\/div>\n<\/div>\n<\/div>\n<p>&nbsp;<\/p>\n<p>Inne popularne e-papierosy, kt\u00f3re mog\u0105 Ci si\u0119 spodoba\u0107:<\/p>\n<p>&nbsp;<\/p>\n<p><a href=\"https:\/\/rmvapesale.com\/pl\/product\/original-randm-vape-digital-puff-12000-fumot-factory-price\/\"><strong>VOZOL Gear 20000 zaci\u0105gni\u0119\u0107<\/strong><\/a><\/p>\n<p><strong><a href=\"https:\/\/rmvapesale.com\/pl\/product\/randm-tornado-15000-puffs-15k-vape-recharge-fumot-original-vape-factory-price\/\">VOPK Tornado 15000 zaci\u0105gni\u0119\u0107 <\/a><\/strong><\/p>\n<p><a href=\"https:\/\/rmvapesale.com\/pl\/product\/vapme-crystal-7000-puffs-rechargeable-disposable-vape-price\/\"><strong>Vapme Crystal 7000 Zaci\u0105gni\u0119\u0107<\/strong><\/a><\/p>\n<p>&nbsp;<\/p>\n<p>&nbsp;<\/p>\n<p>Znajd\u017a wi\u0119cej produkt\u00f3w Vape, kt\u00f3re mog\u0105 Ci si\u0119 spodoba\u0107:<strong><em><a href=\"https:\/\/rmvapesale.com\/pl\/shop-2\/\">kup teraz &gt;&gt;&gt;<\/a><\/em><\/strong><\/p>","protected":false},"excerpt":{"rendered":"<p>UZY Crystal Pro Max 10k Puffs Najlepszy Smak Dost\u0119pny<br \/>\nOryginalny UZY Crystal Pro Max 10000 Hurt<br \/>\nUZY Crystal Pro Max 10k Puffs 0% 2% 3% 5% Nikotyny<\/p>\n<p><strong>Skontaktuj si\u0119 z Amy, aby uzyska\u0107 wi\u0119cej zni\u017cek i w\u0142a\u015bciw\u0105 odpowied\u017a<\/strong><\/p>\n<p><img loading=\"lazy\" decoding=\"async\" class=\"size-full wp-image-1978\" src=\"https:\/\/rmvapesale.com\/wp-content\/uploads\/2024\/09\/Disposable-Vape-Wholesale.jpg\" alt=\"Hurtownia Jednorazowych E-papieros\u00f3w\" width=\"229\" height=\"300\" \/><\/p>\n<h3><span style=\"color: #ff0000\"><strong>WhatsApp: +86 17776015835<\/strong><\/span><\/h3>","protected":false},"featured_media":2221,"comment_status":"open","ping_status":"closed","template":"","meta":{"_uag_custom_page_level_css":"","_lmt_disableupdate":"no","_lmt_disable":"","site-sidebar-layout":"default","site-content-layout":"content-boxed-container","ast-site-content-layout":"normal-width-container","site-content-style":"boxed","site-sidebar-style":"unboxed","ast-global-header-display":"","ast-banner-title-visibility":"","ast-main-header-display":"","ast-hfb-above-header-display":"","ast-hfb-below-header-display":"","ast-hfb-mobile-header-display":"","site-post-title":"","ast-breadcrumbs-content":"","ast-featured-img":"","footer-sml-layout":"","theme-transparent-header-meta":"default","adv-header-id-meta":"","stick-header-meta":"","header-above-stick-meta":"","header-main-stick-meta":"","header-below-stick-meta":"","astra-migrate-meta-layouts":"set","ast-page-background-enabled":"default","ast-page-background-meta":{"desktop":{"background-color":"var(--ast-global-color-4)","background-image":"","background-repeat":"repeat","background-position":"center center","background-size":"auto","background-attachment":"scroll","background-type":"","background-media":"","overlay-type":"","overlay-color":"","overlay-opacity":"","overlay-gradient":""},"tablet":{"background-color":"","background-image":"","background-repeat":"repeat","background-position":"center center","background-size":"auto","background-attachment":"scroll","background-type":"","background-media":"","overlay-type":"","overlay-color":"","overlay-opacity":"","overlay-gradient":""},"mobile":{"background-color":"","background-image":"","background-repeat":"repeat","background-position":"center center","background-size":"auto","background-attachment":"scroll","background-type":"","background-media":"","overlay-type":"","overlay-color":"","overlay-opacity":"","overlay-gradient":""}},"ast-content-background-meta":{"desktop":{"background-color":"var(--ast-global-color-5)","background-image":"","background-repeat":"repeat","background-position":"center center","background-size":"auto","background-attachment":"scroll","background-type":"","background-media":"","overlay-type":"","overlay-color":"","overlay-opacity":"","overlay-gradient":""},"tablet":{"background-color":"var(--ast-global-color-5)","background-image":"","background-repeat":"repeat","background-position":"center center","background-size":"auto","background-attachment":"scroll","background-type":"","background-media":"","overlay-type":"","overlay-color":"","overlay-opacity":"","overlay-gradient":""},"mobile":{"background-color":"var(--ast-global-color-5)","background-image":"","background-repeat":"repeat","background-position":"center center","background-size":"auto","background-attachment":"scroll","background-type":"","background-media":"","overlay-type":"","overlay-color":"","overlay-opacity":"","overlay-gradient":""}},"_joinchat":[]},"product_brand":[],"product_cat":[15,290,291,293,295,299,287,271,25,123,26,28,135,27,61,137,136,30],"product_tag":[112,99,111,105,54],"class_list":{"0":"post-2225","1":"product","2":"type-product","3":"status-publish","4":"has-post-thumbnail","6":"product_cat-new-vape-this-week","7":"product_cat-crystal-disposable-vapes","8":"product_cat-dual-mesh-disposable-vapes","9":"product_cat-low-nicotine-disposable-vapes","10":"product_cat-rechargeable-disposable-vapes","11":"product_cat-smart-screen-disposable-vapes","12":"product_cat-uzy-vape","13":"product_cat-10000-puff-disposable-vape","14":"product_cat-germany-best-selling-vape","15":"product_cat-italy-wholesale-vape","16":"product_cat-netherlands-hot-sale-vape","17":"product_cat-poland-hot-sale-vape","18":"product_cat-spain-best-hot-sale-vape","19":"product_cat-fance-hot-sale-vape","20":"product_cat-15000-puffs-disposable-vapes","21":"product_cat-rechargeable-vapes","22":"product_cat-smart-screen-vapes","23":"product_cat-minimum-order-quantity-50pcs","24":"product_tag-crystal-pro-max","25":"product_tag-disposable-vape-wholesale","26":"product_tag-low-nicotine-disposable-vape","27":"product_tag-nicotine-free-disposable-vape","28":"product_tag-rechargeable-disposable-vape","29":"desktop-align-left","30":"tablet-align-left","31":"mobile-align-left","33":"first","34":"instock","35":"sale","36":"shipping-taxable","37":"purchasable","38":"product-type-simple"},"uagb_featured_image_src":{"full":["https:\/\/rmvapesale.com\/wp-content\/uploads\/2024\/09\/UZY-Crystal-Pro-Max-10k-puffs-Disposable-Vape.jpg",800,800,false],"thumbnail":["https:\/\/rmvapesale.com\/wp-content\/uploads\/2024\/09\/UZY-Crystal-Pro-Max-10k-puffs-Disposable-Vape-150x150.jpg",150,150,true],"medium":["https:\/\/rmvapesale.com\/wp-content\/uploads\/2024\/09\/UZY-Crystal-Pro-Max-10k-puffs-Disposable-Vape-300x300.jpg",300,300,true],"medium_large":["https:\/\/rmvapesale.com\/wp-content\/uploads\/2024\/09\/UZY-Crystal-Pro-Max-10k-puffs-Disposable-Vape-768x768.jpg",768,768,true],"large":["https:\/\/rmvapesale.com\/wp-content\/uploads\/2024\/09\/UZY-Crystal-Pro-Max-10k-puffs-Disposable-Vape.jpg",800,800,false],"1536x1536":["https:\/\/rmvapesale.com\/wp-content\/uploads\/2024\/09\/UZY-Crystal-Pro-Max-10k-puffs-Disposable-Vape.jpg",800,800,false],"2048x2048":["https:\/\/rmvapesale.com\/wp-content\/uploads\/2024\/09\/UZY-Crystal-Pro-Max-10k-puffs-Disposable-Vape.jpg",800,800,false],"trp-custom-language-flag":["https:\/\/rmvapesale.com\/wp-content\/uploads\/2024\/09\/UZY-Crystal-Pro-Max-10k-puffs-Disposable-Vape.jpg",12,12,false],"woocommerce_thumbnail":["https:\/\/rmvapesale.com\/wp-content\/uploads\/2024\/09\/UZY-Crystal-Pro-Max-10k-puffs-Disposable-Vape-300x300.jpg",300,300,true],"woocommerce_single":["https:\/\/rmvapesale.com\/wp-content\/uploads\/2024\/09\/UZY-Crystal-Pro-Max-10k-puffs-Disposable-Vape-600x600.jpg",600,600,true],"woocommerce_gallery_thumbnail":["https:\/\/rmvapesale.com\/wp-content\/uploads\/2024\/09\/UZY-Crystal-Pro-Max-10k-puffs-Disposable-Vape-100x100.jpg",100,100,true],"wcpr-photo-reviews":["https:\/\/rmvapesale.com\/wp-content\/uploads\/2024\/09\/UZY-Crystal-Pro-Max-10k-puffs-Disposable-Vape.jpg",500,500,false]},"uagb_author_info":{"display_name":"AMY","author_link":"https:\/\/rmvapesale.com\/pl\/author\/"},"uagb_comment_info":0,"uagb_excerpt":"UZY Crystal Pro Max 10k Puffs Top Flavour in Stock Authentic UZY Crystal Pro Max 10000 Wholesale UZY Crystal Pro Max 10k Puffs 0% 2% 3% 5% Nicotine Contact Amy For More Discount And Right Reply WhatsApp: +86 17776015835","_links":{"self":[{"href":"https:\/\/rmvapesale.com\/pl\/wp-json\/wp\/v2\/product\/2225","targetHints":{"allow":["GET"]}}],"collection":[{"href":"https:\/\/rmvapesale.com\/pl\/wp-json\/wp\/v2\/product"}],"about":[{"href":"https:\/\/rmvapesale.com\/pl\/wp-json\/wp\/v2\/types\/product"}],"replies":[{"embeddable":true,"href":"https:\/\/rmvapesale.com\/pl\/wp-json\/wp\/v2\/comments?post=2225"}],"wp:featuredmedia":[{"embeddable":true,"href":"https:\/\/rmvapesale.com\/pl\/wp-json\/wp\/v2\/media\/2221"}],"wp:attachment":[{"href":"https:\/\/rmvapesale.com\/pl\/wp-json\/wp\/v2\/media?parent=2225"}],"wp:term":[{"taxonomy":"product_brand","embeddable":true,"href":"https:\/\/rmvapesale.com\/pl\/wp-json\/wp\/v2\/product_brand?post=2225"},{"taxonomy":"product_cat","embeddable":true,"href":"https:\/\/rmvapesale.com\/pl\/wp-json\/wp\/v2\/product_cat?post=2225"},{"taxonomy":"product_tag","embeddable":true,"href":"https:\/\/rmvapesale.com\/pl\/wp-json\/wp\/v2\/product_tag?post=2225"}],"curies":[{"name":"wp","href":"https:\/\/api.w.org\/{rel}","templated":true}]}}