{"id":2313,"date":"2024-10-09T09:34:18","date_gmt":"2024-10-09T09:34:18","guid":{"rendered":"https:\/\/rmvapesale.com\/?post_type=product&#038;p=2313"},"modified":"2024-10-09T09:51:33","modified_gmt":"2024-10-09T09:51:33","slug":"bang-box-30000-puff-smart-screen-disposable-vape-wholesale","status":"publish","type":"product","link":"https:\/\/rmvapesale.com\/pl\/product\/bang-box-30000-puff-smart-screen-disposable-vape-wholesale\/","title":{"rendered":"Bang Box 30000 Puffs Smart Screen Jednorazowy Vape Hurtownia"},"content":{"rendered":"<div class=\"B2VR9 CJHX3e\">\n<div class=\"wyccme\">\n<h1 class=\"LC20lb MBeuO DKV0Md\">Bang Box 30000 Puffs Smart Screen Jednorazowy Vape Hurtownia<\/h1>\n<div class=\"flex-shrink-0 flex flex-col relative items-end\">\n<div>\n<div class=\"pt-0\">\n<div class=\"gizmo-bot-avatar flex h-8 w-8 items-center justify-center overflow-hidden rounded-full\">\n<div class=\"relative p-1 rounded-sm flex items-center justify-center bg-token-main-surface-primary text-token-text-primary h-8 w-8\">\n<p>Bang Box 30000 Puf\u00f3w Smart Screen Jednorazowy Vape zosta\u0142 zaprojektowany, aby zapewni\u0107 wyj\u0105tkowe do\u015bwiadczenie vapingowe, teraz dost\u0119pna cena hurtowa na rmvapesale. Z imponuj\u0105cymi 30 000 puf\u00f3w i du\u017c\u0105 pojemno\u015bci\u0105 e-liquid 35 ml, jest stworzony do d\u0142ugotrwa\u0142ego u\u017cytkowania.<\/p>\n<p>To jednorazowe urz\u0105dzenie vape oferuje opcje nikotynowe 0%, 2%, 3% lub 5%, co czyni je odpowiednim zar\u00f3wno dla nowicjuszy, jak i do\u015bwiadczonych u\u017cytkownik\u00f3w. Wyposa\u017cone jest w akumulator 850mAh do \u0142adowania i podw\u00f3jn\u0105 cewk\u0119 mesh, zapewniaj\u0105c bogaty smak i sta\u0142\u0105 produkcj\u0119 pary przy ka\u017cdym pufie.<\/p>\n<p>Co wyr\u00f3\u017cnia Bang Box 30k to jego smart ekran, kt\u00f3ry wy\u015bwietla poziom oleju i mocy, umo\u017cliwiaj\u0105c u\u017cytkownikom \u0142atwe monitorowanie stanu urz\u0105dzenia. Dost\u0119pny w 12 unikalnych smakach, ka\u017cdy znajdzie co\u015b dla siebie.<\/p>\n<p>Idealny dla hurtowych nabywc\u00f3w, Bang Box 30000 Puf\u00f3w Smart Screen Jednorazowy Vape \u0142\u0105czy wygod\u0119, wydajno\u015b\u0107 i r\u00f3\u017cnorodno\u015b\u0107, czyni\u0105c go najlepszym wyborem dla sprzedawc\u00f3w detalicznych.<\/p>\n<\/div>\n<\/div>\n<\/div>\n<\/div>\n<\/div>\n<div class=\"group\/conversation-turn relative flex w-full min-w-0 flex-col agent-turn\">\n<div class=\"flex-col gap-1 md:gap-3\">\n<div class=\"flex max-w-full flex-col flex-grow\">\n<div class=\"min-h-8 text-message flex w-full flex-col items-end gap-2 whitespace-normal break-words [.text-message+&amp;]:mt-5\" dir=\"auto\" data-message-author-role=\"assistant\" data-message-id=\"871c1362-82be-4876-894c-d28f37ffd3d3\">\n<div class=\"flex w-full flex-col gap-1 empty:hidden first:pt-[3px]\">\n<div class=\"markdown prose w-full break-words dark:prose-invert light\">\n<p>&nbsp;<\/p>\n<\/div>\n<\/div>\n<\/div>\n<\/div>\n<\/div>\n<\/div>\n<\/div>\n<\/div>\n<p><strong>Skontaktuj si\u0119 z Amy, aby uzyska\u0107 w\u0142a\u015bciw\u0105 odpowied\u017a i wi\u0119cej film\u00f3w o produkcie!<\/strong><\/p>\n<p><img loading=\"lazy\" decoding=\"async\" class=\"size-full wp-image-1978\" src=\"https:\/\/rmvapesale.com\/wp-content\/uploads\/2024\/09\/Disposable-Vape-Wholesale.jpg\" alt=\"Hurtownia Jednorazowych E-papieros\u00f3w\" width=\"229\" height=\"300\" \/><\/p>\n<h3><a href=\"https:\/\/wa.me\/8617776015835\" target=\"_blank\" rel=\"noopener\"><span style=\"color: #ff0000\"><strong>WhatsApp: +86 17776015835<\/strong><\/span><\/a><\/h3>\n<p>&nbsp;<\/p>\n<h2><\/h2>\n<h2><strong>Bang Box 30000 Puf\u00f3w Smart Screen Vape Kluczowe cechy<\/strong><\/h2>\n<p>Nikotyna: 0% 2% 3% 5%<br \/>\nPufy: 30000 puf\u00f3w<br \/>\nPojemno\u015b\u0107: 35ml<br \/>\nDost\u0119pnych 12 smak\u00f3w<br \/>\nAkumulator 850 mAh<br \/>\nPodw\u00f3jna Grza\u0142ka Mesh<br \/>\nSmart Screen: wska\u017anik oleju\/mocy<\/p>\n<figure id=\"attachment_2311\" aria-describedby=\"caption-attachment-2311\" style=\"width: 300px\" class=\"wp-caption alignnone\"><img loading=\"lazy\" decoding=\"async\" class=\"size-medium wp-image-2311\" src=\"https:\/\/rmvapesale.com\/wp-content\/uploads\/2024\/10\/Bang-Box-30000-Puff-Smart-Screen-E-Cigarettes-300x300.jpg\" alt=\"Bang Box 30000 Puf\u00f3w Smart Screen E-Papierosy\" width=\"300\" height=\"300\" srcset=\"https:\/\/rmvapesale.com\/wp-content\/uploads\/2024\/10\/Bang-Box-30000-Puff-Smart-Screen-E-Cigarettes-300x300.jpg 300w, https:\/\/rmvapesale.com\/wp-content\/uploads\/2024\/10\/Bang-Box-30000-Puff-Smart-Screen-E-Cigarettes-150x150.jpg 150w, https:\/\/rmvapesale.com\/wp-content\/uploads\/2024\/10\/Bang-Box-30000-Puff-Smart-Screen-E-Cigarettes-768x768.jpg 768w, https:\/\/rmvapesale.com\/wp-content\/uploads\/2024\/10\/Bang-Box-30000-Puff-Smart-Screen-E-Cigarettes-600x600.jpg 600w, https:\/\/rmvapesale.com\/wp-content\/uploads\/2024\/10\/Bang-Box-30000-Puff-Smart-Screen-E-Cigarettes-100x100.jpg 100w, https:\/\/rmvapesale.com\/wp-content\/uploads\/2024\/10\/Bang-Box-30000-Puff-Smart-Screen-E-Cigarettes.jpg 800w\" sizes=\"auto, (max-width: 300px) 100vw, 300px\" \/><figcaption id=\"caption-attachment-2311\" class=\"wp-caption-text\">Bang Box 30000 Puf\u00f3w Smart Screen E-Papierosy<\/figcaption><\/figure>\n<h2><strong>Najlepszy smak dla Bang Box 30000 Puf\u00f3w Smart Screen E-Papieros\u00f3w\u00a0<\/strong><\/h2>\n<p>Bang Box 30000 Puf\u00f3w Smart Screen Jednorazowy Vape oferuje 12 wy\u015bmienitych smak\u00f3w, wybierz spo\u015br\u00f3d r\u00f3\u017cnych smak\u00f3w, w tym klasyczn\u0105 orze\u017awiaj\u0105c\u0105 mi\u0119t\u0119, oraz egzotyczn\u0105 s\u0142odycz winogrona, ka\u017cdy z nich obiecuje bogat\u0105 i satysfakcjonuj\u0105c\u0105 podr\u00f3\u017c przy ka\u017cdym pufie.<\/p>\n<p>1. Truskawka Kiwi<br \/>\n2. Czarna Eksplozja<span style=\"color: #ff0000\"><strong>&gt;&gt;&gt;&gt; Gor\u0105ce!<\/strong><\/span><br \/>\n3. Arbuz truskawkowy<br \/>\n4. D\u017cungla Sok<br \/>\n5. Bor\u00f3wka S\u0142odka Malina L\u00f3d<span style=\"color: #ff0000\"><strong>&gt;&gt;&gt;&gt; Gor\u0105ce!<\/strong><\/span><br \/>\n6. Arbuzowy l\u00f3d<br \/>\n7. Bor\u00f3wka L\u00f3d<br \/>\n8. Bor\u00f3wka Pomara\u0144cza<br \/>\n9. Niebieski Eksplozja<span style=\"color: #ff0000\"><strong>&gt;&gt;&gt;&gt; Najlepsze!<\/strong><\/span><br \/>\n10. Jab\u0142ko Brzoskwinia<br \/>\n11. Owoc Passion<br \/>\n12. Podw\u00f3jna Winogrona<\/p>\n<p>&nbsp;<\/p>\n<div class=\"flex-shrink-0 flex flex-col relative items-end\">\n<div>\n<div class=\"pt-0\">\n<div class=\"gizmo-bot-avatar flex h-8 w-8 items-center justify-center overflow-hidden rounded-full\">\n<div class=\"relative p-1 rounded-sm flex items-center justify-center bg-token-main-surface-primary text-token-text-primary h-8 w-8\">\n<h3><b>FAQ<\/b><\/h3>\n<p>&nbsp;<\/p>\n<\/div>\n<\/div>\n<\/div>\n<\/div>\n<\/div>\n<div class=\"group\/conversation-turn relative flex w-full min-w-0 flex-col agent-turn\">\n<div class=\"flex-col gap-1 md:gap-3\">\n<div class=\"flex max-w-full flex-col flex-grow\">\n<div class=\"min-h-8 text-message flex w-full flex-col items-end gap-2 whitespace-normal break-words [.text-message+&amp;]:mt-5\" dir=\"auto\" data-message-author-role=\"assistant\" data-message-id=\"f226d3fc-81f3-46d5-8c46-31787fff0357\">\n<div class=\"flex w-full flex-col gap-1 empty:hidden first:pt-[3px]\">\n<div class=\"markdown prose w-full break-words dark:prose-invert light\">\n<p><strong>Q1: Jakie mocno\u015bci nikotyny s\u0105 dost\u0119pne dla Bang Box 30000 Puf\u00f3w Jednorazowego E-papierosa z Ekranem Smart?<\/strong><br \/>\nA1: Bang Box oferuje opcje nikotyny 0%, 2%, 3% i 5%, umo\u017cliwiaj\u0105c u\u017cytkownikom wyb\u00f3r w zale\u017cno\u015bci od preferencji.<\/p>\n<p><strong>Q2: Ile puf\u00f3w oferuje jednorazowy e-papieros Bang Box 30000 Puf\u00f3w?<\/strong><br \/>\nA2: To urz\u0105dzenie zapewnia do 30 000 puf\u00f3w, oferuj\u0105c d\u0142u\u017csze do\u015bwiadczenie vapowania.<\/p>\n<p><strong>Q3: Jakie smaki s\u0105 dost\u0119pne dla e-papieros\u00f3w Bang Box 30000 Puf\u00f3w z wy\u015bwietlaczem LED?<\/strong><br \/>\nA3: Wybierz spo\u015br\u00f3d 12 ekscytuj\u0105cych smak\u00f3w, w tym Truskawka Kiwi, Czarna Wi\u015bnia, Arbuz z lodem, Jagoda z kwa\u015bn\u0105 malin\u0105 i innymi!<\/p>\n<p><strong>Q4: Jaka jest pojemno\u015b\u0107 jednorazowego e-papierosa Bang Box 30000 Puf\u00f3w z wy\u015bwietlaczem LED?<\/strong><br \/>\nA4: E-papieros mie\u015bci 35 ml e-liquid, zapewniaj\u0105c d\u0142ugotrwa\u0142e u\u017cytkowanie bez cz\u0119stych uzupe\u0142nie\u0144.<\/p>\n<p><strong>Q5: Jak dzia\u0142a funkcja smart screen w jednorazowym e-papierosie Bang Box 30000 Puf\u00f3w?<\/strong><br \/>\nA5: Smart screen wy\u015bwietla poziom oleju i baterii, pomagaj\u0105c u\u017cytkownikom \u0142atwo monitorowa\u0107 stan urz\u0105dzenia.<\/p>\n<p><strong>Q6: Czy jednorazowy e-papieros Bang Box 30k Puf\u00f3w z ekranem smart jest \u0142adowalny?<\/strong><br \/>\nA6: Tak, wyposa\u017cony jest w \u0142adowaln\u0105 bateri\u0119 o pojemno\u015bci 850mAh, zapewniaj\u0105c\u0105 ci\u0105g\u0142e u\u017cytkowanie w razie potrzeby.<\/p>\n<p><strong>Q7: Co sprawia, \u017ce podw\u00f3jna siatka grza\u0142ki jest wyj\u0105tkowa w e-papierosach Bang Box 30000 Puf\u00f3w z wy\u015bwietlaczem LED?<\/strong><br \/>\nA7: Podw\u00f3jna siatka zwi\u0119ksza produkcj\u0119 pary i zapewnia bogatszy, bardziej sp\u00f3jny smak.<\/p>\n<p><strong>Q8: Czy mog\u0119 kupi\u0107 jednorazowego e-papierosa Bang Box 30000 Puf\u00f3w hurtowo?<\/strong><br \/>\nA8: Tak, oferujemy <strong>Hurtow\u0105 sprzeda\u017c jednorazowego e-papierosa Bang Box 30000 Puf\u00f3w z ekranem smart<\/strong> oraz opcje hurtowe dla detalist\u00f3w.<\/p>\n<p><strong>Jaka jest najlepsza opcja zakupu hurtowego jednorazowych e-papieros\u00f3w Bang Box 30000 Puff LED Display?<\/strong><br \/>\nA9: Aby uzyska\u0107 najbardziej konkurencyjne ceny i opcje hurtowe, mo\u017cesz przejrze\u0107 <strong>Bang Box 30000 Pali Puff Wy\u015bwietlacz LED E-Papierosy Hurt<\/strong> okazje.<\/p>\n<\/div>\n<\/div>\n<\/div>\n<\/div>\n<\/div>\n<\/div>\n<p>&nbsp;<\/p>\n<h3><\/h3>\n<h3>O wysy\u0142ce<\/h3>\n<div class=\"flex-shrink-0 flex flex-col relative items-end\">\n<div>\n<div class=\"pt-0\">\n<div class=\"gizmo-bot-avatar flex h-8 w-8 items-center justify-center overflow-hidden rounded-full\">\n<div><\/div>\n<div class=\"relative p-1 rounded-sm flex items-center justify-center bg-token-main-surface-primary text-token-text-primary h-8 w-8\"><strong>1. Jakie metody wysy\u0142ki s\u0105 stosowane?<\/strong><\/div>\n<\/div>\n<\/div>\n<\/div>\n<\/div>\n<div class=\"group\/conversation-turn relative flex w-full min-w-0 flex-col agent-turn\">\n<div class=\"flex-col gap-1 md:gap-3\">\n<div class=\"flex max-w-full flex-col flex-grow\">\n<div class=\"min-h-[20px] text-message flex w-full flex-col items-end gap-2 whitespace-normal break-words [.text-message+&amp;]:mt-5 overflow-x-auto\" dir=\"auto\" data-message-author-role=\"assistant\" data-message-id=\"22f8283b-3233-46ff-89a5-c7a41b33abda\">\n<div class=\"flex w-full flex-col gap-1 empty:hidden first:pt-[3px]\">\n<div class=\"markdown prose w-full break-words dark:prose-invert light\">\n<p>Wsp\u00f3\u0142pracujemy z UPS, DHL, FedEx, DPD i innymi wiod\u0105cymi przewo\u017anikami. Wybierzemy najlepsz\u0105 metod\u0119 wysy\u0142ki w oparciu o Twoj\u0105 lokalizacj\u0119, aby zapewni\u0107, \u017ce otrzymasz swoje produkty tak szybko, jak to mo\u017cliwe.<\/p>\n<\/div>\n<p><strong>2. Ile czasu zajmuje dostawa?<\/strong><\/p>\n<p>Paczki wysy\u0142ane do Polski zazwyczaj docieraj\u0105 w ci\u0105gu 10 dni roboczych. Wysy\u0142ka do innych kraj\u00f3w europejskich trwa zwykle oko\u0142o 12-15 dni roboczych. B\u0119dziemy dostarcza\u0107 aktualizacje w czasie rzeczywistym na temat statusu Twojej przesy\u0142ki.<\/p>\n<\/div>\n<p><strong>3. Gwarancja<\/strong><\/p>\n<p><span style=\"color: #ff0000\"><strong>Wszystkie produkty w naszym sklepie s\u0105 w 100% oryginalne i autentyczne. Oferujemy 10-krotn\u0105 rekompensat\u0119 za podrobione towary!<\/strong><\/span><\/p>\n<div class=\"flex w-full flex-col gap-1 empty:hidden first:pt-[3px]\">\n<p>&nbsp;<\/p>\n<\/div>\n<\/div>\n<\/div>\n<\/div>\n<\/div>\n<p>&nbsp;<\/p>\n<p>Inne popularne e-papierosy, kt\u00f3re mog\u0105 Ci si\u0119 spodoba\u0107:<\/p>\n<p><a href=\"https:\/\/rmvapesale.com\/pl\/product\/aivono-aim-magic-20000-20k-puffs-disposable-vape-pod\/\"><strong>Aivono Aim Magic 20000 Puff\u00a0 \u00a0<span style=\"color: #ff0000\">&gt;&gt;&gt;&gt; id\u017a!<\/span><\/strong><\/a><\/p>\n<p><strong><a href=\"https:\/\/rmvapesale.com\/pl\/product\/waspe-fihp-30000-puffs-led-display-disposable-vape-box\/\">WASPE FIHP 30000 Zaci\u0105gni\u0119\u0107 <span style=\"color: #ff0000\">&gt;&gt;&gt;&gt; id\u017a!<\/span><\/a>\u00a0<\/strong><\/p>\n<p><a href=\"https:\/\/rmvapesale.com\/pl\/product\/uzy-crystal-pro-max-10k-puffs-disposable-vape-pen-wholesale\/\"><strong>UZY Crystal Pro Max 10k zaci\u0105gni\u0119\u0107 <span style=\"color: #ff0000\">&gt;&gt;&gt;&gt; id\u017a!<\/span><\/strong><\/a><\/p>\n<p>&nbsp;<\/p>\n<p>&nbsp;<\/p>\n<p>Znajd\u017a wi\u0119cej produkt\u00f3w Vape, kt\u00f3re mog\u0105 Ci si\u0119 spodoba\u0107:<strong><em><a href=\"https:\/\/rmvapesale.com\/pl\/shop-2\/\">kup teraz &gt;&gt;&gt;<\/a><\/em><\/strong><\/p>","protected":false},"excerpt":{"rendered":"<p>Bang Box 30000 Puf\u00f3w Smart Screen Jednorazowe E-Papierosy<br \/>\nBang Vape Box 30000 Puf\u00f3w Jednorazowy Vape Hurt<br \/>\nBang Box 30000 Puf\u00f3w 0% 2% 3% 5% Beznikotynowe Zakupy Hurtowe<\/p>\n<p><img loading=\"lazy\" decoding=\"async\" class=\"size-full wp-image-1978\" src=\"https:\/\/rmvapesale.com\/wp-content\/uploads\/2024\/09\/Disposable-Vape-Wholesale.jpg\" alt=\"Hurtownia Jednorazowych E-papieros\u00f3w\" width=\"229\" height=\"300\" \/><\/p>\n<h3><a href=\"https:\/\/wa.me\/8617776015835\"><span style=\"color: #ff0000\"><strong>WhatsApp: +86 17776015835<\/strong><\/span><\/a><\/h3>\n<p>&nbsp;<\/p>","protected":false},"featured_media":2310,"comment_status":"open","ping_status":"closed","template":"","meta":{"_uag_custom_page_level_css":"","_lmt_disableupdate":"","_lmt_disable":"","site-sidebar-layout":"default","site-content-layout":"content-boxed-container","ast-site-content-layout":"normal-width-container","site-content-style":"boxed","site-sidebar-style":"unboxed","ast-global-header-display":"","ast-banner-title-visibility":"","ast-main-header-display":"","ast-hfb-above-header-display":"","ast-hfb-below-header-display":"","ast-hfb-mobile-header-display":"","site-post-title":"","ast-breadcrumbs-content":"","ast-featured-img":"","footer-sml-layout":"","ast-disable-related-posts":"","theme-transparent-header-meta":"default","adv-header-id-meta":"","stick-header-meta":"","header-above-stick-meta":"","header-main-stick-meta":"","header-below-stick-meta":"","astra-migrate-meta-layouts":"set","ast-page-background-enabled":"default","ast-page-background-meta":{"desktop":{"background-color":"var(--ast-global-color-4)","background-image":"","background-repeat":"repeat","background-position":"center center","background-size":"auto","background-attachment":"scroll","background-type":"","background-media":"","overlay-type":"","overlay-color":"","overlay-opacity":"","overlay-gradient":""},"tablet":{"background-color":"","background-image":"","background-repeat":"repeat","background-position":"center center","background-size":"auto","background-attachment":"scroll","background-type":"","background-media":"","overlay-type":"","overlay-color":"","overlay-opacity":"","overlay-gradient":""},"mobile":{"background-color":"","background-image":"","background-repeat":"repeat","background-position":"center center","background-size":"auto","background-attachment":"scroll","background-type":"","background-media":"","overlay-type":"","overlay-color":"","overlay-opacity":"","overlay-gradient":""}},"ast-content-background-meta":{"desktop":{"background-color":"var(--ast-global-color-5)","background-image":"","background-repeat":"repeat","background-position":"center center","background-size":"auto","background-attachment":"scroll","background-type":"","background-media":"","overlay-type":"","overlay-color":"","overlay-opacity":"","overlay-gradient":""},"tablet":{"background-color":"var(--ast-global-color-5)","background-image":"","background-repeat":"repeat","background-position":"center center","background-size":"auto","background-attachment":"scroll","background-type":"","background-media":"","overlay-type":"","overlay-color":"","overlay-opacity":"","overlay-gradient":""},"mobile":{"background-color":"var(--ast-global-color-5)","background-image":"","background-repeat":"repeat","background-position":"center center","background-size":"auto","background-attachment":"scroll","background-type":"","background-media":"","overlay-type":"","overlay-color":"","overlay-opacity":"","overlay-gradient":""}},"_joinchat":[]},"product_brand":[],"product_cat":[15,60,27,25,123,30,26,28],"product_tag":[63,66,125,96,101,105,120],"class_list":{"0":"post-2313","1":"product","2":"type-product","3":"status-publish","4":"has-post-thumbnail","6":"product_cat-new-vape-this-week","7":"product_cat-bang-vapes","8":"product_cat-fance-hot-sale-vape","9":"product_cat-germany-best-selling-vape","10":"product_cat-italy-wholesale-vape","11":"product_cat-minimum-order-quantity-50pcs","12":"product_cat-netherlands-hot-sale-vape","13":"product_cat-poland-hot-sale-vape","14":"product_tag-bang-vapes","15":"product_tag-disposable-vape","16":"product_tag-disposable-vape-italy","17":"product_tag-disposable-vape-wholesale-uk","18":"product_tag-led-display-vape","19":"product_tag-nicotine-free-disposable-vape","20":"product_tag-vape-wholesale","21":"desktop-align-left","22":"tablet-align-left","23":"mobile-align-left","25":"first","26":"instock","27":"sale","28":"shipping-taxable","29":"purchasable","30":"product-type-simple"},"uagb_featured_image_src":{"full":["https:\/\/rmvapesale.com\/wp-content\/uploads\/2024\/10\/Bang-Box-30000-Puff-Smart-Screen-Disposable-Vape.jpg",800,801,false],"thumbnail":["https:\/\/rmvapesale.com\/wp-content\/uploads\/2024\/10\/Bang-Box-30000-Puff-Smart-Screen-Disposable-Vape-150x150.jpg",150,150,true],"medium":["https:\/\/rmvapesale.com\/wp-content\/uploads\/2024\/10\/Bang-Box-30000-Puff-Smart-Screen-Disposable-Vape-300x300.jpg",300,300,true],"medium_large":["https:\/\/rmvapesale.com\/wp-content\/uploads\/2024\/10\/Bang-Box-30000-Puff-Smart-Screen-Disposable-Vape-768x769.jpg",768,769,true],"large":["https:\/\/rmvapesale.com\/wp-content\/uploads\/2024\/10\/Bang-Box-30000-Puff-Smart-Screen-Disposable-Vape.jpg",800,801,false],"1536x1536":["https:\/\/rmvapesale.com\/wp-content\/uploads\/2024\/10\/Bang-Box-30000-Puff-Smart-Screen-Disposable-Vape.jpg",800,801,false],"2048x2048":["https:\/\/rmvapesale.com\/wp-content\/uploads\/2024\/10\/Bang-Box-30000-Puff-Smart-Screen-Disposable-Vape.jpg",800,801,false],"trp-custom-language-flag":["https:\/\/rmvapesale.com\/wp-content\/uploads\/2024\/10\/Bang-Box-30000-Puff-Smart-Screen-Disposable-Vape.jpg",12,12,false],"woocommerce_thumbnail":["https:\/\/rmvapesale.com\/wp-content\/uploads\/2024\/10\/Bang-Box-30000-Puff-Smart-Screen-Disposable-Vape-300x300.jpg",300,300,true],"woocommerce_single":["https:\/\/rmvapesale.com\/wp-content\/uploads\/2024\/10\/Bang-Box-30000-Puff-Smart-Screen-Disposable-Vape-600x601.jpg",600,601,true],"woocommerce_gallery_thumbnail":["https:\/\/rmvapesale.com\/wp-content\/uploads\/2024\/10\/Bang-Box-30000-Puff-Smart-Screen-Disposable-Vape-100x100.jpg",100,100,true],"wcpr-photo-reviews":["https:\/\/rmvapesale.com\/wp-content\/uploads\/2024\/10\/Bang-Box-30000-Puff-Smart-Screen-Disposable-Vape.jpg",500,500,false]},"uagb_author_info":{"display_name":"AMY","author_link":"https:\/\/rmvapesale.com\/pl\/author\/"},"uagb_comment_info":0,"uagb_excerpt":"Bang Box 30000 Puffs Smart Screen Disposable E Cigarettes Bang Vape Box 30000 Puffs Disposable Vape Wholesale Bang Box 30000 Puffs 0% 2% 3% 5% Free Nicotine Bulk Buy WhatsApp: +86 17776015835 &nbsp;","_links":{"self":[{"href":"https:\/\/rmvapesale.com\/pl\/wp-json\/wp\/v2\/product\/2313","targetHints":{"allow":["GET"]}}],"collection":[{"href":"https:\/\/rmvapesale.com\/pl\/wp-json\/wp\/v2\/product"}],"about":[{"href":"https:\/\/rmvapesale.com\/pl\/wp-json\/wp\/v2\/types\/product"}],"replies":[{"embeddable":true,"href":"https:\/\/rmvapesale.com\/pl\/wp-json\/wp\/v2\/comments?post=2313"}],"wp:featuredmedia":[{"embeddable":true,"href":"https:\/\/rmvapesale.com\/pl\/wp-json\/wp\/v2\/media\/2310"}],"wp:attachment":[{"href":"https:\/\/rmvapesale.com\/pl\/wp-json\/wp\/v2\/media?parent=2313"}],"wp:term":[{"taxonomy":"product_brand","embeddable":true,"href":"https:\/\/rmvapesale.com\/pl\/wp-json\/wp\/v2\/product_brand?post=2313"},{"taxonomy":"product_cat","embeddable":true,"href":"https:\/\/rmvapesale.com\/pl\/wp-json\/wp\/v2\/product_cat?post=2313"},{"taxonomy":"product_tag","embeddable":true,"href":"https:\/\/rmvapesale.com\/pl\/wp-json\/wp\/v2\/product_tag?post=2313"}],"curies":[{"name":"wp","href":"https:\/\/api.w.org\/{rel}","templated":true}]}}