{"id":2320,"date":"2024-10-10T01:23:26","date_gmt":"2024-10-10T01:23:26","guid":{"rendered":"https:\/\/rmvapesale.com\/?post_type=product&#038;p=2320"},"modified":"2024-10-10T09:25:15","modified_gmt":"2024-10-10T09:25:15","slug":"elf-box-digital-12000-puffs-led-display-disposable-vape","status":"publish","type":"product","link":"https:\/\/rmvapesale.com\/pl\/product\/elf-box-digital-12000-puffs-led-display-disposable-vape\/","title":{"rendered":"ELF BOX Digital 12000 zaci\u0105gni\u0119\u0107, jednorazowy e-papieros z wy\u015bwietlaczem LED"},"content":{"rendered":"<div class=\"B2VR9 CJHX3e\">\n<div class=\"wyccme\">\n<h1 class=\"LC20lb MBeuO DKV0Md\">ELF BOX Digital 12000 Puffs Jednorazowy Vape z Wy\u015bwietlaczem LED Zakup Hurtowy<\/h1>\n<div class=\"flex-shrink-0 flex flex-col relative items-end\">\n<div>\n<div class=\"pt-0\">\n<div class=\"gizmo-bot-avatar flex h-8 w-8 items-center justify-center overflow-hidden rounded-full\">\n<div class=\"relative p-1 rounded-sm flex items-center justify-center bg-token-main-surface-primary text-token-text-primary h-8 w-8\">\n<p>Przygotuj si\u0119 na podniesienie poziomu swojego wapowania z <strong>ELF BOX Digital 12000 zaci\u0105gni\u0119\u0107, jednorazowy e-papieros z wy\u015bwietlaczem LED<\/strong>! Ten vape zapewnia niesamowite <strong>12 000 zaci\u0105gni\u0119\u0107<\/strong>, co daje d\u0142ugotrwa\u0142\u0105 satysfakcj\u0119 bez potrzeby ci\u0105g\u0142ych wymian. Idealny do codziennego u\u017cytku, zosta\u0142 zaprojektowany z my\u015bl\u0105 o wygodzie i wydajno\u015bci.<\/p>\n<p>Dzi\u0119ki <strong>pojemno\u015bci 23 ml e-liquidu<\/strong> oraz <strong>Grza\u0142ka mesh 0,8ohm<\/strong>mo\u017cesz spodziewa\u0107 si\u0119 g\u0142adkich, aromatycznych zaci\u0105gni\u0119\u0107 za ka\u017cdym razem, gdy wapujesz. Wybierz spo\u015br\u00f3d <strong>0%, 2%, 3% lub 5% st\u0119\u017ce\u0144 nikotyny<\/strong> aby dostosowa\u0107 swoje do\u015bwiadczenie dok\u0142adnie do swoich upodoba\u0144.<\/p>\n<p>Wbudowany <strong>cyfrowy wy\u015bwietlacz LED<\/strong> informuje Ci\u0119 o stanie baterii i poziomie e-liquidu, dzi\u0119ki czemu zawsze masz kontrol\u0119. Dodatkowo, z <strong>\u0142adowaln\u0105 bateri\u0105 500 mAh<\/strong> i <strong>Typu-C<\/strong>, mo\u017cesz szybko na\u0142adowa\u0107 i wapowa\u0107 przez ca\u0142y dzie\u0144.<\/p>\n<p>Idealny dla kupuj\u0105cych hurtowo, <strong>ELF BOX Digital 12000<\/strong> jest idealny dla tych, kt\u00f3rzy pragn\u0105 najwy\u017cszej klasy wydajno\u015bci w eleganckiej, \u0142atwej w u\u017cyciu formie. Zr\u00f3b zapasy ju\u017c teraz i daj swoim klientom waporyzator, kt\u00f3ry pokochaj\u0105!<\/p>\n<p>Zam\u00f3w sw\u00f3j <strong>Jednorazowy waporyzator ELF BOX Digital 12000 LED Display \u2013 zakup hurtowy<\/strong> ju\u017c dzi\u015b i dodaj to urz\u0105dzenie do swojego asortymentu!<\/p>\n<p>&nbsp;<\/p>\n<\/div>\n<\/div>\n<\/div>\n<\/div>\n<\/div>\n<\/div>\n<\/div>\n<p><strong>Skontaktuj si\u0119 z Amy, aby uzyska\u0107 w\u0142a\u015bciw\u0105 odpowied\u017a i wi\u0119cej film\u00f3w o produkcie!<\/strong><\/p>\n<p><img loading=\"lazy\" decoding=\"async\" class=\"size-full wp-image-1978\" src=\"https:\/\/rmvapesale.com\/wp-content\/uploads\/2024\/09\/Disposable-Vape-Wholesale.jpg\" alt=\"Hurtownia Jednorazowych E-papieros\u00f3w\" width=\"229\" height=\"300\" \/><\/p>\n<h3><a href=\"https:\/\/wa.me\/8617776015835\" target=\"_blank\" rel=\"noopener\"><span style=\"color: #ff0000\"><strong>WhatsApp: +86 17776015835<\/strong><\/span><\/a><\/h3>\n<p>&nbsp;<\/p>\n<h2><\/h2>\n<h2><strong>ELF BOX Digital 12000 Puffs \u2013 kluczowe cechy<\/strong><\/h2>\n<p>&nbsp;<\/p>\n<ul>\n<li><strong>Wysoka Liczba Zaci\u0105gni\u0119\u0107<\/strong>: Do 12 000 zaci\u0105gni\u0119\u0107, co zapewnia d\u0142ugotrwa\u0142e i nieprzerwane korzystanie z waporyzatora.<\/li>\n<li><strong>Pojemno\u015b\u0107 E-liquidu<\/strong>: Z 23 ml pojemno\u015bci zbiornika mo\u017cesz wapowa\u0107 d\u0142u\u017cej bez konieczno\u015bci cz\u0119stego uzupe\u0142niania.<\/li>\n<li><strong>Akumulator<\/strong>: Zasilany bateri\u0105 500 mAh, co zapewnia d\u0142ugotrwa\u0142\u0105 wydajno\u015b\u0107 i \u0142atwe \u0142adowanie.<\/li>\n<li><strong>\u0141adowanie Type-C<\/strong>: Szybkie i wydajne \u0142adowanie dzi\u0119ki nowoczesnemu z\u0142\u0105czu Type-C.<\/li>\n<li><strong>Technologia Mesh Coil<\/strong>: Ciesz si\u0119 wzmocnionym smakiem i p\u0142ynn\u0105 produkcj\u0105 pary dzi\u0119ki siatkowej grza\u0142ce 0,8 oma.<\/li>\n<li><strong>Wy\u015bwietlacz cyfrowy<\/strong>: B\u0105d\u017a na bie\u017c\u0105co dzi\u0119ki inteligentnemu cyfrowemu wy\u015bwietlaczowi, kt\u00f3ry pokazuje poziom baterii i e-liquidu.<\/li>\n<li><strong>Opcje Nikotyny<\/strong>: Dost\u0119pne w st\u0119\u017ceniach nikotyny 0%, 2%, 3% i 5%, aby dopasowa\u0107 si\u0119 do Twoich potrzeb.<\/li>\n<\/ul>\n<h2><\/h2>\n<h2><strong>Najlepsze smaki e-papieros\u00f3w ELF BOX Digital 12000 Puffs\u00a0<\/strong><\/h2>\n<p>Jednorazowy waporyzator ELF BOX Digital 12000 Puffs LED Display oferuje 12 przepysznych smak\u00f3w. Wybieraj spo\u015br\u00f3d wielu opcji, w tym klasycznego, orze\u017awiaj\u0105cego ch\u0142odnego mi\u0119tusa oraz egzotycznej s\u0142odyczy winogron. Ka\u017cdy z nich obiecuje bogate, satysfakcjonuj\u0105ce doznania przy ka\u017cdym zaci\u0105gni\u0119ciu.<\/p>\n<p>1.L\u00f3d Arbuzowy <span style=\"color: #ff0000\"><strong>&gt;&gt;&gt;&gt; Gor\u0105ce!<\/strong><\/span><br \/>\n2.L\u00f3d truskawkowy<br \/>\n3. Blue Razz Ice<br \/>\n4.Cola Wi\u015bniowa <span style=\"color: #ff0000\"><strong>&gt;&gt;&gt;&gt; Gor\u0105ce!<\/strong><\/span><br \/>\n5.Truskawkowy Eksplozja<br \/>\n6.Melon Kokosowy<br \/>\n7.Kiwi Marakuja<br \/>\n8.Mieszane Owoce <span style=\"color: #ff0000\"><strong>&gt;&gt;&gt;&gt; Najlepsze!<\/strong><\/span><br \/>\n9.Bor\u00f3wka Kwa\u015bna Malina<br \/>\n10.Podw\u00f3jne Jab\u0142ko<br \/>\n11.Truskawka Arbuz<br \/>\n12.Arbuzowa Guma Balonowa<br \/>\n13.Brzoskwiniowy L\u00f3d<br \/>\n14.Truskawka Banan<br \/>\n15. Mr Blue<br \/>\n16.Je\u017cynowy L\u00f3d<br \/>\n17.Mango L\u00f3d<br \/>\n18.Winogronowy L\u00f3d<br \/>\n19.Brzoskwiniowe Jagody<br \/>\n20. Truskawka Kiwi Owoc<\/p>\n<figure id=\"attachment_2327\" aria-describedby=\"caption-attachment-2327\" style=\"width: 300px\" class=\"wp-caption alignnone\"><img loading=\"lazy\" decoding=\"async\" class=\"size-medium wp-image-2327\" src=\"https:\/\/rmvapesale.com\/wp-content\/uploads\/2024\/10\/Vape-Elf-Box-12000-Puffs-12K-E-cigarette-300x225.jpg\" alt=\"E-papieros Vape Elf Box 12000 Puffs 12K\" width=\"300\" height=\"225\" srcset=\"https:\/\/rmvapesale.com\/wp-content\/uploads\/2024\/10\/Vape-Elf-Box-12000-Puffs-12K-E-cigarette-300x225.jpg 300w, https:\/\/rmvapesale.com\/wp-content\/uploads\/2024\/10\/Vape-Elf-Box-12000-Puffs-12K-E-cigarette-768x576.jpg 768w, https:\/\/rmvapesale.com\/wp-content\/uploads\/2024\/10\/Vape-Elf-Box-12000-Puffs-12K-E-cigarette-600x450.jpg 600w, https:\/\/rmvapesale.com\/wp-content\/uploads\/2024\/10\/Vape-Elf-Box-12000-Puffs-12K-E-cigarette.jpg 808w\" sizes=\"auto, (max-width: 300px) 100vw, 300px\" \/><figcaption id=\"caption-attachment-2327\" class=\"wp-caption-text\">E-papieros Vape Elf Box 12000 Puffs 12K<\/figcaption><\/figure>\n<p>&nbsp;<\/p>\n<h3>Dlaczego warto wybra\u0107 Rmvapesale dla swojego jednorazowego e-papierosa ELF BOX Digital 12000 Puffs z wy\u015bwietlaczem LED?<\/h3>\n<div class=\"flex-shrink-0 flex flex-col relative items-end\">\n<div>\n<div class=\"pt-0\">\n<div class=\"gizmo-bot-avatar flex h-8 w-8 items-center justify-center overflow-hidden rounded-full\">\n<div class=\"relative p-1 rounded-sm flex items-center justify-center bg-token-main-surface-primary text-token-text-primary h-8 w-8\">\n<p>&nbsp;<\/p>\n<p>Wybieraj\u0105c Rmvapesale do hurtowych zakup\u00f3w jednorazowych e-papieros\u00f3w, zyskujesz:<\/p>\n<ul>\n<li><strong>Konkurencyjna cena<\/strong>: Uzyskaj dost\u0119p do atrakcyjnych cen hurtowych, kt\u00f3re zwi\u0119ksz\u0105 mar\u017ce Twojej firmy.<\/li>\n<li><strong>Wysoka jako\u015b\u0107<\/strong>: Nasze e-papierosy s\u0105 wykonane zgodnie z najwy\u017cszymi standardami i <span style=\"color: #ff0000\"><strong>maj\u0105 100% gwarancji oryginalno\u015bci i autentyczno\u015bci, w przeciwnym razie otrzymasz 10-krotne odszkodowanie za podrobione towary!<\/strong><\/span><\/li>\n<li><strong>Doskona\u0142a Obs\u0142uga Klienta<\/strong>: Nasz oddany zesp\u00f3\u0142 jest zawsze gotowy, aby Ci pom\u00f3c, dzi\u0119ki czemu proces zakup\u00f3w jest p\u0142ynny i bezproblemowy.<\/li>\n<li><strong>Szybka dostawa<\/strong>: Oczekuj szybkiej i niezawodnej wysy\u0142ki, kt\u00f3ra zapewni, \u017ce Twoje zam\u00f3wienia dotr\u0105 na czas, za ka\u017cdym razem.<\/li>\n<\/ul>\n<h3><\/h3>\n<h3><b>FAQ<\/b><\/h3>\n<p>&nbsp;<\/p>\n<\/div>\n<\/div>\n<\/div>\n<\/div>\n<\/div>\n<div class=\"group\/conversation-turn relative flex w-full min-w-0 flex-col agent-turn\">\n<div class=\"flex-col gap-1 md:gap-3\">\n<div class=\"flex max-w-full flex-col flex-grow\">\n<div class=\"min-h-8 text-message flex w-full flex-col items-end gap-2 whitespace-normal break-words [.text-message+&amp;]:mt-5\" dir=\"auto\" data-message-author-role=\"assistant\" data-message-id=\"f226d3fc-81f3-46d5-8c46-31787fff0357\">\n<div class=\"flex w-full flex-col gap-1 empty:hidden first:pt-[3px]\">\n<div class=\"markdown prose w-full break-words dark:prose-invert light\">\n<p><strong>P1: Ile zaci\u0105gni\u0119\u0107 mog\u0119 uzyska\u0107 z jednorazowego e-papierosa ELF Box Digital 12000 Puffs?<\/strong><br \/>\nO1: The <strong>Jednorazowy e-papieros ELF Box Digital 12000 Puffs<\/strong> zapewnia do <strong>12 000 zaci\u0105gni\u0119\u0107<\/strong>, oferuj\u0105c wyd\u0142u\u017cone doznania z palenia bez konieczno\u015bci cz\u0119stej wymiany.<\/p>\n<p><strong>P2: Jakie smaki s\u0105 dost\u0119pne dla e-papierosa hurtowego ELF Box Digital 12k?<\/strong><br \/>\nO2: Mo\u017cesz cieszy\u0107 si\u0119 20 ekscytuj\u0105cymi smakami, w tym <strong>Arbuzowy L\u00f3d<\/strong>, <strong>Truskawka Banan<\/strong>, <strong>Blue Razz Ice<\/strong>, <strong>Mango L\u00f3d<\/strong>i <strong>Winogrono Lodowe<\/strong>, \u017ceby wymieni\u0107 tylko kilka. Jest smak dla ka\u017cdego!<\/p>\n<p><strong>P3: Jak du\u017ca jest pojemno\u015b\u0107 e-liquidu w jednorazowym e-papierosie ELF Box Digital Box 12000 Puffs?<\/strong><br \/>\nO3: To urz\u0105dzenie jest wyposa\u017cone w pojemny <strong>pojemno\u015bci 23 ml e-liquidu<\/strong>, zapewniaj\u0105c d\u0142ugotrwa\u0142e u\u017cytkowanie bez cz\u0119stego uzupe\u0142niania.<\/p>\n<p><strong>P4: Jakie st\u0119\u017cenia nikotyny s\u0105 dost\u0119pne w e-papierosie ELF Box Digital 12000 Puffs?<\/strong><br \/>\nO4: Mo\u017cesz wybra\u0107 spo\u015br\u00f3d poziom\u00f3w nikotyny <strong>0%, 2%, 3% lub 5% poziomy nikotyny<\/strong>, co u\u0142atwia znalezienie odpowiedniej si\u0142y dla Twojego stylu palenia.<\/p>\n<p><strong>P5: Jak dzia\u0142a cyfrowy wy\u015bwietlacz w jednorazowym e-papierosie ELF Box Digital Box 12k?<\/strong><br \/>\nO5: The <strong>inteligentnemu wy\u015bwietlaczowi cyfrowemu<\/strong> pozwala monitorowa\u0107 zar\u00f3wno poziom baterii, jak i e-liquidu, dzi\u0119ki czemu nigdy nie zostaniesz zaskoczony.<\/p>\n<p><strong>P6: Czy e-papieros ELF Box Digital 12k jest \u0142adowalny?<\/strong><br \/>\nO6: Tak, urz\u0105dzenie jest wyposa\u017cone w <strong>\u0142adowaln\u0105 bateri\u0105 500 mAh<\/strong> oraz <strong>port \u0142adowania Type-C<\/strong> do szybkiego i wydajnego \u0142adowania.<\/p>\n<p><strong>P7: Czy mog\u0119 kupi\u0107 jednorazowy waporyzator ELF Box Digital 12000 Puffs w ilo\u015bciach hurtowych?<\/strong><br \/>\nO7: Zdecydowanie! <strong>ELF Box Digital 12000 Puffs Jednorazowy Vape Hurt<\/strong> opcje s\u0105 dost\u0119pne dla tych, kt\u00f3rzy chc\u0105 zaopatrzy\u0107 si\u0119 w wi\u0119ksze ilo\u015bci i cieszy\u0107 si\u0119 konkurencyjnymi cenami.<\/p>\n<p><strong>P8: Jak\u0105 technologi\u0119 grza\u0142ek wykorzystuje ELF Box Digital Box 12k?<\/strong><br \/>\nO8: Wykorzystuje <strong>Grza\u0142ka mesh 0,8ohm<\/strong> dla wzmocnionego smaku i p\u0142ynnej produkcji pary, zapewniaj\u0105c satysfakcjonuj\u0105ce wra\u017cenia z wapowania.<\/p>\n<\/div>\n<\/div>\n<\/div>\n<\/div>\n<\/div>\n<\/div>\n<p>&nbsp;<\/p>\n<h3><\/h3>\n<h3>O wysy\u0142ce<\/h3>\n<div class=\"flex-shrink-0 flex flex-col relative items-end\">\n<div>\n<div class=\"pt-0\">\n<div class=\"gizmo-bot-avatar flex h-8 w-8 items-center justify-center overflow-hidden rounded-full\">\n<div><\/div>\n<div class=\"relative p-1 rounded-sm flex items-center justify-center bg-token-main-surface-primary text-token-text-primary h-8 w-8\"><strong>1. Jakie metody wysy\u0142ki s\u0105 stosowane?<\/strong><\/div>\n<\/div>\n<\/div>\n<\/div>\n<\/div>\n<div class=\"group\/conversation-turn relative flex w-full min-w-0 flex-col agent-turn\">\n<div class=\"flex-col gap-1 md:gap-3\">\n<div class=\"flex max-w-full flex-col flex-grow\">\n<div class=\"min-h-[20px] text-message flex w-full flex-col items-end gap-2 whitespace-normal break-words [.text-message+&amp;]:mt-5 overflow-x-auto\" dir=\"auto\" data-message-author-role=\"assistant\" data-message-id=\"22f8283b-3233-46ff-89a5-c7a41b33abda\">\n<div class=\"flex w-full flex-col gap-1 empty:hidden first:pt-[3px]\">\n<div class=\"markdown prose w-full break-words dark:prose-invert light\">\n<p>Wsp\u00f3\u0142pracujemy z UPS, DHL, FedEx, DPD i innymi wiod\u0105cymi przewo\u017anikami. Wybierzemy najlepsz\u0105 metod\u0119 wysy\u0142ki w oparciu o Twoj\u0105 lokalizacj\u0119, aby zapewni\u0107, \u017ce otrzymasz swoje produkty tak szybko, jak to mo\u017cliwe.<\/p>\n<\/div>\n<p><strong>2. Ile czasu zajmuje dostawa?<\/strong><\/p>\n<p>Paczki wysy\u0142ane do Polski zazwyczaj docieraj\u0105 w ci\u0105gu 10 dni roboczych. Wysy\u0142ka do innych kraj\u00f3w europejskich trwa zwykle oko\u0142o 12-15 dni roboczych. B\u0119dziemy dostarcza\u0107 aktualizacje w czasie rzeczywistym na temat statusu Twojej przesy\u0142ki.<\/p>\n<\/div>\n<\/div>\n<\/div>\n<\/div>\n<\/div>\n<p>&nbsp;<\/p>\n<p>Inne popularne e-papierosy, kt\u00f3re mog\u0105 Ci si\u0119 spodoba\u0107:<\/p>\n<p><a href=\"https:\/\/rmvapesale.com\/pl\/product\/waspe-12000-puffs-disposable-vape-pen\/\"><strong>WASPE 12000 Zaci\u0105gni\u0119\u0107\u00a0 \u00a0<span style=\"color: #ff0000\">&gt;&gt;&gt;&gt; id\u017a!<\/span><\/strong><\/a><\/p>\n<p><strong><a href=\"https:\/\/rmvapesale.com\/pl\/product\/waspe-fihp-30000-puffs-led-display-disposable-vape-box\/\">WASPE FIHP 30000 Zaci\u0105gni\u0119\u0107 <span style=\"color: #ff0000\">&gt;&gt;&gt;&gt; id\u017a!<\/span><\/a>\u00a0<\/strong><\/p>\n<h2 class=\"woocommerce-loop-product__title\"><a style=\"font-size: 16px\" href=\"https:\/\/rmvapesale.com\/pl\/product\/bang-box-30000-puff-double-taste-smart-screen-disposable-vape-wholesale\/\"><strong>Bang Box 30000 Zaci\u0105gni\u0119\u0107 Podw\u00f3jny Smak <span style=\"color: #ff0000\">&gt;&gt;&gt;&gt; id\u017a!<\/span><\/strong><\/a><\/h2>\n<p>&nbsp;<\/p>\n<p>&nbsp;<\/p>\n<p>Znajd\u017a wi\u0119cej produkt\u00f3w Vape, kt\u00f3re mog\u0105 Ci si\u0119 spodoba\u0107:<strong><em><a href=\"https:\/\/rmvapesale.com\/pl\/shop-2\/\">kup teraz &gt;&gt;&gt;<\/a><\/em><\/strong><\/p>","protected":false},"excerpt":{"rendered":"<p>ELF Box Digital 12000 Puffs 0% 2% 3% 5% Niska Zawarto\u015b\u0107 Nikotyny<br \/>\nELF BOX Digital Box 12000 Puffs Jednorazowe E-papierosy<br \/>\nELF Box Digital 12000 Puffs Jednorazowy Vape Hurt<\/p>\n<p><img loading=\"lazy\" decoding=\"async\" class=\"size-full wp-image-1978\" src=\"https:\/\/rmvapesale.com\/wp-content\/uploads\/2024\/09\/Disposable-Vape-Wholesale.jpg\" alt=\"Hurtownia Jednorazowych E-papieros\u00f3w\" width=\"229\" height=\"300\" \/><\/p>\n<h3><a href=\"https:\/\/wa.me\/8617776015835\"><span style=\"color: #ff0000\"><strong>WhatsApp: +86 17776015835<\/strong><\/span><\/a><\/h3>\n<p>&nbsp;<\/p>","protected":false},"featured_media":2325,"comment_status":"open","ping_status":"closed","template":"","meta":{"_uag_custom_page_level_css":"","_lmt_disableupdate":"","_lmt_disable":"","site-sidebar-layout":"default","site-content-layout":"content-boxed-container","ast-site-content-layout":"normal-width-container","site-content-style":"boxed","site-sidebar-style":"unboxed","ast-global-header-display":"","ast-banner-title-visibility":"","ast-main-header-display":"","ast-hfb-above-header-display":"","ast-hfb-below-header-display":"","ast-hfb-mobile-header-display":"","site-post-title":"","ast-breadcrumbs-content":"","ast-featured-img":"","footer-sml-layout":"","ast-disable-related-posts":"","theme-transparent-header-meta":"default","adv-header-id-meta":"","stick-header-meta":"","header-above-stick-meta":"","header-main-stick-meta":"","header-below-stick-meta":"","astra-migrate-meta-layouts":"set","ast-page-background-enabled":"default","ast-page-background-meta":{"desktop":{"background-color":"var(--ast-global-color-4)","background-image":"","background-repeat":"repeat","background-position":"center center","background-size":"auto","background-attachment":"scroll","background-type":"","background-media":"","overlay-type":"","overlay-color":"","overlay-opacity":"","overlay-gradient":""},"tablet":{"background-color":"","background-image":"","background-repeat":"repeat","background-position":"center center","background-size":"auto","background-attachment":"scroll","background-type":"","background-media":"","overlay-type":"","overlay-color":"","overlay-opacity":"","overlay-gradient":""},"mobile":{"background-color":"","background-image":"","background-repeat":"repeat","background-position":"center center","background-size":"auto","background-attachment":"scroll","background-type":"","background-media":"","overlay-type":"","overlay-color":"","overlay-opacity":"","overlay-gradient":""}},"ast-content-background-meta":{"desktop":{"background-color":"var(--ast-global-color-5)","background-image":"","background-repeat":"repeat","background-position":"center center","background-size":"auto","background-attachment":"scroll","background-type":"","background-media":"","overlay-type":"","overlay-color":"","overlay-opacity":"","overlay-gradient":""},"tablet":{"background-color":"var(--ast-global-color-5)","background-image":"","background-repeat":"repeat","background-position":"center center","background-size":"auto","background-attachment":"scroll","background-type":"","background-media":"","overlay-type":"","overlay-color":"","overlay-opacity":"","overlay-gradient":""},"mobile":{"background-color":"var(--ast-global-color-5)","background-image":"","background-repeat":"repeat","background-position":"center center","background-size":"auto","background-attachment":"scroll","background-type":"","background-media":"","overlay-type":"","overlay-color":"","overlay-opacity":"","overlay-gradient":""}},"_joinchat":[]},"product_brand":[],"product_cat":[15,60,128,27,25,123,30,26,28],"product_tag":[66,125,126,129,101,105,120],"class_list":{"0":"post-2320","1":"product","2":"type-product","3":"status-publish","4":"has-post-thumbnail","6":"product_cat-new-vape-this-week","7":"product_cat-bang-vapes","8":"product_cat-elf-box-disposable-vapes","9":"product_cat-fance-hot-sale-vape","10":"product_cat-germany-best-selling-vape","11":"product_cat-italy-wholesale-vape","12":"product_cat-minimum-order-quantity-50pcs","13":"product_cat-netherlands-hot-sale-vape","14":"product_cat-poland-hot-sale-vape","15":"product_tag-disposable-vape","16":"product_tag-disposable-vape-italy","17":"product_tag-e-cigarettes","18":"product_tag-elf-box-vape","19":"product_tag-led-display-vape","20":"product_tag-nicotine-free-disposable-vape","21":"product_tag-vape-wholesale","22":"desktop-align-left","23":"tablet-align-left","24":"mobile-align-left","26":"first","27":"instock","28":"sale","29":"shipping-taxable","30":"purchasable","31":"product-type-simple"},"uagb_featured_image_src":{"full":["https:\/\/rmvapesale.com\/wp-content\/uploads\/2024\/10\/ELF-Box-Digital-12000-Puffs-Disposable.jpg",808,808,false],"thumbnail":["https:\/\/rmvapesale.com\/wp-content\/uploads\/2024\/10\/ELF-Box-Digital-12000-Puffs-Disposable-150x150.jpg",150,150,true],"medium":["https:\/\/rmvapesale.com\/wp-content\/uploads\/2024\/10\/ELF-Box-Digital-12000-Puffs-Disposable-300x300.jpg",300,300,true],"medium_large":["https:\/\/rmvapesale.com\/wp-content\/uploads\/2024\/10\/ELF-Box-Digital-12000-Puffs-Disposable-768x768.jpg",768,768,true],"large":["https:\/\/rmvapesale.com\/wp-content\/uploads\/2024\/10\/ELF-Box-Digital-12000-Puffs-Disposable.jpg",808,808,false],"1536x1536":["https:\/\/rmvapesale.com\/wp-content\/uploads\/2024\/10\/ELF-Box-Digital-12000-Puffs-Disposable.jpg",808,808,false],"2048x2048":["https:\/\/rmvapesale.com\/wp-content\/uploads\/2024\/10\/ELF-Box-Digital-12000-Puffs-Disposable.jpg",808,808,false],"trp-custom-language-flag":["https:\/\/rmvapesale.com\/wp-content\/uploads\/2024\/10\/ELF-Box-Digital-12000-Puffs-Disposable.jpg",12,12,false],"woocommerce_thumbnail":["https:\/\/rmvapesale.com\/wp-content\/uploads\/2024\/10\/ELF-Box-Digital-12000-Puffs-Disposable-300x300.jpg",300,300,true],"woocommerce_single":["https:\/\/rmvapesale.com\/wp-content\/uploads\/2024\/10\/ELF-Box-Digital-12000-Puffs-Disposable-600x600.jpg",600,600,true],"woocommerce_gallery_thumbnail":["https:\/\/rmvapesale.com\/wp-content\/uploads\/2024\/10\/ELF-Box-Digital-12000-Puffs-Disposable-100x100.jpg",100,100,true],"wcpr-photo-reviews":["https:\/\/rmvapesale.com\/wp-content\/uploads\/2024\/10\/ELF-Box-Digital-12000-Puffs-Disposable.jpg",500,500,false]},"uagb_author_info":{"display_name":"AMY","author_link":"https:\/\/rmvapesale.com\/pl\/author\/"},"uagb_comment_info":0,"uagb_excerpt":"ELF Box Digital 12000 Puffs 0% 2% 3% 5% Low Nicotine ELF BOX Digital Box 12000 Puffs Disposable E Cigarettes ELF Box Digital 12000 Puffs Disposable Vape Wholesale WhatsApp: +86 17776015835 &nbsp;","_links":{"self":[{"href":"https:\/\/rmvapesale.com\/pl\/wp-json\/wp\/v2\/product\/2320","targetHints":{"allow":["GET"]}}],"collection":[{"href":"https:\/\/rmvapesale.com\/pl\/wp-json\/wp\/v2\/product"}],"about":[{"href":"https:\/\/rmvapesale.com\/pl\/wp-json\/wp\/v2\/types\/product"}],"replies":[{"embeddable":true,"href":"https:\/\/rmvapesale.com\/pl\/wp-json\/wp\/v2\/comments?post=2320"}],"wp:featuredmedia":[{"embeddable":true,"href":"https:\/\/rmvapesale.com\/pl\/wp-json\/wp\/v2\/media\/2325"}],"wp:attachment":[{"href":"https:\/\/rmvapesale.com\/pl\/wp-json\/wp\/v2\/media?parent=2320"}],"wp:term":[{"taxonomy":"product_brand","embeddable":true,"href":"https:\/\/rmvapesale.com\/pl\/wp-json\/wp\/v2\/product_brand?post=2320"},{"taxonomy":"product_cat","embeddable":true,"href":"https:\/\/rmvapesale.com\/pl\/wp-json\/wp\/v2\/product_cat?post=2320"},{"taxonomy":"product_tag","embeddable":true,"href":"https:\/\/rmvapesale.com\/pl\/wp-json\/wp\/v2\/product_tag?post=2320"}],"curies":[{"name":"wp","href":"https:\/\/api.w.org\/{rel}","templated":true}]}}