{"id":2329,"date":"2024-10-10T09:22:12","date_gmt":"2024-10-10T09:22:12","guid":{"rendered":"https:\/\/rmvapesale.com\/?post_type=product&#038;p=2329"},"modified":"2024-10-22T07:41:39","modified_gmt":"2024-10-22T07:41:39","slug":"bang-box-30000-puff-double-taste-smart-screen-disposable-vape","status":"publish","type":"product","link":"https:\/\/rmvapesale.com\/pl\/product\/bang-box-30000-puff-double-taste-smart-screen-disposable-vape\/","title":{"rendered":"Bang Box 30000 Zaci\u0105gni\u0119\u0107 Podw\u00f3jny Smak Inteligentny Ekran Jednorazowy Vape"},"content":{"rendered":"<div class=\"B2VR9 CJHX3e\">\n<div class=\"wyccme\">\n<h1 class=\"LC20lb MBeuO DKV0Md\">Bang Box 30000 Pali Duble Smak Smart Ekran Jednorazowy E-papieros Hurt<\/h1>\n<div class=\"flex-shrink-0 flex flex-col relative items-end\">\n<div>\n<div class=\"pt-0\">\n<div class=\"gizmo-bot-avatar flex h-8 w-8 items-center justify-center overflow-hidden rounded-full\">\n<div class=\"relative p-1 rounded-sm flex items-center justify-center bg-token-main-surface-primary text-token-text-primary h-8 w-8\">\n<p>Szukasz idealnego e-papierosa o ogromnej pojemno\u015bci? To <strong>Bang Box 30000 Zaci\u0105gni\u0119\u0107 Podw\u00f3jny Smak Inteligentny Ekran Jednorazowy Vape<\/strong> ci\u0119 pokryje! Z imponuj\u0105cymi 30 000 puf\u00f3w, to urz\u0105dzenie zapewni Ci vaping na dni \u2014 dos\u0142ownie.<\/p>\n<p>Wype\u0142niony <strong>36 ml e-liquidu<\/strong> i zasilany przez <strong>akumulatorowi o pojemno\u015bci 550mAh<\/strong>, Bang Box jest zaprojektowany do d\u0142ugotrwa\u0142ej wydajno\u015bci. Posiada <strong>grza\u0142k\u0119 mesh<\/strong>, zapewniaj\u0105c g\u0142adki i bogaty smak przy ka\u017cdym pufie. <strong>cyfrowy wy\u015bwietlacz LCD<\/strong> utrzymuje Ci\u0119 na bie\u017c\u0105co, pokazuj\u0105c poziom baterii i poziom e-liquid na pierwszy rzut oka, bez niespodzianek!<\/p>\n<p>Z <strong>beznikotynowe<\/strong> opcje takie jak 0%, <strong>Niskonikotynowe <\/strong>opcje takie jak 2%, oraz inne nikotynowe jak 3%, i 5%, mo\u017cesz wybra\u0107 moc, kt\u00f3ra pasuje do Twojego stylu. I nie zapominajmy o ekscytuj\u0105cej <strong>funkcji Double Taste<\/strong>\u2014 oferuj\u0105cej dwukrotnie wi\u0119cej smaku w jednym urz\u0105dzeniu dla niezr\u00f3wnanego do\u015bwiadczenia!<\/p>\n<p>\u0141aduj go \u0142atwo przez port <strong>Typ-C<\/strong> , i zn\u00f3w jeste\u015b gotowy do dzia\u0142ania. <strong>Bang Box 30000 Pali<\/strong> jest idealny dla hurtowych nabywc\u00f3w, kt\u00f3rzy chc\u0105 zaoferowa\u0107 klientom co\u015b, co jest zar\u00f3wno mocne, jak i pe\u0142ne smaku.<\/p>\n<p>Zaopatrz si\u0119 teraz i korzystaj z przywilej\u00f3w <strong>Bang Box 30000 Pali Duble Smak Smart Ekran Jednorazowy E-papieros Hurt<\/strong>!<\/p>\n<p>&nbsp;<\/p>\n<\/div>\n<\/div>\n<\/div>\n<\/div>\n<\/div>\n<\/div>\n<\/div>\n<p><strong>Skontaktuj si\u0119 z Amy, aby uzyska\u0107 w\u0142a\u015bciw\u0105 odpowied\u017a i wi\u0119cej film\u00f3w o produkcie!<\/strong><\/p>\n<p><img loading=\"lazy\" decoding=\"async\" class=\"size-full wp-image-1978\" src=\"https:\/\/rmvapesale.com\/wp-content\/uploads\/2024\/09\/Disposable-Vape-Wholesale.jpg\" alt=\"Hurtownia Jednorazowych E-papieros\u00f3w\" width=\"229\" height=\"300\" \/><\/p>\n<h3><a href=\"https:\/\/wa.me\/8617776015835\" target=\"_blank\" rel=\"noopener\"><span style=\"color: #ff0000\"><strong>WhatsApp: +86 17776015835<\/strong><\/span><\/a><\/h3>\n<p>&nbsp;<\/p>\n<h2><\/h2>\n<h2><strong>Bang Box 30000 Pali Puff Podw\u00f3jny Smak Vape Kluczowe Funkcje<\/strong><\/h2>\n<p>&nbsp;<\/p>\n<ul>\n<li><strong>Wysoka Liczba Zaci\u0105gni\u0119\u0107<\/strong>: Ciesz si\u0119 do 30 000 puf\u00f3w, co czyni go idealnym do codziennego vapowania bez konieczno\u015bci cz\u0119stych wymian.<\/li>\n<li><strong>Du\u017ca pojemno\u015b\u0107 e-liquidu<\/strong>: Z zbiornikiem o pojemno\u015bci 35 ml, ten vape minimalizuje potrzeb\u0119 cz\u0119stych nape\u0142nie\u0144, zapewniaj\u0105c d\u0142u\u017csze u\u017cytkowanie.<\/li>\n<li><strong>Akumulator<\/strong>: Wyposa\u017cony w bateri\u0119 o pojemno\u015bci 850mAh, zapewnia d\u0142ugotrwa\u0142\u0105 wydajno\u015b\u0107 i \u0142atwe \u0142adowanie.<\/li>\n<li><strong>\u0141adowanie Type-C<\/strong>: \u0141aduj szybko i wygodnie za pomoc\u0105 nowoczesnego z\u0142\u0105cza Type-C.<\/li>\n<li><strong>Technologia podw\u00f3jnej siatki grzewczej<\/strong>: Do\u015bwiadcz wzmocnionego smaku i bogatej produkcji pary dla bardziej satysfakcjonuj\u0105cego vapowania.<\/li>\n<li><strong>Inteligentny Wy\u015bwietlacz<\/strong>: B\u0105d\u017a na bie\u017c\u0105co dzi\u0119ki cyfrowemu ekranowi, kt\u00f3ry pokazuje poziom baterii i poziom e-liquid.<\/li>\n<li><strong>Regulowany przep\u0142yw powietrza<\/strong>: Dostosuj sw\u00f3j inhal za pomoc\u0105 podw\u00f3jnej kontroli przep\u0142ywu powietrza w kszta\u0142cie plastra miodu, aby uzyska\u0107 spersonalizowane do\u015bwiadczenie vapowania.<\/li>\n<li><strong>Opcje Nikotyny<\/strong>: Dost\u0119pny w poziomach nikotyny 0%, 2%, 3% i 5%, odpowiadaj\u0105cych r\u00f3\u017cnym preferencjom.<\/li>\n<\/ul>\n<h2><\/h2>\n<h2><strong>Najlepszy smak dla papieros\u00f3w elektronicznych Bang Box 30000 Puff\u00a0<\/strong><\/h2>\n<p>Bang Box 30000 Puf\u00f3w Smart Screen Jednorazowy Vape oferuje 12 wy\u015bmienitych smak\u00f3w, wybierz spo\u015br\u00f3d r\u00f3\u017cnych smak\u00f3w, w tym klasyczn\u0105 orze\u017awiaj\u0105c\u0105 mi\u0119t\u0119, oraz egzotyczn\u0105 s\u0142odycz winogrona, ka\u017cdy z nich obiecuje bogat\u0105 i satysfakcjonuj\u0105c\u0105 podr\u00f3\u017c przy ka\u017cdym pufie.<\/p>\n<p>1. Truskawka Kiwi<br \/>\n2. Czarna Eksplozja <span style=\"color: #ff0000\"><strong>&gt;&gt;&gt;&gt; Gor\u0105ce!<\/strong><\/span><br \/>\n3. Arbuz truskawkowy<br \/>\n4. D\u017cungla Sok<br \/>\n5. Bor\u00f3wka S\u0142odka Malina L\u00f3d <span style=\"color: #ff0000\"><strong>&gt;&gt;&gt;&gt; Gor\u0105ce!<\/strong><\/span><br \/>\n6. Arbuzowy l\u00f3d<br \/>\n7. Bor\u00f3wka L\u00f3d<br \/>\n8. Bor\u00f3wka Pomara\u0144cza<br \/>\n9. Niebieski Eksplozja <span style=\"color: #ff0000\"><strong>&gt;&gt;&gt;&gt; Najlepsze!<\/strong><\/span><br \/>\n10. Jab\u0142ko Brzoskwinia<br \/>\n11. Owoc Passion<br \/>\n12. Podw\u00f3jna Winogrona<\/p>\n<figure id=\"attachment_2316\" aria-describedby=\"caption-attachment-2316\" style=\"width: 487px\" class=\"wp-caption alignnone\"><img loading=\"lazy\" decoding=\"async\" class=\"wp-image-2316 size-full\" src=\"https:\/\/rmvapesale.com\/wp-content\/uploads\/2024\/10\/Bang-Box-30k-Puffs-Factory-Price-New-Vape-This-Week.jpg\" alt=\"Bang Box 30k Puffs Cena fabryczna Nowy Vape w tym tygodniu\" width=\"487\" height=\"800\" srcset=\"https:\/\/rmvapesale.com\/wp-content\/uploads\/2024\/10\/Bang-Box-30k-Puffs-Factory-Price-New-Vape-This-Week.jpg 487w, https:\/\/rmvapesale.com\/wp-content\/uploads\/2024\/10\/Bang-Box-30k-Puffs-Factory-Price-New-Vape-This-Week-183x300.jpg 183w\" sizes=\"auto, (max-width: 487px) 100vw, 487px\" \/><figcaption id=\"caption-attachment-2316\" class=\"wp-caption-text\">Bang Box 30k Puffs Cena fabryczna Nowy Vape w tym tygodniu<\/figcaption><\/figure>\n<h3>Dlaczego warto wybra\u0107 Rmvapesale do zakupu hurtowego Bang Box 30000 Puffs?<\/h3>\n<div class=\"flex-shrink-0 flex flex-col relative items-end\">\n<div>\n<div class=\"pt-0\">\n<div class=\"gizmo-bot-avatar flex h-8 w-8 items-center justify-center overflow-hidden rounded-full\">\n<div class=\"relative p-1 rounded-sm flex items-center justify-center bg-token-main-surface-primary text-token-text-primary h-8 w-8\">\n<p>&nbsp;<\/p>\n<p>Wybieraj\u0105c Rmvapesale do hurtowych zakup\u00f3w jednorazowych e-papieros\u00f3w, zyskujesz:<\/p>\n<ul>\n<li><strong>Konkurencyjna cena<\/strong>: Uzyskaj dost\u0119p do atrakcyjnych cen hurtowych, kt\u00f3re zwi\u0119ksz\u0105 mar\u017ce Twojej firmy.<\/li>\n<li><strong>Wysoka jako\u015b\u0107<\/strong>: Nasze e-papierosy s\u0105 wykonane zgodnie z najwy\u017cszymi standardami i <span style=\"color: #ff0000\"><strong>maj\u0105 100% gwarancji oryginalno\u015bci i autentyczno\u015bci, w przeciwnym razie otrzymasz 10-krotne odszkodowanie za podrobione towary!<\/strong><\/span><\/li>\n<li><strong>Doskona\u0142a Obs\u0142uga Klienta<\/strong>: Nasz oddany zesp\u00f3\u0142 jest zawsze gotowy, aby Ci pom\u00f3c, dzi\u0119ki czemu proces zakup\u00f3w jest p\u0142ynny i bezproblemowy.<\/li>\n<li><strong>Szybka dostawa<\/strong>: Oczekuj szybkiej i niezawodnej wysy\u0142ki, kt\u00f3ra zapewni, \u017ce Twoje zam\u00f3wienia dotr\u0105 na czas, za ka\u017cdym razem.<\/li>\n<\/ul>\n<h3><\/h3>\n<h3><b>FAQ<\/b><\/h3>\n<p>&nbsp;<\/p>\n<\/div>\n<\/div>\n<\/div>\n<\/div>\n<\/div>\n<div class=\"group\/conversation-turn relative flex w-full min-w-0 flex-col agent-turn\">\n<div class=\"flex-col gap-1 md:gap-3\">\n<div class=\"flex max-w-full flex-col flex-grow\">\n<div class=\"min-h-8 text-message flex w-full flex-col items-end gap-2 whitespace-normal break-words [.text-message+&amp;]:mt-5\" dir=\"auto\" data-message-author-role=\"assistant\" data-message-id=\"f226d3fc-81f3-46d5-8c46-31787fff0357\">\n<div class=\"flex w-full flex-col gap-1 empty:hidden first:pt-[3px]\">\n<div class=\"markdown prose w-full break-words dark:prose-invert light\">\n<p><strong>Q1: Co wyr\u00f3\u017cnia jednorazowy vape Bang Box 30000 Puff Double Taste?<\/strong><br \/>\nO1: The <strong>Bang Box 30000 Puff Double Taste Jednorazowy Vape<\/strong> oferuje do 30 000 puf\u00f3w i posiada funkcje <strong>technologi\u0119 podw\u00f3jnego smaku<\/strong>, umo\u017cliwiaj\u0105c\u0105 prze\u0142\u0105czanie mi\u0119dzy dwoma smakami w jednym urz\u0105dzeniu. Posiada r\u00f3wnie\u017c inteligentny wy\u015bwietlacz LED, kt\u00f3ry pokazuje poziom baterii i e-liquid, zapewniaj\u0105c wygodne i ulepszone do\u015bwiadczenie vapowania.<\/p>\n<p><strong>Q2: Jakie smaki s\u0105 dost\u0119pne dla jednorazowego vaporizera Bang Box 30000 Puff Double Flavor?<\/strong><br \/>\nA2: Do wyboru jest 12 pysznych smak\u00f3w, w tym <strong>Truskawka Kiwi<\/strong>, <strong>Black Burst<\/strong>, <strong>Arbuzowy L\u00f3d<\/strong>, <strong>Blueberry Pomgerante<\/strong>i <strong>Double Grape<\/strong>. Niezale\u017cnie od tego, czy wolisz owocowe, czy mro\u017ane smaki, ka\u017cdy znajdzie co\u015b dla siebie!<\/p>\n<p><strong>Q3: Jak dzia\u0142a inteligentny wy\u015bwietlacz w smart vaporizatorze Bang Box 30000 Puff Double Flavor?<\/strong><br \/>\nA3: Wy\u015bwietlacz <strong>wy\u015bwietlaczowi LED<\/strong> pokazuje wa\u017cne szczeg\u00f3\u0142y, takie jak czas pracy baterii i poziom e-liquidu, co u\u0142atwia monitorowanie stanu urz\u0105dzenia.<\/p>\n<p><strong>Q4: Jak du\u017ca jest pojemno\u015b\u0107 e-liquidu w jednorazowym vaporizatorze Bang 30000 Puff Double Taste?<\/strong><br \/>\nA4: Ten vape ma pojemny <strong>pojemno\u015b\u0107 35 ml e-liquidu<\/strong>, zapewniaj\u0105c d\u0142ugotrwa\u0142e u\u017cytkowanie bez konieczno\u015bci cz\u0119stego uzupe\u0142niania.<\/p>\n<p><strong>P5: Jakie s\u0105 opcje zawarto\u015bci nikotyny dla Bang Box 30000 Puff Double Flavor Smart Vape?<\/strong><br \/>\nO5: Mo\u017cesz wybra\u0107 pomi\u0119dzy <strong>0%, 2%, 3% i 5% st\u0119\u017cenia nikotyny<\/strong>, co daje elastyczno\u015b\u0107 w zale\u017cno\u015bci od preferencji.<\/p>\n<p><strong>P6: Czy Bang Box 30000 Puff Double Taste Smart Vape jest \u0142adowalny?<\/strong><br \/>\nO6: Tak, urz\u0105dzenie jest wyposa\u017cone w <strong>port \u0142adowania Type-C<\/strong> i <strong>bateri\u0119 850mAh<\/strong>, dzi\u0119ki czemu \u0142adowanie jest szybkie i \u0142atwe.<\/p>\n<p><strong>P7: Czy mog\u0119 kupi\u0107 Bang 30000 Puff Double Taste Smart Vape hurtowo?<\/strong><br \/>\nO7: Tak, <strong>Bang 30000 Puff Double Taste Smart Vape Hurt<\/strong> opcje s\u0105 dost\u0119pne dla sprzedawc\u00f3w detalicznych, kt\u00f3rzy chc\u0105 zaopatrzy\u0107 si\u0119 w to popularne urz\u0105dzenie.<\/p>\n<\/div>\n<\/div>\n<\/div>\n<\/div>\n<\/div>\n<\/div>\n<p>&nbsp;<\/p>\n<h3><\/h3>\n<h3>O wysy\u0142ce<\/h3>\n<div class=\"flex-shrink-0 flex flex-col relative items-end\">\n<div>\n<div class=\"pt-0\">\n<div class=\"gizmo-bot-avatar flex h-8 w-8 items-center justify-center overflow-hidden rounded-full\">\n<div><\/div>\n<div class=\"relative p-1 rounded-sm flex items-center justify-center bg-token-main-surface-primary text-token-text-primary h-8 w-8\"><strong>1. Jakie metody wysy\u0142ki s\u0105 stosowane?<\/strong><\/div>\n<\/div>\n<\/div>\n<\/div>\n<\/div>\n<div class=\"group\/conversation-turn relative flex w-full min-w-0 flex-col agent-turn\">\n<div class=\"flex-col gap-1 md:gap-3\">\n<div class=\"flex max-w-full flex-col flex-grow\">\n<div class=\"min-h-[20px] text-message flex w-full flex-col items-end gap-2 whitespace-normal break-words [.text-message+&amp;]:mt-5 overflow-x-auto\" dir=\"auto\" data-message-author-role=\"assistant\" data-message-id=\"22f8283b-3233-46ff-89a5-c7a41b33abda\">\n<div class=\"flex w-full flex-col gap-1 empty:hidden first:pt-[3px]\">\n<div class=\"markdown prose w-full break-words dark:prose-invert light\">\n<p>Wsp\u00f3\u0142pracujemy z UPS, DHL, FedEx, DPD i innymi wiod\u0105cymi przewo\u017anikami. Wybierzemy najlepsz\u0105 metod\u0119 wysy\u0142ki w oparciu o Twoj\u0105 lokalizacj\u0119, aby zapewni\u0107, \u017ce otrzymasz swoje produkty tak szybko, jak to mo\u017cliwe.<\/p>\n<\/div>\n<p><strong>2. Ile czasu zajmuje dostawa?<\/strong><\/p>\n<p>Paczki wysy\u0142ane do Polski zazwyczaj docieraj\u0105 w ci\u0105gu 10 dni roboczych. Wysy\u0142ka do innych kraj\u00f3w europejskich trwa zwykle oko\u0142o 12-15 dni roboczych. B\u0119dziemy dostarcza\u0107 aktualizacje w czasie rzeczywistym na temat statusu Twojej przesy\u0142ki.<\/p>\n<\/div>\n<\/div>\n<\/div>\n<\/div>\n<\/div>\n<p>&nbsp;<\/p>\n<p>Inne popularne e-papierosy, kt\u00f3re mog\u0105 Ci si\u0119 spodoba\u0107:<\/p>\n<p><a href=\"https:\/\/rmvapesale.com\/pl\/product\/aivono-aim-magic-20000-20k-puffs-disposable-vape-pod\/\"><strong>Aivono Aim Magic 20000 Puff\u00a0 \u00a0<span style=\"color: #ff0000\">&gt;&gt;&gt;&gt; id\u017a!<\/span><\/strong><\/a><\/p>\n<p><strong><a href=\"https:\/\/rmvapesale.com\/pl\/product\/waspe-fihp-30000-puffs-led-display-disposable-vape-box\/\">WASPE FIHP 30000 Zaci\u0105gni\u0119\u0107 <span style=\"color: #ff0000\">&gt;&gt;&gt;&gt; id\u017a!<\/span><\/a>\u00a0<\/strong><\/p>\n<p><a href=\"https:\/\/rmvapesale.com\/pl\/product\/bang-box-30000-puff-smart-screen-disposable-vape-wholesale\/\"><strong>Bang Box 30000 Puffs Smart Screen Puffs <span style=\"color: #ff0000\">&gt;&gt;&gt;&gt; id\u017a!<\/span><\/strong><\/a><\/p>\n<p>&nbsp;<\/p>\n<p>&nbsp;<\/p>\n<p>Znajd\u017a wi\u0119cej produkt\u00f3w Vape, kt\u00f3re mog\u0105 Ci si\u0119 spodoba\u0107:<strong><em><a href=\"https:\/\/rmvapesale.com\/pl\/shop-2\/\">kup teraz &gt;&gt;&gt;<\/a><\/em><\/strong><\/p>","protected":false},"excerpt":{"rendered":"<p>Bang Box 30000 Puf\u00f3w Smart Screen Jednorazowe E-Papierosy<br \/>\nBang Vape Box 30000 Pali Duble Smak Jednorazowy E-papieros Hurt<br \/>\nBang Box 30000 Pali 0% 2% 3% 5% Beznikotynowy Jednorazowy E-papieros<\/p>\n<p><img loading=\"lazy\" decoding=\"async\" class=\"size-full wp-image-1978\" src=\"https:\/\/rmvapesale.com\/wp-content\/uploads\/2024\/09\/Disposable-Vape-Wholesale.jpg\" alt=\"Hurtownia Jednorazowych E-papieros\u00f3w\" width=\"229\" height=\"300\" \/><\/p>\n<h3><a href=\"https:\/\/wa.me\/8617776015835\"><span style=\"color: #ff0000\"><strong>WhatsApp: +86 17776015835<\/strong><\/span><\/a><\/h3>\n<p>&nbsp;<\/p>","protected":false},"featured_media":2315,"comment_status":"open","ping_status":"closed","template":"","meta":{"_uag_custom_page_level_css":"","_lmt_disableupdate":"no","_lmt_disable":"","site-sidebar-layout":"default","site-content-layout":"content-boxed-container","ast-site-content-layout":"normal-width-container","site-content-style":"boxed","site-sidebar-style":"unboxed","ast-global-header-display":"","ast-banner-title-visibility":"","ast-main-header-display":"","ast-hfb-above-header-display":"","ast-hfb-below-header-display":"","ast-hfb-mobile-header-display":"","site-post-title":"","ast-breadcrumbs-content":"","ast-featured-img":"","footer-sml-layout":"","ast-disable-related-posts":"","theme-transparent-header-meta":"default","adv-header-id-meta":"","stick-header-meta":"","header-above-stick-meta":"","header-main-stick-meta":"","header-below-stick-meta":"","astra-migrate-meta-layouts":"set","ast-page-background-enabled":"default","ast-page-background-meta":{"desktop":{"background-color":"var(--ast-global-color-4)","background-image":"","background-repeat":"repeat","background-position":"center center","background-size":"auto","background-attachment":"scroll","background-type":"","background-media":"","overlay-type":"","overlay-color":"","overlay-opacity":"","overlay-gradient":""},"tablet":{"background-color":"","background-image":"","background-repeat":"repeat","background-position":"center center","background-size":"auto","background-attachment":"scroll","background-type":"","background-media":"","overlay-type":"","overlay-color":"","overlay-opacity":"","overlay-gradient":""},"mobile":{"background-color":"","background-image":"","background-repeat":"repeat","background-position":"center center","background-size":"auto","background-attachment":"scroll","background-type":"","background-media":"","overlay-type":"","overlay-color":"","overlay-opacity":"","overlay-gradient":""}},"ast-content-background-meta":{"desktop":{"background-color":"var(--ast-global-color-5)","background-image":"","background-repeat":"repeat","background-position":"center center","background-size":"auto","background-attachment":"scroll","background-type":"","background-media":"","overlay-type":"","overlay-color":"","overlay-opacity":"","overlay-gradient":""},"tablet":{"background-color":"var(--ast-global-color-5)","background-image":"","background-repeat":"repeat","background-position":"center center","background-size":"auto","background-attachment":"scroll","background-type":"","background-media":"","overlay-type":"","overlay-color":"","overlay-opacity":"","overlay-gradient":""},"mobile":{"background-color":"var(--ast-global-color-5)","background-image":"","background-repeat":"repeat","background-position":"center center","background-size":"auto","background-attachment":"scroll","background-type":"","background-media":"","overlay-type":"","overlay-color":"","overlay-opacity":"","overlay-gradient":""}},"_joinchat":[]},"product_brand":[],"product_cat":[15,60,27,25,123,30,26,28,137,136,135],"product_tag":[63,66,125,126,101,105,127,120],"class_list":{"0":"post-2329","1":"product","2":"type-product","3":"status-publish","4":"has-post-thumbnail","6":"product_cat-new-vape-this-week","7":"product_cat-bang-vapes","8":"product_cat-fance-hot-sale-vape","9":"product_cat-germany-best-selling-vape","10":"product_cat-italy-wholesale-vape","11":"product_cat-minimum-order-quantity-50pcs","12":"product_cat-netherlands-hot-sale-vape","13":"product_cat-poland-hot-sale-vape","14":"product_cat-rechargeable-vapes","15":"product_cat-smart-screen-vapes","16":"product_cat-spain-best-hot-sale-vape","17":"product_tag-bang-vapes","18":"product_tag-disposable-vape","19":"product_tag-disposable-vape-italy","20":"product_tag-e-cigarettes","21":"product_tag-led-display-vape","22":"product_tag-nicotine-free-disposable-vape","23":"product_tag-puff-30k","24":"product_tag-vape-wholesale","25":"desktop-align-left","26":"tablet-align-left","27":"mobile-align-left","29":"first","30":"instock","31":"sale","32":"shipping-taxable","33":"purchasable","34":"product-type-simple"},"uagb_featured_image_src":{"full":["https:\/\/rmvapesale.com\/wp-content\/uploads\/2024\/10\/Bang-Box-30k-Puffs-Discount-Price-Fashion-Vape.jpg",800,800,false],"thumbnail":["https:\/\/rmvapesale.com\/wp-content\/uploads\/2024\/10\/Bang-Box-30k-Puffs-Discount-Price-Fashion-Vape-150x150.jpg",150,150,true],"medium":["https:\/\/rmvapesale.com\/wp-content\/uploads\/2024\/10\/Bang-Box-30k-Puffs-Discount-Price-Fashion-Vape-300x300.jpg",300,300,true],"medium_large":["https:\/\/rmvapesale.com\/wp-content\/uploads\/2024\/10\/Bang-Box-30k-Puffs-Discount-Price-Fashion-Vape-768x768.jpg",768,768,true],"large":["https:\/\/rmvapesale.com\/wp-content\/uploads\/2024\/10\/Bang-Box-30k-Puffs-Discount-Price-Fashion-Vape.jpg",800,800,false],"1536x1536":["https:\/\/rmvapesale.com\/wp-content\/uploads\/2024\/10\/Bang-Box-30k-Puffs-Discount-Price-Fashion-Vape.jpg",800,800,false],"2048x2048":["https:\/\/rmvapesale.com\/wp-content\/uploads\/2024\/10\/Bang-Box-30k-Puffs-Discount-Price-Fashion-Vape.jpg",800,800,false],"trp-custom-language-flag":["https:\/\/rmvapesale.com\/wp-content\/uploads\/2024\/10\/Bang-Box-30k-Puffs-Discount-Price-Fashion-Vape.jpg",12,12,false],"woocommerce_thumbnail":["https:\/\/rmvapesale.com\/wp-content\/uploads\/2024\/10\/Bang-Box-30k-Puffs-Discount-Price-Fashion-Vape-300x300.jpg",300,300,true],"woocommerce_single":["https:\/\/rmvapesale.com\/wp-content\/uploads\/2024\/10\/Bang-Box-30k-Puffs-Discount-Price-Fashion-Vape-600x600.jpg",600,600,true],"woocommerce_gallery_thumbnail":["https:\/\/rmvapesale.com\/wp-content\/uploads\/2024\/10\/Bang-Box-30k-Puffs-Discount-Price-Fashion-Vape-100x100.jpg",100,100,true],"wcpr-photo-reviews":["https:\/\/rmvapesale.com\/wp-content\/uploads\/2024\/10\/Bang-Box-30k-Puffs-Discount-Price-Fashion-Vape.jpg",500,500,false]},"uagb_author_info":{"display_name":"AMY","author_link":"https:\/\/rmvapesale.com\/pl\/author\/"},"uagb_comment_info":0,"uagb_excerpt":"Bang Box 30000 Puffs Smart Screen Disposable E Cigarettes Bang Vape Box 30000 Puffs Duble Taste Disposable Vape Wholesale Bang Box 30000 Puffs 0% 2% 3% 5% Free Nicotine Disposable Vape WhatsApp: +86 17776015835 &nbsp;","_links":{"self":[{"href":"https:\/\/rmvapesale.com\/pl\/wp-json\/wp\/v2\/product\/2329","targetHints":{"allow":["GET"]}}],"collection":[{"href":"https:\/\/rmvapesale.com\/pl\/wp-json\/wp\/v2\/product"}],"about":[{"href":"https:\/\/rmvapesale.com\/pl\/wp-json\/wp\/v2\/types\/product"}],"replies":[{"embeddable":true,"href":"https:\/\/rmvapesale.com\/pl\/wp-json\/wp\/v2\/comments?post=2329"}],"wp:featuredmedia":[{"embeddable":true,"href":"https:\/\/rmvapesale.com\/pl\/wp-json\/wp\/v2\/media\/2315"}],"wp:attachment":[{"href":"https:\/\/rmvapesale.com\/pl\/wp-json\/wp\/v2\/media?parent=2329"}],"wp:term":[{"taxonomy":"product_brand","embeddable":true,"href":"https:\/\/rmvapesale.com\/pl\/wp-json\/wp\/v2\/product_brand?post=2329"},{"taxonomy":"product_cat","embeddable":true,"href":"https:\/\/rmvapesale.com\/pl\/wp-json\/wp\/v2\/product_cat?post=2329"},{"taxonomy":"product_tag","embeddable":true,"href":"https:\/\/rmvapesale.com\/pl\/wp-json\/wp\/v2\/product_tag?post=2329"}],"curies":[{"name":"wp","href":"https:\/\/api.w.org\/{rel}","templated":true}]}}