{"id":2344,"date":"2024-10-11T03:13:13","date_gmt":"2024-10-11T03:13:13","guid":{"rendered":"https:\/\/rmvapesale.com\/?post_type=product&#038;p=2344"},"modified":"2024-10-11T04:01:54","modified_gmt":"2024-10-11T04:01:54","slug":"mrvi-puffing-15000-puff-disposable-vape-box","status":"publish","type":"product","link":"https:\/\/rmvapesale.com\/pl\/product\/mrvi-puffing-15000-puff-disposable-vape-box\/","title":{"rendered":"MRVI PUFFING 15000 Puf jednorazowy e-papieros w pude\u0142ku"},"content":{"rendered":"<div class=\"B2VR9 CJHX3e\">\n<div class=\"wyccme\">\n<h1 class=\"LC20lb MBeuO DKV0Md\">MRVI PUFFING 15000 Puf jednorazowy e-papieros w pude\u0142ku<\/h1>\n<div class=\"flex-shrink-0 flex flex-col relative items-end\">\n<div class=\"pt-0\">\n<div class=\"gizmo-bot-avatar flex h-8 w-8 items-center justify-center overflow-hidden rounded-full\">\n<div class=\"relative p-1 rounded-sm flex items-center justify-center bg-token-main-surface-primary text-token-text-primary h-8 w-8\">\n<p>Przygotuj si\u0119 na doskona\u0142e wra\u017cenia z palenia z jednorazowym vape boxem MRVI PUFFING 15000 zaci\u0105gni\u0119\u0107! Zaprojektowany dla tych, kt\u00f3rzy pragn\u0105 d\u0142ugotrwa\u0142ej wydajno\u015bci, ten vape zapewnia 15 000 zaci\u0105gni\u0119\u0107, dzi\u0119ki czemu mo\u017cesz cieszy\u0107 si\u0119 nim przez wiele dni bez zmartwie\u0144.<\/p>\n<p>Wyposa\u017cony w pot\u0119\u017cny akumulator 750 mAh i port \u0142adowania Type-C, nigdy nie zostaniesz bez zasilania. Pojemno\u015b\u0107 25 ml e-liquidu i technologia podw\u00f3jnej siatki grzewczej zapewniaj\u0105 bogate, aromatyczne uderzenia za ka\u017cdym razem. Dodatkowo, mo\u017cesz monitorowa\u0107 swoje u\u017cycie dzi\u0119ki wygodnemu wy\u015bwietlaczowi e-liquidu i mocy.<\/p>\n<p>Wybierz mi\u0119dzy 2% a 5% st\u0119\u017ceniem nikotyny, w zale\u017cno\u015bci od twoich preferencji. A na dodatek, MRVI Puffing jest wyposa\u017cony w eleganck\u0105 smycz, co u\u0142atwia noszenie go ze sob\u0105 wsz\u0119dzie, gdzie si\u0119 udajesz!<\/p>\n<p>Idealny dla tych, kt\u00f3rzy kochaj\u0105 zar\u00f3wno wygod\u0119, jak i wydajno\u015b\u0107, jednorazowy vape box MRVI PUFFING 15000 zaci\u0105gni\u0119\u0107 sprawi, \u017ce twoi klienci b\u0119d\u0105 wraca\u0107 po wi\u0119cejMRVI PUFFING 15000 Jednorazowy Vape Box<\/p>\n<p>&nbsp;<\/p>\n<\/div>\n<\/div>\n<\/div>\n<\/div>\n<\/div>\n<\/div>\n<p><strong>Skontaktuj si\u0119 z Amy, aby uzyska\u0107 w\u0142a\u015bciw\u0105 odpowied\u017a i wi\u0119cej film\u00f3w o produkcie!<\/strong><\/p>\n<p><img loading=\"lazy\" decoding=\"async\" class=\"size-full wp-image-1978\" src=\"https:\/\/rmvapesale.com\/wp-content\/uploads\/2024\/09\/Disposable-Vape-Wholesale.jpg\" alt=\"Hurtownia Jednorazowych E-papieros\u00f3w\" width=\"229\" height=\"300\" \/><\/p>\n<h3><a href=\"https:\/\/wa.me\/8617776015835\" target=\"_blank\" rel=\"noopener\"><span style=\"color: #ff0000\"><strong>WhatsApp: +86 17776015835<\/strong><\/span><\/a><\/h3>\n<p>&nbsp;<\/p>\n<h2><\/h2>\n<h2><strong>MRVI PUFFING 15000 Kluczowe Cechy<\/strong><\/h2>\n<ul>\n<li><strong>Wysoka Liczba Zaci\u0105gni\u0119\u0107<\/strong>: Ciesz si\u0119 do <strong>15 000 zaci\u0105gni\u0119\u0107<\/strong>, zapewniaj\u0105c d\u0142ugotrwa\u0142e wra\u017cenia z palenia bez cz\u0119stych wymian.<\/li>\n<li><strong>Pojemno\u015b\u0107 E-liquidu<\/strong>: <strong>25 ml zbiornik na e-liquid<\/strong> zapewnia wyd\u0142u\u017cone u\u017cytkowanie, minimalizuj\u0105c potrzeb\u0119 uzupe\u0142niania.<\/li>\n<li><strong>Akumulator<\/strong>: Zasilany przez <strong>Bateria 750 mAh<\/strong>, zapewniaj\u0105c niezawodn\u0105 wydajno\u015b\u0107 z wygod\u0105 \u0142adowania.<\/li>\n<li><strong>\u0141adowanie Type-C<\/strong>: Szybkie i wydajne \u0142adowanie z nowoczesnym <strong>Portem Type-C<\/strong>, utrzymuj\u0105c ci\u0119 na\u0142adowanym w mgnieniu oka.<\/li>\n<li><strong>Technologia podw\u00f3jnej siatki grzewczej<\/strong>: Wzboga\u0107 swoje do\u015bwiadczenia z wapowaniem dzi\u0119ki <strong>podw\u00f3jnym siatkom grzewczym<\/strong>, kt\u00f3re zapewniaj\u0105 bogaty smak i g\u0142adk\u0105 produkcj\u0119 pary.<\/li>\n<li><strong>Inteligentny wy\u015bwietlacz<\/strong>: B\u0105d\u017a na bie\u017c\u0105co z <strong>wy\u015bwietlacz cyfrowy<\/strong> wy\u015bwietlaczem, kt\u00f3ry pokazuje poziom p\u0142ynu i \u017cywotno\u015b\u0107 baterii.<\/li>\n<li><strong>Opcje Nikotyny<\/strong>: Dost\u0119pne w <strong>2% i 5%<\/strong> moc nikotyny, aby zaspokoi\u0107 r\u00f3\u017cne preferencje.<\/li>\n<li><strong>Wygodna smycz<\/strong>: W zestawie ze <strong>smycz<\/strong> smycz\u0105 dla \u0142atwego przenoszenia, dzi\u0119ki czemu jest idealnym towarzyszem do wapowania w podr\u00f3\u017cy.<\/li>\n<\/ul>\n<figure id=\"attachment_2345\" aria-describedby=\"caption-attachment-2345\" style=\"width: 808px\" class=\"wp-caption alignnone\"><img loading=\"lazy\" decoding=\"async\" class=\"wp-image-2345 size-full\" src=\"https:\/\/rmvapesale.com\/wp-content\/uploads\/2024\/10\/Mrvi-Puffing-15k-Price.jpg\" alt=\"Mrvi Puffing 15k Cena\" width=\"808\" height=\"808\" srcset=\"https:\/\/rmvapesale.com\/wp-content\/uploads\/2024\/10\/Mrvi-Puffing-15k-Price.jpg 808w, https:\/\/rmvapesale.com\/wp-content\/uploads\/2024\/10\/Mrvi-Puffing-15k-Price-300x300.jpg 300w, https:\/\/rmvapesale.com\/wp-content\/uploads\/2024\/10\/Mrvi-Puffing-15k-Price-150x150.jpg 150w, https:\/\/rmvapesale.com\/wp-content\/uploads\/2024\/10\/Mrvi-Puffing-15k-Price-768x768.jpg 768w, https:\/\/rmvapesale.com\/wp-content\/uploads\/2024\/10\/Mrvi-Puffing-15k-Price-600x600.jpg 600w, https:\/\/rmvapesale.com\/wp-content\/uploads\/2024\/10\/Mrvi-Puffing-15k-Price-100x100.jpg 100w\" sizes=\"auto, (max-width: 808px) 100vw, 808px\" \/><figcaption id=\"caption-attachment-2345\" class=\"wp-caption-text\">Mrvi Puffing 15k Cena<\/figcaption><\/figure>\n<h2><strong>Najlepszy smak dla e-papierosa MRVI PUFFING 15000 Puff<\/strong><\/h2>\n<p>Z 10 niesamowitymi smakami do wyboru, w tym opcjami owocowymi i lodowymi, zestaw jednorazowy MRVI PUFFING 15000 Puff oferuje co\u015b dla ka\u017cdego smaku.<\/p>\n<p>1. Jagoda na lodzie<span style=\"color: #ff0000\"><strong>&gt;&gt;&gt;&gt; Gor\u0105ce!<\/strong><\/span><br \/>\n2. Koktajl bananowy<br \/>\n3. Truskawka-arbuz<br \/>\n4. Lody miodowe<br \/>\n5. L\u00f3d z czerwonego jab\u0142ka<br \/>\n6. Brzoskwinia-mango<br \/>\n7. Jagodowa guma do \u017cucia<span style=\"color: #ff0000\"><strong>&gt;&gt;&gt;&gt; Najlepsze!<\/strong><\/span><br \/>\n8. Lush Ice<br \/>\n9. L\u00f3d Ananasowy<br \/>\n10. R\u00f3\u017cowy Wybuch<span style=\"color: #ff0000\"><strong>&gt;&gt;&gt;&gt; Gor\u0105ce!<\/strong><\/span><\/p>\n<p>&nbsp;<\/p>\n<h3><strong>Dlaczego warto wybra\u0107 Rmvapesale dla Twojego jednorazowego e-papierosa MRVI PUFFING 15000 Puffs?<\/strong><\/h3>\n<div class=\"flex-shrink-0 flex flex-col relative items-end\">\n<div class=\"pt-0\">\n<div class=\"gizmo-bot-avatar flex h-8 w-8 items-center justify-center overflow-hidden rounded-full\">\n<div class=\"relative p-1 rounded-sm flex items-center justify-center bg-token-main-surface-primary text-token-text-primary h-8 w-8\">\n<p>&nbsp;<\/p>\n<p>Wybieraj\u0105c Rmvapesale do hurtowych zakup\u00f3w jednorazowych e-papieros\u00f3w, zyskujesz:<\/p>\n<ul>\n<li><strong>Konkurencyjna cena<\/strong>: Uzyskaj dost\u0119p do atrakcyjnych cen hurtowych, kt\u00f3re zwi\u0119ksz\u0105 mar\u017ce Twojej firmy.<\/li>\n<li><strong>Wysoka jako\u015b\u0107<\/strong>: Nasze e-papierosy s\u0105 wykonane zgodnie z najwy\u017cszymi standardami i <span style=\"color: #ff0000\"><strong>maj\u0105 100% gwarancji oryginalno\u015bci i autentyczno\u015bci, w przeciwnym razie otrzymasz 10-krotne odszkodowanie za podrobione towary!<\/strong><\/span><\/li>\n<li><strong>Doskona\u0142a Obs\u0142uga Klienta<\/strong>: Nasz oddany zesp\u00f3\u0142 jest zawsze gotowy, aby Ci pom\u00f3c, dzi\u0119ki czemu proces zakup\u00f3w jest p\u0142ynny i bezproblemowy.<\/li>\n<li><strong>Szybka dostawa<\/strong>: Oczekuj szybkiej i niezawodnej wysy\u0142ki, kt\u00f3ra zapewni, \u017ce Twoje zam\u00f3wienia dotr\u0105 na czas, za ka\u017cdym razem.<\/li>\n<\/ul>\n<h3><\/h3>\n<h3><b>FAQ<\/b><\/h3>\n<p><strong>P1: Ile zaci\u0105gni\u0119\u0107 mog\u0119 uzyska\u0107 z jednorazowego e-papierosa MRVI PUFFING 15000 Puffs?<\/strong><br \/>\n<strong>O1:<\/strong> MRVI PUFFING oferuje imponuj\u0105c\u0105 liczb\u0119 <strong>15 000 zaci\u0105gni\u0119\u0107<\/strong>, co gwarantuje d\u0142ugotrwa\u0142e doznania bez konieczno\u015bci cz\u0119stej wymiany.<\/p>\n<p><strong>P2: Czy MRVI PUFFING 15000 Puffs jest wielokrotnego \u0142adowania?<\/strong><br \/>\n<strong>O2:<\/strong> Tak! Ten e-papieros ma funkcj\u0119 <strong>Akumulator 750mAh<\/strong>, umo\u017cliwiaj\u0105c \u0142atwe \u0142adowanie przez <strong>Portem Type-C<\/strong> dla wygody i d\u0142u\u017cszego u\u017cytkowania.<\/p>\n<\/div>\n<\/div>\n<\/div>\n<\/div>\n<div class=\"group\/conversation-turn relative flex w-full min-w-0 flex-col agent-turn\">\n<div class=\"flex-col gap-1 md:gap-3\">\n<div class=\"flex max-w-full flex-col flex-grow\">\n<div class=\"min-h-8 text-message flex w-full flex-col items-end gap-2 whitespace-normal break-words [.text-message+&amp;]:mt-5\" dir=\"auto\" data-message-author-role=\"assistant\" data-message-id=\"f226d3fc-81f3-46d5-8c46-31787fff0357\">\n<div class=\"flex w-full flex-col gap-1 empty:hidden first:pt-[3px]\">\n<div class=\"markdown prose w-full break-words dark:prose-invert light\">\n<p><strong>P3: Czy mog\u0119 dostosowa\u0107 poziom nikotyny w jednorazowym e-papierosie MRVI 15000 Puffs?<\/strong><br \/>\n<strong>O3:<\/strong> Tak, mo\u017cesz wybra\u0107 mi\u0119dzy <strong>st\u0119\u017ceniach nikotyny 2% i 5%<\/strong> aby dopasowa\u0107 do swoich preferencji.<\/p>\n<p><strong>P4: W jaki spos\u00f3b batonik MRVI PUFFING 15000 Puffs poprawia moje do\u015bwiadczenia z e-papierosem?<\/strong><br \/>\n<strong>O4:<\/strong> Dzi\u0119ki <strong>technologi\u0119 podw\u00f3jnej grza\u0142ki mesh<\/strong>, mo\u017cesz cieszy\u0107 si\u0119 bogatym smakiem i g\u0142adk\u0105 produkcj\u0105 pary, dzi\u0119ki czemu ka\u017cde zaci\u0105gni\u0119cie jest satysfakcjonuj\u0105ce.<\/p>\n<p><strong>P5: Czy e-papieros MRVI PUFFING ma funkcj\u0119 wy\u015bwietlania?<\/strong><br \/>\n<strong>O5:<\/strong> Oczywi\u015bcie! Posiada <strong>wy\u015bwietlacz e-liquidu i mocy<\/strong> dzi\u0119ki czemu mo\u017cesz \u0142atwo monitorowa\u0107 pozosta\u0142\u0105 ilo\u015b\u0107 e-liquidu i \u017cywotno\u015b\u0107 baterii.<\/p>\n<p><strong>P6: Czy e-papieros MRVI 15000 Puffs z mo\u017cliwo\u015bci\u0105 \u0142adowania jest \u0142atwy do przenoszenia?<\/strong><br \/>\n<strong>O6:<\/strong> Tak, kompaktowa konstrukcja sprawia, \u017ce jest przeno\u015bny i idealnie nadaje si\u0119 do e-palenia w podr\u00f3\u017cy, niezale\u017cnie od tego, czy jeste\u015b w domu, czy poza nim.<\/p>\n<p><strong>P7: Gdzie mog\u0119 kupi\u0107 jednorazowy e-papieros MRVI 15000 Puffs?<\/strong><br \/>\n<strong>A7:<\/strong> Jednorazowy e-papieros MRVI PUFFING 15000 zaci\u0105gni\u0119\u0107 jest dost\u0119pny u r\u00f3\u017cnych sprzedawc\u00f3w detalicznych i na platformach internetowych, co zapewnia \u0142atwy dost\u0119p do wszystkich potrzeb zwi\u0105zanych z wapowaniem.<\/p>\n<\/div>\n<\/div>\n<\/div>\n<\/div>\n<\/div>\n<\/div>\n<h3>O wysy\u0142ce<\/h3>\n<div class=\"flex-shrink-0 flex flex-col relative items-end\">\n<div>\n<div class=\"pt-0\">\n<div class=\"gizmo-bot-avatar flex h-8 w-8 items-center justify-center overflow-hidden rounded-full\">\n<div><\/div>\n<div class=\"relative p-1 rounded-sm flex items-center justify-center bg-token-main-surface-primary text-token-text-primary h-8 w-8\"><strong>1. Jakie metody wysy\u0142ki s\u0105 stosowane?<\/strong><\/div>\n<\/div>\n<\/div>\n<\/div>\n<\/div>\n<div class=\"group\/conversation-turn relative flex w-full min-w-0 flex-col agent-turn\">\n<div class=\"flex-col gap-1 md:gap-3\">\n<div class=\"flex max-w-full flex-col flex-grow\">\n<div class=\"min-h-[20px] text-message flex w-full flex-col items-end gap-2 whitespace-normal break-words [.text-message+&amp;]:mt-5 overflow-x-auto\" dir=\"auto\" data-message-author-role=\"assistant\" data-message-id=\"22f8283b-3233-46ff-89a5-c7a41b33abda\">\n<div class=\"flex w-full flex-col gap-1 empty:hidden first:pt-[3px]\">\n<div class=\"markdown prose w-full break-words dark:prose-invert light\">\n<p>Wsp\u00f3\u0142pracujemy z UPS, DHL, FedEx, DPD i innymi wiod\u0105cymi przewo\u017anikami. Wybierzemy najlepsz\u0105 metod\u0119 wysy\u0142ki w oparciu o Twoj\u0105 lokalizacj\u0119, aby zapewni\u0107, \u017ce otrzymasz swoje produkty tak szybko, jak to mo\u017cliwe.<\/p>\n<\/div>\n<p><strong>2. Ile czasu zajmuje dostawa?<\/strong><\/p>\n<p>Paczki wysy\u0142ane do Polski zazwyczaj docieraj\u0105 w ci\u0105gu 10 dni roboczych. Wysy\u0142ka do innych kraj\u00f3w europejskich trwa zwykle oko\u0142o 12-15 dni roboczych. B\u0119dziemy dostarcza\u0107 aktualizacje w czasie rzeczywistym na temat statusu Twojej przesy\u0142ki.<\/p>\n<\/div>\n<\/div>\n<\/div>\n<\/div>\n<\/div>\n<p>&nbsp;<\/p>\n<p>Inne popularne e-papierosy, kt\u00f3re mog\u0105 Ci si\u0119 spodoba\u0107:<\/p>\n<p><a href=\"https:\/\/rmvapesale.com\/pl\/product\/elf-box-vape-bk12000-puff-disposable-pod-wholesale\/\"><strong>ELF BOX BK12000 Puff <span style=\"color: #ff0000\">&gt;&gt;&gt;&gt; id\u017a!<\/span><\/strong><\/a><\/p>\n<p><strong><a href=\"https:\/\/rmvapesale.com\/pl\/product\/waspe-fihp-30000-puffs-led-display-disposable-vape-box\/\">WASPE FIHP 30000 Zaci\u0105gni\u0119\u0107 <span style=\"color: #ff0000\">&gt;&gt;&gt;&gt; id\u017a!<\/span><\/a>\u00a0<\/strong><\/p>\n<h2 class=\"woocommerce-loop-product__title\"><a style=\"font-size: 16px\" href=\"https:\/\/rmvapesale.com\/pl\/product\/randm-tornado-15000-puffs-vape-wholesale\/\"><strong>RandM Tornado 15000 <span style=\"color: #ff0000\">&gt;&gt;&gt;&gt; id\u017a!<\/span><\/strong><\/a><\/h2>\n<p>&nbsp;<\/p>\n<p>&nbsp;<\/p>\n<p>Znajd\u017a wi\u0119cej produkt\u00f3w Vape, kt\u00f3re mog\u0105 Ci si\u0119 spodoba\u0107:<strong><em><a href=\"https:\/\/rmvapesale.com\/pl\/shop-2\/\">kup teraz &gt;&gt;&gt;<\/a><\/em><\/strong><\/p>","protected":false},"excerpt":{"rendered":"<p>Oryginalny Fabryczny MRVI PUFFING 15000 ZACI\u0104GNI\u0118\u0106 Vape Box<br \/>\nMRVI 15000 Zaci\u0105gni\u0119\u0107 2% 5% 25 ml E-liquid Akumulator<br \/>\nMRVI PUFFING 1500015K Zaci\u0105gni\u0119\u0107 Cena Hurtowa vape<\/p>\n<p><img loading=\"lazy\" decoding=\"async\" class=\"size-full wp-image-1978\" src=\"https:\/\/rmvapesale.com\/wp-content\/uploads\/2024\/09\/Disposable-Vape-Wholesale.jpg\" alt=\"Hurtownia Jednorazowych E-papieros\u00f3w\" width=\"229\" height=\"300\" \/><\/p>\n<h3><a href=\"https:\/\/wa.me\/8617776015835\"><span style=\"color: #ff0000\"><strong>WhatsApp: +86 17776015835<\/strong><\/span><\/a><\/h3>\n<p>&nbsp;<\/p>","protected":false},"featured_media":2349,"comment_status":"open","ping_status":"closed","template":"","meta":{"_uag_custom_page_level_css":"","_lmt_disableupdate":"","_lmt_disable":"","site-sidebar-layout":"default","site-content-layout":"content-boxed-container","ast-site-content-layout":"normal-width-container","site-content-style":"boxed","site-sidebar-style":"unboxed","ast-global-header-display":"","ast-banner-title-visibility":"","ast-main-header-display":"","ast-hfb-above-header-display":"","ast-hfb-below-header-display":"","ast-hfb-mobile-header-display":"","site-post-title":"","ast-breadcrumbs-content":"","ast-featured-img":"","footer-sml-layout":"","theme-transparent-header-meta":"default","adv-header-id-meta":"","stick-header-meta":"","header-above-stick-meta":"","header-main-stick-meta":"","header-below-stick-meta":"","astra-migrate-meta-layouts":"set","ast-page-background-enabled":"default","ast-page-background-meta":{"desktop":{"background-color":"var(--ast-global-color-4)","background-image":"","background-repeat":"repeat","background-position":"center center","background-size":"auto","background-attachment":"scroll","background-type":"","background-media":"","overlay-type":"","overlay-color":"","overlay-opacity":"","overlay-gradient":""},"tablet":{"background-color":"","background-image":"","background-repeat":"repeat","background-position":"center center","background-size":"auto","background-attachment":"scroll","background-type":"","background-media":"","overlay-type":"","overlay-color":"","overlay-opacity":"","overlay-gradient":""},"mobile":{"background-color":"","background-image":"","background-repeat":"repeat","background-position":"center center","background-size":"auto","background-attachment":"scroll","background-type":"","background-media":"","overlay-type":"","overlay-color":"","overlay-opacity":"","overlay-gradient":""}},"ast-content-background-meta":{"desktop":{"background-color":"var(--ast-global-color-5)","background-image":"","background-repeat":"repeat","background-position":"center center","background-size":"auto","background-attachment":"scroll","background-type":"","background-media":"","overlay-type":"","overlay-color":"","overlay-opacity":"","overlay-gradient":""},"tablet":{"background-color":"var(--ast-global-color-5)","background-image":"","background-repeat":"repeat","background-position":"center center","background-size":"auto","background-attachment":"scroll","background-type":"","background-media":"","overlay-type":"","overlay-color":"","overlay-opacity":"","overlay-gradient":""},"mobile":{"background-color":"var(--ast-global-color-5)","background-image":"","background-repeat":"repeat","background-position":"center center","background-size":"auto","background-attachment":"scroll","background-type":"","background-media":"","overlay-type":"","overlay-color":"","overlay-opacity":"","overlay-gradient":""}},"_joinchat":[]},"product_brand":[],"product_cat":[15,25,123,26,28,27,60,30],"product_tag":[131,66,125,126,134,132,133],"class_list":{"0":"post-2344","1":"product","2":"type-product","3":"status-publish","4":"has-post-thumbnail","6":"product_cat-new-vape-this-week","7":"product_cat-germany-best-selling-vape","8":"product_cat-italy-wholesale-vape","9":"product_cat-netherlands-hot-sale-vape","10":"product_cat-poland-hot-sale-vape","11":"product_cat-fance-hot-sale-vape","12":"product_cat-bang-vapes","13":"product_cat-minimum-order-quantity-50pcs","14":"product_tag-big-puff-vape","15":"product_tag-disposable-vape","16":"product_tag-disposable-vape-italy","17":"product_tag-e-cigarettes","18":"product_tag-mrvi-puffing-15k-price","19":"product_tag-rechargeable-vape","20":"product_tag-vape-bar","21":"desktop-align-left","22":"tablet-align-left","23":"mobile-align-left","25":"first","26":"instock","27":"sale","28":"shipping-taxable","29":"purchasable","30":"product-type-simple"},"uagb_featured_image_src":{"full":["https:\/\/rmvapesale.com\/wp-content\/uploads\/2024\/10\/MRVI-PUFFING-15000.jpg",808,808,false],"thumbnail":["https:\/\/rmvapesale.com\/wp-content\/uploads\/2024\/10\/MRVI-PUFFING-15000-150x150.jpg",150,150,true],"medium":["https:\/\/rmvapesale.com\/wp-content\/uploads\/2024\/10\/MRVI-PUFFING-15000-300x300.jpg",300,300,true],"medium_large":["https:\/\/rmvapesale.com\/wp-content\/uploads\/2024\/10\/MRVI-PUFFING-15000-768x768.jpg",768,768,true],"large":["https:\/\/rmvapesale.com\/wp-content\/uploads\/2024\/10\/MRVI-PUFFING-15000.jpg",808,808,false],"1536x1536":["https:\/\/rmvapesale.com\/wp-content\/uploads\/2024\/10\/MRVI-PUFFING-15000.jpg",808,808,false],"2048x2048":["https:\/\/rmvapesale.com\/wp-content\/uploads\/2024\/10\/MRVI-PUFFING-15000.jpg",808,808,false],"trp-custom-language-flag":["https:\/\/rmvapesale.com\/wp-content\/uploads\/2024\/10\/MRVI-PUFFING-15000.jpg",12,12,false],"woocommerce_thumbnail":["https:\/\/rmvapesale.com\/wp-content\/uploads\/2024\/10\/MRVI-PUFFING-15000-300x300.jpg",300,300,true],"woocommerce_single":["https:\/\/rmvapesale.com\/wp-content\/uploads\/2024\/10\/MRVI-PUFFING-15000-600x600.jpg",600,600,true],"woocommerce_gallery_thumbnail":["https:\/\/rmvapesale.com\/wp-content\/uploads\/2024\/10\/MRVI-PUFFING-15000-100x100.jpg",100,100,true],"wcpr-photo-reviews":["https:\/\/rmvapesale.com\/wp-content\/uploads\/2024\/10\/MRVI-PUFFING-15000.jpg",500,500,false]},"uagb_author_info":{"display_name":"AMY","author_link":"https:\/\/rmvapesale.com\/pl\/author\/"},"uagb_comment_info":0,"uagb_excerpt":"Factory Original MRVI PUFFING 15000 PUFFS Vape Box MRVI 15000 Puffs 2% 5% 25mL E-liquid Rechargeable MRVI PUFFING 1500015K Puffs Wholesale Price vape WhatsApp: +86 17776015835 &nbsp;","_links":{"self":[{"href":"https:\/\/rmvapesale.com\/pl\/wp-json\/wp\/v2\/product\/2344","targetHints":{"allow":["GET"]}}],"collection":[{"href":"https:\/\/rmvapesale.com\/pl\/wp-json\/wp\/v2\/product"}],"about":[{"href":"https:\/\/rmvapesale.com\/pl\/wp-json\/wp\/v2\/types\/product"}],"replies":[{"embeddable":true,"href":"https:\/\/rmvapesale.com\/pl\/wp-json\/wp\/v2\/comments?post=2344"}],"wp:featuredmedia":[{"embeddable":true,"href":"https:\/\/rmvapesale.com\/pl\/wp-json\/wp\/v2\/media\/2349"}],"wp:attachment":[{"href":"https:\/\/rmvapesale.com\/pl\/wp-json\/wp\/v2\/media?parent=2344"}],"wp:term":[{"taxonomy":"product_brand","embeddable":true,"href":"https:\/\/rmvapesale.com\/pl\/wp-json\/wp\/v2\/product_brand?post=2344"},{"taxonomy":"product_cat","embeddable":true,"href":"https:\/\/rmvapesale.com\/pl\/wp-json\/wp\/v2\/product_cat?post=2344"},{"taxonomy":"product_tag","embeddable":true,"href":"https:\/\/rmvapesale.com\/pl\/wp-json\/wp\/v2\/product_tag?post=2344"}],"curies":[{"name":"wp","href":"https:\/\/api.w.org\/{rel}","templated":true}]}}