{"id":2351,"date":"2024-10-11T08:11:29","date_gmt":"2024-10-11T08:11:29","guid":{"rendered":"https:\/\/rmvapesale.com\/?post_type=product&#038;p=2351"},"modified":"2024-10-11T08:47:10","modified_gmt":"2024-10-11T08:47:10","slug":"bang-box-18000-puffs-led-display-disposable-vape-original","status":"publish","type":"product","link":"https:\/\/rmvapesale.com\/pl\/product\/bang-box-18000-puffs-led-display-disposable-vape-original\/","title":{"rendered":"Bang Box 18000 Puffs LED Display Disposable Vape Oryginalny"},"content":{"rendered":"<div class=\"B2VR9 CJHX3e\">\n<div class=\"wyccme\">\n<h1 class=\"LC20lb MBeuO DKV0Md\">Bang Box 18000 Zaci\u0105gni\u0119\u0107 Jednorazowy Vape z Wy\u015bwietlaczem LED Edycja Oryginalna<\/h1>\n<div class=\"flex-shrink-0 flex flex-col relative items-end\">\n<div class=\"pt-0\">\n<div class=\"gizmo-bot-avatar flex h-8 w-8 items-center justify-center overflow-hidden rounded-full\">\n<div class=\"relative p-1 rounded-sm flex items-center justify-center bg-token-main-surface-primary text-token-text-primary h-8 w-8\">\n<p>Bang Box 18000 Zaci\u0105gni\u0119\u0107 to popularny jednorazowy vape z wy\u015bwietlaczem LED, idealny dla tych, kt\u00f3rzy pragn\u0105 wysokiej jako\u015bci, d\u0142ugotrwa\u0142ego wapowania. Dzi\u0119ki imponuj\u0105cej pojemno\u015bci 18 000 zaci\u0105gni\u0119\u0107, to urz\u0105dzenie starcza znacznie d\u0142u\u017cej ni\u017c wi\u0119kszo\u015b\u0107 jednoraz\u00f3wek na rynku. Jego pojemny zbiornik na e-liquid o pojemno\u015bci 26 ml i wyb\u00f3r mocy nikotyny 0%, 2%, 3% i 5% sprawiaj\u0105, \u017ce jest wszechstronny, zaspokajaj\u0105c potrzeby zar\u00f3wno lekkich, jak i ci\u0119\u017ckich waper\u00f3w.<\/p>\n<p>Zaprojektowany z my\u015bl\u0105 o \u0142atwo\u015bci i satysfakcji, ten jednorazowy vape bar jest wyposa\u017cony w akumulator 850 mAh z mo\u017cliwo\u015bci\u0105 \u0142adowania i szybkie \u0142adowanie Type-C, co zapewnia zasilanie przez ca\u0142y dzie\u0144. Wyj\u0105tkowy cyfrowy wy\u015bwietlacz LED zapewnia informacje w czasie rzeczywistym o \u017cywotno\u015bci baterii i liczbie zaci\u0105gni\u0119\u0107, dzi\u0119ki czemu mo\u017cesz \u0142atwo monitorowa\u0107 swoje urz\u0105dzenie.<\/p>\n<p>&nbsp;<\/p>\n<\/div>\n<\/div>\n<\/div>\n<\/div>\n<\/div>\n<\/div>\n<p><strong>Skontaktuj si\u0119 z Amy, aby uzyska\u0107 w\u0142a\u015bciw\u0105 odpowied\u017a i wi\u0119cej film\u00f3w o produkcie!<\/strong><\/p>\n<p><img loading=\"lazy\" decoding=\"async\" class=\"size-full wp-image-1978\" src=\"https:\/\/rmvapesale.com\/wp-content\/uploads\/2024\/09\/Disposable-Vape-Wholesale.jpg\" alt=\"Hurtownia Jednorazowych E-papieros\u00f3w\" width=\"229\" height=\"300\" \/><\/p>\n<h3><a href=\"https:\/\/wa.me\/8617776015835\" target=\"_blank\" rel=\"noopener\"><span style=\"color: #ff0000\"><strong>WhatsApp: +86 17776015835<\/strong><\/span><\/a><\/h3>\n<p>&nbsp;<\/p>\n<h2><\/h2>\n<h2><strong>Bang Box 18000 Zaci\u0105gni\u0119\u0107 Jednorazowy Vape Kluczowe Cechy<\/strong><\/h2>\n<p>&nbsp;<\/p>\n<ul>\n<li><strong>18 000 Zaci\u0105gni\u0119\u0107<\/strong>: Dzi\u0119ki ogromnej liczbie 18 000 zaci\u0105gni\u0119\u0107 mo\u017cesz cieszy\u0107 si\u0119 nieprzerwanym wapowaniem przez d\u0142u\u017cszy czas bez k\u0142opot\u00f3w z wymianami.<\/li>\n<li><strong>Grza\u0142ka Mesh (0,8ohm)<\/strong>: Zaawansowana technologia grza\u0142ki mesh zapewnia maksymalny smak i produkcj\u0119 pary, zapewniaj\u0105c za ka\u017cdym razem g\u0142adkie i aromatyczne uderzenie.<\/li>\n<li><strong>Pojemno\u015b\u0107 E-Liquidu 26ml<\/strong>: Wyposa\u017cony w pojemny zbiornik na e-liquid o pojemno\u015bci 26 ml, minimalizuje potrzeb\u0119 ci\u0105g\u0142ego uzupe\u0142niania, oferuj\u0105c d\u0142ugotrwa\u0142e u\u017cytkowanie.<\/li>\n<li><strong>Opcje Nikotyny<\/strong>: Wybierz spo\u015br\u00f3d <strong>0%, 2%, 3% lub 5% nikotyn\u0105<\/strong> aby dostosowa\u0107 swoje wra\u017cenia z wapowania i zaspokoi\u0107 swoje osobiste preferencje.<\/li>\n<li><strong>Akumulator 850mAh z Mo\u017cliwo\u015bci\u0105 \u0141adowania<\/strong>: Mocny wbudowany akumulator 850 mAh zapewnia zasilanie przez ca\u0142y dzie\u0144, a dzi\u0119ki <strong>szybkiego \u0142adowania typu C<\/strong>, w mgnieniu oka wr\u00f3cisz do wapowania.<\/li>\n<li><strong>Cyfrowy Wy\u015bwietlacz LED<\/strong>: Zachowaj kontrol\u0119 dzi\u0119ki intuicyjnemu <strong>wy\u015bwietlaczowi LED<\/strong> kt\u00f3ry pokazuje istotne informacje, takie jak pozosta\u0142y czas pracy baterii i poziom e-liquid\u00f3w, u\u0142atwiaj\u0105c monitorowanie urz\u0105dzenia.<\/li>\n<\/ul>\n<figure id=\"attachment_2352\" aria-describedby=\"caption-attachment-2352\" style=\"width: 600px\" class=\"wp-caption alignnone\"><img loading=\"lazy\" decoding=\"async\" class=\"wp-image-2352\" src=\"https:\/\/rmvapesale.com\/wp-content\/uploads\/2024\/10\/Bang-Box-18000-Puffs-Disposable-Vape-Wholesale.jpg\" alt=\"Bang Box 18000 Puffs Jednorazowy E-papieros Hurtowo\" width=\"600\" height=\"600\" srcset=\"https:\/\/rmvapesale.com\/wp-content\/uploads\/2024\/10\/Bang-Box-18000-Puffs-Disposable-Vape-Wholesale.jpg 800w, https:\/\/rmvapesale.com\/wp-content\/uploads\/2024\/10\/Bang-Box-18000-Puffs-Disposable-Vape-Wholesale-300x300.jpg 300w, https:\/\/rmvapesale.com\/wp-content\/uploads\/2024\/10\/Bang-Box-18000-Puffs-Disposable-Vape-Wholesale-150x150.jpg 150w, https:\/\/rmvapesale.com\/wp-content\/uploads\/2024\/10\/Bang-Box-18000-Puffs-Disposable-Vape-Wholesale-768x768.jpg 768w, https:\/\/rmvapesale.com\/wp-content\/uploads\/2024\/10\/Bang-Box-18000-Puffs-Disposable-Vape-Wholesale-600x600.jpg 600w, https:\/\/rmvapesale.com\/wp-content\/uploads\/2024\/10\/Bang-Box-18000-Puffs-Disposable-Vape-Wholesale-100x100.jpg 100w\" sizes=\"auto, (max-width: 600px) 100vw, 600px\" \/><figcaption id=\"caption-attachment-2352\" class=\"wp-caption-text\">Bang Box 18000 Puffs Jednorazowy E-papieros Hurtowo<\/figcaption><\/figure>\n<h2><\/h2>\n<h2><strong>Najlepszy smak dla Bang Box 18000 Puffs Vape Bar<\/strong><\/h2>\n<p>Ten <strong>Bang Box 18000 Puffs Jednorazowy E-papieros z wy\u015bwietlaczem LED<\/strong> jest ostatecznym wyborem dla palaczy, kt\u00f3rzy ceni\u0105 wygod\u0119, mocne osi\u0105gi i podniesione doznania. Dost\u0119pny w r\u00f3\u017cnych mocach nikotyny, to urz\u0105dzenie oferuje elegancki, bezproblemowy spos\u00f3b na cieszenie si\u0119 ulubionymi e-liquidami, wszystko to z \u0142atwo\u015bci\u0105 jednorazowego e-papierosa.<\/p>\n<p>1. Gummy Bear <span style=\"color: #ff0000\"><strong>&gt;&gt;&gt;&gt; Gor\u0105ce!<\/strong><\/span><br \/>\n2. Truskawkowe Lody<span style=\"color: #ff0000\"><strong>&gt;&gt;&gt;&gt; Najlepsze!<\/strong><\/span><br \/>\n3. Peach Mango<br \/>\n4. Triple Berry Ice<br \/>\n5. Truskawka Banan<br \/>\n6. Lush Ice<br \/>\n7. Blue Razz z lodem <span style=\"color: #ff0000\"><strong>&gt;&gt;&gt;&gt; Gor\u0105ce!<\/strong><\/span><br \/>\n8. Owoce Tropikalne<br \/>\n9. Aloe Grape<br \/>\n10.Brzoskwiniowy l\u00f3d<br \/>\n11. Strawberry Lychee<br \/>\n12. Cool Mint<\/p>\n<p>&nbsp;<\/p>\n<p>&nbsp;<\/p>\n<h3><strong>Dlaczego warto wybra\u0107 Rmvapesale do zakupu hurtowego Bang Box 18000 Puffs Vape?<\/strong><\/h3>\n<div class=\"flex-shrink-0 flex flex-col relative items-end\">\n<div>\n<div class=\"pt-0\">\n<div class=\"gizmo-bot-avatar flex h-8 w-8 items-center justify-center overflow-hidden rounded-full\">\n<div class=\"relative p-1 rounded-sm flex items-center justify-center bg-token-main-surface-primary text-token-text-primary h-8 w-8\">\n<p>&nbsp;<\/p>\n<p>Wybieraj\u0105c Rmvapesale do hurtowych zakup\u00f3w jednorazowych e-papieros\u00f3w, zyskujesz:<\/p>\n<ul>\n<li><strong>Konkurencyjna cena<\/strong>: Uzyskaj dost\u0119p do atrakcyjnych cen hurtowych, kt\u00f3re zwi\u0119ksz\u0105 mar\u017ce Twojej firmy.<\/li>\n<li><strong>Wysoka jako\u015b\u0107<\/strong>: Nasze e-papierosy s\u0105 wykonane zgodnie z najwy\u017cszymi standardami i <span style=\"color: #ff0000\"><strong>maj\u0105 100% gwarancji oryginalno\u015bci i autentyczno\u015bci, w przeciwnym razie otrzymasz 10-krotne odszkodowanie za podrobione towary!<\/strong><\/span><\/li>\n<li><strong>Doskona\u0142a Obs\u0142uga Klienta<\/strong>: Nasz oddany zesp\u00f3\u0142 jest zawsze gotowy, aby Ci pom\u00f3c, dzi\u0119ki czemu proces zakup\u00f3w jest p\u0142ynny i bezproblemowy.<\/li>\n<li><strong>Szybka dostawa<\/strong>: Oczekuj szybkiej i niezawodnej wysy\u0142ki, kt\u00f3ra zapewni, \u017ce Twoje zam\u00f3wienia dotr\u0105 na czas, za ka\u017cdym razem.<\/li>\n<\/ul>\n<h3><\/h3>\n<h3><b>FAQ<\/b><\/h3>\n<p>&nbsp;<\/p>\n<\/div>\n<\/div>\n<\/div>\n<\/div>\n<\/div>\n<div class=\"group\/conversation-turn relative flex w-full min-w-0 flex-col agent-turn\">\n<div class=\"flex-col gap-1 md:gap-3\">\n<div class=\"flex max-w-full flex-col flex-grow\">\n<div class=\"min-h-8 text-message flex w-full flex-col items-end gap-2 whitespace-normal break-words [.text-message+&amp;]:mt-5\" dir=\"auto\" data-message-author-role=\"assistant\" data-message-id=\"f226d3fc-81f3-46d5-8c46-31787fff0357\">\n<div class=\"flex w-full flex-col gap-1 empty:hidden first:pt-[3px]\">\n<div class=\"markdown prose w-full break-words dark:prose-invert light\">\n<h3>1. <strong>Co wyr\u00f3\u017cnia jednorazowego e-papierosa Bang Box 18000 Puffs?<\/strong><\/h3>\n<p>Ten <strong>Bang Box 18000 Puffs Jednorazowy E-papieros<\/strong> zapewnia wyj\u0105tkowe doznania podczas vapowania dzi\u0119ki du\u017cej <strong>pojemno\u015bci 18 000 puffs<\/strong> oraz akumulatorowi do\u0142adowywalnemu <strong>bateri\u0119 850mAh<\/strong>. Posiada <strong>26ml zbiornik na e-liquid<\/strong>, zapewniaj\u0105ce d\u0142ugotrwa\u0142e u\u017cytkowanie bez konieczno\u015bci cz\u0119stych wymian. Plus, <strong>cyfrowy wy\u015bwietlacz LED<\/strong> informuje Ci\u0119 na bie\u017c\u0105co o \u017cywotno\u015bci baterii i liczbie chmur.<\/p>\n<h3>2. <strong>Jak wiem, kiedy na\u0142adowa\u0107 m\u00f3j Bang Box 18000 Puffs Vape Bar?<\/strong><\/h3>\n<p>Ten <strong>Bang Box 18000 Puffs Vape Bar<\/strong> posiada praktyczny <strong>cyfrowy wy\u015bwietlacz LED<\/strong> kt\u00f3ry pokazuje zar\u00f3wno poziom na\u0142adowania baterii, jak i liczb\u0119 chmur, u\u0142atwiaj\u0105c wiedz\u0119, kiedy nale\u017cy na\u0142adowa\u0107 urz\u0105dzenie.<\/p>\n<h3>3. <strong>Czy mog\u0119 na\u0142adowa\u0107 Bang Box 18000 Puffs Rechargeable Vape?<\/strong><\/h3>\n<p>Tak! The <strong>Bang Box 18000 Puffs Rechargeable Vape<\/strong> jest wyposa\u017cony w <strong>port \u0142adowania Type-C<\/strong>, umo\u017cliwiaj\u0105cy szybkie i \u0142atwe \u0142adowanie. Ta funkcja, w po\u0142\u0105czeniu z du\u017c\u0105 liczb\u0105 chmur, zapewnia d\u0142ugotrwa\u0142e u\u017cytkowanie.<\/p>\n<h3>4. <strong>Jakie poziomy nikotyny s\u0105 dost\u0119pne w Bang Box 18000 Puffs Rechargeable Vape?<\/strong><\/h3>\n<p>Ten <strong>Bang Box 18000 Puffs Rechargeable Vape<\/strong> jest dost\u0119pny w czterech poziomach nikotyny: <strong>0%, 2%, 3% i 5%<\/strong>. Ta elastyczno\u015b\u0107 odpowiada r\u00f3\u017cnym preferencjom palaczy, niezale\u017cnie od tego, czy szukasz beznikotynowego vapingu, czy mocniejszego uderzenia.<\/p>\n<h3>5. <strong>Czy Bang Vape BOX 18000 Puffs Disposable Vape jest \u0142atwy do przenoszenia?<\/strong><\/h3>\n<p>Oczywi\u015bcie! Jego <strong>Bang Vape BOX 18000 Puffs Disposable Vape<\/strong> zosta\u0142 zaprojektowany tak, aby by\u0142 przeno\u015bny i przyjazny dla u\u017cytkownika, co czyni go idealnym do vapingu w podr\u00f3\u017cy. Pomimo du\u017cej pojemno\u015bci na chmurki, jest lekki i \u0142atwy do noszenia.<\/p>\n<h3>6. <strong>Czy Bang Box 18000 Puffs Vape Bar zapewnia bogate smaki?<\/strong><\/h3>\n<p>Tak! Dzi\u0119ki <strong>Grza\u0142ka mesh 0,8ohm<\/strong>, <strong>Bang Box 18k Puff Vape Bar<\/strong> oferuje lepsz\u0105 produkcj\u0119 smaku i pary. Niezale\u017cnie od tego, czy korzystasz z owocowych smak\u00f3w jak <strong>Brzoskwinia Mango<\/strong> lub ch\u0142odz\u0105cych odczu\u0107 jak <strong>Soczysty L\u00f3d<\/strong>, ka\u017cda chmurka zapewnia satysfakcjonuj\u0105ce doznania.<\/p>\n<\/div>\n<\/div>\n<\/div>\n<\/div>\n<\/div>\n<\/div>\n<p>&nbsp;<\/p>\n<h3><\/h3>\n<h3>O wysy\u0142ce<\/h3>\n<div class=\"flex-shrink-0 flex flex-col relative items-end\">\n<div>\n<div class=\"pt-0\">\n<div class=\"gizmo-bot-avatar flex h-8 w-8 items-center justify-center overflow-hidden rounded-full\">\n<div><\/div>\n<div class=\"relative p-1 rounded-sm flex items-center justify-center bg-token-main-surface-primary text-token-text-primary h-8 w-8\"><strong>1. Jakie metody wysy\u0142ki s\u0105 stosowane?<\/strong><\/div>\n<\/div>\n<\/div>\n<\/div>\n<\/div>\n<div class=\"group\/conversation-turn relative flex w-full min-w-0 flex-col agent-turn\">\n<div class=\"flex-col gap-1 md:gap-3\">\n<div class=\"flex max-w-full flex-col flex-grow\">\n<div class=\"min-h-[20px] text-message flex w-full flex-col items-end gap-2 whitespace-normal break-words [.text-message+&amp;]:mt-5 overflow-x-auto\" dir=\"auto\" data-message-author-role=\"assistant\" data-message-id=\"22f8283b-3233-46ff-89a5-c7a41b33abda\">\n<div class=\"flex w-full flex-col gap-1 empty:hidden first:pt-[3px]\">\n<div class=\"markdown prose w-full break-words dark:prose-invert light\">\n<p>Wsp\u00f3\u0142pracujemy z UPS, DHL, FedEx, DPD i innymi wiod\u0105cymi przewo\u017anikami. Wybierzemy najlepsz\u0105 metod\u0119 wysy\u0142ki w oparciu o Twoj\u0105 lokalizacj\u0119, aby zapewni\u0107, \u017ce otrzymasz swoje produkty tak szybko, jak to mo\u017cliwe.<\/p>\n<\/div>\n<p><strong>2. Ile czasu zajmuje dostawa?<\/strong><\/p>\n<p>Paczki wysy\u0142ane do Polski zazwyczaj docieraj\u0105 w ci\u0105gu 10 dni roboczych. Wysy\u0142ka do innych kraj\u00f3w europejskich trwa zwykle oko\u0142o 12-15 dni roboczych. B\u0119dziemy dostarcza\u0107 aktualizacje w czasie rzeczywistym na temat statusu Twojej przesy\u0142ki.<\/p>\n<\/div>\n<\/div>\n<\/div>\n<\/div>\n<\/div>\n<p>&nbsp;<\/p>\n<p>Inne popularne e-papierosy, kt\u00f3re mog\u0105 Ci si\u0119 spodoba\u0107:<\/p>\n<p><a href=\"https:\/\/rmvapesale.com\/pl\/product\/bang-25000-puffs-0-2-3-5-nicotine-led-display-vape-pod\/\"><strong>Bang 25000 Puffs Puff\u00a0 \u00a0<span style=\"color: #ff0000\">&gt;&gt;&gt;&gt; id\u017a!<\/span><\/strong><\/a><\/p>\n<p><strong><a href=\"https:\/\/rmvapesale.com\/pl\/product\/uwin-crystal-10000-puff-disposable-vape-wholesale-price\/\">UWIN Crystal 10000 Puffs <span style=\"color: #ff0000\">&gt;&gt;&gt;&gt; id\u017a!<\/span><\/a>\u00a0<\/strong><\/p>\n<p><a href=\"https:\/\/rmvapesale.com\/pl\/product\/bang-box-30000-puff-smart-screen-disposable-vape-wholesale\/\"><strong>Bang Box 30000 Puffs Smart Screen Puffs <span style=\"color: #ff0000\">&gt;&gt;&gt;&gt; id\u017a!<\/span><\/strong><\/a><\/p>\n<p>&nbsp;<\/p>\n<p>&nbsp;<\/p>\n<p>Znajd\u017a wi\u0119cej produkt\u00f3w Vape, kt\u00f3re mog\u0105 Ci si\u0119 spodoba\u0107:<strong><em><a href=\"https:\/\/rmvapesale.com\/pl\/shop-2\/\">kup teraz &gt;&gt;&gt;<\/a><\/em><\/strong><\/p>","protected":false},"excerpt":{"rendered":"<p>BANG BOX 18000 Zaci\u0105gni\u0119\u0107 Jednorazowy Vape Hurtowo<br \/>\nBANG Vape 18000 Zaci\u0105gni\u0119\u0107 Jednorazowy Vape Bar Kupno Hurtowe<br \/>\nBANG BOX 18k Zaci\u0105gni\u0119\u0107 Niska Zawarto\u015b\u0107 Nikotyny Inteligentny Jednorazowy Vape<\/p>\n<p><img loading=\"lazy\" decoding=\"async\" class=\"size-full wp-image-1978\" src=\"https:\/\/rmvapesale.com\/wp-content\/uploads\/2024\/09\/Disposable-Vape-Wholesale.jpg\" alt=\"Hurtownia Jednorazowych E-papieros\u00f3w\" width=\"229\" height=\"300\" \/><\/p>\n<h3><a href=\"https:\/\/wa.me\/8617776015835\"><span style=\"color: #ff0000\"><strong>WhatsApp: +86 17776015835<\/strong><\/span><\/a><\/h3>\n<p>&nbsp;<\/p>","protected":false},"featured_media":2354,"comment_status":"open","ping_status":"closed","template":"","meta":{"_uag_custom_page_level_css":"","_lmt_disableupdate":"","_lmt_disable":"","site-sidebar-layout":"default","site-content-layout":"content-boxed-container","ast-site-content-layout":"normal-width-container","site-content-style":"boxed","site-sidebar-style":"unboxed","ast-global-header-display":"","ast-banner-title-visibility":"","ast-main-header-display":"","ast-hfb-above-header-display":"","ast-hfb-below-header-display":"","ast-hfb-mobile-header-display":"","site-post-title":"","ast-breadcrumbs-content":"","ast-featured-img":"","footer-sml-layout":"","ast-disable-related-posts":"","theme-transparent-header-meta":"default","adv-header-id-meta":"","stick-header-meta":"","header-above-stick-meta":"","header-main-stick-meta":"","header-below-stick-meta":"","astra-migrate-meta-layouts":"set","ast-page-background-enabled":"default","ast-page-background-meta":{"desktop":{"background-color":"var(--ast-global-color-4)","background-image":"","background-repeat":"repeat","background-position":"center center","background-size":"auto","background-attachment":"scroll","background-type":"","background-media":"","overlay-type":"","overlay-color":"","overlay-opacity":"","overlay-gradient":""},"tablet":{"background-color":"","background-image":"","background-repeat":"repeat","background-position":"center center","background-size":"auto","background-attachment":"scroll","background-type":"","background-media":"","overlay-type":"","overlay-color":"","overlay-opacity":"","overlay-gradient":""},"mobile":{"background-color":"","background-image":"","background-repeat":"repeat","background-position":"center center","background-size":"auto","background-attachment":"scroll","background-type":"","background-media":"","overlay-type":"","overlay-color":"","overlay-opacity":"","overlay-gradient":""}},"ast-content-background-meta":{"desktop":{"background-color":"var(--ast-global-color-5)","background-image":"","background-repeat":"repeat","background-position":"center center","background-size":"auto","background-attachment":"scroll","background-type":"","background-media":"","overlay-type":"","overlay-color":"","overlay-opacity":"","overlay-gradient":""},"tablet":{"background-color":"var(--ast-global-color-5)","background-image":"","background-repeat":"repeat","background-position":"center center","background-size":"auto","background-attachment":"scroll","background-type":"","background-media":"","overlay-type":"","overlay-color":"","overlay-opacity":"","overlay-gradient":""},"mobile":{"background-color":"var(--ast-global-color-5)","background-image":"","background-repeat":"repeat","background-position":"center center","background-size":"auto","background-attachment":"scroll","background-type":"","background-media":"","overlay-type":"","overlay-color":"","overlay-opacity":"","overlay-gradient":""}},"_joinchat":[]},"product_brand":[],"product_cat":[15,60,27,25,123,30,26,28,135],"product_tag":[63,66,125,126,101,105,120],"class_list":{"0":"post-2351","1":"product","2":"type-product","3":"status-publish","4":"has-post-thumbnail","6":"product_cat-new-vape-this-week","7":"product_cat-bang-vapes","8":"product_cat-fance-hot-sale-vape","9":"product_cat-germany-best-selling-vape","10":"product_cat-italy-wholesale-vape","11":"product_cat-minimum-order-quantity-50pcs","12":"product_cat-netherlands-hot-sale-vape","13":"product_cat-poland-hot-sale-vape","14":"product_cat-spain-best-hot-sale-vape","15":"product_tag-bang-vapes","16":"product_tag-disposable-vape","17":"product_tag-disposable-vape-italy","18":"product_tag-e-cigarettes","19":"product_tag-led-display-vape","20":"product_tag-nicotine-free-disposable-vape","21":"product_tag-vape-wholesale","22":"desktop-align-left","23":"tablet-align-left","24":"mobile-align-left","26":"first","27":"instock","28":"sale","29":"shipping-taxable","30":"purchasable","31":"product-type-simple"},"uagb_featured_image_src":{"full":["https:\/\/rmvapesale.com\/wp-content\/uploads\/2024\/10\/Bang-Box-18000-Puffs-LED-Display-Disposable-Vape-Wholesale.jpg",800,800,false],"thumbnail":["https:\/\/rmvapesale.com\/wp-content\/uploads\/2024\/10\/Bang-Box-18000-Puffs-LED-Display-Disposable-Vape-Wholesale-150x150.jpg",150,150,true],"medium":["https:\/\/rmvapesale.com\/wp-content\/uploads\/2024\/10\/Bang-Box-18000-Puffs-LED-Display-Disposable-Vape-Wholesale-300x300.jpg",300,300,true],"medium_large":["https:\/\/rmvapesale.com\/wp-content\/uploads\/2024\/10\/Bang-Box-18000-Puffs-LED-Display-Disposable-Vape-Wholesale-768x768.jpg",768,768,true],"large":["https:\/\/rmvapesale.com\/wp-content\/uploads\/2024\/10\/Bang-Box-18000-Puffs-LED-Display-Disposable-Vape-Wholesale.jpg",800,800,false],"1536x1536":["https:\/\/rmvapesale.com\/wp-content\/uploads\/2024\/10\/Bang-Box-18000-Puffs-LED-Display-Disposable-Vape-Wholesale.jpg",800,800,false],"2048x2048":["https:\/\/rmvapesale.com\/wp-content\/uploads\/2024\/10\/Bang-Box-18000-Puffs-LED-Display-Disposable-Vape-Wholesale.jpg",800,800,false],"trp-custom-language-flag":["https:\/\/rmvapesale.com\/wp-content\/uploads\/2024\/10\/Bang-Box-18000-Puffs-LED-Display-Disposable-Vape-Wholesale.jpg",12,12,false],"woocommerce_thumbnail":["https:\/\/rmvapesale.com\/wp-content\/uploads\/2024\/10\/Bang-Box-18000-Puffs-LED-Display-Disposable-Vape-Wholesale-300x300.jpg",300,300,true],"woocommerce_single":["https:\/\/rmvapesale.com\/wp-content\/uploads\/2024\/10\/Bang-Box-18000-Puffs-LED-Display-Disposable-Vape-Wholesale-600x600.jpg",600,600,true],"woocommerce_gallery_thumbnail":["https:\/\/rmvapesale.com\/wp-content\/uploads\/2024\/10\/Bang-Box-18000-Puffs-LED-Display-Disposable-Vape-Wholesale-100x100.jpg",100,100,true],"wcpr-photo-reviews":["https:\/\/rmvapesale.com\/wp-content\/uploads\/2024\/10\/Bang-Box-18000-Puffs-LED-Display-Disposable-Vape-Wholesale.jpg",500,500,false]},"uagb_author_info":{"display_name":"AMY","author_link":"https:\/\/rmvapesale.com\/pl\/author\/"},"uagb_comment_info":0,"uagb_excerpt":"BANG BOX 18000 Puffs Disposable Vape Wholesale BANG Vape 18000 Puffs Disposable Vape Vape Bar Bulk Buy BANG BOX 18k Puff Low Nicotine Smart Disposable Vape WhatsApp: +86 17776015835 &nbsp;","_links":{"self":[{"href":"https:\/\/rmvapesale.com\/pl\/wp-json\/wp\/v2\/product\/2351","targetHints":{"allow":["GET"]}}],"collection":[{"href":"https:\/\/rmvapesale.com\/pl\/wp-json\/wp\/v2\/product"}],"about":[{"href":"https:\/\/rmvapesale.com\/pl\/wp-json\/wp\/v2\/types\/product"}],"replies":[{"embeddable":true,"href":"https:\/\/rmvapesale.com\/pl\/wp-json\/wp\/v2\/comments?post=2351"}],"wp:featuredmedia":[{"embeddable":true,"href":"https:\/\/rmvapesale.com\/pl\/wp-json\/wp\/v2\/media\/2354"}],"wp:attachment":[{"href":"https:\/\/rmvapesale.com\/pl\/wp-json\/wp\/v2\/media?parent=2351"}],"wp:term":[{"taxonomy":"product_brand","embeddable":true,"href":"https:\/\/rmvapesale.com\/pl\/wp-json\/wp\/v2\/product_brand?post=2351"},{"taxonomy":"product_cat","embeddable":true,"href":"https:\/\/rmvapesale.com\/pl\/wp-json\/wp\/v2\/product_cat?post=2351"},{"taxonomy":"product_tag","embeddable":true,"href":"https:\/\/rmvapesale.com\/pl\/wp-json\/wp\/v2\/product_tag?post=2351"}],"curies":[{"name":"wp","href":"https:\/\/api.w.org\/{rel}","templated":true}]}}