{"id":2372,"date":"2024-10-12T09:01:19","date_gmt":"2024-10-12T09:01:19","guid":{"rendered":"https:\/\/rmvapesale.com\/?post_type=product&#038;p=2372"},"modified":"2024-10-12T09:20:35","modified_gmt":"2024-10-12T09:20:35","slug":"fihp-digital-box-12000-puffs-hot-sale-vape-bulk-buy","status":"publish","type":"product","link":"https:\/\/rmvapesale.com\/pl\/product\/fihp-digital-box-12000-puffs-hot-sale-vape-bulk-buy\/","title":{"rendered":"FIHP Digital Box 12000 zaci\u0105gni\u0119\u0107, gor\u0105ca sprzeda\u017c, e-papieros, zakup hurtowy"},"content":{"rendered":"<div class=\"B2VR9 CJHX3e\">\n<div class=\"wyccme\">\n<h1 class=\"LC20lb MBeuO DKV0Md\">FIHP Digital Box 12000 zaci\u0105gni\u0119\u0107, gor\u0105ca sprzeda\u017c, e-papieros, zakup hurtowy<\/h1>\n<div class=\"flex-shrink-0 flex flex-col relative items-end\">\n<div class=\"pt-0\">\n<div class=\"gizmo-bot-avatar flex h-8 w-8 items-center justify-center overflow-hidden rounded-full\">\n<div class=\"relative p-1 rounded-sm flex items-center justify-center bg-token-main-surface-primary text-token-text-primary h-8 w-8\">\n<p>FIHP Digital Box 12000 zaci\u0105gni\u0119\u0107 to \u015bwietny wyb\u00f3r dla tych, kt\u00f3rzy szukaj\u0105 jednorazowego e-papierosa premium o d\u0142ugiej \u017cywotno\u015bci, teraz dost\u0119pny w hurtowych ilo\u015bciach! Dzi\u0119ki stylowemu wygl\u0105dowi i zaawansowanym funkcjom, ten e-papieros zosta\u0142 zaprojektowany z my\u015bl\u0105 o wydajno\u015bci i wygodzie.<\/p>\n<p>Oferuj\u0105c imponuj\u0105c\u0105 liczb\u0119 12 000 zaci\u0105gni\u0119\u0107, FIHP Digital Box zapewnia ci\u0105g\u0142e, satysfakcjonuj\u0105ce vapowanie bez cz\u0119stych wymian. To urz\u0105dzenie jest fabrycznie nape\u0142nione 20 ml p\u0142ynu, dost\u0119pnego w st\u0119\u017ceniach 2% i 5% nikotyny, co pozwala dostosowa\u0107 vapowanie do swoich preferencji, niezale\u017cnie od tego, czy wolisz \u0142agodniejsze, czy bardziej intensywne uderzenie nikotynowe.<\/p>\n<p>Akumulator 650 mAh zapewnia niezawodne, sta\u0142e zasilanie przez ca\u0142\u0105 sesj\u0119, a grza\u0142ka siatkowa 1.0\u03a9 i regulowany przep\u0142yw powietrza zapewniaj\u0105 g\u0142adk\u0105, aromatyczn\u0105 produkcj\u0119 pary, kt\u00f3r\u0105 mo\u017cna \u0142atwo dostosowa\u0107 do swoich upodoba\u0144. Ponadto port \u0142adowania Type-C umo\u017cliwia szybkie i wygodne \u0142adowanie, dzi\u0119ki czemu nigdy nie musisz czeka\u0107.<\/p>\n<p>Idealny dla tych, kt\u00f3rzy chc\u0105 zaopatrzy\u0107 si\u0119 w wi\u0119ksze ilo\u015bci lub zaopatrzy\u0107 sw\u00f3j biznes, hurtowy zakup FIHP Digital Box 12000 zaci\u0105gni\u0119\u0107 zapewnia wyj\u0105tkow\u0105 warto\u015b\u0107, jednocze\u015bnie oferuj\u0105c najwy\u017cszej klasy wra\u017cenia z vapowania.<\/p>\n<p>&nbsp;<\/p>\n<\/div>\n<\/div>\n<\/div>\n<\/div>\n<\/div>\n<\/div>\n<p><strong>Skontaktuj si\u0119 z Amy, aby uzyska\u0107 w\u0142a\u015bciw\u0105 odpowied\u017a i wi\u0119cej film\u00f3w o produkcie!<\/strong><\/p>\n<p><img loading=\"lazy\" decoding=\"async\" class=\"size-full wp-image-1978\" src=\"https:\/\/rmvapesale.com\/wp-content\/uploads\/2024\/09\/Disposable-Vape-Wholesale.jpg\" alt=\"Hurtownia Jednorazowych E-papieros\u00f3w\" width=\"229\" height=\"300\" \/><\/p>\n<h3><a href=\"https:\/\/wa.me\/8617776015835\" target=\"_blank\" rel=\"noopener\"><span style=\"color: #ff0000\"><strong>WhatsApp: +86 17776015835<\/strong><\/span><\/a><\/h3>\n<p>&nbsp;<\/p>\n<h2><\/h2>\n<h2><strong>FIHP Digital Box 12000 zaci\u0105gni\u0119\u0107 - kluczowe cechy<\/strong><\/h2>\n<p>&nbsp;<\/p>\n<ul>\n<li><strong>Wysoka Liczba Zaci\u0105gni\u0119\u0107<\/strong>: Ciesz si\u0119 do <strong>12 000 zaci\u0105gni\u0119\u0107<\/strong> dla d\u0142ugotrwa\u0142ej i ci\u0105g\u0142ej przyjemno\u015bci z wapowania.<\/li>\n<li><strong>Pojemna Pojemno\u015b\u0107 E-Liquidu<\/strong>: Wyposa\u017cony w <strong>zbiornik e-liquidu o pojemno\u015bci 22 ml<\/strong>, to urz\u0105dzenie pozwala na d\u0142u\u017csze u\u017cytkowanie z mniejsz\u0105 liczb\u0105 uzupe\u0142nie\u0144.<\/li>\n<li><strong>Niezawodna Bateria<\/strong>: Zasilany przez <strong>akumulator o pojemno\u015bci 650mAh<\/strong>, zapewniaj\u0105c sp\u00f3jn\u0105 i niezawodn\u0105 wydajno\u015b\u0107.<\/li>\n<li><strong>Moc Nikotyny<\/strong>: Oferuje <strong>0,6% nikotyny (6mg)<\/strong>, zapewniaj\u0105c satysfakcjonuj\u0105ce i p\u0142ynne wapowanie.<\/li>\n<li><strong>Technologia Mesh Coil<\/strong>: Wyposa\u017cony w <strong>cewk\u0119 mesh 0,6\u03a9<\/strong> dla wzmocnionego smaku i produkcji pary.<\/li>\n<li><strong>Wy\u015bwietlacz LED<\/strong>: B\u0105d\u017a na bie\u017c\u0105co dzi\u0119ki <strong>wy\u015bwietlaczowi LED<\/strong> , kt\u00f3ry dostarcza aktualne informacje o \u017cywotno\u015bci baterii i u\u017cytkowaniu.<\/li>\n<\/ul>\n<h2><\/h2>\n<h2><strong>Najlepsze smaki dla jednorazowego e-papierosa FIHP Digital Box 12000 zaci\u0105gni\u0119\u0107<\/strong><\/h2>\n<p>Dzi\u0119ki 10 pysznym smakom, takim jak truskawka kiwi, bor\u00f3wka malina i brzoskwinia mango, FIHP Digital Box oferuje smak dla ka\u017cdego podniebienia, zapewniaj\u0105c zawsze przyjemne wra\u017cenia z vapowania.<\/p>\n<p>01. Orze\u017awiaj\u0105cy l\u00f3d<span style=\"color: #ff0000\"><strong>&gt;&gt;&gt;&gt; Gor\u0105ce!<\/strong><\/span><br \/>\n02. Winogronowy l\u00f3d<br \/>\n03. Wi\u015bnia<br \/>\n04. Bor\u00f3wka malina<span style=\"color: #ff0000\"><strong>&gt;&gt;&gt;&gt; Gor\u0105ce!<\/strong><\/span><br \/>\n05. Truskawka kiwi<br \/>\n06. Mieszanka jag\u00f3d<span style=\"color: #ff0000\"><strong>&gt;&gt;&gt;&gt; Najlepsze!<\/strong><\/span><br \/>\n07. Truskawka arbuz<br \/>\n08. Arbuzowa guma do \u017cucia<br \/>\n09. Brzoskwiniowe Mango Ananas<br \/>\n10. Kiwi Marakuja Guawa<\/p>\n<figure id=\"attachment_2366\" aria-describedby=\"caption-attachment-2366\" style=\"width: 808px\" class=\"wp-caption alignnone\"><img loading=\"lazy\" decoding=\"async\" class=\"wp-image-2366 size-full\" src=\"https:\/\/rmvapesale.com\/wp-content\/uploads\/2024\/10\/FIHP-Digital-12000-Puffs-Flavor.jpg\" alt=\"Smak FIHP Digital 12000 Zaci\u0105gni\u0119\u0107\" width=\"808\" height=\"808\" srcset=\"https:\/\/rmvapesale.com\/wp-content\/uploads\/2024\/10\/FIHP-Digital-12000-Puffs-Flavor.jpg 808w, https:\/\/rmvapesale.com\/wp-content\/uploads\/2024\/10\/FIHP-Digital-12000-Puffs-Flavor-300x300.jpg 300w, https:\/\/rmvapesale.com\/wp-content\/uploads\/2024\/10\/FIHP-Digital-12000-Puffs-Flavor-150x150.jpg 150w, https:\/\/rmvapesale.com\/wp-content\/uploads\/2024\/10\/FIHP-Digital-12000-Puffs-Flavor-768x768.jpg 768w, https:\/\/rmvapesale.com\/wp-content\/uploads\/2024\/10\/FIHP-Digital-12000-Puffs-Flavor-600x600.jpg 600w, https:\/\/rmvapesale.com\/wp-content\/uploads\/2024\/10\/FIHP-Digital-12000-Puffs-Flavor-100x100.jpg 100w\" sizes=\"auto, (max-width: 808px) 100vw, 808px\" \/><figcaption id=\"caption-attachment-2366\" class=\"wp-caption-text\">Smak FIHP Digital 12000 Zaci\u0105gni\u0119\u0107<\/figcaption><\/figure>\n<h3><\/h3>\n<h3><strong>Dlaczego warto wybra\u0107 Rmvapesale dla FIHP Digital Box 12000 Zaci\u0105gni\u0119\u0107 Vape na wyprzeda\u017cy<\/strong><strong>?<\/strong><\/h3>\n<div class=\"flex-shrink-0 flex flex-col relative items-end\">\n<div>\n<div class=\"pt-0\">\n<div class=\"gizmo-bot-avatar flex h-8 w-8 items-center justify-center overflow-hidden rounded-full\">\n<div class=\"relative p-1 rounded-sm flex items-center justify-center bg-token-main-surface-primary text-token-text-primary h-8 w-8\">\n<p>&nbsp;<\/p>\n<p>Wybieraj\u0105c Rmvapesale do hurtowych zakup\u00f3w jednorazowych e-papieros\u00f3w, zyskujesz:<\/p>\n<ul>\n<li><strong>Konkurencyjna cena<\/strong>: Uzyskaj dost\u0119p do atrakcyjnych cen hurtowych, kt\u00f3re zwi\u0119ksz\u0105 mar\u017ce Twojej firmy.<\/li>\n<li><strong>Wysoka jako\u015b\u0107<\/strong>: Nasze e-papierosy s\u0105 wykonane zgodnie z najwy\u017cszymi standardami i <span style=\"color: #ff0000\"><strong>maj\u0105 100% gwarancji oryginalno\u015bci i autentyczno\u015bci, w przeciwnym razie otrzymasz 10-krotne odszkodowanie za podrobione towary!<\/strong><\/span><\/li>\n<li><strong>Doskona\u0142a Obs\u0142uga Klienta<\/strong>: Nasz oddany zesp\u00f3\u0142 jest zawsze gotowy, aby Ci pom\u00f3c, dzi\u0119ki czemu proces zakup\u00f3w jest p\u0142ynny i bezproblemowy.<\/li>\n<li><strong>Szybka dostawa<\/strong>: Oczekuj szybkiej i niezawodnej wysy\u0142ki, kt\u00f3ra zapewni, \u017ce Twoje zam\u00f3wienia dotr\u0105 na czas, za ka\u017cdym razem.<\/li>\n<\/ul>\n<h3><\/h3>\n<h3><b>FAQ<\/b><\/h3>\n<p>&nbsp;<\/p>\n<\/div>\n<\/div>\n<\/div>\n<\/div>\n<\/div>\n<div class=\"group\/conversation-turn relative flex w-full min-w-0 flex-col agent-turn\">\n<div class=\"flex-col gap-1 md:gap-3\">\n<div class=\"flex max-w-full flex-col flex-grow\">\n<div class=\"min-h-8 text-message flex w-full flex-col items-end gap-2 whitespace-normal break-words [.text-message+&amp;]:mt-5\" dir=\"auto\" data-message-author-role=\"assistant\" data-message-id=\"f226d3fc-81f3-46d5-8c46-31787fff0357\">\n<div class=\"flex w-full flex-col gap-1 empty:hidden first:pt-[3px]\">\n<div class=\"markdown prose w-full break-words dark:prose-invert light\">\n<p>1. Jak d\u0142ugo wytrzymuje jednorazowy waporyzator FIHP 12000 Puffs?<br \/>\nJednorazowy waporyzator FIHP 12000 Puffs zapewnia do 12 000 zaci\u0105gni\u0119\u0107, co gwarantuje d\u0142ugotrwa\u0142e do\u015bwiadczenie wapowania bez konieczno\u015bci cz\u0119stych wymian.<\/p>\n<p>2. Jakie smaki s\u0105 dost\u0119pne dla waporyzatora FIHP 12000 Puffs?<br \/>\nTen jednorazowy waporyzator jest dost\u0119pny w 10 pysznych smakach, w tym popularnych opcjach, takich jak Lush Ice, Grape Ice, Cherry, Blueberry Raspberry i wiele innych. Ka\u017cdy znajdzie co\u015b dla siebie!<\/p>\n<p>3. Jakie s\u0105 dost\u0119pne st\u0119\u017cenia nikotyny?<br \/>\nJednorazowy waporyzator FIHP 12000 Puffs oferuje st\u0119\u017cenia nikotyny 2% i 5%, zaspokajaj\u0105c potrzeby u\u017cytkownik\u00f3w preferuj\u0105cych umiarkowany lub silniejszy poziom nikotyny.<\/p>\n<p>4. Jaka jest jako\u015b\u0107 pary z jednorazowego waporyzatora FIHP 12000 Puffs?<br \/>\nWyposa\u017cony w siatkow\u0105 grza\u0142k\u0119 o oporno\u015bci 1.0ohm, ten jednorazowy waporyzator poprawia produkcj\u0119 pary i dostarczanie smaku, zapewniaj\u0105c p\u0142ynne i satysfakcjonuj\u0105ce do\u015bwiadczenie wapowania.<\/p>\n<p>5. Jak na\u0142adowa\u0107 waporyzator FIHP 12000 Puffs?<br \/>\nFIHP 12000 jest wyposa\u017cony w akumulator o pojemno\u015bci 650mAh i port \u0142adowania USB typu C do szybkiego i wygodnego \u0142adowania, dzi\u0119ki czemu tw\u00f3j waporyzator jest zawsze gotowy.<\/p>\n<p>6. Ile e-liquidu mie\u015bci FIHP 12000?<br \/>\nTen jednorazowy waporyzator jest wst\u0119pnie nape\u0142niony obfitymi 20ml e-liquidu, co zapewnia d\u0142ugotrwa\u0142\u0105 przyjemno\u015b\u0107 bez cz\u0119stych uzupe\u0142nie\u0144.<\/p>\n<p>7. Czy jednorazowy waporyzator FIHP 12000 Puffs ma jakie\u015b wska\u017aniki?<br \/>\nTak, posiada wy\u015bwietlacz LED, kt\u00f3ry pokazuje dane w czasie rzeczywistym, w tym \u017cywotno\u015b\u0107 baterii i liczb\u0119 zaci\u0105gni\u0119\u0107, dzi\u0119ki czemu mo\u017cna \u0142atwo monitorowa\u0107 status urz\u0105dzenia.<\/p>\n<\/div>\n<\/div>\n<\/div>\n<\/div>\n<\/div>\n<\/div>\n<p>&nbsp;<\/p>\n<h3><\/h3>\n<h3>O wysy\u0142ce<\/h3>\n<div class=\"flex-shrink-0 flex flex-col relative items-end\">\n<div>\n<div class=\"pt-0\">\n<div class=\"gizmo-bot-avatar flex h-8 w-8 items-center justify-center overflow-hidden rounded-full\">\n<div><\/div>\n<div class=\"relative p-1 rounded-sm flex items-center justify-center bg-token-main-surface-primary text-token-text-primary h-8 w-8\"><strong>1. Jakie metody wysy\u0142ki s\u0105 stosowane?<\/strong><\/div>\n<\/div>\n<\/div>\n<\/div>\n<\/div>\n<div class=\"group\/conversation-turn relative flex w-full min-w-0 flex-col agent-turn\">\n<div class=\"flex-col gap-1 md:gap-3\">\n<div class=\"flex max-w-full flex-col flex-grow\">\n<div class=\"min-h-[20px] text-message flex w-full flex-col items-end gap-2 whitespace-normal break-words [.text-message+&amp;]:mt-5 overflow-x-auto\" dir=\"auto\" data-message-author-role=\"assistant\" data-message-id=\"22f8283b-3233-46ff-89a5-c7a41b33abda\">\n<div class=\"flex w-full flex-col gap-1 empty:hidden first:pt-[3px]\">\n<div class=\"markdown prose w-full break-words dark:prose-invert light\">\n<p>Wsp\u00f3\u0142pracujemy z UPS, DHL, FedEx, DPD i innymi wiod\u0105cymi przewo\u017anikami. Wybierzemy najlepsz\u0105 metod\u0119 wysy\u0142ki w oparciu o Twoj\u0105 lokalizacj\u0119, aby zapewni\u0107, \u017ce otrzymasz swoje produkty tak szybko, jak to mo\u017cliwe.<\/p>\n<\/div>\n<p><strong>2. Ile czasu zajmuje dostawa?<\/strong><\/p>\n<p>Paczki wysy\u0142ane do Polski zazwyczaj docieraj\u0105 w ci\u0105gu 10 dni roboczych. Wysy\u0142ka do innych kraj\u00f3w europejskich trwa zwykle oko\u0142o 12-15 dni roboczych. B\u0119dziemy dostarcza\u0107 aktualizacje w czasie rzeczywistym na temat statusu Twojej przesy\u0142ki.<\/p>\n<\/div>\n<\/div>\n<\/div>\n<\/div>\n<\/div>\n<p>&nbsp;<\/p>\n<p>Inne popularne e-papierosy, kt\u00f3re mog\u0105 Ci si\u0119 spodoba\u0107:<\/p>\n<p><a href=\"https:\/\/rmvapesale.com\/pl\/product\/bang-beach-20000-puffs-vape-smart-screen-disposable-e-cig\/\"><strong>Bang Beach 20000 Puff\u00a0 \u00a0<span style=\"color: #ff0000\">&gt;&gt;&gt;&gt; id\u017a!<\/span><\/strong><\/a><\/p>\n<p><strong><a href=\"https:\/\/rmvapesale.com\/pl\/product\/uwin-crystal-10000-puff-disposable-vape-wholesale-price\/\">UWIN Crystal 10000 Puffs <span style=\"color: #ff0000\">&gt;&gt;&gt;&gt; id\u017a!<\/span><\/a>\u00a0<\/strong><\/p>\n<p><a href=\"https:\/\/rmvapesale.com\/pl\/product\/uzy-crystal-pro-max-10k-puffs-disposable-vape-pen-wholesale\/\"><strong>UZY Crystal Pro Max 10000 Puffs <span style=\"color: #ff0000\">&gt;&gt;&gt;&gt; id\u017a!<\/span><\/strong><\/a><\/p>\n<p>&nbsp;<\/p>\n<p>&nbsp;<\/p>\n<p>Znajd\u017a wi\u0119cej produkt\u00f3w Vape, kt\u00f3re mog\u0105 Ci si\u0119 spodoba\u0107:<strong><em><a href=\"https:\/\/rmvapesale.com\/pl\/shop-2\/\">kup teraz &gt;&gt;&gt;<\/a><\/em><\/strong><\/p>","protected":false},"excerpt":{"rendered":"<p>Oryginalny jednorazowy e-papieros FIHP Digital Box 12K zaci\u0105gni\u0119\u0107<br \/>\nDigital Box 12000 zaci\u0105gni\u0119\u0107, jednorazowy e-papieros FIHP 2% 5%<br \/>\nFIHP Digital 12000 zaci\u0105gni\u0119\u0107 Fumot, cena hurtowa, niska zawarto\u015b\u0107 nikotyny<\/p>\n<p><img loading=\"lazy\" decoding=\"async\" class=\"size-full wp-image-1978\" src=\"https:\/\/rmvapesale.com\/wp-content\/uploads\/2024\/09\/Disposable-Vape-Wholesale.jpg\" alt=\"Hurtownia Jednorazowych E-papieros\u00f3w\" width=\"229\" height=\"300\" \/><\/p>\n<h3><a href=\"https:\/\/wa.me\/8617776015835\"><span style=\"color: #ff0000\"><strong>WhatsApp: +86 17776015835<\/strong><\/span><\/a><\/h3>\n<p>&nbsp;<\/p>","protected":false},"featured_media":2369,"comment_status":"open","ping_status":"closed","template":"","meta":{"_uag_custom_page_level_css":"","_lmt_disableupdate":"","_lmt_disable":"","site-sidebar-layout":"default","site-content-layout":"content-boxed-container","ast-site-content-layout":"normal-width-container","site-content-style":"boxed","site-sidebar-style":"unboxed","ast-global-header-display":"","ast-banner-title-visibility":"","ast-main-header-display":"","ast-hfb-above-header-display":"","ast-hfb-below-header-display":"","ast-hfb-mobile-header-display":"","site-post-title":"","ast-breadcrumbs-content":"","ast-featured-img":"","footer-sml-layout":"","theme-transparent-header-meta":"default","adv-header-id-meta":"","stick-header-meta":"","header-above-stick-meta":"","header-main-stick-meta":"","header-below-stick-meta":"","astra-migrate-meta-layouts":"set","ast-page-background-enabled":"default","ast-page-background-meta":{"desktop":{"background-color":"var(--ast-global-color-4)","background-image":"","background-repeat":"repeat","background-position":"center center","background-size":"auto","background-attachment":"scroll","background-type":"","background-media":"","overlay-type":"","overlay-color":"","overlay-opacity":"","overlay-gradient":""},"tablet":{"background-color":"","background-image":"","background-repeat":"repeat","background-position":"center center","background-size":"auto","background-attachment":"scroll","background-type":"","background-media":"","overlay-type":"","overlay-color":"","overlay-opacity":"","overlay-gradient":""},"mobile":{"background-color":"","background-image":"","background-repeat":"repeat","background-position":"center center","background-size":"auto","background-attachment":"scroll","background-type":"","background-media":"","overlay-type":"","overlay-color":"","overlay-opacity":"","overlay-gradient":""}},"ast-content-background-meta":{"desktop":{"background-color":"var(--ast-global-color-5)","background-image":"","background-repeat":"repeat","background-position":"center center","background-size":"auto","background-attachment":"scroll","background-type":"","background-media":"","overlay-type":"","overlay-color":"","overlay-opacity":"","overlay-gradient":""},"tablet":{"background-color":"var(--ast-global-color-5)","background-image":"","background-repeat":"repeat","background-position":"center center","background-size":"auto","background-attachment":"scroll","background-type":"","background-media":"","overlay-type":"","overlay-color":"","overlay-opacity":"","overlay-gradient":""},"mobile":{"background-color":"var(--ast-global-color-5)","background-image":"","background-repeat":"repeat","background-position":"center center","background-size":"auto","background-attachment":"scroll","background-type":"","background-media":"","overlay-type":"","overlay-color":"","overlay-opacity":"","overlay-gradient":""}},"_joinchat":[]},"product_brand":[],"product_cat":[15,25,123,26,28,135,27,60,138,137,136,30],"product_tag":[66,139,126,40,111,105,120],"class_list":{"0":"post-2372","1":"product","2":"type-product","3":"status-publish","4":"has-post-thumbnail","6":"product_cat-new-vape-this-week","7":"product_cat-germany-best-selling-vape","8":"product_cat-italy-wholesale-vape","9":"product_cat-netherlands-hot-sale-vape","10":"product_cat-poland-hot-sale-vape","11":"product_cat-spain-best-hot-sale-vape","12":"product_cat-fance-hot-sale-vape","13":"product_cat-bang-vapes","14":"product_cat-fihp-disposable-vapes","15":"product_cat-rechargeable-vapes","16":"product_cat-smart-screen-vapes","17":"product_cat-minimum-order-quantity-50pcs","18":"product_tag-disposable-vape","19":"product_tag-disposable-vape-pen","20":"product_tag-e-cigarettes","21":"product_tag-hot-sale-vape","22":"product_tag-low-nicotine-disposable-vape","23":"product_tag-nicotine-free-disposable-vape","24":"product_tag-vape-wholesale","25":"desktop-align-left","26":"tablet-align-left","27":"mobile-align-left","29":"first","30":"instock","31":"sale","32":"shipping-taxable","33":"purchasable","34":"product-type-simple"},"uagb_featured_image_src":{"full":["https:\/\/rmvapesale.com\/wp-content\/uploads\/2024\/10\/FIHP-Digital-12000-Puffs-Wholesale-Price.jpg",808,808,false],"thumbnail":["https:\/\/rmvapesale.com\/wp-content\/uploads\/2024\/10\/FIHP-Digital-12000-Puffs-Wholesale-Price-150x150.jpg",150,150,true],"medium":["https:\/\/rmvapesale.com\/wp-content\/uploads\/2024\/10\/FIHP-Digital-12000-Puffs-Wholesale-Price-300x300.jpg",300,300,true],"medium_large":["https:\/\/rmvapesale.com\/wp-content\/uploads\/2024\/10\/FIHP-Digital-12000-Puffs-Wholesale-Price-768x768.jpg",768,768,true],"large":["https:\/\/rmvapesale.com\/wp-content\/uploads\/2024\/10\/FIHP-Digital-12000-Puffs-Wholesale-Price.jpg",808,808,false],"1536x1536":["https:\/\/rmvapesale.com\/wp-content\/uploads\/2024\/10\/FIHP-Digital-12000-Puffs-Wholesale-Price.jpg",808,808,false],"2048x2048":["https:\/\/rmvapesale.com\/wp-content\/uploads\/2024\/10\/FIHP-Digital-12000-Puffs-Wholesale-Price.jpg",808,808,false],"trp-custom-language-flag":["https:\/\/rmvapesale.com\/wp-content\/uploads\/2024\/10\/FIHP-Digital-12000-Puffs-Wholesale-Price.jpg",12,12,false],"woocommerce_thumbnail":["https:\/\/rmvapesale.com\/wp-content\/uploads\/2024\/10\/FIHP-Digital-12000-Puffs-Wholesale-Price-300x300.jpg",300,300,true],"woocommerce_single":["https:\/\/rmvapesale.com\/wp-content\/uploads\/2024\/10\/FIHP-Digital-12000-Puffs-Wholesale-Price-600x600.jpg",600,600,true],"woocommerce_gallery_thumbnail":["https:\/\/rmvapesale.com\/wp-content\/uploads\/2024\/10\/FIHP-Digital-12000-Puffs-Wholesale-Price-100x100.jpg",100,100,true],"wcpr-photo-reviews":["https:\/\/rmvapesale.com\/wp-content\/uploads\/2024\/10\/FIHP-Digital-12000-Puffs-Wholesale-Price.jpg",500,500,false]},"uagb_author_info":{"display_name":"AMY","author_link":"https:\/\/rmvapesale.com\/pl\/author\/"},"uagb_comment_info":0,"uagb_excerpt":"Original FIHP Digital Box 12K Puffs Disposable vape Digital Box 12000 Puffs FIHP Disposable Vape 2% 5% FIHP Digital 12000 Puffs Fumot Wholesale Price Low Nicotine WhatsApp: +86 17776015835 &nbsp;","_links":{"self":[{"href":"https:\/\/rmvapesale.com\/pl\/wp-json\/wp\/v2\/product\/2372","targetHints":{"allow":["GET"]}}],"collection":[{"href":"https:\/\/rmvapesale.com\/pl\/wp-json\/wp\/v2\/product"}],"about":[{"href":"https:\/\/rmvapesale.com\/pl\/wp-json\/wp\/v2\/types\/product"}],"replies":[{"embeddable":true,"href":"https:\/\/rmvapesale.com\/pl\/wp-json\/wp\/v2\/comments?post=2372"}],"wp:featuredmedia":[{"embeddable":true,"href":"https:\/\/rmvapesale.com\/pl\/wp-json\/wp\/v2\/media\/2369"}],"wp:attachment":[{"href":"https:\/\/rmvapesale.com\/pl\/wp-json\/wp\/v2\/media?parent=2372"}],"wp:term":[{"taxonomy":"product_brand","embeddable":true,"href":"https:\/\/rmvapesale.com\/pl\/wp-json\/wp\/v2\/product_brand?post=2372"},{"taxonomy":"product_cat","embeddable":true,"href":"https:\/\/rmvapesale.com\/pl\/wp-json\/wp\/v2\/product_cat?post=2372"},{"taxonomy":"product_tag","embeddable":true,"href":"https:\/\/rmvapesale.com\/pl\/wp-json\/wp\/v2\/product_tag?post=2372"}],"curies":[{"name":"wp","href":"https:\/\/api.w.org\/{rel}","templated":true}]}}