{"id":2410,"date":"2024-10-15T03:28:17","date_gmt":"2024-10-15T03:28:17","guid":{"rendered":"https:\/\/rmvapesale.com\/?post_type=product&#038;p=2410"},"modified":"2024-10-15T08:43:04","modified_gmt":"2024-10-15T08:43:04","slug":"bang-box-20000-puffs-vape-0-2-5-nicotine","status":"publish","type":"product","link":"https:\/\/rmvapesale.com\/pl\/product\/bang-box-20000-puffs-vape-0-2-5-nicotine\/","title":{"rendered":"Bang Box 20000 Zaci\u0105gni\u0119\u0107 Vape 0% 2% 5% Nikotyna"},"content":{"rendered":"<div class=\"B2VR9 CJHX3e\">\n<div class=\"wyccme\">\n<h1 class=\"LC20lb MBeuO DKV0Md\">Bang Box 20000 Zaci\u0105gni\u0119\u0107 Vape 0% 2% 5% Nikotyna<\/h1>\n<div class=\"flex-shrink-0 flex flex-col relative items-end\">\n<div class=\"pt-0\">\n<div class=\"gizmo-bot-avatar flex h-8 w-8 items-center justify-center overflow-hidden rounded-full\">\n<div class=\"relative p-1 rounded-sm flex items-center justify-center bg-token-main-surface-primary text-token-text-primary h-8 w-8\">\n<p>Bang Box 20000 Puffs Vape to wyr\u00f3\u017cniaj\u0105cy si\u0119 produkt na rynku wapowania, zaprojektowany zar\u00f3wno dla okazjonalnych, jak i zaawansowanych u\u017cytkownik\u00f3w. Dostarczaj\u0105c do 20 000 puf\u00f3w, oferuje d\u0142ugotrwa\u0142e do\u015bwiadczenie wapowania, kt\u00f3re jest zar\u00f3wno wygodne, jak i ekonomiczne. Ten d\u0142ugopis vape jest dost\u0119pny w r\u00f3\u017cnych mocach nikotyny, w tym 0%, 2%, 3% i 5%, umo\u017cliwiaj\u0105c u\u017cytkownikom wyb\u00f3r preferowanego poziomu.<\/p>\n<p>Jedn\u0105 z kluczowych cech Bang Box 20k puf\u00f3w jest jego akumulator do\u0142adowywalny, co zwi\u0119ksza jego trwa\u0142o\u015b\u0107 w por\u00f3wnaniu do tradycyjnych jednorazowych vape. Ten vape Bang jest wyposa\u017cony w pojemno\u015b\u0107 e-liquid 25 ml, zapewniaj\u0105c u\u017cytkownikom mo\u017cliwo\u015b\u0107 d\u0142u\u017cszych sesji.<\/p>\n<p>Dodatkowo, bar Bang 20000 jest zaprojektowany z systemem podw\u00f3jnej siatki grza\u0142ki, kt\u00f3ry zwi\u0119ksza smak i produkcj\u0119 pary, czyni\u0105c ka\u017cdy puf satysfakcjonuj\u0105cym. Elegancki i przeno\u015bny design sprawia, \u017ce jest \u0142atwy do noszenia, odpowiadaj\u0105c potrzebom u\u017cytkownik\u00f3w zawsze w ruchu.<\/p>\n<p>Og\u00f3lnie rzecz bior\u0105c, Bang Box 20000 Puffs Jednorazowy Vape to doskona\u0142y wyb\u00f3r dla tych, kt\u00f3rzy szukaj\u0105 niezawodnej i du\u017cej ilo\u015bci puf\u00f3w w wapowaniu.<\/p>\n<\/div>\n<\/div>\n<\/div>\n<\/div>\n<\/div>\n<\/div>\n<p><strong>Skontaktuj si\u0119 z Amy, aby uzyska\u0107 w\u0142a\u015bciw\u0105 odpowied\u017a i wi\u0119cej film\u00f3w o produkcie!<\/strong><\/p>\n<p><img loading=\"lazy\" decoding=\"async\" class=\"size-full wp-image-1978\" src=\"https:\/\/rmvapesale.com\/wp-content\/uploads\/2024\/09\/Disposable-Vape-Wholesale.jpg\" alt=\"Hurtownia Jednorazowych E-papieros\u00f3w\" width=\"229\" height=\"300\" \/><\/p>\n<h3><a href=\"https:\/\/wa.me\/8617776015835\" target=\"_blank\" rel=\"noopener\"><span style=\"color: #ff0000\"><strong>WhatsApp: +86 17776015835<\/strong><\/span><\/a><\/h3>\n<p>&nbsp;<\/p>\n<h2><\/h2>\n<h2><strong>Kluczowe cechy Bang Jednorazowego Vape 20000<\/strong><\/h2>\n<p>Pufy: DO 20000 puf\u00f3w<br \/>\nLiquid: 35 ml wst\u0119pnie nape\u0142nione<br \/>\nNikotyna: 0% 2% 3% 5%<br \/>\nRdze\u0144: Siatka grza\u0142ki 1.0\u03a9<br \/>\nAkumulator: 850mAh do\u0142adowywalny typu C<br \/>\nInteligentny wy\u015bwietlacz ekranowy dla oleju i e-liquid<\/p>\n<h2><\/h2>\n<h2><strong>Najlepszy smak dla Bang 20000 Puffs Wy\u015bwietlacz Smart Vape<\/strong><\/h2>\n<p>Bang Box 20000 Puffs Vape oferuje r\u00f3\u017cnorodno\u015b\u0107 smak\u00f3w zaprojektowanych tak, aby sprosta\u0107 r\u00f3\u017cnym preferencjom. Ka\u017cdy smak zosta\u0142 stworzony, aby zapewni\u0107 unikalne do\u015bwiadczenie wapowania, gwarantuj\u0105c, \u017ce u\u017cytkownicy znajd\u0105 co\u015b odpowiadaj\u0105cego ich gustowi. Popularne opcje obejmuj\u0105 owocowe smaki, takie jak arbuz, mango i mieszane jagody, kt\u00f3re dostarczaj\u0105 orze\u017awiaj\u0105ce i s\u0142odkie doznania.<\/p>\n<p>1. Truskawka kiwi<br \/>\n2. Kiwi, marakuja, guawa<span style=\"color: #ff0000\"><strong>&gt;&gt;&gt;&gt; Gor\u0105ce!<\/strong><\/span><br \/>\n3. Arbuz truskawkowy<span style=\"color: #ff0000\"><strong>&gt;&gt;&gt;&gt; Gor\u0105ce!<\/strong><\/span><br \/>\n4. Malina arbuz<br \/>\n5. Jagoda kwa\u015bna malina l\u00f3d<br \/>\n6. Watermelon ice<br \/>\n7. Lody bananowe<br \/>\n8. Mango brzoskwinia<br \/>\n9. Niebieska malina l\u00f3d<span style=\"color: #ff0000\"><strong>&gt;&gt;&gt;&gt; Najlepsze!<\/strong><\/span><br \/>\n10. Pan niebieski<br \/>\n11. Lody winogronowe<br \/>\n12. Mango na lodzie<\/p>\n<figure id=\"attachment_2404\" aria-describedby=\"caption-attachment-2404\" style=\"width: 800px\" class=\"wp-caption alignnone\"><img loading=\"lazy\" decoding=\"async\" class=\"wp-image-2404 size-full\" src=\"https:\/\/rmvapesale.com\/wp-content\/uploads\/2024\/10\/Bang-box-20000-Puffs-Disposable-Vape-Bulk-Buy.jpg\" alt=\"Bang box 20000 Puffs Jednorazowy e-papieros na hurtow\u0105 sprzeda\u017c\" width=\"800\" height=\"504\" srcset=\"https:\/\/rmvapesale.com\/wp-content\/uploads\/2024\/10\/Bang-box-20000-Puffs-Disposable-Vape-Bulk-Buy.jpg 800w, https:\/\/rmvapesale.com\/wp-content\/uploads\/2024\/10\/Bang-box-20000-Puffs-Disposable-Vape-Bulk-Buy-300x189.jpg 300w, https:\/\/rmvapesale.com\/wp-content\/uploads\/2024\/10\/Bang-box-20000-Puffs-Disposable-Vape-Bulk-Buy-768x484.jpg 768w, https:\/\/rmvapesale.com\/wp-content\/uploads\/2024\/10\/Bang-box-20000-Puffs-Disposable-Vape-Bulk-Buy-600x378.jpg 600w\" sizes=\"auto, (max-width: 800px) 100vw, 800px\" \/><figcaption id=\"caption-attachment-2404\" class=\"wp-caption-text\">Bang box 20000 Puffs Jednorazowy e-papieros na hurtow\u0105 sprzeda\u017c<\/figcaption><\/figure>\n<h3><\/h3>\n<h3><strong>Dlaczego warto wybra\u0107 Rmvapesale dla Bang Vape Puff 20000 \u0141adowalny e-papieros<\/strong><strong>?<\/strong><\/h3>\n<div class=\"flex-shrink-0 flex flex-col relative items-end\">\n<div class=\"pt-0\">\n<div class=\"gizmo-bot-avatar flex h-8 w-8 items-center justify-center overflow-hidden rounded-full\">\n<div class=\"relative p-1 rounded-sm flex items-center justify-center bg-token-main-surface-primary text-token-text-primary h-8 w-8\">\n<p>&nbsp;<\/p>\n<p>Wybieraj\u0105c Rmvapesale do hurtowych zakup\u00f3w jednorazowych e-papieros\u00f3w, zyskujesz:<\/p>\n<ul>\n<li><strong>Konkurencyjna cena<\/strong>: Uzyskaj dost\u0119p do atrakcyjnych cen hurtowych, kt\u00f3re zwi\u0119ksz\u0105 mar\u017ce Twojej firmy.<\/li>\n<li><strong>Wysoka jako\u015b\u0107<\/strong>: Nasze e-papierosy s\u0105 wykonane zgodnie z najwy\u017cszymi standardami i <span style=\"color: #ff0000\"><strong>maj\u0105 100% gwarancji oryginalno\u015bci i autentyczno\u015bci, w przeciwnym razie otrzymasz 10-krotne odszkodowanie za podrobione towary!<\/strong><\/span><\/li>\n<li><strong>Doskona\u0142a Obs\u0142uga Klienta<\/strong>: Nasz oddany zesp\u00f3\u0142 jest zawsze gotowy, aby Ci pom\u00f3c, dzi\u0119ki czemu proces zakup\u00f3w jest p\u0142ynny i bezproblemowy.<\/li>\n<li><strong>Szybka dostawa<\/strong>: Oczekuj szybkiej i niezawodnej wysy\u0142ki, kt\u00f3ra zapewni, \u017ce Twoje zam\u00f3wienia dotr\u0105 na czas, za ka\u017cdym razem.<\/li>\n<\/ul>\n<\/div>\n<h3><\/h3>\n<div class=\"relative p-1 rounded-sm flex items-center justify-center bg-token-main-surface-primary text-token-text-primary h-8 w-8\">\n<h3><b>FAQ<\/b><\/h3>\n<p>&nbsp;<\/p>\n<\/div>\n<\/div>\n<\/div>\n<\/div>\n<div class=\"group\/conversation-turn relative flex w-full min-w-0 flex-col agent-turn\">\n<div class=\"flex-col gap-1 md:gap-3\">\n<div class=\"flex max-w-full flex-col flex-grow\">\n<div class=\"min-h-8 text-message flex w-full flex-col items-end gap-2 whitespace-normal break-words [.text-message+&amp;]:mt-5\" dir=\"auto\" data-message-author-role=\"assistant\" data-message-id=\"f226d3fc-81f3-46d5-8c46-31787fff0357\">\n<div class=\"flex w-full flex-col gap-1 empty:hidden first:pt-[3px]\">\n<div class=\"markdown prose w-full break-words dark:prose-invert light\">\n<p>1. Jaka jest liczba puf\u00f3w w Bang Box 20 000 Puffs Vape?<br \/>\nJednorazowy e-papieros Bang Box oferuje do 20 000 puf\u00f3w na urz\u0105dzenie, co czyni go d\u0142ugotrwa\u0142\u0105 opcj\u0105 dla u\u017cytkownik\u00f3w poszukuj\u0105cych d\u0142u\u017cszego u\u017cytkowania bez cz\u0119stej wymiany.<\/p>\n<p>2. Jakie poziomy nikotyny s\u0105 dost\u0119pne dla Bang Box 20000 Vape?<br \/>\nTen e-papieros dost\u0119pny jest w czterech opcjach st\u0119\u017cenia nikotyny: 0%, 2%, 3% i 5%. U\u017cytkownicy mog\u0105 wybiera\u0107 w zale\u017cno\u015bci od swoich preferencji lub tolerancji na nikotyn\u0119.<\/p>\n<p>3. Czy Bang Vape 20 000 jest \u0142adowalny?<br \/>\nTak, urz\u0105dzenie jest \u0142adowalne, co pozwala u\u017cytkownikom maksymalnie wykorzysta\u0107 wysok\u0105 liczb\u0119 puf\u00f3w bez obaw o wyczerpanie si\u0119 baterii przed ko\u0144cem e-liquidu.<\/p>\n<p>4. Jakie smaki s\u0105 dost\u0119pne dla Bang Box 20 000 \u0141adowalny e-papieros?<br \/>\nUrz\u0105dzenie dost\u0119pne jest w r\u00f3\u017cnych smakach. Jednak konkretne smaki mog\u0105 si\u0119 r\u00f3\u017cni\u0107 w zale\u017cno\u015bci od wyboru sprzedawcy lub producenta. Typowe opcje obejmuj\u0105 popularne owoce, mentol i smaki deserowe.<\/p>\n<p>5. Czy mog\u0119 kupi\u0107 jednorazowego e-papierosa Bang 20 000 puf\u00f3w hurtowo?<br \/>\nTak, urz\u0105dzenie jest dost\u0119pne do zakupu hurtowego, co czyni je idealnym dla hurtownik\u00f3w lub os\u00f3b chc\u0105cych zgromadzi\u0107 du\u017c\u0105 ilo\u015b\u0107 jednorazowych e-papieros\u00f3w.<\/p>\n<p>6. Czy Bang Box 20 000 Puffs Vape jest odpowiedni dla pocz\u0105tkuj\u0105cych?<br \/>\nE-papieros Bang Box zosta\u0142 zaprojektowany tak, aby by\u0142 \u0142atwy w u\u017cyciu, bez konieczno\u015bci konserwacji. Jest odpowiedni zar\u00f3wno dla pocz\u0105tkuj\u0105cych, jak i do\u015bwiadczonych vaper\u00f3w ze wzgl\u0119du na przyjazny dla u\u017cytkownika design i wysok\u0105 liczb\u0119 puf\u00f3w.<\/p>\n<\/div>\n<\/div>\n<\/div>\n<\/div>\n<\/div>\n<\/div>\n<h3>O wysy\u0142ce<\/h3>\n<div class=\"flex-shrink-0 flex flex-col relative items-end\">\n<div>\n<div class=\"pt-0\">\n<div class=\"gizmo-bot-avatar flex h-8 w-8 items-center justify-center overflow-hidden rounded-full\">\n<div><\/div>\n<div class=\"relative p-1 rounded-sm flex items-center justify-center bg-token-main-surface-primary text-token-text-primary h-8 w-8\"><strong>1. Jakie metody wysy\u0142ki s\u0105 stosowane?<\/strong><\/div>\n<\/div>\n<\/div>\n<\/div>\n<\/div>\n<div class=\"group\/conversation-turn relative flex w-full min-w-0 flex-col agent-turn\">\n<div class=\"flex-col gap-1 md:gap-3\">\n<div class=\"flex max-w-full flex-col flex-grow\">\n<div class=\"min-h-[20px] text-message flex w-full flex-col items-end gap-2 whitespace-normal break-words [.text-message+&amp;]:mt-5 overflow-x-auto\" dir=\"auto\" data-message-author-role=\"assistant\" data-message-id=\"22f8283b-3233-46ff-89a5-c7a41b33abda\">\n<div class=\"flex w-full flex-col gap-1 empty:hidden first:pt-[3px]\">\n<div class=\"markdown prose w-full break-words dark:prose-invert light\">\n<p>Wsp\u00f3\u0142pracujemy z UPS, DHL, FedEx, DPD i innymi wiod\u0105cymi przewo\u017anikami. Wybierzemy najlepsz\u0105 metod\u0119 wysy\u0142ki w oparciu o Twoj\u0105 lokalizacj\u0119, aby zapewni\u0107, \u017ce otrzymasz swoje produkty tak szybko, jak to mo\u017cliwe.<\/p>\n<\/div>\n<p><strong>2. Ile czasu zajmuje dostawa?<\/strong><\/p>\n<p>Paczki wysy\u0142ane do Polski zazwyczaj docieraj\u0105 w ci\u0105gu 10 dni roboczych. Wysy\u0142ka do innych kraj\u00f3w europejskich trwa zwykle oko\u0142o 12-15 dni roboczych. B\u0119dziemy dostarcza\u0107 aktualizacje w czasie rzeczywistym na temat statusu Twojej przesy\u0142ki.<\/p>\n<\/div>\n<\/div>\n<\/div>\n<\/div>\n<\/div>\n<p>&nbsp;<\/p>\n<p>Inne popularne e-papierosy, kt\u00f3re mog\u0105 Ci si\u0119 spodoba\u0107:<\/p>\n<p><a href=\"https:\/\/rmvapesale.com\/pl\/product\/bang-vape-30000-pro-disposables-wholesale\/\"><strong>Bang King 30000 Puffs Puff\u00a0 \u00a0<span style=\"color: #ff0000\">&gt;&gt;&gt;&gt; id\u017a!<\/span><\/strong><\/a><\/p>\n<p><strong><a href=\"https:\/\/rmvapesale.com\/pl\/product\/faivono-bang-maxi-15000-puffs-disposable-vape-bulk-wholesale\/\">AIVONO Aim Bang Maxi 15000 Zaci\u0105gni\u0119\u0107 <span style=\"color: #ff0000\">&gt;&gt;&gt;&gt; id\u017a!<\/span><\/a>\u00a0<\/strong><\/p>\n<p><a href=\"https:\/\/rmvapesale.com\/pl\/product\/bang-box-30000-puff-double-taste-smart-screen-disposable-vape\/\"><strong>Bang Vape Box 30000 Puffs <span style=\"color: #ff0000\">&gt;&gt;&gt;&gt; id\u017a!<\/span><\/strong><\/a><\/p>\n<p>&nbsp;<\/p>\n<p>&nbsp;<\/p>\n<p>Znajd\u017a wi\u0119cej produkt\u00f3w Vape, kt\u00f3re mog\u0105 Ci si\u0119 spodoba\u0107:<strong><em><a href=\"https:\/\/rmvapesale.com\/pl\/shop-2\/\">kup teraz &gt;&gt;&gt;<\/a><\/em><\/strong><\/p>","protected":false},"excerpt":{"rendered":"<p>Bang Box 20000 Puffs Jednorazowy Vape<br \/>\nBang 20000 Puffs Wy\u015bwietlacz LED Jednorazowy Vape<br \/>\nBang Box 20000 Puffs Vape Jednorazowy<\/p>\n<p><img loading=\"lazy\" decoding=\"async\" class=\"size-full wp-image-1978\" src=\"https:\/\/rmvapesale.com\/wp-content\/uploads\/2024\/09\/Disposable-Vape-Wholesale.jpg\" alt=\"Hurtownia Jednorazowych E-papieros\u00f3w\" width=\"229\" height=\"300\" \/><\/p>\n<h3><a href=\"https:\/\/wa.me\/8617776015835\"><span style=\"color: #ff0000\"><strong>WhatsApp: +86 17776015835<\/strong><\/span><\/a><\/h3>\n<p>&nbsp;<\/p>","protected":false},"featured_media":2407,"comment_status":"open","ping_status":"closed","template":"","meta":{"_uag_custom_page_level_css":"","_lmt_disableupdate":"","_lmt_disable":"","site-sidebar-layout":"default","site-content-layout":"content-boxed-container","ast-site-content-layout":"normal-width-container","site-content-style":"boxed","site-sidebar-style":"unboxed","ast-global-header-display":"","ast-banner-title-visibility":"","ast-main-header-display":"","ast-hfb-above-header-display":"","ast-hfb-below-header-display":"","ast-hfb-mobile-header-display":"","site-post-title":"","ast-breadcrumbs-content":"","ast-featured-img":"","footer-sml-layout":"","ast-disable-related-posts":"","theme-transparent-header-meta":"default","adv-header-id-meta":"","stick-header-meta":"","header-above-stick-meta":"","header-main-stick-meta":"","header-below-stick-meta":"","astra-migrate-meta-layouts":"set","ast-page-background-enabled":"default","ast-page-background-meta":{"desktop":{"background-color":"var(--ast-global-color-4)","background-image":"","background-repeat":"repeat","background-position":"center center","background-size":"auto","background-attachment":"scroll","background-type":"","background-media":"","overlay-type":"","overlay-color":"","overlay-opacity":"","overlay-gradient":""},"tablet":{"background-color":"","background-image":"","background-repeat":"repeat","background-position":"center center","background-size":"auto","background-attachment":"scroll","background-type":"","background-media":"","overlay-type":"","overlay-color":"","overlay-opacity":"","overlay-gradient":""},"mobile":{"background-color":"","background-image":"","background-repeat":"repeat","background-position":"center center","background-size":"auto","background-attachment":"scroll","background-type":"","background-media":"","overlay-type":"","overlay-color":"","overlay-opacity":"","overlay-gradient":""}},"ast-content-background-meta":{"desktop":{"background-color":"var(--ast-global-color-5)","background-image":"","background-repeat":"repeat","background-position":"center center","background-size":"auto","background-attachment":"scroll","background-type":"","background-media":"","overlay-type":"","overlay-color":"","overlay-opacity":"","overlay-gradient":""},"tablet":{"background-color":"var(--ast-global-color-5)","background-image":"","background-repeat":"repeat","background-position":"center center","background-size":"auto","background-attachment":"scroll","background-type":"","background-media":"","overlay-type":"","overlay-color":"","overlay-opacity":"","overlay-gradient":""},"mobile":{"background-color":"var(--ast-global-color-5)","background-image":"","background-repeat":"repeat","background-position":"center center","background-size":"auto","background-attachment":"scroll","background-type":"","background-media":"","overlay-type":"","overlay-color":"","overlay-opacity":"","overlay-gradient":""}},"_joinchat":[]},"product_brand":[],"product_cat":[15,60,27,25,123,30,26,28,137,136,135],"product_tag":[152,148,150,146,126,111,132,85],"class_list":{"0":"post-2410","1":"product","2":"type-product","3":"status-publish","4":"has-post-thumbnail","6":"product_cat-new-vape-this-week","7":"product_cat-bang-vapes","8":"product_cat-fance-hot-sale-vape","9":"product_cat-germany-best-selling-vape","10":"product_cat-italy-wholesale-vape","11":"product_cat-minimum-order-quantity-50pcs","12":"product_cat-netherlands-hot-sale-vape","13":"product_cat-poland-hot-sale-vape","14":"product_cat-rechargeable-vapes","15":"product_cat-smart-screen-vapes","16":"product_cat-spain-best-hot-sale-vape","17":"product_tag-bang-20000-puff","18":"product_tag-bang-disposable-vape","19":"product_tag-bang-vape-bar","20":"product_tag-best-hot-sale-vape","21":"product_tag-e-cigarettes","22":"product_tag-low-nicotine-disposable-vape","23":"product_tag-rechargeable-vape","24":"product_tag-smart-disposable-vape","25":"desktop-align-left","26":"tablet-align-left","27":"mobile-align-left","29":"first","30":"instock","31":"sale","32":"shipping-taxable","33":"purchasable","34":"product-type-simple"},"uagb_featured_image_src":{"full":["https:\/\/rmvapesale.com\/wp-content\/uploads\/2024\/10\/Bang-box-20000-Puffs-Disposable-Vape-Rechargeable.jpg",800,800,false],"thumbnail":["https:\/\/rmvapesale.com\/wp-content\/uploads\/2024\/10\/Bang-box-20000-Puffs-Disposable-Vape-Rechargeable-150x150.jpg",150,150,true],"medium":["https:\/\/rmvapesale.com\/wp-content\/uploads\/2024\/10\/Bang-box-20000-Puffs-Disposable-Vape-Rechargeable-300x300.jpg",300,300,true],"medium_large":["https:\/\/rmvapesale.com\/wp-content\/uploads\/2024\/10\/Bang-box-20000-Puffs-Disposable-Vape-Rechargeable-768x768.jpg",768,768,true],"large":["https:\/\/rmvapesale.com\/wp-content\/uploads\/2024\/10\/Bang-box-20000-Puffs-Disposable-Vape-Rechargeable.jpg",800,800,false],"1536x1536":["https:\/\/rmvapesale.com\/wp-content\/uploads\/2024\/10\/Bang-box-20000-Puffs-Disposable-Vape-Rechargeable.jpg",800,800,false],"2048x2048":["https:\/\/rmvapesale.com\/wp-content\/uploads\/2024\/10\/Bang-box-20000-Puffs-Disposable-Vape-Rechargeable.jpg",800,800,false],"trp-custom-language-flag":["https:\/\/rmvapesale.com\/wp-content\/uploads\/2024\/10\/Bang-box-20000-Puffs-Disposable-Vape-Rechargeable.jpg",12,12,false],"woocommerce_thumbnail":["https:\/\/rmvapesale.com\/wp-content\/uploads\/2024\/10\/Bang-box-20000-Puffs-Disposable-Vape-Rechargeable-300x300.jpg",300,300,true],"woocommerce_single":["https:\/\/rmvapesale.com\/wp-content\/uploads\/2024\/10\/Bang-box-20000-Puffs-Disposable-Vape-Rechargeable-600x600.jpg",600,600,true],"woocommerce_gallery_thumbnail":["https:\/\/rmvapesale.com\/wp-content\/uploads\/2024\/10\/Bang-box-20000-Puffs-Disposable-Vape-Rechargeable-100x100.jpg",100,100,true],"wcpr-photo-reviews":["https:\/\/rmvapesale.com\/wp-content\/uploads\/2024\/10\/Bang-box-20000-Puffs-Disposable-Vape-Rechargeable.jpg",500,500,false]},"uagb_author_info":{"display_name":"AMY","author_link":"https:\/\/rmvapesale.com\/pl\/author\/"},"uagb_comment_info":0,"uagb_excerpt":"Bang Box 20000 Puffs Disposable Vape Bang 20000 Puffs LED Display Disposable Vape Bang Box 20000 Puff Vapes Disposable Vape WhatsApp: +86 17776015835 &nbsp;","_links":{"self":[{"href":"https:\/\/rmvapesale.com\/pl\/wp-json\/wp\/v2\/product\/2410","targetHints":{"allow":["GET"]}}],"collection":[{"href":"https:\/\/rmvapesale.com\/pl\/wp-json\/wp\/v2\/product"}],"about":[{"href":"https:\/\/rmvapesale.com\/pl\/wp-json\/wp\/v2\/types\/product"}],"replies":[{"embeddable":true,"href":"https:\/\/rmvapesale.com\/pl\/wp-json\/wp\/v2\/comments?post=2410"}],"wp:featuredmedia":[{"embeddable":true,"href":"https:\/\/rmvapesale.com\/pl\/wp-json\/wp\/v2\/media\/2407"}],"wp:attachment":[{"href":"https:\/\/rmvapesale.com\/pl\/wp-json\/wp\/v2\/media?parent=2410"}],"wp:term":[{"taxonomy":"product_brand","embeddable":true,"href":"https:\/\/rmvapesale.com\/pl\/wp-json\/wp\/v2\/product_brand?post=2410"},{"taxonomy":"product_cat","embeddable":true,"href":"https:\/\/rmvapesale.com\/pl\/wp-json\/wp\/v2\/product_cat?post=2410"},{"taxonomy":"product_tag","embeddable":true,"href":"https:\/\/rmvapesale.com\/pl\/wp-json\/wp\/v2\/product_tag?post=2410"}],"curies":[{"name":"wp","href":"https:\/\/api.w.org\/{rel}","templated":true}]}}