{"id":2421,"date":"2024-10-16T03:58:38","date_gmt":"2024-10-16T03:58:38","guid":{"rendered":"https:\/\/rmvapesale.com\/?post_type=product&#038;p=2421"},"modified":"2024-10-16T06:38:24","modified_gmt":"2024-10-16T06:38:24","slug":"bang-tornado-13000-puffs-disposable-vape-pen-wholesale-price","status":"publish","type":"product","link":"https:\/\/rmvapesale.com\/pl\/product\/bang-tornado-13000-puffs-disposable-vape-pen-wholesale-price\/","title":{"rendered":"Bang Tornado 13000 Puffs Jednorazowy Vape Pen Cena hurtowa"},"content":{"rendered":"<div class=\"B2VR9 CJHX3e\">\n<div class=\"wyccme\">\n<h1 class=\"LC20lb MBeuO DKV0Md\">Bang Tornado 13000 Puffs Jednorazowy Vape Pen Cena hurtowa<\/h1>\n<div class=\"flex-shrink-0 flex flex-col relative items-end\">\n<div class=\"pt-0\">\n<div class=\"gizmo-bot-avatar flex h-8 w-8 items-center justify-center overflow-hidden rounded-full\">\n<div class=\"relative p-1 rounded-sm flex items-center justify-center bg-token-main-surface-primary text-token-text-primary h-8 w-8\">\n<p>Bang Tornado 13000 Puffs Jednorazowy Vape Pen to rewolucja w bran\u017cy e-papieros\u00f3w, zaprojektowany dla tych, kt\u00f3rzy szukaj\u0105 d\u0142ugotrwa\u0142ego i aromatycznego do\u015bwiadczenia. To innowacyjne urz\u0105dzenie oferuje imponuj\u0105c\u0105 pojemno\u015b\u0107 do 13 000 zaci\u0105gni\u0119\u0107, dzi\u0119ki czemu mo\u017cesz cieszy\u0107 si\u0119 swoimi ulubionymi smakami bez konieczno\u015bci cz\u0119stych wymian. Dzi\u0119ki pojemnemu, wst\u0119pnie nape\u0142nionemu zbiornikowi na e-liquid o pojemno\u015bci 23 ml, mo\u017cesz delektowa\u0107 si\u0119 r\u00f3\u017cnorodnymi smakami, od owocowych po orze\u017awiaj\u0105ce, a wszystkie zosta\u0142y stworzone, aby zapewni\u0107 satysfakcjonuj\u0105ce wra\u017cenia z wapowania.<\/p>\n<p>Jedn\u0105 z wyj\u0105tkowych cech Bang Tornado jest mo\u017cliwo\u015b\u0107 dostosowania poziomu nikotyny, kt\u00f3ry waha si\u0119 od 0%, 2% do 5%. Pozwala to u\u017cytkownikom dostosowa\u0107 swoje wra\u017cenia z wapowania do osobistych preferencji, niezale\u017cnie od tego, czy wol\u0105 opcj\u0119 bez nikotyny, czy mocniejszy efekt. Urz\u0105dzenie Bang z nikotyn\u0105 jest wyposa\u017cone w siatkow\u0105 grza\u0142k\u0119, kt\u00f3ra wzmacnia dostarczanie smaku i produkcj\u0119 pary, dzi\u0119ki czemu ka\u017cde zaci\u0105gni\u0119cie jest przyjemniejsze.<\/p>\n<\/div>\n<\/div>\n<\/div>\n<\/div>\n<\/div>\n<\/div>\n<p><strong>Skontaktuj si\u0119 z Amy, aby uzyska\u0107 w\u0142a\u015bciw\u0105 odpowied\u017a i wi\u0119cej film\u00f3w o produkcie!<\/strong><\/p>\n<p><img loading=\"lazy\" decoding=\"async\" class=\"size-full wp-image-1978\" src=\"https:\/\/rmvapesale.com\/wp-content\/uploads\/2024\/09\/Disposable-Vape-Wholesale.jpg\" alt=\"Hurtownia Jednorazowych E-papieros\u00f3w\" width=\"229\" height=\"300\" \/><\/p>\n<h3><a href=\"https:\/\/wa.me\/8617776015835\" target=\"_blank\" rel=\"noopener\"><span style=\"color: #ff0000\"><strong>WhatsApp: +86 17776015835<\/strong><\/span><\/a><\/h3>\n<p>&nbsp;<\/p>\n<h2><\/h2>\n<h2><strong>Bang Tornado 13000 Kluczowe cechy<\/strong><\/h2>\n<p>Zaci\u0105gni\u0119cia: 13000 zaci\u0105gni\u0119\u0107<br \/>\nNikotyna: 0\/2\/3\/5%<br \/>\n23 ml p\u0142ynu.<br \/>\nGrza\u0142ka siatkowa<br \/>\nAkumulator wielokrotnego \u0142adowania<br \/>\nKolory diod LED RGB<br \/>\nWbudowana bateria 650mAh.<br \/>\nDost\u0119pnych 16 smak\u00f3w.<\/p>\n<h2><\/h2>\n<h2><strong>Najlepsze smaki dla e-papierosa Bang Tornado 13000<\/strong><\/h2>\n<p>Dost\u0119pny w 16 pysznych smakach, w tym Blue Razz Ice, Cherry Cola i Strawberry Kiwi, Bang Tornado zaspokoi r\u00f3\u017cnorodne gusta. Dzi\u0119ki konkurencyjnym cenom hurtowym, to urz\u0105dzenie \u0142\u0105czy w sobie jako\u015b\u0107 i przyst\u0119pn\u0105 cen\u0119, co czyni go doskona\u0142ym wyborem zar\u00f3wno dla u\u017cytkownik\u00f3w indywidualnych, jak i dla sprzedawc\u00f3w detalicznych. Wznie\u015b swoj\u0105 podr\u00f3\u017c z wapowaniem na wy\u017cszy poziom z jednorazowym e-papierosem Bang Tornado 13000 Puffs, gdzie wygoda \u0142\u0105czy si\u0119 z wyj\u0105tkowym smakiem.<\/p>\n<p>&nbsp;<\/p>\n<p>01. Blue Razz Ice<span style=\"color: #ff0000\"><strong>&gt;&gt;&gt;&gt; Gor\u0105ce!<\/strong><\/span><br \/>\n02. Cherry Cola<span style=\"color: #ff0000\"><strong>&gt;&gt;&gt;&gt; Gor\u0105ce!<\/strong><\/span><br \/>\n03. Cotton Candy<br \/>\n04. Kiwi Passion Fruit<br \/>\n05. Lush Ice<br \/>\n06. Mixed Berry<span style=\"color: #ff0000\"><strong>&gt;&gt;&gt;&gt; Najlepsze!<\/strong><\/span><br \/>\n07. Peach Ice<br \/>\n08. Passion Kiss<br \/>\n09. Peach Mango<br \/>\n10. Peach Blue Berry<br \/>\n11. Royal Grape<br \/>\n12. Raspberry Watermelon<br \/>\n13. Truskawka l\u00f3d<br \/>\n14.Truskawka Kiwi<br \/>\n15.Truskawka Banan<br \/>\n16.Truskawka Arbuz<\/p>\n<figure id=\"attachment_2414\" aria-describedby=\"caption-attachment-2414\" style=\"width: 800px\" class=\"wp-caption alignnone\"><img loading=\"lazy\" decoding=\"async\" class=\"wp-image-2414 size-full\" src=\"https:\/\/rmvapesale.com\/wp-content\/uploads\/2024\/10\/Bang-13000-Puffs-Disposable-Vape-Flavor.jpg\" alt=\"Smak jednorazowego e-papierosa Bang 13000 Zaci\u0105gni\u0119\u0107\" width=\"800\" height=\"800\" srcset=\"https:\/\/rmvapesale.com\/wp-content\/uploads\/2024\/10\/Bang-13000-Puffs-Disposable-Vape-Flavor.jpg 800w, https:\/\/rmvapesale.com\/wp-content\/uploads\/2024\/10\/Bang-13000-Puffs-Disposable-Vape-Flavor-300x300.jpg 300w, https:\/\/rmvapesale.com\/wp-content\/uploads\/2024\/10\/Bang-13000-Puffs-Disposable-Vape-Flavor-150x150.jpg 150w, https:\/\/rmvapesale.com\/wp-content\/uploads\/2024\/10\/Bang-13000-Puffs-Disposable-Vape-Flavor-768x768.jpg 768w, https:\/\/rmvapesale.com\/wp-content\/uploads\/2024\/10\/Bang-13000-Puffs-Disposable-Vape-Flavor-600x600.jpg 600w, https:\/\/rmvapesale.com\/wp-content\/uploads\/2024\/10\/Bang-13000-Puffs-Disposable-Vape-Flavor-100x100.jpg 100w\" sizes=\"auto, (max-width: 800px) 100vw, 800px\" \/><figcaption id=\"caption-attachment-2414\" class=\"wp-caption-text\">Smak jednorazowego e-papierosa Bang 13000 Zaci\u0105gni\u0119\u0107<\/figcaption><\/figure>\n<h3><\/h3>\n<h3><strong>Dlaczego warto wybra\u0107 Rmvapesale dla \u0142adowalnego vape Bang Tornado 13000<\/strong><strong>?<\/strong><\/h3>\n<div class=\"flex-shrink-0 flex flex-col relative items-end\">\n<div class=\"pt-0\">\n<div class=\"gizmo-bot-avatar flex h-8 w-8 items-center justify-center overflow-hidden rounded-full\">\n<div class=\"relative p-1 rounded-sm flex items-center justify-center bg-token-main-surface-primary text-token-text-primary h-8 w-8\">\n<p>&nbsp;<\/p>\n<p>Wybieraj\u0105c Rmvapesale do hurtowych zakup\u00f3w jednorazowych e-papieros\u00f3w, zyskujesz:<\/p>\n<ul>\n<li><strong>Konkurencyjna cena<\/strong>: Uzyskaj dost\u0119p do atrakcyjnych cen hurtowych, kt\u00f3re zwi\u0119ksz\u0105 mar\u017ce Twojej firmy.<\/li>\n<li><strong>Wysoka jako\u015b\u0107<\/strong>: Nasze e-papierosy s\u0105 wykonane zgodnie z najwy\u017cszymi standardami i <span style=\"color: #ff0000\"><strong>maj\u0105 100% gwarancji oryginalno\u015bci i autentyczno\u015bci, w przeciwnym razie otrzymasz 10-krotne odszkodowanie za podrobione towary!<\/strong><\/span><\/li>\n<li><strong>Doskona\u0142a Obs\u0142uga Klienta<\/strong>: Nasz oddany zesp\u00f3\u0142 jest zawsze gotowy, aby Ci pom\u00f3c, dzi\u0119ki czemu proces zakup\u00f3w jest p\u0142ynny i bezproblemowy.<\/li>\n<li><strong>Szybka dostawa<\/strong>: Oczekuj szybkiej i niezawodnej wysy\u0142ki, kt\u00f3ra zapewni, \u017ce Twoje zam\u00f3wienia dotr\u0105 na czas, za ka\u017cdym razem.<\/li>\n<\/ul>\n<\/div>\n<h3><\/h3>\n<div class=\"relative p-1 rounded-sm flex items-center justify-center bg-token-main-surface-primary text-token-text-primary h-8 w-8\">\n<h3><b>FAQ<\/b><\/h3>\n<p>&nbsp;<\/p>\n<\/div>\n<\/div>\n<\/div>\n<\/div>\n<div class=\"group\/conversation-turn relative flex w-full min-w-0 flex-col agent-turn\">\n<div class=\"flex-col gap-1 md:gap-3\">\n<div class=\"flex max-w-full flex-col flex-grow\">\n<div class=\"min-h-8 text-message flex w-full flex-col items-end gap-2 whitespace-normal break-words [.text-message+&amp;]:mt-5\" dir=\"auto\" data-message-author-role=\"assistant\" data-message-id=\"f226d3fc-81f3-46d5-8c46-31787fff0357\">\n<div class=\"flex w-full flex-col gap-1 empty:hidden first:pt-[3px]\">\n<div class=\"markdown prose w-full break-words dark:prose-invert light\">\n<p>1. Ile zaci\u0105gni\u0119\u0107 oferuje jednorazowy e-papieros Bang Tornado 13 000 Zaci\u0105gni\u0119\u0107?<br \/>\nJednorazowy e-papieros Bang Tornado zosta\u0142 zaprojektowany, aby dostarczy\u0107 do 13 000 zaci\u0105gni\u0119\u0107, zapewniaj\u0105c u\u017cytkownikom d\u0142ugie do\u015bwiadczenie z e-papierosem przed konieczno\u015bci\u0105 wymiany.<br \/>\n2. Jaka jest pojemno\u015b\u0107 baterii jednorazowego e-papierosa Bang Tornado?<br \/>\nTen jednorazowy e-papieros jest wyposa\u017cony w akumulator o pojemno\u015bci 650 mAh, co zapewnia, \u017ce urz\u0105dzenie mo\u017ce dzia\u0142a\u0107 przez ca\u0142\u0105 pojemno\u015b\u0107 e-liquidu wynosz\u0105c\u0105 23 ml, z wygod\u0105 \u0142adowania w razie potrzeby.<br \/>\n3. Jak\u0105 pojemno\u015b\u0107 e-liquidu ma Bang Tornado?<br \/>\nUrz\u0105dzenie jest wyposa\u017cone w pojemnik o pojemno\u015bci 23 ml, co pozwala na obs\u0142ug\u0119 du\u017cej liczby zaci\u0105gni\u0119\u0107 i zapewnia mn\u00f3stwo e-liquidu do d\u0142ugiego u\u017cywania.<br \/>\n4. Czy jednorazowy e-papieros Bang Tornado ma grza\u0142k\u0119 typu mesh?<br \/>\nTak, Bang Tornado u\u017cywa grza\u0142ki typu mesh, co poprawia do\u015bwiadczenie z e-papierosem, dostarczaj\u0105c p\u0142ynniejszej produkcji pary i lepszego zatrzymywania smaku.<br \/>\n5. Czy jednorazowy e-papieros Bang Tornado jest \u0142adowalny?<br \/>\nTak, urz\u0105dzenie jest \u0142adowalne, co pozwala u\u017cytkownikom \u0142adowa\u0107 akumulator o pojemno\u015bci 650 mAh w razie potrzeby, aby kontynuowa\u0107 u\u017cywanie, a\u017c do wyczerpania si\u0119 e-liquidu.<\/p>\n<\/div>\n<\/div>\n<\/div>\n<\/div>\n<\/div>\n<\/div>\n<h3>O wysy\u0142ce<\/h3>\n<div class=\"flex-shrink-0 flex flex-col relative items-end\">\n<div>\n<div class=\"pt-0\">\n<div class=\"gizmo-bot-avatar flex h-8 w-8 items-center justify-center overflow-hidden rounded-full\">\n<div><\/div>\n<div class=\"relative p-1 rounded-sm flex items-center justify-center bg-token-main-surface-primary text-token-text-primary h-8 w-8\"><strong>1. Jakie metody wysy\u0142ki s\u0105 stosowane?<\/strong><\/div>\n<\/div>\n<\/div>\n<\/div>\n<\/div>\n<div class=\"group\/conversation-turn relative flex w-full min-w-0 flex-col agent-turn\">\n<div class=\"flex-col gap-1 md:gap-3\">\n<div class=\"flex max-w-full flex-col flex-grow\">\n<div class=\"min-h-[20px] text-message flex w-full flex-col items-end gap-2 whitespace-normal break-words [.text-message+&amp;]:mt-5 overflow-x-auto\" dir=\"auto\" data-message-author-role=\"assistant\" data-message-id=\"22f8283b-3233-46ff-89a5-c7a41b33abda\">\n<div class=\"flex w-full flex-col gap-1 empty:hidden first:pt-[3px]\">\n<div class=\"markdown prose w-full break-words dark:prose-invert light\">\n<p>Wsp\u00f3\u0142pracujemy z UPS, DHL, FedEx, DPD i innymi wiod\u0105cymi przewo\u017anikami. Wybierzemy najlepsz\u0105 metod\u0119 wysy\u0142ki w oparciu o Twoj\u0105 lokalizacj\u0119, aby zapewni\u0107, \u017ce otrzymasz swoje produkty tak szybko, jak to mo\u017cliwe.<\/p>\n<\/div>\n<p><strong>2. Ile czasu zajmuje dostawa?<\/strong><\/p>\n<p>Paczki wysy\u0142ane do Polski zazwyczaj docieraj\u0105 w ci\u0105gu 10 dni roboczych. Wysy\u0142ka do innych kraj\u00f3w europejskich trwa zwykle oko\u0142o 12-15 dni roboczych. B\u0119dziemy dostarcza\u0107 aktualizacje w czasie rzeczywistym na temat statusu Twojej przesy\u0142ki.<\/p>\n<\/div>\n<\/div>\n<\/div>\n<\/div>\n<\/div>\n<p>&nbsp;<\/p>\n<p>Inne popularne e-papierosy, kt\u00f3re mog\u0105 Ci si\u0119 spodoba\u0107:<\/p>\n<p><a href=\"https:\/\/rmvapesale.com\/pl\/product\/bang-box-20000-puffs-vape-0-2-5-nicotine\/\"><strong>Bang Box 20000 Zaci\u0105gni\u0119\u0107\u00a0 \u00a0<span style=\"color: #ff0000\">&gt;&gt;&gt;&gt; id\u017a!<\/span><\/strong><\/a><\/p>\n<p><strong><a href=\"https:\/\/rmvapesale.com\/pl\/product\/faivono-bang-maxi-15000-puffs-disposable-vape-bulk-wholesale\/\">AIVONO Aim Bang Maxi 15000 Zaci\u0105gni\u0119\u0107 <span style=\"color: #ff0000\">&gt;&gt;&gt;&gt; id\u017a!<\/span><\/a>\u00a0<\/strong><\/p>\n<p><a href=\"https:\/\/rmvapesale.com\/pl\/product\/bang-36000-puffs-full-display-smart-vape-bulk-price\/\"><strong>Bang 36000 Zaci\u0105gni\u0119\u0107 \u0141adowalny<span style=\"color: #ff0000\">&gt;&gt;&gt;&gt; id\u017a!<\/span><\/strong><\/a><\/p>\n<p>&nbsp;<\/p>\n<p>&nbsp;<\/p>\n<p>Znajd\u017a wi\u0119cej produkt\u00f3w Vape, kt\u00f3re mog\u0105 Ci si\u0119 spodoba\u0107:<strong><em><a href=\"https:\/\/rmvapesale.com\/pl\/shop-2\/\">kup teraz &gt;&gt;&gt;<\/a><\/em><\/strong><\/p>","protected":false},"excerpt":{"rendered":"<p>Bang Jednorazowy E-papieros w pude\u0142ku 13000 Puffs Cena hurtowa<br \/>\nBang Tornado 13000 Puffs Jednorazowy Vape Pen<br \/>\nBang 13000 Puffs Jednorazowe E-papierosy 0% 2% 5%<\/p>\n<p><img loading=\"lazy\" decoding=\"async\" class=\"size-full wp-image-2375\" src=\"https:\/\/rmvapesale.com\/wp-content\/uploads\/2024\/10\/image.png\" alt=\"Najlepszy Jednorazowy E-papieros\" width=\"229\" height=\"300\" \/><\/p>\n<h3><a href=\"https:\/\/wa.me\/8617776015835\"><span style=\"color: #ff0000\"><strong>WhatsApp: +86 17776015835<\/strong><\/span><\/a><\/h3>\n<p>&nbsp;<\/p>","protected":false},"featured_media":2417,"comment_status":"open","ping_status":"closed","template":"","meta":{"_uag_custom_page_level_css":"","_lmt_disableupdate":"","_lmt_disable":"","site-sidebar-layout":"default","site-content-layout":"content-boxed-container","ast-site-content-layout":"normal-width-container","site-content-style":"boxed","site-sidebar-style":"unboxed","ast-global-header-display":"","ast-banner-title-visibility":"","ast-main-header-display":"","ast-hfb-above-header-display":"","ast-hfb-below-header-display":"","ast-hfb-mobile-header-display":"","site-post-title":"","ast-breadcrumbs-content":"","ast-featured-img":"","footer-sml-layout":"","theme-transparent-header-meta":"default","adv-header-id-meta":"","stick-header-meta":"","header-above-stick-meta":"","header-main-stick-meta":"","header-below-stick-meta":"","astra-migrate-meta-layouts":"set","ast-page-background-enabled":"default","ast-page-background-meta":{"desktop":{"background-color":"var(--ast-global-color-4)","background-image":"","background-repeat":"repeat","background-position":"center center","background-size":"auto","background-attachment":"scroll","background-type":"","background-media":"","overlay-type":"","overlay-color":"","overlay-opacity":"","overlay-gradient":""},"tablet":{"background-color":"","background-image":"","background-repeat":"repeat","background-position":"center center","background-size":"auto","background-attachment":"scroll","background-type":"","background-media":"","overlay-type":"","overlay-color":"","overlay-opacity":"","overlay-gradient":""},"mobile":{"background-color":"","background-image":"","background-repeat":"repeat","background-position":"center center","background-size":"auto","background-attachment":"scroll","background-type":"","background-media":"","overlay-type":"","overlay-color":"","overlay-opacity":"","overlay-gradient":""}},"ast-content-background-meta":{"desktop":{"background-color":"var(--ast-global-color-5)","background-image":"","background-repeat":"repeat","background-position":"center center","background-size":"auto","background-attachment":"scroll","background-type":"","background-media":"","overlay-type":"","overlay-color":"","overlay-opacity":"","overlay-gradient":""},"tablet":{"background-color":"var(--ast-global-color-5)","background-image":"","background-repeat":"repeat","background-position":"center center","background-size":"auto","background-attachment":"scroll","background-type":"","background-media":"","overlay-type":"","overlay-color":"","overlay-opacity":"","overlay-gradient":""},"mobile":{"background-color":"var(--ast-global-color-5)","background-image":"","background-repeat":"repeat","background-position":"center center","background-size":"auto","background-attachment":"scroll","background-type":"","background-media":"","overlay-type":"","overlay-color":"","overlay-opacity":"","overlay-gradient":""}},"_joinchat":[]},"product_brand":[],"product_cat":[15,25,123,26,28,135,27,60,137,136,30],"product_tag":[148,150,146,126,111,132],"class_list":{"0":"post-2421","1":"product","2":"type-product","3":"status-publish","4":"has-post-thumbnail","6":"product_cat-new-vape-this-week","7":"product_cat-germany-best-selling-vape","8":"product_cat-italy-wholesale-vape","9":"product_cat-netherlands-hot-sale-vape","10":"product_cat-poland-hot-sale-vape","11":"product_cat-spain-best-hot-sale-vape","12":"product_cat-fance-hot-sale-vape","13":"product_cat-bang-vapes","14":"product_cat-rechargeable-vapes","15":"product_cat-smart-screen-vapes","16":"product_cat-minimum-order-quantity-50pcs","17":"product_tag-bang-disposable-vape","18":"product_tag-bang-vape-bar","19":"product_tag-best-hot-sale-vape","20":"product_tag-e-cigarettes","21":"product_tag-low-nicotine-disposable-vape","22":"product_tag-rechargeable-vape","23":"desktop-align-left","24":"tablet-align-left","25":"mobile-align-left","27":"first","28":"instock","29":"sale","30":"shipping-taxable","31":"purchasable","32":"product-type-simple"},"uagb_featured_image_src":{"full":["https:\/\/rmvapesale.com\/wp-content\/uploads\/2024\/10\/Bang-Tornado-13000-Puffs-Disposable-Vape-Pen.jpg",808,808,false],"thumbnail":["https:\/\/rmvapesale.com\/wp-content\/uploads\/2024\/10\/Bang-Tornado-13000-Puffs-Disposable-Vape-Pen-150x150.jpg",150,150,true],"medium":["https:\/\/rmvapesale.com\/wp-content\/uploads\/2024\/10\/Bang-Tornado-13000-Puffs-Disposable-Vape-Pen-300x300.jpg",300,300,true],"medium_large":["https:\/\/rmvapesale.com\/wp-content\/uploads\/2024\/10\/Bang-Tornado-13000-Puffs-Disposable-Vape-Pen-768x768.jpg",768,768,true],"large":["https:\/\/rmvapesale.com\/wp-content\/uploads\/2024\/10\/Bang-Tornado-13000-Puffs-Disposable-Vape-Pen.jpg",808,808,false],"1536x1536":["https:\/\/rmvapesale.com\/wp-content\/uploads\/2024\/10\/Bang-Tornado-13000-Puffs-Disposable-Vape-Pen.jpg",808,808,false],"2048x2048":["https:\/\/rmvapesale.com\/wp-content\/uploads\/2024\/10\/Bang-Tornado-13000-Puffs-Disposable-Vape-Pen.jpg",808,808,false],"trp-custom-language-flag":["https:\/\/rmvapesale.com\/wp-content\/uploads\/2024\/10\/Bang-Tornado-13000-Puffs-Disposable-Vape-Pen.jpg",12,12,false],"woocommerce_thumbnail":["https:\/\/rmvapesale.com\/wp-content\/uploads\/2024\/10\/Bang-Tornado-13000-Puffs-Disposable-Vape-Pen-300x300.jpg",300,300,true],"woocommerce_single":["https:\/\/rmvapesale.com\/wp-content\/uploads\/2024\/10\/Bang-Tornado-13000-Puffs-Disposable-Vape-Pen-600x600.jpg",600,600,true],"woocommerce_gallery_thumbnail":["https:\/\/rmvapesale.com\/wp-content\/uploads\/2024\/10\/Bang-Tornado-13000-Puffs-Disposable-Vape-Pen-100x100.jpg",100,100,true],"wcpr-photo-reviews":["https:\/\/rmvapesale.com\/wp-content\/uploads\/2024\/10\/Bang-Tornado-13000-Puffs-Disposable-Vape-Pen.jpg",500,500,false]},"uagb_author_info":{"display_name":"AMY","author_link":"https:\/\/rmvapesale.com\/pl\/author\/"},"uagb_comment_info":0,"uagb_excerpt":"Bang Disposable Vape Box 13000 Puffs Bulk Price Bang Tornado 13000 Puffs Disposable Vape Pen Bang\u00a0 13000 Puff Vapes Disposable 0% 2% 5% WhatsApp: +86 17776015835 &nbsp;","_links":{"self":[{"href":"https:\/\/rmvapesale.com\/pl\/wp-json\/wp\/v2\/product\/2421","targetHints":{"allow":["GET"]}}],"collection":[{"href":"https:\/\/rmvapesale.com\/pl\/wp-json\/wp\/v2\/product"}],"about":[{"href":"https:\/\/rmvapesale.com\/pl\/wp-json\/wp\/v2\/types\/product"}],"replies":[{"embeddable":true,"href":"https:\/\/rmvapesale.com\/pl\/wp-json\/wp\/v2\/comments?post=2421"}],"wp:featuredmedia":[{"embeddable":true,"href":"https:\/\/rmvapesale.com\/pl\/wp-json\/wp\/v2\/media\/2417"}],"wp:attachment":[{"href":"https:\/\/rmvapesale.com\/pl\/wp-json\/wp\/v2\/media?parent=2421"}],"wp:term":[{"taxonomy":"product_brand","embeddable":true,"href":"https:\/\/rmvapesale.com\/pl\/wp-json\/wp\/v2\/product_brand?post=2421"},{"taxonomy":"product_cat","embeddable":true,"href":"https:\/\/rmvapesale.com\/pl\/wp-json\/wp\/v2\/product_cat?post=2421"},{"taxonomy":"product_tag","embeddable":true,"href":"https:\/\/rmvapesale.com\/pl\/wp-json\/wp\/v2\/product_tag?post=2421"}],"curies":[{"name":"wp","href":"https:\/\/api.w.org\/{rel}","templated":true}]}}