{"id":2449,"date":"2024-10-17T06:25:44","date_gmt":"2024-10-17T06:25:44","guid":{"rendered":"https:\/\/rmvapesale.com\/?post_type=product&#038;p=2449"},"modified":"2024-10-18T09:00:26","modified_gmt":"2024-10-18T09:00:26","slug":"aivono-aim-gun-7000-puffs-disposable-vape-cheap-price","status":"publish","type":"product","link":"https:\/\/rmvapesale.com\/pl\/product\/aivono-aim-gun-7000-puffs-disposable-vape-cheap-price\/","title":{"rendered":"Aivono Aim Gun 7000 Zaci\u0105gni\u0119\u0107 Jednorazowy Vape w Niskiej Cenie"},"content":{"rendered":"<div class=\"B2VR9 CJHX3e\">\n<div class=\"wyccme\">\n<h1 class=\"LC20lb MBeuO DKV0Md\">Aivono Aim Gun 7000 Zaci\u0105gni\u0119\u0107 Jednorazowy Vape w Niskiej Cenie<\/h1>\n<div class=\"flex-shrink-0 flex flex-col relative items-end\">\n<div class=\"pt-0\">\n<div class=\"gizmo-bot-avatar flex h-8 w-8 items-center justify-center overflow-hidden rounded-full\">\n<div class=\"relative p-1 rounded-sm flex items-center justify-center bg-token-main-surface-primary text-token-text-primary h-8 w-8\">\n<p>Aivono Aim Gun 7000 Puffs Jednorazowy Waporyzator to wysokiej klasy waporyzator na wk\u0142adki, zaprojektowany, aby zapewni\u0107 wyj\u0105tkowe doznania podczas vapowania z du\u017c\u0105 ilo\u015bci\u0105 chmur. Ten jednorazowy waporyzator wyposa\u017cony jest w pojemnik na e-liquid o pojemno\u015bci 12 ml, oferuj\u0105c opcje mocy nikotyny 0%, 2%, 3% i 5%, dostosowane do r\u00f3\u017cnych preferencji u\u017cytkownik\u00f3w. Z \u0142a\u0144cuchem siatki o oporno\u015bci 1,2\u03a9 i mocnym akumulatorem 500mAh, urz\u0105dzenie zapewnia sta\u0142\u0105 produkcj\u0119 pary i p\u0142ynne zaci\u0105gni\u0119cia za ka\u017cdym razem.<\/p>\n<p>Wyposa\u017cony w wygodny port \u0142adowania na spodzie, Aivono Aim Gun pozwala na wykorzystanie ka\u017cdej kropli e-liquid, maksymalizuj\u0105c \u017cywotno\u015b\u0107 urz\u0105dzenia.<\/p>\n<p>Dzi\u0119ki eleganckiemu designowi i niezawodnej wydajno\u015bci, Aivono Aim Gun 7000 Puffs jest idealny zar\u00f3wno dla okazjonalnych, jak i do\u015bwiadczonych vaporyst\u00f3w. Niezale\u017cnie od tego, czy szukasz mocnego solnego vapowania, czy wysokiej jako\u015bci waporyzatora na kulki, to urz\u0105dzenie jest idealne na vapowanie w podr\u00f3\u017cy.<\/p>\n<\/div>\n<\/div>\n<\/div>\n<\/div>\n<\/div>\n<\/div>\n<p><strong>Skontaktuj si\u0119 z Amy, aby uzyska\u0107 w\u0142a\u015bciw\u0105 odpowied\u017a i wi\u0119cej film\u00f3w o produkcie!<\/strong><\/p>\n<p><img loading=\"lazy\" decoding=\"async\" class=\"size-full wp-image-1978\" src=\"https:\/\/rmvapesale.com\/wp-content\/uploads\/2024\/09\/Disposable-Vape-Wholesale.jpg\" alt=\"Hurtownia Jednorazowych E-papieros\u00f3w\" width=\"229\" height=\"300\" \/><\/p>\n<h3><a href=\"https:\/\/wa.me\/8617776015835\" target=\"_blank\" rel=\"noopener\"><span style=\"color: #ff0000\"><strong>WhatsApp: +86 17776015835<\/strong><\/span><\/a><\/h3>\n<p>&nbsp;<\/p>\n<h2><\/h2>\n<h2><strong>Aivono Gun 7000 Puffs Jednorazowy<\/strong><strong>\u00a0<\/strong><strong>G\u0142\u00f3wne cechy<\/strong><\/h2>\n<p>Nikotyna: 0% 2% 3% 5%<br \/>\nPuff\u00f3w: 7000<br \/>\nPojemno\u015b\u0107: 12ml<br \/>\nDost\u0119pnych 10 smak\u00f3w<br \/>\n\u0141adowalny 500mAh<br \/>\nOporno\u015b\u0107: 1.2\u03a9 Mesh Coil<\/p>\n<h2><\/h2>\n<h2><strong>Najlepszy smak dla <\/strong><strong>Aivono Gun 7000 Puffs Jednorazowy Pod<\/strong><\/h2>\n<h2><\/h2>\n<p>Wybierz spo\u015br\u00f3d 10 pysznych smak\u00f3w, aby cieszy\u0107 si\u0119 satysfakcjonuj\u0105cym do\u015bwiadczeniem, kt\u00f3re doceni\u0105 vaporzy na ka\u017cdym poziomie zaawansowania. Ten pi\u00f3ro waporyzator zapewnia idealn\u0105 r\u00f3wnowag\u0119 smaku i chmury, co czyni go jednym z najlepszych na rynku.<\/p>\n<p>1. Ananas Kokos L\u00f3d<span style=\"color: #ff0000\"><strong>&gt;&gt;&gt;&gt; Gor\u0105ce!<\/strong><\/span><br \/>\n2. Truskawkowe Lody<br \/>\n3. Truskawka Arbuz Brzoskwinia<br \/>\n4. Jagoda Malina Cytryna<br \/>\n5.Arbuzowy L\u00f3d<br \/>\n6. Mieszane Jagody <span style=\"color: #ff0000\"><strong>&gt;&gt;&gt;&gt; Najlepsze!<\/strong><\/span><br \/>\n7. Jagoda Na L\u00f3d<span style=\"color: #ff0000\"><strong>&gt;&gt;&gt;&gt; Gor\u0105ce!<\/strong><\/span><br \/>\n8. Brzoskwinia L\u00f3d<br \/>\n9. Winogrono L\u00f3d<br \/>\n10.Truskawka banan<\/p>\n<figure id=\"attachment_2456\" aria-describedby=\"caption-attachment-2456\" style=\"width: 800px\" class=\"wp-caption alignnone\"><img loading=\"lazy\" decoding=\"async\" class=\"wp-image-2456 size-full\" src=\"https:\/\/rmvapesale.com\/wp-content\/uploads\/2024\/10\/AIVONO-AIM-GUN-7000Puffs-Disposable-Vape.png\" alt=\"AIVONO AIM GUN 7000 Puf\u00f3w Jednorazowe Podpaski Vape\" width=\"800\" height=\"639\" srcset=\"https:\/\/rmvapesale.com\/wp-content\/uploads\/2024\/10\/AIVONO-AIM-GUN-7000Puffs-Disposable-Vape.png 800w, https:\/\/rmvapesale.com\/wp-content\/uploads\/2024\/10\/AIVONO-AIM-GUN-7000Puffs-Disposable-Vape-300x240.png 300w, https:\/\/rmvapesale.com\/wp-content\/uploads\/2024\/10\/AIVONO-AIM-GUN-7000Puffs-Disposable-Vape-768x613.png 768w, https:\/\/rmvapesale.com\/wp-content\/uploads\/2024\/10\/AIVONO-AIM-GUN-7000Puffs-Disposable-Vape-600x479.png 600w\" sizes=\"auto, (max-width: 800px) 100vw, 800px\" \/><figcaption id=\"caption-attachment-2456\" class=\"wp-caption-text\">AIVONO AIM GUN 7000 Puf\u00f3w Jednorazowe Podpaski Vape<\/figcaption><\/figure>\n<p>&nbsp;<\/p>\n<h3><strong>Dlaczego warto wybra\u0107 Rmvapesale dla Aivono Aim Gun 7000 Puf\u00f3w<\/strong><strong>?<\/strong><\/h3>\n<div class=\"flex-shrink-0 flex flex-col relative items-end\">\n<div class=\"pt-0\">\n<div class=\"gizmo-bot-avatar flex h-8 w-8 items-center justify-center overflow-hidden rounded-full\">\n<div class=\"relative p-1 rounded-sm flex items-center justify-center bg-token-main-surface-primary text-token-text-primary h-8 w-8\">\n<p>&nbsp;<\/p>\n<p>Wybieraj\u0105c Rmvapesale do hurtowych zakup\u00f3w jednorazowych e-papieros\u00f3w, zyskujesz:<\/p>\n<ul>\n<li><strong>Konkurencyjna cena<\/strong>: Uzyskaj dost\u0119p do atrakcyjnych cen hurtowych, kt\u00f3re zwi\u0119ksz\u0105 mar\u017ce Twojej firmy.<\/li>\n<li><strong>Wysoka jako\u015b\u0107<\/strong>: Nasze e-papierosy s\u0105 wykonane zgodnie z najwy\u017cszymi standardami i <span style=\"color: #ff0000\"><strong>maj\u0105 100% gwarancji oryginalno\u015bci i autentyczno\u015bci, w przeciwnym razie otrzymasz 10-krotne odszkodowanie za podrobione towary!<\/strong><\/span><\/li>\n<li><strong>Doskona\u0142a Obs\u0142uga Klienta<\/strong>: Nasz oddany zesp\u00f3\u0142 jest zawsze gotowy, aby Ci pom\u00f3c, dzi\u0119ki czemu proces zakup\u00f3w jest p\u0142ynny i bezproblemowy.<\/li>\n<li><strong>Szybka dostawa<\/strong>: Oczekuj szybkiej i niezawodnej wysy\u0142ki, kt\u00f3ra zapewni, \u017ce Twoje zam\u00f3wienia dotr\u0105 na czas, za ka\u017cdym razem.<\/li>\n<\/ul>\n<\/div>\n<h3><\/h3>\n<div class=\"relative p-1 rounded-sm flex items-center justify-center bg-token-main-surface-primary text-token-text-primary h-8 w-8\">\n<h3><b>FAQ<\/b><\/h3>\n<p>&nbsp;<\/p>\n<ul>\n<li><strong>Jaka jest pojemno\u015b\u0107 e-liquid w Jednorazowym Vape Aivono Aim Gun 7000 Puf\u00f3w?<\/strong>\n<ul>\n<li>Jednorazowy Vape Aivono Aim Gun 7000 Puf\u00f3w zawiera pojemno\u015b\u0107 e-liquid 12 ml, zapewniaj\u0105c d\u0142ugotrwa\u0142e do\u015bwiadczenie vapingowe z do 7000 pufami na urz\u0105dzenie.<\/li>\n<\/ul>\n<\/li>\n<li><strong>Jakie dost\u0119pne s\u0105 mocno\u015bci nikotyny dla Aivono Aim Gun 7000 Puf\u00f3w?<\/strong>\n<ul>\n<li>Aivono 7000 oferuje opcje mocy nikotyny 0%, 2%, 3% i 5%, co czyni go odpowiednim dla u\u017cytkownik\u00f3w o r\u00f3\u017cnych preferencjach nikotynowych.<\/li>\n<\/ul>\n<\/li>\n<li><strong>Czy mog\u0119 na\u0142adowa\u0107 Jednorazowy Vape Aivono Aim Gun 7000 Puf\u00f3w?<\/strong>\n<ul>\n<li>Tak, Aivono Aim Gun jest wyposa\u017cony w wymienn\u0105 bateri\u0119 500mAh i posiada port \u0142adowania na dole, co zapewnia mo\u017cliwo\u015b\u0107 zu\u017cycia ca\u0142ego e-liquid w zbiorniku.<\/li>\n<\/ul>\n<\/li>\n<li><strong>Jaki typ cewki jest u\u017cywany w Jednorazowym Vape Aivono Aim Gun 7000 Puf\u00f3w?<\/strong>\n<ul>\n<li>Ten jednorazowy vape u\u017cywa cewki Mesh o oporno\u015bci 1.2\u03a9, co zwi\u0119ksza produkcj\u0119 pary i smak, zapewniaj\u0105c p\u0142ynne i satysfakcjonuj\u0105ce do\u015bwiadczenie vapingowe.<\/li>\n<\/ul>\n<\/li>\n<li><strong>Jakie smaki s\u0105 dost\u0119pne dla Jednorazowego Vape Aivono Aim Gun 7000 Puf\u00f3w?<\/strong>\n<ul>\n<li>Aivono Aim Gun oferuje 10 r\u00f3\u017cnych smak\u00f3w, zapewniaj\u0105c r\u00f3\u017cnorodno\u015b\u0107 opcji dopasowanych do Twoich preferencji smakowych, gwarantuj\u0105c unikalne do\u015bwiadczenie vapingowe przy ka\u017cdym smaku.<\/li>\n<\/ul>\n<\/li>\n<\/ul>\n<\/div>\n<\/div>\n<\/div>\n<\/div>\n<div class=\"group\/conversation-turn relative flex w-full min-w-0 flex-col agent-turn\">\n<div class=\"flex-col gap-1 md:gap-3\">\n<div class=\"flex max-w-full flex-col flex-grow\">\n<div class=\"min-h-8 text-message flex w-full flex-col items-end gap-2 whitespace-normal break-words [.text-message+&amp;]:mt-5\" dir=\"auto\" data-message-author-role=\"assistant\" data-message-id=\"f226d3fc-81f3-46d5-8c46-31787fff0357\">\n<div class=\"flex w-full flex-col gap-1 empty:hidden first:pt-[3px]\">\n<div class=\"markdown prose w-full break-words dark:prose-invert light\">\n<div class=\"group\/conversation-turn relative flex w-full min-w-0 flex-col agent-turn\">\n<div class=\"flex-col gap-1 md:gap-3\">\n<div class=\"flex max-w-full flex-col flex-grow\">\n<div class=\"min-h-8 text-message flex w-full flex-col items-end gap-2 whitespace-normal break-words [.text-message+&amp;]:mt-5\" dir=\"auto\" data-message-author-role=\"assistant\" data-message-id=\"91d2b73b-9149-4888-a964-4b8464e0e6e3\" data-message-model-slug=\"gpt-4o\">\n<div class=\"flex w-full flex-col gap-1 empty:hidden first:pt-[3px]\">\n<div class=\"markdown prose w-full break-words dark:prose-invert light\">\n<p>&nbsp;<\/p>\n<p>&nbsp;<\/p>\n<\/div>\n<\/div>\n<\/div>\n<\/div>\n<\/div>\n<\/div>\n<\/div>\n<\/div>\n<\/div>\n<\/div>\n<\/div>\n<\/div>\n<h3>O wysy\u0142ce<\/h3>\n<div class=\"flex-shrink-0 flex flex-col relative items-end\">\n<div>\n<div class=\"pt-0\">\n<div class=\"gizmo-bot-avatar flex h-8 w-8 items-center justify-center overflow-hidden rounded-full\">\n<div><\/div>\n<div class=\"relative p-1 rounded-sm flex items-center justify-center bg-token-main-surface-primary text-token-text-primary h-8 w-8\"><strong>1. Jakie metody wysy\u0142ki s\u0105 stosowane?<\/strong><\/div>\n<\/div>\n<\/div>\n<\/div>\n<\/div>\n<div class=\"group\/conversation-turn relative flex w-full min-w-0 flex-col agent-turn\">\n<div class=\"flex-col gap-1 md:gap-3\">\n<div class=\"flex max-w-full flex-col flex-grow\">\n<div class=\"min-h-[20px] text-message flex w-full flex-col items-end gap-2 whitespace-normal break-words [.text-message+&amp;]:mt-5 overflow-x-auto\" dir=\"auto\" data-message-author-role=\"assistant\" data-message-id=\"22f8283b-3233-46ff-89a5-c7a41b33abda\">\n<div class=\"flex w-full flex-col gap-1 empty:hidden first:pt-[3px]\">\n<div class=\"markdown prose w-full break-words dark:prose-invert light\">\n<p>Wsp\u00f3\u0142pracujemy z UPS, DHL, FedEx, DPD i innymi wiod\u0105cymi przewo\u017anikami. Wybierzemy najlepsz\u0105 metod\u0119 wysy\u0142ki w oparciu o Twoj\u0105 lokalizacj\u0119, aby zapewni\u0107, \u017ce otrzymasz swoje produkty tak szybko, jak to mo\u017cliwe.<\/p>\n<\/div>\n<p><strong>2. Ile czasu zajmuje dostawa?<\/strong><\/p>\n<p>Paczki wysy\u0142ane do Polski zazwyczaj docieraj\u0105 w ci\u0105gu 10 dni roboczych. Wysy\u0142ka do innych kraj\u00f3w europejskich trwa zwykle oko\u0142o 12-15 dni roboczych. B\u0119dziemy dostarcza\u0107 aktualizacje w czasie rzeczywistym na temat statusu Twojej przesy\u0142ki.<\/p>\n<\/div>\n<\/div>\n<\/div>\n<\/div>\n<\/div>\n<p>&nbsp;<\/p>\n<p>Inne popularne e-papierosy, kt\u00f3re mog\u0105 Ci si\u0119 spodoba\u0107:<\/p>\n<p><a href=\"https:\/\/rmvapesale.com\/pl\/product\/bang-box-20000-puffs-vape-0-2-5-nicotine\/\"><strong>Bang Box 20000 Zaci\u0105gni\u0119\u0107\u00a0 \u00a0<span style=\"color: #ff0000\">&gt;&gt;&gt;&gt; id\u017a!<\/span><\/strong><\/a><\/p>\n<p><strong><a href=\"https:\/\/rmvapesale.com\/pl\/product\/faivono-bang-maxi-15000-puffs-disposable-vape-bulk-wholesale\/\">AIVONO Aim Bang Maxi 15000 Zaci\u0105gni\u0119\u0107 <span style=\"color: #ff0000\">&gt;&gt;&gt;&gt; id\u017a!<\/span><\/a>\u00a0<\/strong><\/p>\n<p><a href=\"https:\/\/rmvapesale.com\/pl\/product\/bang-tornado-13000-puffs-disposable-vape-pen-wholesale-price\/\"><strong>Bang Tornado 13000 <span style=\"color: #ff0000\">&gt;&gt;&gt;&gt; id\u017a!<\/span><\/strong><\/a><\/p>\n<p>&nbsp;<\/p>\n<p>&nbsp;<\/p>\n<p>Znajd\u017a wi\u0119cej produkt\u00f3w Vape, kt\u00f3re mog\u0105 Ci si\u0119 spodoba\u0107:<strong><em><a href=\"https:\/\/rmvapesale.com\/pl\/shop-2\/\">kup teraz &gt;&gt;&gt;<\/a><\/em><\/strong><\/p>","protected":false},"excerpt":{"rendered":"<p>AIVONO AIM GUN 7000 Puffs Hurtowa Jednorazowa Waporyzator<br \/>\nAivono Aim Jednorazowy Waporyzator Pod 7000 Puffs Hurtowa<br \/>\nAIVONO AIM GUN Jednorazowy Waporyzator 7000 Puffs 10 Smak\u00f3w<\/p>\n<p><img loading=\"lazy\" decoding=\"async\" class=\"size-full wp-image-2375\" src=\"https:\/\/rmvapesale.com\/wp-content\/uploads\/2024\/10\/image.png\" alt=\"Najlepszy Jednorazowy E-papieros\" width=\"229\" height=\"300\" \/><\/p>\n<h3><a href=\"https:\/\/wa.me\/8617776015835\"><span style=\"color: #ff0000\"><strong>WhatsApp: +86 17776015835<\/strong><\/span><\/a><\/h3>\n<p>&nbsp;<\/p>","protected":false},"featured_media":2458,"comment_status":"open","ping_status":"closed","template":"","meta":{"_uag_custom_page_level_css":"","_lmt_disableupdate":"","_lmt_disable":"","site-sidebar-layout":"default","site-content-layout":"content-boxed-container","ast-site-content-layout":"normal-width-container","site-content-style":"boxed","site-sidebar-style":"unboxed","ast-global-header-display":"","ast-banner-title-visibility":"","ast-main-header-display":"","ast-hfb-above-header-display":"","ast-hfb-below-header-display":"","ast-hfb-mobile-header-display":"","site-post-title":"","ast-breadcrumbs-content":"","ast-featured-img":"","footer-sml-layout":"","ast-disable-related-posts":"","theme-transparent-header-meta":"default","adv-header-id-meta":"","stick-header-meta":"","header-above-stick-meta":"","header-main-stick-meta":"","header-below-stick-meta":"","astra-migrate-meta-layouts":"set","ast-page-background-enabled":"default","ast-page-background-meta":{"desktop":{"background-color":"var(--ast-global-color-4)","background-image":"","background-repeat":"repeat","background-position":"center center","background-size":"auto","background-attachment":"scroll","background-type":"","background-media":"","overlay-type":"","overlay-color":"","overlay-opacity":"","overlay-gradient":""},"tablet":{"background-color":"","background-image":"","background-repeat":"repeat","background-position":"center center","background-size":"auto","background-attachment":"scroll","background-type":"","background-media":"","overlay-type":"","overlay-color":"","overlay-opacity":"","overlay-gradient":""},"mobile":{"background-color":"","background-image":"","background-repeat":"repeat","background-position":"center center","background-size":"auto","background-attachment":"scroll","background-type":"","background-media":"","overlay-type":"","overlay-color":"","overlay-opacity":"","overlay-gradient":""}},"ast-content-background-meta":{"desktop":{"background-color":"var(--ast-global-color-5)","background-image":"","background-repeat":"repeat","background-position":"center center","background-size":"auto","background-attachment":"scroll","background-type":"","background-media":"","overlay-type":"","overlay-color":"","overlay-opacity":"","overlay-gradient":""},"tablet":{"background-color":"var(--ast-global-color-5)","background-image":"","background-repeat":"repeat","background-position":"center center","background-size":"auto","background-attachment":"scroll","background-type":"","background-media":"","overlay-type":"","overlay-color":"","overlay-opacity":"","overlay-gradient":""},"mobile":{"background-color":"var(--ast-global-color-5)","background-image":"","background-repeat":"repeat","background-position":"center center","background-size":"auto","background-attachment":"scroll","background-type":"","background-media":"","overlay-type":"","overlay-color":"","overlay-opacity":"","overlay-gradient":""}},"_joinchat":[]},"product_brand":[],"product_cat":[15,27,25,123,30,26,28,137,135],"product_tag":[156,146,155,132,157],"class_list":{"0":"post-2449","1":"product","2":"type-product","3":"status-publish","4":"has-post-thumbnail","6":"product_cat-new-vape-this-week","7":"product_cat-fance-hot-sale-vape","8":"product_cat-germany-best-selling-vape","9":"product_cat-italy-wholesale-vape","10":"product_cat-minimum-order-quantity-50pcs","11":"product_cat-netherlands-hot-sale-vape","12":"product_cat-poland-hot-sale-vape","13":"product_cat-rechargeable-vapes","14":"product_cat-spain-best-hot-sale-vape","15":"product_tag-0-nicotine-disposable-vape","16":"product_tag-best-hot-sale-vape","17":"product_tag-digital-display-box","18":"product_tag-rechargeable-vape","19":"product_tag-vape-disposable","20":"desktop-align-left","21":"tablet-align-left","22":"mobile-align-left","24":"first","25":"instock","26":"sale","27":"shipping-taxable","28":"purchasable","29":"product-type-simple"},"uagb_featured_image_src":{"full":["https:\/\/rmvapesale.com\/wp-content\/uploads\/2024\/10\/AIVONO-AIM-GUN-7000Puffs-Vape.png",800,800,false],"thumbnail":["https:\/\/rmvapesale.com\/wp-content\/uploads\/2024\/10\/AIVONO-AIM-GUN-7000Puffs-Vape-150x150.png",150,150,true],"medium":["https:\/\/rmvapesale.com\/wp-content\/uploads\/2024\/10\/AIVONO-AIM-GUN-7000Puffs-Vape-300x300.png",300,300,true],"medium_large":["https:\/\/rmvapesale.com\/wp-content\/uploads\/2024\/10\/AIVONO-AIM-GUN-7000Puffs-Vape-768x768.png",768,768,true],"large":["https:\/\/rmvapesale.com\/wp-content\/uploads\/2024\/10\/AIVONO-AIM-GUN-7000Puffs-Vape.png",800,800,false],"1536x1536":["https:\/\/rmvapesale.com\/wp-content\/uploads\/2024\/10\/AIVONO-AIM-GUN-7000Puffs-Vape.png",800,800,false],"2048x2048":["https:\/\/rmvapesale.com\/wp-content\/uploads\/2024\/10\/AIVONO-AIM-GUN-7000Puffs-Vape.png",800,800,false],"trp-custom-language-flag":["https:\/\/rmvapesale.com\/wp-content\/uploads\/2024\/10\/AIVONO-AIM-GUN-7000Puffs-Vape.png",12,12,false],"woocommerce_thumbnail":["https:\/\/rmvapesale.com\/wp-content\/uploads\/2024\/10\/AIVONO-AIM-GUN-7000Puffs-Vape-300x300.png",300,300,true],"woocommerce_single":["https:\/\/rmvapesale.com\/wp-content\/uploads\/2024\/10\/AIVONO-AIM-GUN-7000Puffs-Vape-600x600.png",600,600,true],"woocommerce_gallery_thumbnail":["https:\/\/rmvapesale.com\/wp-content\/uploads\/2024\/10\/AIVONO-AIM-GUN-7000Puffs-Vape-100x100.png",100,100,true],"wcpr-photo-reviews":["https:\/\/rmvapesale.com\/wp-content\/uploads\/2024\/10\/AIVONO-AIM-GUN-7000Puffs-Vape.png",500,500,false]},"uagb_author_info":{"display_name":"AMY","author_link":"https:\/\/rmvapesale.com\/pl\/author\/"},"uagb_comment_info":0,"uagb_excerpt":"AIVONO AIM GUN 7000 Puff Disposable Vape Wholesale Aivono Aim Disposable Vape Pod 7000 Puffs Wholesale AIVONO AIM GUN Disposable VAPE 7000 Puffs 10 Flavors WhatsApp: +86 17776015835 &nbsp;","_links":{"self":[{"href":"https:\/\/rmvapesale.com\/pl\/wp-json\/wp\/v2\/product\/2449","targetHints":{"allow":["GET"]}}],"collection":[{"href":"https:\/\/rmvapesale.com\/pl\/wp-json\/wp\/v2\/product"}],"about":[{"href":"https:\/\/rmvapesale.com\/pl\/wp-json\/wp\/v2\/types\/product"}],"replies":[{"embeddable":true,"href":"https:\/\/rmvapesale.com\/pl\/wp-json\/wp\/v2\/comments?post=2449"}],"wp:featuredmedia":[{"embeddable":true,"href":"https:\/\/rmvapesale.com\/pl\/wp-json\/wp\/v2\/media\/2458"}],"wp:attachment":[{"href":"https:\/\/rmvapesale.com\/pl\/wp-json\/wp\/v2\/media?parent=2449"}],"wp:term":[{"taxonomy":"product_brand","embeddable":true,"href":"https:\/\/rmvapesale.com\/pl\/wp-json\/wp\/v2\/product_brand?post=2449"},{"taxonomy":"product_cat","embeddable":true,"href":"https:\/\/rmvapesale.com\/pl\/wp-json\/wp\/v2\/product_cat?post=2449"},{"taxonomy":"product_tag","embeddable":true,"href":"https:\/\/rmvapesale.com\/pl\/wp-json\/wp\/v2\/product_tag?post=2449"}],"curies":[{"name":"wp","href":"https:\/\/api.w.org\/{rel}","templated":true}]}}