{"id":2471,"date":"2024-10-19T08:23:13","date_gmt":"2024-10-19T08:23:13","guid":{"rendered":"https:\/\/rmvapesale.com\/?post_type=product&#038;p=2471"},"modified":"2024-10-21T07:11:24","modified_gmt":"2024-10-21T07:11:24","slug":"randm-tornado-25000-puffs-disposable-vape-wholesale","status":"publish","type":"product","link":"https:\/\/rmvapesale.com\/pl\/product\/randm-tornado-25000-puffs-disposable-vape-wholesale\/","title":{"rendered":"RandM Tornado 25000 zaci\u0105gni\u0119\u0107 Jednorazowy vape Sprzeda\u017c hurtowa"},"content":{"rendered":"<div class=\"B2VR9 CJHX3e\">\n<div class=\"wyccme\">\n<h1 class=\"LC20lb MBeuO DKV0Md\">RandM Tornado 25000 zaci\u0105gni\u0119\u0107 Jednorazowy vape Sprzeda\u017c hurtowa<\/h1>\n<div class=\"flex-shrink-0 flex flex-col relative items-end\">\n<div class=\"pt-0\">\n<div class=\"gizmo-bot-avatar flex h-8 w-8 items-center justify-center overflow-hidden rounded-full\">\n<div class=\"relative p-1 rounded-sm flex items-center justify-center bg-token-main-surface-primary text-token-text-primary h-8 w-8\">\n<p>Ten <strong>RandM Tornado 25000 Puffs Jednorazowy waporyzator<\/strong> wyr\u00f3\u017cnia si\u0119 jako jeden z najbardziej wytrzyma\u0142ych i innowacyjnych jednorazowych waporyzator\u00f3w na rynku. Oferuj\u0105c do <strong>25 000 zaci\u0105gni\u0119\u0107<\/strong>, to urz\u0105dzenie jest idealne dla tych, kt\u00f3rzy szukaj\u0105 d\u0142u\u017cszego do\u015bwiadczenia z waporyzacj\u0105. Dost\u0119pne w 24 r\u00f3\u017cnych smakach, zaspokaja szeroki wachlarz preferencji smakowych, co czyni go najlepszym wyborem w\u015br\u00f3d popularnych marek vape. Niezale\u017cnie od tego, czy kupujesz do u\u017cytku osobistego, czy szukasz <strong>waporyzatory hurtowo<\/strong>, ten <strong>jednorazowego e-papierosa o niskiej zawarto\u015bci nikotyny<\/strong> jest idealny dla tych, kt\u00f3rzy preferuj\u0105 nisk\u0105 cen\u0119 hurtow\u0105.<\/p>\n<p>Jednym z kluczowych atut\u00f3w <strong>RandM Tornado 25000<\/strong> jest wbudowany 1,77-calowy ekran wysokiej rozdzielczo\u015bci <strong>TFT<\/strong>, kt\u00f3ry zapewnia u\u017cytkownikom informacje w czasie rzeczywistym, takie jak \u017cywotno\u015b\u0107 baterii i poziom p\u0142ynu. Ponadto, zawiera zabawne funkcje gier dla anga\u017cuj\u0105cego do\u015bwiadczenia poza waporyzacj\u0105. Ten <strong>jednorazowy waporyzator z ekranem<\/strong> oferuje niezr\u00f3wnan\u0105 wygod\u0119, pozwalaj\u0105c cieszy\u0107 si\u0119 bogatymi smakami bez k\u0142opot\u00f3w z uzupe\u0142nianiem lub konserwacj\u0105.<\/p>\n<p>Zaprojektowany z funkcj\u0105 \u0142adowania, <strong>RandM Tornado<\/strong> zapewnia, \u017ce mo\u017cesz cieszy\u0107 si\u0119 ka\u017cd\u0105 kropl\u0105 e-liquidu. Jego <strong>vapy wielokrotnego \u0142adowania<\/strong> funkcjonalno\u015b\u0107 gwarantuje pe\u0142ne wykorzystanie urz\u0105dzenia a\u017c do ostatniego zaci\u0105gni\u0119cia.<\/p>\n<p>Idealny dla kupc\u00f3w hurtowych i tych, kt\u00f3rzy chc\u0105 odkrywa\u0107 <strong>hurtowni waporyzator\u00f3w<\/strong> opcjach, <strong>RandM Tornado 25000<\/strong> \u0142\u0105czy d\u0142ugotrwa\u0142e u\u017cytkowanie, najnowocze\u015bniejsz\u0105 technologi\u0119 i bogate opcje smakowe, dzi\u0119ki czemu wyr\u00f3\u017cnia si\u0119 w \u015bwiecie <strong>jednorazowych vape online<\/strong>. Dzi\u0119ki swojej bezszwowej konstrukcji i \u0142atwemu w u\u017cyciu systemowi, to urz\u0105dzenie zapewnia optymaln\u0105 podr\u00f3\u017c waporyzacyjn\u0105 od pocz\u0105tku do ko\u0144ca.<\/p>\n<p>Produkt jest wysy\u0142any do ca\u0142ej Europy, w tym do Niemiec, Holandii, W\u0142och, Francji, Hiszpanii, Szwajcarii, Szwecji, Polski, itp., z szybk\u0105 dostaw\u0105.<\/p>\n<\/div>\n<\/div>\n<\/div>\n<\/div>\n<\/div>\n<\/div>\n<p><strong>Skontaktuj si\u0119 z Amy, aby uzyska\u0107 w\u0142a\u015bciw\u0105 odpowied\u017a i kupon na e-papierosa!<\/strong><\/p>\n<p><img loading=\"lazy\" decoding=\"async\" class=\"size-full wp-image-1978\" src=\"https:\/\/rmvapesale.com\/wp-content\/uploads\/2024\/09\/Disposable-Vape-Wholesale.jpg\" alt=\"Hurtownia Jednorazowych E-papieros\u00f3w\" width=\"229\" height=\"300\" \/><\/p>\n<h3><a href=\"https:\/\/wa.me\/8617776015835\" target=\"_blank\" rel=\"noopener\"><span style=\"color: #ff0000\"><strong>WhatsApp: +86 17776015835<\/strong><\/span><\/a><\/h3>\n<p>&nbsp;<\/p>\n<h2><\/h2>\n<h2><strong>Fumot Vape 25000 Jednorazowy<\/strong><strong>\u00a0<\/strong><strong>G\u0142\u00f3wne cechy<\/strong><\/h2>\n<p>&nbsp;<\/p>\n<p>Marka: TORNADO 25000<br \/>\nSmak: R\u00f3\u017cowa lemoniada<br \/>\nChmury: 25000<br \/>\nMoc nikotyny: 2% 5%<br \/>\nObj\u0119to\u015b\u0107 p\u0142ynu: 20 ML<br \/>\nBateria<br \/>\nPojemno\u015b\u0107 baterii: 700mAh<br \/>\nZ\u0142\u0105cze: \u0141adowanie Type-C<br \/>\nEkran wy\u015bwietlaj\u0105cy poziom oleju i baterii<\/p>\n<h2><\/h2>\n<h2><strong>Najlepszy smak dla RandM Tornado 25000<\/strong><\/h2>\n<p>Dzi\u0119ki 24 unikalnym smakom, RandM Tornado 25000 zaspokaja szeroki zakres preferencji, zapewniaj\u0105c, \u017ce ka\u017cdy u\u017cytkownik mo\u017ce znale\u017a\u0107 smak, kt\u00f3ry mu odpowiada. Urz\u0105dzenie jest wykonane z wysokiej jako\u015bci materia\u0142\u00f3w, co zapewnia trwa\u0142o\u015b\u0107 i satysfakcjonuj\u0105ce do\u015bwiadczenie waporyzacji<\/p>\n<p>1. Banana Ice<br \/>\n2. Truskawkowy Arbuz<br \/>\n3. Mi\u0119towe Miami<br \/>\n4. Bor\u00f3wka, malina<br \/>\n5. Czarny l\u00f3d<br \/>\n6. Bia\u0142y mi\u015b l\u00f3d <span style=\"color: #ff0000\"><strong>&gt;&gt;&gt;&gt; Gor\u0105ce!<\/strong><\/span><br \/>\n7. Arbuzowy l\u00f3d<br \/>\n8. Soczysta brzoskwinia l\u00f3d<br \/>\n9. R\u00f3\u017cowa Lemoniada<br \/>\n10. Truskawka Mango<br \/>\n11. Brzoskwinia Mango Arbuz<br \/>\n12. Winogrono Cytryna<br \/>\n13. Tropikalny T\u0119czowy Eksplozja<span style=\"color: #ff0000\"><strong>&gt;&gt;&gt;&gt; Gor\u0105ce!<\/strong><\/span><br \/>\n14. Wi\u015bniowa Bomba<br \/>\n15. Wi\u015bniowa Bomba Cukierkowa <span style=\"color: #ff0000\"><strong>&gt;&gt;&gt;&gt; Gor\u0105ce!<\/strong><\/span><br \/>\n16. Podw\u00f3jne Jab\u0142ko<br \/>\n17. R\u00d3\u017bOWA LEMONIADA <span style=\"color: #ff0000\"><strong>&gt;&gt;&gt;&gt; Najlepsze!<\/strong><\/span><\/p>\n<figure id=\"attachment_2464\" aria-describedby=\"caption-attachment-2464\" style=\"width: 300px\" class=\"wp-caption alignnone\"><img loading=\"lazy\" decoding=\"async\" class=\"size-medium wp-image-2464\" src=\"https:\/\/rmvapesale.com\/wp-content\/uploads\/2024\/10\/Fumot-Vape-Randm-Tornado-25000-Puffs-Wholesale-300x300.jpg\" alt=\"Fumot Vape Randm Tornado 25000 Zaci\u0105gni\u0119\u0107 Sprzeda\u017c Hurtowa\" width=\"300\" height=\"300\" srcset=\"https:\/\/rmvapesale.com\/wp-content\/uploads\/2024\/10\/Fumot-Vape-Randm-Tornado-25000-Puffs-Wholesale-300x300.jpg 300w, https:\/\/rmvapesale.com\/wp-content\/uploads\/2024\/10\/Fumot-Vape-Randm-Tornado-25000-Puffs-Wholesale-150x150.jpg 150w, https:\/\/rmvapesale.com\/wp-content\/uploads\/2024\/10\/Fumot-Vape-Randm-Tornado-25000-Puffs-Wholesale-768x768.jpg 768w, https:\/\/rmvapesale.com\/wp-content\/uploads\/2024\/10\/Fumot-Vape-Randm-Tornado-25000-Puffs-Wholesale-600x600.jpg 600w, https:\/\/rmvapesale.com\/wp-content\/uploads\/2024\/10\/Fumot-Vape-Randm-Tornado-25000-Puffs-Wholesale-100x100.jpg 100w, https:\/\/rmvapesale.com\/wp-content\/uploads\/2024\/10\/Fumot-Vape-Randm-Tornado-25000-Puffs-Wholesale.jpg 800w\" sizes=\"auto, (max-width: 300px) 100vw, 300px\" \/><figcaption id=\"caption-attachment-2464\" class=\"wp-caption-text\">Fumot Vape Randm Tornado 25000 Zaci\u0105gni\u0119\u0107 Sprzeda\u017c Hurtowa<\/figcaption><\/figure>\n<figure id=\"attachment_2463\" aria-describedby=\"caption-attachment-2463\" style=\"width: 300px\" class=\"wp-caption alignnone\"><img loading=\"lazy\" decoding=\"async\" class=\"size-medium wp-image-2463\" src=\"https:\/\/rmvapesale.com\/wp-content\/uploads\/2024\/10\/Fumot-Vape-Randm-Tornado-25000-Puffs-Disposable-300x300.jpg\" alt=\"Fumot Vape Randm Tornado 25000 Zaci\u0105gni\u0119\u0107 Jednorazowe\" width=\"300\" height=\"300\" srcset=\"https:\/\/rmvapesale.com\/wp-content\/uploads\/2024\/10\/Fumot-Vape-Randm-Tornado-25000-Puffs-Disposable-300x300.jpg 300w, https:\/\/rmvapesale.com\/wp-content\/uploads\/2024\/10\/Fumot-Vape-Randm-Tornado-25000-Puffs-Disposable-150x150.jpg 150w, https:\/\/rmvapesale.com\/wp-content\/uploads\/2024\/10\/Fumot-Vape-Randm-Tornado-25000-Puffs-Disposable-768x768.jpg 768w, https:\/\/rmvapesale.com\/wp-content\/uploads\/2024\/10\/Fumot-Vape-Randm-Tornado-25000-Puffs-Disposable-600x600.jpg 600w, https:\/\/rmvapesale.com\/wp-content\/uploads\/2024\/10\/Fumot-Vape-Randm-Tornado-25000-Puffs-Disposable-100x100.jpg 100w, https:\/\/rmvapesale.com\/wp-content\/uploads\/2024\/10\/Fumot-Vape-Randm-Tornado-25000-Puffs-Disposable.jpg 800w\" sizes=\"auto, (max-width: 300px) 100vw, 300px\" \/><figcaption id=\"caption-attachment-2463\" class=\"wp-caption-text\">Fumot Vape Randm Tornado 25000 Zaci\u0105gni\u0119\u0107 Jednorazowe<\/figcaption><\/figure>\n<h3><strong>Dlaczego wybra\u0107 Rmvapesale dla RandM 25000 Puffs<\/strong><strong>?<\/strong><\/h3>\n<div class=\"flex-shrink-0 flex flex-col relative items-end\">\n<div class=\"pt-0\">\n<div class=\"gizmo-bot-avatar flex h-8 w-8 items-center justify-center overflow-hidden rounded-full\">\n<div class=\"relative p-1 rounded-sm flex items-center justify-center bg-token-main-surface-primary text-token-text-primary h-8 w-8\">\n<p>&nbsp;<\/p>\n<p>Wybieraj\u0105c Rmvapesale do hurtowych zakup\u00f3w jednorazowych e-papieros\u00f3w, zyskujesz:<\/p>\n<ul>\n<li><strong>Konkurencyjna cena<\/strong>: Uzyskaj dost\u0119p do atrakcyjnych cen hurtowych, kt\u00f3re zwi\u0119ksz\u0105 mar\u017ce Twojej firmy.<\/li>\n<li><strong>Wysoka jako\u015b\u0107<\/strong>: Nasze e-papierosy s\u0105 wykonane zgodnie z najwy\u017cszymi standardami i <span style=\"color: #ff0000\"><strong>maj\u0105 100% gwarancji oryginalno\u015bci i autentyczno\u015bci, w przeciwnym razie otrzymasz 10-krotne odszkodowanie za podrobione towary!<\/strong><\/span><\/li>\n<li><strong>Doskona\u0142a Obs\u0142uga Klienta<\/strong>: Nasz oddany zesp\u00f3\u0142 jest zawsze gotowy, aby Ci pom\u00f3c, dzi\u0119ki czemu proces zakup\u00f3w jest p\u0142ynny i bezproblemowy.<\/li>\n<li><strong>Szybka dostawa<\/strong>: Oczekuj szybkiej i niezawodnej wysy\u0142ki, kt\u00f3ra zapewni, \u017ce Twoje zam\u00f3wienia dotr\u0105 na czas, za ka\u017cdym razem.<\/li>\n<\/ul>\n<\/div>\n<h3><\/h3>\n<div class=\"relative p-1 rounded-sm flex items-center justify-center bg-token-main-surface-primary text-token-text-primary h-8 w-8\">\n<h3><b>FAQ<\/b><\/h3>\n<p>&nbsp;<\/p>\n<ul>\n<li><strong>Jak wybra\u0107 odpowiedni jednorazowy e-papieros?<\/strong><br \/>\nWyb\u00f3r najlepszego jednorazowego e-papierosa zale\u017cy od Twoich preferencji. Je\u015bli chcesz urz\u0105dzenie o d\u0142ugiej \u017cywotno\u015bci, wybierz modele takie jak RandM Tornado 25000 Puffs, kt\u00f3re oferuj\u0105 tysi\u0105ce zaci\u0105gni\u0119\u0107. Dla entuzjast\u00f3w smaku, marki takie jak Bang vapes lub Waspe vape oferuj\u0105 szerok\u0105 gam\u0119 smak\u00f3w owocowych i deserowych. Kluczem jest priorytetyzacja tego, co jest dla Ciebie najwa\u017cniejsze: \u017cywotno\u015b\u0107 baterii, r\u00f3\u017cnorodno\u015b\u0107 smak\u00f3w czy przeno\u015bno\u015b\u0107.<\/li>\n<li><strong>Kt\u00f3ry jednorazowy e-papieros oferuje najlepszy smak?<\/strong><br \/>\nDla wyj\u0105tkowego smaku, e-papieros Fumot RandM 25000 jest czo\u0142owym pretendentem, dostarczaj\u0105c g\u0142adkie zaci\u0105gni\u0119cia z d\u0142ugotrwa\u0142ym smakiem, szczeg\u00f3lnie w opcjach owocowych Cherry Bomb Candy, Double Apple, PINK LEMONADE, itd.<\/li>\n<li><strong>Sk\u0105d wiesz, kiedy Tw\u00f3j e-papieros jest pusty?\u00a0<\/strong><br \/>\nZauwa\u017cysz, \u017ce Tw\u00f3j jednorazowy e-papieros si\u0119 ko\u0144czy, gdy smak s\u0142abnie lub produkcja pary maleje. Niekt\u00f3re nowe jednorazowe e-papierosy z ekranem, takie jak RandM Tornado 12000, RandM Tornado 25000, Waspe 30000 puffs, maj\u0105 wska\u017anik na ekranie.<\/li>\n<li><strong>Ile czasu zajmuje \u0142adowanie Randm Tornado?<\/strong><br \/>\n\u0141adowanie wi\u0119kszo\u015bci baterii do e-papieros\u00f3w trwa zwykle od 3 do 4 godzin, w zale\u017cno\u015bci od rozmiaru baterii. Najlepiej poczeka\u0107, a\u017c bateria b\u0119dzie ca\u0142kowicie wyczerpana, zanim j\u0105 ponownie na\u0142adujesz. Jednak\u017ce, poniewa\u017c ka\u017cde urz\u0105dzenie jest unikalne, zawsze sprawdzaj instrukcj\u0119 obs\u0142ugi produktu, aby uzyska\u0107 szczeg\u00f3\u0142owe wytyczne dotycz\u0105ce \u0142adowania i wska\u017anik\u00f3w, co zapewni optymaln\u0105 wydajno\u015b\u0107.<\/li>\n<\/ul>\n<\/div>\n<\/div>\n<\/div>\n<\/div>\n<div class=\"group\/conversation-turn relative flex w-full min-w-0 flex-col agent-turn\">\n<div class=\"flex-col gap-1 md:gap-3\">\n<div class=\"flex max-w-full flex-col flex-grow\">\n<div class=\"min-h-8 text-message flex w-full flex-col items-end gap-2 whitespace-normal break-words [.text-message+&amp;]:mt-5\" dir=\"auto\" data-message-author-role=\"assistant\" data-message-id=\"f226d3fc-81f3-46d5-8c46-31787fff0357\">\n<div class=\"flex w-full flex-col gap-1 empty:hidden first:pt-[3px]\">\n<div class=\"markdown prose w-full break-words dark:prose-invert light\">\n<div class=\"group\/conversation-turn relative flex w-full min-w-0 flex-col agent-turn\">\n<div class=\"flex-col gap-1 md:gap-3\">\n<div class=\"flex max-w-full flex-col flex-grow\">\n<div class=\"min-h-8 text-message flex w-full flex-col items-end gap-2 whitespace-normal break-words [.text-message+&amp;]:mt-5\" dir=\"auto\" data-message-author-role=\"assistant\" data-message-id=\"91d2b73b-9149-4888-a964-4b8464e0e6e3\" data-message-model-slug=\"gpt-4o\">\n<div class=\"flex w-full flex-col gap-1 empty:hidden first:pt-[3px]\">\n<div class=\"markdown prose w-full break-words dark:prose-invert light\">\n<p>&nbsp;<\/p>\n<\/div>\n<\/div>\n<\/div>\n<\/div>\n<\/div>\n<\/div>\n<\/div>\n<\/div>\n<\/div>\n<\/div>\n<\/div>\n<\/div>\n<h3>O wysy\u0142ce<\/h3>\n<div class=\"flex-shrink-0 flex flex-col relative items-end\">\n<div>\n<div class=\"pt-0\">\n<div class=\"gizmo-bot-avatar flex h-8 w-8 items-center justify-center overflow-hidden rounded-full\">\n<div><\/div>\n<div class=\"relative p-1 rounded-sm flex items-center justify-center bg-token-main-surface-primary text-token-text-primary h-8 w-8\"><strong>1. Jakie metody wysy\u0142ki s\u0105 stosowane?<\/strong><\/div>\n<\/div>\n<\/div>\n<\/div>\n<\/div>\n<div class=\"group\/conversation-turn relative flex w-full min-w-0 flex-col agent-turn\">\n<div class=\"flex-col gap-1 md:gap-3\">\n<div class=\"flex max-w-full flex-col flex-grow\">\n<div class=\"min-h-[20px] text-message flex w-full flex-col items-end gap-2 whitespace-normal break-words [.text-message+&amp;]:mt-5 overflow-x-auto\" dir=\"auto\" data-message-author-role=\"assistant\" data-message-id=\"22f8283b-3233-46ff-89a5-c7a41b33abda\">\n<div class=\"flex w-full flex-col gap-1 empty:hidden first:pt-[3px]\">\n<div class=\"markdown prose w-full break-words dark:prose-invert light\">\n<p>Wsp\u00f3\u0142pracujemy z UPS, DHL, FedEx, DPD i innymi wiod\u0105cymi przewo\u017anikami. Wybierzemy najlepsz\u0105 metod\u0119 wysy\u0142ki w oparciu o Twoj\u0105 lokalizacj\u0119, aby zapewni\u0107, \u017ce otrzymasz swoje produkty tak szybko, jak to mo\u017cliwe.<\/p>\n<\/div>\n<p><strong>2. Ile czasu zajmuje dostawa?<\/strong><\/p>\n<p>Paczki wysy\u0142ane do Polski zazwyczaj docieraj\u0105 w ci\u0105gu 10 dni roboczych. Wysy\u0142ka do innych kraj\u00f3w europejskich trwa zwykle oko\u0142o 12-15 dni roboczych. B\u0119dziemy dostarcza\u0107 aktualizacje w czasie rzeczywistym na temat statusu Twojej przesy\u0142ki.<\/p>\n<\/div>\n<\/div>\n<\/div>\n<\/div>\n<\/div>\n<p>&nbsp;<\/p>\n<p>Inne popularne e-papierosy, kt\u00f3re mog\u0105 Ci si\u0119 spodoba\u0107:<\/p>\n<p><a href=\"https:\/\/rmvapesale.com\/pl\/product\/randm-tornado-15000-puffs-15k-vape-recharge-fumot-original-vape-factory-price\/\"><strong>Randm Vape 15000 Zaci\u0105gni\u0119\u0107\u00a0 \u00a0<span style=\"color: #ff0000\">&gt;&gt;&gt;&gt; id\u017a!<\/span><\/strong><\/a><\/p>\n<p><strong><a href=\"https:\/\/rmvapesale.com\/pl\/product\/faivono-bang-maxi-15000-puffs-disposable-vape-bulk-wholesale\/\">AIVONO Aim Bang Maxi 15000 Zaci\u0105gni\u0119\u0107 <span style=\"color: #ff0000\">&gt;&gt;&gt;&gt; id\u017a!<\/span><\/a>\u00a0<\/strong><\/p>\n<p><a href=\"https:\/\/rmvapesale.com\/pl\/product\/original-randm-vape-digital-puff-12000-fumot-factory-price\/\"><strong>Fumot Vape 12000 zaci\u0105gni\u0119\u0107 <span style=\"color: #ff0000\">&gt;&gt;&gt;&gt; id\u017a!<\/span><\/strong><\/a><\/p>\n<p>&nbsp;<\/p>\n<p>&nbsp;<\/p>\n<p>Znajd\u017a wi\u0119cej produkt\u00f3w Vape, kt\u00f3re mog\u0105 Ci si\u0119 spodoba\u0107:<strong><em><a href=\"https:\/\/rmvapesale.com\/pl\/shop-2\/\">kup teraz &gt;&gt;&gt;<\/a><\/em><\/strong><\/p>","protected":false},"excerpt":{"rendered":"<p>Kup hurtowo jednorazowy waporyzator RandM Tornado 25000 Puffs<br \/>\nCena jednorazowego waporyzatora Fumot Vape RandM Tornado 25000 Puffs<br \/>\nFumot RandM Tornado 25000 Wape wielokrotnego \u0142adowania o niskiej zawarto\u015bci nikotyny 2%<\/p>\n<p><img loading=\"lazy\" decoding=\"async\" class=\"size-full wp-image-2375\" src=\"https:\/\/rmvapesale.com\/wp-content\/uploads\/2024\/10\/image.png\" alt=\"Najlepszy Jednorazowy E-papieros\" width=\"229\" height=\"300\" \/><\/p>\n<h3><a href=\"https:\/\/wa.me\/8617776015835\"><span style=\"color: #ff0000\"><strong>WhatsApp: +86 17776015835<\/strong><\/span><\/a><\/h3>\n<p>&nbsp;<\/p>","protected":false},"featured_media":2467,"comment_status":"open","ping_status":"closed","template":"","meta":{"_uag_custom_page_level_css":"","_lmt_disableupdate":"no","_lmt_disable":"","site-sidebar-layout":"default","site-content-layout":"content-boxed-container","ast-site-content-layout":"normal-width-container","site-content-style":"boxed","site-sidebar-style":"unboxed","ast-global-header-display":"","ast-banner-title-visibility":"","ast-main-header-display":"","ast-hfb-above-header-display":"","ast-hfb-below-header-display":"","ast-hfb-mobile-header-display":"","site-post-title":"","ast-breadcrumbs-content":"","ast-featured-img":"","footer-sml-layout":"","ast-disable-related-posts":"","theme-transparent-header-meta":"default","adv-header-id-meta":"","stick-header-meta":"","header-above-stick-meta":"","header-main-stick-meta":"","header-below-stick-meta":"","astra-migrate-meta-layouts":"set","ast-page-background-enabled":"default","ast-page-background-meta":{"desktop":{"background-color":"var(--ast-global-color-4)","background-image":"","background-repeat":"repeat","background-position":"center center","background-size":"auto","background-attachment":"scroll","background-type":"","background-media":"","overlay-type":"","overlay-color":"","overlay-opacity":"","overlay-gradient":""},"tablet":{"background-color":"","background-image":"","background-repeat":"repeat","background-position":"center center","background-size":"auto","background-attachment":"scroll","background-type":"","background-media":"","overlay-type":"","overlay-color":"","overlay-opacity":"","overlay-gradient":""},"mobile":{"background-color":"","background-image":"","background-repeat":"repeat","background-position":"center center","background-size":"auto","background-attachment":"scroll","background-type":"","background-media":"","overlay-type":"","overlay-color":"","overlay-opacity":"","overlay-gradient":""}},"ast-content-background-meta":{"desktop":{"background-color":"var(--ast-global-color-5)","background-image":"","background-repeat":"repeat","background-position":"center center","background-size":"auto","background-attachment":"scroll","background-type":"","background-media":"","overlay-type":"","overlay-color":"","overlay-opacity":"","overlay-gradient":""},"tablet":{"background-color":"var(--ast-global-color-5)","background-image":"","background-repeat":"repeat","background-position":"center center","background-size":"auto","background-attachment":"scroll","background-type":"","background-media":"","overlay-type":"","overlay-color":"","overlay-opacity":"","overlay-gradient":""},"mobile":{"background-color":"var(--ast-global-color-5)","background-image":"","background-repeat":"repeat","background-position":"center center","background-size":"auto","background-attachment":"scroll","background-type":"","background-media":"","overlay-type":"","overlay-color":"","overlay-opacity":"","overlay-gradient":""}},"_joinchat":[]},"product_brand":[],"product_cat":[15,27,51,25,123,30,26,28,31,137,135],"product_tag":[146,155,167,168,165,166,120],"class_list":{"0":"post-2471","1":"product","2":"type-product","3":"status-publish","4":"has-post-thumbnail","6":"product_cat-new-vape-this-week","7":"product_cat-fance-hot-sale-vape","8":"product_cat-fumot-vape","9":"product_cat-germany-best-selling-vape","10":"product_cat-italy-wholesale-vape","11":"product_cat-minimum-order-quantity-50pcs","12":"product_cat-netherlands-hot-sale-vape","13":"product_cat-poland-hot-sale-vape","14":"product_cat-randm-fumot-vape","15":"product_cat-rechargeable-vapes","16":"product_cat-spain-best-hot-sale-vape","17":"product_tag-best-hot-sale-vape","18":"product_tag-digital-display-box","19":"product_tag-disposable-vape-with-screen","20":"product_tag-randm-tornado-25000","21":"product_tag-rechargeable-vapes","22":"product_tag-tornado-vape","23":"product_tag-vape-wholesale","24":"desktop-align-left","25":"tablet-align-left","26":"mobile-align-left","28":"first","29":"instock","30":"sale","31":"shipping-taxable","32":"purchasable","33":"product-type-simple"},"uagb_featured_image_src":{"full":["https:\/\/rmvapesale.com\/wp-content\/uploads\/2024\/10\/Randm-Tornado-Vape-25000-Puffs-Disposable.jpg",800,800,false],"thumbnail":["https:\/\/rmvapesale.com\/wp-content\/uploads\/2024\/10\/Randm-Tornado-Vape-25000-Puffs-Disposable-150x150.jpg",150,150,true],"medium":["https:\/\/rmvapesale.com\/wp-content\/uploads\/2024\/10\/Randm-Tornado-Vape-25000-Puffs-Disposable-300x300.jpg",300,300,true],"medium_large":["https:\/\/rmvapesale.com\/wp-content\/uploads\/2024\/10\/Randm-Tornado-Vape-25000-Puffs-Disposable-768x768.jpg",768,768,true],"large":["https:\/\/rmvapesale.com\/wp-content\/uploads\/2024\/10\/Randm-Tornado-Vape-25000-Puffs-Disposable.jpg",800,800,false],"1536x1536":["https:\/\/rmvapesale.com\/wp-content\/uploads\/2024\/10\/Randm-Tornado-Vape-25000-Puffs-Disposable.jpg",800,800,false],"2048x2048":["https:\/\/rmvapesale.com\/wp-content\/uploads\/2024\/10\/Randm-Tornado-Vape-25000-Puffs-Disposable.jpg",800,800,false],"trp-custom-language-flag":["https:\/\/rmvapesale.com\/wp-content\/uploads\/2024\/10\/Randm-Tornado-Vape-25000-Puffs-Disposable.jpg",12,12,false],"woocommerce_thumbnail":["https:\/\/rmvapesale.com\/wp-content\/uploads\/2024\/10\/Randm-Tornado-Vape-25000-Puffs-Disposable-300x300.jpg",300,300,true],"woocommerce_single":["https:\/\/rmvapesale.com\/wp-content\/uploads\/2024\/10\/Randm-Tornado-Vape-25000-Puffs-Disposable-600x600.jpg",600,600,true],"woocommerce_gallery_thumbnail":["https:\/\/rmvapesale.com\/wp-content\/uploads\/2024\/10\/Randm-Tornado-Vape-25000-Puffs-Disposable-100x100.jpg",100,100,true],"wcpr-photo-reviews":["https:\/\/rmvapesale.com\/wp-content\/uploads\/2024\/10\/Randm-Tornado-Vape-25000-Puffs-Disposable.jpg",500,500,false]},"uagb_author_info":{"display_name":"AMY","author_link":"https:\/\/rmvapesale.com\/pl\/author\/"},"uagb_comment_info":0,"uagb_excerpt":"Buy RandM Tornado 25000 Puffs Disposable Vape Wholesale in bulk Fumot Vape RandM Tornado 25000 Puffs Disposable Price Fumot RandM Tornado 25000 Rechargeable Vapes Low Nicotine 2% WhatsApp: +86 17776015835 &nbsp;","_links":{"self":[{"href":"https:\/\/rmvapesale.com\/pl\/wp-json\/wp\/v2\/product\/2471","targetHints":{"allow":["GET"]}}],"collection":[{"href":"https:\/\/rmvapesale.com\/pl\/wp-json\/wp\/v2\/product"}],"about":[{"href":"https:\/\/rmvapesale.com\/pl\/wp-json\/wp\/v2\/types\/product"}],"replies":[{"embeddable":true,"href":"https:\/\/rmvapesale.com\/pl\/wp-json\/wp\/v2\/comments?post=2471"}],"wp:featuredmedia":[{"embeddable":true,"href":"https:\/\/rmvapesale.com\/pl\/wp-json\/wp\/v2\/media\/2467"}],"wp:attachment":[{"href":"https:\/\/rmvapesale.com\/pl\/wp-json\/wp\/v2\/media?parent=2471"}],"wp:term":[{"taxonomy":"product_brand","embeddable":true,"href":"https:\/\/rmvapesale.com\/pl\/wp-json\/wp\/v2\/product_brand?post=2471"},{"taxonomy":"product_cat","embeddable":true,"href":"https:\/\/rmvapesale.com\/pl\/wp-json\/wp\/v2\/product_cat?post=2471"},{"taxonomy":"product_tag","embeddable":true,"href":"https:\/\/rmvapesale.com\/pl\/wp-json\/wp\/v2\/product_tag?post=2471"}],"curies":[{"name":"wp","href":"https:\/\/api.w.org\/{rel}","templated":true}]}}